
{"id":1889,"date":"2026-02-27T01:45:10","date_gmt":"2026-02-27T01:45:10","guid":{"rendered":"https:\/\/easyliferobo.com\/de\/product\/ageless-innovation-joy-for-all-interaktive-haustierkatze-lebensechtes-realistisches-haustier-mit-weichem-fell-und-beruhigendem-schnurren-kein-zusammenbau-schwarz-und-weiss\/"},"modified":"2026-02-27T01:45:20","modified_gmt":"2026-02-27T01:45:20","slug":"ageless-innovation-joy-for-all-interaktive-haustierkatze-lebensechtes-realistisches-haustier-mit-weichem-fell-und-beruhigendem-schnurren-kein-zusammenbau-schwarz-und-weiss","status":"publish","type":"product","link":"https:\/\/easyliferobo.com\/de\/product\/ageless-innovation-joy-for-all-interaktive-haustierkatze-lebensechtes-realistisches-haustier-mit-weichem-fell-und-beruhigendem-schnurren-kein-zusammenbau-schwarz-und-weiss\/","title":{"rendered":"Ageless Innovation Joy For All Inte..."},"content":{"rendered":"<p>\n                                             Vom Hersteller   <\/p>\n<p>                                                                             <img decoding=\"async\" alt=\"M1\" src=\"https:\/\/images-na.ssl-images-amazon.com\/images\/G\/01\/x-locale\/common\/grey-pixel.gif\" class=\"a-spacing-base a-lazy-loaded\" data-src=\"https:\/\/m.media-amazon.com\/images\/S\/aplus-media-library-service-media\/feea1879-02a2-4f5b-ae96-42eb696a7fc4.__CR0,0,970,600_PT0_SX970_V1___.jpg\"><img decoding=\"async\" alt=\"M1\" src=\"https:\/\/m.media-amazon.com\/images\/S\/aplus-media-library-service-media\/feea1879-02a2-4f5b-ae96-42eb696a7fc4.__CR0,0,970,600_PT0_SX970_V1___.jpg\">                                                                    <\/p>\n<p>                                                                             <img decoding=\"async\" alt=\"M2\" src=\"https:\/\/images-na.ssl-images-amazon.com\/images\/G\/01\/x-locale\/common\/grey-pixel.gif\" class=\"a-spacing-base a-lazy-loaded\" data-src=\"https:\/\/m.media-amazon.com\/images\/S\/aplus-media-library-service-media\/a93addaa-1366-4952-8621-3873a9182fda.__CR0,0,970,600_PT0_SX970_V1___.jpg\"><img decoding=\"async\" alt=\"M2\" src=\"https:\/\/m.media-amazon.com\/images\/S\/aplus-media-library-service-media\/a93addaa-1366-4952-8621-3873a9182fda.__CR0,0,970,600_PT0_SX970_V1___.jpg\">                                                                    <\/p>\n<p>                                                                             <img decoding=\"async\" alt=\"M3\" src=\"https:\/\/images-na.ssl-images-amazon.com\/images\/G\/01\/x-locale\/common\/grey-pixel.gif\" class=\"a-spacing-base a-lazy-loaded\" data-src=\"https:\/\/m.media-amazon.com\/images\/S\/aplus-media-library-service-media\/b7353ed6-0e45-49b5-a861-1579d32dd518.__CR0,0,970,600_PT0_SX970_V1___.jpg\"><img decoding=\"async\" alt=\"M3\" src=\"https:\/\/m.media-amazon.com\/images\/S\/aplus-media-library-service-media\/b7353ed6-0e45-49b5-a861-1579d32dd518.__CR0,0,970,600_PT0_SX970_V1___.jpg\">                                                                    <\/p>\n<p>                                                  <img decoding=\"async\" alt=\"M4\" src=\"https:\/\/images-na.ssl-images-amazon.com\/images\/G\/01\/x-locale\/common\/grey-pixel.gif\" class=\"a-lazy-loaded\" data-src=\"https:\/\/m.media-amazon.com\/images\/S\/aplus-media-library-service-media\/cce9094b-a463-4c9a-958c-0a3728ff5465.__CR0,1,970,300_PT0_SX970_V1___.jpg\"><img decoding=\"async\" alt=\"M4\" src=\"https:\/\/m.media-amazon.com\/images\/S\/aplus-media-library-service-media\/cce9094b-a463-4c9a-958c-0a3728ff5465.__CR0,1,970,300_PT0_SX970_V1___.jpg\">  <\/p>\n<p>                                                                             <img decoding=\"async\" alt=\"M5\" src=\"https:\/\/images-na.ssl-images-amazon.com\/images\/G\/01\/x-locale\/common\/grey-pixel.gif\" class=\"a-spacing-base a-lazy-loaded\" data-src=\"https:\/\/m.media-amazon.com\/images\/S\/aplus-media-library-service-media\/1aa399f5-cff5-4a99-b7d2-91ab0ff80ae3.__CR0,0,970,600_PT0_SX970_V1___.jpg\"><img decoding=\"async\" alt=\"M5\" src=\"https:\/\/m.media-amazon.com\/images\/S\/aplus-media-library-service-media\/1aa399f5-cff5-4a99-b7d2-91ab0ff80ae3.__CR0,0,970,600_PT0_SX970_V1___.jpg\">                                                                    <\/p>\n<p>Wie eine echte Katze: Sie schnurrt dank der revolution\u00e4ren Vibrapurr-Technologie, kann Augen und Mund \u00f6ffnen und schlie\u00dfen, ihre Pfote heben sowie Kopf und K\u00f6rper bewegen. Das weiche Kunstfell l\u00e4sst sich sogar b\u00fcrsten.<br \/>Mithilfe der eingebauten Sensoren reagiert Ihre Companion Pet-Katze auf Bewegungen und Ber\u00fchrungen wie Streicheln und Umarmen fast wie die echten Katzen, die Sie kennen und lieben, ben\u00f6tigt aber weder Pflege noch Futter.<br \/>Komfort, Gesellschaft und Spa\u00df f\u00fcr Senioren. Pflegeleicht und mit modernster Technologie ausgestattet, um das bestm\u00f6gliche interaktive Erlebnis zu bieten.<br \/>Die preisgekr\u00f6nten Haustiere \u201eJoy for All Companion Pets\u201c wurden 2016 und 2017 von Today&#8217;s Caregiver mit dem Caregiver Friendly Award ausgezeichnet und in der New York Times, im People Magazine und in Baltimore Sun sowie bei CBS, The Doctors und BBC Radio vorgestellt.<br \/>Ageless Innovation entwickelt Produkte f\u00fcr Senioren. Alles begann bei Hasbro mit den Joy for All Companion Pets. Ageless Innovation-Produkte regen Spa\u00df und Spiel an und bringen Senioren, Familien und Betreuer zusammen.<\/p>\n<p>[ad_2]<\/p>\n","protected":false},"excerpt":{"rendered":"<p>Vom Hersteller Wie eine echte Katze: Sie schnurrt dank der revolution\u00e4ren Vibrapurr-Technologie, kann Augen und Mund \u00f6ffnen und schlie\u00dfen, ihre Pfote heben sowie Kopf und K\u00f6rper bewegen. Das weiche Kunstfell l\u00e4sst sich sogar b\u00fcrsten.Mithilfe der eingebauten Sensoren reagiert Ihre Companion Pet-Katze auf Bewegungen und Ber\u00fchrungen wie Streicheln und Umarmen fast wie die echten Katzen, die [&hellip;]<\/p>\n","protected":false},"featured_media":1890,"comment_status":"open","ping_status":"closed","template":"","meta":{"_aipt_faq_data":""},"store":[],"product_brand":[],"product_cat":[109],"product_tag":[357],"class_list":{"0":"post-1889","1":"product","2":"type-product","3":"status-publish","4":"has-post-thumbnail","6":"product_cat-therapieroboter","7":"product_tag-therapieroboter-fuer-senioren","9":"first","10":"instock","11":"shipping-taxable","12":"product-type-external"},"yoast_head":"<!-- This site is optimized with the Yoast SEO plugin v27.0 - https:\/\/yoast.com\/product\/yoast-seo-wordpress\/ -->\n<title>Ageless Innovation Joy For All Interaktive Haustierkatze \u2013 Lebensechtes, realistisches Haustier mit weichem Fell und beruhigendem Schnurren, kein Zusammenbau \u2013 Schwarz und Wei\u00df - EasyLifeBro<\/title>\n<meta name=\"description\" content=\"Entdecken Sie smarte Roboter f\u00fcr Zuhause, Garten, Bildung und Sicherheit. Vergleichen Sie Saugroboter, Rasenm\u00e4hroboter, KI-Begleitroboter und mehr bei EasyLifeRobo.\" \/>\n<meta name=\"robots\" content=\"index, follow, max-snippet:-1, max-image-preview:large, max-video-preview:-1\" \/>\n<link rel=\"canonical\" href=\"https:\/\/easyliferobo.com\/de\/product\/ageless-innovation-joy-for-all-interaktive-haustierkatze-lebensechtes-realistisches-haustier-mit-weichem-fell-und-beruhigendem-schnurren-kein-zusammenbau-schwarz-und-weiss\/\" \/>\n<meta property=\"og:locale\" content=\"de_DE\" \/>\n<meta property=\"og:type\" content=\"article\" \/>\n<meta property=\"og:title\" content=\"Ageless Innovation Joy For All Interaktive Haustierkatze \u2013 Lebensechtes, realistisches Haustier mit weichem Fell und beruhigendem Schnurren, kein Zusammenbau \u2013 Schwarz und Wei\u00df - EasyLifeBro\" \/>\n<meta property=\"og:description\" content=\"Entdecken Sie smarte Roboter f\u00fcr Zuhause, Garten, Bildung und Sicherheit. Vergleichen Sie Saugroboter, Rasenm\u00e4hroboter, KI-Begleitroboter und mehr bei EasyLifeRobo.\" \/>\n<meta property=\"og:url\" content=\"https:\/\/easyliferobo.com\/de\/product\/ageless-innovation-joy-for-all-interaktive-haustierkatze-lebensechtes-realistisches-haustier-mit-weichem-fell-und-beruhigendem-schnurren-kein-zusammenbau-schwarz-und-weiss\/\" \/>\n<meta property=\"og:site_name\" content=\"EasyLifeBro\" \/>\n<meta property=\"article:modified_time\" content=\"2026-02-27T01:45:20+00:00\" \/>\n<meta property=\"og:image\" content=\"https:\/\/images-na.ssl-images-amazon.com\/images\/G\/01\/x-locale\/common\/grey-pixel.gif\" \/>\n<meta name=\"twitter:card\" content=\"summary_large_image\" \/>\n<meta name=\"twitter:label1\" content=\"Gesch\u00e4tzte Lesezeit\" \/>\n\t<meta name=\"twitter:data1\" content=\"1\u00a0Minute\" \/>\n<script type=\"application\/ld+json\" class=\"yoast-schema-graph\">{\"@context\":\"https:\/\/schema.org\",\"@graph\":[{\"@type\":\"WebPage\",\"@id\":\"https:\/\/easyliferobo.com\/de\/product\/ageless-innovation-joy-for-all-interaktive-haustierkatze-lebensechtes-realistisches-haustier-mit-weichem-fell-und-beruhigendem-schnurren-kein-zusammenbau-schwarz-und-weiss\/\",\"url\":\"https:\/\/easyliferobo.com\/de\/product\/ageless-innovation-joy-for-all-interaktive-haustierkatze-lebensechtes-realistisches-haustier-mit-weichem-fell-und-beruhigendem-schnurren-kein-zusammenbau-schwarz-und-weiss\/\",\"name\":\"Ageless Innovation Joy For All Interaktive Haustierkatze \u2013 Lebensechtes, realistisches Haustier mit weichem Fell und beruhigendem Schnurren, kein Zusammenbau \u2013 Schwarz und Wei\u00df - EasyLifeBro\",\"isPartOf\":{\"@id\":\"https:\/\/easyliferobo.com\/de\/#website\"},\"primaryImageOfPage\":{\"@id\":\"https:\/\/easyliferobo.com\/de\/product\/ageless-innovation-joy-for-all-interaktive-haustierkatze-lebensechtes-realistisches-haustier-mit-weichem-fell-und-beruhigendem-schnurren-kein-zusammenbau-schwarz-und-weiss\/#primaryimage\"},\"image\":{\"@id\":\"https:\/\/easyliferobo.com\/de\/product\/ageless-innovation-joy-for-all-interaktive-haustierkatze-lebensechtes-realistisches-haustier-mit-weichem-fell-und-beruhigendem-schnurren-kein-zusammenbau-schwarz-und-weiss\/#primaryimage\"},\"thumbnailUrl\":\"https:\/\/easyliferobo.com\/de\/wp-content\/uploads\/2026\/02\/7106-g9I2FL._AC_SL1500_.jpg\",\"datePublished\":\"2026-02-27T01:45:10+00:00\",\"dateModified\":\"2026-02-27T01:45:20+00:00\",\"description\":\"Entdecken Sie smarte Roboter f\u00fcr Zuhause, Garten, Bildung und Sicherheit. Vergleichen Sie Saugroboter, Rasenm\u00e4hroboter, KI-Begleitroboter und mehr bei EasyLifeRobo.\",\"breadcrumb\":{\"@id\":\"https:\/\/easyliferobo.com\/de\/product\/ageless-innovation-joy-for-all-interaktive-haustierkatze-lebensechtes-realistisches-haustier-mit-weichem-fell-und-beruhigendem-schnurren-kein-zusammenbau-schwarz-und-weiss\/#breadcrumb\"},\"inLanguage\":\"de\",\"potentialAction\":[{\"@type\":\"ReadAction\",\"target\":[\"https:\/\/easyliferobo.com\/de\/product\/ageless-innovation-joy-for-all-interaktive-haustierkatze-lebensechtes-realistisches-haustier-mit-weichem-fell-und-beruhigendem-schnurren-kein-zusammenbau-schwarz-und-weiss\/\"]}]},{\"@type\":\"ImageObject\",\"inLanguage\":\"de\",\"@id\":\"https:\/\/easyliferobo.com\/de\/product\/ageless-innovation-joy-for-all-interaktive-haustierkatze-lebensechtes-realistisches-haustier-mit-weichem-fell-und-beruhigendem-schnurren-kein-zusammenbau-schwarz-und-weiss\/#primaryimage\",\"url\":\"https:\/\/easyliferobo.com\/de\/wp-content\/uploads\/2026\/02\/7106-g9I2FL._AC_SL1500_.jpg\",\"contentUrl\":\"https:\/\/easyliferobo.com\/de\/wp-content\/uploads\/2026\/02\/7106-g9I2FL._AC_SL1500_.jpg\",\"width\":1500,\"height\":751},{\"@type\":\"BreadcrumbList\",\"@id\":\"https:\/\/easyliferobo.com\/de\/product\/ageless-innovation-joy-for-all-interaktive-haustierkatze-lebensechtes-realistisches-haustier-mit-weichem-fell-und-beruhigendem-schnurren-kein-zusammenbau-schwarz-und-weiss\/#breadcrumb\",\"itemListElement\":[{\"@type\":\"ListItem\",\"position\":1,\"name\":\"Home\",\"item\":\"https:\/\/easyliferobo.com\/de\/\"},{\"@type\":\"ListItem\",\"position\":2,\"name\":\"Shop\",\"item\":\"https:\/\/easyliferobo.com\/de\/shop\/\"},{\"@type\":\"ListItem\",\"position\":3,\"name\":\"Ageless Innovation Joy For All Inte...\"}]},{\"@type\":\"WebSite\",\"@id\":\"https:\/\/easyliferobo.com\/de\/#website\",\"url\":\"https:\/\/easyliferobo.com\/de\/\",\"name\":\"EasyLifeBro\",\"description\":\"Smarte Roboter f\u00fcr Zuhause, Garten &amp; Bildung\",\"publisher\":{\"@id\":\"https:\/\/easyliferobo.com\/de\/#organization\"},\"potentialAction\":[{\"@type\":\"SearchAction\",\"target\":{\"@type\":\"EntryPoint\",\"urlTemplate\":\"https:\/\/easyliferobo.com\/de\/?s={search_term_string}\"},\"query-input\":{\"@type\":\"PropertyValueSpecification\",\"valueRequired\":true,\"valueName\":\"search_term_string\"}}],\"inLanguage\":\"de\"},{\"@type\":\"Organization\",\"@id\":\"https:\/\/easyliferobo.com\/de\/#organization\",\"name\":\"EasyLifeBro\",\"url\":\"https:\/\/easyliferobo.com\/de\/\",\"logo\":{\"@type\":\"ImageObject\",\"inLanguage\":\"de\",\"@id\":\"https:\/\/easyliferobo.com\/de\/#\/schema\/logo\/image\/\",\"url\":\"https:\/\/easyliferobo.com\/de\/wp-content\/uploads\/2026\/02\/Screenshot-2026-02-22-at-2.25.03-PM.png\",\"contentUrl\":\"https:\/\/easyliferobo.com\/de\/wp-content\/uploads\/2026\/02\/Screenshot-2026-02-22-at-2.25.03-PM.png\",\"width\":1858,\"height\":430,\"caption\":\"EasyLifeBro\"},\"image\":{\"@id\":\"https:\/\/easyliferobo.com\/de\/#\/schema\/logo\/image\/\"}}]}<\/script>\n<!-- \/ Yoast SEO plugin. -->","yoast_head_json":{"title":"Ageless Innovation Joy For All Interaktive Haustierkatze \u2013 Lebensechtes, realistisches Haustier mit weichem Fell und beruhigendem Schnurren, kein Zusammenbau \u2013 Schwarz und Wei\u00df - EasyLifeBro","description":"Entdecken Sie smarte Roboter f\u00fcr Zuhause, Garten, Bildung und Sicherheit. Vergleichen Sie Saugroboter, Rasenm\u00e4hroboter, KI-Begleitroboter und mehr bei EasyLifeRobo.","robots":{"index":"index","follow":"follow","max-snippet":"max-snippet:-1","max-image-preview":"max-image-preview:large","max-video-preview":"max-video-preview:-1"},"canonical":"https:\/\/easyliferobo.com\/de\/product\/ageless-innovation-joy-for-all-interaktive-haustierkatze-lebensechtes-realistisches-haustier-mit-weichem-fell-und-beruhigendem-schnurren-kein-zusammenbau-schwarz-und-weiss\/","og_locale":"de_DE","og_type":"article","og_title":"Ageless Innovation Joy For All Interaktive Haustierkatze \u2013 Lebensechtes, realistisches Haustier mit weichem Fell und beruhigendem Schnurren, kein Zusammenbau \u2013 Schwarz und Wei\u00df - EasyLifeBro","og_description":"Entdecken Sie smarte Roboter f\u00fcr Zuhause, Garten, Bildung und Sicherheit. Vergleichen Sie Saugroboter, Rasenm\u00e4hroboter, KI-Begleitroboter und mehr bei EasyLifeRobo.","og_url":"https:\/\/easyliferobo.com\/de\/product\/ageless-innovation-joy-for-all-interaktive-haustierkatze-lebensechtes-realistisches-haustier-mit-weichem-fell-und-beruhigendem-schnurren-kein-zusammenbau-schwarz-und-weiss\/","og_site_name":"EasyLifeBro","article_modified_time":"2026-02-27T01:45:20+00:00","og_image":[{"url":"https:\/\/images-na.ssl-images-amazon.com\/images\/G\/01\/x-locale\/common\/grey-pixel.gif","type":"","width":"","height":""}],"twitter_card":"summary_large_image","twitter_misc":{"Gesch\u00e4tzte Lesezeit":"1\u00a0Minute"},"schema":{"@context":"https:\/\/schema.org","@graph":[{"@type":"WebPage","@id":"https:\/\/easyliferobo.com\/de\/product\/ageless-innovation-joy-for-all-interaktive-haustierkatze-lebensechtes-realistisches-haustier-mit-weichem-fell-und-beruhigendem-schnurren-kein-zusammenbau-schwarz-und-weiss\/","url":"https:\/\/easyliferobo.com\/de\/product\/ageless-innovation-joy-for-all-interaktive-haustierkatze-lebensechtes-realistisches-haustier-mit-weichem-fell-und-beruhigendem-schnurren-kein-zusammenbau-schwarz-und-weiss\/","name":"Ageless Innovation Joy For All Interaktive Haustierkatze \u2013 Lebensechtes, realistisches Haustier mit weichem Fell und beruhigendem Schnurren, kein Zusammenbau \u2013 Schwarz und Wei\u00df - EasyLifeBro","isPartOf":{"@id":"https:\/\/easyliferobo.com\/de\/#website"},"primaryImageOfPage":{"@id":"https:\/\/easyliferobo.com\/de\/product\/ageless-innovation-joy-for-all-interaktive-haustierkatze-lebensechtes-realistisches-haustier-mit-weichem-fell-und-beruhigendem-schnurren-kein-zusammenbau-schwarz-und-weiss\/#primaryimage"},"image":{"@id":"https:\/\/easyliferobo.com\/de\/product\/ageless-innovation-joy-for-all-interaktive-haustierkatze-lebensechtes-realistisches-haustier-mit-weichem-fell-und-beruhigendem-schnurren-kein-zusammenbau-schwarz-und-weiss\/#primaryimage"},"thumbnailUrl":"https:\/\/easyliferobo.com\/de\/wp-content\/uploads\/2026\/02\/7106-g9I2FL._AC_SL1500_.jpg","datePublished":"2026-02-27T01:45:10+00:00","dateModified":"2026-02-27T01:45:20+00:00","description":"Entdecken Sie smarte Roboter f\u00fcr Zuhause, Garten, Bildung und Sicherheit. Vergleichen Sie Saugroboter, Rasenm\u00e4hroboter, KI-Begleitroboter und mehr bei EasyLifeRobo.","breadcrumb":{"@id":"https:\/\/easyliferobo.com\/de\/product\/ageless-innovation-joy-for-all-interaktive-haustierkatze-lebensechtes-realistisches-haustier-mit-weichem-fell-und-beruhigendem-schnurren-kein-zusammenbau-schwarz-und-weiss\/#breadcrumb"},"inLanguage":"de","potentialAction":[{"@type":"ReadAction","target":["https:\/\/easyliferobo.com\/de\/product\/ageless-innovation-joy-for-all-interaktive-haustierkatze-lebensechtes-realistisches-haustier-mit-weichem-fell-und-beruhigendem-schnurren-kein-zusammenbau-schwarz-und-weiss\/"]}]},{"@type":"ImageObject","inLanguage":"de","@id":"https:\/\/easyliferobo.com\/de\/product\/ageless-innovation-joy-for-all-interaktive-haustierkatze-lebensechtes-realistisches-haustier-mit-weichem-fell-und-beruhigendem-schnurren-kein-zusammenbau-schwarz-und-weiss\/#primaryimage","url":"https:\/\/easyliferobo.com\/de\/wp-content\/uploads\/2026\/02\/7106-g9I2FL._AC_SL1500_.jpg","contentUrl":"https:\/\/easyliferobo.com\/de\/wp-content\/uploads\/2026\/02\/7106-g9I2FL._AC_SL1500_.jpg","width":1500,"height":751},{"@type":"BreadcrumbList","@id":"https:\/\/easyliferobo.com\/de\/product\/ageless-innovation-joy-for-all-interaktive-haustierkatze-lebensechtes-realistisches-haustier-mit-weichem-fell-und-beruhigendem-schnurren-kein-zusammenbau-schwarz-und-weiss\/#breadcrumb","itemListElement":[{"@type":"ListItem","position":1,"name":"Home","item":"https:\/\/easyliferobo.com\/de\/"},{"@type":"ListItem","position":2,"name":"Shop","item":"https:\/\/easyliferobo.com\/de\/shop\/"},{"@type":"ListItem","position":3,"name":"Ageless Innovation Joy For All Inte..."}]},{"@type":"WebSite","@id":"https:\/\/easyliferobo.com\/de\/#website","url":"https:\/\/easyliferobo.com\/de\/","name":"EasyLifeBro","description":"Smarte Roboter f\u00fcr Zuhause, Garten &amp; Bildung","publisher":{"@id":"https:\/\/easyliferobo.com\/de\/#organization"},"potentialAction":[{"@type":"SearchAction","target":{"@type":"EntryPoint","urlTemplate":"https:\/\/easyliferobo.com\/de\/?s={search_term_string}"},"query-input":{"@type":"PropertyValueSpecification","valueRequired":true,"valueName":"search_term_string"}}],"inLanguage":"de"},{"@type":"Organization","@id":"https:\/\/easyliferobo.com\/de\/#organization","name":"EasyLifeBro","url":"https:\/\/easyliferobo.com\/de\/","logo":{"@type":"ImageObject","inLanguage":"de","@id":"https:\/\/easyliferobo.com\/de\/#\/schema\/logo\/image\/","url":"https:\/\/easyliferobo.com\/de\/wp-content\/uploads\/2026\/02\/Screenshot-2026-02-22-at-2.25.03-PM.png","contentUrl":"https:\/\/easyliferobo.com\/de\/wp-content\/uploads\/2026\/02\/Screenshot-2026-02-22-at-2.25.03-PM.png","width":1858,"height":430,"caption":"EasyLifeBro"},"image":{"@id":"https:\/\/easyliferobo.com\/de\/#\/schema\/logo\/image\/"}}]}},"_links":{"self":[{"href":"https:\/\/easyliferobo.com\/de\/wp-json\/wp\/v2\/product\/1889","targetHints":{"allow":["GET"]}}],"collection":[{"href":"https:\/\/easyliferobo.com\/de\/wp-json\/wp\/v2\/product"}],"about":[{"href":"https:\/\/easyliferobo.com\/de\/wp-json\/wp\/v2\/types\/product"}],"replies":[{"embeddable":true,"href":"https:\/\/easyliferobo.com\/de\/wp-json\/wp\/v2\/comments?post=1889"}],"wp:featuredmedia":[{"embeddable":true,"href":"https:\/\/easyliferobo.com\/de\/wp-json\/wp\/v2\/media\/1890"}],"wp:attachment":[{"href":"https:\/\/easyliferobo.com\/de\/wp-json\/wp\/v2\/media?parent=1889"}],"wp:term":[{"taxonomy":"store","embeddable":true,"href":"https:\/\/easyliferobo.com\/de\/wp-json\/wp\/v2\/store?post=1889"},{"taxonomy":"product_brand","embeddable":true,"href":"https:\/\/easyliferobo.com\/de\/wp-json\/wp\/v2\/product_brand?post=1889"},{"taxonomy":"product_cat","embeddable":true,"href":"https:\/\/easyliferobo.com\/de\/wp-json\/wp\/v2\/product_cat?post=1889"},{"taxonomy":"product_tag","embeddable":true,"href":"https:\/\/easyliferobo.com\/de\/wp-json\/wp\/v2\/product_tag?post=1889"}],"curies":[{"name":"wp","href":"https:\/\/api.w.org\/{rel}","templated":true}]}}