
{"id":1882,"date":"2026-02-27T01:43:21","date_gmt":"2026-02-27T01:43:21","guid":{"rendered":"https:\/\/easyliferobo.com\/de\/product\/braceup-rueckenbandage-in-uebergroesse-fuer-damen-und-herren-3xl-bis-5xl-extra-grosse-unterstuetzung-fuer-den-unteren-ruecken-mit-riemen-und-kompression-bauchbandage-in-uebergroesse-5xl\/"},"modified":"2026-02-27T01:43:35","modified_gmt":"2026-02-27T01:43:35","slug":"braceup-rueckenbandage-in-uebergroesse-fuer-damen-und-herren-3xl-bis-5xl-extra-grosse-unterstuetzung-fuer-den-unteren-ruecken-mit-riemen-und-kompression-bauchbandage-in-uebergroesse-5xl","status":"publish","type":"product","link":"https:\/\/easyliferobo.com\/de\/product\/braceup-rueckenbandage-in-uebergroesse-fuer-damen-und-herren-3xl-bis-5xl-extra-grosse-unterstuetzung-fuer-den-unteren-ruecken-mit-riemen-und-kompression-bauchbandage-in-uebergroesse-5xl\/","title":{"rendered":"BraceUP R\u00fcckenbandage in \u00dcbergr\u00f6..."},"content":{"rendered":"<p>\n                                             Produktbeschreibung   <\/p>\n<p class=\"apm-text-center\">\n                                                      <img decoding=\"async\" alt=\"B671-Detail\" src=\"https:\/\/images-na.ssl-images-amazon.com\/images\/G\/01\/x-locale\/common\/grey-pixel.gif\" class=\"a-lazy-loaded\" data-src=\"https:\/\/m.media-amazon.com\/images\/S\/aplus-media-library-service-media\/eb0af5dc-189e-4c5a-8a14-0c6a71549cd9.__CR504,0,2000,2000_PT0_SX220_V1___.jpg\"><img decoding=\"async\" alt=\"B671-Detail\" src=\"https:\/\/m.media-amazon.com\/images\/S\/aplus-media-library-service-media\/eb0af5dc-189e-4c5a-8a14-0c6a71549cd9.__CR504,0,2000,2000_PT0_SX220_V1___.jpg\">  <\/p>\n<p>                                                    Atmungsaktives Material                                    <\/p>\n<p class=\"apm-text-center\">\n                                                      <img decoding=\"async\" alt=\"B671-Detail\" src=\"https:\/\/images-na.ssl-images-amazon.com\/images\/G\/01\/x-locale\/common\/grey-pixel.gif\" class=\"a-lazy-loaded\" data-src=\"https:\/\/m.media-amazon.com\/images\/S\/aplus-media-library-service-media\/87137517-4ec0-4bcf-ab3a-190c344b45d1.__CR504,0,2000,2000_PT0_SX220_V1___.jpg\"><img decoding=\"async\" alt=\"B671-Detail\" src=\"https:\/\/m.media-amazon.com\/images\/S\/aplus-media-library-service-media\/87137517-4ec0-4bcf-ab3a-190c344b45d1.__CR504,0,2000,2000_PT0_SX220_V1___.jpg\">  <\/p>\n<p>                                                    Elastische Spanngurte                                    <\/p>\n<p class=\"apm-text-center\">\n                                                      <img decoding=\"async\" alt=\"B671-Detail\" src=\"https:\/\/images-na.ssl-images-amazon.com\/images\/G\/01\/x-locale\/common\/grey-pixel.gif\" class=\"a-lazy-loaded\" data-src=\"https:\/\/m.media-amazon.com\/images\/S\/aplus-media-library-service-media\/c131a412-ec82-4bb6-b175-e550e8f0b4b4.__CR504,0,2000,2000_PT0_SX220_V1___.jpg\"><img decoding=\"async\" alt=\"B671-Detail\" src=\"https:\/\/m.media-amazon.com\/images\/S\/aplus-media-library-service-media\/c131a412-ec82-4bb6-b175-e550e8f0b4b4.__CR504,0,2000,2000_PT0_SX220_V1___.jpg\">  <\/p>\n<p>                                                    4 Anti-Roll-Streben                                    <\/p>\n<p class=\"apm-text-center\">\n                                                      <img decoding=\"async\" alt=\"B671-Detail\" src=\"https:\/\/images-na.ssl-images-amazon.com\/images\/G\/01\/x-locale\/common\/grey-pixel.gif\" class=\"a-lazy-loaded\" data-src=\"https:\/\/m.media-amazon.com\/images\/S\/aplus-media-library-service-media\/ddea2483-87c7-48c9-80a9-1cb0def8c904.__CR504,0,2000,2000_PT0_SX220_V1___.jpg\"><img decoding=\"async\" alt=\"B671-Detail\" src=\"https:\/\/m.media-amazon.com\/images\/S\/aplus-media-library-service-media\/ddea2483-87c7-48c9-80a9-1cb0def8c904.__CR504,0,2000,2000_PT0_SX220_V1___.jpg\">  <\/p>\n<p>                                                    Gro\u00dfe Tasche                                    <\/p>\n<p>                                                                             <img decoding=\"async\" alt=\"B671 1\" src=\"https:\/\/images-na.ssl-images-amazon.com\/images\/G\/01\/x-locale\/common\/grey-pixel.gif\" class=\"a-spacing-base a-lazy-loaded\" data-src=\"https:\/\/m.media-amazon.com\/images\/S\/aplus-media-library-service-media\/869c1b74-0090-46de-a6b0-04abef61e6b1.__CR0,0,3880,2400_PT0_SX970_V1___.jpg\"><img decoding=\"async\" alt=\"B671 1\" src=\"https:\/\/m.media-amazon.com\/images\/S\/aplus-media-library-service-media\/869c1b74-0090-46de-a6b0-04abef61e6b1.__CR0,0,3880,2400_PT0_SX970_V1___.jpg\">                                         <\/p>\n<h3 class=\"a-spacing-mini\">  Zus\u00e4tzliche Unterst\u00fctzung zur Schmerzlinderung <\/h3>\n<p class=\"a-spacing-base\">  Die BraceUp Plus Size R\u00fcckenbandage wurde speziell entwickelt, um dem unteren R\u00fccken des Tr\u00e4gers zus\u00e4tzliche Unterst\u00fctzung und Kompression zu bieten. Es bietet eine externe Stabilit\u00e4tsquelle, die Sie von Schmerzen lindert, Ihre Mobilit\u00e4t verbessert und es Ihnen erm\u00f6glicht, mit neuem Selbstvertrauen zu Ihren t\u00e4glichen Aktivit\u00e4ten zur\u00fcckzukehren. <\/p>\n<p>                                                                             <img decoding=\"async\" alt=\"B671 2\" src=\"https:\/\/images-na.ssl-images-amazon.com\/images\/G\/01\/x-locale\/common\/grey-pixel.gif\" class=\"a-spacing-base a-lazy-loaded\" data-src=\"https:\/\/m.media-amazon.com\/images\/S\/aplus-media-library-service-media\/af0baab2-e51c-4d0f-9c99-c92244194816.__CR0,0,3880,2400_PT0_SX970_V1___.jpg\"><img decoding=\"async\" alt=\"B671 2\" src=\"https:\/\/m.media-amazon.com\/images\/S\/aplus-media-library-service-media\/af0baab2-e51c-4d0f-9c99-c92244194816.__CR0,0,3880,2400_PT0_SX970_V1___.jpg\">                                         <\/p>\n<h3 class=\"a-spacing-mini\">  Ganzt\u00e4giger Komfort und Mobilit\u00e4t <\/h3>\n<p class=\"a-spacing-base\">  Die BraceUp Plus Size R\u00fcckenbandage ist so konzipiert, dass sie den ganzen Tag \u00fcber Komfort und Mobilit\u00e4t bietet. Dank seines leichten Designs, der bequemen Stoffe, der st\u00fctzenden Kunststoffstangen und der verstellbaren Tr\u00e4ger ist es ein gro\u00dfartiges Hilfsmittel zur Unterst\u00fctzung und Linderung von Schmerzen bei Muskelzerrungen und anderen Verletzungen und Beschwerden im unteren R\u00fcckenbereich. <\/p>\n<p>                                                                             <img decoding=\"async\" alt=\"B671 3\" src=\"https:\/\/images-na.ssl-images-amazon.com\/images\/G\/01\/x-locale\/common\/grey-pixel.gif\" class=\"a-spacing-base a-lazy-loaded\" data-src=\"https:\/\/m.media-amazon.com\/images\/S\/aplus-media-library-service-media\/e3df15d0-7f36-4017-8fb4-df6f15cda8d7.__CR0,0,3880,2400_PT0_SX970_V1___.jpg\"><img decoding=\"async\" alt=\"B671 3\" src=\"https:\/\/m.media-amazon.com\/images\/S\/aplus-media-library-service-media\/e3df15d0-7f36-4017-8fb4-df6f15cda8d7.__CR0,0,3880,2400_PT0_SX970_V1___.jpg\">                                         <\/p>\n<h3 class=\"a-spacing-mini\">  Leicht verstellbar f\u00fcr eine gute Passform <\/h3>\n<p class=\"a-spacing-base\">  Die BraceUp Plus Size R\u00fcckenbandage ist so konzipiert, dass sie leicht verstellbar ist. Der Benutzer kann die elastischen B\u00e4nder einfach anpassen, um den Komfort zu verbessern, den Halt und den Tragekomfort zu erh\u00f6hen oder die Bandage abzunehmen. Durch das robuste, aber dennoch d\u00fcnne und leichte Design kann die Bandage auch unter der Kleidung getragen werden. <\/p>\n<p>                                                  <img decoding=\"async\" alt=\"Gr\u00f6\u00dfe\" src=\"https:\/\/images-na.ssl-images-amazon.com\/images\/G\/01\/x-locale\/common\/grey-pixel.gif\" class=\"a-spacing-mini a-lazy-loaded\" data-src=\"https:\/\/m.media-amazon.com\/images\/S\/aplus-media-library-service-media\/e385797b-0be9-41f1-b519-f6dab8df7a40.__CR0,0,2000,2000_PT0_SX300_V1___.jpeg\"><img decoding=\"async\" alt=\"Gr\u00f6\u00dfe\" src=\"https:\/\/m.media-amazon.com\/images\/S\/aplus-media-library-service-media\/e385797b-0be9-41f1-b519-f6dab8df7a40.__CR0,0,2000,2000_PT0_SX300_V1___.jpeg\">  <\/p>\n<h3 class=\"a-spacing-mini\">  W\u00e4hlen Sie die richtige Gr\u00f6\u00dfe <\/h3>\n<p>  Bitte messen Sie den Umfang Ihres Handgelenks und nutzen Sie die Gr\u00f6\u00dfentabelle. <\/p>\n<p>                         Zum Warenkorb hinzuf\u00fcgen Zum Warenkorb hinzuf\u00fcgen Zum Warenkorb hinzuf\u00fcgen Zum Warenkorb hinzuf\u00fcgen Zum Warenkorb hinzuf\u00fcgen Kundenrezensionen 4,3 von 5 Sternen 25.036 4,5 von 5 Sternen 1.023 4,2 von 5 Sternen 1.433 4,0 von 5 Sternen 44 4,4 von 5 Sternen 864 Preis 23,99 \u20ac23,99 \u20ac 29,99 \u20ac29,99 \u20ac 29,99 \u20ac29,99 \u20ac 16,99 \u20ac 16,99 \u20ac 15,99 \u20ac 15,99 \u20ac Funktionen: Leicht Starre Unterst\u00fctzung Verstellbarer Schwangerschaftsg\u00fcrtel Gymnastikg\u00fcrtel Unterst\u00fctzungsstufe Firma Starre Firma Sanfte Firma Unterst\u00fctzungsmethode Kompression &#038; Schienen Kompression &#038; Schienen Kompression &#038; Schienen Kompression Kompression Gr\u00f6\u00dfen S\/M\/L\/XL\/2XL S\/M\/L\/XL\/2XL 3XL, 4XL, 5XL Einheitsgr\u00f6\u00dfe S, M, L, XL Lumbalpolster keine Daten \u2713 keine Daten keine Daten keine Daten<\/p>\n<p>F\u00fcr Damen und Herren geeignet: Die BraceUP R\u00fcckenbandage in \u00dcbergr\u00f6\u00dfe bietet eine gro\u00dfe Auswahl an Gr\u00f6\u00dfenoptionen. Es ist Unisex und die drei Gr\u00f6\u00dfenoptionen passen den meisten Menschen mit unterschiedlichem K\u00f6rperumfang. Um die richtige Gr\u00f6\u00dfe zu ermitteln, verwenden Sie bitte ein flexibles Ma\u00dfband und messen Sie den Umfang um Ihren Bauchnabel. Bitte verlassen Sie sich bei der Gr\u00f6\u00dfenwahl nicht auf Ihre Hosen- oder Taillengr\u00f6\u00dfe.<br \/>Schmerzlindernd und unterst\u00fctzend: Die BraceUP R\u00fcckenbandage in \u00dcbergr\u00f6\u00dfe besteht aus vier Kunststoffplatten, die ergonomisch gebogen sind, um sich Ihrem R\u00fccken anzupassen und ein Aufrollen, B\u00fcndeln oder Verrutschen der Bandage zu verhindern. Unsere R\u00fcckenbandage in \u00dcbergr\u00f6\u00dfe sorgt f\u00fcr eine konstante Kompression Ihres unteren R\u00fcckens und lindert sofort R\u00fcckenschmerzen, sodass Sie Ihren Alltag wieder aufnehmen k\u00f6nnen.<br \/>Gro\u00dfe Tasche: In der gro\u00dfen Zusatztasche auf der R\u00fcckseite der Bandage k\u00f6nnen Gelpacks f\u00fcr die W\u00e4rme-\/K\u00e4ltetherapie oder Lendenpolster (nicht im Lieferumfang enthalten) zur zus\u00e4tzlichen Unterst\u00fctzung der unteren Wirbels\u00e4ule befestigt werden.<br \/>Komfort im Alltag: Diese extragro\u00dfe Lordosenst\u00fctze verf\u00fcgt \u00fcber elastische B\u00e4nder aus atmungsaktivem Material, die leicht sind und sich der Form Ihres R\u00fcckens anpassen.<br \/>Vielseitig: Wir haben die Orthese so konzipiert, dass sie Ihre Schmerzen im unteren R\u00fccken lindert und Ihre Bewegungen unterst\u00fctzt. Aufgrund der angenehmen Form und des weichen Materials kann die Bandage sowohl tags\u00fcber als auch nachts getragen werden. Die Orthese erleichtert Ihre t\u00e4glichen Aktivit\u00e4ten wie Sitzen, Stehen, Gehen und B\u00fccken.<br \/>Gr\u00f6\u00dfenhinweis: Bitte messen Sie den Taillenumfang auf H\u00f6he des Bauchnabels \u2013 verwenden Sie nicht Ihre Hosengr\u00f6\u00dfe. 3XL 52-62&#8243; | 4XL 62-74&#8243; | 5XL 74-86&#8243;<\/p>\n<p>[ad_2]<\/p>\n","protected":false},"excerpt":{"rendered":"<p>Produktbeschreibung Atmungsaktives Material Elastische Spanngurte 4 Anti-Roll-Streben Gro\u00dfe Tasche Zus\u00e4tzliche Unterst\u00fctzung zur Schmerzlinderung Die BraceUp Plus Size R\u00fcckenbandage wurde speziell entwickelt, um dem unteren R\u00fccken des Tr\u00e4gers zus\u00e4tzliche Unterst\u00fctzung und Kompression zu bieten. Es bietet eine externe Stabilit\u00e4tsquelle, die Sie von Schmerzen lindert, Ihre Mobilit\u00e4t verbessert und es Ihnen erm\u00f6glicht, mit neuem Selbstvertrauen zu Ihren [&hellip;]<\/p>\n","protected":false},"featured_media":1883,"comment_status":"open","ping_status":"closed","template":"","meta":{"_aipt_faq_data":""},"store":[],"product_brand":[160],"product_cat":[110],"product_tag":[356],"class_list":{"0":"post-1882","1":"product","2":"type-product","3":"status-publish","4":"has-post-thumbnail","6":"product_brand-braceup","7":"product_cat-exoskelette","8":"product_tag-ergonomische-exoskelette-fuer-haltungssicherung","10":"first","11":"instock","12":"shipping-taxable","13":"product-type-external"},"yoast_head":"<!-- This site is optimized with the Yoast SEO plugin v27.0 - https:\/\/yoast.com\/product\/yoast-seo-wordpress\/ -->\n<title>BraceUP R\u00fcckenbandage in \u00dcbergr\u00f6\u00dfe f\u00fcr Damen und Herren \u2013 3XL bis 5XL, extra gro\u00dfe Unterst\u00fctzung f\u00fcr den unteren R\u00fccken mit Riemen und Kompression, Bauchbandage in \u00dcbergr\u00f6\u00dfe (5XL) - EasyLifeBro<\/title>\n<meta name=\"description\" content=\"Entdecken Sie smarte Roboter f\u00fcr Zuhause, Garten, Bildung und Sicherheit. Vergleichen Sie Saugroboter, Rasenm\u00e4hroboter, KI-Begleitroboter und mehr bei EasyLifeRobo.\" \/>\n<meta name=\"robots\" content=\"index, follow, max-snippet:-1, max-image-preview:large, max-video-preview:-1\" \/>\n<link rel=\"canonical\" href=\"https:\/\/easyliferobo.com\/de\/product\/braceup-rueckenbandage-in-uebergroesse-fuer-damen-und-herren-3xl-bis-5xl-extra-grosse-unterstuetzung-fuer-den-unteren-ruecken-mit-riemen-und-kompression-bauchbandage-in-uebergroesse-5xl\/\" \/>\n<meta property=\"og:locale\" content=\"de_DE\" \/>\n<meta property=\"og:type\" content=\"article\" \/>\n<meta property=\"og:title\" content=\"BraceUP R\u00fcckenbandage in \u00dcbergr\u00f6\u00dfe f\u00fcr Damen und Herren \u2013 3XL bis 5XL, extra gro\u00dfe Unterst\u00fctzung f\u00fcr den unteren R\u00fccken mit Riemen und Kompression, Bauchbandage in \u00dcbergr\u00f6\u00dfe (5XL) - EasyLifeBro\" \/>\n<meta property=\"og:description\" content=\"Entdecken Sie smarte Roboter f\u00fcr Zuhause, Garten, Bildung und Sicherheit. Vergleichen Sie Saugroboter, Rasenm\u00e4hroboter, KI-Begleitroboter und mehr bei EasyLifeRobo.\" \/>\n<meta property=\"og:url\" content=\"https:\/\/easyliferobo.com\/de\/product\/braceup-rueckenbandage-in-uebergroesse-fuer-damen-und-herren-3xl-bis-5xl-extra-grosse-unterstuetzung-fuer-den-unteren-ruecken-mit-riemen-und-kompression-bauchbandage-in-uebergroesse-5xl\/\" \/>\n<meta property=\"og:site_name\" content=\"EasyLifeBro\" \/>\n<meta property=\"article:modified_time\" content=\"2026-02-27T01:43:35+00:00\" \/>\n<meta property=\"og:image\" content=\"https:\/\/images-na.ssl-images-amazon.com\/images\/G\/01\/x-locale\/common\/grey-pixel.gif\" \/>\n<meta name=\"twitter:card\" content=\"summary_large_image\" \/>\n<meta name=\"twitter:label1\" content=\"Gesch\u00e4tzte Lesezeit\" \/>\n\t<meta name=\"twitter:data1\" content=\"3\u00a0Minuten\" \/>\n<script type=\"application\/ld+json\" class=\"yoast-schema-graph\">{\"@context\":\"https:\/\/schema.org\",\"@graph\":[{\"@type\":\"WebPage\",\"@id\":\"https:\/\/easyliferobo.com\/de\/product\/braceup-rueckenbandage-in-uebergroesse-fuer-damen-und-herren-3xl-bis-5xl-extra-grosse-unterstuetzung-fuer-den-unteren-ruecken-mit-riemen-und-kompression-bauchbandage-in-uebergroesse-5xl\/\",\"url\":\"https:\/\/easyliferobo.com\/de\/product\/braceup-rueckenbandage-in-uebergroesse-fuer-damen-und-herren-3xl-bis-5xl-extra-grosse-unterstuetzung-fuer-den-unteren-ruecken-mit-riemen-und-kompression-bauchbandage-in-uebergroesse-5xl\/\",\"name\":\"BraceUP R\u00fcckenbandage in \u00dcbergr\u00f6\u00dfe f\u00fcr Damen und Herren \u2013 3XL bis 5XL, extra gro\u00dfe Unterst\u00fctzung f\u00fcr den unteren R\u00fccken mit Riemen und Kompression, Bauchbandage in \u00dcbergr\u00f6\u00dfe (5XL) - EasyLifeBro\",\"isPartOf\":{\"@id\":\"https:\/\/easyliferobo.com\/de\/#website\"},\"primaryImageOfPage\":{\"@id\":\"https:\/\/easyliferobo.com\/de\/product\/braceup-rueckenbandage-in-uebergroesse-fuer-damen-und-herren-3xl-bis-5xl-extra-grosse-unterstuetzung-fuer-den-unteren-ruecken-mit-riemen-und-kompression-bauchbandage-in-uebergroesse-5xl\/#primaryimage\"},\"image\":{\"@id\":\"https:\/\/easyliferobo.com\/de\/product\/braceup-rueckenbandage-in-uebergroesse-fuer-damen-und-herren-3xl-bis-5xl-extra-grosse-unterstuetzung-fuer-den-unteren-ruecken-mit-riemen-und-kompression-bauchbandage-in-uebergroesse-5xl\/#primaryimage\"},\"thumbnailUrl\":\"https:\/\/easyliferobo.com\/de\/wp-content\/uploads\/2026\/02\/814lMWDSFGL._SL1500_.jpg\",\"datePublished\":\"2026-02-27T01:43:21+00:00\",\"dateModified\":\"2026-02-27T01:43:35+00:00\",\"description\":\"Entdecken Sie smarte Roboter f\u00fcr Zuhause, Garten, Bildung und Sicherheit. Vergleichen Sie Saugroboter, Rasenm\u00e4hroboter, KI-Begleitroboter und mehr bei EasyLifeRobo.\",\"breadcrumb\":{\"@id\":\"https:\/\/easyliferobo.com\/de\/product\/braceup-rueckenbandage-in-uebergroesse-fuer-damen-und-herren-3xl-bis-5xl-extra-grosse-unterstuetzung-fuer-den-unteren-ruecken-mit-riemen-und-kompression-bauchbandage-in-uebergroesse-5xl\/#breadcrumb\"},\"inLanguage\":\"de\",\"potentialAction\":[{\"@type\":\"ReadAction\",\"target\":[\"https:\/\/easyliferobo.com\/de\/product\/braceup-rueckenbandage-in-uebergroesse-fuer-damen-und-herren-3xl-bis-5xl-extra-grosse-unterstuetzung-fuer-den-unteren-ruecken-mit-riemen-und-kompression-bauchbandage-in-uebergroesse-5xl\/\"]}]},{\"@type\":\"ImageObject\",\"inLanguage\":\"de\",\"@id\":\"https:\/\/easyliferobo.com\/de\/product\/braceup-rueckenbandage-in-uebergroesse-fuer-damen-und-herren-3xl-bis-5xl-extra-grosse-unterstuetzung-fuer-den-unteren-ruecken-mit-riemen-und-kompression-bauchbandage-in-uebergroesse-5xl\/#primaryimage\",\"url\":\"https:\/\/easyliferobo.com\/de\/wp-content\/uploads\/2026\/02\/814lMWDSFGL._SL1500_.jpg\",\"contentUrl\":\"https:\/\/easyliferobo.com\/de\/wp-content\/uploads\/2026\/02\/814lMWDSFGL._SL1500_.jpg\",\"width\":1500,\"height\":1500},{\"@type\":\"BreadcrumbList\",\"@id\":\"https:\/\/easyliferobo.com\/de\/product\/braceup-rueckenbandage-in-uebergroesse-fuer-damen-und-herren-3xl-bis-5xl-extra-grosse-unterstuetzung-fuer-den-unteren-ruecken-mit-riemen-und-kompression-bauchbandage-in-uebergroesse-5xl\/#breadcrumb\",\"itemListElement\":[{\"@type\":\"ListItem\",\"position\":1,\"name\":\"Home\",\"item\":\"https:\/\/easyliferobo.com\/de\/\"},{\"@type\":\"ListItem\",\"position\":2,\"name\":\"Shop\",\"item\":\"https:\/\/easyliferobo.com\/de\/shop\/\"},{\"@type\":\"ListItem\",\"position\":3,\"name\":\"BraceUP R\u00fcckenbandage in \u00dcbergr\u00f6...\"}]},{\"@type\":\"WebSite\",\"@id\":\"https:\/\/easyliferobo.com\/de\/#website\",\"url\":\"https:\/\/easyliferobo.com\/de\/\",\"name\":\"EasyLifeBro\",\"description\":\"Smarte Roboter f\u00fcr Zuhause, Garten &amp; Bildung\",\"publisher\":{\"@id\":\"https:\/\/easyliferobo.com\/de\/#organization\"},\"potentialAction\":[{\"@type\":\"SearchAction\",\"target\":{\"@type\":\"EntryPoint\",\"urlTemplate\":\"https:\/\/easyliferobo.com\/de\/?s={search_term_string}\"},\"query-input\":{\"@type\":\"PropertyValueSpecification\",\"valueRequired\":true,\"valueName\":\"search_term_string\"}}],\"inLanguage\":\"de\"},{\"@type\":\"Organization\",\"@id\":\"https:\/\/easyliferobo.com\/de\/#organization\",\"name\":\"EasyLifeBro\",\"url\":\"https:\/\/easyliferobo.com\/de\/\",\"logo\":{\"@type\":\"ImageObject\",\"inLanguage\":\"de\",\"@id\":\"https:\/\/easyliferobo.com\/de\/#\/schema\/logo\/image\/\",\"url\":\"https:\/\/easyliferobo.com\/de\/wp-content\/uploads\/2026\/02\/Screenshot-2026-02-22-at-2.25.03-PM.png\",\"contentUrl\":\"https:\/\/easyliferobo.com\/de\/wp-content\/uploads\/2026\/02\/Screenshot-2026-02-22-at-2.25.03-PM.png\",\"width\":1858,\"height\":430,\"caption\":\"EasyLifeBro\"},\"image\":{\"@id\":\"https:\/\/easyliferobo.com\/de\/#\/schema\/logo\/image\/\"}}]}<\/script>\n<!-- \/ Yoast SEO plugin. -->","yoast_head_json":{"title":"BraceUP R\u00fcckenbandage in \u00dcbergr\u00f6\u00dfe f\u00fcr Damen und Herren \u2013 3XL bis 5XL, extra gro\u00dfe Unterst\u00fctzung f\u00fcr den unteren R\u00fccken mit Riemen und Kompression, Bauchbandage in \u00dcbergr\u00f6\u00dfe (5XL) - EasyLifeBro","description":"Entdecken Sie smarte Roboter f\u00fcr Zuhause, Garten, Bildung und Sicherheit. Vergleichen Sie Saugroboter, Rasenm\u00e4hroboter, KI-Begleitroboter und mehr bei EasyLifeRobo.","robots":{"index":"index","follow":"follow","max-snippet":"max-snippet:-1","max-image-preview":"max-image-preview:large","max-video-preview":"max-video-preview:-1"},"canonical":"https:\/\/easyliferobo.com\/de\/product\/braceup-rueckenbandage-in-uebergroesse-fuer-damen-und-herren-3xl-bis-5xl-extra-grosse-unterstuetzung-fuer-den-unteren-ruecken-mit-riemen-und-kompression-bauchbandage-in-uebergroesse-5xl\/","og_locale":"de_DE","og_type":"article","og_title":"BraceUP R\u00fcckenbandage in \u00dcbergr\u00f6\u00dfe f\u00fcr Damen und Herren \u2013 3XL bis 5XL, extra gro\u00dfe Unterst\u00fctzung f\u00fcr den unteren R\u00fccken mit Riemen und Kompression, Bauchbandage in \u00dcbergr\u00f6\u00dfe (5XL) - EasyLifeBro","og_description":"Entdecken Sie smarte Roboter f\u00fcr Zuhause, Garten, Bildung und Sicherheit. Vergleichen Sie Saugroboter, Rasenm\u00e4hroboter, KI-Begleitroboter und mehr bei EasyLifeRobo.","og_url":"https:\/\/easyliferobo.com\/de\/product\/braceup-rueckenbandage-in-uebergroesse-fuer-damen-und-herren-3xl-bis-5xl-extra-grosse-unterstuetzung-fuer-den-unteren-ruecken-mit-riemen-und-kompression-bauchbandage-in-uebergroesse-5xl\/","og_site_name":"EasyLifeBro","article_modified_time":"2026-02-27T01:43:35+00:00","og_image":[{"url":"https:\/\/images-na.ssl-images-amazon.com\/images\/G\/01\/x-locale\/common\/grey-pixel.gif","type":"","width":"","height":""}],"twitter_card":"summary_large_image","twitter_misc":{"Gesch\u00e4tzte Lesezeit":"3\u00a0Minuten"},"schema":{"@context":"https:\/\/schema.org","@graph":[{"@type":"WebPage","@id":"https:\/\/easyliferobo.com\/de\/product\/braceup-rueckenbandage-in-uebergroesse-fuer-damen-und-herren-3xl-bis-5xl-extra-grosse-unterstuetzung-fuer-den-unteren-ruecken-mit-riemen-und-kompression-bauchbandage-in-uebergroesse-5xl\/","url":"https:\/\/easyliferobo.com\/de\/product\/braceup-rueckenbandage-in-uebergroesse-fuer-damen-und-herren-3xl-bis-5xl-extra-grosse-unterstuetzung-fuer-den-unteren-ruecken-mit-riemen-und-kompression-bauchbandage-in-uebergroesse-5xl\/","name":"BraceUP R\u00fcckenbandage in \u00dcbergr\u00f6\u00dfe f\u00fcr Damen und Herren \u2013 3XL bis 5XL, extra gro\u00dfe Unterst\u00fctzung f\u00fcr den unteren R\u00fccken mit Riemen und Kompression, Bauchbandage in \u00dcbergr\u00f6\u00dfe (5XL) - EasyLifeBro","isPartOf":{"@id":"https:\/\/easyliferobo.com\/de\/#website"},"primaryImageOfPage":{"@id":"https:\/\/easyliferobo.com\/de\/product\/braceup-rueckenbandage-in-uebergroesse-fuer-damen-und-herren-3xl-bis-5xl-extra-grosse-unterstuetzung-fuer-den-unteren-ruecken-mit-riemen-und-kompression-bauchbandage-in-uebergroesse-5xl\/#primaryimage"},"image":{"@id":"https:\/\/easyliferobo.com\/de\/product\/braceup-rueckenbandage-in-uebergroesse-fuer-damen-und-herren-3xl-bis-5xl-extra-grosse-unterstuetzung-fuer-den-unteren-ruecken-mit-riemen-und-kompression-bauchbandage-in-uebergroesse-5xl\/#primaryimage"},"thumbnailUrl":"https:\/\/easyliferobo.com\/de\/wp-content\/uploads\/2026\/02\/814lMWDSFGL._SL1500_.jpg","datePublished":"2026-02-27T01:43:21+00:00","dateModified":"2026-02-27T01:43:35+00:00","description":"Entdecken Sie smarte Roboter f\u00fcr Zuhause, Garten, Bildung und Sicherheit. Vergleichen Sie Saugroboter, Rasenm\u00e4hroboter, KI-Begleitroboter und mehr bei EasyLifeRobo.","breadcrumb":{"@id":"https:\/\/easyliferobo.com\/de\/product\/braceup-rueckenbandage-in-uebergroesse-fuer-damen-und-herren-3xl-bis-5xl-extra-grosse-unterstuetzung-fuer-den-unteren-ruecken-mit-riemen-und-kompression-bauchbandage-in-uebergroesse-5xl\/#breadcrumb"},"inLanguage":"de","potentialAction":[{"@type":"ReadAction","target":["https:\/\/easyliferobo.com\/de\/product\/braceup-rueckenbandage-in-uebergroesse-fuer-damen-und-herren-3xl-bis-5xl-extra-grosse-unterstuetzung-fuer-den-unteren-ruecken-mit-riemen-und-kompression-bauchbandage-in-uebergroesse-5xl\/"]}]},{"@type":"ImageObject","inLanguage":"de","@id":"https:\/\/easyliferobo.com\/de\/product\/braceup-rueckenbandage-in-uebergroesse-fuer-damen-und-herren-3xl-bis-5xl-extra-grosse-unterstuetzung-fuer-den-unteren-ruecken-mit-riemen-und-kompression-bauchbandage-in-uebergroesse-5xl\/#primaryimage","url":"https:\/\/easyliferobo.com\/de\/wp-content\/uploads\/2026\/02\/814lMWDSFGL._SL1500_.jpg","contentUrl":"https:\/\/easyliferobo.com\/de\/wp-content\/uploads\/2026\/02\/814lMWDSFGL._SL1500_.jpg","width":1500,"height":1500},{"@type":"BreadcrumbList","@id":"https:\/\/easyliferobo.com\/de\/product\/braceup-rueckenbandage-in-uebergroesse-fuer-damen-und-herren-3xl-bis-5xl-extra-grosse-unterstuetzung-fuer-den-unteren-ruecken-mit-riemen-und-kompression-bauchbandage-in-uebergroesse-5xl\/#breadcrumb","itemListElement":[{"@type":"ListItem","position":1,"name":"Home","item":"https:\/\/easyliferobo.com\/de\/"},{"@type":"ListItem","position":2,"name":"Shop","item":"https:\/\/easyliferobo.com\/de\/shop\/"},{"@type":"ListItem","position":3,"name":"BraceUP R\u00fcckenbandage in \u00dcbergr\u00f6..."}]},{"@type":"WebSite","@id":"https:\/\/easyliferobo.com\/de\/#website","url":"https:\/\/easyliferobo.com\/de\/","name":"EasyLifeBro","description":"Smarte Roboter f\u00fcr Zuhause, Garten &amp; Bildung","publisher":{"@id":"https:\/\/easyliferobo.com\/de\/#organization"},"potentialAction":[{"@type":"SearchAction","target":{"@type":"EntryPoint","urlTemplate":"https:\/\/easyliferobo.com\/de\/?s={search_term_string}"},"query-input":{"@type":"PropertyValueSpecification","valueRequired":true,"valueName":"search_term_string"}}],"inLanguage":"de"},{"@type":"Organization","@id":"https:\/\/easyliferobo.com\/de\/#organization","name":"EasyLifeBro","url":"https:\/\/easyliferobo.com\/de\/","logo":{"@type":"ImageObject","inLanguage":"de","@id":"https:\/\/easyliferobo.com\/de\/#\/schema\/logo\/image\/","url":"https:\/\/easyliferobo.com\/de\/wp-content\/uploads\/2026\/02\/Screenshot-2026-02-22-at-2.25.03-PM.png","contentUrl":"https:\/\/easyliferobo.com\/de\/wp-content\/uploads\/2026\/02\/Screenshot-2026-02-22-at-2.25.03-PM.png","width":1858,"height":430,"caption":"EasyLifeBro"},"image":{"@id":"https:\/\/easyliferobo.com\/de\/#\/schema\/logo\/image\/"}}]}},"_links":{"self":[{"href":"https:\/\/easyliferobo.com\/de\/wp-json\/wp\/v2\/product\/1882","targetHints":{"allow":["GET"]}}],"collection":[{"href":"https:\/\/easyliferobo.com\/de\/wp-json\/wp\/v2\/product"}],"about":[{"href":"https:\/\/easyliferobo.com\/de\/wp-json\/wp\/v2\/types\/product"}],"replies":[{"embeddable":true,"href":"https:\/\/easyliferobo.com\/de\/wp-json\/wp\/v2\/comments?post=1882"}],"wp:featuredmedia":[{"embeddable":true,"href":"https:\/\/easyliferobo.com\/de\/wp-json\/wp\/v2\/media\/1883"}],"wp:attachment":[{"href":"https:\/\/easyliferobo.com\/de\/wp-json\/wp\/v2\/media?parent=1882"}],"wp:term":[{"taxonomy":"store","embeddable":true,"href":"https:\/\/easyliferobo.com\/de\/wp-json\/wp\/v2\/store?post=1882"},{"taxonomy":"product_brand","embeddable":true,"href":"https:\/\/easyliferobo.com\/de\/wp-json\/wp\/v2\/product_brand?post=1882"},{"taxonomy":"product_cat","embeddable":true,"href":"https:\/\/easyliferobo.com\/de\/wp-json\/wp\/v2\/product_cat?post=1882"},{"taxonomy":"product_tag","embeddable":true,"href":"https:\/\/easyliferobo.com\/de\/wp-json\/wp\/v2\/product_tag?post=1882"}],"curies":[{"name":"wp","href":"https:\/\/api.w.org\/{rel}","templated":true}]}}