
{"id":1880,"date":"2026-02-27T01:41:40","date_gmt":"2026-02-27T01:41:40","guid":{"rendered":"https:\/\/easyliferobo.com\/de\/product\/pflegeassistenz-lehrbuch-fuer-pflegehilfe-und-pflegefachassistenz\/"},"modified":"2026-02-27T01:41:42","modified_gmt":"2026-02-27T01:41:42","slug":"pflegeassistenz-lehrbuch-fuer-pflegehilfe-und-pflegefachassistenz","status":"publish","type":"product","link":"https:\/\/easyliferobo.com\/de\/product\/pflegeassistenz-lehrbuch-fuer-pflegehilfe-und-pflegefachassistenz\/","title":{"rendered":"Pflegeassistenz: Lehrbuch f\u00fcr Pfle..."},"content":{"rendered":"\n<p>Dein unentbehrlicher Begleiter f\u00fcr deine Ausbildung in der Pflegehilfe bzw. Pflege(fach)assistenz<br \/>Ob Unterricht, Pr\u00fcfung oder Praxis \u2013 mit diesem Buch lernst du alle Inhalte, die du f\u00fcr den Einstieg in diesen Beruf brauchst (Pflegehilfe \/ Pflege(fach)assistenz \/ Gesundheits- und Krankenpflegehilfe \/ Altenpflegehilfe).<\/p>\n<p>Alle Inhalte sind leicht verst\u00e4ndlich und praxisnah, ohne unn\u00f6tige Details. Neben den ausf\u00fchrlichen Informationen findest du das Wichtigste am Rand jeder Seite zusammengefasst. Zahlreiche Abbildungen und ganzseitige Infografiken illustrieren den Text und unterst\u00fctzen dich beim Lernen. Die vielen Fotoserien leiten dich Schritt f\u00fcr Schritt an und zeigen dir, worauf du achten musst. Neben Praxistipps erf\u00e4hrst du in Infok\u00e4sten mehr \u00fcber die \u201eBesonderheiten bei alten Menschen\u201c. Mach dir das Lernen und Anwenden leicht. Durch die Kurzfassung auch f\u00fcr Schnelllerner oder zum schnellen Nachschlagen geeignet.<\/p>\n<p>Das Buch deckt die Inhalte der auf Landesebene geregelten Curricula im Bereich der Pflegehilfe\/-assistenz ab und ist im Vorgriff auf die f\u00fcr 2027 geplante Einf\u00fchrung der neuen Ausbildung \u201ePflegefachassistenz\u201c bereits weitgehend optimiert.<\/p>\n<p>Herausgeber \u200f : \u200e Thieme       <br \/> Erscheinungsdatum \u200f : \u200e 20. Aug. 2025       <br \/> Auflage \u200f : \u200e 4. Aktualisiert       <br \/> Sprache \u200f : \u200e Deutsch   <br \/> Druckl\u00e4nge \u200f : \u200e 736 Seiten       <br \/> ISBN-10 \u200f : \u200e 3132455822       <br \/> ISBN-13 \u200f : \u200e 978-3132455825       <br \/> Abmessungen \u200f : \u200e 21,8 x 3 x 30,2 cm       <br \/>       Bestseller-Rang: 21.210 in B\u00fcchern (siehe Top 100 in B\u00fcchern), 23 in Krankenpflegerezensionen und Studienf\u00fchrern, 27 in Krankenpflegegrundlagen und -f\u00e4higkeiten      <br \/>  Kundenrezensionen: 4,6 4,6 von 5 Sternen (11) var dpAcrHasRegisteredArcLinkClickAction; P.when(&#8218;A&#8216;, &#8218;ready&#8216;).execute(function(A) { if (dpAcrHasRegisteredArcLinkClickAction !== true) { dpAcrHasRegisteredArcLinkClickAction = true; A.declarative( &#8218;acrLink-click-metrics&#8216;, &#8218;click&#8216;, { &#8222;allowLinkDefault&#8220;: true }, function (event) { if (window.ue) { ue.count(&#8222;acrLinkClickCount&#8220;, (ue.count(&#8222;acrLinkClickCount&#8220;) || 0) + 1 } } }); P.when(&#8218;A&#8216;, &#8218;cf&#8216;).execute(function(A) { A.declarative(&#8218;acrStarsLink-click-metrics&#8216;, &#8218;click&#8216;, { &#8222;allowLinkDefault&#8220; : true }, function(event){ if(window.ue) { ue.count(&#8222;acrStarsLinkWithPopoverClickCount&#8220;, (ue.count(&#8222;acrStarsLinkWithPopoverClickCount&#8220;) || 0) + 1); } }); });                          <br \/>[ad_2]<\/p>\n","protected":false},"excerpt":{"rendered":"<p>Dein unentbehrlicher Begleiter f\u00fcr deine Ausbildung in der Pflegehilfe bzw. Pflege(fach)assistenzOb Unterricht, Pr\u00fcfung oder Praxis \u2013 mit diesem Buch lernst du alle Inhalte, die du f\u00fcr den Einstieg in diesen Beruf brauchst (Pflegehilfe \/ Pflege(fach)assistenz \/ Gesundheits- und Krankenpflegehilfe \/ Altenpflegehilfe). Alle Inhalte sind leicht verst\u00e4ndlich und praxisnah, ohne unn\u00f6tige Details. Neben den ausf\u00fchrlichen Informationen [&hellip;]<\/p>\n","protected":false},"featured_media":1881,"comment_status":"open","ping_status":"closed","template":"","meta":{"_aipt_faq_data":""},"store":[],"product_brand":[],"product_cat":[111],"product_tag":[355],"class_list":{"0":"post-1880","1":"product","2":"type-product","3":"status-publish","4":"has-post-thumbnail","6":"product_cat-pflegeassistenz-roboter","7":"product_tag-autonome-pflegeassistenz-roboter","9":"first","10":"instock","11":"shipping-taxable","12":"product-type-external"},"yoast_head":"<!-- This site is optimized with the Yoast SEO plugin v27.4 - https:\/\/yoast.com\/product\/yoast-seo-wordpress\/ -->\n<title>Pflegeassistenz: Lehrbuch f\u00fcr Pflegehilfe und Pflegefachassistenz - EasyLifeBro<\/title>\n<meta name=\"description\" content=\"Entdecken Sie smarte Roboter f\u00fcr Zuhause, Garten, Bildung und Sicherheit. Vergleichen Sie Saugroboter, Rasenm\u00e4hroboter, KI-Begleitroboter und mehr bei EasyLifeRobo.\" \/>\n<meta name=\"robots\" content=\"index, follow, max-snippet:-1, max-image-preview:large, max-video-preview:-1\" \/>\n<link rel=\"canonical\" href=\"https:\/\/easyliferobo.com\/de\/product\/pflegeassistenz-lehrbuch-fuer-pflegehilfe-und-pflegefachassistenz\/\" \/>\n<meta property=\"og:locale\" content=\"de_DE\" \/>\n<meta property=\"og:type\" content=\"article\" \/>\n<meta property=\"og:title\" content=\"Pflegeassistenz: Lehrbuch f\u00fcr Pflegehilfe und Pflegefachassistenz - EasyLifeBro\" \/>\n<meta property=\"og:description\" content=\"Entdecken Sie smarte Roboter f\u00fcr Zuhause, Garten, Bildung und Sicherheit. Vergleichen Sie Saugroboter, Rasenm\u00e4hroboter, KI-Begleitroboter und mehr bei EasyLifeRobo.\" \/>\n<meta property=\"og:url\" content=\"https:\/\/easyliferobo.com\/de\/product\/pflegeassistenz-lehrbuch-fuer-pflegehilfe-und-pflegefachassistenz\/\" \/>\n<meta property=\"og:site_name\" content=\"EasyLifeBro\" \/>\n<meta property=\"article:modified_time\" content=\"2026-02-27T01:41:42+00:00\" \/>\n<meta name=\"twitter:card\" content=\"summary_large_image\" \/>\n<meta name=\"twitter:label1\" content=\"Gesch\u00e4tzte Lesezeit\" \/>\n\t<meta name=\"twitter:data1\" content=\"1\u00a0Minute\" \/>\n<script type=\"application\/ld+json\" class=\"yoast-schema-graph\">{\"@context\":\"https:\\\/\\\/schema.org\",\"@graph\":[{\"@type\":\"WebPage\",\"@id\":\"https:\\\/\\\/easyliferobo.com\\\/de\\\/product\\\/pflegeassistenz-lehrbuch-fuer-pflegehilfe-und-pflegefachassistenz\\\/\",\"url\":\"https:\\\/\\\/easyliferobo.com\\\/de\\\/product\\\/pflegeassistenz-lehrbuch-fuer-pflegehilfe-und-pflegefachassistenz\\\/\",\"name\":\"Pflegeassistenz: Lehrbuch f\u00fcr Pflegehilfe und Pflegefachassistenz - EasyLifeBro\",\"isPartOf\":{\"@id\":\"https:\\\/\\\/easyliferobo.com\\\/de\\\/#website\"},\"primaryImageOfPage\":{\"@id\":\"https:\\\/\\\/easyliferobo.com\\\/de\\\/product\\\/pflegeassistenz-lehrbuch-fuer-pflegehilfe-und-pflegefachassistenz\\\/#primaryimage\"},\"image\":{\"@id\":\"https:\\\/\\\/easyliferobo.com\\\/de\\\/product\\\/pflegeassistenz-lehrbuch-fuer-pflegehilfe-und-pflegefachassistenz\\\/#primaryimage\"},\"thumbnailUrl\":\"https:\\\/\\\/easyliferobo.com\\\/de\\\/wp-content\\\/uploads\\\/2026\\\/02\\\/613Uw8Wvt9L._SL1500_.jpg\",\"datePublished\":\"2026-02-27T01:41:40+00:00\",\"dateModified\":\"2026-02-27T01:41:42+00:00\",\"description\":\"Entdecken Sie smarte Roboter f\u00fcr Zuhause, Garten, Bildung und Sicherheit. Vergleichen Sie Saugroboter, Rasenm\u00e4hroboter, KI-Begleitroboter und mehr bei EasyLifeRobo.\",\"breadcrumb\":{\"@id\":\"https:\\\/\\\/easyliferobo.com\\\/de\\\/product\\\/pflegeassistenz-lehrbuch-fuer-pflegehilfe-und-pflegefachassistenz\\\/#breadcrumb\"},\"inLanguage\":\"de\",\"potentialAction\":[{\"@type\":\"ReadAction\",\"target\":[\"https:\\\/\\\/easyliferobo.com\\\/de\\\/product\\\/pflegeassistenz-lehrbuch-fuer-pflegehilfe-und-pflegefachassistenz\\\/\"]}]},{\"@type\":\"ImageObject\",\"inLanguage\":\"de\",\"@id\":\"https:\\\/\\\/easyliferobo.com\\\/de\\\/product\\\/pflegeassistenz-lehrbuch-fuer-pflegehilfe-und-pflegefachassistenz\\\/#primaryimage\",\"url\":\"https:\\\/\\\/easyliferobo.com\\\/de\\\/wp-content\\\/uploads\\\/2026\\\/02\\\/613Uw8Wvt9L._SL1500_.jpg\",\"contentUrl\":\"https:\\\/\\\/easyliferobo.com\\\/de\\\/wp-content\\\/uploads\\\/2026\\\/02\\\/613Uw8Wvt9L._SL1500_.jpg\",\"width\":1058,\"height\":1500},{\"@type\":\"BreadcrumbList\",\"@id\":\"https:\\\/\\\/easyliferobo.com\\\/de\\\/product\\\/pflegeassistenz-lehrbuch-fuer-pflegehilfe-und-pflegefachassistenz\\\/#breadcrumb\",\"itemListElement\":[{\"@type\":\"ListItem\",\"position\":1,\"name\":\"Home\",\"item\":\"https:\\\/\\\/easyliferobo.com\\\/de\\\/\"},{\"@type\":\"ListItem\",\"position\":2,\"name\":\"Shop\",\"item\":\"https:\\\/\\\/easyliferobo.com\\\/de\\\/shop\\\/\"},{\"@type\":\"ListItem\",\"position\":3,\"name\":\"Pflegeassistenz: Lehrbuch f\u00fcr Pfle...\"}]},{\"@type\":\"WebSite\",\"@id\":\"https:\\\/\\\/easyliferobo.com\\\/de\\\/#website\",\"url\":\"https:\\\/\\\/easyliferobo.com\\\/de\\\/\",\"name\":\"EasyLifeBro\",\"description\":\"Smarte Roboter f\u00fcr Zuhause, Garten &amp; Bildung\",\"publisher\":{\"@id\":\"https:\\\/\\\/easyliferobo.com\\\/de\\\/#organization\"},\"potentialAction\":[{\"@type\":\"SearchAction\",\"target\":{\"@type\":\"EntryPoint\",\"urlTemplate\":\"https:\\\/\\\/easyliferobo.com\\\/de\\\/?s={search_term_string}\"},\"query-input\":{\"@type\":\"PropertyValueSpecification\",\"valueRequired\":true,\"valueName\":\"search_term_string\"}}],\"inLanguage\":\"de\"},{\"@type\":\"Organization\",\"@id\":\"https:\\\/\\\/easyliferobo.com\\\/de\\\/#organization\",\"name\":\"EasyLifeBro\",\"url\":\"https:\\\/\\\/easyliferobo.com\\\/de\\\/\",\"logo\":{\"@type\":\"ImageObject\",\"inLanguage\":\"de\",\"@id\":\"https:\\\/\\\/easyliferobo.com\\\/de\\\/#\\\/schema\\\/logo\\\/image\\\/\",\"url\":\"https:\\\/\\\/easyliferobo.com\\\/de\\\/wp-content\\\/uploads\\\/2026\\\/02\\\/Screenshot-2026-02-22-at-2.25.03-PM.png\",\"contentUrl\":\"https:\\\/\\\/easyliferobo.com\\\/de\\\/wp-content\\\/uploads\\\/2026\\\/02\\\/Screenshot-2026-02-22-at-2.25.03-PM.png\",\"width\":1858,\"height\":430,\"caption\":\"EasyLifeBro\"},\"image\":{\"@id\":\"https:\\\/\\\/easyliferobo.com\\\/de\\\/#\\\/schema\\\/logo\\\/image\\\/\"}}]}<\/script>\n<!-- \/ Yoast SEO plugin. -->","yoast_head_json":{"title":"Pflegeassistenz: Lehrbuch f\u00fcr Pflegehilfe und Pflegefachassistenz - EasyLifeBro","description":"Entdecken Sie smarte Roboter f\u00fcr Zuhause, Garten, Bildung und Sicherheit. Vergleichen Sie Saugroboter, Rasenm\u00e4hroboter, KI-Begleitroboter und mehr bei EasyLifeRobo.","robots":{"index":"index","follow":"follow","max-snippet":"max-snippet:-1","max-image-preview":"max-image-preview:large","max-video-preview":"max-video-preview:-1"},"canonical":"https:\/\/easyliferobo.com\/de\/product\/pflegeassistenz-lehrbuch-fuer-pflegehilfe-und-pflegefachassistenz\/","og_locale":"de_DE","og_type":"article","og_title":"Pflegeassistenz: Lehrbuch f\u00fcr Pflegehilfe und Pflegefachassistenz - EasyLifeBro","og_description":"Entdecken Sie smarte Roboter f\u00fcr Zuhause, Garten, Bildung und Sicherheit. Vergleichen Sie Saugroboter, Rasenm\u00e4hroboter, KI-Begleitroboter und mehr bei EasyLifeRobo.","og_url":"https:\/\/easyliferobo.com\/de\/product\/pflegeassistenz-lehrbuch-fuer-pflegehilfe-und-pflegefachassistenz\/","og_site_name":"EasyLifeBro","article_modified_time":"2026-02-27T01:41:42+00:00","twitter_card":"summary_large_image","twitter_misc":{"Gesch\u00e4tzte Lesezeit":"1\u00a0Minute"},"schema":{"@context":"https:\/\/schema.org","@graph":[{"@type":"WebPage","@id":"https:\/\/easyliferobo.com\/de\/product\/pflegeassistenz-lehrbuch-fuer-pflegehilfe-und-pflegefachassistenz\/","url":"https:\/\/easyliferobo.com\/de\/product\/pflegeassistenz-lehrbuch-fuer-pflegehilfe-und-pflegefachassistenz\/","name":"Pflegeassistenz: Lehrbuch f\u00fcr Pflegehilfe und Pflegefachassistenz - EasyLifeBro","isPartOf":{"@id":"https:\/\/easyliferobo.com\/de\/#website"},"primaryImageOfPage":{"@id":"https:\/\/easyliferobo.com\/de\/product\/pflegeassistenz-lehrbuch-fuer-pflegehilfe-und-pflegefachassistenz\/#primaryimage"},"image":{"@id":"https:\/\/easyliferobo.com\/de\/product\/pflegeassistenz-lehrbuch-fuer-pflegehilfe-und-pflegefachassistenz\/#primaryimage"},"thumbnailUrl":"https:\/\/easyliferobo.com\/de\/wp-content\/uploads\/2026\/02\/613Uw8Wvt9L._SL1500_.jpg","datePublished":"2026-02-27T01:41:40+00:00","dateModified":"2026-02-27T01:41:42+00:00","description":"Entdecken Sie smarte Roboter f\u00fcr Zuhause, Garten, Bildung und Sicherheit. Vergleichen Sie Saugroboter, Rasenm\u00e4hroboter, KI-Begleitroboter und mehr bei EasyLifeRobo.","breadcrumb":{"@id":"https:\/\/easyliferobo.com\/de\/product\/pflegeassistenz-lehrbuch-fuer-pflegehilfe-und-pflegefachassistenz\/#breadcrumb"},"inLanguage":"de","potentialAction":[{"@type":"ReadAction","target":["https:\/\/easyliferobo.com\/de\/product\/pflegeassistenz-lehrbuch-fuer-pflegehilfe-und-pflegefachassistenz\/"]}]},{"@type":"ImageObject","inLanguage":"de","@id":"https:\/\/easyliferobo.com\/de\/product\/pflegeassistenz-lehrbuch-fuer-pflegehilfe-und-pflegefachassistenz\/#primaryimage","url":"https:\/\/easyliferobo.com\/de\/wp-content\/uploads\/2026\/02\/613Uw8Wvt9L._SL1500_.jpg","contentUrl":"https:\/\/easyliferobo.com\/de\/wp-content\/uploads\/2026\/02\/613Uw8Wvt9L._SL1500_.jpg","width":1058,"height":1500},{"@type":"BreadcrumbList","@id":"https:\/\/easyliferobo.com\/de\/product\/pflegeassistenz-lehrbuch-fuer-pflegehilfe-und-pflegefachassistenz\/#breadcrumb","itemListElement":[{"@type":"ListItem","position":1,"name":"Home","item":"https:\/\/easyliferobo.com\/de\/"},{"@type":"ListItem","position":2,"name":"Shop","item":"https:\/\/easyliferobo.com\/de\/shop\/"},{"@type":"ListItem","position":3,"name":"Pflegeassistenz: Lehrbuch f\u00fcr Pfle..."}]},{"@type":"WebSite","@id":"https:\/\/easyliferobo.com\/de\/#website","url":"https:\/\/easyliferobo.com\/de\/","name":"EasyLifeBro","description":"Smarte Roboter f\u00fcr Zuhause, Garten &amp; Bildung","publisher":{"@id":"https:\/\/easyliferobo.com\/de\/#organization"},"potentialAction":[{"@type":"SearchAction","target":{"@type":"EntryPoint","urlTemplate":"https:\/\/easyliferobo.com\/de\/?s={search_term_string}"},"query-input":{"@type":"PropertyValueSpecification","valueRequired":true,"valueName":"search_term_string"}}],"inLanguage":"de"},{"@type":"Organization","@id":"https:\/\/easyliferobo.com\/de\/#organization","name":"EasyLifeBro","url":"https:\/\/easyliferobo.com\/de\/","logo":{"@type":"ImageObject","inLanguage":"de","@id":"https:\/\/easyliferobo.com\/de\/#\/schema\/logo\/image\/","url":"https:\/\/easyliferobo.com\/de\/wp-content\/uploads\/2026\/02\/Screenshot-2026-02-22-at-2.25.03-PM.png","contentUrl":"https:\/\/easyliferobo.com\/de\/wp-content\/uploads\/2026\/02\/Screenshot-2026-02-22-at-2.25.03-PM.png","width":1858,"height":430,"caption":"EasyLifeBro"},"image":{"@id":"https:\/\/easyliferobo.com\/de\/#\/schema\/logo\/image\/"}}]}},"_links":{"self":[{"href":"https:\/\/easyliferobo.com\/de\/wp-json\/wp\/v2\/product\/1880","targetHints":{"allow":["GET"]}}],"collection":[{"href":"https:\/\/easyliferobo.com\/de\/wp-json\/wp\/v2\/product"}],"about":[{"href":"https:\/\/easyliferobo.com\/de\/wp-json\/wp\/v2\/types\/product"}],"replies":[{"embeddable":true,"href":"https:\/\/easyliferobo.com\/de\/wp-json\/wp\/v2\/comments?post=1880"}],"wp:featuredmedia":[{"embeddable":true,"href":"https:\/\/easyliferobo.com\/de\/wp-json\/wp\/v2\/media\/1881"}],"wp:attachment":[{"href":"https:\/\/easyliferobo.com\/de\/wp-json\/wp\/v2\/media?parent=1880"}],"wp:term":[{"taxonomy":"store","embeddable":true,"href":"https:\/\/easyliferobo.com\/de\/wp-json\/wp\/v2\/store?post=1880"},{"taxonomy":"product_brand","embeddable":true,"href":"https:\/\/easyliferobo.com\/de\/wp-json\/wp\/v2\/product_brand?post=1880"},{"taxonomy":"product_cat","embeddable":true,"href":"https:\/\/easyliferobo.com\/de\/wp-json\/wp\/v2\/product_cat?post=1880"},{"taxonomy":"product_tag","embeddable":true,"href":"https:\/\/easyliferobo.com\/de\/wp-json\/wp\/v2\/product_tag?post=1880"}],"curies":[{"name":"wp","href":"https:\/\/api.w.org\/{rel}","templated":true}]}}