
{"id":1870,"date":"2026-02-27T01:40:11","date_gmt":"2026-02-27T01:40:11","guid":{"rendered":"https:\/\/easyliferobo.com\/de\/product\/ezviz-5mp-schwenk-und-neige-wlan-ueberwachungskamera-fuer-den-aussenbereich-360-ueberwachung-personen-fahrzeugerkennung-zwei-wege-audio-automatische-verfolgung-farbnachtsicht-wetterfest\/"},"modified":"2026-02-27T01:40:30","modified_gmt":"2026-02-27T01:40:30","slug":"ezviz-5mp-schwenk-und-neige-wlan-ueberwachungskamera-fuer-den-aussenbereich-360-ueberwachung-personen-fahrzeugerkennung-zwei-wege-audio-automatische-verfolgung-farbnachtsicht-wetterfest","status":"publish","type":"product","link":"https:\/\/easyliferobo.com\/de\/product\/ezviz-5mp-schwenk-und-neige-wlan-ueberwachungskamera-fuer-den-aussenbereich-360-ueberwachung-personen-fahrzeugerkennung-zwei-wege-audio-automatische-verfolgung-farbnachtsicht-wetterfest\/","title":{"rendered":"EZVIZ 5MP Schwenk- und Neige-WLAN-?..."},"content":{"rendered":"<p>\n                                             Von der Marke   <\/p>\n<p>                                              <img decoding=\"async\" alt=\"Der Turm der Zukunft\" src=\"https:\/\/images-na.ssl-images-amazon.com\/images\/G\/01\/x-locale\/common\/grey-pixel.gif\" class=\"a-lazy-loaded\" data-src=\"https:\/\/m.media-amazon.com\/images\/S\/aplus-media-library-service-media\/8ccfd68c-c375-4faf-9c00-317ca3985ace.__CR0,0,1464,625_PT0_SX1464_V1___.jpg\"><img decoding=\"async\" alt=\"Der Turm der Zukunft\" src=\"https:\/\/m.media-amazon.com\/images\/S\/aplus-media-library-service-media\/8ccfd68c-c375-4faf-9c00-317ca3985ace.__CR0,0,1464,625_PT0_SX1464_V1___.jpg\">  <\/p>\n<p>                                              <img decoding=\"async\" alt=\"Aplus-Inhaltsbild\" src=\"https:\/\/images-na.ssl-images-amazon.com\/images\/G\/01\/x-locale\/common\/grey-pixel.gif\" class=\"a-lazy-loaded\" data-src=\"https:\/\/m.media-amazon.com\/images\/S\/aplus-media-library-service-media\/141c6360-a207-4416-977f-05ae83603767.__CR0,0,362,453_PT0_SX362_V1___.jpg\"><img decoding=\"async\" alt=\"Aplus-Inhaltsbild\" src=\"https:\/\/m.media-amazon.com\/images\/S\/aplus-media-library-service-media\/141c6360-a207-4416-977f-05ae83603767.__CR0,0,362,453_PT0_SX362_V1___.jpg\">  <\/p>\n<h3>  EZVIZ-Au\u00dfenkamera <\/h3>\n<p class=\"apm-brand-story-stores-link\">\n<h3>  EZVIZ kabellose Batteriekamera <\/h3>\n<p class=\"apm-brand-story-stores-link\">\n<h3>  EZVIZ Video-T\u00fcrklingeln <\/h3>\n<p class=\"apm-brand-story-stores-link\">\n<p>                                              <img decoding=\"async\" alt=\"Infografik mit EZVIZ-App-Statistiken: Mehr als 130 L\u00e4nder\/Regionen bedient, mehr als 54 Millionen monatlich aktive Benutzer und mehr als 254 Millionen IoT-Ger\u00e4te seit 2013 verbunden.\" src=\"https:\/\/images-na.ssl-images-amazon.com\/images\/G\/01\/x-locale\/common\/grey-pixel.gif\" class=\"a-lazy-loaded\" data-src=\"https:\/\/m.media-amazon.com\/images\/S\/aplus-media-library-service-media\/acf593a0-658d-46cd-8bd9-466c59e79166.__CR0,0,362,453_PT0_SX362_V1___.jpg\"><img decoding=\"async\" alt=\"Infografik mit EZVIZ-App-Statistiken: Mehr als 130 L\u00e4nder\/Regionen bedient, mehr als 54 Millionen monatlich aktive Benutzer und mehr als 254 Millionen IoT-Ger\u00e4te seit 2013 verbunden.\" src=\"https:\/\/m.media-amazon.com\/images\/S\/aplus-media-library-service-media\/acf593a0-658d-46cd-8bd9-466c59e79166.__CR0,0,362,453_PT0_SX362_V1___.jpg\">  <\/p>\n<p>                                              <img decoding=\"async\" alt=\"EZVIZ-Smart-Home-Sicherheitsger\u00e4te auf wei\u00dfen Sockeln vor blauem Himmelshintergrund. Zu den Produkten geh\u00f6ren Kameras, T\u00fcrklingeln und Bedienfelder.\" src=\"https:\/\/images-na.ssl-images-amazon.com\/images\/G\/01\/x-locale\/common\/grey-pixel.gif\" class=\"a-lazy-loaded\" data-src=\"https:\/\/m.media-amazon.com\/images\/S\/aplus-media-library-service-media\/0f52f568-bb4b-4f62-9412-f4cc72be0c57.__CR0,0,362,453_PT0_SX362_V1___.png\"><img decoding=\"async\" alt=\"EZVIZ-Smart-Home-Sicherheitsger\u00e4te auf wei\u00dfen Sockeln vor blauem Himmelshintergrund. Zu den Produkten geh\u00f6ren Kameras, T\u00fcrklingeln und Bedienfelder.\" src=\"https:\/\/m.media-amazon.com\/images\/S\/aplus-media-library-service-media\/0f52f568-bb4b-4f62-9412-f4cc72be0c57.__CR0,0,362,453_PT0_SX362_V1___.png\">  <\/p>\n<p>                                              <img decoding=\"async\" alt=\"Aplus-Inhaltsbild\" src=\"https:\/\/images-na.ssl-images-amazon.com\/images\/G\/01\/x-locale\/common\/grey-pixel.gif\" class=\"a-lazy-loaded\" data-src=\"https:\/\/m.media-amazon.com\/images\/S\/aplus-media-library-service-media\/cd4f4c67-463b-4da3-b377-4340f6096dfe.__CR0,0,362,453_PT0_SX362_V1___.jpg\"><img decoding=\"async\" alt=\"Aplus-Inhaltsbild\" src=\"https:\/\/m.media-amazon.com\/images\/S\/aplus-media-library-service-media\/cd4f4c67-463b-4da3-b377-4340f6096dfe.__CR0,0,362,453_PT0_SX362_V1___.jpg\">  <\/p>\n<p>                                              <img decoding=\"async\" alt=\"EZVIZ-Kamera-App-Schnittstelle auf dem Smartphone, die Live-Video-Feeds und mehrere Kameraansichten anzeigt. Kreisf\u00f6rmige Einf\u00fcgungen zeigen Menschen, die die App in verschiedenen h\u00e4uslichen Umgebungen nutzen.\" src=\"https:\/\/images-na.ssl-images-amazon.com\/images\/G\/01\/x-locale\/common\/grey-pixel.gif\" class=\"a-lazy-loaded\" data-src=\"https:\/\/m.media-amazon.com\/images\/S\/aplus-media-library-service-media\/a22007d8-9c9b-49b5-8a75-ef94c9333162.__CR0,0,362,453_PT0_SX362_V1___.png\"><img decoding=\"async\" alt=\"EZVIZ-Kamera-App-Schnittstelle auf dem Smartphone, die Live-Video-Feeds und mehrere Kameraansichten anzeigt. Kreisf\u00f6rmige Einf\u00fcgungen zeigen Menschen, die die App in verschiedenen h\u00e4uslichen Umgebungen nutzen.\" src=\"https:\/\/m.media-amazon.com\/images\/S\/aplus-media-library-service-media\/a22007d8-9c9b-49b5-8a75-ef94c9333162.__CR0,0,362,453_PT0_SX362_V1___.png\">  <\/p>\n<p>                                              <img decoding=\"async\" alt=\"\u54c1\u724c\u6545\u4e8b3\" src=\"https:\/\/images-na.ssl-images-amazon.com\/images\/G\/01\/x-locale\/common\/grey-pixel.gif\" class=\"a-lazy-loaded\" data-src=\"https:\/\/m.media-amazon.com\/images\/S\/aplus-media-library-service-media\/6bf1e066-2f43-4d08-9fd3-b7c0456d2561.__CR0,0,724,906_PT0_SX362_V1___.png\"><img decoding=\"async\" alt=\"\u54c1\u724c\u6545\u4e8b3\" src=\"https:\/\/m.media-amazon.com\/images\/S\/aplus-media-library-service-media\/6bf1e066-2f43-4d08-9fd3-b7c0456d2561.__CR0,0,724,906_PT0_SX362_V1___.png\">  <\/p>\n<p>Personen-\/Fahrzeugerkennung und automatische Zoomverfolgung: Mit der fortschrittlichen intelligenten KI-Bewegungserkennung kann diese IP-Kamera Personen und Fahrzeuge von anderen Objekten unterscheiden. Mit einem Blick auf das Telefon k\u00f6nnen Sie sofort erkennen, was Warnungen ausl\u00f6st. Gleichzeitig kann die WLAN-Kamera der sich bewegenden Person automatisch folgen und Ihnen mehr Sicherheit bieten.<br \/>5MP PTZ-Kamera und Zwei-Wege-Audio: Die Au\u00dfenkamera l\u00e4sst sich um 350\u00b0 schwenken und um 80\u00b0 neigen, um gro\u00dfe Bilder in 3K-Aufl\u00f6sung lebendig darzustellen. Nutzen Sie au\u00dferdem einfach Ihr Smartphone, um alle Personen zu sehen, zu h\u00f6ren und mit ihnen zu sprechen, die sich in Ihrem \u00fcberwachten Bereich befinden.<br \/>Farbnachtsicht und aktive Verteidigung: Das F1,6-Objektiv mit gro\u00dfer Blende bringt mehr Licht, sodass Sie die aufgenommenen Bilder auch nachts farbenfroh finden. Sobald Eindringlinge erkannt werden, l\u00f6st die Kamera eine laute Sirene und Blitzlichter aus, um sie abzuschrecken.<br \/>Mit einem Klick zur\u00fcck zum voreingestellten Winkel: Egal wie kompliziert die Nachf\u00fchrung ist, die Au\u00dfenkamera wei\u00df immer, wie sie wieder zu Ihrer bevorzugten Perspektive gelangt. \u00dcber die EZVIZ-App k\u00f6nnen Sie bis zu 12 Winkel einstellen. Klicken Sie einfach auf einen voreingestellten Punkt und die Kamera kehrt automatisch zu diesem Winkel zur\u00fcck.<br \/>Stabile WLAN-Verbindung und wetterfestes Design: Diese Au\u00dfenkamera erh\u00f6ht dank ihrer leistungsstarken Doppelantennen die WLAN-Abdeckung auf bis zu 220 m und bietet auch kabelgebundene Optionen f\u00fcr noch mehr Komfort. Und wetterfest ist diese Outdoor-Kamera auch noch.<\/p>\n<p>[ad_2]<\/p>\n","protected":false},"excerpt":{"rendered":"<p>Von der Marke EZVIZ-Au\u00dfenkamera EZVIZ kabellose Batteriekamera EZVIZ Video-T\u00fcrklingeln Personen-\/Fahrzeugerkennung und automatische Zoomverfolgung: Mit der fortschrittlichen intelligenten KI-Bewegungserkennung kann diese IP-Kamera Personen und Fahrzeuge von anderen Objekten unterscheiden. Mit einem Blick auf das Telefon k\u00f6nnen Sie sofort erkennen, was Warnungen ausl\u00f6st. Gleichzeitig kann die WLAN-Kamera der sich bewegenden Person automatisch folgen und Ihnen mehr Sicherheit [&hellip;]<\/p>\n","protected":false},"featured_media":1871,"comment_status":"open","ping_status":"closed","template":"","meta":{"_aipt_faq_data":""},"store":[],"product_brand":[354],"product_cat":[113],"product_tag":[353],"class_list":{"0":"post-1870","1":"product","2":"type-product","3":"status-publish","4":"has-post-thumbnail","6":"product_brand-ezviz","7":"product_cat-ueberwachungsroboter","8":"product_tag-ueberwachungsroboter-mit-bewegungsmelder","10":"first","11":"instock","12":"sale","13":"shipping-taxable","14":"product-type-external"},"yoast_head":"<!-- This site is optimized with the Yoast SEO plugin v27.0 - https:\/\/yoast.com\/product\/yoast-seo-wordpress\/ -->\n<title>EZVIZ 5MP Schwenk- und Neige-WLAN-\u00dcberwachungskamera f\u00fcr den Au\u00dfenbereich, 360\u00b0-\u00dcberwachung, Personen-\/Fahrzeugerkennung, Zwei-Wege-Audio, automatische Verfolgung, Farbnachtsicht, wetterfest, H.265-Videotechnologie, C8c 3K - EasyLifeBro<\/title>\n<meta name=\"description\" content=\"Entdecken Sie smarte Roboter f\u00fcr Zuhause, Garten, Bildung und Sicherheit. Vergleichen Sie Saugroboter, Rasenm\u00e4hroboter, KI-Begleitroboter und mehr bei EasyLifeRobo.\" \/>\n<meta name=\"robots\" content=\"index, follow, max-snippet:-1, max-image-preview:large, max-video-preview:-1\" \/>\n<link rel=\"canonical\" href=\"https:\/\/easyliferobo.com\/de\/product\/ezviz-5mp-schwenk-und-neige-wlan-ueberwachungskamera-fuer-den-aussenbereich-360-ueberwachung-personen-fahrzeugerkennung-zwei-wege-audio-automatische-verfolgung-farbnachtsicht-wetterfest\/\" \/>\n<meta property=\"og:locale\" content=\"de_DE\" \/>\n<meta property=\"og:type\" content=\"article\" \/>\n<meta property=\"og:title\" content=\"EZVIZ 5MP Schwenk- und Neige-WLAN-\u00dcberwachungskamera f\u00fcr den Au\u00dfenbereich, 360\u00b0-\u00dcberwachung, Personen-\/Fahrzeugerkennung, Zwei-Wege-Audio, automatische Verfolgung, Farbnachtsicht, wetterfest, H.265-Videotechnologie, C8c 3K - EasyLifeBro\" \/>\n<meta property=\"og:description\" content=\"Entdecken Sie smarte Roboter f\u00fcr Zuhause, Garten, Bildung und Sicherheit. Vergleichen Sie Saugroboter, Rasenm\u00e4hroboter, KI-Begleitroboter und mehr bei EasyLifeRobo.\" \/>\n<meta property=\"og:url\" content=\"https:\/\/easyliferobo.com\/de\/product\/ezviz-5mp-schwenk-und-neige-wlan-ueberwachungskamera-fuer-den-aussenbereich-360-ueberwachung-personen-fahrzeugerkennung-zwei-wege-audio-automatische-verfolgung-farbnachtsicht-wetterfest\/\" \/>\n<meta property=\"og:site_name\" content=\"EasyLifeBro\" \/>\n<meta property=\"article:modified_time\" content=\"2026-02-27T01:40:30+00:00\" \/>\n<meta property=\"og:image\" content=\"https:\/\/easyliferobo.com\/de\/wp-content\/uploads\/2026\/02\/51CVh0O50EL._AC_SL1500_.jpg\" \/>\n\t<meta property=\"og:image:width\" content=\"1090\" \/>\n\t<meta property=\"og:image:height\" content=\"1266\" \/>\n\t<meta property=\"og:image:type\" content=\"image\/jpeg\" \/>\n<meta name=\"twitter:card\" content=\"summary_large_image\" \/>\n<meta name=\"twitter:label1\" content=\"Gesch\u00e4tzte Lesezeit\" \/>\n\t<meta name=\"twitter:data1\" content=\"1\u00a0Minute\" \/>\n<script type=\"application\/ld+json\" class=\"yoast-schema-graph\">{\"@context\":\"https:\/\/schema.org\",\"@graph\":[{\"@type\":\"WebPage\",\"@id\":\"https:\/\/easyliferobo.com\/de\/product\/ezviz-5mp-schwenk-und-neige-wlan-ueberwachungskamera-fuer-den-aussenbereich-360-ueberwachung-personen-fahrzeugerkennung-zwei-wege-audio-automatische-verfolgung-farbnachtsicht-wetterfest\/\",\"url\":\"https:\/\/easyliferobo.com\/de\/product\/ezviz-5mp-schwenk-und-neige-wlan-ueberwachungskamera-fuer-den-aussenbereich-360-ueberwachung-personen-fahrzeugerkennung-zwei-wege-audio-automatische-verfolgung-farbnachtsicht-wetterfest\/\",\"name\":\"EZVIZ 5MP Schwenk- und Neige-WLAN-\u00dcberwachungskamera f\u00fcr den Au\u00dfenbereich, 360\u00b0-\u00dcberwachung, Personen-\/Fahrzeugerkennung, Zwei-Wege-Audio, automatische Verfolgung, Farbnachtsicht, wetterfest, H.265-Videotechnologie, C8c 3K - EasyLifeBro\",\"isPartOf\":{\"@id\":\"https:\/\/easyliferobo.com\/de\/#website\"},\"primaryImageOfPage\":{\"@id\":\"https:\/\/easyliferobo.com\/de\/product\/ezviz-5mp-schwenk-und-neige-wlan-ueberwachungskamera-fuer-den-aussenbereich-360-ueberwachung-personen-fahrzeugerkennung-zwei-wege-audio-automatische-verfolgung-farbnachtsicht-wetterfest\/#primaryimage\"},\"image\":{\"@id\":\"https:\/\/easyliferobo.com\/de\/product\/ezviz-5mp-schwenk-und-neige-wlan-ueberwachungskamera-fuer-den-aussenbereich-360-ueberwachung-personen-fahrzeugerkennung-zwei-wege-audio-automatische-verfolgung-farbnachtsicht-wetterfest\/#primaryimage\"},\"thumbnailUrl\":\"https:\/\/easyliferobo.com\/de\/wp-content\/uploads\/2026\/02\/51CVh0O50EL._AC_SL1500_.jpg\",\"datePublished\":\"2026-02-27T01:40:11+00:00\",\"dateModified\":\"2026-02-27T01:40:30+00:00\",\"description\":\"Entdecken Sie smarte Roboter f\u00fcr Zuhause, Garten, Bildung und Sicherheit. Vergleichen Sie Saugroboter, Rasenm\u00e4hroboter, KI-Begleitroboter und mehr bei EasyLifeRobo.\",\"breadcrumb\":{\"@id\":\"https:\/\/easyliferobo.com\/de\/product\/ezviz-5mp-schwenk-und-neige-wlan-ueberwachungskamera-fuer-den-aussenbereich-360-ueberwachung-personen-fahrzeugerkennung-zwei-wege-audio-automatische-verfolgung-farbnachtsicht-wetterfest\/#breadcrumb\"},\"inLanguage\":\"de\",\"potentialAction\":[{\"@type\":\"ReadAction\",\"target\":[\"https:\/\/easyliferobo.com\/de\/product\/ezviz-5mp-schwenk-und-neige-wlan-ueberwachungskamera-fuer-den-aussenbereich-360-ueberwachung-personen-fahrzeugerkennung-zwei-wege-audio-automatische-verfolgung-farbnachtsicht-wetterfest\/\"]}]},{\"@type\":\"ImageObject\",\"inLanguage\":\"de\",\"@id\":\"https:\/\/easyliferobo.com\/de\/product\/ezviz-5mp-schwenk-und-neige-wlan-ueberwachungskamera-fuer-den-aussenbereich-360-ueberwachung-personen-fahrzeugerkennung-zwei-wege-audio-automatische-verfolgung-farbnachtsicht-wetterfest\/#primaryimage\",\"url\":\"https:\/\/easyliferobo.com\/de\/wp-content\/uploads\/2026\/02\/51CVh0O50EL._AC_SL1500_.jpg\",\"contentUrl\":\"https:\/\/easyliferobo.com\/de\/wp-content\/uploads\/2026\/02\/51CVh0O50EL._AC_SL1500_.jpg\",\"width\":1090,\"height\":1266},{\"@type\":\"BreadcrumbList\",\"@id\":\"https:\/\/easyliferobo.com\/de\/product\/ezviz-5mp-schwenk-und-neige-wlan-ueberwachungskamera-fuer-den-aussenbereich-360-ueberwachung-personen-fahrzeugerkennung-zwei-wege-audio-automatische-verfolgung-farbnachtsicht-wetterfest\/#breadcrumb\",\"itemListElement\":[{\"@type\":\"ListItem\",\"position\":1,\"name\":\"Home\",\"item\":\"https:\/\/easyliferobo.com\/de\/\"},{\"@type\":\"ListItem\",\"position\":2,\"name\":\"Shop\",\"item\":\"https:\/\/easyliferobo.com\/de\/shop\/\"},{\"@type\":\"ListItem\",\"position\":3,\"name\":\"EZVIZ 5MP Schwenk- und Neige-WLAN-\u00dcberwachungskamera f\u00fcr den Au\u00dfenbereich, 360\u00b0-\u00dcberwachung, Personen-\/Fahrzeugerkennung, Zwei-Wege-Audio, automatische Verfolgung, Farbnachtsicht, wetterfest, H.265-Videotechnologie, C8c 3K\"}]},{\"@type\":\"WebSite\",\"@id\":\"https:\/\/easyliferobo.com\/de\/#website\",\"url\":\"https:\/\/easyliferobo.com\/de\/\",\"name\":\"EasyLifeBro\",\"description\":\"Smarte Roboter f\u00fcr Zuhause, Garten &amp; Bildung\",\"publisher\":{\"@id\":\"https:\/\/easyliferobo.com\/de\/#organization\"},\"potentialAction\":[{\"@type\":\"SearchAction\",\"target\":{\"@type\":\"EntryPoint\",\"urlTemplate\":\"https:\/\/easyliferobo.com\/de\/?s={search_term_string}\"},\"query-input\":{\"@type\":\"PropertyValueSpecification\",\"valueRequired\":true,\"valueName\":\"search_term_string\"}}],\"inLanguage\":\"de\"},{\"@type\":\"Organization\",\"@id\":\"https:\/\/easyliferobo.com\/de\/#organization\",\"name\":\"EasyLifeBro\",\"url\":\"https:\/\/easyliferobo.com\/de\/\",\"logo\":{\"@type\":\"ImageObject\",\"inLanguage\":\"de\",\"@id\":\"https:\/\/easyliferobo.com\/de\/#\/schema\/logo\/image\/\",\"url\":\"https:\/\/easyliferobo.com\/de\/wp-content\/uploads\/2026\/02\/Screenshot-2026-02-22-at-2.25.03-PM.png\",\"contentUrl\":\"https:\/\/easyliferobo.com\/de\/wp-content\/uploads\/2026\/02\/Screenshot-2026-02-22-at-2.25.03-PM.png\",\"width\":1858,\"height\":430,\"caption\":\"EasyLifeBro\"},\"image\":{\"@id\":\"https:\/\/easyliferobo.com\/de\/#\/schema\/logo\/image\/\"}}]}<\/script>\n<!-- \/ Yoast SEO plugin. -->","yoast_head_json":{"title":"EZVIZ 5MP Schwenk- und Neige-WLAN-\u00dcberwachungskamera f\u00fcr den Au\u00dfenbereich, 360\u00b0-\u00dcberwachung, Personen-\/Fahrzeugerkennung, Zwei-Wege-Audio, automatische Verfolgung, Farbnachtsicht, wetterfest, H.265-Videotechnologie, C8c 3K - EasyLifeBro","description":"Entdecken Sie smarte Roboter f\u00fcr Zuhause, Garten, Bildung und Sicherheit. Vergleichen Sie Saugroboter, Rasenm\u00e4hroboter, KI-Begleitroboter und mehr bei EasyLifeRobo.","robots":{"index":"index","follow":"follow","max-snippet":"max-snippet:-1","max-image-preview":"max-image-preview:large","max-video-preview":"max-video-preview:-1"},"canonical":"https:\/\/easyliferobo.com\/de\/product\/ezviz-5mp-schwenk-und-neige-wlan-ueberwachungskamera-fuer-den-aussenbereich-360-ueberwachung-personen-fahrzeugerkennung-zwei-wege-audio-automatische-verfolgung-farbnachtsicht-wetterfest\/","og_locale":"de_DE","og_type":"article","og_title":"EZVIZ 5MP Schwenk- und Neige-WLAN-\u00dcberwachungskamera f\u00fcr den Au\u00dfenbereich, 360\u00b0-\u00dcberwachung, Personen-\/Fahrzeugerkennung, Zwei-Wege-Audio, automatische Verfolgung, Farbnachtsicht, wetterfest, H.265-Videotechnologie, C8c 3K - EasyLifeBro","og_description":"Entdecken Sie smarte Roboter f\u00fcr Zuhause, Garten, Bildung und Sicherheit. Vergleichen Sie Saugroboter, Rasenm\u00e4hroboter, KI-Begleitroboter und mehr bei EasyLifeRobo.","og_url":"https:\/\/easyliferobo.com\/de\/product\/ezviz-5mp-schwenk-und-neige-wlan-ueberwachungskamera-fuer-den-aussenbereich-360-ueberwachung-personen-fahrzeugerkennung-zwei-wege-audio-automatische-verfolgung-farbnachtsicht-wetterfest\/","og_site_name":"EasyLifeBro","article_modified_time":"2026-02-27T01:40:30+00:00","og_image":[{"width":1090,"height":1266,"url":"https:\/\/easyliferobo.com\/de\/wp-content\/uploads\/2026\/02\/51CVh0O50EL._AC_SL1500_.jpg","type":"image\/jpeg"}],"twitter_card":"summary_large_image","twitter_misc":{"Gesch\u00e4tzte Lesezeit":"1\u00a0Minute"},"schema":{"@context":"https:\/\/schema.org","@graph":[{"@type":"WebPage","@id":"https:\/\/easyliferobo.com\/de\/product\/ezviz-5mp-schwenk-und-neige-wlan-ueberwachungskamera-fuer-den-aussenbereich-360-ueberwachung-personen-fahrzeugerkennung-zwei-wege-audio-automatische-verfolgung-farbnachtsicht-wetterfest\/","url":"https:\/\/easyliferobo.com\/de\/product\/ezviz-5mp-schwenk-und-neige-wlan-ueberwachungskamera-fuer-den-aussenbereich-360-ueberwachung-personen-fahrzeugerkennung-zwei-wege-audio-automatische-verfolgung-farbnachtsicht-wetterfest\/","name":"EZVIZ 5MP Schwenk- und Neige-WLAN-\u00dcberwachungskamera f\u00fcr den Au\u00dfenbereich, 360\u00b0-\u00dcberwachung, Personen-\/Fahrzeugerkennung, Zwei-Wege-Audio, automatische Verfolgung, Farbnachtsicht, wetterfest, H.265-Videotechnologie, C8c 3K - EasyLifeBro","isPartOf":{"@id":"https:\/\/easyliferobo.com\/de\/#website"},"primaryImageOfPage":{"@id":"https:\/\/easyliferobo.com\/de\/product\/ezviz-5mp-schwenk-und-neige-wlan-ueberwachungskamera-fuer-den-aussenbereich-360-ueberwachung-personen-fahrzeugerkennung-zwei-wege-audio-automatische-verfolgung-farbnachtsicht-wetterfest\/#primaryimage"},"image":{"@id":"https:\/\/easyliferobo.com\/de\/product\/ezviz-5mp-schwenk-und-neige-wlan-ueberwachungskamera-fuer-den-aussenbereich-360-ueberwachung-personen-fahrzeugerkennung-zwei-wege-audio-automatische-verfolgung-farbnachtsicht-wetterfest\/#primaryimage"},"thumbnailUrl":"https:\/\/easyliferobo.com\/de\/wp-content\/uploads\/2026\/02\/51CVh0O50EL._AC_SL1500_.jpg","datePublished":"2026-02-27T01:40:11+00:00","dateModified":"2026-02-27T01:40:30+00:00","description":"Entdecken Sie smarte Roboter f\u00fcr Zuhause, Garten, Bildung und Sicherheit. Vergleichen Sie Saugroboter, Rasenm\u00e4hroboter, KI-Begleitroboter und mehr bei EasyLifeRobo.","breadcrumb":{"@id":"https:\/\/easyliferobo.com\/de\/product\/ezviz-5mp-schwenk-und-neige-wlan-ueberwachungskamera-fuer-den-aussenbereich-360-ueberwachung-personen-fahrzeugerkennung-zwei-wege-audio-automatische-verfolgung-farbnachtsicht-wetterfest\/#breadcrumb"},"inLanguage":"de","potentialAction":[{"@type":"ReadAction","target":["https:\/\/easyliferobo.com\/de\/product\/ezviz-5mp-schwenk-und-neige-wlan-ueberwachungskamera-fuer-den-aussenbereich-360-ueberwachung-personen-fahrzeugerkennung-zwei-wege-audio-automatische-verfolgung-farbnachtsicht-wetterfest\/"]}]},{"@type":"ImageObject","inLanguage":"de","@id":"https:\/\/easyliferobo.com\/de\/product\/ezviz-5mp-schwenk-und-neige-wlan-ueberwachungskamera-fuer-den-aussenbereich-360-ueberwachung-personen-fahrzeugerkennung-zwei-wege-audio-automatische-verfolgung-farbnachtsicht-wetterfest\/#primaryimage","url":"https:\/\/easyliferobo.com\/de\/wp-content\/uploads\/2026\/02\/51CVh0O50EL._AC_SL1500_.jpg","contentUrl":"https:\/\/easyliferobo.com\/de\/wp-content\/uploads\/2026\/02\/51CVh0O50EL._AC_SL1500_.jpg","width":1090,"height":1266},{"@type":"BreadcrumbList","@id":"https:\/\/easyliferobo.com\/de\/product\/ezviz-5mp-schwenk-und-neige-wlan-ueberwachungskamera-fuer-den-aussenbereich-360-ueberwachung-personen-fahrzeugerkennung-zwei-wege-audio-automatische-verfolgung-farbnachtsicht-wetterfest\/#breadcrumb","itemListElement":[{"@type":"ListItem","position":1,"name":"Home","item":"https:\/\/easyliferobo.com\/de\/"},{"@type":"ListItem","position":2,"name":"Shop","item":"https:\/\/easyliferobo.com\/de\/shop\/"},{"@type":"ListItem","position":3,"name":"EZVIZ 5MP Schwenk- und Neige-WLAN-\u00dcberwachungskamera f\u00fcr den Au\u00dfenbereich, 360\u00b0-\u00dcberwachung, Personen-\/Fahrzeugerkennung, Zwei-Wege-Audio, automatische Verfolgung, Farbnachtsicht, wetterfest, H.265-Videotechnologie, C8c 3K"}]},{"@type":"WebSite","@id":"https:\/\/easyliferobo.com\/de\/#website","url":"https:\/\/easyliferobo.com\/de\/","name":"EasyLifeBro","description":"Smarte Roboter f\u00fcr Zuhause, Garten &amp; Bildung","publisher":{"@id":"https:\/\/easyliferobo.com\/de\/#organization"},"potentialAction":[{"@type":"SearchAction","target":{"@type":"EntryPoint","urlTemplate":"https:\/\/easyliferobo.com\/de\/?s={search_term_string}"},"query-input":{"@type":"PropertyValueSpecification","valueRequired":true,"valueName":"search_term_string"}}],"inLanguage":"de"},{"@type":"Organization","@id":"https:\/\/easyliferobo.com\/de\/#organization","name":"EasyLifeBro","url":"https:\/\/easyliferobo.com\/de\/","logo":{"@type":"ImageObject","inLanguage":"de","@id":"https:\/\/easyliferobo.com\/de\/#\/schema\/logo\/image\/","url":"https:\/\/easyliferobo.com\/de\/wp-content\/uploads\/2026\/02\/Screenshot-2026-02-22-at-2.25.03-PM.png","contentUrl":"https:\/\/easyliferobo.com\/de\/wp-content\/uploads\/2026\/02\/Screenshot-2026-02-22-at-2.25.03-PM.png","width":1858,"height":430,"caption":"EasyLifeBro"},"image":{"@id":"https:\/\/easyliferobo.com\/de\/#\/schema\/logo\/image\/"}}]}},"_links":{"self":[{"href":"https:\/\/easyliferobo.com\/de\/wp-json\/wp\/v2\/product\/1870","targetHints":{"allow":["GET"]}}],"collection":[{"href":"https:\/\/easyliferobo.com\/de\/wp-json\/wp\/v2\/product"}],"about":[{"href":"https:\/\/easyliferobo.com\/de\/wp-json\/wp\/v2\/types\/product"}],"replies":[{"embeddable":true,"href":"https:\/\/easyliferobo.com\/de\/wp-json\/wp\/v2\/comments?post=1870"}],"wp:featuredmedia":[{"embeddable":true,"href":"https:\/\/easyliferobo.com\/de\/wp-json\/wp\/v2\/media\/1871"}],"wp:attachment":[{"href":"https:\/\/easyliferobo.com\/de\/wp-json\/wp\/v2\/media?parent=1870"}],"wp:term":[{"taxonomy":"store","embeddable":true,"href":"https:\/\/easyliferobo.com\/de\/wp-json\/wp\/v2\/store?post=1870"},{"taxonomy":"product_brand","embeddable":true,"href":"https:\/\/easyliferobo.com\/de\/wp-json\/wp\/v2\/product_brand?post=1870"},{"taxonomy":"product_cat","embeddable":true,"href":"https:\/\/easyliferobo.com\/de\/wp-json\/wp\/v2\/product_cat?post=1870"},{"taxonomy":"product_tag","embeddable":true,"href":"https:\/\/easyliferobo.com\/de\/wp-json\/wp\/v2\/product_tag?post=1870"}],"curies":[{"name":"wp","href":"https:\/\/api.w.org\/{rel}","templated":true}]}}