
{"id":1861,"date":"2026-02-27T01:39:05","date_gmt":"2026-02-27T01:39:05","guid":{"rendered":"https:\/\/easyliferobo.com\/de\/product\/endoskopkamera-mit-licht-hopefox-drehbare-inspektionskamera-43-zoll-1080p-ip67-wasserdichter-rohrkamerakanal-endoskopkamera-mit-8-leds-32g-karte-und-tragetasche-15-m\/"},"modified":"2026-02-27T01:39:25","modified_gmt":"2026-02-27T01:39:25","slug":"endoskopkamera-mit-licht-hopefox-drehbare-inspektionskamera-43-zoll-1080p-ip67-wasserdichter-rohrkamerakanal-endoskopkamera-mit-8-leds-32g-karte-und-tragetasche-15-m","status":"publish","type":"product","link":"https:\/\/easyliferobo.com\/de\/product\/endoskopkamera-mit-licht-hopefox-drehbare-inspektionskamera-43-zoll-1080p-ip67-wasserdichter-rohrkamerakanal-endoskopkamera-mit-8-leds-32g-karte-und-tragetasche-15-m\/","title":{"rendered":"Endoskopkamera mit Licht, Hopefox D..."},"content":{"rendered":"<p>\n                                             Produktbeschreibung   <\/p>\n<p>                                                                                                       <img decoding=\"async\" alt=\"Werbung f\u00fcr das Hopefox S20-Endoskopger\u00e4t mit 4,3-Zoll-IPS-Display und 8 LED-Funktionen\" src=\"https:\/\/images-na.ssl-images-amazon.com\/images\/G\/01\/x-locale\/common\/grey-pixel.gif\" class=\"a-lazy-loaded\" data-src=\"https:\/\/m.media-amazon.com\/images\/S\/aplus-media-library-service-media\/e28a09b5-9706-47c1-ae32-bd94767f738a.__CR0,0,1464,600_PT0_SX1464_V1___.jpg\"><img decoding=\"async\" alt=\"Werbung f\u00fcr das Hopefox S20-Endoskopger\u00e4t mit 4,3-Zoll-IPS-Display und 8 LED-Funktionen\" src=\"https:\/\/m.media-amazon.com\/images\/S\/aplus-media-library-service-media\/e28a09b5-9706-47c1-ae32-bd94767f738a.__CR0,0,1464,600_PT0_SX1464_V1___.jpg\">                                               <\/p>\n<p>                                                                                                       <img decoding=\"async\" alt=\"Technisches Produktdisplay mit Schutzart IP67 und 1080P-HD-Kamerafunktionen mit dunklem Hintergrund und Schnittstellensymbolen\" src=\"https:\/\/images-na.ssl-images-amazon.com\/images\/G\/01\/x-locale\/common\/grey-pixel.gif\" class=\"a-lazy-loaded\" data-src=\"https:\/\/m.media-amazon.com\/images\/S\/aplus-media-library-service-media\/d8024c66-821b-4c2c-9f9c-e1b9811d4f6d.__CR0,0,1464,600_PT0_SX1464_V1___.jpg\"><img decoding=\"async\" alt=\"Technisches Produktdisplay mit Schutzart IP67 und 1080P-HD-Kamerafunktionen mit dunklem Hintergrund und Schnittstellensymbolen\" src=\"https:\/\/m.media-amazon.com\/images\/S\/aplus-media-library-service-media\/d8024c66-821b-4c2c-9f9c-e1b9811d4f6d.__CR0,0,1464,600_PT0_SX1464_V1___.jpg\">                                               <\/p>\n<p>                                                                                                       <img decoding=\"async\" alt=\"Drei wei\u00dfe flexible Steckerk\u00f6pfe, die eine 360-Grad-Drehung demonstrieren. Das mittlere Bild zeigt die volle Biegung, die Seitenbilder zeigen die gerade Position. Gradmarkierungen sind auf gekr\u00fcmmten Oberfl\u00e4chen sichtbar\" src=\"https:\/\/images-na.ssl-images-amazon.com\/images\/G\/01\/x-locale\/common\/grey-pixel.gif\" class=\"a-lazy-loaded\" data-src=\"https:\/\/m.media-amazon.com\/images\/S\/aplus-media-library-service-media\/b979a5c5-c5f8-4a98-950f-488911f053b4.__CR0,0,1464,600_PT0_SX1464_V1___.jpg\"><img decoding=\"async\" alt=\"Drei wei\u00dfe flexible Steckerk\u00f6pfe, die eine 360-Grad-Drehung demonstrieren. Das mittlere Bild zeigt die volle Biegung, die Seitenbilder zeigen die gerade Position. Gradmarkierungen sind auf gekr\u00fcmmten Oberfl\u00e4chen sichtbar\" src=\"https:\/\/m.media-amazon.com\/images\/S\/aplus-media-library-service-media\/b979a5c5-c5f8-4a98-950f-488911f053b4.__CR0,0,1464,600_PT0_SX1464_V1___.jpg\">                                               <\/p>\n<p>                                                                                                                    <img decoding=\"async\" alt=\"Wasserdichter IP67-LED-Lichtstreifen, der in Wasser getaucht ist und seine wasserdichten Eigenschaften f\u00fcr vielseitige Au\u00dfen- und Innenanwendungen unter Beweis stellt\" src=\"https:\/\/m.media-amazon.com\/images\/S\/aplus-media-library-service-media\/a2d972ca-b6a9-4727-9a82-cd7723ea2bf7.__CR0,0,1464,600_PT0_SX1464_V1___.jpg\">                                                    <img decoding=\"async\" alt=\"Wiederaufladbarer Akku f\u00fcr elektronische Ger\u00e4te. Der Text gibt eine Kapazit\u00e4t von 2000 mAh an. Graues und hellblaues Design mit ergonomischer Form\" src=\"https:\/\/m.media-amazon.com\/images\/S\/aplus-media-library-service-media\/ff4121c6-5f91-4408-bb70-fbaf9cb74ab5.__CR0,0,1464,600_PT0_SX1464_V1___.jpg\">                                                    <img decoding=\"async\" alt=\"Tragbares W\u00e4rmebildger\u00e4t mit orangerotem W\u00e4rmevisualisierungsbildschirm und Schutzsystem zur Temperatur\u00fcberwachung mit\" src=\"https:\/\/m.media-amazon.com\/images\/S\/aplus-media-library-service-media\/d8c0ff18-5d9b-47dd-9439-2eb0fa9842c6.__CR0,0,1464,600_PT0_SX1464_V1___.jpg\">                                                    <img decoding=\"async\" alt=\"Kompaktes schwarzes Stofftui, das am G\u00fcrtel oder am Bund einer Person befestigt wird, abgebildet im Freien. Die H\u00fclle scheint so konzipiert zu sein, dass sie kleine Gegenst\u00e4nde oder Accessoires verstauen und organisieren kann\" src=\"https:\/\/m.media-amazon.com\/images\/S\/aplus-media-library-service-media\/4b47f08a-e88f-4df4-87d6-2a6192d2c981.__CR0,0,1464,600_PT0_SX1464_V1___.jpg\">                                                    <img decoding=\"async\" alt=\"Nahaufnahme eines Speicherkartensteckplatzes mit Text, der auf 32 GB Speicherkapazit\u00e4t hingewiesen wird und 120.000 Bilder oder 50 Videos speichern kann\" src=\"https:\/\/m.media-amazon.com\/images\/S\/aplus-media-library-service-media\/04e2c7d9-ee80-421f-b441-5fc1d74124e8.__CR0,0,1464,600_PT0_SX1464_V1___.jpg\"><br \/>\n                            1 IP67 wasserdicht 2 2000mAh Akku 3 Temperaturwarnung 4 Handtasche 5 32 GB TF-Karte Detail                                            <img decoding=\"async\" alt=\"Flexible Endoskopkamera mit 2,0 MP HD-Aufl\u00f6sung und 210\u00b0 Betrachtungswinkel. Verf\u00fcgt \u00fcber verschiedene Kabell\u00e4ngen und Biegewinkel, schwarzes geflochtenes\" src=\"https:\/\/images-na.ssl-images-amazon.com\/images\/G\/01\/x-locale\/common\/grey-pixel.gif\" class=\"a-lazy-loaded\" data-src=\"https:\/\/m.media-amazon.com\/images\/S\/aplus-media-library-service-media\/93b12a3d-1bff-4c6e-93b5-3097e79fd1e8.__CR0,0,1464,600_PT0_SX1464_V1___.jpg\"><img decoding=\"async\" alt=\"Flexible Endoskopkamera mit 2,0 MP HD-Aufl\u00f6sung und 210\u00b0 Betrachtungswinkel. Verf\u00fcgt \u00fcber verschiedene Kabell\u00e4ngen und Biegewinkel, schwarzes geflochtenes\" src=\"https:\/\/m.media-amazon.com\/images\/S\/aplus-media-library-service-media\/93b12a3d-1bff-4c6e-93b5-3097e79fd1e8.__CR0,0,1464,600_PT0_SX1464_V1___.jpg\">                                               <\/p>\n<p>                                                                                                       <img decoding=\"async\" alt=\"der beste elektrische Warmwasserbereiter f\u00fcr zu Hause\" src=\"https:\/\/images-na.ssl-images-amazon.com\/images\/G\/01\/x-locale\/common\/grey-pixel.gif\" class=\"a-lazy-loaded\" data-src=\"https:\/\/m.media-amazon.com\/images\/S\/aplus-media-library-service-media\/27436f01-ffb4-4451-8d41-a543e4cc6c8b.__CR0,0,1464,600_PT0_SX1464_V1___.jpg\"><img decoding=\"async\" alt=\"der beste elektrische Warmwasserbereiter f\u00fcr zu Hause\" src=\"https:\/\/m.media-amazon.com\/images\/S\/aplus-media-library-service-media\/27436f01-ffb4-4451-8d41-a543e4cc6c8b.__CR0,0,1464,600_PT0_SX1464_V1___.jpg\">                                               <\/p>\n<h3 class=\"a-size-extra-large a-spacing-base a-text-center\">  Technische Daten <\/h3>\n<p>                                                        Scope Sonde 2-Wege-Gelenksonde Maximaler Beugewinkel Nahezu 360\u00b0 Zielfernrohrdurchmesser \u03a68 mm (0,31 Zoll) Zielfernrohrl\u00e4nge 1,5m (5 ft) Sondenkabel Flexibles Schwanenhalskabel Zielfernrohrkamera 2,0 Megapixel HD 1\/6 CMOS Optimale Sch\u00e4rfentiefe 2\u201310 cm (0,6\u20134 Zoll) Sichtfeld 70\u00b0 Zielfernrohrbeleuchtung 8 LED-Beleuchtungen mit hoher Helligkeit Bildschirm 4,3-Zoll-IPS-LCD-HD-Farbbildschirm Standbildaufnahme H1920 \u00d7 V1080 (Pixel) Videoaufnahme H1280 \u00d7 V720 (Pixel) Batterie 2000 mAh Lithiumbatterie Betriebstemperatur des Objektivs 0 \u00b0C bis 45 \u00b0C                     <\/p>\n<p>Um 360\u00b0 drehbare Endoskopkamera: Hopefox 2025, die neueste professionelle High-End-Inspektionskamera. Unser einzigartiges Design erm\u00f6glicht eine flexible 360\u00b0-Kr\u00fcmmung der Linse. Das 8-mm-Hauptobjektiv bietet 1080P HD-Bilder. Sie k\u00f6nnen eine kleine Sonde in einen kleinen Raum einf\u00fchren und dann lebendige, klare und umfassende Videos und Bilder auf den Monitorbildschirm \u00fcbertragen und so eine nahezu perfekte Rundumsicht gew\u00e4hrleisten.<br \/>Industrie-Endoskop mit 4,3-Zoll-IPS-Bildschirm: Unsere professionelle Endoskopkamera mit Licht ist mit einem 4,3-Zoll-HD-Vollfarb-IPS-Bildschirm ausgestattet, der klare Bilder, hohen Kontrast und hochpr\u00e4zise Details liefert. Der fortschrittliche CMOS-Chip sorgt f\u00fcr eine reibungslose Bild\u00fcbertragung in Echtzeit in instabilen Umgebungen, was die h\u00f6chste Bildrate bei der Aufnahme unterst\u00fctzt und das Problem der Bildverz\u00f6gerung l\u00f6st. Sie erhalten fl\u00fcssige Videos und klare Bilder mit vielen Details.<br \/>IP67 WASSERDICHT UND HOCHTEMPERATURSCHUTZ: Diese R\u00f6hrenkamera-Endoskopkamera ist wasserdicht nach IP67, wird mit 8 LED-Linsen geliefert und verf\u00fcgt \u00fcber 3 einstellbare Helligkeitsstufen. Sie k\u00f6nnen in dunklen Umgebungen eine klarere Sicht haben. Mittlerweile wurde eine einzigartige Temperaturschutztechnologie f\u00fcr professionelle Autoendoskope entwickelt. Bei Temperaturen \u00fcber 80 \u00b0C schaltet es sich automatisch ab und dient als Schutz f\u00fcr das Endoskop.<br \/>Hilfreiches Zubeh\u00f6r: Lieferumfang: industrielle 4,3-Zoll-IPS-Snake-Camera-R\u00f6hrenkamera, halbstarres 1,5-Meter-Kabel, Typ-C-Kabel, 32-GB-TF-Karte, Reiseetui, Benutzerhandbuch (6 Sprachen). Wenn Sie Fragen haben, kontaktieren Sie uns bitte. Wir bieten eine 1-j\u00e4hrige Garantie und unser Kundenservice unterst\u00fctzt Sie rund um die Uhr online, um Probleme jederzeit f\u00fcr Sie zu l\u00f6sen.<br \/>Weit verbreitet und einfach zu verwenden: Die 8-mm-Schlangeninspektionskamera mit 1,5 m langem, flexiblem, halbstarrem Kabel, ideal f\u00fcr verschiedene Arten von Inspektionen, einfach f\u00fcr die industrielle Reparatur von Fahrzeugen\/Automatisierung, industrielle mechanische Inspektionen, Kanalinspektionen und Leitungsinspektionserkennung, Wartung von Haushaltsger\u00e4ten usw.<\/p>\n<p>[ad_2]<\/p>\n","protected":false},"excerpt":{"rendered":"<p>Produktbeschreibung 1 IP67 wasserdicht 2 2000mAh Akku 3 Temperaturwarnung 4 Handtasche 5 32 GB TF-Karte Detail Technische Daten Scope Sonde 2-Wege-Gelenksonde Maximaler Beugewinkel Nahezu 360\u00b0 Zielfernrohrdurchmesser \u03a68 mm (0,31 Zoll) Zielfernrohrl\u00e4nge 1,5m (5 ft) Sondenkabel Flexibles Schwanenhalskabel Zielfernrohrkamera 2,0 Megapixel HD 1\/6 CMOS Optimale Sch\u00e4rfentiefe 2\u201310 cm (0,6\u20134 Zoll) Sichtfeld 70\u00b0 Zielfernrohrbeleuchtung 8 LED-Beleuchtungen mit [&hellip;]<\/p>\n","protected":false},"featured_media":1862,"comment_status":"open","ping_status":"closed","template":"","meta":{"_aipt_faq_data":""},"store":[],"product_brand":[],"product_cat":[114],"product_tag":[207],"class_list":{"0":"post-1861","1":"product","2":"type-product","3":"status-publish","4":"has-post-thumbnail","6":"product_cat-inspektionsroboter","7":"product_tag-inspektionsroboter-mit-kamera","9":"first","10":"instock","11":"shipping-taxable","12":"product-type-external"},"yoast_head":"<!-- This site is optimized with the Yoast SEO plugin v27.4 - https:\/\/yoast.com\/product\/yoast-seo-wordpress\/ -->\n<title>Endoskopkamera mit Licht, Hopefox Drehbare Inspektionskamera 4,3 Zoll 1080P IP67 Wasserdichter Rohrkamerakanal Endoskopkamera mit 8 LEDs, 32G-Karte und Tragetasche 1,5 m - EasyLifeBro<\/title>\n<meta name=\"description\" content=\"Entdecken Sie smarte Roboter f\u00fcr Zuhause, Garten, Bildung und Sicherheit. Vergleichen Sie Saugroboter, Rasenm\u00e4hroboter, KI-Begleitroboter und mehr bei EasyLifeRobo.\" \/>\n<meta name=\"robots\" content=\"index, follow, max-snippet:-1, max-image-preview:large, max-video-preview:-1\" \/>\n<link rel=\"canonical\" href=\"https:\/\/easyliferobo.com\/de\/product\/endoskopkamera-mit-licht-hopefox-drehbare-inspektionskamera-43-zoll-1080p-ip67-wasserdichter-rohrkamerakanal-endoskopkamera-mit-8-leds-32g-karte-und-tragetasche-15-m\/\" \/>\n<meta property=\"og:locale\" content=\"de_DE\" \/>\n<meta property=\"og:type\" content=\"article\" \/>\n<meta property=\"og:title\" content=\"Endoskopkamera mit Licht, Hopefox Drehbare Inspektionskamera 4,3 Zoll 1080P IP67 Wasserdichter Rohrkamerakanal Endoskopkamera mit 8 LEDs, 32G-Karte und Tragetasche 1,5 m - EasyLifeBro\" \/>\n<meta property=\"og:description\" content=\"Entdecken Sie smarte Roboter f\u00fcr Zuhause, Garten, Bildung und Sicherheit. Vergleichen Sie Saugroboter, Rasenm\u00e4hroboter, KI-Begleitroboter und mehr bei EasyLifeRobo.\" \/>\n<meta property=\"og:url\" content=\"https:\/\/easyliferobo.com\/de\/product\/endoskopkamera-mit-licht-hopefox-drehbare-inspektionskamera-43-zoll-1080p-ip67-wasserdichter-rohrkamerakanal-endoskopkamera-mit-8-leds-32g-karte-und-tragetasche-15-m\/\" \/>\n<meta property=\"og:site_name\" content=\"EasyLifeBro\" \/>\n<meta property=\"article:modified_time\" content=\"2026-02-27T01:39:25+00:00\" \/>\n<meta property=\"og:image\" content=\"https:\/\/images-na.ssl-images-amazon.com\/images\/G\/01\/x-locale\/common\/grey-pixel.gif\" \/>\n<meta name=\"twitter:card\" content=\"summary_large_image\" \/>\n<meta name=\"twitter:label1\" content=\"Gesch\u00e4tzte Lesezeit\" \/>\n\t<meta name=\"twitter:data1\" content=\"2\u00a0Minuten\" \/>\n<script type=\"application\/ld+json\" class=\"yoast-schema-graph\">{\"@context\":\"https:\\\/\\\/schema.org\",\"@graph\":[{\"@type\":\"WebPage\",\"@id\":\"https:\\\/\\\/easyliferobo.com\\\/de\\\/product\\\/endoskopkamera-mit-licht-hopefox-drehbare-inspektionskamera-43-zoll-1080p-ip67-wasserdichter-rohrkamerakanal-endoskopkamera-mit-8-leds-32g-karte-und-tragetasche-15-m\\\/\",\"url\":\"https:\\\/\\\/easyliferobo.com\\\/de\\\/product\\\/endoskopkamera-mit-licht-hopefox-drehbare-inspektionskamera-43-zoll-1080p-ip67-wasserdichter-rohrkamerakanal-endoskopkamera-mit-8-leds-32g-karte-und-tragetasche-15-m\\\/\",\"name\":\"Endoskopkamera mit Licht, Hopefox Drehbare Inspektionskamera 4,3 Zoll 1080P IP67 Wasserdichter Rohrkamerakanal Endoskopkamera mit 8 LEDs, 32G-Karte und Tragetasche 1,5 m - EasyLifeBro\",\"isPartOf\":{\"@id\":\"https:\\\/\\\/easyliferobo.com\\\/de\\\/#website\"},\"primaryImageOfPage\":{\"@id\":\"https:\\\/\\\/easyliferobo.com\\\/de\\\/product\\\/endoskopkamera-mit-licht-hopefox-drehbare-inspektionskamera-43-zoll-1080p-ip67-wasserdichter-rohrkamerakanal-endoskopkamera-mit-8-leds-32g-karte-und-tragetasche-15-m\\\/#primaryimage\"},\"image\":{\"@id\":\"https:\\\/\\\/easyliferobo.com\\\/de\\\/product\\\/endoskopkamera-mit-licht-hopefox-drehbare-inspektionskamera-43-zoll-1080p-ip67-wasserdichter-rohrkamerakanal-endoskopkamera-mit-8-leds-32g-karte-und-tragetasche-15-m\\\/#primaryimage\"},\"thumbnailUrl\":\"https:\\\/\\\/easyliferobo.com\\\/de\\\/wp-content\\\/uploads\\\/2026\\\/02\\\/713uEiFmi5L._AC_SL1500_.jpg\",\"datePublished\":\"2026-02-27T01:39:05+00:00\",\"dateModified\":\"2026-02-27T01:39:25+00:00\",\"description\":\"Entdecken Sie smarte Roboter f\u00fcr Zuhause, Garten, Bildung und Sicherheit. Vergleichen Sie Saugroboter, Rasenm\u00e4hroboter, KI-Begleitroboter und mehr bei EasyLifeRobo.\",\"breadcrumb\":{\"@id\":\"https:\\\/\\\/easyliferobo.com\\\/de\\\/product\\\/endoskopkamera-mit-licht-hopefox-drehbare-inspektionskamera-43-zoll-1080p-ip67-wasserdichter-rohrkamerakanal-endoskopkamera-mit-8-leds-32g-karte-und-tragetasche-15-m\\\/#breadcrumb\"},\"inLanguage\":\"de\",\"potentialAction\":[{\"@type\":\"ReadAction\",\"target\":[\"https:\\\/\\\/easyliferobo.com\\\/de\\\/product\\\/endoskopkamera-mit-licht-hopefox-drehbare-inspektionskamera-43-zoll-1080p-ip67-wasserdichter-rohrkamerakanal-endoskopkamera-mit-8-leds-32g-karte-und-tragetasche-15-m\\\/\"]}]},{\"@type\":\"ImageObject\",\"inLanguage\":\"de\",\"@id\":\"https:\\\/\\\/easyliferobo.com\\\/de\\\/product\\\/endoskopkamera-mit-licht-hopefox-drehbare-inspektionskamera-43-zoll-1080p-ip67-wasserdichter-rohrkamerakanal-endoskopkamera-mit-8-leds-32g-karte-und-tragetasche-15-m\\\/#primaryimage\",\"url\":\"https:\\\/\\\/easyliferobo.com\\\/de\\\/wp-content\\\/uploads\\\/2026\\\/02\\\/713uEiFmi5L._AC_SL1500_.jpg\",\"contentUrl\":\"https:\\\/\\\/easyliferobo.com\\\/de\\\/wp-content\\\/uploads\\\/2026\\\/02\\\/713uEiFmi5L._AC_SL1500_.jpg\",\"width\":1417,\"height\":1500},{\"@type\":\"BreadcrumbList\",\"@id\":\"https:\\\/\\\/easyliferobo.com\\\/de\\\/product\\\/endoskopkamera-mit-licht-hopefox-drehbare-inspektionskamera-43-zoll-1080p-ip67-wasserdichter-rohrkamerakanal-endoskopkamera-mit-8-leds-32g-karte-und-tragetasche-15-m\\\/#breadcrumb\",\"itemListElement\":[{\"@type\":\"ListItem\",\"position\":1,\"name\":\"Home\",\"item\":\"https:\\\/\\\/easyliferobo.com\\\/de\\\/\"},{\"@type\":\"ListItem\",\"position\":2,\"name\":\"Shop\",\"item\":\"https:\\\/\\\/easyliferobo.com\\\/de\\\/shop\\\/\"},{\"@type\":\"ListItem\",\"position\":3,\"name\":\"Endoskopkamera mit Licht, Hopefox D...\"}]},{\"@type\":\"WebSite\",\"@id\":\"https:\\\/\\\/easyliferobo.com\\\/de\\\/#website\",\"url\":\"https:\\\/\\\/easyliferobo.com\\\/de\\\/\",\"name\":\"EasyLifeBro\",\"description\":\"Smarte Roboter f\u00fcr Zuhause, Garten &amp; Bildung\",\"publisher\":{\"@id\":\"https:\\\/\\\/easyliferobo.com\\\/de\\\/#organization\"},\"potentialAction\":[{\"@type\":\"SearchAction\",\"target\":{\"@type\":\"EntryPoint\",\"urlTemplate\":\"https:\\\/\\\/easyliferobo.com\\\/de\\\/?s={search_term_string}\"},\"query-input\":{\"@type\":\"PropertyValueSpecification\",\"valueRequired\":true,\"valueName\":\"search_term_string\"}}],\"inLanguage\":\"de\"},{\"@type\":\"Organization\",\"@id\":\"https:\\\/\\\/easyliferobo.com\\\/de\\\/#organization\",\"name\":\"EasyLifeBro\",\"url\":\"https:\\\/\\\/easyliferobo.com\\\/de\\\/\",\"logo\":{\"@type\":\"ImageObject\",\"inLanguage\":\"de\",\"@id\":\"https:\\\/\\\/easyliferobo.com\\\/de\\\/#\\\/schema\\\/logo\\\/image\\\/\",\"url\":\"https:\\\/\\\/easyliferobo.com\\\/de\\\/wp-content\\\/uploads\\\/2026\\\/02\\\/Screenshot-2026-02-22-at-2.25.03-PM.png\",\"contentUrl\":\"https:\\\/\\\/easyliferobo.com\\\/de\\\/wp-content\\\/uploads\\\/2026\\\/02\\\/Screenshot-2026-02-22-at-2.25.03-PM.png\",\"width\":1858,\"height\":430,\"caption\":\"EasyLifeBro\"},\"image\":{\"@id\":\"https:\\\/\\\/easyliferobo.com\\\/de\\\/#\\\/schema\\\/logo\\\/image\\\/\"}}]}<\/script>\n<!-- \/ Yoast SEO plugin. -->","yoast_head_json":{"title":"Endoskopkamera mit Licht, Hopefox Drehbare Inspektionskamera 4,3 Zoll 1080P IP67 Wasserdichter Rohrkamerakanal Endoskopkamera mit 8 LEDs, 32G-Karte und Tragetasche 1,5 m - EasyLifeBro","description":"Entdecken Sie smarte Roboter f\u00fcr Zuhause, Garten, Bildung und Sicherheit. Vergleichen Sie Saugroboter, Rasenm\u00e4hroboter, KI-Begleitroboter und mehr bei EasyLifeRobo.","robots":{"index":"index","follow":"follow","max-snippet":"max-snippet:-1","max-image-preview":"max-image-preview:large","max-video-preview":"max-video-preview:-1"},"canonical":"https:\/\/easyliferobo.com\/de\/product\/endoskopkamera-mit-licht-hopefox-drehbare-inspektionskamera-43-zoll-1080p-ip67-wasserdichter-rohrkamerakanal-endoskopkamera-mit-8-leds-32g-karte-und-tragetasche-15-m\/","og_locale":"de_DE","og_type":"article","og_title":"Endoskopkamera mit Licht, Hopefox Drehbare Inspektionskamera 4,3 Zoll 1080P IP67 Wasserdichter Rohrkamerakanal Endoskopkamera mit 8 LEDs, 32G-Karte und Tragetasche 1,5 m - EasyLifeBro","og_description":"Entdecken Sie smarte Roboter f\u00fcr Zuhause, Garten, Bildung und Sicherheit. Vergleichen Sie Saugroboter, Rasenm\u00e4hroboter, KI-Begleitroboter und mehr bei EasyLifeRobo.","og_url":"https:\/\/easyliferobo.com\/de\/product\/endoskopkamera-mit-licht-hopefox-drehbare-inspektionskamera-43-zoll-1080p-ip67-wasserdichter-rohrkamerakanal-endoskopkamera-mit-8-leds-32g-karte-und-tragetasche-15-m\/","og_site_name":"EasyLifeBro","article_modified_time":"2026-02-27T01:39:25+00:00","og_image":[{"url":"https:\/\/images-na.ssl-images-amazon.com\/images\/G\/01\/x-locale\/common\/grey-pixel.gif","type":"","width":"","height":""}],"twitter_card":"summary_large_image","twitter_misc":{"Gesch\u00e4tzte Lesezeit":"2\u00a0Minuten"},"schema":{"@context":"https:\/\/schema.org","@graph":[{"@type":"WebPage","@id":"https:\/\/easyliferobo.com\/de\/product\/endoskopkamera-mit-licht-hopefox-drehbare-inspektionskamera-43-zoll-1080p-ip67-wasserdichter-rohrkamerakanal-endoskopkamera-mit-8-leds-32g-karte-und-tragetasche-15-m\/","url":"https:\/\/easyliferobo.com\/de\/product\/endoskopkamera-mit-licht-hopefox-drehbare-inspektionskamera-43-zoll-1080p-ip67-wasserdichter-rohrkamerakanal-endoskopkamera-mit-8-leds-32g-karte-und-tragetasche-15-m\/","name":"Endoskopkamera mit Licht, Hopefox Drehbare Inspektionskamera 4,3 Zoll 1080P IP67 Wasserdichter Rohrkamerakanal Endoskopkamera mit 8 LEDs, 32G-Karte und Tragetasche 1,5 m - EasyLifeBro","isPartOf":{"@id":"https:\/\/easyliferobo.com\/de\/#website"},"primaryImageOfPage":{"@id":"https:\/\/easyliferobo.com\/de\/product\/endoskopkamera-mit-licht-hopefox-drehbare-inspektionskamera-43-zoll-1080p-ip67-wasserdichter-rohrkamerakanal-endoskopkamera-mit-8-leds-32g-karte-und-tragetasche-15-m\/#primaryimage"},"image":{"@id":"https:\/\/easyliferobo.com\/de\/product\/endoskopkamera-mit-licht-hopefox-drehbare-inspektionskamera-43-zoll-1080p-ip67-wasserdichter-rohrkamerakanal-endoskopkamera-mit-8-leds-32g-karte-und-tragetasche-15-m\/#primaryimage"},"thumbnailUrl":"https:\/\/easyliferobo.com\/de\/wp-content\/uploads\/2026\/02\/713uEiFmi5L._AC_SL1500_.jpg","datePublished":"2026-02-27T01:39:05+00:00","dateModified":"2026-02-27T01:39:25+00:00","description":"Entdecken Sie smarte Roboter f\u00fcr Zuhause, Garten, Bildung und Sicherheit. Vergleichen Sie Saugroboter, Rasenm\u00e4hroboter, KI-Begleitroboter und mehr bei EasyLifeRobo.","breadcrumb":{"@id":"https:\/\/easyliferobo.com\/de\/product\/endoskopkamera-mit-licht-hopefox-drehbare-inspektionskamera-43-zoll-1080p-ip67-wasserdichter-rohrkamerakanal-endoskopkamera-mit-8-leds-32g-karte-und-tragetasche-15-m\/#breadcrumb"},"inLanguage":"de","potentialAction":[{"@type":"ReadAction","target":["https:\/\/easyliferobo.com\/de\/product\/endoskopkamera-mit-licht-hopefox-drehbare-inspektionskamera-43-zoll-1080p-ip67-wasserdichter-rohrkamerakanal-endoskopkamera-mit-8-leds-32g-karte-und-tragetasche-15-m\/"]}]},{"@type":"ImageObject","inLanguage":"de","@id":"https:\/\/easyliferobo.com\/de\/product\/endoskopkamera-mit-licht-hopefox-drehbare-inspektionskamera-43-zoll-1080p-ip67-wasserdichter-rohrkamerakanal-endoskopkamera-mit-8-leds-32g-karte-und-tragetasche-15-m\/#primaryimage","url":"https:\/\/easyliferobo.com\/de\/wp-content\/uploads\/2026\/02\/713uEiFmi5L._AC_SL1500_.jpg","contentUrl":"https:\/\/easyliferobo.com\/de\/wp-content\/uploads\/2026\/02\/713uEiFmi5L._AC_SL1500_.jpg","width":1417,"height":1500},{"@type":"BreadcrumbList","@id":"https:\/\/easyliferobo.com\/de\/product\/endoskopkamera-mit-licht-hopefox-drehbare-inspektionskamera-43-zoll-1080p-ip67-wasserdichter-rohrkamerakanal-endoskopkamera-mit-8-leds-32g-karte-und-tragetasche-15-m\/#breadcrumb","itemListElement":[{"@type":"ListItem","position":1,"name":"Home","item":"https:\/\/easyliferobo.com\/de\/"},{"@type":"ListItem","position":2,"name":"Shop","item":"https:\/\/easyliferobo.com\/de\/shop\/"},{"@type":"ListItem","position":3,"name":"Endoskopkamera mit Licht, Hopefox D..."}]},{"@type":"WebSite","@id":"https:\/\/easyliferobo.com\/de\/#website","url":"https:\/\/easyliferobo.com\/de\/","name":"EasyLifeBro","description":"Smarte Roboter f\u00fcr Zuhause, Garten &amp; Bildung","publisher":{"@id":"https:\/\/easyliferobo.com\/de\/#organization"},"potentialAction":[{"@type":"SearchAction","target":{"@type":"EntryPoint","urlTemplate":"https:\/\/easyliferobo.com\/de\/?s={search_term_string}"},"query-input":{"@type":"PropertyValueSpecification","valueRequired":true,"valueName":"search_term_string"}}],"inLanguage":"de"},{"@type":"Organization","@id":"https:\/\/easyliferobo.com\/de\/#organization","name":"EasyLifeBro","url":"https:\/\/easyliferobo.com\/de\/","logo":{"@type":"ImageObject","inLanguage":"de","@id":"https:\/\/easyliferobo.com\/de\/#\/schema\/logo\/image\/","url":"https:\/\/easyliferobo.com\/de\/wp-content\/uploads\/2026\/02\/Screenshot-2026-02-22-at-2.25.03-PM.png","contentUrl":"https:\/\/easyliferobo.com\/de\/wp-content\/uploads\/2026\/02\/Screenshot-2026-02-22-at-2.25.03-PM.png","width":1858,"height":430,"caption":"EasyLifeBro"},"image":{"@id":"https:\/\/easyliferobo.com\/de\/#\/schema\/logo\/image\/"}}]}},"_links":{"self":[{"href":"https:\/\/easyliferobo.com\/de\/wp-json\/wp\/v2\/product\/1861","targetHints":{"allow":["GET"]}}],"collection":[{"href":"https:\/\/easyliferobo.com\/de\/wp-json\/wp\/v2\/product"}],"about":[{"href":"https:\/\/easyliferobo.com\/de\/wp-json\/wp\/v2\/types\/product"}],"replies":[{"embeddable":true,"href":"https:\/\/easyliferobo.com\/de\/wp-json\/wp\/v2\/comments?post=1861"}],"wp:featuredmedia":[{"embeddable":true,"href":"https:\/\/easyliferobo.com\/de\/wp-json\/wp\/v2\/media\/1862"}],"wp:attachment":[{"href":"https:\/\/easyliferobo.com\/de\/wp-json\/wp\/v2\/media?parent=1861"}],"wp:term":[{"taxonomy":"store","embeddable":true,"href":"https:\/\/easyliferobo.com\/de\/wp-json\/wp\/v2\/store?post=1861"},{"taxonomy":"product_brand","embeddable":true,"href":"https:\/\/easyliferobo.com\/de\/wp-json\/wp\/v2\/product_brand?post=1861"},{"taxonomy":"product_cat","embeddable":true,"href":"https:\/\/easyliferobo.com\/de\/wp-json\/wp\/v2\/product_cat?post=1861"},{"taxonomy":"product_tag","embeddable":true,"href":"https:\/\/easyliferobo.com\/de\/wp-json\/wp\/v2\/product_tag?post=1861"}],"curies":[{"name":"wp","href":"https:\/\/api.w.org\/{rel}","templated":true}]}}