
{"id":1844,"date":"2026-02-27T01:36:14","date_gmt":"2026-02-27T01:36:14","guid":{"rendered":"https:\/\/easyliferobo.com\/de\/product\/dreame-intelligenter-maehroboter-a1-pro-ohne-begrenzungskabel-3d-lidar-kabelloser-umfang-2000-m%c2%b2-app-steuerung-omnisense-technologie-intuitives-zonenmanagement-intelligente-hindernisvermei\/"},"modified":"2026-02-27T01:36:31","modified_gmt":"2026-02-27T01:36:31","slug":"dreame-intelligenter-maehroboter-a1-pro-ohne-begrenzungskabel-3d-lidar-kabelloser-umfang-2000-m%c2%b2-app-steuerung-omnisense-technologie-intuitives-zonenmanagement-intelligente-hindernisvermei","status":"publish","type":"product","link":"https:\/\/easyliferobo.com\/de\/product\/dreame-intelligenter-maehroboter-a1-pro-ohne-begrenzungskabel-3d-lidar-kabelloser-umfang-2000-m%c2%b2-app-steuerung-omnisense-technologie-intuitives-zonenmanagement-intelligente-hindernisvermei\/","title":{"rendered":"dreame Intelligenter M\u00e4hroboter A1..."},"content":{"rendered":"<p>\n                                             Vom Hersteller Das Video zeigt das Produkt im Einsatz. Das Video f\u00fchrt Sie durch die Produkteinrichtung. Das Video vergleicht mehrere Produkte. Das Video zeigt das Auspacken des Produkts. A1 PRO H\u00e4ndlervideo<\/p>\n<p>                                                                                                                    <img decoding=\"async\" alt=\"A1 Pro-DE\" src=\"https:\/\/m.media-amazon.com\/images\/S\/aplus-media-library-service-media\/a088caff-f652-4ad0-aa5c-534d9e97c1a0.__CR0,0,1464,600_PT0_SX1464_V1___.jpg\">                                                    <img decoding=\"async\" alt=\"A1 Pro-DE\" src=\"https:\/\/m.media-amazon.com\/images\/S\/aplus-media-library-service-media\/57601223-0f7f-499d-9ac2-d7c550daf46f.__CR0,0,1464,600_PT0_SX1464_V1___.jpg\">                                                    <img decoding=\"async\" alt=\"A1 Pro-DE\" src=\"https:\/\/m.media-amazon.com\/images\/S\/aplus-media-library-service-media\/d6968474-ece1-44bd-8692-db4fa9f6bffe.__CR0,0,1464,600_PT0_SX1464_V1___.jpg\">                                                    <img decoding=\"async\" alt=\"A1 Pro-DE\" src=\"https:\/\/m.media-amazon.com\/images\/S\/aplus-media-library-service-media\/79fc2ae2-d9bf-494a-b364-0b09f9ff58b4.__CR0,0,1464,600_PT0_SX1464_V1___.jpg\">                                                    <img decoding=\"async\" alt=\"A1 Pro-DE\" src=\"https:\/\/m.media-amazon.com\/images\/S\/aplus-media-library-service-media\/9cb2f79b-8296-4696-982c-d55a5dbbba7d.__CR0,0,1464,600_PT0_SX1464_V1___.jpg\"><br \/>\n                            1 Drahtlose Begrenzung 2 Drahtlose 3 Effiziente und Kartierung 4 Zonenmanagement 5 Duales Kartenmanagement <\/p>\n<p>                                                                                                                <img decoding=\"async\" alt=\"A1 Pro-DE\" src=\"https:\/\/m.media-amazon.com\/images\/S\/aplus-media-library-service-media\/b54ce2c8-5448-4eb6-a2ac-ebab6755f2b5.__CR0,0,1464,600_PT0_SX1464_V1___.jpg\">                                                    <img decoding=\"async\" alt=\"A1 Pro-DE\" src=\"https:\/\/m.media-amazon.com\/images\/S\/aplus-media-library-service-media\/25e3dbf7-4155-4940-a966-d4f67393f546.__CR0,0,1464,600_PT0_SX1464_V1___.jpg\">                                                    <img decoding=\"async\" alt=\"A1 Pro-DE\" src=\"https:\/\/m.media-amazon.com\/images\/S\/aplus-media-library-service-media\/013e854a-7298-44b0-bfdd-7cbc94e67637.__CR0,0,1464,600_PT0_SX1464_V1___.jpg\"><br \/>\n                            1 U-f\u00f6rmige Pfadplanung, 2 Umfangreiche Funktionen, 3 Kunstvolle Schnittmuster <\/p>\n<p>                                                                                                              <img decoding=\"async\" alt=\"A1 Pro-DE\" src=\"https:\/\/m.media-amazon.com\/images\/S\/aplus-media-library-service-media\/5fd66527-887a-4bc8-adcd-9262f4074ff4.__CR0,0,1464,600_PT0_SX1464_V1___.jpg\">                                                    <img decoding=\"async\" alt=\"A1 Pro-DE\" src=\"https:\/\/m.media-amazon.com\/images\/S\/aplus-media-library-service-media\/b3c31b8e-3a40-4b1b-9b7d-2885886c3ffc.__CR0,0,1464,600_PT0_SX1464_V1___.jpg\"><br \/>\n                            1 einstellbare Schnitth\u00f6hen 2 einheitlich und nahtlos <\/p>\n<p>                                                                                                                  <img decoding=\"async\" alt=\"A1 Pro-DE\" src=\"https:\/\/m.media-amazon.com\/images\/S\/aplus-media-library-service-media\/3958f727-b3c1-4dbd-99b6-68da415337f1.__CR0,0,1464,600_PT0_SX1464_V1___.jpg\">                                                    <img decoding=\"async\" alt=\"A1 Pro-DE\" src=\"https:\/\/m.media-amazon.com\/images\/S\/aplus-media-library-service-media\/6c9ac8f1-ec9c-4eed-a2f1-b5affb738689.__CR0,0,1464,600_PT0_SX1464_V1___.jpg\">                                                    <img decoding=\"async\" alt=\"A1 Pro-DE\" src=\"https:\/\/m.media-amazon.com\/images\/S\/aplus-media-library-service-media\/1720f6cd-84db-47a8-bc4c-50f9d535ae03.__CR0,0,1464,600_PT0_SX1464_V1___.jpg\">                                                    <img decoding=\"async\" alt=\"A1 Pro-DE\" src=\"https:\/\/m.media-amazon.com\/images\/S\/aplus-media-library-service-media\/31e92bf6-77ab-41cc-b2b6-4c470eaaa350.__CR0,0,1464,600_PT0_SX1464_V1___.jpg\"><br \/>\n                            1 3D-Hindernisvermeidung 2 3D-Ultra-Sensorsystem 3 Offroad-Reifen 4 Meister des Gartens <\/p>\n<p>                                                                                                       <img decoding=\"async\" alt=\"A1 Pro-DE\" src=\"https:\/\/images-na.ssl-images-amazon.com\/images\/G\/01\/x-locale\/common\/grey-pixel.gif\" class=\"a-lazy-loaded\" data-src=\"https:\/\/m.media-amazon.com\/images\/S\/aplus-media-library-service-media\/703905e0-a118-4ee9-9c52-857cf86f58b5.__CR0,0,1464,600_PT0_SX1464_V1___.jpg\"><img decoding=\"async\" alt=\"A1 Pro-DE\" src=\"https:\/\/m.media-amazon.com\/images\/S\/aplus-media-library-service-media\/703905e0-a118-4ee9-9c52-857cf86f58b5.__CR0,0,1464,600_PT0_SX1464_V1___.jpg\">                                               <\/p>\n<h3 class=\"a-text-center aplus-h1 a-text-bold\">  Zubeh\u00f6r <\/h3>\n<p>                         In den Warenkorb legen. In den Warenkorb legen Dreame Dreame Dreame Verwendbares Modell A1 Pro A1 Pro A1 Pro A1 Pro A1 Pro Paketinhalt Ersatzmesser x 1 Garage x 1 \u2014 Reinigungsb\u00fcrste x 1 Ersatzmesser x 1 Farbe grau grau grau grau grau Verkauft von Amazon Amazon Amazon Amazon Amazon    <\/p>\n<p>Schnellere, kabellose Randeinrichtung: Mit der OmniSense-Technologie k\u00f6nnen Sie Ihren Rasen ganz einfach kartieren und die verschiedenen M\u00e4hbereiche nach Ihren W\u00fcnschen anpassen. Kein Kabelsalat mehr und keine komplexen RTK-Stationen mehr, die einem frisch gem\u00e4hten, makellosen Rasen im Weg stehen.<br \/>Intelligentes, intuitives Fl\u00e4chenmanagement: Das M\u00e4hen Ihres Rasens ist ein Kinderspiel. Sie m\u00fcssen die Gartenpflege nicht mehr Schritt f\u00fcr Schritt begleiten. \u00dcber die Dreamehome-App k\u00f6nnen Echtzeit- oder geplante M\u00e4haufgaben, M\u00e4hbereiche oder No-Go-Zonen sowie tempor\u00e4re oder voreingestellte Bereiche festgelegt werden.<br \/>Omnidirektionale 3D-Hindernisvermeidung \u2013 Dank der 3D-Punktwolken-Datentechnologie und fortschrittlichen intelligenten Algorithmen erkennt der A1 Pro Hindernisse innerhalb festgelegter Grenzen und navigiert intelligent um sie herum, um sicherzustellen, dass der Rasen sicher und kontrolliert gem\u00e4ht wird.<br \/>LEISTUNGSSTARKE OFFROAD-REIFEN \u2013 Offroad-Reifen bieten kraftvollen Antrieb und halten schwer zu m\u00e4henden Bereichen und widrigen Wetterbedingungen stand.<br \/>U-f\u00f6rmige Bahnplanung f\u00fcr optimale Ergebnisse: Der A1 Pro nutzt beim M\u00e4hen die innovative U-f\u00f6rmige Bahnplanung, die alle Bereiche Ihres Rasens m\u00e4ht und Ihnen eine beeindruckende Gleichm\u00e4\u00dfigkeit und Schnittqualit\u00e4t verleiht. Einstellbare M\u00e4hleistung, Standardmodus: 1000 m\u00b2\/24 Stunden. Effizienter Modus: 2000 qm\/24 Stunden<\/p>\n<p>[ad_2]<\/p>\n","protected":false},"excerpt":{"rendered":"<p>Vom Hersteller Das Video zeigt das Produkt im Einsatz. Das Video f\u00fchrt Sie durch die Produkteinrichtung. Das Video vergleicht mehrere Produkte. Das Video zeigt das Auspacken des Produkts. A1 PRO H\u00e4ndlervideo 1 Drahtlose Begrenzung 2 Drahtlose 3 Effiziente und Kartierung 4 Zonenmanagement 5 Duales Kartenmanagement 1 U-f\u00f6rmige Pfadplanung, 2 Umfangreiche Funktionen, 3 Kunstvolle Schnittmuster 1 [&hellip;]<\/p>\n","protected":false},"featured_media":1845,"comment_status":"open","ping_status":"closed","template":"","meta":{"_aipt_faq_data":""},"store":[],"product_brand":[351],"product_cat":[116],"product_tag":[350],"class_list":{"0":"post-1844","1":"product","2":"type-product","3":"status-publish","4":"has-post-thumbnail","6":"product_brand-dreame","7":"product_cat-innen-aussen-sicherheitsroboter","8":"product_tag-wasserdichte-innen-aussen-sicherheitsroboter","10":"first","11":"instock","12":"sale","13":"shipping-taxable","14":"product-type-external"},"yoast_head":"<!-- This site is optimized with the Yoast SEO plugin v27.4 - https:\/\/yoast.com\/product\/yoast-seo-wordpress\/ -->\n<title>dreame Intelligenter M\u00e4hroboter A1 Pro ohne Begrenzungskabel, 3D-LiDAR, kabelloser Umfang, 2000 m\u00b2, App-Steuerung, OmniSense-Technologie, intuitives Zonenmanagement, intelligente Hindernisvermeidung - EasyLifeBro<\/title>\n<meta name=\"description\" content=\"Entdecken Sie smarte Roboter f\u00fcr Zuhause, Garten, Bildung und Sicherheit. Vergleichen Sie Saugroboter, Rasenm\u00e4hroboter, KI-Begleitroboter und mehr bei EasyLifeRobo.\" \/>\n<meta name=\"robots\" content=\"index, follow, max-snippet:-1, max-image-preview:large, max-video-preview:-1\" \/>\n<link rel=\"canonical\" href=\"https:\/\/easyliferobo.com\/de\/product\/dreame-intelligenter-maehroboter-a1-pro-ohne-begrenzungskabel-3d-lidar-kabelloser-umfang-2000-m\u00b2-app-steuerung-omnisense-technologie-intuitives-zonenmanagement-intelligente-hindernisvermei\/\" \/>\n<meta property=\"og:locale\" content=\"de_DE\" \/>\n<meta property=\"og:type\" content=\"article\" \/>\n<meta property=\"og:title\" content=\"dreame Intelligenter M\u00e4hroboter A1 Pro ohne Begrenzungskabel, 3D-LiDAR, kabelloser Umfang, 2000 m\u00b2, App-Steuerung, OmniSense-Technologie, intuitives Zonenmanagement, intelligente Hindernisvermeidung - EasyLifeBro\" \/>\n<meta property=\"og:description\" content=\"Entdecken Sie smarte Roboter f\u00fcr Zuhause, Garten, Bildung und Sicherheit. Vergleichen Sie Saugroboter, Rasenm\u00e4hroboter, KI-Begleitroboter und mehr bei EasyLifeRobo.\" \/>\n<meta property=\"og:url\" content=\"https:\/\/easyliferobo.com\/de\/product\/dreame-intelligenter-maehroboter-a1-pro-ohne-begrenzungskabel-3d-lidar-kabelloser-umfang-2000-m\u00b2-app-steuerung-omnisense-technologie-intuitives-zonenmanagement-intelligente-hindernisvermei\/\" \/>\n<meta property=\"og:site_name\" content=\"EasyLifeBro\" \/>\n<meta property=\"article:modified_time\" content=\"2026-02-27T01:36:31+00:00\" \/>\n<meta property=\"og:image\" content=\"https:\/\/m.media-amazon.com\/images\/S\/aplus-media-library-service-media\/a088caff-f652-4ad0-aa5c-534d9e97c1a0.__CR0,0,1464,600_PT0_SX1464_V1___.jpg\" \/>\n<meta name=\"twitter:card\" content=\"summary_large_image\" \/>\n<meta name=\"twitter:label1\" content=\"Gesch\u00e4tzte Lesezeit\" \/>\n\t<meta name=\"twitter:data1\" content=\"1\u00a0Minute\" \/>\n<script type=\"application\/ld+json\" class=\"yoast-schema-graph\">{\"@context\":\"https:\\\/\\\/schema.org\",\"@graph\":[{\"@type\":\"WebPage\",\"@id\":\"https:\\\/\\\/easyliferobo.com\\\/de\\\/product\\\/dreame-intelligenter-maehroboter-a1-pro-ohne-begrenzungskabel-3d-lidar-kabelloser-umfang-2000-m%c2%b2-app-steuerung-omnisense-technologie-intuitives-zonenmanagement-intelligente-hindernisvermei\\\/\",\"url\":\"https:\\\/\\\/easyliferobo.com\\\/de\\\/product\\\/dreame-intelligenter-maehroboter-a1-pro-ohne-begrenzungskabel-3d-lidar-kabelloser-umfang-2000-m%c2%b2-app-steuerung-omnisense-technologie-intuitives-zonenmanagement-intelligente-hindernisvermei\\\/\",\"name\":\"dreame Intelligenter M\u00e4hroboter A1 Pro ohne Begrenzungskabel, 3D-LiDAR, kabelloser Umfang, 2000 m\u00b2, App-Steuerung, OmniSense-Technologie, intuitives Zonenmanagement, intelligente Hindernisvermeidung - EasyLifeBro\",\"isPartOf\":{\"@id\":\"https:\\\/\\\/easyliferobo.com\\\/de\\\/#website\"},\"primaryImageOfPage\":{\"@id\":\"https:\\\/\\\/easyliferobo.com\\\/de\\\/product\\\/dreame-intelligenter-maehroboter-a1-pro-ohne-begrenzungskabel-3d-lidar-kabelloser-umfang-2000-m%c2%b2-app-steuerung-omnisense-technologie-intuitives-zonenmanagement-intelligente-hindernisvermei\\\/#primaryimage\"},\"image\":{\"@id\":\"https:\\\/\\\/easyliferobo.com\\\/de\\\/product\\\/dreame-intelligenter-maehroboter-a1-pro-ohne-begrenzungskabel-3d-lidar-kabelloser-umfang-2000-m%c2%b2-app-steuerung-omnisense-technologie-intuitives-zonenmanagement-intelligente-hindernisvermei\\\/#primaryimage\"},\"thumbnailUrl\":\"https:\\\/\\\/easyliferobo.com\\\/de\\\/wp-content\\\/uploads\\\/2026\\\/02\\\/71wAZAxRpKL._AC_SL1500_.jpg\",\"datePublished\":\"2026-02-27T01:36:14+00:00\",\"dateModified\":\"2026-02-27T01:36:31+00:00\",\"description\":\"Entdecken Sie smarte Roboter f\u00fcr Zuhause, Garten, Bildung und Sicherheit. Vergleichen Sie Saugroboter, Rasenm\u00e4hroboter, KI-Begleitroboter und mehr bei EasyLifeRobo.\",\"breadcrumb\":{\"@id\":\"https:\\\/\\\/easyliferobo.com\\\/de\\\/product\\\/dreame-intelligenter-maehroboter-a1-pro-ohne-begrenzungskabel-3d-lidar-kabelloser-umfang-2000-m%c2%b2-app-steuerung-omnisense-technologie-intuitives-zonenmanagement-intelligente-hindernisvermei\\\/#breadcrumb\"},\"inLanguage\":\"de\",\"potentialAction\":[{\"@type\":\"ReadAction\",\"target\":[\"https:\\\/\\\/easyliferobo.com\\\/de\\\/product\\\/dreame-intelligenter-maehroboter-a1-pro-ohne-begrenzungskabel-3d-lidar-kabelloser-umfang-2000-m%c2%b2-app-steuerung-omnisense-technologie-intuitives-zonenmanagement-intelligente-hindernisvermei\\\/\"]}]},{\"@type\":\"ImageObject\",\"inLanguage\":\"de\",\"@id\":\"https:\\\/\\\/easyliferobo.com\\\/de\\\/product\\\/dreame-intelligenter-maehroboter-a1-pro-ohne-begrenzungskabel-3d-lidar-kabelloser-umfang-2000-m%c2%b2-app-steuerung-omnisense-technologie-intuitives-zonenmanagement-intelligente-hindernisvermei\\\/#primaryimage\",\"url\":\"https:\\\/\\\/easyliferobo.com\\\/de\\\/wp-content\\\/uploads\\\/2026\\\/02\\\/71wAZAxRpKL._AC_SL1500_.jpg\",\"contentUrl\":\"https:\\\/\\\/easyliferobo.com\\\/de\\\/wp-content\\\/uploads\\\/2026\\\/02\\\/71wAZAxRpKL._AC_SL1500_.jpg\",\"width\":1500,\"height\":1316},{\"@type\":\"BreadcrumbList\",\"@id\":\"https:\\\/\\\/easyliferobo.com\\\/de\\\/product\\\/dreame-intelligenter-maehroboter-a1-pro-ohne-begrenzungskabel-3d-lidar-kabelloser-umfang-2000-m%c2%b2-app-steuerung-omnisense-technologie-intuitives-zonenmanagement-intelligente-hindernisvermei\\\/#breadcrumb\",\"itemListElement\":[{\"@type\":\"ListItem\",\"position\":1,\"name\":\"Home\",\"item\":\"https:\\\/\\\/easyliferobo.com\\\/de\\\/\"},{\"@type\":\"ListItem\",\"position\":2,\"name\":\"Shop\",\"item\":\"https:\\\/\\\/easyliferobo.com\\\/de\\\/shop\\\/\"},{\"@type\":\"ListItem\",\"position\":3,\"name\":\"dreame Intelligenter M\u00e4hroboter A1...\"}]},{\"@type\":\"WebSite\",\"@id\":\"https:\\\/\\\/easyliferobo.com\\\/de\\\/#website\",\"url\":\"https:\\\/\\\/easyliferobo.com\\\/de\\\/\",\"name\":\"EasyLifeBro\",\"description\":\"Smarte Roboter f\u00fcr Zuhause, Garten &amp; Bildung\",\"publisher\":{\"@id\":\"https:\\\/\\\/easyliferobo.com\\\/de\\\/#organization\"},\"potentialAction\":[{\"@type\":\"SearchAction\",\"target\":{\"@type\":\"EntryPoint\",\"urlTemplate\":\"https:\\\/\\\/easyliferobo.com\\\/de\\\/?s={search_term_string}\"},\"query-input\":{\"@type\":\"PropertyValueSpecification\",\"valueRequired\":true,\"valueName\":\"search_term_string\"}}],\"inLanguage\":\"de\"},{\"@type\":\"Organization\",\"@id\":\"https:\\\/\\\/easyliferobo.com\\\/de\\\/#organization\",\"name\":\"EasyLifeBro\",\"url\":\"https:\\\/\\\/easyliferobo.com\\\/de\\\/\",\"logo\":{\"@type\":\"ImageObject\",\"inLanguage\":\"de\",\"@id\":\"https:\\\/\\\/easyliferobo.com\\\/de\\\/#\\\/schema\\\/logo\\\/image\\\/\",\"url\":\"https:\\\/\\\/easyliferobo.com\\\/de\\\/wp-content\\\/uploads\\\/2026\\\/02\\\/Screenshot-2026-02-22-at-2.25.03-PM.png\",\"contentUrl\":\"https:\\\/\\\/easyliferobo.com\\\/de\\\/wp-content\\\/uploads\\\/2026\\\/02\\\/Screenshot-2026-02-22-at-2.25.03-PM.png\",\"width\":1858,\"height\":430,\"caption\":\"EasyLifeBro\"},\"image\":{\"@id\":\"https:\\\/\\\/easyliferobo.com\\\/de\\\/#\\\/schema\\\/logo\\\/image\\\/\"}}]}<\/script>\n<!-- \/ Yoast SEO plugin. -->","yoast_head_json":{"title":"dreame Intelligenter M\u00e4hroboter A1 Pro ohne Begrenzungskabel, 3D-LiDAR, kabelloser Umfang, 2000 m\u00b2, App-Steuerung, OmniSense-Technologie, intuitives Zonenmanagement, intelligente Hindernisvermeidung - EasyLifeBro","description":"Entdecken Sie smarte Roboter f\u00fcr Zuhause, Garten, Bildung und Sicherheit. Vergleichen Sie Saugroboter, Rasenm\u00e4hroboter, KI-Begleitroboter und mehr bei EasyLifeRobo.","robots":{"index":"index","follow":"follow","max-snippet":"max-snippet:-1","max-image-preview":"max-image-preview:large","max-video-preview":"max-video-preview:-1"},"canonical":"https:\/\/easyliferobo.com\/de\/product\/dreame-intelligenter-maehroboter-a1-pro-ohne-begrenzungskabel-3d-lidar-kabelloser-umfang-2000-m\u00b2-app-steuerung-omnisense-technologie-intuitives-zonenmanagement-intelligente-hindernisvermei\/","og_locale":"de_DE","og_type":"article","og_title":"dreame Intelligenter M\u00e4hroboter A1 Pro ohne Begrenzungskabel, 3D-LiDAR, kabelloser Umfang, 2000 m\u00b2, App-Steuerung, OmniSense-Technologie, intuitives Zonenmanagement, intelligente Hindernisvermeidung - EasyLifeBro","og_description":"Entdecken Sie smarte Roboter f\u00fcr Zuhause, Garten, Bildung und Sicherheit. Vergleichen Sie Saugroboter, Rasenm\u00e4hroboter, KI-Begleitroboter und mehr bei EasyLifeRobo.","og_url":"https:\/\/easyliferobo.com\/de\/product\/dreame-intelligenter-maehroboter-a1-pro-ohne-begrenzungskabel-3d-lidar-kabelloser-umfang-2000-m\u00b2-app-steuerung-omnisense-technologie-intuitives-zonenmanagement-intelligente-hindernisvermei\/","og_site_name":"EasyLifeBro","article_modified_time":"2026-02-27T01:36:31+00:00","og_image":[{"url":"https:\/\/m.media-amazon.com\/images\/S\/aplus-media-library-service-media\/a088caff-f652-4ad0-aa5c-534d9e97c1a0.__CR0,0,1464,600_PT0_SX1464_V1___.jpg","type":"","width":"","height":""}],"twitter_card":"summary_large_image","twitter_misc":{"Gesch\u00e4tzte Lesezeit":"1\u00a0Minute"},"schema":{"@context":"https:\/\/schema.org","@graph":[{"@type":"WebPage","@id":"https:\/\/easyliferobo.com\/de\/product\/dreame-intelligenter-maehroboter-a1-pro-ohne-begrenzungskabel-3d-lidar-kabelloser-umfang-2000-m%c2%b2-app-steuerung-omnisense-technologie-intuitives-zonenmanagement-intelligente-hindernisvermei\/","url":"https:\/\/easyliferobo.com\/de\/product\/dreame-intelligenter-maehroboter-a1-pro-ohne-begrenzungskabel-3d-lidar-kabelloser-umfang-2000-m%c2%b2-app-steuerung-omnisense-technologie-intuitives-zonenmanagement-intelligente-hindernisvermei\/","name":"dreame Intelligenter M\u00e4hroboter A1 Pro ohne Begrenzungskabel, 3D-LiDAR, kabelloser Umfang, 2000 m\u00b2, App-Steuerung, OmniSense-Technologie, intuitives Zonenmanagement, intelligente Hindernisvermeidung - EasyLifeBro","isPartOf":{"@id":"https:\/\/easyliferobo.com\/de\/#website"},"primaryImageOfPage":{"@id":"https:\/\/easyliferobo.com\/de\/product\/dreame-intelligenter-maehroboter-a1-pro-ohne-begrenzungskabel-3d-lidar-kabelloser-umfang-2000-m%c2%b2-app-steuerung-omnisense-technologie-intuitives-zonenmanagement-intelligente-hindernisvermei\/#primaryimage"},"image":{"@id":"https:\/\/easyliferobo.com\/de\/product\/dreame-intelligenter-maehroboter-a1-pro-ohne-begrenzungskabel-3d-lidar-kabelloser-umfang-2000-m%c2%b2-app-steuerung-omnisense-technologie-intuitives-zonenmanagement-intelligente-hindernisvermei\/#primaryimage"},"thumbnailUrl":"https:\/\/easyliferobo.com\/de\/wp-content\/uploads\/2026\/02\/71wAZAxRpKL._AC_SL1500_.jpg","datePublished":"2026-02-27T01:36:14+00:00","dateModified":"2026-02-27T01:36:31+00:00","description":"Entdecken Sie smarte Roboter f\u00fcr Zuhause, Garten, Bildung und Sicherheit. Vergleichen Sie Saugroboter, Rasenm\u00e4hroboter, KI-Begleitroboter und mehr bei EasyLifeRobo.","breadcrumb":{"@id":"https:\/\/easyliferobo.com\/de\/product\/dreame-intelligenter-maehroboter-a1-pro-ohne-begrenzungskabel-3d-lidar-kabelloser-umfang-2000-m%c2%b2-app-steuerung-omnisense-technologie-intuitives-zonenmanagement-intelligente-hindernisvermei\/#breadcrumb"},"inLanguage":"de","potentialAction":[{"@type":"ReadAction","target":["https:\/\/easyliferobo.com\/de\/product\/dreame-intelligenter-maehroboter-a1-pro-ohne-begrenzungskabel-3d-lidar-kabelloser-umfang-2000-m%c2%b2-app-steuerung-omnisense-technologie-intuitives-zonenmanagement-intelligente-hindernisvermei\/"]}]},{"@type":"ImageObject","inLanguage":"de","@id":"https:\/\/easyliferobo.com\/de\/product\/dreame-intelligenter-maehroboter-a1-pro-ohne-begrenzungskabel-3d-lidar-kabelloser-umfang-2000-m%c2%b2-app-steuerung-omnisense-technologie-intuitives-zonenmanagement-intelligente-hindernisvermei\/#primaryimage","url":"https:\/\/easyliferobo.com\/de\/wp-content\/uploads\/2026\/02\/71wAZAxRpKL._AC_SL1500_.jpg","contentUrl":"https:\/\/easyliferobo.com\/de\/wp-content\/uploads\/2026\/02\/71wAZAxRpKL._AC_SL1500_.jpg","width":1500,"height":1316},{"@type":"BreadcrumbList","@id":"https:\/\/easyliferobo.com\/de\/product\/dreame-intelligenter-maehroboter-a1-pro-ohne-begrenzungskabel-3d-lidar-kabelloser-umfang-2000-m%c2%b2-app-steuerung-omnisense-technologie-intuitives-zonenmanagement-intelligente-hindernisvermei\/#breadcrumb","itemListElement":[{"@type":"ListItem","position":1,"name":"Home","item":"https:\/\/easyliferobo.com\/de\/"},{"@type":"ListItem","position":2,"name":"Shop","item":"https:\/\/easyliferobo.com\/de\/shop\/"},{"@type":"ListItem","position":3,"name":"dreame Intelligenter M\u00e4hroboter A1..."}]},{"@type":"WebSite","@id":"https:\/\/easyliferobo.com\/de\/#website","url":"https:\/\/easyliferobo.com\/de\/","name":"EasyLifeBro","description":"Smarte Roboter f\u00fcr Zuhause, Garten &amp; Bildung","publisher":{"@id":"https:\/\/easyliferobo.com\/de\/#organization"},"potentialAction":[{"@type":"SearchAction","target":{"@type":"EntryPoint","urlTemplate":"https:\/\/easyliferobo.com\/de\/?s={search_term_string}"},"query-input":{"@type":"PropertyValueSpecification","valueRequired":true,"valueName":"search_term_string"}}],"inLanguage":"de"},{"@type":"Organization","@id":"https:\/\/easyliferobo.com\/de\/#organization","name":"EasyLifeBro","url":"https:\/\/easyliferobo.com\/de\/","logo":{"@type":"ImageObject","inLanguage":"de","@id":"https:\/\/easyliferobo.com\/de\/#\/schema\/logo\/image\/","url":"https:\/\/easyliferobo.com\/de\/wp-content\/uploads\/2026\/02\/Screenshot-2026-02-22-at-2.25.03-PM.png","contentUrl":"https:\/\/easyliferobo.com\/de\/wp-content\/uploads\/2026\/02\/Screenshot-2026-02-22-at-2.25.03-PM.png","width":1858,"height":430,"caption":"EasyLifeBro"},"image":{"@id":"https:\/\/easyliferobo.com\/de\/#\/schema\/logo\/image\/"}}]}},"_links":{"self":[{"href":"https:\/\/easyliferobo.com\/de\/wp-json\/wp\/v2\/product\/1844","targetHints":{"allow":["GET"]}}],"collection":[{"href":"https:\/\/easyliferobo.com\/de\/wp-json\/wp\/v2\/product"}],"about":[{"href":"https:\/\/easyliferobo.com\/de\/wp-json\/wp\/v2\/types\/product"}],"replies":[{"embeddable":true,"href":"https:\/\/easyliferobo.com\/de\/wp-json\/wp\/v2\/comments?post=1844"}],"wp:featuredmedia":[{"embeddable":true,"href":"https:\/\/easyliferobo.com\/de\/wp-json\/wp\/v2\/media\/1845"}],"wp:attachment":[{"href":"https:\/\/easyliferobo.com\/de\/wp-json\/wp\/v2\/media?parent=1844"}],"wp:term":[{"taxonomy":"store","embeddable":true,"href":"https:\/\/easyliferobo.com\/de\/wp-json\/wp\/v2\/store?post=1844"},{"taxonomy":"product_brand","embeddable":true,"href":"https:\/\/easyliferobo.com\/de\/wp-json\/wp\/v2\/product_brand?post=1844"},{"taxonomy":"product_cat","embeddable":true,"href":"https:\/\/easyliferobo.com\/de\/wp-json\/wp\/v2\/product_cat?post=1844"},{"taxonomy":"product_tag","embeddable":true,"href":"https:\/\/easyliferobo.com\/de\/wp-json\/wp\/v2\/product_tag?post=1844"}],"curies":[{"name":"wp","href":"https:\/\/api.w.org\/{rel}","templated":true}]}}