
{"id":1822,"date":"2026-02-27T01:31:16","date_gmt":"2026-02-27T01:31:16","guid":{"rendered":"https:\/\/easyliferobo.com\/de\/product\/roborock-qrevo-curv-2-flow-roboterstaubsauger-mit-wischfunktion-und-hebemopp-hyperforce-saugkraft-weiss\/"},"modified":"2026-02-27T01:31:32","modified_gmt":"2026-02-27T01:31:32","slug":"roborock-qrevo-curv-2-flow-roboterstaubsauger-mit-wischfunktion-und-hebemopp-hyperforce-saugkraft-weiss","status":"publish","type":"product","link":"https:\/\/easyliferobo.com\/de\/product\/roborock-qrevo-curv-2-flow-roboterstaubsauger-mit-wischfunktion-und-hebemopp-hyperforce-saugkraft-weiss\/","title":{"rendered":"roborock Qrevo Curv 2 Flow Roboters..."},"content":{"rendered":"<p>\n                                             Produktbeschreibung   <\/p>\n<p>                                                                                                       <img decoding=\"async\" alt=\"Der Text lautete \u201eOrevo Curv 2 Flow\u201c und \u201eLet&#39;s Rock n &#39;Roll\u201c. Reihe von Produktmarketing-Bannerbildern mit orangen und roten Akzentfarben.\" src=\"https:\/\/images-na.ssl-images-amazon.com\/images\/G\/01\/x-locale\/common\/grey-pixel.gif\" class=\"a-lazy-loaded\" data-src=\"https:\/\/m.media-amazon.com\/images\/S\/aplus-media-library-service-media\/404d9270-4d5e-4225-bb5a-dd1006a96fdc.__CR0,0,1464,600_PT0_SX1464_V1___.jpg\"><img decoding=\"async\" alt=\"Der Text lautete \u201eOrevo Curv 2 Flow\u201c und \u201eLet&#39;s Rock n &#39;Roll\u201c. Reihe von Produktmarketing-Bannerbildern mit orangen und roten Akzentfarben.\" src=\"https:\/\/m.media-amazon.com\/images\/S\/aplus-media-library-service-media\/404d9270-4d5e-4225-bb5a-dd1006a96fdc.__CR0,0,1464,600_PT0_SX1464_V1___.jpg\">                                               <\/p>\n<p>                                                                                                                    <img decoding=\"async\" alt=\"Aplus-Inhaltsbild\" src=\"https:\/\/m.media-amazon.com\/images\/S\/aplus-media-library-service-media\/306b0992-d3c0-42cc-a3e4-16aac08ab0c8.__CR0,0,1464,600_PT0_SX1464_V1___.jpg\">                                                    <img decoding=\"async\" alt=\"Der Text lautet \u201eF\u00fcr B\u00f6den, die immer sauber sind\u201c. Das Diagramm des Roboterstaubsaugers zeigt den Reinigungspfad mit Schmutzflecken und enth\u00e4lt mehrere Anleitungsbilder.\" src=\"https:\/\/m.media-amazon.com\/images\/S\/aplus-media-library-service-media\/bed0b159-71ce-46d1-8031-46ec4a80dd6b.__CR0,0,1464,600_PT0_SX1464_V1___.jpg\">                                                    <img decoding=\"async\" alt=\"Der Text lautet \u201e270 mm extrabreite Walze\u201c. Auf den Produktbildern sind Werkzeuge mit breiteren Walzen aus verschiedenen Blickwinkeln mit Messanzeigen zu sehen.\" src=\"https:\/\/m.media-amazon.com\/images\/S\/aplus-media-library-service-media\/b2588c2e-71e5-4d2c-9c2a-1e6a9b02baaa.__CR0,0,1464,600_PT0_SX1464_V1___.jpg\">                                                    <img decoding=\"async\" alt=\"Aplus-Inhaltsbild\" src=\"https:\/\/m.media-amazon.com\/images\/S\/aplus-media-library-service-media\/851e51c8-3c7a-4bef-af4f-5e68144d3066.__CR0,0,1464,600_PT0_SX1464_V1___.jpg\">                                                    <img decoding=\"async\" alt=\"Der Text lautet \u201eIntelligentes Design, m\u00fchelose Nutzung\u201c und \u201eEinfache Wartung\u201c. Anleitung zur Produktwartung mit Anleitungsdiagrammen, die die Reinigungs- oder Montageschritte zeigen.\" src=\"https:\/\/m.media-amazon.com\/images\/S\/aplus-media-library-service-media\/793f3440-8b4c-4263-bd40-cd320d68baa6.__CR0,0,1464,600_PT0_SX1464_V1___.jpg\"><br \/>\n                            1 Immer sauber unterwegs 2 2,5mal h\u00f6herer Wischdruck 3 270 mm extrabreite Walze 4 Flexible Wischwalze 5 Einfache Wartung <\/p>\n<p>                                                                                                                    <img decoding=\"async\" alt=\"Der Text lautet \u201e20.000 PC HyperForce Segeltraining\u201c. Mehrere Produktdetailfotos zeigen Kaffeebohnen und Kaffeepulver mit Anleitungen von Messungen und Zubereitungsschritten.\" src=\"https:\/\/m.media-amazon.com\/images\/S\/aplus-media-library-service-media\/ae309d16-4eb8-4df5-a68b-50c77c97b233.__CR0,0,1464,600_PT0_SX1464_V1___.jpg\">                                                    <img decoding=\"async\" alt=\"Der Text lautet \u201eZertifiziertes Dual Anti-Tangle System\u201c. Das Produktdiagramm zeigt die Anti-Tanging-Technologie f\u00fcr Roboterstaubsauger mit Symbolen, die auf verschiedene Reinigungsfunktionen hinweisen.\" src=\"https:\/\/m.media-amazon.com\/images\/S\/aplus-media-library-service-media\/88e5ae2a-fe44-439d-8a12-25a09d9c106c.__CR0,0,1464,600_PT0_SX1464_V1___.jpg\">                                                    <img decoding=\"async\" alt=\"Text lautet: \u201eIst der Teppich nass geworden? Nicht l\u00e4nger.\u201c Das Produktvergleichsbild zeigt den Unterschied in der Wasserabsorption bei einer Messung von 15 mm.\" src=\"https:\/\/m.media-amazon.com\/images\/S\/aplus-media-library-service-media\/fc23353a-eb19-4ad2-acf2-0ec263366076.__CR0,0,1464,600_PT0_SX1464_V1___.jpg\">                                                    <img decoding=\"async\" alt=\"Eine Reihe von Pr\u00e4sentations- oder Infografik-Folien mit kreisf\u00f6rmigen Diagrammen und Textlayouts in ged\u00e4mpften Farben, die Teil eines Gesch\u00e4ftsstrategiedokuments zu sein scheinen.\" src=\"https:\/\/m.media-amazon.com\/images\/S\/aplus-media-library-service-media\/cb4b893b-6252-4b5d-9712-7f252b507e9b.__CR0,0,1464,600_PT0_SX1464_V1___.jpg\">                                                    <img decoding=\"async\" alt=\"Der Text lautet \u201eBei Besch\u00e4ftigung oder Schmutz\u201c. Produktanleitung oder Warntafeln mit deutschem Text und Symbolen auf orangefarbenem Hintergrund.\" src=\"https:\/\/m.media-amazon.com\/images\/S\/aplus-media-library-service-media\/0001e2d7-7e34-4fe9-a15b-0cd6a5083220.__CR0,0,1464,600_PT0_SX1464_V1___.jpg\"><br \/>\n                            1 20.000 Pa Saugkraft 2 Dual Anti-Tangle System 3 15 mm Walzenmopp-Anhebung 4 Strategien f\u00fcr Teppiche 5 DirTect Technologie <\/p>\n<p>                                                                                                                    <img decoding=\"async\" alt=\"Aplus-Inhaltsbild\" src=\"https:\/\/m.media-amazon.com\/images\/S\/aplus-media-library-service-media\/e78f6184-1f7b-48a1-a771-8acc4b3df2d1.__CR0,0,1464,600_PT0_SX1464_V1___.jpg\">                                                    <img decoding=\"async\" alt=\"Aplus-Inhaltsbild\" src=\"https:\/\/m.media-amazon.com\/images\/S\/aplus-media-library-service-media\/be75ffe6-ae73-4452-82a2-4bd0bdbae11d.__CR0,0,1464,600_PT0_SX1464_V1___.jpg\">                                                    <img decoding=\"async\" alt=\"Aplus-Inhaltsbild\" src=\"https:\/\/m.media-amazon.com\/images\/S\/aplus-media-library-service-media\/15ac0490-b812-4da0-8e59-59f4900aaa6c.__CR0,0,1464,600_PT0_SX1464_V1___.jpg\">                                                    <img decoding=\"async\" alt=\"Der Text lautet \u201eLufttrocknung bei 65\u00b0C\u201c und \u201eAutomatische Trockenf\u00fcllung\u201c. Technisches Diagramm, das die Komponenten des L\u00fcftungs- oder Trocknungssystems zeigt.\" src=\"https:\/\/m.media-amazon.com\/images\/S\/aplus-media-library-service-media\/964e02a5-fde9-419b-8161-9959b2aefb06.__CR0,0,1464,600_PT0_SX1464_V1___.jpg\">                                                    <img decoding=\"async\" alt=\"Der Text lautet \u201eAutomatische Stauberkennung\u201c. Mehrere Bilder zeigen einen Roboterstaubsauger in verschiedenen Positionen und Einstellungen, mit Betriebsdiagrammen.\" src=\"https:\/\/m.media-amazon.com\/images\/S\/aplus-media-library-service-media\/fd4249d0-9d90-4447-9721-7e1b13402ae3.__CR0,0,1464,600_PT0_SX1464_V1___.jpg\"><br \/>\n                            1 brandneue Dockingstation 2 75\u00b0C Hei\u00dfwasserw\u00e4sche 3 Schmutzerkennung 4 Lufttrocknung bei 55 \u00b0C 5 Staubentleerung&#038;Aufladen  <\/p>\n<p>                                                                                                                    <img decoding=\"async\" alt=\"Aplus-Inhaltsbild\" src=\"https:\/\/m.media-amazon.com\/images\/S\/aplus-media-library-service-media\/2dda5421-df8b-4b3f-b53d-3586b1c54461.__CR0,0,1464,600_PT0_SX1464_V1___.jpg\">                                                    <img decoding=\"async\" alt=\"Der Text lautet \u201ePrecisense LiDAR Navigation\u201c. Marketingkarussell, das Roboterstaubsauger in verschiedenen Wohnumgebungen zeigt und Navigations- und Reinigungsfunktionen auf verschiedenen Bodenfl\u00e4chen demonstriert.\" src=\"https:\/\/m.media-amazon.com\/images\/S\/aplus-media-library-service-media\/910cb26f-1c07-4980-a1f1-d833b6b015ca.__CR0,0,1464,600_PT0_SX1464_V1___.jpg\">                                                    <img decoding=\"async\" alt=\"Der Text lautet \u201eHaushaltsfreundliche Intelligenz\u201c. Screenshots der Benutzeroberfl\u00e4che der mobilen App, die Funktionen der Smart-Home-Steuerung mit mehreren Raumansichten zeigen.\" src=\"https:\/\/m.media-amazon.com\/images\/S\/aplus-media-library-service-media\/6f511d24-af3a-4d52-a010-f5343aa46086.__CR0,0,1464,600_PT0_SX1464_V1___.jpg\">                                                    <img decoding=\"async\" alt=\"Der Text lautet \u201eReinigung planen\u201c und \u201eZonenreinigung\u201c. Bilderserie, die Roboterstaubsauger in verschiedenen Reinigungsszenarien auf Holzb\u00f6den zeigt.\" src=\"https:\/\/m.media-amazon.com\/images\/S\/aplus-media-library-service-media\/f2e4b3ed-0ec5-4e0e-b8bb-144873a3db63.__CR0,0,1464,600_PT0_SX1464_V1___.jpg\">                                                    <img decoding=\"async\" alt=\"Der deutsche Text \u201eSmarte Vorschl\u00e4ge f\u00fcr Sparpreise\u201c ist oben auf der Benutzeroberfl\u00e4che der Produktliste sichtbar und zeigt reisebezogene Inhalte mit Preisinformationen.\" src=\"https:\/\/m.media-amazon.com\/images\/S\/aplus-media-library-service-media\/837a8fb4-d56e-43c9-800c-f545ed28fe26.__CR0,0,1464,600_PT0_SX1464_V1___.jpg\"><br \/>\n                            1 AI-Hinderniserkennung 2 LiDAR-Navigation 3 Haustierfreundlich 4 Reinigung planen 5 NO-GO-ZONE <\/p>\n<p>                                                                                                                  <img decoding=\"async\" alt=\"Aplus-Inhaltsbild\" src=\"https:\/\/m.media-amazon.com\/images\/S\/aplus-media-library-service-media\/fcb81714-6d87-494d-bd28-9f7d5e91f3b7.__CR0,0,1464,600_PT0_SX1464_V1___.jpg\">                                                    <img decoding=\"async\" alt=\"Der Text lautete \u201eSage \u201eHello Rocky\u201c, um Hilfe zu erhalten\u201c. Screenshot einer scheinbaren Softwareschnittstelle mit deutschem Text und kreisf\u00f6rmigen Designelementen.\" src=\"https:\/\/m.media-amazon.com\/images\/S\/aplus-media-library-service-media\/67f406c1-347c-483b-ac3c-71d31a65228e.__CR0,0,1464,600_PT0_SX1464_V1___.jpg\">                                                    <img decoding=\"async\" alt=\"Der Text lautet: \u201eBodorock SmartPlug 3.0\u201c, gefolgt von Screenshots der Benutzeroberfl\u00e4che, die Steuerungen und Ger\u00e4teeinstellungen der Smart-Home-App zeigen.\" src=\"https:\/\/m.media-amazon.com\/images\/S\/aplus-media-library-service-media\/c79160f7-8680-4277-9267-4d5707aca4b4.__CR0,0,1464,600_PT0_SX1464_V1___.jpg\">                                                    <img decoding=\"async\" alt=\"Aplus-Inhaltsbild\" src=\"https:\/\/m.media-amazon.com\/images\/S\/aplus-media-library-service-media\/cbcc2baf-b8cf-4711-bca7-a56592cbb33f.__CR0,0,1464,600_PT0_SX1464_V1___.jpg\"><br \/>\n                            1 Roborock App 2 \u201eHello Rocky\u201c 3 Roborock SmartPlan 3.0 4 Matter-Protokoll <\/p>\n<p>roborock Qrevo Curv 2 Flow Roboterstaubsauger mit Wischfunktion und Hebemopp, HyperForce-Saugkraft, Wei\u00df<\/p>\n<p>[ad_2]<\/p>\n","protected":false},"excerpt":{"rendered":"<p>Produktbeschreibung 1 Immer sauber unterwegs 2 2,5mal h\u00f6herer Wischdruck 3 270 mm extrabreite Walze 4 Flexible Wischwalze 5 Einfache Wartung 1 20.000 Pa Saugkraft 2 Dual Anti-Tangle System 3 15 mm Walzenmopp-Anhebung 4 Strategien f\u00fcr Teppiche 5 DirTect Technologie 1 brandneue Dockingstation 2 75\u00b0C Hei\u00dfwasserw\u00e4sche 3 Schmutzerkennung 4 Lufttrocknung bei 55 \u00b0C 5 Staubentleerung&#038;Aufladen 1 [&hellip;]<\/p>\n","protected":false},"featured_media":1823,"comment_status":"open","ping_status":"closed","template":"","meta":{"_aipt_faq_data":""},"store":[],"product_brand":[40],"product_cat":[73],"product_tag":[348],"class_list":{"0":"post-1822","1":"product","2":"type-product","3":"status-publish","4":"has-post-thumbnail","6":"product_brand-roborock","7":"product_cat-wischroboter","8":"product_tag-wischroboter-mit-app-steuerung","10":"first","11":"instock","12":"sale","13":"shipping-taxable","14":"product-type-external"},"yoast_head":"<!-- This site is optimized with the Yoast SEO plugin v27.0 - https:\/\/yoast.com\/product\/yoast-seo-wordpress\/ -->\n<title>roborock Qrevo Curv 2 Flow Roboterstaubsauger mit Wischfunktion und Hebemopp, HyperForce-Saugkraft, Wei\u00df - EasyLifeBro<\/title>\n<meta name=\"description\" content=\"Entdecken Sie smarte Roboter f\u00fcr Zuhause, Garten, Bildung und Sicherheit. Vergleichen Sie Saugroboter, Rasenm\u00e4hroboter, KI-Begleitroboter und mehr bei EasyLifeRobo.\" \/>\n<meta name=\"robots\" content=\"index, follow, max-snippet:-1, max-image-preview:large, max-video-preview:-1\" \/>\n<link rel=\"canonical\" href=\"https:\/\/easyliferobo.com\/de\/product\/roborock-qrevo-curv-2-flow-roboterstaubsauger-mit-wischfunktion-und-hebemopp-hyperforce-saugkraft-weiss\/\" \/>\n<meta property=\"og:locale\" content=\"de_DE\" \/>\n<meta property=\"og:type\" content=\"article\" \/>\n<meta property=\"og:title\" content=\"roborock Qrevo Curv 2 Flow Roboterstaubsauger mit Wischfunktion und Hebemopp, HyperForce-Saugkraft, Wei\u00df - EasyLifeBro\" \/>\n<meta property=\"og:description\" content=\"Entdecken Sie smarte Roboter f\u00fcr Zuhause, Garten, Bildung und Sicherheit. Vergleichen Sie Saugroboter, Rasenm\u00e4hroboter, KI-Begleitroboter und mehr bei EasyLifeRobo.\" \/>\n<meta property=\"og:url\" content=\"https:\/\/easyliferobo.com\/de\/product\/roborock-qrevo-curv-2-flow-roboterstaubsauger-mit-wischfunktion-und-hebemopp-hyperforce-saugkraft-weiss\/\" \/>\n<meta property=\"og:site_name\" content=\"EasyLifeBro\" \/>\n<meta property=\"article:modified_time\" content=\"2026-02-27T01:31:32+00:00\" \/>\n<meta property=\"og:image\" content=\"https:\/\/images-na.ssl-images-amazon.com\/images\/G\/01\/x-locale\/common\/grey-pixel.gif\" \/>\n<meta name=\"twitter:card\" content=\"summary_large_image\" \/>\n<script type=\"application\/ld+json\" class=\"yoast-schema-graph\">{\"@context\":\"https:\/\/schema.org\",\"@graph\":[{\"@type\":\"WebPage\",\"@id\":\"https:\/\/easyliferobo.com\/de\/product\/roborock-qrevo-curv-2-flow-roboterstaubsauger-mit-wischfunktion-und-hebemopp-hyperforce-saugkraft-weiss\/\",\"url\":\"https:\/\/easyliferobo.com\/de\/product\/roborock-qrevo-curv-2-flow-roboterstaubsauger-mit-wischfunktion-und-hebemopp-hyperforce-saugkraft-weiss\/\",\"name\":\"roborock Qrevo Curv 2 Flow Roboterstaubsauger mit Wischfunktion und Hebemopp, HyperForce-Saugkraft, Wei\u00df - EasyLifeBro\",\"isPartOf\":{\"@id\":\"https:\/\/easyliferobo.com\/de\/#website\"},\"primaryImageOfPage\":{\"@id\":\"https:\/\/easyliferobo.com\/de\/product\/roborock-qrevo-curv-2-flow-roboterstaubsauger-mit-wischfunktion-und-hebemopp-hyperforce-saugkraft-weiss\/#primaryimage\"},\"image\":{\"@id\":\"https:\/\/easyliferobo.com\/de\/product\/roborock-qrevo-curv-2-flow-roboterstaubsauger-mit-wischfunktion-und-hebemopp-hyperforce-saugkraft-weiss\/#primaryimage\"},\"thumbnailUrl\":\"https:\/\/easyliferobo.com\/de\/wp-content\/uploads\/2026\/02\/61j4hvcglNL._AC_SL1500_.jpg\",\"datePublished\":\"2026-02-27T01:31:16+00:00\",\"dateModified\":\"2026-02-27T01:31:32+00:00\",\"description\":\"Entdecken Sie smarte Roboter f\u00fcr Zuhause, Garten, Bildung und Sicherheit. Vergleichen Sie Saugroboter, Rasenm\u00e4hroboter, KI-Begleitroboter und mehr bei EasyLifeRobo.\",\"breadcrumb\":{\"@id\":\"https:\/\/easyliferobo.com\/de\/product\/roborock-qrevo-curv-2-flow-roboterstaubsauger-mit-wischfunktion-und-hebemopp-hyperforce-saugkraft-weiss\/#breadcrumb\"},\"inLanguage\":\"de\",\"potentialAction\":[{\"@type\":\"ReadAction\",\"target\":[\"https:\/\/easyliferobo.com\/de\/product\/roborock-qrevo-curv-2-flow-roboterstaubsauger-mit-wischfunktion-und-hebemopp-hyperforce-saugkraft-weiss\/\"]}]},{\"@type\":\"ImageObject\",\"inLanguage\":\"de\",\"@id\":\"https:\/\/easyliferobo.com\/de\/product\/roborock-qrevo-curv-2-flow-roboterstaubsauger-mit-wischfunktion-und-hebemopp-hyperforce-saugkraft-weiss\/#primaryimage\",\"url\":\"https:\/\/easyliferobo.com\/de\/wp-content\/uploads\/2026\/02\/61j4hvcglNL._AC_SL1500_.jpg\",\"contentUrl\":\"https:\/\/easyliferobo.com\/de\/wp-content\/uploads\/2026\/02\/61j4hvcglNL._AC_SL1500_.jpg\",\"width\":1500,\"height\":1274},{\"@type\":\"BreadcrumbList\",\"@id\":\"https:\/\/easyliferobo.com\/de\/product\/roborock-qrevo-curv-2-flow-roboterstaubsauger-mit-wischfunktion-und-hebemopp-hyperforce-saugkraft-weiss\/#breadcrumb\",\"itemListElement\":[{\"@type\":\"ListItem\",\"position\":1,\"name\":\"Home\",\"item\":\"https:\/\/easyliferobo.com\/de\/\"},{\"@type\":\"ListItem\",\"position\":2,\"name\":\"Shop\",\"item\":\"https:\/\/easyliferobo.com\/de\/shop\/\"},{\"@type\":\"ListItem\",\"position\":3,\"name\":\"roborock Qrevo Curv 2 Flow Roboters...\"}]},{\"@type\":\"WebSite\",\"@id\":\"https:\/\/easyliferobo.com\/de\/#website\",\"url\":\"https:\/\/easyliferobo.com\/de\/\",\"name\":\"EasyLifeBro\",\"description\":\"Smarte Roboter f\u00fcr Zuhause, Garten &amp; Bildung\",\"publisher\":{\"@id\":\"https:\/\/easyliferobo.com\/de\/#organization\"},\"potentialAction\":[{\"@type\":\"SearchAction\",\"target\":{\"@type\":\"EntryPoint\",\"urlTemplate\":\"https:\/\/easyliferobo.com\/de\/?s={search_term_string}\"},\"query-input\":{\"@type\":\"PropertyValueSpecification\",\"valueRequired\":true,\"valueName\":\"search_term_string\"}}],\"inLanguage\":\"de\"},{\"@type\":\"Organization\",\"@id\":\"https:\/\/easyliferobo.com\/de\/#organization\",\"name\":\"EasyLifeBro\",\"url\":\"https:\/\/easyliferobo.com\/de\/\",\"logo\":{\"@type\":\"ImageObject\",\"inLanguage\":\"de\",\"@id\":\"https:\/\/easyliferobo.com\/de\/#\/schema\/logo\/image\/\",\"url\":\"https:\/\/easyliferobo.com\/de\/wp-content\/uploads\/2026\/02\/Screenshot-2026-02-22-at-2.25.03-PM.png\",\"contentUrl\":\"https:\/\/easyliferobo.com\/de\/wp-content\/uploads\/2026\/02\/Screenshot-2026-02-22-at-2.25.03-PM.png\",\"width\":1858,\"height\":430,\"caption\":\"EasyLifeBro\"},\"image\":{\"@id\":\"https:\/\/easyliferobo.com\/de\/#\/schema\/logo\/image\/\"}}]}<\/script>\n<!-- \/ Yoast SEO plugin. -->","yoast_head_json":{"title":"roborock Qrevo Curv 2 Flow Roboterstaubsauger mit Wischfunktion und Hebemopp, HyperForce-Saugkraft, Wei\u00df - EasyLifeBro","description":"Entdecken Sie smarte Roboter f\u00fcr Zuhause, Garten, Bildung und Sicherheit. Vergleichen Sie Saugroboter, Rasenm\u00e4hroboter, KI-Begleitroboter und mehr bei EasyLifeRobo.","robots":{"index":"index","follow":"follow","max-snippet":"max-snippet:-1","max-image-preview":"max-image-preview:large","max-video-preview":"max-video-preview:-1"},"canonical":"https:\/\/easyliferobo.com\/de\/product\/roborock-qrevo-curv-2-flow-roboterstaubsauger-mit-wischfunktion-und-hebemopp-hyperforce-saugkraft-weiss\/","og_locale":"de_DE","og_type":"article","og_title":"roborock Qrevo Curv 2 Flow Roboterstaubsauger mit Wischfunktion und Hebemopp, HyperForce-Saugkraft, Wei\u00df - EasyLifeBro","og_description":"Entdecken Sie smarte Roboter f\u00fcr Zuhause, Garten, Bildung und Sicherheit. Vergleichen Sie Saugroboter, Rasenm\u00e4hroboter, KI-Begleitroboter und mehr bei EasyLifeRobo.","og_url":"https:\/\/easyliferobo.com\/de\/product\/roborock-qrevo-curv-2-flow-roboterstaubsauger-mit-wischfunktion-und-hebemopp-hyperforce-saugkraft-weiss\/","og_site_name":"EasyLifeBro","article_modified_time":"2026-02-27T01:31:32+00:00","og_image":[{"url":"https:\/\/images-na.ssl-images-amazon.com\/images\/G\/01\/x-locale\/common\/grey-pixel.gif","type":"","width":"","height":""}],"twitter_card":"summary_large_image","schema":{"@context":"https:\/\/schema.org","@graph":[{"@type":"WebPage","@id":"https:\/\/easyliferobo.com\/de\/product\/roborock-qrevo-curv-2-flow-roboterstaubsauger-mit-wischfunktion-und-hebemopp-hyperforce-saugkraft-weiss\/","url":"https:\/\/easyliferobo.com\/de\/product\/roborock-qrevo-curv-2-flow-roboterstaubsauger-mit-wischfunktion-und-hebemopp-hyperforce-saugkraft-weiss\/","name":"roborock Qrevo Curv 2 Flow Roboterstaubsauger mit Wischfunktion und Hebemopp, HyperForce-Saugkraft, Wei\u00df - EasyLifeBro","isPartOf":{"@id":"https:\/\/easyliferobo.com\/de\/#website"},"primaryImageOfPage":{"@id":"https:\/\/easyliferobo.com\/de\/product\/roborock-qrevo-curv-2-flow-roboterstaubsauger-mit-wischfunktion-und-hebemopp-hyperforce-saugkraft-weiss\/#primaryimage"},"image":{"@id":"https:\/\/easyliferobo.com\/de\/product\/roborock-qrevo-curv-2-flow-roboterstaubsauger-mit-wischfunktion-und-hebemopp-hyperforce-saugkraft-weiss\/#primaryimage"},"thumbnailUrl":"https:\/\/easyliferobo.com\/de\/wp-content\/uploads\/2026\/02\/61j4hvcglNL._AC_SL1500_.jpg","datePublished":"2026-02-27T01:31:16+00:00","dateModified":"2026-02-27T01:31:32+00:00","description":"Entdecken Sie smarte Roboter f\u00fcr Zuhause, Garten, Bildung und Sicherheit. Vergleichen Sie Saugroboter, Rasenm\u00e4hroboter, KI-Begleitroboter und mehr bei EasyLifeRobo.","breadcrumb":{"@id":"https:\/\/easyliferobo.com\/de\/product\/roborock-qrevo-curv-2-flow-roboterstaubsauger-mit-wischfunktion-und-hebemopp-hyperforce-saugkraft-weiss\/#breadcrumb"},"inLanguage":"de","potentialAction":[{"@type":"ReadAction","target":["https:\/\/easyliferobo.com\/de\/product\/roborock-qrevo-curv-2-flow-roboterstaubsauger-mit-wischfunktion-und-hebemopp-hyperforce-saugkraft-weiss\/"]}]},{"@type":"ImageObject","inLanguage":"de","@id":"https:\/\/easyliferobo.com\/de\/product\/roborock-qrevo-curv-2-flow-roboterstaubsauger-mit-wischfunktion-und-hebemopp-hyperforce-saugkraft-weiss\/#primaryimage","url":"https:\/\/easyliferobo.com\/de\/wp-content\/uploads\/2026\/02\/61j4hvcglNL._AC_SL1500_.jpg","contentUrl":"https:\/\/easyliferobo.com\/de\/wp-content\/uploads\/2026\/02\/61j4hvcglNL._AC_SL1500_.jpg","width":1500,"height":1274},{"@type":"BreadcrumbList","@id":"https:\/\/easyliferobo.com\/de\/product\/roborock-qrevo-curv-2-flow-roboterstaubsauger-mit-wischfunktion-und-hebemopp-hyperforce-saugkraft-weiss\/#breadcrumb","itemListElement":[{"@type":"ListItem","position":1,"name":"Home","item":"https:\/\/easyliferobo.com\/de\/"},{"@type":"ListItem","position":2,"name":"Shop","item":"https:\/\/easyliferobo.com\/de\/shop\/"},{"@type":"ListItem","position":3,"name":"roborock Qrevo Curv 2 Flow Roboters..."}]},{"@type":"WebSite","@id":"https:\/\/easyliferobo.com\/de\/#website","url":"https:\/\/easyliferobo.com\/de\/","name":"EasyLifeBro","description":"Smarte Roboter f\u00fcr Zuhause, Garten &amp; Bildung","publisher":{"@id":"https:\/\/easyliferobo.com\/de\/#organization"},"potentialAction":[{"@type":"SearchAction","target":{"@type":"EntryPoint","urlTemplate":"https:\/\/easyliferobo.com\/de\/?s={search_term_string}"},"query-input":{"@type":"PropertyValueSpecification","valueRequired":true,"valueName":"search_term_string"}}],"inLanguage":"de"},{"@type":"Organization","@id":"https:\/\/easyliferobo.com\/de\/#organization","name":"EasyLifeBro","url":"https:\/\/easyliferobo.com\/de\/","logo":{"@type":"ImageObject","inLanguage":"de","@id":"https:\/\/easyliferobo.com\/de\/#\/schema\/logo\/image\/","url":"https:\/\/easyliferobo.com\/de\/wp-content\/uploads\/2026\/02\/Screenshot-2026-02-22-at-2.25.03-PM.png","contentUrl":"https:\/\/easyliferobo.com\/de\/wp-content\/uploads\/2026\/02\/Screenshot-2026-02-22-at-2.25.03-PM.png","width":1858,"height":430,"caption":"EasyLifeBro"},"image":{"@id":"https:\/\/easyliferobo.com\/de\/#\/schema\/logo\/image\/"}}]}},"_links":{"self":[{"href":"https:\/\/easyliferobo.com\/de\/wp-json\/wp\/v2\/product\/1822","targetHints":{"allow":["GET"]}}],"collection":[{"href":"https:\/\/easyliferobo.com\/de\/wp-json\/wp\/v2\/product"}],"about":[{"href":"https:\/\/easyliferobo.com\/de\/wp-json\/wp\/v2\/types\/product"}],"replies":[{"embeddable":true,"href":"https:\/\/easyliferobo.com\/de\/wp-json\/wp\/v2\/comments?post=1822"}],"wp:featuredmedia":[{"embeddable":true,"href":"https:\/\/easyliferobo.com\/de\/wp-json\/wp\/v2\/media\/1823"}],"wp:attachment":[{"href":"https:\/\/easyliferobo.com\/de\/wp-json\/wp\/v2\/media?parent=1822"}],"wp:term":[{"taxonomy":"store","embeddable":true,"href":"https:\/\/easyliferobo.com\/de\/wp-json\/wp\/v2\/store?post=1822"},{"taxonomy":"product_brand","embeddable":true,"href":"https:\/\/easyliferobo.com\/de\/wp-json\/wp\/v2\/product_brand?post=1822"},{"taxonomy":"product_cat","embeddable":true,"href":"https:\/\/easyliferobo.com\/de\/wp-json\/wp\/v2\/product_cat?post=1822"},{"taxonomy":"product_tag","embeddable":true,"href":"https:\/\/easyliferobo.com\/de\/wp-json\/wp\/v2\/product_tag?post=1822"}],"curies":[{"name":"wp","href":"https:\/\/api.w.org\/{rel}","templated":true}]}}