
{"id":1801,"date":"2026-02-27T01:28:15","date_gmt":"2026-02-27T01:28:15","guid":{"rendered":"https:\/\/easyliferobo.com\/de\/product\/poolroboter-wand-und-boden-wasserlinie-flache-zone-4-in-1-bis-zu-200-minuten-laufzeit-leichte-69-kg-3%ce%bcm-ultrafeinfilter-starker-pool-suager-akku-fuer-pools-bis-zu-200-m-2\/"},"modified":"2026-02-27T01:28:35","modified_gmt":"2026-02-27T01:28:35","slug":"poolroboter-wand-und-boden-wasserlinie-flache-zone-4-in-1-bis-zu-200-minuten-laufzeit-leichte-69-kg-3%ce%bcm-ultrafeinfilter-starker-pool-suager-akku-fuer-pools-bis-zu-200-m-2","status":"publish","type":"product","link":"https:\/\/easyliferobo.com\/de\/product\/poolroboter-wand-und-boden-wasserlinie-flache-zone-4-in-1-bis-zu-200-minuten-laufzeit-leichte-69-kg-3%ce%bcm-ultrafeinfilter-starker-pool-suager-akku-fuer-pools-bis-zu-200-m-2\/","title":{"rendered":"Poolroboter Wand und Boden, Wasserl..."},"content":{"rendered":"<p>\n                                             Produktbeschreibung   <\/p>\n<p>                                                                                                       <img decoding=\"async\" alt=\"Aplus-Inhaltsbild\" src=\"https:\/\/images-na.ssl-images-amazon.com\/images\/G\/01\/x-locale\/common\/grey-pixel.gif\" class=\"a-lazy-loaded\" data-src=\"https:\/\/m.media-amazon.com\/images\/S\/aplus-media-library-service-media\/32afa398-cf86-4fe4-a93e-764438f07be0.__CR0,0,1464,600_PT0_SX1464_V1___.jpg\"><img decoding=\"async\" alt=\"Aplus-Inhaltsbild\" src=\"https:\/\/m.media-amazon.com\/images\/S\/aplus-media-library-service-media\/32afa398-cf86-4fe4-a93e-764438f07be0.__CR0,0,1464,600_PT0_SX1464_V1___.jpg\">                                               <\/p>\n<p>                                                                                  <img decoding=\"async\" alt=\"Aplus-Inhaltsbild\" src=\"https:\/\/m.media-amazon.com\/images\/S\/aplus-media-library-service-media\/747afdb7-f88c-45e1-9a9b-614c6ec890b2.__CR0,0,1464,600_PT0_SX1464_V1___.jpg\">       <\/p>\n<p>                                                                                  <img decoding=\"async\" alt=\"Aplus-Inhaltsbild\" src=\"https:\/\/m.media-amazon.com\/images\/S\/aplus-media-library-service-media\/4cd9d240-6593-4d7d-9062-f8149128bd64.__CR0,0,1464,600_PT0_SX1464_V1___.jpg\">       <\/p>\n<p>                                                                                  <img decoding=\"async\" alt=\"Der Text lautet \u201eVon Tr\u00fcbem zu kristallklarem Wasser\u201c. Collage, die den Wasserumwandlungsprozess mit Vorher-Nachher-Bildern der Pool- oder Teichwasseraufbereitung zeigt.\" src=\"https:\/\/m.media-amazon.com\/images\/S\/aplus-media-library-service-media\/04f2a66f-f6d1-43ba-8d10-7f4d50df7972.__CR0,0,1464,600_PT0_SX1464_V1___.jpg\">       <\/p>\n<p>                                                                                  <img decoding=\"async\" alt=\"Aplus-Inhaltsbild\" src=\"https:\/\/m.media-amazon.com\/images\/S\/aplus-media-library-service-media\/a91a83bf-8f3f-46ff-bc14-ed3bfeab65dd.__CR0,0,1464,600_PT0_SX1464_V1___.jpg\">       <\/p>\n<p>                                                                                  <img decoding=\"async\" alt=\"Aplus-Inhaltsbild\" src=\"https:\/\/m.media-amazon.com\/images\/S\/aplus-media-library-service-media\/d0f53393-df1f-486a-851d-3bfbed4c54c5.__CR0,0,1464,600_PT0_SX1464_V1___.jpg\">       <\/p>\n<p>                                                                                  <img decoding=\"async\" alt=\"Aplus-Inhaltsbild\" src=\"https:\/\/m.media-amazon.com\/images\/S\/aplus-media-library-service-media\/ecb303ee-8534-45d5-a644-b3c620929f8d.__CR0,0,1464,600_PT0_SX1464_V1___.jpg\">       <\/p>\n<p>                                                                                  <img decoding=\"async\" alt=\"Aplus-Inhaltsbild\" src=\"https:\/\/m.media-amazon.com\/images\/S\/aplus-media-library-service-media\/815fd303-460e-4b64-8cc3-753ac81c4578.__CR0,0,1464,600_PT0_SX1464_V1___.jpg\">       <\/p>\n<p>                                                                                  <img decoding=\"async\" alt=\"Aplus-Inhaltsbild\" src=\"https:\/\/m.media-amazon.com\/images\/S\/aplus-media-library-service-media\/e241264d-88cd-4589-977b-d419a37f1e36.__CR0,0,1464,600_PT0_SX1464_V1___.jpg\">       <\/p>\n<p>                                                                                  <img decoding=\"async\" alt=\"Aplus-Inhaltsbild\" src=\"https:\/\/m.media-amazon.com\/images\/S\/aplus-media-library-service-media\/af8f1d31-7350-4f93-9f2e-4367feef64d7.__CR0,0,1464,600_PT0_SX1464_V1___.jpg\">       <\/p>\n<p>                                                                                  <img decoding=\"async\" alt=\"Aplus-Inhaltsbild\" src=\"https:\/\/m.media-amazon.com\/images\/S\/aplus-media-library-service-media\/6601dd6b-0290-4eef-a9fc-40d7f46a3921.__CR0,0,1464,600_PT0_SX1464_V1___.jpg\">       <\/p>\n<p>                                                                                  <img decoding=\"async\" alt=\"Der Text lautet \u201eIntelligente App-Steuerung\u201c. Eine Reihe von technischen Diagrammen, die die Konnektivit\u00e4t intelligenter Ger\u00e4te mit blauen Benutzeroberfl\u00e4chenelementen und Ger\u00e4tesymbolen zeigen, die durch Linien miteinander verbunden sind.\" src=\"https:\/\/m.media-amazon.com\/images\/S\/aplus-media-library-service-media\/6162b90a-7784-4dab-853d-e13c0c8e59cb.__CR0,0,1464,600_PT0_SX1464_V1___.jpg\">       <\/p>\n<p>                                                                                  <img decoding=\"async\" alt=\"Der Text lautet \u201eLED-Statusanzeige\u201c. Blaues technisches Diagramm, das die Statusanzeige-Schnittstelle f\u00fcr ein elektronisches Ger\u00e4t mit Anzeigelampen und Bedienfeld zeigt.\" src=\"https:\/\/m.media-amazon.com\/images\/S\/aplus-media-library-service-media\/9551a341-9ee1-4534-90b2-cdd362e4f56e.__CR0,0,1464,600_PT0_SX1464_V1___.jpg\">       <\/p>\n<p>                                                                                  <img decoding=\"async\" alt=\"Aplus-Inhaltsbild\" src=\"https:\/\/m.media-amazon.com\/images\/S\/aplus-media-library-service-media\/110a41a4-1adc-41aa-8372-b27c8d08c9a1.__CR0,0,1464,600_PT0_SX1464_V1___.jpg\">       <\/p>\n<p>                                                                                  <img decoding=\"async\" alt=\"Aplus-Inhaltsbild\" src=\"https:\/\/m.media-amazon.com\/images\/S\/aplus-media-library-service-media\/499e8348-eff4-4bdb-8795-b167b1590b8f.__CR0,0,1464,600_PT0_SX1464_V1___.jpg\">       <\/p>\n<p>                                                                                  <img decoding=\"async\" alt=\"Aplus-Inhaltsbild\" src=\"https:\/\/m.media-amazon.com\/images\/S\/aplus-media-library-service-media\/970e8811-0905-49e1-bab9-c8d6b0b7c399.__CR0,0,1464,600_PT0_SX1464_V1___.jpg\">       <\/p>\n<p>                                                                                  <img decoding=\"async\" alt=\"Aplus-Inhaltsbild\" src=\"https:\/\/m.media-amazon.com\/images\/S\/aplus-media-library-service-media\/4efd9f56-c49a-41ae-88fc-0559ab2d4610.__CR0,0,1464,600_PT0_SX1464_V1___.jpg\">       <\/p>\n<p>                                                                                  <img decoding=\"async\" alt=\"Aplus-Inhaltsbild\" src=\"https:\/\/m.media-amazon.com\/images\/S\/aplus-media-library-service-media\/b3ebed78-a001-4ab8-8c8e-b4d3bd15e3cd.__CR0,0,1464,600_PT0_SX1464_V1___.jpg\">       <\/p>\n<p>                                                                                  <img decoding=\"async\" alt=\"Der Text lautet \u201eBild 5\u201c, \u201eSo erzielen Sie die beste Filterleistung?\u201c Blau get\u00f6ntes technisches Diagramm, das die Komponenten des Filtersystems mit Symbolen und Anzeigen zeigt.\" src=\"https:\/\/m.media-amazon.com\/images\/S\/aplus-media-library-service-media\/acd9bec9-2132-4397-bbcf-1975e1ae2fc5.__CR0,0,1464,600_PT0_SX1464_V1___.jpg\">       <\/p>\n<p>                                                                                  <img decoding=\"async\" alt=\"Der Text lautet \u201eSo optimieren Sie das Wandklistern\u201c. Anleitungsdiagramm mit den Installationsschritten f\u00fcr das Wasserfiltersystem mit blauem Hintergrund.\" src=\"https:\/\/m.media-amazon.com\/images\/S\/aplus-media-library-service-media\/e6021cfe-a8ab-4788-967b-eb030d332193.__CR0,0,1464,600_PT0_SX1464_V1___.jpg\">       <\/p>\n<p>Automatische Reinigung wie ein Profi: Mit einer starken Saugleistung von 15.000 LPH und bis zu 200 Minuten Laufzeit reinigt der LiteVac G1 Poolsauger Pools bis zu 200 m\u00b2. Das Doppelfiltersystem f\u00e4ngt selbst feinste Partikel ab 3 \u03bcm zuverl\u00e4ssig ein, egal ob Bl\u00e4tter, Haare, Sand oder Staub. F\u00fcr kristallklares Wasser und eine rundum saubere Reinigung auf professionellem Niveau<br \/>4-in-1-Rundumreinigung: Boden, W\u00e4nde, Wasserlinie und sogar flache Zonen (Wassertiefe > 30 cm), der LiteVac G1 Poolroboter Akku macht alles sauber. Die breiten 260 mm Doppelb\u00fcrsten und der Raupenantrieb sorgen daf\u00fcr, dass es \u00fcberall ankommt und nichts zur\u00fcckbleibt. Kein manuelles Schrubben mehr, kein zus\u00e4tzliches Zubeh\u00f6r. Leicht zu reinigen und zeitsparend<br \/>ULTRALEICHT UND M\u00dcHELOS Der LiteVac G1 Poolreiniger wiegt nur 15 Pfund und verf\u00fcgt \u00fcber eine schnelle Wasserablassfunktion, die jeder tragen und m\u00fchelos bedienen kann. Der gro\u00dfz\u00fcgige 3,6-Liter-Filterkorb erm\u00f6glicht eine besonders einfache Wartung. Und die farbigen LED-Anzeigen zeigen auf einen Blick den aktuellen Betriebsstatus. Noch nie war die professionelle Poolreinigung so einfach<br \/>Intelligente Pfadplanung und adaptive Navigation: Der Kreuzreinigungspfad sorgt f\u00fcr 99 % mehr Fl\u00e4chenabdeckung auf ebenen B\u00f6den. Der adaptive Reinigungsweg (in der App einstellbar) meistert selbst komplexe Beckenformen wie Rund- oder Diamantbecken und verhindert zuverl\u00e4ssig deren Verstopfungen. Dank optimierter Routen wird das gesamte Becken zuverl\u00e4ssig erfasst<br \/>Intelligente App-Steuerung und 5 Modi: Einstellbare Modi, Wege sowie Stufen- und Plattformzugriff \u00fcber die Gosvor-App. Enth\u00e4lt OTA-Updates f\u00fcr kontinuierliche Verbesserung. Die App funktioniert nur an Land und speichert oder \u00fcbertr\u00e4gt keine pers\u00f6nlichen Daten. W\u00e4hlen Sie aus f\u00fcnf vielseitigen Reinigungsmodi: Smart, Wand, Boden, ECO und regelm\u00e4\u00dfige Reinigung. Passend f\u00fcr jede Anforderung Ihres Pools<br \/>LANGLEBIG UND SORGENFREI: Hochwertige Materialien f\u00fcr dauerhaft zuverl\u00e4ssige Leistung. Die Akkuwand und der Boden des LiteVac G1 Poolroboters sind ideal f\u00fcr die meisten Pooloberfl\u00e4chen: Beton, Glasfaser, Vinyl, Kieselstein und Fliesen. Auch f\u00fcr Salzwasserpools geeignet (NaCl-Salzgehalt < 5000 ppm). 2 Jahre Garantie f\u00fcr Ihre Sicherheit und volle Zufriedenheit\n\n<br \/>[ad_2]<\/p>\n","protected":false},"excerpt":{"rendered":"<p>Produktbeschreibung Automatische Reinigung wie ein Profi: Mit einer starken Saugleistung von 15.000 LPH und bis zu 200 Minuten Laufzeit reinigt der LiteVac G1 Poolsauger Pools bis zu 200 m\u00b2. Das Doppelfiltersystem f\u00e4ngt selbst feinste Partikel ab 3 \u03bcm zuverl\u00e4ssig ein, egal ob Bl\u00e4tter, Haare, Sand oder Staub. F\u00fcr kristallklares Wasser und eine rundum saubere Reinigung [&hellip;]<\/p>\n","protected":false},"featured_media":1802,"comment_status":"open","ping_status":"closed","template":"","meta":{"_aipt_faq_data":""},"store":[],"product_brand":[301],"product_cat":[75],"product_tag":[346],"class_list":{"0":"post-1801","1":"product","2":"type-product","3":"status-publish","4":"has-post-thumbnail","6":"product_brand-gosvor","7":"product_cat-poolroboter","8":"product_tag-poolroboter-energiesparend","10":"first","11":"instock","12":"shipping-taxable","13":"product-type-external"},"yoast_head":"<!-- This site is optimized with the Yoast SEO plugin v27.0 - https:\/\/yoast.com\/product\/yoast-seo-wordpress\/ -->\n<title>Poolroboter Wand und Boden, Wasserlinie, flache Zone 4-in-1, bis zu 200 Minuten Laufzeit, leichte 6,9 \u200b\u200bkg, 3\u03bcm Ultrafeinfilter, starker Pool-Suager-Akku f\u00fcr Pools bis zu 200 m\u00b2 - EasyLifeBro<\/title>\n<meta name=\"description\" content=\"Entdecken Sie smarte Roboter f\u00fcr Zuhause, Garten, Bildung und Sicherheit. Vergleichen Sie Saugroboter, Rasenm\u00e4hroboter, KI-Begleitroboter und mehr bei EasyLifeRobo.\" \/>\n<meta name=\"robots\" content=\"index, follow, max-snippet:-1, max-image-preview:large, max-video-preview:-1\" \/>\n<link rel=\"canonical\" href=\"https:\/\/easyliferobo.com\/de\/product\/poolroboter-wand-und-boden-wasserlinie-flache-zone-4-in-1-bis-zu-200-minuten-laufzeit-leichte-69-kg-3\u03bcm-ultrafeinfilter-starker-pool-suager-akku-fuer-pools-bis-zu-200-m-2\/\" \/>\n<meta property=\"og:locale\" content=\"de_DE\" \/>\n<meta property=\"og:type\" content=\"article\" \/>\n<meta property=\"og:title\" content=\"Poolroboter Wand und Boden, Wasserlinie, flache Zone 4-in-1, bis zu 200 Minuten Laufzeit, leichte 6,9 \u200b\u200bkg, 3\u03bcm Ultrafeinfilter, starker Pool-Suager-Akku f\u00fcr Pools bis zu 200 m\u00b2 - EasyLifeBro\" \/>\n<meta property=\"og:description\" content=\"Entdecken Sie smarte Roboter f\u00fcr Zuhause, Garten, Bildung und Sicherheit. Vergleichen Sie Saugroboter, Rasenm\u00e4hroboter, KI-Begleitroboter und mehr bei EasyLifeRobo.\" \/>\n<meta property=\"og:url\" content=\"https:\/\/easyliferobo.com\/de\/product\/poolroboter-wand-und-boden-wasserlinie-flache-zone-4-in-1-bis-zu-200-minuten-laufzeit-leichte-69-kg-3\u03bcm-ultrafeinfilter-starker-pool-suager-akku-fuer-pools-bis-zu-200-m-2\/\" \/>\n<meta property=\"og:site_name\" content=\"EasyLifeBro\" \/>\n<meta property=\"article:modified_time\" content=\"2026-02-27T01:28:35+00:00\" \/>\n<meta property=\"og:image\" content=\"https:\/\/images-na.ssl-images-amazon.com\/images\/G\/01\/x-locale\/common\/grey-pixel.gif\" \/>\n<meta name=\"twitter:card\" content=\"summary_large_image\" \/>\n<meta name=\"twitter:label1\" content=\"Gesch\u00e4tzte Lesezeit\" \/>\n\t<meta name=\"twitter:data1\" content=\"2\u00a0Minuten\" \/>\n<script type=\"application\/ld+json\" class=\"yoast-schema-graph\">{\"@context\":\"https:\/\/schema.org\",\"@graph\":[{\"@type\":\"WebPage\",\"@id\":\"https:\/\/easyliferobo.com\/de\/product\/poolroboter-wand-und-boden-wasserlinie-flache-zone-4-in-1-bis-zu-200-minuten-laufzeit-leichte-69-kg-3%ce%bcm-ultrafeinfilter-starker-pool-suager-akku-fuer-pools-bis-zu-200-m-2\/\",\"url\":\"https:\/\/easyliferobo.com\/de\/product\/poolroboter-wand-und-boden-wasserlinie-flache-zone-4-in-1-bis-zu-200-minuten-laufzeit-leichte-69-kg-3%ce%bcm-ultrafeinfilter-starker-pool-suager-akku-fuer-pools-bis-zu-200-m-2\/\",\"name\":\"Poolroboter Wand und Boden, Wasserlinie, flache Zone 4-in-1, bis zu 200 Minuten Laufzeit, leichte 6,9 \u200b\u200bkg, 3\u03bcm Ultrafeinfilter, starker Pool-Suager-Akku f\u00fcr Pools bis zu 200 m\u00b2 - EasyLifeBro\",\"isPartOf\":{\"@id\":\"https:\/\/easyliferobo.com\/de\/#website\"},\"primaryImageOfPage\":{\"@id\":\"https:\/\/easyliferobo.com\/de\/product\/poolroboter-wand-und-boden-wasserlinie-flache-zone-4-in-1-bis-zu-200-minuten-laufzeit-leichte-69-kg-3%ce%bcm-ultrafeinfilter-starker-pool-suager-akku-fuer-pools-bis-zu-200-m-2\/#primaryimage\"},\"image\":{\"@id\":\"https:\/\/easyliferobo.com\/de\/product\/poolroboter-wand-und-boden-wasserlinie-flache-zone-4-in-1-bis-zu-200-minuten-laufzeit-leichte-69-kg-3%ce%bcm-ultrafeinfilter-starker-pool-suager-akku-fuer-pools-bis-zu-200-m-2\/#primaryimage\"},\"thumbnailUrl\":\"https:\/\/easyliferobo.com\/de\/wp-content\/uploads\/2026\/02\/71DzEXde81L._AC_SL1500_.jpg\",\"datePublished\":\"2026-02-27T01:28:15+00:00\",\"dateModified\":\"2026-02-27T01:28:35+00:00\",\"description\":\"Entdecken Sie smarte Roboter f\u00fcr Zuhause, Garten, Bildung und Sicherheit. Vergleichen Sie Saugroboter, Rasenm\u00e4hroboter, KI-Begleitroboter und mehr bei EasyLifeRobo.\",\"breadcrumb\":{\"@id\":\"https:\/\/easyliferobo.com\/de\/product\/poolroboter-wand-und-boden-wasserlinie-flache-zone-4-in-1-bis-zu-200-minuten-laufzeit-leichte-69-kg-3%ce%bcm-ultrafeinfilter-starker-pool-suager-akku-fuer-pools-bis-zu-200-m-2\/#breadcrumb\"},\"inLanguage\":\"de\",\"potentialAction\":[{\"@type\":\"ReadAction\",\"target\":[\"https:\/\/easyliferobo.com\/de\/product\/poolroboter-wand-und-boden-wasserlinie-flache-zone-4-in-1-bis-zu-200-minuten-laufzeit-leichte-69-kg-3%ce%bcm-ultrafeinfilter-starker-pool-suager-akku-fuer-pools-bis-zu-200-m-2\/\"]}]},{\"@type\":\"ImageObject\",\"inLanguage\":\"de\",\"@id\":\"https:\/\/easyliferobo.com\/de\/product\/poolroboter-wand-und-boden-wasserlinie-flache-zone-4-in-1-bis-zu-200-minuten-laufzeit-leichte-69-kg-3%ce%bcm-ultrafeinfilter-starker-pool-suager-akku-fuer-pools-bis-zu-200-m-2\/#primaryimage\",\"url\":\"https:\/\/easyliferobo.com\/de\/wp-content\/uploads\/2026\/02\/71DzEXde81L._AC_SL1500_.jpg\",\"contentUrl\":\"https:\/\/easyliferobo.com\/de\/wp-content\/uploads\/2026\/02\/71DzEXde81L._AC_SL1500_.jpg\",\"width\":1500,\"height\":1074},{\"@type\":\"BreadcrumbList\",\"@id\":\"https:\/\/easyliferobo.com\/de\/product\/poolroboter-wand-und-boden-wasserlinie-flache-zone-4-in-1-bis-zu-200-minuten-laufzeit-leichte-69-kg-3%ce%bcm-ultrafeinfilter-starker-pool-suager-akku-fuer-pools-bis-zu-200-m-2\/#breadcrumb\",\"itemListElement\":[{\"@type\":\"ListItem\",\"position\":1,\"name\":\"Home\",\"item\":\"https:\/\/easyliferobo.com\/de\/\"},{\"@type\":\"ListItem\",\"position\":2,\"name\":\"Shop\",\"item\":\"https:\/\/easyliferobo.com\/de\/shop\/\"},{\"@type\":\"ListItem\",\"position\":3,\"name\":\"Poolroboter Wand und Boden, Wasserl...\"}]},{\"@type\":\"WebSite\",\"@id\":\"https:\/\/easyliferobo.com\/de\/#website\",\"url\":\"https:\/\/easyliferobo.com\/de\/\",\"name\":\"EasyLifeBro\",\"description\":\"Smarte Roboter f\u00fcr Zuhause, Garten &amp; Bildung\",\"publisher\":{\"@id\":\"https:\/\/easyliferobo.com\/de\/#organization\"},\"potentialAction\":[{\"@type\":\"SearchAction\",\"target\":{\"@type\":\"EntryPoint\",\"urlTemplate\":\"https:\/\/easyliferobo.com\/de\/?s={search_term_string}\"},\"query-input\":{\"@type\":\"PropertyValueSpecification\",\"valueRequired\":true,\"valueName\":\"search_term_string\"}}],\"inLanguage\":\"de\"},{\"@type\":\"Organization\",\"@id\":\"https:\/\/easyliferobo.com\/de\/#organization\",\"name\":\"EasyLifeBro\",\"url\":\"https:\/\/easyliferobo.com\/de\/\",\"logo\":{\"@type\":\"ImageObject\",\"inLanguage\":\"de\",\"@id\":\"https:\/\/easyliferobo.com\/de\/#\/schema\/logo\/image\/\",\"url\":\"https:\/\/easyliferobo.com\/de\/wp-content\/uploads\/2026\/02\/Screenshot-2026-02-22-at-2.25.03-PM.png\",\"contentUrl\":\"https:\/\/easyliferobo.com\/de\/wp-content\/uploads\/2026\/02\/Screenshot-2026-02-22-at-2.25.03-PM.png\",\"width\":1858,\"height\":430,\"caption\":\"EasyLifeBro\"},\"image\":{\"@id\":\"https:\/\/easyliferobo.com\/de\/#\/schema\/logo\/image\/\"}}]}<\/script>\n<!-- \/ Yoast SEO plugin. -->","yoast_head_json":{"title":"Poolroboter Wand und Boden, Wasserlinie, flache Zone 4-in-1, bis zu 200 Minuten Laufzeit, leichte 6,9 \u200b\u200bkg, 3\u03bcm Ultrafeinfilter, starker Pool-Suager-Akku f\u00fcr Pools bis zu 200 m\u00b2 - EasyLifeBro","description":"Entdecken Sie smarte Roboter f\u00fcr Zuhause, Garten, Bildung und Sicherheit. Vergleichen Sie Saugroboter, Rasenm\u00e4hroboter, KI-Begleitroboter und mehr bei EasyLifeRobo.","robots":{"index":"index","follow":"follow","max-snippet":"max-snippet:-1","max-image-preview":"max-image-preview:large","max-video-preview":"max-video-preview:-1"},"canonical":"https:\/\/easyliferobo.com\/de\/product\/poolroboter-wand-und-boden-wasserlinie-flache-zone-4-in-1-bis-zu-200-minuten-laufzeit-leichte-69-kg-3\u03bcm-ultrafeinfilter-starker-pool-suager-akku-fuer-pools-bis-zu-200-m-2\/","og_locale":"de_DE","og_type":"article","og_title":"Poolroboter Wand und Boden, Wasserlinie, flache Zone 4-in-1, bis zu 200 Minuten Laufzeit, leichte 6,9 \u200b\u200bkg, 3\u03bcm Ultrafeinfilter, starker Pool-Suager-Akku f\u00fcr Pools bis zu 200 m\u00b2 - EasyLifeBro","og_description":"Entdecken Sie smarte Roboter f\u00fcr Zuhause, Garten, Bildung und Sicherheit. Vergleichen Sie Saugroboter, Rasenm\u00e4hroboter, KI-Begleitroboter und mehr bei EasyLifeRobo.","og_url":"https:\/\/easyliferobo.com\/de\/product\/poolroboter-wand-und-boden-wasserlinie-flache-zone-4-in-1-bis-zu-200-minuten-laufzeit-leichte-69-kg-3\u03bcm-ultrafeinfilter-starker-pool-suager-akku-fuer-pools-bis-zu-200-m-2\/","og_site_name":"EasyLifeBro","article_modified_time":"2026-02-27T01:28:35+00:00","og_image":[{"url":"https:\/\/images-na.ssl-images-amazon.com\/images\/G\/01\/x-locale\/common\/grey-pixel.gif","type":"","width":"","height":""}],"twitter_card":"summary_large_image","twitter_misc":{"Gesch\u00e4tzte Lesezeit":"2\u00a0Minuten"},"schema":{"@context":"https:\/\/schema.org","@graph":[{"@type":"WebPage","@id":"https:\/\/easyliferobo.com\/de\/product\/poolroboter-wand-und-boden-wasserlinie-flache-zone-4-in-1-bis-zu-200-minuten-laufzeit-leichte-69-kg-3%ce%bcm-ultrafeinfilter-starker-pool-suager-akku-fuer-pools-bis-zu-200-m-2\/","url":"https:\/\/easyliferobo.com\/de\/product\/poolroboter-wand-und-boden-wasserlinie-flache-zone-4-in-1-bis-zu-200-minuten-laufzeit-leichte-69-kg-3%ce%bcm-ultrafeinfilter-starker-pool-suager-akku-fuer-pools-bis-zu-200-m-2\/","name":"Poolroboter Wand und Boden, Wasserlinie, flache Zone 4-in-1, bis zu 200 Minuten Laufzeit, leichte 6,9 \u200b\u200bkg, 3\u03bcm Ultrafeinfilter, starker Pool-Suager-Akku f\u00fcr Pools bis zu 200 m\u00b2 - EasyLifeBro","isPartOf":{"@id":"https:\/\/easyliferobo.com\/de\/#website"},"primaryImageOfPage":{"@id":"https:\/\/easyliferobo.com\/de\/product\/poolroboter-wand-und-boden-wasserlinie-flache-zone-4-in-1-bis-zu-200-minuten-laufzeit-leichte-69-kg-3%ce%bcm-ultrafeinfilter-starker-pool-suager-akku-fuer-pools-bis-zu-200-m-2\/#primaryimage"},"image":{"@id":"https:\/\/easyliferobo.com\/de\/product\/poolroboter-wand-und-boden-wasserlinie-flache-zone-4-in-1-bis-zu-200-minuten-laufzeit-leichte-69-kg-3%ce%bcm-ultrafeinfilter-starker-pool-suager-akku-fuer-pools-bis-zu-200-m-2\/#primaryimage"},"thumbnailUrl":"https:\/\/easyliferobo.com\/de\/wp-content\/uploads\/2026\/02\/71DzEXde81L._AC_SL1500_.jpg","datePublished":"2026-02-27T01:28:15+00:00","dateModified":"2026-02-27T01:28:35+00:00","description":"Entdecken Sie smarte Roboter f\u00fcr Zuhause, Garten, Bildung und Sicherheit. Vergleichen Sie Saugroboter, Rasenm\u00e4hroboter, KI-Begleitroboter und mehr bei EasyLifeRobo.","breadcrumb":{"@id":"https:\/\/easyliferobo.com\/de\/product\/poolroboter-wand-und-boden-wasserlinie-flache-zone-4-in-1-bis-zu-200-minuten-laufzeit-leichte-69-kg-3%ce%bcm-ultrafeinfilter-starker-pool-suager-akku-fuer-pools-bis-zu-200-m-2\/#breadcrumb"},"inLanguage":"de","potentialAction":[{"@type":"ReadAction","target":["https:\/\/easyliferobo.com\/de\/product\/poolroboter-wand-und-boden-wasserlinie-flache-zone-4-in-1-bis-zu-200-minuten-laufzeit-leichte-69-kg-3%ce%bcm-ultrafeinfilter-starker-pool-suager-akku-fuer-pools-bis-zu-200-m-2\/"]}]},{"@type":"ImageObject","inLanguage":"de","@id":"https:\/\/easyliferobo.com\/de\/product\/poolroboter-wand-und-boden-wasserlinie-flache-zone-4-in-1-bis-zu-200-minuten-laufzeit-leichte-69-kg-3%ce%bcm-ultrafeinfilter-starker-pool-suager-akku-fuer-pools-bis-zu-200-m-2\/#primaryimage","url":"https:\/\/easyliferobo.com\/de\/wp-content\/uploads\/2026\/02\/71DzEXde81L._AC_SL1500_.jpg","contentUrl":"https:\/\/easyliferobo.com\/de\/wp-content\/uploads\/2026\/02\/71DzEXde81L._AC_SL1500_.jpg","width":1500,"height":1074},{"@type":"BreadcrumbList","@id":"https:\/\/easyliferobo.com\/de\/product\/poolroboter-wand-und-boden-wasserlinie-flache-zone-4-in-1-bis-zu-200-minuten-laufzeit-leichte-69-kg-3%ce%bcm-ultrafeinfilter-starker-pool-suager-akku-fuer-pools-bis-zu-200-m-2\/#breadcrumb","itemListElement":[{"@type":"ListItem","position":1,"name":"Home","item":"https:\/\/easyliferobo.com\/de\/"},{"@type":"ListItem","position":2,"name":"Shop","item":"https:\/\/easyliferobo.com\/de\/shop\/"},{"@type":"ListItem","position":3,"name":"Poolroboter Wand und Boden, Wasserl..."}]},{"@type":"WebSite","@id":"https:\/\/easyliferobo.com\/de\/#website","url":"https:\/\/easyliferobo.com\/de\/","name":"EasyLifeBro","description":"Smarte Roboter f\u00fcr Zuhause, Garten &amp; Bildung","publisher":{"@id":"https:\/\/easyliferobo.com\/de\/#organization"},"potentialAction":[{"@type":"SearchAction","target":{"@type":"EntryPoint","urlTemplate":"https:\/\/easyliferobo.com\/de\/?s={search_term_string}"},"query-input":{"@type":"PropertyValueSpecification","valueRequired":true,"valueName":"search_term_string"}}],"inLanguage":"de"},{"@type":"Organization","@id":"https:\/\/easyliferobo.com\/de\/#organization","name":"EasyLifeBro","url":"https:\/\/easyliferobo.com\/de\/","logo":{"@type":"ImageObject","inLanguage":"de","@id":"https:\/\/easyliferobo.com\/de\/#\/schema\/logo\/image\/","url":"https:\/\/easyliferobo.com\/de\/wp-content\/uploads\/2026\/02\/Screenshot-2026-02-22-at-2.25.03-PM.png","contentUrl":"https:\/\/easyliferobo.com\/de\/wp-content\/uploads\/2026\/02\/Screenshot-2026-02-22-at-2.25.03-PM.png","width":1858,"height":430,"caption":"EasyLifeBro"},"image":{"@id":"https:\/\/easyliferobo.com\/de\/#\/schema\/logo\/image\/"}}]}},"_links":{"self":[{"href":"https:\/\/easyliferobo.com\/de\/wp-json\/wp\/v2\/product\/1801","targetHints":{"allow":["GET"]}}],"collection":[{"href":"https:\/\/easyliferobo.com\/de\/wp-json\/wp\/v2\/product"}],"about":[{"href":"https:\/\/easyliferobo.com\/de\/wp-json\/wp\/v2\/types\/product"}],"replies":[{"embeddable":true,"href":"https:\/\/easyliferobo.com\/de\/wp-json\/wp\/v2\/comments?post=1801"}],"wp:featuredmedia":[{"embeddable":true,"href":"https:\/\/easyliferobo.com\/de\/wp-json\/wp\/v2\/media\/1802"}],"wp:attachment":[{"href":"https:\/\/easyliferobo.com\/de\/wp-json\/wp\/v2\/media?parent=1801"}],"wp:term":[{"taxonomy":"store","embeddable":true,"href":"https:\/\/easyliferobo.com\/de\/wp-json\/wp\/v2\/store?post=1801"},{"taxonomy":"product_brand","embeddable":true,"href":"https:\/\/easyliferobo.com\/de\/wp-json\/wp\/v2\/product_brand?post=1801"},{"taxonomy":"product_cat","embeddable":true,"href":"https:\/\/easyliferobo.com\/de\/wp-json\/wp\/v2\/product_cat?post=1801"},{"taxonomy":"product_tag","embeddable":true,"href":"https:\/\/easyliferobo.com\/de\/wp-json\/wp\/v2\/product_tag?post=1801"}],"curies":[{"name":"wp","href":"https:\/\/api.w.org\/{rel}","templated":true}]}}