
{"id":1779,"date":"2026-02-26T15:39:37","date_gmt":"2026-02-26T15:39:37","guid":{"rendered":"https:\/\/easyliferobo.com\/de\/product\/lernressourcen-pyxel-das-programmierbare-haustier-programmiersprachen-blockly-und-python-mint-programmierroboter-fuer-kinder-geschenke-fuer-kinder-im-alter-von-8-9-10-11-12-jahren-jungen-und\/"},"modified":"2026-02-26T15:39:53","modified_gmt":"2026-02-26T15:39:53","slug":"lernressourcen-pyxel-das-programmierbare-haustier-programmiersprachen-blockly-und-python-mint-programmierroboter-fuer-kinder-geschenke-fuer-kinder-im-alter-von-8-9-10-11-12-jahren-jungen-und","status":"publish","type":"product","link":"https:\/\/easyliferobo.com\/de\/product\/lernressourcen-pyxel-das-programmierbare-haustier-programmiersprachen-blockly-und-python-mint-programmierroboter-fuer-kinder-geschenke-fuer-kinder-im-alter-von-8-9-10-11-12-jahren-jungen-und\/","title":{"rendered":"Lernressourcen PYXEL, das programmi..."},"content":{"rendered":"<p>\n                                             Von der Marke   <\/p>\n<p>                                              <img decoding=\"async\" alt=\"Zwei Kinder spielen in einem sensorischen Tablett mit Schaufeln\" src=\"https:\/\/images-na.ssl-images-amazon.com\/images\/G\/01\/x-locale\/common\/grey-pixel.gif\" class=\"a-lazy-loaded\" data-src=\"https:\/\/m.media-amazon.com\/images\/S\/aplus-media-library-service-media\/d5a82c9d-eddf-4321-8390-94eb3b69ee9c.__CR0,0,1464,625_PT0_SX1464_V1___.jpg\"><img decoding=\"async\" alt=\"Zwei Kinder spielen in einem sensorischen Tablett mit Schaufeln\" src=\"https:\/\/m.media-amazon.com\/images\/S\/aplus-media-library-service-media\/d5a82c9d-eddf-4321-8390-94eb3b69ee9c.__CR0,0,1464,625_PT0_SX1464_V1___.jpg\">  <\/p>\n<p>                                              <img decoding=\"async\" alt=\"\" src=\"https:\/\/images-na.ssl-images-amazon.com\/images\/G\/01\/x-locale\/common\/grey-pixel.gif\" class=\"a-lazy-loaded\" data-src=\"https:\/\/m.media-amazon.com\/images\/S\/aplus-media-library-service-media\/8f700fad-25eb-45a4-896e-11e71bb088b4.__CR0,0,315,145_PT0_SX315_V1___.jpg\"><img decoding=\"async\" alt=\"\" src=\"https:\/\/m.media-amazon.com\/images\/S\/aplus-media-library-service-media\/8f700fad-25eb-45a4-896e-11e71bb088b4.__CR0,0,315,145_PT0_SX315_V1___.jpg\">  <\/p>\n<p>  Wir sind Learning Resources und Lernen ist unser Spiel! Das Ziel unseres Unternehmens ist es, Kindern mit Lernspielzeug unendliche Inspiration f\u00fcr den Erfolg in der Schule und dar\u00fcber hinaus zu bieten. Unsere Spielzeuge, Spiele und Lehrmaterialien werden von Lehrern empfohlen, von Eltern als vertrauensw\u00fcrdig eingestuft und von Kindern geliebt. Wir besitzen auch die weltweite Masterlizenz f\u00fcr Numberblocks, die TV-Serie. <\/p>\n<p>                                                         Ich liebe das Lernen                                       <\/p>\n<p> Unsere Spielzeuge werden mit Experten entwickelt, um f\u00fcr Kinder sowohl spielerisch als auch lehrreich zu sein. Wir stellen Spielzeug her, das die Fantasie der Kinder anregt, ihre Neugier weckt und ihnen hilft, die Liebe zum Lernen zu entwickeln. <\/p>\n<p>                                                         Praktisches Spielen                                       <\/p>\n<p> Von der Feinmotorik bis hin zum Programmieren und MINT \u2013 unsere Produkte helfen Kindern, durch spielerisches, praktisches Lernen unz\u00e4hlige M\u00f6glichkeiten des Lernens zu entdecken. <\/p>\n<p>                                                         Vom Lehrer empfohlen                                       <\/p>\n<p> Unsere Hilfsspielzeuge erwecken das Lernen zum Leben und werden von Lehrern empfohlen, denen Eltern und Kinder vertrauen. <\/p>\n<h3>  Spielerisch lernen <\/h3>\n<p class=\"apm-brand-story-stores-link\">\n<p>PYXEL, DER BESTE FREUND DES PROGRAMMIERERS: Die einfachen Anleitungen sind f\u00fcr jedes Programmierniveau konzipiert. Mit dem Set k\u00f6nnen Kinder PYXEL so programmieren, dass es tolle Dinge und Tricks ausf\u00fchrt, niedliche Gesichtsausdr\u00fccke zeigt, Farben wechselt, lustige Ger\u00e4usche macht und vieles mehr.<br \/>PROGRAMMIERSPRACHEN BLOCKLY &#038; PYTHON: Bei der Nutzung der Benutzeroberfl\u00e4che ihres programmierbaren Haustiers PYXEL k\u00f6nnen junge Programmierer die Drag-and-Drop-Funktion der Programmiersprache Blockly und der textbasierten Sprache Python nutzen.<br \/>SICHER UND GESCH\u00dcTZT: Keine Internetverbindung erforderlich! Das passwortgesch\u00fctzte WLAN von PYXEL verbindet ein Wi-Fi-f\u00e4higes Tablet oder einen Computer (beides nicht im Lieferumfang enthalten) mit PYXEL. Eine Verbindung zum Internet besteht in keinem Fall.<br \/>Schnelle Einrichtung: Die integrierten Tutorials und leicht verst\u00e4ndlichen Anweisungen helfen Ihnen, in wenigen Minuten mit der Programmierung zu beginnen. Die leicht verst\u00e4ndlichen Anleitungen und Video-Tutorials sorgen f\u00fcr frustfreien Programmierspa\u00df.<br \/>ENTH\u00c4LT: PYXEL, der beste Freund des Programmierers, eingebauter wiederaufladbarer Akku, USB-C-Kabel, Ausl\u00f6ser (ben\u00f6tigt 2 AAA-Batterien, nicht im Lieferumfang enthalten), Anleitung, integrierte Benutzeroberfl\u00e4che mit den beiden Programmiersprachen: Blockly &#038; Python<br \/>Inklusive mehrsprachiger Anleitung und Verpackung<\/p>\n<p>[ad_2]<\/p>\n","protected":false},"excerpt":{"rendered":"<p>Von der Marke Wir sind Learning Resources und Lernen ist unser Spiel! Das Ziel unseres Unternehmens ist es, Kindern mit Lernspielzeug unendliche Inspiration f\u00fcr den Erfolg in der Schule und dar\u00fcber hinaus zu bieten. Unsere Spielzeuge, Spiele und Lehrmaterialien werden von Lehrern empfohlen, von Eltern als vertrauensw\u00fcrdig eingestuft und von Kindern geliebt. Wir besitzen auch [&hellip;]<\/p>\n","protected":false},"featured_media":1780,"comment_status":"open","ping_status":"closed","template":"","meta":{"_aipt_faq_data":""},"store":[],"product_brand":[],"product_cat":[78],"product_tag":[344],"class_list":{"0":"post-1779","1":"product","2":"type-product","3":"status-publish","4":"has-post-thumbnail","6":"product_cat-programmierroboter-fuer-kinder","7":"product_tag-programmierroboter-fuer-kinder-programmierbar","9":"first","10":"instock","11":"sale","12":"shipping-taxable","13":"product-type-external"},"yoast_head":"<!-- This site is optimized with the Yoast SEO plugin v27.0 - https:\/\/yoast.com\/product\/yoast-seo-wordpress\/ -->\n<title>Lernressourcen PYXEL, das programmierbare Haustier, Programmiersprachen Blockly und Python, Mint-Programmierroboter f\u00fcr Kinder, Geschenke f\u00fcr Kinder im Alter von 8, 9, 10, 11, 12 Jahren, Jungen und M\u00e4dchen - EasyLifeBro<\/title>\n<meta name=\"description\" content=\"Entdecken Sie smarte Roboter f\u00fcr Zuhause, Garten, Bildung und Sicherheit. Vergleichen Sie Saugroboter, Rasenm\u00e4hroboter, KI-Begleitroboter und mehr bei EasyLifeRobo.\" \/>\n<meta name=\"robots\" content=\"index, follow, max-snippet:-1, max-image-preview:large, max-video-preview:-1\" \/>\n<link rel=\"canonical\" href=\"https:\/\/easyliferobo.com\/de\/product\/lernressourcen-pyxel-das-programmierbare-haustier-programmiersprachen-blockly-und-python-mint-programmierroboter-fuer-kinder-geschenke-fuer-kinder-im-alter-von-8-9-10-11-12-jahren-jungen-und\/\" \/>\n<meta property=\"og:locale\" content=\"de_DE\" \/>\n<meta property=\"og:type\" content=\"article\" \/>\n<meta property=\"og:title\" content=\"Lernressourcen PYXEL, das programmierbare Haustier, Programmiersprachen Blockly und Python, Mint-Programmierroboter f\u00fcr Kinder, Geschenke f\u00fcr Kinder im Alter von 8, 9, 10, 11, 12 Jahren, Jungen und M\u00e4dchen - EasyLifeBro\" \/>\n<meta property=\"og:description\" content=\"Entdecken Sie smarte Roboter f\u00fcr Zuhause, Garten, Bildung und Sicherheit. Vergleichen Sie Saugroboter, Rasenm\u00e4hroboter, KI-Begleitroboter und mehr bei EasyLifeRobo.\" \/>\n<meta property=\"og:url\" content=\"https:\/\/easyliferobo.com\/de\/product\/lernressourcen-pyxel-das-programmierbare-haustier-programmiersprachen-blockly-und-python-mint-programmierroboter-fuer-kinder-geschenke-fuer-kinder-im-alter-von-8-9-10-11-12-jahren-jungen-und\/\" \/>\n<meta property=\"og:site_name\" content=\"EasyLifeBro\" \/>\n<meta property=\"article:modified_time\" content=\"2026-02-26T15:39:53+00:00\" \/>\n<meta property=\"og:image\" content=\"https:\/\/images-na.ssl-images-amazon.com\/images\/G\/01\/x-locale\/common\/grey-pixel.gif\" \/>\n<meta name=\"twitter:card\" content=\"summary_large_image\" \/>\n<meta name=\"twitter:label1\" content=\"Gesch\u00e4tzte Lesezeit\" \/>\n\t<meta name=\"twitter:data1\" content=\"2\u00a0Minuten\" \/>\n<script type=\"application\/ld+json\" class=\"yoast-schema-graph\">{\"@context\":\"https:\/\/schema.org\",\"@graph\":[{\"@type\":\"WebPage\",\"@id\":\"https:\/\/easyliferobo.com\/de\/product\/lernressourcen-pyxel-das-programmierbare-haustier-programmiersprachen-blockly-und-python-mint-programmierroboter-fuer-kinder-geschenke-fuer-kinder-im-alter-von-8-9-10-11-12-jahren-jungen-und\/\",\"url\":\"https:\/\/easyliferobo.com\/de\/product\/lernressourcen-pyxel-das-programmierbare-haustier-programmiersprachen-blockly-und-python-mint-programmierroboter-fuer-kinder-geschenke-fuer-kinder-im-alter-von-8-9-10-11-12-jahren-jungen-und\/\",\"name\":\"Lernressourcen PYXEL, das programmierbare Haustier, Programmiersprachen Blockly und Python, Mint-Programmierroboter f\u00fcr Kinder, Geschenke f\u00fcr Kinder im Alter von 8, 9, 10, 11, 12 Jahren, Jungen und M\u00e4dchen - EasyLifeBro\",\"isPartOf\":{\"@id\":\"https:\/\/easyliferobo.com\/de\/#website\"},\"primaryImageOfPage\":{\"@id\":\"https:\/\/easyliferobo.com\/de\/product\/lernressourcen-pyxel-das-programmierbare-haustier-programmiersprachen-blockly-und-python-mint-programmierroboter-fuer-kinder-geschenke-fuer-kinder-im-alter-von-8-9-10-11-12-jahren-jungen-und\/#primaryimage\"},\"image\":{\"@id\":\"https:\/\/easyliferobo.com\/de\/product\/lernressourcen-pyxel-das-programmierbare-haustier-programmiersprachen-blockly-und-python-mint-programmierroboter-fuer-kinder-geschenke-fuer-kinder-im-alter-von-8-9-10-11-12-jahren-jungen-und\/#primaryimage\"},\"thumbnailUrl\":\"https:\/\/easyliferobo.com\/de\/wp-content\/uploads\/2026\/02\/71C2m8WUHvL._AC_SL1500_.jpg\",\"datePublished\":\"2026-02-26T15:39:37+00:00\",\"dateModified\":\"2026-02-26T15:39:53+00:00\",\"description\":\"Entdecken Sie smarte Roboter f\u00fcr Zuhause, Garten, Bildung und Sicherheit. Vergleichen Sie Saugroboter, Rasenm\u00e4hroboter, KI-Begleitroboter und mehr bei EasyLifeRobo.\",\"breadcrumb\":{\"@id\":\"https:\/\/easyliferobo.com\/de\/product\/lernressourcen-pyxel-das-programmierbare-haustier-programmiersprachen-blockly-und-python-mint-programmierroboter-fuer-kinder-geschenke-fuer-kinder-im-alter-von-8-9-10-11-12-jahren-jungen-und\/#breadcrumb\"},\"inLanguage\":\"de\",\"potentialAction\":[{\"@type\":\"ReadAction\",\"target\":[\"https:\/\/easyliferobo.com\/de\/product\/lernressourcen-pyxel-das-programmierbare-haustier-programmiersprachen-blockly-und-python-mint-programmierroboter-fuer-kinder-geschenke-fuer-kinder-im-alter-von-8-9-10-11-12-jahren-jungen-und\/\"]}]},{\"@type\":\"ImageObject\",\"inLanguage\":\"de\",\"@id\":\"https:\/\/easyliferobo.com\/de\/product\/lernressourcen-pyxel-das-programmierbare-haustier-programmiersprachen-blockly-und-python-mint-programmierroboter-fuer-kinder-geschenke-fuer-kinder-im-alter-von-8-9-10-11-12-jahren-jungen-und\/#primaryimage\",\"url\":\"https:\/\/easyliferobo.com\/de\/wp-content\/uploads\/2026\/02\/71C2m8WUHvL._AC_SL1500_.jpg\",\"contentUrl\":\"https:\/\/easyliferobo.com\/de\/wp-content\/uploads\/2026\/02\/71C2m8WUHvL._AC_SL1500_.jpg\",\"width\":1500,\"height\":1406},{\"@type\":\"BreadcrumbList\",\"@id\":\"https:\/\/easyliferobo.com\/de\/product\/lernressourcen-pyxel-das-programmierbare-haustier-programmiersprachen-blockly-und-python-mint-programmierroboter-fuer-kinder-geschenke-fuer-kinder-im-alter-von-8-9-10-11-12-jahren-jungen-und\/#breadcrumb\",\"itemListElement\":[{\"@type\":\"ListItem\",\"position\":1,\"name\":\"Home\",\"item\":\"https:\/\/easyliferobo.com\/de\/\"},{\"@type\":\"ListItem\",\"position\":2,\"name\":\"Shop\",\"item\":\"https:\/\/easyliferobo.com\/de\/shop\/\"},{\"@type\":\"ListItem\",\"position\":3,\"name\":\"Lernressourcen PYXEL, das programmi...\"}]},{\"@type\":\"WebSite\",\"@id\":\"https:\/\/easyliferobo.com\/de\/#website\",\"url\":\"https:\/\/easyliferobo.com\/de\/\",\"name\":\"EasyLifeBro\",\"description\":\"Smarte Roboter f\u00fcr Zuhause, Garten &amp; Bildung\",\"publisher\":{\"@id\":\"https:\/\/easyliferobo.com\/de\/#organization\"},\"potentialAction\":[{\"@type\":\"SearchAction\",\"target\":{\"@type\":\"EntryPoint\",\"urlTemplate\":\"https:\/\/easyliferobo.com\/de\/?s={search_term_string}\"},\"query-input\":{\"@type\":\"PropertyValueSpecification\",\"valueRequired\":true,\"valueName\":\"search_term_string\"}}],\"inLanguage\":\"de\"},{\"@type\":\"Organization\",\"@id\":\"https:\/\/easyliferobo.com\/de\/#organization\",\"name\":\"EasyLifeBro\",\"url\":\"https:\/\/easyliferobo.com\/de\/\",\"logo\":{\"@type\":\"ImageObject\",\"inLanguage\":\"de\",\"@id\":\"https:\/\/easyliferobo.com\/de\/#\/schema\/logo\/image\/\",\"url\":\"https:\/\/easyliferobo.com\/de\/wp-content\/uploads\/2026\/02\/Screenshot-2026-02-22-at-2.25.03-PM.png\",\"contentUrl\":\"https:\/\/easyliferobo.com\/de\/wp-content\/uploads\/2026\/02\/Screenshot-2026-02-22-at-2.25.03-PM.png\",\"width\":1858,\"height\":430,\"caption\":\"EasyLifeBro\"},\"image\":{\"@id\":\"https:\/\/easyliferobo.com\/de\/#\/schema\/logo\/image\/\"}}]}<\/script>\n<!-- \/ Yoast SEO plugin. -->","yoast_head_json":{"title":"Lernressourcen PYXEL, das programmierbare Haustier, Programmiersprachen Blockly und Python, Mint-Programmierroboter f\u00fcr Kinder, Geschenke f\u00fcr Kinder im Alter von 8, 9, 10, 11, 12 Jahren, Jungen und M\u00e4dchen - EasyLifeBro","description":"Entdecken Sie smarte Roboter f\u00fcr Zuhause, Garten, Bildung und Sicherheit. Vergleichen Sie Saugroboter, Rasenm\u00e4hroboter, KI-Begleitroboter und mehr bei EasyLifeRobo.","robots":{"index":"index","follow":"follow","max-snippet":"max-snippet:-1","max-image-preview":"max-image-preview:large","max-video-preview":"max-video-preview:-1"},"canonical":"https:\/\/easyliferobo.com\/de\/product\/lernressourcen-pyxel-das-programmierbare-haustier-programmiersprachen-blockly-und-python-mint-programmierroboter-fuer-kinder-geschenke-fuer-kinder-im-alter-von-8-9-10-11-12-jahren-jungen-und\/","og_locale":"de_DE","og_type":"article","og_title":"Lernressourcen PYXEL, das programmierbare Haustier, Programmiersprachen Blockly und Python, Mint-Programmierroboter f\u00fcr Kinder, Geschenke f\u00fcr Kinder im Alter von 8, 9, 10, 11, 12 Jahren, Jungen und M\u00e4dchen - EasyLifeBro","og_description":"Entdecken Sie smarte Roboter f\u00fcr Zuhause, Garten, Bildung und Sicherheit. Vergleichen Sie Saugroboter, Rasenm\u00e4hroboter, KI-Begleitroboter und mehr bei EasyLifeRobo.","og_url":"https:\/\/easyliferobo.com\/de\/product\/lernressourcen-pyxel-das-programmierbare-haustier-programmiersprachen-blockly-und-python-mint-programmierroboter-fuer-kinder-geschenke-fuer-kinder-im-alter-von-8-9-10-11-12-jahren-jungen-und\/","og_site_name":"EasyLifeBro","article_modified_time":"2026-02-26T15:39:53+00:00","og_image":[{"url":"https:\/\/images-na.ssl-images-amazon.com\/images\/G\/01\/x-locale\/common\/grey-pixel.gif","type":"","width":"","height":""}],"twitter_card":"summary_large_image","twitter_misc":{"Gesch\u00e4tzte Lesezeit":"2\u00a0Minuten"},"schema":{"@context":"https:\/\/schema.org","@graph":[{"@type":"WebPage","@id":"https:\/\/easyliferobo.com\/de\/product\/lernressourcen-pyxel-das-programmierbare-haustier-programmiersprachen-blockly-und-python-mint-programmierroboter-fuer-kinder-geschenke-fuer-kinder-im-alter-von-8-9-10-11-12-jahren-jungen-und\/","url":"https:\/\/easyliferobo.com\/de\/product\/lernressourcen-pyxel-das-programmierbare-haustier-programmiersprachen-blockly-und-python-mint-programmierroboter-fuer-kinder-geschenke-fuer-kinder-im-alter-von-8-9-10-11-12-jahren-jungen-und\/","name":"Lernressourcen PYXEL, das programmierbare Haustier, Programmiersprachen Blockly und Python, Mint-Programmierroboter f\u00fcr Kinder, Geschenke f\u00fcr Kinder im Alter von 8, 9, 10, 11, 12 Jahren, Jungen und M\u00e4dchen - EasyLifeBro","isPartOf":{"@id":"https:\/\/easyliferobo.com\/de\/#website"},"primaryImageOfPage":{"@id":"https:\/\/easyliferobo.com\/de\/product\/lernressourcen-pyxel-das-programmierbare-haustier-programmiersprachen-blockly-und-python-mint-programmierroboter-fuer-kinder-geschenke-fuer-kinder-im-alter-von-8-9-10-11-12-jahren-jungen-und\/#primaryimage"},"image":{"@id":"https:\/\/easyliferobo.com\/de\/product\/lernressourcen-pyxel-das-programmierbare-haustier-programmiersprachen-blockly-und-python-mint-programmierroboter-fuer-kinder-geschenke-fuer-kinder-im-alter-von-8-9-10-11-12-jahren-jungen-und\/#primaryimage"},"thumbnailUrl":"https:\/\/easyliferobo.com\/de\/wp-content\/uploads\/2026\/02\/71C2m8WUHvL._AC_SL1500_.jpg","datePublished":"2026-02-26T15:39:37+00:00","dateModified":"2026-02-26T15:39:53+00:00","description":"Entdecken Sie smarte Roboter f\u00fcr Zuhause, Garten, Bildung und Sicherheit. Vergleichen Sie Saugroboter, Rasenm\u00e4hroboter, KI-Begleitroboter und mehr bei EasyLifeRobo.","breadcrumb":{"@id":"https:\/\/easyliferobo.com\/de\/product\/lernressourcen-pyxel-das-programmierbare-haustier-programmiersprachen-blockly-und-python-mint-programmierroboter-fuer-kinder-geschenke-fuer-kinder-im-alter-von-8-9-10-11-12-jahren-jungen-und\/#breadcrumb"},"inLanguage":"de","potentialAction":[{"@type":"ReadAction","target":["https:\/\/easyliferobo.com\/de\/product\/lernressourcen-pyxel-das-programmierbare-haustier-programmiersprachen-blockly-und-python-mint-programmierroboter-fuer-kinder-geschenke-fuer-kinder-im-alter-von-8-9-10-11-12-jahren-jungen-und\/"]}]},{"@type":"ImageObject","inLanguage":"de","@id":"https:\/\/easyliferobo.com\/de\/product\/lernressourcen-pyxel-das-programmierbare-haustier-programmiersprachen-blockly-und-python-mint-programmierroboter-fuer-kinder-geschenke-fuer-kinder-im-alter-von-8-9-10-11-12-jahren-jungen-und\/#primaryimage","url":"https:\/\/easyliferobo.com\/de\/wp-content\/uploads\/2026\/02\/71C2m8WUHvL._AC_SL1500_.jpg","contentUrl":"https:\/\/easyliferobo.com\/de\/wp-content\/uploads\/2026\/02\/71C2m8WUHvL._AC_SL1500_.jpg","width":1500,"height":1406},{"@type":"BreadcrumbList","@id":"https:\/\/easyliferobo.com\/de\/product\/lernressourcen-pyxel-das-programmierbare-haustier-programmiersprachen-blockly-und-python-mint-programmierroboter-fuer-kinder-geschenke-fuer-kinder-im-alter-von-8-9-10-11-12-jahren-jungen-und\/#breadcrumb","itemListElement":[{"@type":"ListItem","position":1,"name":"Home","item":"https:\/\/easyliferobo.com\/de\/"},{"@type":"ListItem","position":2,"name":"Shop","item":"https:\/\/easyliferobo.com\/de\/shop\/"},{"@type":"ListItem","position":3,"name":"Lernressourcen PYXEL, das programmi..."}]},{"@type":"WebSite","@id":"https:\/\/easyliferobo.com\/de\/#website","url":"https:\/\/easyliferobo.com\/de\/","name":"EasyLifeBro","description":"Smarte Roboter f\u00fcr Zuhause, Garten &amp; Bildung","publisher":{"@id":"https:\/\/easyliferobo.com\/de\/#organization"},"potentialAction":[{"@type":"SearchAction","target":{"@type":"EntryPoint","urlTemplate":"https:\/\/easyliferobo.com\/de\/?s={search_term_string}"},"query-input":{"@type":"PropertyValueSpecification","valueRequired":true,"valueName":"search_term_string"}}],"inLanguage":"de"},{"@type":"Organization","@id":"https:\/\/easyliferobo.com\/de\/#organization","name":"EasyLifeBro","url":"https:\/\/easyliferobo.com\/de\/","logo":{"@type":"ImageObject","inLanguage":"de","@id":"https:\/\/easyliferobo.com\/de\/#\/schema\/logo\/image\/","url":"https:\/\/easyliferobo.com\/de\/wp-content\/uploads\/2026\/02\/Screenshot-2026-02-22-at-2.25.03-PM.png","contentUrl":"https:\/\/easyliferobo.com\/de\/wp-content\/uploads\/2026\/02\/Screenshot-2026-02-22-at-2.25.03-PM.png","width":1858,"height":430,"caption":"EasyLifeBro"},"image":{"@id":"https:\/\/easyliferobo.com\/de\/#\/schema\/logo\/image\/"}}]}},"_links":{"self":[{"href":"https:\/\/easyliferobo.com\/de\/wp-json\/wp\/v2\/product\/1779","targetHints":{"allow":["GET"]}}],"collection":[{"href":"https:\/\/easyliferobo.com\/de\/wp-json\/wp\/v2\/product"}],"about":[{"href":"https:\/\/easyliferobo.com\/de\/wp-json\/wp\/v2\/types\/product"}],"replies":[{"embeddable":true,"href":"https:\/\/easyliferobo.com\/de\/wp-json\/wp\/v2\/comments?post=1779"}],"wp:featuredmedia":[{"embeddable":true,"href":"https:\/\/easyliferobo.com\/de\/wp-json\/wp\/v2\/media\/1780"}],"wp:attachment":[{"href":"https:\/\/easyliferobo.com\/de\/wp-json\/wp\/v2\/media?parent=1779"}],"wp:term":[{"taxonomy":"store","embeddable":true,"href":"https:\/\/easyliferobo.com\/de\/wp-json\/wp\/v2\/store?post=1779"},{"taxonomy":"product_brand","embeddable":true,"href":"https:\/\/easyliferobo.com\/de\/wp-json\/wp\/v2\/product_brand?post=1779"},{"taxonomy":"product_cat","embeddable":true,"href":"https:\/\/easyliferobo.com\/de\/wp-json\/wp\/v2\/product_cat?post=1779"},{"taxonomy":"product_tag","embeddable":true,"href":"https:\/\/easyliferobo.com\/de\/wp-json\/wp\/v2\/product_tag?post=1779"}],"curies":[{"name":"wp","href":"https:\/\/api.w.org\/{rel}","templated":true}]}}