
{"id":1761,"date":"2026-02-26T09:33:08","date_gmt":"2026-02-26T09:33:08","guid":{"rendered":"https:\/\/easyliferobo.com\/de\/product\/ecovacs-deebot-t30c-omni-gen2-roboterstaubsauger-mit-wischfunktion-25-000-pa-ozmo-turbo-2-0-wipe-zerotangle-3-0-anti-tangle-truedge-2-0-kantenreinigung-omni-station-75c-mop-wash-schwarz\/"},"modified":"2026-02-26T09:33:23","modified_gmt":"2026-02-26T09:33:23","slug":"ecovacs-deebot-t30c-omni-gen2-roboterstaubsauger-mit-wischfunktion-25-000-pa-ozmo-turbo-2-0-wipe-zerotangle-3-0-anti-tangle-truedge-2-0-kantenreinigung-omni-station-75c-mop-wash-schwarz","status":"publish","type":"product","link":"https:\/\/easyliferobo.com\/de\/product\/ecovacs-deebot-t30c-omni-gen2-roboterstaubsauger-mit-wischfunktion-25-000-pa-ozmo-turbo-2-0-wipe-zerotangle-3-0-anti-tangle-truedge-2-0-kantenreinigung-omni-station-75c-mop-wash-schwarz\/","title":{"rendered":"ECOVACS Deebot T30C Omni Gen2, Robo..."},"content":{"rendered":"<p>\n                                             Vom Hersteller   <\/p>\n<p>                                                                                                       <img decoding=\"async\" alt=\"Aplus-Inhaltsbild\" src=\"https:\/\/images-na.ssl-images-amazon.com\/images\/G\/01\/x-locale\/common\/grey-pixel.gif\" class=\"a-lazy-loaded\" data-src=\"https:\/\/m.media-amazon.com\/images\/S\/aplus-media-library-service-media\/10dbedae-4ed0-4e24-947f-2412d14ad15a.__CR0,0,1464,600_PT0_SX1464_V1___.jpg\"><img decoding=\"async\" alt=\"Aplus-Inhaltsbild\" src=\"https:\/\/m.media-amazon.com\/images\/S\/aplus-media-library-service-media\/10dbedae-4ed0-4e24-947f-2412d14ad15a.__CR0,0,1464,600_PT0_SX1464_V1___.jpg\">                                                  <\/p>\n<p>                                                                                                                  <img decoding=\"async\" alt=\"Aplus-Inhaltsbild\" src=\"https:\/\/m.media-amazon.com\/images\/S\/aplus-media-library-service-media\/5b3c45bb-1ec0-41d5-9fde-aa17816526e7.__CR0,0,1464,600_PT0_SX1464_V1___.jpg\">                                                    <img decoding=\"async\" alt=\"Aplus-Inhaltsbild\" src=\"https:\/\/m.media-amazon.com\/images\/S\/aplus-media-library-service-media\/1333dceb-a143-4179-a4a7-da7e2d06f50e.__CR0,0,1464,600_PT0_SX1464_V1___.jpg\">                                                    <img decoding=\"async\" alt=\"Ecovacs Deebot T50 Omni Black\" src=\"https:\/\/m.media-amazon.com\/images\/S\/aplus-media-library-service-media\/9cca8f5b-5150-4e88-a2fb-92a0b459d17c.__CR0,0,1464,600_PT0_SX1464_V1___.jpg\">                                                    <img decoding=\"async\" alt=\"T30C\" src=\"https:\/\/m.media-amazon.com\/images\/S\/aplus-media-library-service-media\/6e56fe49-e7e1-4858-8144-b30b4ec41a75.__CR0,0,1464,600_PT0_SX1464_V1___.jpg\"><br \/>\n                            1 ZeroTangle 3.0 2 20.000 Pa Saugkraft 3 Kein Verheddern 4 Teppichpflege <\/p>\n<p>                                                                                                                  <img decoding=\"async\" alt=\"Ecovacs Deebot T50 Omni Black\" src=\"https:\/\/m.media-amazon.com\/images\/S\/aplus-media-library-service-media\/2fffed37-b038-451c-86c0-ce31146c4d96.__CR0,0,1464,600_PT0_SX1464_V1___.jpg\">                                                    <img decoding=\"async\" alt=\"Ecovacs Deebot T50 Omni Black\" src=\"https:\/\/m.media-amazon.com\/images\/S\/aplus-media-library-service-media\/cfd18bb6-a3cc-4e6d-a47b-28dc53b8c79f.__CR0,0,1464,600_PT0_SX1464_V1___.jpg\">                                                    <img decoding=\"async\" alt=\"Ecovacs Deebot T50 Omni Black\" src=\"https:\/\/m.media-amazon.com\/images\/S\/aplus-media-library-service-media\/cd7c9e39-e524-4da3-af05-7cfff0eafcaf.__CR0,0,1464,600_PT0_SX1464_V1___.jpg\">                                                    <img decoding=\"async\" alt=\"T30C\" src=\"https:\/\/m.media-amazon.com\/images\/S\/aplus-media-library-service-media\/9d389b10-e6ee-4bf4-89d7-523476d62dd4.__CR0,0,1464,600_PT0_SX1464_V1___.jpg\"><br \/>\n                            1 TruEdge 2.0 2 Kantenreinigung 3 OZMO TURBO 2.0 4 Bis zu 9 mm Anhebung <\/p>\n<p>                                                                                                                  <img decoding=\"async\" alt=\"Ecovacs Deebot T50 Omni Black\" src=\"https:\/\/m.media-amazon.com\/images\/S\/aplus-media-library-service-media\/a390b03b-1d1b-4264-ad78-7f767e2a26ae.__CR0,0,1464,600_PT0_SX1464_V1___.jpg\">                                                    <img decoding=\"async\" alt=\"Ecovacs Deebot T50 Omni Black\" src=\"https:\/\/m.media-amazon.com\/images\/S\/aplus-media-library-service-media\/c0af5b37-9cce-40c3-828c-810871a77d4d.__CR0,0,1464,600_PT0_SX1464_V1___.jpg\">                                                    <img decoding=\"async\" alt=\"Ecovacs Deebot T50 Omni Black\" src=\"https:\/\/m.media-amazon.com\/images\/S\/aplus-media-library-service-media\/35f7cf60-5495-404e-96d9-4225b09452b6.__CR0,0,1464,600_PT0_SX1464_V1___.jpg\">                                                    <img decoding=\"async\" alt=\"Ecovacs Deebot T50 Omni Black\" src=\"https:\/\/m.media-amazon.com\/images\/S\/aplus-media-library-service-media\/162fa806-d3db-4556-b9bf-3238057dae68.__CR0,0,1464,600_PT0_SX1464_V1___.jpg\"><br \/>\n                            1 All-in-One-Station 2 Selbstreinigend 3 Automatisch hinzuf\u00fcgen 4 Mopp ist sauberer <\/p>\n<p>                                                                                                                    <img decoding=\"async\" alt=\"Ecovacs Deebot T50 Omni Black\" src=\"https:\/\/m.media-amazon.com\/images\/S\/aplus-media-library-service-media\/9a5d2896-6768-4594-828e-b700876d5698.__CR0,0,1464,600_PT0_SX1464_V1___.jpg\">                                                    <img decoding=\"async\" alt=\"Ecovacs Deebot T50 Omni Black\" src=\"https:\/\/m.media-amazon.com\/images\/S\/aplus-media-library-service-media\/62ff089b-9fdf-4879-b544-82b9855a5fd5.__CR0,0,1464,600_PT0_SX1464_V1___.jpg\">                                                    <img decoding=\"async\" alt=\"Ecovacs Deebot T50 Omni Black\" src=\"https:\/\/m.media-amazon.com\/images\/S\/aplus-media-library-service-media\/c9ba07e5-1b88-4f35-93d3-3f9eed1fe0ca.__CR0,0,1464,600_PT0_SX1464_V1___.jpg\">                                                    <img decoding=\"async\" alt=\"Ecovacs Deebot T50 Omni Black\" src=\"https:\/\/m.media-amazon.com\/images\/S\/aplus-media-library-service-media\/c9779906-612e-4546-894b-ccd5879e2b69.__CR0,0,1464,600_PT0_SX1464_V1___.jpg\">                                                    <img decoding=\"async\" alt=\"T30C\" src=\"https:\/\/m.media-amazon.com\/images\/S\/aplus-media-library-service-media\/cfd654ae-988d-4e36-a721-06168a8b8342.__CR0,0,1464,600_PT0_SX1464_V1___.jpg\"><br \/>\n                            1 TrueMapping 2.0 2 Weitere Funktionen 3 Sprachsteuerung 4 APP-Steuerung 5 Intuitive Tastensteuerung <\/p>\n<p>25.000 Pa Saugleistung und OZMO Turbo 2.0 Wischtechnologie: Der Hochgeschwindigkeitsmotor und das gerade Kanaldesign des Deebot T30C liefern eine \u00fcberlegene Saugleistung von 20.000 Pa mit starkem Luftstrom und entfernen effizient Staub und Schmutz von Teppichen und B\u00f6den f\u00fcr eine gr\u00fcndliche Reinigung. Die ARClean-Seitenb\u00fcrste nutzt ihr stromlinienf\u00f6rmiges Design und die Zentrifugalkraft, um Verfilzungen zu minimieren, w\u00e4hrend die dreifache V-Struktur der gegenl\u00e4ufig rotierenden Hauptb\u00fcrste Haare effizient erfasst und entfernt. Genie\u00dfen Sie eine verwirrungsfreie Reinigung mit einfacher Wartung.<br \/>TruEdge 2.0 Kantenreinigung und OZMO Turbo 2.0 Wischsystem: TruEdge 2.0 erm\u00f6glicht es dem Mopp, durch die Anpassung des Abstands nah an Kanten und Ecken zu gelangen und so eine maximale Reinigungsleistung zu erzielen. Der durchgehend ausfahrende Wischmopp sorgt f\u00fcr eine vollst\u00e4ndige Kantenreinigung. Dar\u00fcber hinaus f\u00e4hrt die ARClean Anti-Tangle-Seitenb\u00fcrste unabh\u00e4ngig voneinander aus, um auch schwer zug\u00e4ngliche Kanten zu erreichen. Das OZMO Turbo 2.0-System sorgt f\u00fcr eine effektive Wischleistung. Zwei leistungsstarke rotierende Mopps entfernen hartn\u00e4ckige Flecken wie getrockneten Kaffee und klebrige So\u00dfen, w\u00e4hrend eine kontinuierliche Wasserzufuhr die Mopps optimal feucht h\u00e4lt.<br \/>OMNI All-in-One-Station und automatische Reinigung: Die OMNI All-in-One-Station bietet un\u00fcbertroffenen Komfort und maximale Automatisierung der Reinigung. Er verf\u00fcgt \u00fcber eine automatische Entleerung, 45\u00b0C Hei\u00dflufttrocknung, 75\u00b0C Hei\u00dfwasser-Moppw\u00e4sche, automatische Reinigungsmitteldosierung, automatische Selbstreinigung, automatische Bef\u00fcllung des im Roboter integrierten Tanks, einen 4-Liter-Frischwassertank und intelligentes Laden au\u00dferhalb der Sto\u00dfzeiten. Die bidirektionalen Abstreifleisten trennen die Moppreinigung von der Selbstreinigung der Station und schaffen so einen separaten Bereich f\u00fcr eine effektive Reinigung.<br \/>TrueMapping 2.0 und \u00fcberwindet hohe Schwellen und Kanten: Der Deebot T30C verf\u00fcgt mit TrueMapping 2.0 \u00fcber schnelle Kartierungs- und Pfadplanungsfunktionen. Er kartiert bis zu 96 Quadratmeter in nur 8 Minuten und ermittelt dank der Wegeplanung automatisch die optimale Reinigungsroute. Dies erm\u00f6glicht Ihnen die Navigation durch komplexe Umgebungen, beispielsweise unter einem Esstisch, und verringert das Risiko, stecken zu bleiben. Durch die mehrst\u00f6ckige Kartenverwaltung k\u00f6nnen Benutzer bis zu drei Karten speichern, zwischen denen das System automatisch wechselt. Der Fallschutzsensor erkennt au\u00dferdem automatisch Schritte und verhindert versehentliche St\u00fcrze.<br \/>Optimale Teppichreinigung: Der Deebot T30C verf\u00fcgt \u00fcber bemerkenswerte Teppichreinigungsf\u00e4higkeiten. Die Funktion \u201eTeppich zuerst\u201c verhindert wirksam die Verschmutzung von Teppichen, indem alle Teppiche zun\u00e4chst mit trockenen und hochgehobenen Wischmopps abgesaugt werden. Bei der Reinigung verschiedener Teppicharten und -formen erkennt der Roboter diese automatisch und wechselt nahtlos in verschiedene voreingestellte Modi wie \u201eNur saugen\u201c, \u201eKein Betreten\u201c, \u201eNur Durchfahren\u201c und \u201eWie auf dem Boden\u201c. So bearbeitet er verschiedene Teppiche mit professionellen Strategien und Einstellungen.<br \/>ECOVACS Home-App: Das ECOVACS HOME-Widget kann zu den Startbildschirmen von Smartphones und Tablets hinzugef\u00fcgt werden, um schnell auf Reinigungsbefehle zuzugreifen, einschlie\u00dflich der Reinigung des gesamten Hauses und der R\u00fcckkehr zum Laden. Dies erm\u00f6glicht den Zugriff auf Informationen in Echtzeit und eine schnellere Bedienung, ohne auf die App zugreifen zu m\u00fcssen. Mit der ECOVACS HOME App k\u00f6nnen Nutzer nicht nur den Betriebsstatus des DEEBOT T30C \u00fcberpr\u00fcfen, sondern haben auch die vollst\u00e4ndige Kontrolle \u00fcber alle Reinigungsparameter und Karteneinstellungen.<\/p>\n<p>[ad_2]<\/p>\n","protected":false},"excerpt":{"rendered":"<p>Vom Hersteller 1 ZeroTangle 3.0 2 20.000 Pa Saugkraft 3 Kein Verheddern 4 Teppichpflege 1 TruEdge 2.0 2 Kantenreinigung 3 OZMO TURBO 2.0 4 Bis zu 9 mm Anhebung 1 All-in-One-Station 2 Selbstreinigend 3 Automatisch hinzuf\u00fcgen 4 Mopp ist sauberer 1 TrueMapping 2.0 2 Weitere Funktionen 3 Sprachsteuerung 4 APP-Steuerung 5 Intuitive Tastensteuerung 25.000 Pa [&hellip;]<\/p>\n","protected":false},"featured_media":1762,"comment_status":"open","ping_status":"closed","template":"","meta":{"_aipt_faq_data":""},"store":[],"product_brand":[127],"product_cat":[80],"product_tag":[342],"class_list":{"0":"post-1761","1":"product","2":"type-product","3":"status-publish","4":"has-post-thumbnail","6":"product_brand-ecovacs","7":"product_cat-robotik-bausaetze","8":"product_tag-robotik-bausaetze-mit-sensoren","10":"first","11":"instock","12":"sale","13":"shipping-taxable","14":"product-type-external"},"yoast_head":"<!-- This site is optimized with the Yoast SEO plugin v27.4 - https:\/\/yoast.com\/product\/yoast-seo-wordpress\/ -->\n<title>ECOVACS Deebot T30C Omni Gen2, Roboterstaubsauger mit Wischfunktion, 25.000 Pa, OZMO Turbo 2.0 Wipe, ZeroTangle 3.0 Anti-Tangle, TruEdge 2.0 Kantenreinigung, Omni Station, 75\u00b0C Mop Wash, Schwarz - EasyLifeBro<\/title>\n<meta name=\"description\" content=\"Entdecken Sie smarte Roboter f\u00fcr Zuhause, Garten, Bildung und Sicherheit. Vergleichen Sie Saugroboter, Rasenm\u00e4hroboter, KI-Begleitroboter und mehr bei EasyLifeRobo.\" \/>\n<meta name=\"robots\" content=\"index, follow, max-snippet:-1, max-image-preview:large, max-video-preview:-1\" \/>\n<link rel=\"canonical\" href=\"https:\/\/easyliferobo.com\/de\/product\/ecovacs-deebot-t30c-omni-gen2-roboterstaubsauger-mit-wischfunktion-25-000-pa-ozmo-turbo-2-0-wipe-zerotangle-3-0-anti-tangle-truedge-2-0-kantenreinigung-omni-station-75c-mop-wash-schwarz\/\" \/>\n<meta property=\"og:locale\" content=\"de_DE\" \/>\n<meta property=\"og:type\" content=\"article\" \/>\n<meta property=\"og:title\" content=\"ECOVACS Deebot T30C Omni Gen2, Roboterstaubsauger mit Wischfunktion, 25.000 Pa, OZMO Turbo 2.0 Wipe, ZeroTangle 3.0 Anti-Tangle, TruEdge 2.0 Kantenreinigung, Omni Station, 75\u00b0C Mop Wash, Schwarz - EasyLifeBro\" \/>\n<meta property=\"og:description\" content=\"Entdecken Sie smarte Roboter f\u00fcr Zuhause, Garten, Bildung und Sicherheit. Vergleichen Sie Saugroboter, Rasenm\u00e4hroboter, KI-Begleitroboter und mehr bei EasyLifeRobo.\" \/>\n<meta property=\"og:url\" content=\"https:\/\/easyliferobo.com\/de\/product\/ecovacs-deebot-t30c-omni-gen2-roboterstaubsauger-mit-wischfunktion-25-000-pa-ozmo-turbo-2-0-wipe-zerotangle-3-0-anti-tangle-truedge-2-0-kantenreinigung-omni-station-75c-mop-wash-schwarz\/\" \/>\n<meta property=\"og:site_name\" content=\"EasyLifeBro\" \/>\n<meta property=\"article:modified_time\" content=\"2026-02-26T09:33:23+00:00\" \/>\n<meta property=\"og:image\" content=\"https:\/\/images-na.ssl-images-amazon.com\/images\/G\/01\/x-locale\/common\/grey-pixel.gif\" \/>\n<meta name=\"twitter:card\" content=\"summary_large_image\" \/>\n<meta name=\"twitter:label1\" content=\"Gesch\u00e4tzte Lesezeit\" \/>\n\t<meta name=\"twitter:data1\" content=\"3\u00a0Minuten\" \/>\n<script type=\"application\/ld+json\" class=\"yoast-schema-graph\">{\"@context\":\"https:\\\/\\\/schema.org\",\"@graph\":[{\"@type\":\"WebPage\",\"@id\":\"https:\\\/\\\/easyliferobo.com\\\/de\\\/product\\\/ecovacs-deebot-t30c-omni-gen2-roboterstaubsauger-mit-wischfunktion-25-000-pa-ozmo-turbo-2-0-wipe-zerotangle-3-0-anti-tangle-truedge-2-0-kantenreinigung-omni-station-75c-mop-wash-schwarz\\\/\",\"url\":\"https:\\\/\\\/easyliferobo.com\\\/de\\\/product\\\/ecovacs-deebot-t30c-omni-gen2-roboterstaubsauger-mit-wischfunktion-25-000-pa-ozmo-turbo-2-0-wipe-zerotangle-3-0-anti-tangle-truedge-2-0-kantenreinigung-omni-station-75c-mop-wash-schwarz\\\/\",\"name\":\"ECOVACS Deebot T30C Omni Gen2, Roboterstaubsauger mit Wischfunktion, 25.000 Pa, OZMO Turbo 2.0 Wipe, ZeroTangle 3.0 Anti-Tangle, TruEdge 2.0 Kantenreinigung, Omni Station, 75\u00b0C Mop Wash, Schwarz - EasyLifeBro\",\"isPartOf\":{\"@id\":\"https:\\\/\\\/easyliferobo.com\\\/de\\\/#website\"},\"primaryImageOfPage\":{\"@id\":\"https:\\\/\\\/easyliferobo.com\\\/de\\\/product\\\/ecovacs-deebot-t30c-omni-gen2-roboterstaubsauger-mit-wischfunktion-25-000-pa-ozmo-turbo-2-0-wipe-zerotangle-3-0-anti-tangle-truedge-2-0-kantenreinigung-omni-station-75c-mop-wash-schwarz\\\/#primaryimage\"},\"image\":{\"@id\":\"https:\\\/\\\/easyliferobo.com\\\/de\\\/product\\\/ecovacs-deebot-t30c-omni-gen2-roboterstaubsauger-mit-wischfunktion-25-000-pa-ozmo-turbo-2-0-wipe-zerotangle-3-0-anti-tangle-truedge-2-0-kantenreinigung-omni-station-75c-mop-wash-schwarz\\\/#primaryimage\"},\"thumbnailUrl\":\"https:\\\/\\\/easyliferobo.com\\\/de\\\/wp-content\\\/uploads\\\/2026\\\/02\\\/61guoXEUNDL._AC_SL1500_.jpg\",\"datePublished\":\"2026-02-26T09:33:08+00:00\",\"dateModified\":\"2026-02-26T09:33:23+00:00\",\"description\":\"Entdecken Sie smarte Roboter f\u00fcr Zuhause, Garten, Bildung und Sicherheit. Vergleichen Sie Saugroboter, Rasenm\u00e4hroboter, KI-Begleitroboter und mehr bei EasyLifeRobo.\",\"breadcrumb\":{\"@id\":\"https:\\\/\\\/easyliferobo.com\\\/de\\\/product\\\/ecovacs-deebot-t30c-omni-gen2-roboterstaubsauger-mit-wischfunktion-25-000-pa-ozmo-turbo-2-0-wipe-zerotangle-3-0-anti-tangle-truedge-2-0-kantenreinigung-omni-station-75c-mop-wash-schwarz\\\/#breadcrumb\"},\"inLanguage\":\"de\",\"potentialAction\":[{\"@type\":\"ReadAction\",\"target\":[\"https:\\\/\\\/easyliferobo.com\\\/de\\\/product\\\/ecovacs-deebot-t30c-omni-gen2-roboterstaubsauger-mit-wischfunktion-25-000-pa-ozmo-turbo-2-0-wipe-zerotangle-3-0-anti-tangle-truedge-2-0-kantenreinigung-omni-station-75c-mop-wash-schwarz\\\/\"]}]},{\"@type\":\"ImageObject\",\"inLanguage\":\"de\",\"@id\":\"https:\\\/\\\/easyliferobo.com\\\/de\\\/product\\\/ecovacs-deebot-t30c-omni-gen2-roboterstaubsauger-mit-wischfunktion-25-000-pa-ozmo-turbo-2-0-wipe-zerotangle-3-0-anti-tangle-truedge-2-0-kantenreinigung-omni-station-75c-mop-wash-schwarz\\\/#primaryimage\",\"url\":\"https:\\\/\\\/easyliferobo.com\\\/de\\\/wp-content\\\/uploads\\\/2026\\\/02\\\/61guoXEUNDL._AC_SL1500_.jpg\",\"contentUrl\":\"https:\\\/\\\/easyliferobo.com\\\/de\\\/wp-content\\\/uploads\\\/2026\\\/02\\\/61guoXEUNDL._AC_SL1500_.jpg\",\"width\":1500,\"height\":1315},{\"@type\":\"BreadcrumbList\",\"@id\":\"https:\\\/\\\/easyliferobo.com\\\/de\\\/product\\\/ecovacs-deebot-t30c-omni-gen2-roboterstaubsauger-mit-wischfunktion-25-000-pa-ozmo-turbo-2-0-wipe-zerotangle-3-0-anti-tangle-truedge-2-0-kantenreinigung-omni-station-75c-mop-wash-schwarz\\\/#breadcrumb\",\"itemListElement\":[{\"@type\":\"ListItem\",\"position\":1,\"name\":\"Home\",\"item\":\"https:\\\/\\\/easyliferobo.com\\\/de\\\/\"},{\"@type\":\"ListItem\",\"position\":2,\"name\":\"Shop\",\"item\":\"https:\\\/\\\/easyliferobo.com\\\/de\\\/shop\\\/\"},{\"@type\":\"ListItem\",\"position\":3,\"name\":\"ECOVACS Deebot T30C Omni Gen2, Robo...\"}]},{\"@type\":\"WebSite\",\"@id\":\"https:\\\/\\\/easyliferobo.com\\\/de\\\/#website\",\"url\":\"https:\\\/\\\/easyliferobo.com\\\/de\\\/\",\"name\":\"EasyLifeBro\",\"description\":\"Smarte Roboter f\u00fcr Zuhause, Garten &amp; Bildung\",\"publisher\":{\"@id\":\"https:\\\/\\\/easyliferobo.com\\\/de\\\/#organization\"},\"potentialAction\":[{\"@type\":\"SearchAction\",\"target\":{\"@type\":\"EntryPoint\",\"urlTemplate\":\"https:\\\/\\\/easyliferobo.com\\\/de\\\/?s={search_term_string}\"},\"query-input\":{\"@type\":\"PropertyValueSpecification\",\"valueRequired\":true,\"valueName\":\"search_term_string\"}}],\"inLanguage\":\"de\"},{\"@type\":\"Organization\",\"@id\":\"https:\\\/\\\/easyliferobo.com\\\/de\\\/#organization\",\"name\":\"EasyLifeBro\",\"url\":\"https:\\\/\\\/easyliferobo.com\\\/de\\\/\",\"logo\":{\"@type\":\"ImageObject\",\"inLanguage\":\"de\",\"@id\":\"https:\\\/\\\/easyliferobo.com\\\/de\\\/#\\\/schema\\\/logo\\\/image\\\/\",\"url\":\"https:\\\/\\\/easyliferobo.com\\\/de\\\/wp-content\\\/uploads\\\/2026\\\/02\\\/Screenshot-2026-02-22-at-2.25.03-PM.png\",\"contentUrl\":\"https:\\\/\\\/easyliferobo.com\\\/de\\\/wp-content\\\/uploads\\\/2026\\\/02\\\/Screenshot-2026-02-22-at-2.25.03-PM.png\",\"width\":1858,\"height\":430,\"caption\":\"EasyLifeBro\"},\"image\":{\"@id\":\"https:\\\/\\\/easyliferobo.com\\\/de\\\/#\\\/schema\\\/logo\\\/image\\\/\"}}]}<\/script>\n<!-- \/ Yoast SEO plugin. -->","yoast_head_json":{"title":"ECOVACS Deebot T30C Omni Gen2, Roboterstaubsauger mit Wischfunktion, 25.000 Pa, OZMO Turbo 2.0 Wipe, ZeroTangle 3.0 Anti-Tangle, TruEdge 2.0 Kantenreinigung, Omni Station, 75\u00b0C Mop Wash, Schwarz - EasyLifeBro","description":"Entdecken Sie smarte Roboter f\u00fcr Zuhause, Garten, Bildung und Sicherheit. Vergleichen Sie Saugroboter, Rasenm\u00e4hroboter, KI-Begleitroboter und mehr bei EasyLifeRobo.","robots":{"index":"index","follow":"follow","max-snippet":"max-snippet:-1","max-image-preview":"max-image-preview:large","max-video-preview":"max-video-preview:-1"},"canonical":"https:\/\/easyliferobo.com\/de\/product\/ecovacs-deebot-t30c-omni-gen2-roboterstaubsauger-mit-wischfunktion-25-000-pa-ozmo-turbo-2-0-wipe-zerotangle-3-0-anti-tangle-truedge-2-0-kantenreinigung-omni-station-75c-mop-wash-schwarz\/","og_locale":"de_DE","og_type":"article","og_title":"ECOVACS Deebot T30C Omni Gen2, Roboterstaubsauger mit Wischfunktion, 25.000 Pa, OZMO Turbo 2.0 Wipe, ZeroTangle 3.0 Anti-Tangle, TruEdge 2.0 Kantenreinigung, Omni Station, 75\u00b0C Mop Wash, Schwarz - EasyLifeBro","og_description":"Entdecken Sie smarte Roboter f\u00fcr Zuhause, Garten, Bildung und Sicherheit. Vergleichen Sie Saugroboter, Rasenm\u00e4hroboter, KI-Begleitroboter und mehr bei EasyLifeRobo.","og_url":"https:\/\/easyliferobo.com\/de\/product\/ecovacs-deebot-t30c-omni-gen2-roboterstaubsauger-mit-wischfunktion-25-000-pa-ozmo-turbo-2-0-wipe-zerotangle-3-0-anti-tangle-truedge-2-0-kantenreinigung-omni-station-75c-mop-wash-schwarz\/","og_site_name":"EasyLifeBro","article_modified_time":"2026-02-26T09:33:23+00:00","og_image":[{"url":"https:\/\/images-na.ssl-images-amazon.com\/images\/G\/01\/x-locale\/common\/grey-pixel.gif","type":"","width":"","height":""}],"twitter_card":"summary_large_image","twitter_misc":{"Gesch\u00e4tzte Lesezeit":"3\u00a0Minuten"},"schema":{"@context":"https:\/\/schema.org","@graph":[{"@type":"WebPage","@id":"https:\/\/easyliferobo.com\/de\/product\/ecovacs-deebot-t30c-omni-gen2-roboterstaubsauger-mit-wischfunktion-25-000-pa-ozmo-turbo-2-0-wipe-zerotangle-3-0-anti-tangle-truedge-2-0-kantenreinigung-omni-station-75c-mop-wash-schwarz\/","url":"https:\/\/easyliferobo.com\/de\/product\/ecovacs-deebot-t30c-omni-gen2-roboterstaubsauger-mit-wischfunktion-25-000-pa-ozmo-turbo-2-0-wipe-zerotangle-3-0-anti-tangle-truedge-2-0-kantenreinigung-omni-station-75c-mop-wash-schwarz\/","name":"ECOVACS Deebot T30C Omni Gen2, Roboterstaubsauger mit Wischfunktion, 25.000 Pa, OZMO Turbo 2.0 Wipe, ZeroTangle 3.0 Anti-Tangle, TruEdge 2.0 Kantenreinigung, Omni Station, 75\u00b0C Mop Wash, Schwarz - EasyLifeBro","isPartOf":{"@id":"https:\/\/easyliferobo.com\/de\/#website"},"primaryImageOfPage":{"@id":"https:\/\/easyliferobo.com\/de\/product\/ecovacs-deebot-t30c-omni-gen2-roboterstaubsauger-mit-wischfunktion-25-000-pa-ozmo-turbo-2-0-wipe-zerotangle-3-0-anti-tangle-truedge-2-0-kantenreinigung-omni-station-75c-mop-wash-schwarz\/#primaryimage"},"image":{"@id":"https:\/\/easyliferobo.com\/de\/product\/ecovacs-deebot-t30c-omni-gen2-roboterstaubsauger-mit-wischfunktion-25-000-pa-ozmo-turbo-2-0-wipe-zerotangle-3-0-anti-tangle-truedge-2-0-kantenreinigung-omni-station-75c-mop-wash-schwarz\/#primaryimage"},"thumbnailUrl":"https:\/\/easyliferobo.com\/de\/wp-content\/uploads\/2026\/02\/61guoXEUNDL._AC_SL1500_.jpg","datePublished":"2026-02-26T09:33:08+00:00","dateModified":"2026-02-26T09:33:23+00:00","description":"Entdecken Sie smarte Roboter f\u00fcr Zuhause, Garten, Bildung und Sicherheit. Vergleichen Sie Saugroboter, Rasenm\u00e4hroboter, KI-Begleitroboter und mehr bei EasyLifeRobo.","breadcrumb":{"@id":"https:\/\/easyliferobo.com\/de\/product\/ecovacs-deebot-t30c-omni-gen2-roboterstaubsauger-mit-wischfunktion-25-000-pa-ozmo-turbo-2-0-wipe-zerotangle-3-0-anti-tangle-truedge-2-0-kantenreinigung-omni-station-75c-mop-wash-schwarz\/#breadcrumb"},"inLanguage":"de","potentialAction":[{"@type":"ReadAction","target":["https:\/\/easyliferobo.com\/de\/product\/ecovacs-deebot-t30c-omni-gen2-roboterstaubsauger-mit-wischfunktion-25-000-pa-ozmo-turbo-2-0-wipe-zerotangle-3-0-anti-tangle-truedge-2-0-kantenreinigung-omni-station-75c-mop-wash-schwarz\/"]}]},{"@type":"ImageObject","inLanguage":"de","@id":"https:\/\/easyliferobo.com\/de\/product\/ecovacs-deebot-t30c-omni-gen2-roboterstaubsauger-mit-wischfunktion-25-000-pa-ozmo-turbo-2-0-wipe-zerotangle-3-0-anti-tangle-truedge-2-0-kantenreinigung-omni-station-75c-mop-wash-schwarz\/#primaryimage","url":"https:\/\/easyliferobo.com\/de\/wp-content\/uploads\/2026\/02\/61guoXEUNDL._AC_SL1500_.jpg","contentUrl":"https:\/\/easyliferobo.com\/de\/wp-content\/uploads\/2026\/02\/61guoXEUNDL._AC_SL1500_.jpg","width":1500,"height":1315},{"@type":"BreadcrumbList","@id":"https:\/\/easyliferobo.com\/de\/product\/ecovacs-deebot-t30c-omni-gen2-roboterstaubsauger-mit-wischfunktion-25-000-pa-ozmo-turbo-2-0-wipe-zerotangle-3-0-anti-tangle-truedge-2-0-kantenreinigung-omni-station-75c-mop-wash-schwarz\/#breadcrumb","itemListElement":[{"@type":"ListItem","position":1,"name":"Home","item":"https:\/\/easyliferobo.com\/de\/"},{"@type":"ListItem","position":2,"name":"Shop","item":"https:\/\/easyliferobo.com\/de\/shop\/"},{"@type":"ListItem","position":3,"name":"ECOVACS Deebot T30C Omni Gen2, Robo..."}]},{"@type":"WebSite","@id":"https:\/\/easyliferobo.com\/de\/#website","url":"https:\/\/easyliferobo.com\/de\/","name":"EasyLifeBro","description":"Smarte Roboter f\u00fcr Zuhause, Garten &amp; Bildung","publisher":{"@id":"https:\/\/easyliferobo.com\/de\/#organization"},"potentialAction":[{"@type":"SearchAction","target":{"@type":"EntryPoint","urlTemplate":"https:\/\/easyliferobo.com\/de\/?s={search_term_string}"},"query-input":{"@type":"PropertyValueSpecification","valueRequired":true,"valueName":"search_term_string"}}],"inLanguage":"de"},{"@type":"Organization","@id":"https:\/\/easyliferobo.com\/de\/#organization","name":"EasyLifeBro","url":"https:\/\/easyliferobo.com\/de\/","logo":{"@type":"ImageObject","inLanguage":"de","@id":"https:\/\/easyliferobo.com\/de\/#\/schema\/logo\/image\/","url":"https:\/\/easyliferobo.com\/de\/wp-content\/uploads\/2026\/02\/Screenshot-2026-02-22-at-2.25.03-PM.png","contentUrl":"https:\/\/easyliferobo.com\/de\/wp-content\/uploads\/2026\/02\/Screenshot-2026-02-22-at-2.25.03-PM.png","width":1858,"height":430,"caption":"EasyLifeBro"},"image":{"@id":"https:\/\/easyliferobo.com\/de\/#\/schema\/logo\/image\/"}}]}},"_links":{"self":[{"href":"https:\/\/easyliferobo.com\/de\/wp-json\/wp\/v2\/product\/1761","targetHints":{"allow":["GET"]}}],"collection":[{"href":"https:\/\/easyliferobo.com\/de\/wp-json\/wp\/v2\/product"}],"about":[{"href":"https:\/\/easyliferobo.com\/de\/wp-json\/wp\/v2\/types\/product"}],"replies":[{"embeddable":true,"href":"https:\/\/easyliferobo.com\/de\/wp-json\/wp\/v2\/comments?post=1761"}],"wp:featuredmedia":[{"embeddable":true,"href":"https:\/\/easyliferobo.com\/de\/wp-json\/wp\/v2\/media\/1762"}],"wp:attachment":[{"href":"https:\/\/easyliferobo.com\/de\/wp-json\/wp\/v2\/media?parent=1761"}],"wp:term":[{"taxonomy":"store","embeddable":true,"href":"https:\/\/easyliferobo.com\/de\/wp-json\/wp\/v2\/store?post=1761"},{"taxonomy":"product_brand","embeddable":true,"href":"https:\/\/easyliferobo.com\/de\/wp-json\/wp\/v2\/product_brand?post=1761"},{"taxonomy":"product_cat","embeddable":true,"href":"https:\/\/easyliferobo.com\/de\/wp-json\/wp\/v2\/product_cat?post=1761"},{"taxonomy":"product_tag","embeddable":true,"href":"https:\/\/easyliferobo.com\/de\/wp-json\/wp\/v2\/product_tag?post=1761"}],"curies":[{"name":"wp","href":"https:\/\/api.w.org\/{rel}","templated":true}]}}