
{"id":1717,"date":"2026-02-26T09:01:47","date_gmt":"2026-02-26T09:01:47","guid":{"rendered":"https:\/\/easyliferobo.com\/de\/product\/akku-fuer-worx-landroid-wg796e-1-maehroboter-28-v-li-ion\/"},"modified":"2026-02-26T09:01:53","modified_gmt":"2026-02-26T09:01:53","slug":"akku-fuer-worx-landroid-wg796e-1-maehroboter-28-v-li-ion","status":"publish","type":"product","link":"https:\/\/easyliferobo.com\/de\/product\/akku-fuer-worx-landroid-wg796e-1-maehroboter-28-v-li-ion\/","title":{"rendered":"Akku f\u00fcr Worx Landroid WG796E.1 M?..."},"content":{"rendered":"<p>    <span>Akku f\u00fcr Worx Landroid WG796E.1 M\u00e4hroboter, 28 V, 2500 mAh\/70 Wh, Li-Ion, Schwarz. <br \/>Bei unserem Angebot handelt es sich um einen hochwertigen Akku, der sich ideal als Austauschakku f\u00fcr Ihren alten oder defekten Werkzeugakku, aber auch als zus\u00e4tzlicher Ersatzakku f\u00fcr unterwegs eignet. <br \/>Bitte beachten Sie: Akkus, denen ein Ladeger\u00e4t beiliegt, d\u00fcrfen nur damit geladen werden. <br \/>Es werden ausschlie\u00dflich neue Qualit\u00e4ts-Markenzellen verwendet. <br \/>Schutzelektronik und die Verarbeitung hochwertiger Komponenten bieten Ihnen ein hohes Ma\u00df an Sicherheit, sowohl gegen \u00dcberladung als auch gegen Kurzschl\u00fcsse. Dadurch kann der Akku eine h\u00f6here Anzahl an Lade-Entlade-Zyklen erreichen. Dies bedeutet eine l\u00e4ngere Lebensdauer Ihrer neuen Batterie. &#8230;<\/span>    <br \/>Der Akku im Detail: Spannung: 28 V, hohe Kapazit\u00e4t mit 2500 mAh\/70 Wh, Qualit\u00e4tszellen aus neuester Produktion, Zelltyp: Li-Ion, Ma\u00dfe: 103,70 mm x 48,80 mm x 72,10 mm, Gewicht: 422 g. Farbe: Schwarz. 100 % kompatibel<br \/>\u2605 HOHE LEISTUNG UND LANGLEBIGKEIT: Die Akkus bieten hohe Leistung f\u00fcr anspruchsvolle Werkzeuge. Lange Laufzeiten erm\u00f6glichen effizientes Arbeiten ohne h\u00e4ufige Unterbrechungen.<br \/>\u2605 HOHE KOMPATIBILIT\u00c4T Kompatibel mit einer Auswahl g\u00e4ngiger Werkzeugmodelle. Es wird empfohlen, vor dem Kauf die Modellnummer und die Abmessungen genau abzugleichen, um einen reibungslosen Austausch zu gew\u00e4hrleisten.<br \/>\u2605 SICHERHEIT UND ZUVERL\u00c4SSIGKEIT: Integrierte Sicherheitsmechanismen sch\u00fctzen vor \u00dcberladung, \u00dcberhitzung und anderen potenziellen Risiken.<br \/>\u2605 HEAVY DUTY: Batterien sind so konstruiert, dass sie den Anforderungen des Werkzeuggebrauchs standhalten. Langlebige Materialien sorgen f\u00fcr zuverl\u00e4ssige Leistung auch unter anspruchsvollen Bedingungen.<\/p>\n<p>[ad_2]<\/p>\n","protected":false},"excerpt":{"rendered":"<p>Akku f\u00fcr Worx Landroid WG796E.1 M\u00e4hroboter, 28 V, 2500 mAh\/70 Wh, Li-Ion, Schwarz. Bei unserem Angebot handelt es sich um einen hochwertigen Akku, der sich ideal als Austauschakku f\u00fcr Ihren alten oder defekten Werkzeugakku, aber auch als zus\u00e4tzlicher Ersatzakku f\u00fcr unterwegs eignet. Bitte beachten Sie: Akkus, denen ein Ladeger\u00e4t beiliegt, d\u00fcrfen nur damit geladen werden. [&hellip;]<\/p>\n","protected":false},"featured_media":1718,"comment_status":"open","ping_status":"closed","template":"","meta":{"_aipt_faq_data":""},"store":[],"product_brand":[337],"product_cat":[86],"product_tag":[336],"class_list":{"0":"post-1717","1":"product","2":"type-product","3":"status-publish","4":"has-post-thumbnail","6":"product_brand-akku-net","7":"product_cat-zubehoer-fuer-rasenmaehroboter","8":"product_tag-zubehoer-fuer-rasenmaehroboter-akku","10":"first","11":"instock","12":"shipping-taxable","13":"product-type-external"},"yoast_head":"<!-- This site is optimized with the Yoast SEO plugin v27.0 - https:\/\/yoast.com\/product\/yoast-seo-wordpress\/ -->\n<title>Akku f\u00fcr Worx Landroid WG796E.1 M\u00e4hroboter, 28 V, Li-Ion - EasyLifeBro<\/title>\n<meta name=\"description\" content=\"Entdecken Sie smarte Roboter f\u00fcr Zuhause, Garten, Bildung und Sicherheit. Vergleichen Sie Saugroboter, Rasenm\u00e4hroboter, KI-Begleitroboter und mehr bei EasyLifeRobo.\" \/>\n<meta name=\"robots\" content=\"index, follow, max-snippet:-1, max-image-preview:large, max-video-preview:-1\" \/>\n<link rel=\"canonical\" href=\"https:\/\/easyliferobo.com\/de\/product\/akku-fuer-worx-landroid-wg796e-1-maehroboter-28-v-li-ion\/\" \/>\n<meta property=\"og:locale\" content=\"de_DE\" \/>\n<meta property=\"og:type\" content=\"article\" \/>\n<meta property=\"og:title\" content=\"Akku f\u00fcr Worx Landroid WG796E.1 M\u00e4hroboter, 28 V, Li-Ion - EasyLifeBro\" \/>\n<meta property=\"og:description\" content=\"Entdecken Sie smarte Roboter f\u00fcr Zuhause, Garten, Bildung und Sicherheit. Vergleichen Sie Saugroboter, Rasenm\u00e4hroboter, KI-Begleitroboter und mehr bei EasyLifeRobo.\" \/>\n<meta property=\"og:url\" content=\"https:\/\/easyliferobo.com\/de\/product\/akku-fuer-worx-landroid-wg796e-1-maehroboter-28-v-li-ion\/\" \/>\n<meta property=\"og:site_name\" content=\"EasyLifeBro\" \/>\n<meta property=\"article:modified_time\" content=\"2026-02-26T09:01:53+00:00\" \/>\n<meta property=\"og:image\" content=\"https:\/\/easyliferobo.com\/de\/wp-content\/uploads\/2026\/02\/81s-Zp287uL._AC_SL1500_.jpg\" \/>\n\t<meta property=\"og:image:width\" content=\"1500\" \/>\n\t<meta property=\"og:image:height\" content=\"1354\" \/>\n\t<meta property=\"og:image:type\" content=\"image\/jpeg\" \/>\n<meta name=\"twitter:card\" content=\"summary_large_image\" \/>\n<meta name=\"twitter:label1\" content=\"Gesch\u00e4tzte Lesezeit\" \/>\n\t<meta name=\"twitter:data1\" content=\"1\u00a0Minute\" \/>\n<script type=\"application\/ld+json\" class=\"yoast-schema-graph\">{\"@context\":\"https:\/\/schema.org\",\"@graph\":[{\"@type\":\"WebPage\",\"@id\":\"https:\/\/easyliferobo.com\/de\/product\/akku-fuer-worx-landroid-wg796e-1-maehroboter-28-v-li-ion\/\",\"url\":\"https:\/\/easyliferobo.com\/de\/product\/akku-fuer-worx-landroid-wg796e-1-maehroboter-28-v-li-ion\/\",\"name\":\"Akku f\u00fcr Worx Landroid WG796E.1 M\u00e4hroboter, 28 V, Li-Ion - EasyLifeBro\",\"isPartOf\":{\"@id\":\"https:\/\/easyliferobo.com\/de\/#website\"},\"primaryImageOfPage\":{\"@id\":\"https:\/\/easyliferobo.com\/de\/product\/akku-fuer-worx-landroid-wg796e-1-maehroboter-28-v-li-ion\/#primaryimage\"},\"image\":{\"@id\":\"https:\/\/easyliferobo.com\/de\/product\/akku-fuer-worx-landroid-wg796e-1-maehroboter-28-v-li-ion\/#primaryimage\"},\"thumbnailUrl\":\"https:\/\/easyliferobo.com\/de\/wp-content\/uploads\/2026\/02\/81s-Zp287uL._AC_SL1500_.jpg\",\"datePublished\":\"2026-02-26T09:01:47+00:00\",\"dateModified\":\"2026-02-26T09:01:53+00:00\",\"description\":\"Entdecken Sie smarte Roboter f\u00fcr Zuhause, Garten, Bildung und Sicherheit. Vergleichen Sie Saugroboter, Rasenm\u00e4hroboter, KI-Begleitroboter und mehr bei EasyLifeRobo.\",\"breadcrumb\":{\"@id\":\"https:\/\/easyliferobo.com\/de\/product\/akku-fuer-worx-landroid-wg796e-1-maehroboter-28-v-li-ion\/#breadcrumb\"},\"inLanguage\":\"de\",\"potentialAction\":[{\"@type\":\"ReadAction\",\"target\":[\"https:\/\/easyliferobo.com\/de\/product\/akku-fuer-worx-landroid-wg796e-1-maehroboter-28-v-li-ion\/\"]}]},{\"@type\":\"ImageObject\",\"inLanguage\":\"de\",\"@id\":\"https:\/\/easyliferobo.com\/de\/product\/akku-fuer-worx-landroid-wg796e-1-maehroboter-28-v-li-ion\/#primaryimage\",\"url\":\"https:\/\/easyliferobo.com\/de\/wp-content\/uploads\/2026\/02\/81s-Zp287uL._AC_SL1500_.jpg\",\"contentUrl\":\"https:\/\/easyliferobo.com\/de\/wp-content\/uploads\/2026\/02\/81s-Zp287uL._AC_SL1500_.jpg\",\"width\":1500,\"height\":1354},{\"@type\":\"BreadcrumbList\",\"@id\":\"https:\/\/easyliferobo.com\/de\/product\/akku-fuer-worx-landroid-wg796e-1-maehroboter-28-v-li-ion\/#breadcrumb\",\"itemListElement\":[{\"@type\":\"ListItem\",\"position\":1,\"name\":\"Home\",\"item\":\"https:\/\/easyliferobo.com\/de\/\"},{\"@type\":\"ListItem\",\"position\":2,\"name\":\"Shop\",\"item\":\"https:\/\/easyliferobo.com\/de\/shop\/\"},{\"@type\":\"ListItem\",\"position\":3,\"name\":\"Akku f\u00fcr Worx Landroid WG796E.1 M\u00e4hroboter, 28 V, Li-Ion\"}]},{\"@type\":\"WebSite\",\"@id\":\"https:\/\/easyliferobo.com\/de\/#website\",\"url\":\"https:\/\/easyliferobo.com\/de\/\",\"name\":\"EasyLifeBro\",\"description\":\"Smarte Roboter f\u00fcr Zuhause, Garten &amp; Bildung\",\"publisher\":{\"@id\":\"https:\/\/easyliferobo.com\/de\/#organization\"},\"potentialAction\":[{\"@type\":\"SearchAction\",\"target\":{\"@type\":\"EntryPoint\",\"urlTemplate\":\"https:\/\/easyliferobo.com\/de\/?s={search_term_string}\"},\"query-input\":{\"@type\":\"PropertyValueSpecification\",\"valueRequired\":true,\"valueName\":\"search_term_string\"}}],\"inLanguage\":\"de\"},{\"@type\":\"Organization\",\"@id\":\"https:\/\/easyliferobo.com\/de\/#organization\",\"name\":\"EasyLifeBro\",\"url\":\"https:\/\/easyliferobo.com\/de\/\",\"logo\":{\"@type\":\"ImageObject\",\"inLanguage\":\"de\",\"@id\":\"https:\/\/easyliferobo.com\/de\/#\/schema\/logo\/image\/\",\"url\":\"https:\/\/easyliferobo.com\/de\/wp-content\/uploads\/2026\/02\/Screenshot-2026-02-22-at-2.25.03-PM.png\",\"contentUrl\":\"https:\/\/easyliferobo.com\/de\/wp-content\/uploads\/2026\/02\/Screenshot-2026-02-22-at-2.25.03-PM.png\",\"width\":1858,\"height\":430,\"caption\":\"EasyLifeBro\"},\"image\":{\"@id\":\"https:\/\/easyliferobo.com\/de\/#\/schema\/logo\/image\/\"}}]}<\/script>\n<!-- \/ Yoast SEO plugin. -->","yoast_head_json":{"title":"Akku f\u00fcr Worx Landroid WG796E.1 M\u00e4hroboter, 28 V, Li-Ion - EasyLifeBro","description":"Entdecken Sie smarte Roboter f\u00fcr Zuhause, Garten, Bildung und Sicherheit. Vergleichen Sie Saugroboter, Rasenm\u00e4hroboter, KI-Begleitroboter und mehr bei EasyLifeRobo.","robots":{"index":"index","follow":"follow","max-snippet":"max-snippet:-1","max-image-preview":"max-image-preview:large","max-video-preview":"max-video-preview:-1"},"canonical":"https:\/\/easyliferobo.com\/de\/product\/akku-fuer-worx-landroid-wg796e-1-maehroboter-28-v-li-ion\/","og_locale":"de_DE","og_type":"article","og_title":"Akku f\u00fcr Worx Landroid WG796E.1 M\u00e4hroboter, 28 V, Li-Ion - EasyLifeBro","og_description":"Entdecken Sie smarte Roboter f\u00fcr Zuhause, Garten, Bildung und Sicherheit. Vergleichen Sie Saugroboter, Rasenm\u00e4hroboter, KI-Begleitroboter und mehr bei EasyLifeRobo.","og_url":"https:\/\/easyliferobo.com\/de\/product\/akku-fuer-worx-landroid-wg796e-1-maehroboter-28-v-li-ion\/","og_site_name":"EasyLifeBro","article_modified_time":"2026-02-26T09:01:53+00:00","og_image":[{"width":1500,"height":1354,"url":"https:\/\/easyliferobo.com\/de\/wp-content\/uploads\/2026\/02\/81s-Zp287uL._AC_SL1500_.jpg","type":"image\/jpeg"}],"twitter_card":"summary_large_image","twitter_misc":{"Gesch\u00e4tzte Lesezeit":"1\u00a0Minute"},"schema":{"@context":"https:\/\/schema.org","@graph":[{"@type":"WebPage","@id":"https:\/\/easyliferobo.com\/de\/product\/akku-fuer-worx-landroid-wg796e-1-maehroboter-28-v-li-ion\/","url":"https:\/\/easyliferobo.com\/de\/product\/akku-fuer-worx-landroid-wg796e-1-maehroboter-28-v-li-ion\/","name":"Akku f\u00fcr Worx Landroid WG796E.1 M\u00e4hroboter, 28 V, Li-Ion - EasyLifeBro","isPartOf":{"@id":"https:\/\/easyliferobo.com\/de\/#website"},"primaryImageOfPage":{"@id":"https:\/\/easyliferobo.com\/de\/product\/akku-fuer-worx-landroid-wg796e-1-maehroboter-28-v-li-ion\/#primaryimage"},"image":{"@id":"https:\/\/easyliferobo.com\/de\/product\/akku-fuer-worx-landroid-wg796e-1-maehroboter-28-v-li-ion\/#primaryimage"},"thumbnailUrl":"https:\/\/easyliferobo.com\/de\/wp-content\/uploads\/2026\/02\/81s-Zp287uL._AC_SL1500_.jpg","datePublished":"2026-02-26T09:01:47+00:00","dateModified":"2026-02-26T09:01:53+00:00","description":"Entdecken Sie smarte Roboter f\u00fcr Zuhause, Garten, Bildung und Sicherheit. Vergleichen Sie Saugroboter, Rasenm\u00e4hroboter, KI-Begleitroboter und mehr bei EasyLifeRobo.","breadcrumb":{"@id":"https:\/\/easyliferobo.com\/de\/product\/akku-fuer-worx-landroid-wg796e-1-maehroboter-28-v-li-ion\/#breadcrumb"},"inLanguage":"de","potentialAction":[{"@type":"ReadAction","target":["https:\/\/easyliferobo.com\/de\/product\/akku-fuer-worx-landroid-wg796e-1-maehroboter-28-v-li-ion\/"]}]},{"@type":"ImageObject","inLanguage":"de","@id":"https:\/\/easyliferobo.com\/de\/product\/akku-fuer-worx-landroid-wg796e-1-maehroboter-28-v-li-ion\/#primaryimage","url":"https:\/\/easyliferobo.com\/de\/wp-content\/uploads\/2026\/02\/81s-Zp287uL._AC_SL1500_.jpg","contentUrl":"https:\/\/easyliferobo.com\/de\/wp-content\/uploads\/2026\/02\/81s-Zp287uL._AC_SL1500_.jpg","width":1500,"height":1354},{"@type":"BreadcrumbList","@id":"https:\/\/easyliferobo.com\/de\/product\/akku-fuer-worx-landroid-wg796e-1-maehroboter-28-v-li-ion\/#breadcrumb","itemListElement":[{"@type":"ListItem","position":1,"name":"Home","item":"https:\/\/easyliferobo.com\/de\/"},{"@type":"ListItem","position":2,"name":"Shop","item":"https:\/\/easyliferobo.com\/de\/shop\/"},{"@type":"ListItem","position":3,"name":"Akku f\u00fcr Worx Landroid WG796E.1 M\u00e4hroboter, 28 V, Li-Ion"}]},{"@type":"WebSite","@id":"https:\/\/easyliferobo.com\/de\/#website","url":"https:\/\/easyliferobo.com\/de\/","name":"EasyLifeBro","description":"Smarte Roboter f\u00fcr Zuhause, Garten &amp; Bildung","publisher":{"@id":"https:\/\/easyliferobo.com\/de\/#organization"},"potentialAction":[{"@type":"SearchAction","target":{"@type":"EntryPoint","urlTemplate":"https:\/\/easyliferobo.com\/de\/?s={search_term_string}"},"query-input":{"@type":"PropertyValueSpecification","valueRequired":true,"valueName":"search_term_string"}}],"inLanguage":"de"},{"@type":"Organization","@id":"https:\/\/easyliferobo.com\/de\/#organization","name":"EasyLifeBro","url":"https:\/\/easyliferobo.com\/de\/","logo":{"@type":"ImageObject","inLanguage":"de","@id":"https:\/\/easyliferobo.com\/de\/#\/schema\/logo\/image\/","url":"https:\/\/easyliferobo.com\/de\/wp-content\/uploads\/2026\/02\/Screenshot-2026-02-22-at-2.25.03-PM.png","contentUrl":"https:\/\/easyliferobo.com\/de\/wp-content\/uploads\/2026\/02\/Screenshot-2026-02-22-at-2.25.03-PM.png","width":1858,"height":430,"caption":"EasyLifeBro"},"image":{"@id":"https:\/\/easyliferobo.com\/de\/#\/schema\/logo\/image\/"}}]}},"_links":{"self":[{"href":"https:\/\/easyliferobo.com\/de\/wp-json\/wp\/v2\/product\/1717","targetHints":{"allow":["GET"]}}],"collection":[{"href":"https:\/\/easyliferobo.com\/de\/wp-json\/wp\/v2\/product"}],"about":[{"href":"https:\/\/easyliferobo.com\/de\/wp-json\/wp\/v2\/types\/product"}],"replies":[{"embeddable":true,"href":"https:\/\/easyliferobo.com\/de\/wp-json\/wp\/v2\/comments?post=1717"}],"wp:featuredmedia":[{"embeddable":true,"href":"https:\/\/easyliferobo.com\/de\/wp-json\/wp\/v2\/media\/1718"}],"wp:attachment":[{"href":"https:\/\/easyliferobo.com\/de\/wp-json\/wp\/v2\/media?parent=1717"}],"wp:term":[{"taxonomy":"store","embeddable":true,"href":"https:\/\/easyliferobo.com\/de\/wp-json\/wp\/v2\/store?post=1717"},{"taxonomy":"product_brand","embeddable":true,"href":"https:\/\/easyliferobo.com\/de\/wp-json\/wp\/v2\/product_brand?post=1717"},{"taxonomy":"product_cat","embeddable":true,"href":"https:\/\/easyliferobo.com\/de\/wp-json\/wp\/v2\/product_cat?post=1717"},{"taxonomy":"product_tag","embeddable":true,"href":"https:\/\/easyliferobo.com\/de\/wp-json\/wp\/v2\/product_tag?post=1717"}],"curies":[{"name":"wp","href":"https:\/\/api.w.org\/{rel}","templated":true}]}}