
{"id":1709,"date":"2026-02-26T09:00:19","date_gmt":"2026-02-26T09:00:19","guid":{"rendered":"https:\/\/easyliferobo.com\/de\/product\/mmobiel-zeichenroboter-fuer-kinder-interaktives-lernspielzeug-mit-100-zeichenkarten-sprachfuehrung-12-buntstiften-usb-c-akku-kreatives-geschenk-fuer-kinder-von-3-9-jahren-rosa\/"},"modified":"2026-02-26T09:00:35","modified_gmt":"2026-02-26T09:00:35","slug":"mmobiel-zeichenroboter-fuer-kinder-interaktives-lernspielzeug-mit-100-zeichenkarten-sprachfuehrung-12-buntstiften-usb-c-akku-kreatives-geschenk-fuer-kinder-von-3-9-jahren-rosa","status":"publish","type":"product","link":"https:\/\/easyliferobo.com\/de\/product\/mmobiel-zeichenroboter-fuer-kinder-interaktives-lernspielzeug-mit-100-zeichenkarten-sprachfuehrung-12-buntstiften-usb-c-akku-kreatives-geschenk-fuer-kinder-von-3-9-jahren-rosa\/","title":{"rendered":"MMOBIEL Zeichenroboter f\u00fcr Kinder,..."},"content":{"rendered":"<p>    <span>Schritt-f\u00fcr-Schritt-Zeichenspa\u00df <\/span><br \/><span>Der Zeichenroboter f\u00fchrt Ihr Kind durch 100 Zeichenkarten mit Tieren, Fahrzeugen, Lebensmitteln und mehr. So wird das Lernen einfach und macht Spa\u00df. Keine Apps erforderlich. Kinder k\u00f6nnen den Zeichenroboter ganz einfach selbst bedienen: Einschalten, Stift einstecken, Zeichenkarte einlegen und Zeichentaste dr\u00fccken. Der Roboter gibt Schritt-f\u00fcr-Schritt-Anleitungen und spielt ein fr\u00f6hliches Lied \u2013 f\u00fcr stundenlanges kreatives Lernen und Spa\u00df. <\/span><br \/><span>F\u00f6rdern Sie Sprach- und Zeichenkenntnisse <\/span><br \/><span>Mit den Zeichenkarten entdecken Kinder 100 neue englische W\u00f6rter. Der Roboter spricht jedes Wort aus und begleitet es Schritt f\u00fcr Schritt durch den Zeichenprozess. Eine spielerische M\u00f6glichkeit f\u00fcr englischsprachige oder Englisch lernende Kinder, ihren Wortschatz und ihre Kreativit\u00e4t zu erweitern. <\/span><br \/><span>Ideales Geschenk f\u00fcr kreative Kinder <\/span><br \/><span>Der Zeichenroboter ist nicht nur niedlich, sondern soll durch interaktives Spielen auch die Hand-Auge-Koordination, Probleml\u00f6sungsf\u00e4higkeiten und Kreativit\u00e4t f\u00f6rdern. Helfen Sie Ihrem Kind, seine kreativen F\u00e4higkeiten mit diesem unterhaltsamen Lernbegleiter zu entwickeln. <\/span><br \/><span>Lieferumfang: <\/span><br \/><span>Zeichenroboter, 100 Zeichenkarten, 2 schwarze abwischbare Stifte, 1 abwischbarer Zeichenblock und eine Bedienungsanleitung. Ebenfalls enthalten ist ein Set mit 12 bunten Stiften. Der Roboter wird von einem wiederaufladbaren 2400-mAh-Akku mit USB-C-Anschluss angetrieben. Die Nutzungsdauer betr\u00e4gt bis zu 3 Stunden, die Ladezeit betr\u00e4gt ca. 1,5 Stunden. <\/span><br \/>SCHRITT F\u00dcR SCHRITT ZEICHENSPASS \u2013 Der Zeichenroboter f\u00fchrt Ihr Kind durch 100 Zeichenkarten mit Tieren, Fahrzeugen, Lebensmitteln und mehr. So wird das Lernen einfach und macht Spa\u00df.<br \/>Einfach zu bedienen \u2013 Keine Apps erforderlich. Kinder k\u00f6nnen den Zeichenroboter ganz einfach selbst bedienen: Einschalten, Stift einstecken, Zeichenkarte einlegen und Zeichentaste dr\u00fccken. Der Roboter gibt Schritt-f\u00fcr-Schritt-Anleitungen und spielt ein fr\u00f6hliches Lied \u2013 f\u00fcr stundenlanges kreatives Lernen und Spa\u00df.<br \/>Sprach- und Zeichenf\u00e4higkeiten f\u00f6rdern \u2013 Mit den Zeichenkarten entdecken Kinder 100 neue englische W\u00f6rter. Der Roboter spricht jedes Wort aus und begleitet es Schritt f\u00fcr Schritt durch den Zeichenprozess. Eine spielerische M\u00f6glichkeit f\u00fcr englischsprachige oder Englisch lernende Kinder, ihren Wortschatz und ihre Kreativit\u00e4t zu erweitern.<br \/>IDEALES GESCHENK F\u00dcR KREATIVE KINDER \u2013 Der Zeichenroboter ist nicht nur niedlich, sondern soll durch interaktives Spielen auch die Hand-Auge-Koordination, Probleml\u00f6sungsf\u00e4higkeiten und Kreativit\u00e4t f\u00f6rdern. Helfen Sie Ihrem Kind, seine kreativen F\u00e4higkeiten mit diesem unterhaltsamen Lernbegleiter zu entwickeln.<br \/>Im Lieferumfang enthalten: Zeichenroboter, 100 Zeichenkarten, 2 schwarze, abwischbare Stifte, 1 abwischbarer Zeichenblock und eine Bedienungsanleitung. Ebenfalls enthalten ist ein Set mit 12 bunten Stiften. Der Roboter wird von einem wiederaufladbaren 2400-mAh-Akku mit USB-C-Anschluss angetrieben. Die Nutzungsdauer betr\u00e4gt bis zu 3 Stunden, die Ladezeit betr\u00e4gt ca. 1,5 Stunden.<\/p>\n<p>[ad_2]<\/p>\n","protected":false},"excerpt":{"rendered":"<p>Schritt-f\u00fcr-Schritt-Zeichenspa\u00df Der Zeichenroboter f\u00fchrt Ihr Kind durch 100 Zeichenkarten mit Tieren, Fahrzeugen, Lebensmitteln und mehr. So wird das Lernen einfach und macht Spa\u00df. Keine Apps erforderlich. Kinder k\u00f6nnen den Zeichenroboter ganz einfach selbst bedienen: Einschalten, Stift einstecken, Zeichenkarte einlegen und Zeichentaste dr\u00fccken. Der Roboter gibt Schritt-f\u00fcr-Schritt-Anleitungen und spielt ein fr\u00f6hliches Lied \u2013 f\u00fcr stundenlanges kreatives [&hellip;]<\/p>\n","protected":false},"featured_media":1710,"comment_status":"open","ping_status":"closed","template":"","meta":{"_aipt_faq_data":""},"store":[],"product_brand":[],"product_cat":[88],"product_tag":[335],"class_list":{"0":"post-1709","1":"product","2":"type-product","3":"status-publish","4":"has-post-thumbnail","6":"product_cat-interaktive-spielzeugroboter","7":"product_tag-interaktive-spielzeugroboter-lernspielzeug","9":"first","10":"instock","11":"shipping-taxable","12":"product-type-external"},"yoast_head":"<!-- This site is optimized with the Yoast SEO plugin v27.0 - https:\/\/yoast.com\/product\/yoast-seo-wordpress\/ -->\n<title>MMOBIEL Zeichenroboter f\u00fcr Kinder, Interaktives Lernspielzeug mit 100 Zeichenkarten, Sprachf\u00fchrung, 12 Buntstiften &amp; USB-C-Akku, Kreatives Geschenk f\u00fcr Kinder von 3-9 Jahren, Rosa - EasyLifeBro<\/title>\n<meta name=\"description\" content=\"Entdecken Sie smarte Roboter f\u00fcr Zuhause, Garten, Bildung und Sicherheit. Vergleichen Sie Saugroboter, Rasenm\u00e4hroboter, KI-Begleitroboter und mehr bei EasyLifeRobo.\" \/>\n<meta name=\"robots\" content=\"index, follow, max-snippet:-1, max-image-preview:large, max-video-preview:-1\" \/>\n<link rel=\"canonical\" href=\"https:\/\/easyliferobo.com\/de\/product\/mmobiel-zeichenroboter-fuer-kinder-interaktives-lernspielzeug-mit-100-zeichenkarten-sprachfuehrung-12-buntstiften-usb-c-akku-kreatives-geschenk-fuer-kinder-von-3-9-jahren-rosa\/\" \/>\n<meta property=\"og:locale\" content=\"de_DE\" \/>\n<meta property=\"og:type\" content=\"article\" \/>\n<meta property=\"og:title\" content=\"MMOBIEL Zeichenroboter f\u00fcr Kinder, Interaktives Lernspielzeug mit 100 Zeichenkarten, Sprachf\u00fchrung, 12 Buntstiften &amp; USB-C-Akku, Kreatives Geschenk f\u00fcr Kinder von 3-9 Jahren, Rosa - EasyLifeBro\" \/>\n<meta property=\"og:description\" content=\"Entdecken Sie smarte Roboter f\u00fcr Zuhause, Garten, Bildung und Sicherheit. Vergleichen Sie Saugroboter, Rasenm\u00e4hroboter, KI-Begleitroboter und mehr bei EasyLifeRobo.\" \/>\n<meta property=\"og:url\" content=\"https:\/\/easyliferobo.com\/de\/product\/mmobiel-zeichenroboter-fuer-kinder-interaktives-lernspielzeug-mit-100-zeichenkarten-sprachfuehrung-12-buntstiften-usb-c-akku-kreatives-geschenk-fuer-kinder-von-3-9-jahren-rosa\/\" \/>\n<meta property=\"og:site_name\" content=\"EasyLifeBro\" \/>\n<meta property=\"article:modified_time\" content=\"2026-02-26T09:00:35+00:00\" \/>\n<meta name=\"twitter:card\" content=\"summary_large_image\" \/>\n<meta name=\"twitter:label1\" content=\"Gesch\u00e4tzte Lesezeit\" \/>\n\t<meta name=\"twitter:data1\" content=\"2\u00a0Minuten\" \/>\n<script type=\"application\/ld+json\" class=\"yoast-schema-graph\">{\"@context\":\"https:\/\/schema.org\",\"@graph\":[{\"@type\":\"WebPage\",\"@id\":\"https:\/\/easyliferobo.com\/de\/product\/mmobiel-zeichenroboter-fuer-kinder-interaktives-lernspielzeug-mit-100-zeichenkarten-sprachfuehrung-12-buntstiften-usb-c-akku-kreatives-geschenk-fuer-kinder-von-3-9-jahren-rosa\/\",\"url\":\"https:\/\/easyliferobo.com\/de\/product\/mmobiel-zeichenroboter-fuer-kinder-interaktives-lernspielzeug-mit-100-zeichenkarten-sprachfuehrung-12-buntstiften-usb-c-akku-kreatives-geschenk-fuer-kinder-von-3-9-jahren-rosa\/\",\"name\":\"MMOBIEL Zeichenroboter f\u00fcr Kinder, Interaktives Lernspielzeug mit 100 Zeichenkarten, Sprachf\u00fchrung, 12 Buntstiften & USB-C-Akku, Kreatives Geschenk f\u00fcr Kinder von 3-9 Jahren, Rosa - EasyLifeBro\",\"isPartOf\":{\"@id\":\"https:\/\/easyliferobo.com\/de\/#website\"},\"primaryImageOfPage\":{\"@id\":\"https:\/\/easyliferobo.com\/de\/product\/mmobiel-zeichenroboter-fuer-kinder-interaktives-lernspielzeug-mit-100-zeichenkarten-sprachfuehrung-12-buntstiften-usb-c-akku-kreatives-geschenk-fuer-kinder-von-3-9-jahren-rosa\/#primaryimage\"},\"image\":{\"@id\":\"https:\/\/easyliferobo.com\/de\/product\/mmobiel-zeichenroboter-fuer-kinder-interaktives-lernspielzeug-mit-100-zeichenkarten-sprachfuehrung-12-buntstiften-usb-c-akku-kreatives-geschenk-fuer-kinder-von-3-9-jahren-rosa\/#primaryimage\"},\"thumbnailUrl\":\"https:\/\/easyliferobo.com\/de\/wp-content\/uploads\/2026\/02\/71Ax0EPZMyL._AC_SL1500_.jpg\",\"datePublished\":\"2026-02-26T09:00:19+00:00\",\"dateModified\":\"2026-02-26T09:00:35+00:00\",\"description\":\"Entdecken Sie smarte Roboter f\u00fcr Zuhause, Garten, Bildung und Sicherheit. Vergleichen Sie Saugroboter, Rasenm\u00e4hroboter, KI-Begleitroboter und mehr bei EasyLifeRobo.\",\"breadcrumb\":{\"@id\":\"https:\/\/easyliferobo.com\/de\/product\/mmobiel-zeichenroboter-fuer-kinder-interaktives-lernspielzeug-mit-100-zeichenkarten-sprachfuehrung-12-buntstiften-usb-c-akku-kreatives-geschenk-fuer-kinder-von-3-9-jahren-rosa\/#breadcrumb\"},\"inLanguage\":\"de\",\"potentialAction\":[{\"@type\":\"ReadAction\",\"target\":[\"https:\/\/easyliferobo.com\/de\/product\/mmobiel-zeichenroboter-fuer-kinder-interaktives-lernspielzeug-mit-100-zeichenkarten-sprachfuehrung-12-buntstiften-usb-c-akku-kreatives-geschenk-fuer-kinder-von-3-9-jahren-rosa\/\"]}]},{\"@type\":\"ImageObject\",\"inLanguage\":\"de\",\"@id\":\"https:\/\/easyliferobo.com\/de\/product\/mmobiel-zeichenroboter-fuer-kinder-interaktives-lernspielzeug-mit-100-zeichenkarten-sprachfuehrung-12-buntstiften-usb-c-akku-kreatives-geschenk-fuer-kinder-von-3-9-jahren-rosa\/#primaryimage\",\"url\":\"https:\/\/easyliferobo.com\/de\/wp-content\/uploads\/2026\/02\/71Ax0EPZMyL._AC_SL1500_.jpg\",\"contentUrl\":\"https:\/\/easyliferobo.com\/de\/wp-content\/uploads\/2026\/02\/71Ax0EPZMyL._AC_SL1500_.jpg\",\"width\":1474,\"height\":1452},{\"@type\":\"BreadcrumbList\",\"@id\":\"https:\/\/easyliferobo.com\/de\/product\/mmobiel-zeichenroboter-fuer-kinder-interaktives-lernspielzeug-mit-100-zeichenkarten-sprachfuehrung-12-buntstiften-usb-c-akku-kreatives-geschenk-fuer-kinder-von-3-9-jahren-rosa\/#breadcrumb\",\"itemListElement\":[{\"@type\":\"ListItem\",\"position\":1,\"name\":\"Home\",\"item\":\"https:\/\/easyliferobo.com\/de\/\"},{\"@type\":\"ListItem\",\"position\":2,\"name\":\"Shop\",\"item\":\"https:\/\/easyliferobo.com\/de\/shop\/\"},{\"@type\":\"ListItem\",\"position\":3,\"name\":\"MMOBIEL Zeichenroboter f\u00fcr Kinder,...\"}]},{\"@type\":\"WebSite\",\"@id\":\"https:\/\/easyliferobo.com\/de\/#website\",\"url\":\"https:\/\/easyliferobo.com\/de\/\",\"name\":\"EasyLifeBro\",\"description\":\"Smarte Roboter f\u00fcr Zuhause, Garten &amp; Bildung\",\"publisher\":{\"@id\":\"https:\/\/easyliferobo.com\/de\/#organization\"},\"potentialAction\":[{\"@type\":\"SearchAction\",\"target\":{\"@type\":\"EntryPoint\",\"urlTemplate\":\"https:\/\/easyliferobo.com\/de\/?s={search_term_string}\"},\"query-input\":{\"@type\":\"PropertyValueSpecification\",\"valueRequired\":true,\"valueName\":\"search_term_string\"}}],\"inLanguage\":\"de\"},{\"@type\":\"Organization\",\"@id\":\"https:\/\/easyliferobo.com\/de\/#organization\",\"name\":\"EasyLifeBro\",\"url\":\"https:\/\/easyliferobo.com\/de\/\",\"logo\":{\"@type\":\"ImageObject\",\"inLanguage\":\"de\",\"@id\":\"https:\/\/easyliferobo.com\/de\/#\/schema\/logo\/image\/\",\"url\":\"https:\/\/easyliferobo.com\/de\/wp-content\/uploads\/2026\/02\/Screenshot-2026-02-22-at-2.25.03-PM.png\",\"contentUrl\":\"https:\/\/easyliferobo.com\/de\/wp-content\/uploads\/2026\/02\/Screenshot-2026-02-22-at-2.25.03-PM.png\",\"width\":1858,\"height\":430,\"caption\":\"EasyLifeBro\"},\"image\":{\"@id\":\"https:\/\/easyliferobo.com\/de\/#\/schema\/logo\/image\/\"}}]}<\/script>\n<!-- \/ Yoast SEO plugin. -->","yoast_head_json":{"title":"MMOBIEL Zeichenroboter f\u00fcr Kinder, Interaktives Lernspielzeug mit 100 Zeichenkarten, Sprachf\u00fchrung, 12 Buntstiften & USB-C-Akku, Kreatives Geschenk f\u00fcr Kinder von 3-9 Jahren, Rosa - EasyLifeBro","description":"Entdecken Sie smarte Roboter f\u00fcr Zuhause, Garten, Bildung und Sicherheit. Vergleichen Sie Saugroboter, Rasenm\u00e4hroboter, KI-Begleitroboter und mehr bei EasyLifeRobo.","robots":{"index":"index","follow":"follow","max-snippet":"max-snippet:-1","max-image-preview":"max-image-preview:large","max-video-preview":"max-video-preview:-1"},"canonical":"https:\/\/easyliferobo.com\/de\/product\/mmobiel-zeichenroboter-fuer-kinder-interaktives-lernspielzeug-mit-100-zeichenkarten-sprachfuehrung-12-buntstiften-usb-c-akku-kreatives-geschenk-fuer-kinder-von-3-9-jahren-rosa\/","og_locale":"de_DE","og_type":"article","og_title":"MMOBIEL Zeichenroboter f\u00fcr Kinder, Interaktives Lernspielzeug mit 100 Zeichenkarten, Sprachf\u00fchrung, 12 Buntstiften & USB-C-Akku, Kreatives Geschenk f\u00fcr Kinder von 3-9 Jahren, Rosa - EasyLifeBro","og_description":"Entdecken Sie smarte Roboter f\u00fcr Zuhause, Garten, Bildung und Sicherheit. Vergleichen Sie Saugroboter, Rasenm\u00e4hroboter, KI-Begleitroboter und mehr bei EasyLifeRobo.","og_url":"https:\/\/easyliferobo.com\/de\/product\/mmobiel-zeichenroboter-fuer-kinder-interaktives-lernspielzeug-mit-100-zeichenkarten-sprachfuehrung-12-buntstiften-usb-c-akku-kreatives-geschenk-fuer-kinder-von-3-9-jahren-rosa\/","og_site_name":"EasyLifeBro","article_modified_time":"2026-02-26T09:00:35+00:00","twitter_card":"summary_large_image","twitter_misc":{"Gesch\u00e4tzte Lesezeit":"2\u00a0Minuten"},"schema":{"@context":"https:\/\/schema.org","@graph":[{"@type":"WebPage","@id":"https:\/\/easyliferobo.com\/de\/product\/mmobiel-zeichenroboter-fuer-kinder-interaktives-lernspielzeug-mit-100-zeichenkarten-sprachfuehrung-12-buntstiften-usb-c-akku-kreatives-geschenk-fuer-kinder-von-3-9-jahren-rosa\/","url":"https:\/\/easyliferobo.com\/de\/product\/mmobiel-zeichenroboter-fuer-kinder-interaktives-lernspielzeug-mit-100-zeichenkarten-sprachfuehrung-12-buntstiften-usb-c-akku-kreatives-geschenk-fuer-kinder-von-3-9-jahren-rosa\/","name":"MMOBIEL Zeichenroboter f\u00fcr Kinder, Interaktives Lernspielzeug mit 100 Zeichenkarten, Sprachf\u00fchrung, 12 Buntstiften & USB-C-Akku, Kreatives Geschenk f\u00fcr Kinder von 3-9 Jahren, Rosa - EasyLifeBro","isPartOf":{"@id":"https:\/\/easyliferobo.com\/de\/#website"},"primaryImageOfPage":{"@id":"https:\/\/easyliferobo.com\/de\/product\/mmobiel-zeichenroboter-fuer-kinder-interaktives-lernspielzeug-mit-100-zeichenkarten-sprachfuehrung-12-buntstiften-usb-c-akku-kreatives-geschenk-fuer-kinder-von-3-9-jahren-rosa\/#primaryimage"},"image":{"@id":"https:\/\/easyliferobo.com\/de\/product\/mmobiel-zeichenroboter-fuer-kinder-interaktives-lernspielzeug-mit-100-zeichenkarten-sprachfuehrung-12-buntstiften-usb-c-akku-kreatives-geschenk-fuer-kinder-von-3-9-jahren-rosa\/#primaryimage"},"thumbnailUrl":"https:\/\/easyliferobo.com\/de\/wp-content\/uploads\/2026\/02\/71Ax0EPZMyL._AC_SL1500_.jpg","datePublished":"2026-02-26T09:00:19+00:00","dateModified":"2026-02-26T09:00:35+00:00","description":"Entdecken Sie smarte Roboter f\u00fcr Zuhause, Garten, Bildung und Sicherheit. Vergleichen Sie Saugroboter, Rasenm\u00e4hroboter, KI-Begleitroboter und mehr bei EasyLifeRobo.","breadcrumb":{"@id":"https:\/\/easyliferobo.com\/de\/product\/mmobiel-zeichenroboter-fuer-kinder-interaktives-lernspielzeug-mit-100-zeichenkarten-sprachfuehrung-12-buntstiften-usb-c-akku-kreatives-geschenk-fuer-kinder-von-3-9-jahren-rosa\/#breadcrumb"},"inLanguage":"de","potentialAction":[{"@type":"ReadAction","target":["https:\/\/easyliferobo.com\/de\/product\/mmobiel-zeichenroboter-fuer-kinder-interaktives-lernspielzeug-mit-100-zeichenkarten-sprachfuehrung-12-buntstiften-usb-c-akku-kreatives-geschenk-fuer-kinder-von-3-9-jahren-rosa\/"]}]},{"@type":"ImageObject","inLanguage":"de","@id":"https:\/\/easyliferobo.com\/de\/product\/mmobiel-zeichenroboter-fuer-kinder-interaktives-lernspielzeug-mit-100-zeichenkarten-sprachfuehrung-12-buntstiften-usb-c-akku-kreatives-geschenk-fuer-kinder-von-3-9-jahren-rosa\/#primaryimage","url":"https:\/\/easyliferobo.com\/de\/wp-content\/uploads\/2026\/02\/71Ax0EPZMyL._AC_SL1500_.jpg","contentUrl":"https:\/\/easyliferobo.com\/de\/wp-content\/uploads\/2026\/02\/71Ax0EPZMyL._AC_SL1500_.jpg","width":1474,"height":1452},{"@type":"BreadcrumbList","@id":"https:\/\/easyliferobo.com\/de\/product\/mmobiel-zeichenroboter-fuer-kinder-interaktives-lernspielzeug-mit-100-zeichenkarten-sprachfuehrung-12-buntstiften-usb-c-akku-kreatives-geschenk-fuer-kinder-von-3-9-jahren-rosa\/#breadcrumb","itemListElement":[{"@type":"ListItem","position":1,"name":"Home","item":"https:\/\/easyliferobo.com\/de\/"},{"@type":"ListItem","position":2,"name":"Shop","item":"https:\/\/easyliferobo.com\/de\/shop\/"},{"@type":"ListItem","position":3,"name":"MMOBIEL Zeichenroboter f\u00fcr Kinder,..."}]},{"@type":"WebSite","@id":"https:\/\/easyliferobo.com\/de\/#website","url":"https:\/\/easyliferobo.com\/de\/","name":"EasyLifeBro","description":"Smarte Roboter f\u00fcr Zuhause, Garten &amp; Bildung","publisher":{"@id":"https:\/\/easyliferobo.com\/de\/#organization"},"potentialAction":[{"@type":"SearchAction","target":{"@type":"EntryPoint","urlTemplate":"https:\/\/easyliferobo.com\/de\/?s={search_term_string}"},"query-input":{"@type":"PropertyValueSpecification","valueRequired":true,"valueName":"search_term_string"}}],"inLanguage":"de"},{"@type":"Organization","@id":"https:\/\/easyliferobo.com\/de\/#organization","name":"EasyLifeBro","url":"https:\/\/easyliferobo.com\/de\/","logo":{"@type":"ImageObject","inLanguage":"de","@id":"https:\/\/easyliferobo.com\/de\/#\/schema\/logo\/image\/","url":"https:\/\/easyliferobo.com\/de\/wp-content\/uploads\/2026\/02\/Screenshot-2026-02-22-at-2.25.03-PM.png","contentUrl":"https:\/\/easyliferobo.com\/de\/wp-content\/uploads\/2026\/02\/Screenshot-2026-02-22-at-2.25.03-PM.png","width":1858,"height":430,"caption":"EasyLifeBro"},"image":{"@id":"https:\/\/easyliferobo.com\/de\/#\/schema\/logo\/image\/"}}]}},"_links":{"self":[{"href":"https:\/\/easyliferobo.com\/de\/wp-json\/wp\/v2\/product\/1709","targetHints":{"allow":["GET"]}}],"collection":[{"href":"https:\/\/easyliferobo.com\/de\/wp-json\/wp\/v2\/product"}],"about":[{"href":"https:\/\/easyliferobo.com\/de\/wp-json\/wp\/v2\/types\/product"}],"replies":[{"embeddable":true,"href":"https:\/\/easyliferobo.com\/de\/wp-json\/wp\/v2\/comments?post=1709"}],"wp:featuredmedia":[{"embeddable":true,"href":"https:\/\/easyliferobo.com\/de\/wp-json\/wp\/v2\/media\/1710"}],"wp:attachment":[{"href":"https:\/\/easyliferobo.com\/de\/wp-json\/wp\/v2\/media?parent=1709"}],"wp:term":[{"taxonomy":"store","embeddable":true,"href":"https:\/\/easyliferobo.com\/de\/wp-json\/wp\/v2\/store?post=1709"},{"taxonomy":"product_brand","embeddable":true,"href":"https:\/\/easyliferobo.com\/de\/wp-json\/wp\/v2\/product_brand?post=1709"},{"taxonomy":"product_cat","embeddable":true,"href":"https:\/\/easyliferobo.com\/de\/wp-json\/wp\/v2\/product_cat?post=1709"},{"taxonomy":"product_tag","embeddable":true,"href":"https:\/\/easyliferobo.com\/de\/wp-json\/wp\/v2\/product_tag?post=1709"}],"curies":[{"name":"wp","href":"https:\/\/api.w.org\/{rel}","templated":true}]}}