
{"id":1687,"date":"2026-02-24T07:37:44","date_gmt":"2026-02-24T07:37:44","guid":{"rendered":"https:\/\/easyliferobo.com\/de\/product\/60-magnetische-bausteine-kinderspielzeug-stem-magnetbloecke-sensorisches-spielzeug-kinderspiele-magnetisches-bauspielzeug-fuer-jungen-und-maedchen-ab-3-jahren-vorschul-kindergarten-und-kleink\/"},"modified":"2026-02-24T07:37:55","modified_gmt":"2026-02-24T07:37:55","slug":"60-magnetische-bausteine-kinderspielzeug-stem-magnetbloecke-sensorisches-spielzeug-kinderspiele-magnetisches-bauspielzeug-fuer-jungen-und-maedchen-ab-3-jahren-vorschul-kindergarten-und-kleink","status":"publish","type":"product","link":"https:\/\/easyliferobo.com\/de\/product\/60-magnetische-bausteine-kinderspielzeug-stem-magnetbloecke-sensorisches-spielzeug-kinderspiele-magnetisches-bauspielzeug-fuer-jungen-und-maedchen-ab-3-jahren-vorschul-kindergarten-und-kleink\/","title":{"rendered":"60 magnetische Bausteine, Kinderspi..."},"content":{"rendered":"<p>\n                                             Von der Marke   <\/p>\n<p>                                              <img decoding=\"async\" alt=\"Buntes Klassenzimmer-Banner mit der Aufschrift \u201eZur\u00fcck zur Schule\u201c. Text mit Bildern im Cartoon-Stil von Bildungsmaterialien und einer strahlenden Sonne vor einem blauen Himmelshintergrund.\" src=\"https:\/\/images-na.ssl-images-amazon.com\/images\/G\/01\/x-locale\/common\/grey-pixel.gif\" class=\"a-lazy-loaded\" data-src=\"https:\/\/m.media-amazon.com\/images\/S\/aplus-media-library-service-media\/8587138e-1e07-470f-8843-228889d66379.__CR0,0,1464,625_PT0_SX1464_V1___.jpg\"><img decoding=\"async\" alt=\"Buntes Klassenzimmer-Banner mit der Aufschrift \u201eZur\u00fcck zur Schule\u201c. Text mit Bildern im Cartoon-Stil von Bildungsmaterialien und einer strahlenden Sonne vor einem blauen Himmelshintergrund.\" src=\"https:\/\/m.media-amazon.com\/images\/S\/aplus-media-library-service-media\/8587138e-1e07-470f-8843-228889d66379.__CR0,0,1464,625_PT0_SX1464_V1___.jpg\">  <\/p>\n<h3>  Coodoo magnetische Fliesen <\/h3>\n<h3>  Coodoo magnetische Fliesen <\/h3>\n<h3>  magnetische Bl\u00f6cke <\/h3>\n<h3>  Coodoo magnetische Fliesen <\/h3>\n<p>                                              <img decoding=\"async\" alt=\"Spielzeug\" src=\"https:\/\/images-na.ssl-images-amazon.com\/images\/G\/01\/x-locale\/common\/grey-pixel.gif\" class=\"a-lazy-loaded\" data-src=\"https:\/\/m.media-amazon.com\/images\/S\/aplus-media-library-service-media\/ed81784d-7b7a-46b5-af06-c9b3e996298e.__CR0,0,362,453_PT0_SX362_V1___.jpg\"><img decoding=\"async\" alt=\"Spielzeug\" src=\"https:\/\/m.media-amazon.com\/images\/S\/aplus-media-library-service-media\/ed81784d-7b7a-46b5-af06-c9b3e996298e.__CR0,0,362,453_PT0_SX362_V1___.jpg\">  <\/p>\n<p>                                              <img decoding=\"async\" alt=\"P\u00e4dagogische Alphabet-Spielzeuge: Holztablett mit Buchstaben, Sch\u00fcssel mit bunten Buchstabenpl\u00e4ttchen auf Reis. Der Schwerpunkt liegt auf der fr\u00fchen Alphabetisierung und dem sensorischen Spiel.\" src=\"https:\/\/images-na.ssl-images-amazon.com\/images\/G\/01\/x-locale\/common\/grey-pixel.gif\" class=\"a-lazy-loaded\" data-src=\"https:\/\/m.media-amazon.com\/images\/S\/aplus-media-library-service-media\/8f5c4097-c62d-479a-b8f6-6199d33b25f6.__CR0,0,362,453_PT0_SX362_V1___.jpg\"><img decoding=\"async\" alt=\"P\u00e4dagogische Alphabetspielzeuge: Holztablett mit Buchstaben, Sch\u00fcssel mit bunten Buchstabenpl\u00e4ttchen auf Reis. Der Schwerpunkt liegt auf der fr\u00fchen Alphabetisierung und dem sensorischen Spiel.\" src=\"https:\/\/m.media-amazon.com\/images\/S\/aplus-media-library-service-media\/8f5c4097-c62d-479a-b8f6-6199d33b25f6.__CR0,0,362,453_PT0_SX362_V1___.jpg\">  <\/p>\n<p>                                              <img decoding=\"async\" alt=\"Kinderspielzimmer mit organisierten Regalen mit B\u00fcchern, Spielzeug und Lernmaterialien. Bunte geometrische Formen und eine Fotogirlande schm\u00fccken den Raum.\" src=\"https:\/\/images-na.ssl-images-amazon.com\/images\/G\/01\/x-locale\/common\/grey-pixel.gif\" class=\"a-lazy-loaded\" data-src=\"https:\/\/m.media-amazon.com\/images\/S\/aplus-media-library-service-media\/f07d1eed-5d75-43b5-8cf6-e24bf0d2ee9b.__CR0,0,362,453_PT0_SX362_V1___.jpg\"><img decoding=\"async\" alt=\"Kinderspielzimmer mit organisierten Regalen mit B\u00fcchern, Spielzeug und Lernmaterialien. Bunte geometrische Formen und eine Fotogirlande schm\u00fccken den Raum.\" src=\"https:\/\/m.media-amazon.com\/images\/S\/aplus-media-library-service-media\/f07d1eed-5d75-43b5-8cf6-e24bf0d2ee9b.__CR0,0,362,453_PT0_SX362_V1___.jpg\">  <\/p>\n<p>                                              <img decoding=\"async\" alt=\"Bunte geometrische Formen und Bl\u00f6cke verstreut auf einer wei\u00dfen Oberfl\u00e4che. Zu sehen ist eine Hand, die dreieckige St\u00fccke zu einer gr\u00f6\u00dferen Dreiecksform anordnet.\" src=\"https:\/\/images-na.ssl-images-amazon.com\/images\/G\/01\/x-locale\/common\/grey-pixel.gif\" class=\"a-lazy-loaded\" data-src=\"https:\/\/m.media-amazon.com\/images\/S\/aplus-media-library-service-media\/f2e421fb-98a0-48a0-af5b-d5a706d0e762.__CR0,0,362,453_PT0_SX362_V1___.jpg\"><img decoding=\"async\" alt=\"Bunte geometrische Formen und Bl\u00f6cke verstreut auf einer wei\u00dfen Oberfl\u00e4che. Zu sehen ist eine Hand, die dreieckige St\u00fccke zu einer gr\u00f6\u00dferen Dreiecksform anordnet.\" src=\"https:\/\/m.media-amazon.com\/images\/S\/aplus-media-library-service-media\/f2e421fb-98a0-48a0-af5b-d5a706d0e762.__CR0,0,362,453_PT0_SX362_V1___.jpg\">  <\/p>\n<p>Superg\u00fcnstiges Upgrade-Set: Neu aufgewertete 3D-Bl\u00f6cke von Coodoo Tiles f\u00f6rdern und stimulieren die Kreativit\u00e4t der Kinder. Das Set enth\u00e4lt 60 St\u00fcck Regenbogensteine \u200b\u200bin verschiedenen Formen, einzigartig sind die 6 Balkone und 2 Markisenteile, die \u00fcber die hohlen quadratischen Fliesen passen, perfekt f\u00fcr den Bau von Burgen, Villen, Imbisswagen oder wo auch immer die Fantasie hinf\u00fchrt. Eine unterhaltsame neue Option in der Welt des Legespiels!<br \/>SICHER UND PRAKTISCH Magnetische Bauspielzeuge bestehen aus hochwertigem Kunststoff f\u00fcr Langlebigkeit und Widerstandsf\u00e4higkeit, sodass Kinder stundenlang ununterbrochen spielen und bauen k\u00f6nnen. Dar\u00fcber hinaus wird das Set mit einer praktischen Aufbewahrungstasche geliefert, die die Organisation und den Transport erleichtert, egal ob Sie die Fliesen ins Freie oder in einen anderen Raum mitnehmen.<br \/>MINT-Montessori- und Sinnesspielzeug: Coodoo-Magnetpl\u00e4ttchen sind in verschiedenen Farben und Formen erh\u00e4ltlich, was sie zu einem unterhaltsamen und ansprechenden MINT-Spielzeug f\u00fcr Kinder macht. Das Bauen mit magnetischen Fliesen hilft nicht nur bei der Hand-Auge-Koordination, sondern verbessert auch die kognitive und sensorische Entwicklung, sodass Kinder ihre inneren Architekten entfesseln und einzigartige Strukturen schaffen k\u00f6nnen.<br \/>Tolle Zappelei f\u00fcr das Klassenzimmer: Coodoo-Magnetfliesen sind das perfekte Werkzeug zum Bauen, Gestalten und Lernen. Ein Muss f\u00fcr jedes Vorschul- oder Kindergartenklassenzimmer. Lehrer und Eltern lieben diese Fliesen, da sie kleine H\u00e4nde besch\u00e4ftigen und die motorischen F\u00e4higkeiten verbessern. Sie eignen sich auch hervorragend als Zappelspielzeug f\u00fcr Klassenzimmer und bieten Kindern ein reichhaltiges taktiles und sensorisches Erlebnis.<br \/>Ideal als Geschenk: Perfektes Geschenk f\u00fcr Kinder zu besonderen Anl\u00e4ssen wie Geburtstagen, Weihnachten und Abschlussfeiern \u2013 dieses Geschenk kommt bei Kindern jeden Alters sicher gut an. Warum also warten? Schenken Sie Ihren Kindern noch heute Bildung und Unterhaltung mit unseren Magnetfliesen<\/p>\n<p>[ad_2]<\/p>\n","protected":false},"excerpt":{"rendered":"<p>Von der Marke Coodoo magnetische Fliesen Coodoo magnetische Fliesen magnetische Bl\u00f6cke Coodoo magnetische Fliesen Superg\u00fcnstiges Upgrade-Set: Neu aufgewertete 3D-Bl\u00f6cke von Coodoo Tiles f\u00f6rdern und stimulieren die Kreativit\u00e4t der Kinder. Das Set enth\u00e4lt 60 St\u00fcck Regenbogensteine \u200b\u200bin verschiedenen Formen, einzigartig sind die 6 Balkone und 2 Markisenteile, die \u00fcber die hohlen quadratischen Fliesen passen, perfekt f\u00fcr [&hellip;]<\/p>\n","protected":false},"featured_media":1688,"comment_status":"open","ping_status":"closed","template":"","meta":{"_aipt_faq_data":""},"store":[],"product_brand":[332],"product_cat":[91],"product_tag":[331],"class_list":{"0":"post-1687","1":"product","2":"type-product","3":"status-publish","4":"has-post-thumbnail","6":"product_brand-coodoo","7":"product_cat-programmierbares-spielzeug","8":"product_tag-programmierbares-spielzeug-lernspielzeug","10":"first","11":"instock","12":"sale","13":"shipping-taxable","14":"product-type-external"},"yoast_head":"<!-- This site is optimized with the Yoast SEO plugin v27.0 - https:\/\/yoast.com\/product\/yoast-seo-wordpress\/ -->\n<title>60 magnetische Bausteine, Kinderspielzeug, STEM-Magnetbl\u00f6cke, sensorisches Spielzeug, Kinderspiele, magnetisches Bauspielzeug f\u00fcr Jungen und M\u00e4dchen ab 3 Jahren, Vorschul-, Kindergarten- und Kleinkindspielzeug - EasyLifeBro<\/title>\n<meta name=\"description\" content=\"Entdecken Sie smarte Roboter f\u00fcr Zuhause, Garten, Bildung und Sicherheit. Vergleichen Sie Saugroboter, Rasenm\u00e4hroboter, KI-Begleitroboter und mehr bei EasyLifeRobo.\" \/>\n<meta name=\"robots\" content=\"index, follow, max-snippet:-1, max-image-preview:large, max-video-preview:-1\" \/>\n<link rel=\"canonical\" href=\"https:\/\/easyliferobo.com\/de\/product\/60-magnetische-bausteine-kinderspielzeug-stem-magnetbloecke-sensorisches-spielzeug-kinderspiele-magnetisches-bauspielzeug-fuer-jungen-und-maedchen-ab-3-jahren-vorschul-kindergarten-und-kleink\/\" \/>\n<meta property=\"og:locale\" content=\"de_DE\" \/>\n<meta property=\"og:type\" content=\"article\" \/>\n<meta property=\"og:title\" content=\"60 magnetische Bausteine, Kinderspielzeug, STEM-Magnetbl\u00f6cke, sensorisches Spielzeug, Kinderspiele, magnetisches Bauspielzeug f\u00fcr Jungen und M\u00e4dchen ab 3 Jahren, Vorschul-, Kindergarten- und Kleinkindspielzeug - EasyLifeBro\" \/>\n<meta property=\"og:description\" content=\"Entdecken Sie smarte Roboter f\u00fcr Zuhause, Garten, Bildung und Sicherheit. Vergleichen Sie Saugroboter, Rasenm\u00e4hroboter, KI-Begleitroboter und mehr bei EasyLifeRobo.\" \/>\n<meta property=\"og:url\" content=\"https:\/\/easyliferobo.com\/de\/product\/60-magnetische-bausteine-kinderspielzeug-stem-magnetbloecke-sensorisches-spielzeug-kinderspiele-magnetisches-bauspielzeug-fuer-jungen-und-maedchen-ab-3-jahren-vorschul-kindergarten-und-kleink\/\" \/>\n<meta property=\"og:site_name\" content=\"EasyLifeBro\" \/>\n<meta property=\"article:modified_time\" content=\"2026-02-24T07:37:55+00:00\" \/>\n<meta property=\"og:image\" content=\"https:\/\/images-na.ssl-images-amazon.com\/images\/G\/01\/x-locale\/common\/grey-pixel.gif\" \/>\n<meta name=\"twitter:card\" content=\"summary_large_image\" \/>\n<meta name=\"twitter:label1\" content=\"Gesch\u00e4tzte Lesezeit\" \/>\n\t<meta name=\"twitter:data1\" content=\"1\u00a0Minute\" \/>\n<script type=\"application\/ld+json\" class=\"yoast-schema-graph\">{\"@context\":\"https:\/\/schema.org\",\"@graph\":[{\"@type\":\"WebPage\",\"@id\":\"https:\/\/easyliferobo.com\/de\/product\/60-magnetische-bausteine-kinderspielzeug-stem-magnetbloecke-sensorisches-spielzeug-kinderspiele-magnetisches-bauspielzeug-fuer-jungen-und-maedchen-ab-3-jahren-vorschul-kindergarten-und-kleink\/\",\"url\":\"https:\/\/easyliferobo.com\/de\/product\/60-magnetische-bausteine-kinderspielzeug-stem-magnetbloecke-sensorisches-spielzeug-kinderspiele-magnetisches-bauspielzeug-fuer-jungen-und-maedchen-ab-3-jahren-vorschul-kindergarten-und-kleink\/\",\"name\":\"60 magnetische Bausteine, Kinderspielzeug, STEM-Magnetbl\u00f6cke, sensorisches Spielzeug, Kinderspiele, magnetisches Bauspielzeug f\u00fcr Jungen und M\u00e4dchen ab 3 Jahren, Vorschul-, Kindergarten- und Kleinkindspielzeug - EasyLifeBro\",\"isPartOf\":{\"@id\":\"https:\/\/easyliferobo.com\/de\/#website\"},\"primaryImageOfPage\":{\"@id\":\"https:\/\/easyliferobo.com\/de\/product\/60-magnetische-bausteine-kinderspielzeug-stem-magnetbloecke-sensorisches-spielzeug-kinderspiele-magnetisches-bauspielzeug-fuer-jungen-und-maedchen-ab-3-jahren-vorschul-kindergarten-und-kleink\/#primaryimage\"},\"image\":{\"@id\":\"https:\/\/easyliferobo.com\/de\/product\/60-magnetische-bausteine-kinderspielzeug-stem-magnetbloecke-sensorisches-spielzeug-kinderspiele-magnetisches-bauspielzeug-fuer-jungen-und-maedchen-ab-3-jahren-vorschul-kindergarten-und-kleink\/#primaryimage\"},\"thumbnailUrl\":\"https:\/\/easyliferobo.com\/de\/wp-content\/uploads\/2026\/02\/816Hrbr6aTL._AC_SL1500_.jpg\",\"datePublished\":\"2026-02-24T07:37:44+00:00\",\"dateModified\":\"2026-02-24T07:37:55+00:00\",\"description\":\"Entdecken Sie smarte Roboter f\u00fcr Zuhause, Garten, Bildung und Sicherheit. Vergleichen Sie Saugroboter, Rasenm\u00e4hroboter, KI-Begleitroboter und mehr bei EasyLifeRobo.\",\"breadcrumb\":{\"@id\":\"https:\/\/easyliferobo.com\/de\/product\/60-magnetische-bausteine-kinderspielzeug-stem-magnetbloecke-sensorisches-spielzeug-kinderspiele-magnetisches-bauspielzeug-fuer-jungen-und-maedchen-ab-3-jahren-vorschul-kindergarten-und-kleink\/#breadcrumb\"},\"inLanguage\":\"de\",\"potentialAction\":[{\"@type\":\"ReadAction\",\"target\":[\"https:\/\/easyliferobo.com\/de\/product\/60-magnetische-bausteine-kinderspielzeug-stem-magnetbloecke-sensorisches-spielzeug-kinderspiele-magnetisches-bauspielzeug-fuer-jungen-und-maedchen-ab-3-jahren-vorschul-kindergarten-und-kleink\/\"]}]},{\"@type\":\"ImageObject\",\"inLanguage\":\"de\",\"@id\":\"https:\/\/easyliferobo.com\/de\/product\/60-magnetische-bausteine-kinderspielzeug-stem-magnetbloecke-sensorisches-spielzeug-kinderspiele-magnetisches-bauspielzeug-fuer-jungen-und-maedchen-ab-3-jahren-vorschul-kindergarten-und-kleink\/#primaryimage\",\"url\":\"https:\/\/easyliferobo.com\/de\/wp-content\/uploads\/2026\/02\/816Hrbr6aTL._AC_SL1500_.jpg\",\"contentUrl\":\"https:\/\/easyliferobo.com\/de\/wp-content\/uploads\/2026\/02\/816Hrbr6aTL._AC_SL1500_.jpg\",\"width\":1423,\"height\":1500},{\"@type\":\"BreadcrumbList\",\"@id\":\"https:\/\/easyliferobo.com\/de\/product\/60-magnetische-bausteine-kinderspielzeug-stem-magnetbloecke-sensorisches-spielzeug-kinderspiele-magnetisches-bauspielzeug-fuer-jungen-und-maedchen-ab-3-jahren-vorschul-kindergarten-und-kleink\/#breadcrumb\",\"itemListElement\":[{\"@type\":\"ListItem\",\"position\":1,\"name\":\"Home\",\"item\":\"https:\/\/easyliferobo.com\/de\/\"},{\"@type\":\"ListItem\",\"position\":2,\"name\":\"Shop\",\"item\":\"https:\/\/easyliferobo.com\/de\/shop\/\"},{\"@type\":\"ListItem\",\"position\":3,\"name\":\"60 magnetische Bausteine, Kinderspi...\"}]},{\"@type\":\"WebSite\",\"@id\":\"https:\/\/easyliferobo.com\/de\/#website\",\"url\":\"https:\/\/easyliferobo.com\/de\/\",\"name\":\"EasyLifeBro\",\"description\":\"Smarte Roboter f\u00fcr Zuhause, Garten &amp; Bildung\",\"publisher\":{\"@id\":\"https:\/\/easyliferobo.com\/de\/#organization\"},\"potentialAction\":[{\"@type\":\"SearchAction\",\"target\":{\"@type\":\"EntryPoint\",\"urlTemplate\":\"https:\/\/easyliferobo.com\/de\/?s={search_term_string}\"},\"query-input\":{\"@type\":\"PropertyValueSpecification\",\"valueRequired\":true,\"valueName\":\"search_term_string\"}}],\"inLanguage\":\"de\"},{\"@type\":\"Organization\",\"@id\":\"https:\/\/easyliferobo.com\/de\/#organization\",\"name\":\"EasyLifeBro\",\"url\":\"https:\/\/easyliferobo.com\/de\/\",\"logo\":{\"@type\":\"ImageObject\",\"inLanguage\":\"de\",\"@id\":\"https:\/\/easyliferobo.com\/de\/#\/schema\/logo\/image\/\",\"url\":\"https:\/\/easyliferobo.com\/de\/wp-content\/uploads\/2026\/02\/Screenshot-2026-02-22-at-2.25.03-PM.png\",\"contentUrl\":\"https:\/\/easyliferobo.com\/de\/wp-content\/uploads\/2026\/02\/Screenshot-2026-02-22-at-2.25.03-PM.png\",\"width\":1858,\"height\":430,\"caption\":\"EasyLifeBro\"},\"image\":{\"@id\":\"https:\/\/easyliferobo.com\/de\/#\/schema\/logo\/image\/\"}}]}<\/script>\n<!-- \/ Yoast SEO plugin. -->","yoast_head_json":{"title":"60 magnetische Bausteine, Kinderspielzeug, STEM-Magnetbl\u00f6cke, sensorisches Spielzeug, Kinderspiele, magnetisches Bauspielzeug f\u00fcr Jungen und M\u00e4dchen ab 3 Jahren, Vorschul-, Kindergarten- und Kleinkindspielzeug - EasyLifeBro","description":"Entdecken Sie smarte Roboter f\u00fcr Zuhause, Garten, Bildung und Sicherheit. Vergleichen Sie Saugroboter, Rasenm\u00e4hroboter, KI-Begleitroboter und mehr bei EasyLifeRobo.","robots":{"index":"index","follow":"follow","max-snippet":"max-snippet:-1","max-image-preview":"max-image-preview:large","max-video-preview":"max-video-preview:-1"},"canonical":"https:\/\/easyliferobo.com\/de\/product\/60-magnetische-bausteine-kinderspielzeug-stem-magnetbloecke-sensorisches-spielzeug-kinderspiele-magnetisches-bauspielzeug-fuer-jungen-und-maedchen-ab-3-jahren-vorschul-kindergarten-und-kleink\/","og_locale":"de_DE","og_type":"article","og_title":"60 magnetische Bausteine, Kinderspielzeug, STEM-Magnetbl\u00f6cke, sensorisches Spielzeug, Kinderspiele, magnetisches Bauspielzeug f\u00fcr Jungen und M\u00e4dchen ab 3 Jahren, Vorschul-, Kindergarten- und Kleinkindspielzeug - EasyLifeBro","og_description":"Entdecken Sie smarte Roboter f\u00fcr Zuhause, Garten, Bildung und Sicherheit. Vergleichen Sie Saugroboter, Rasenm\u00e4hroboter, KI-Begleitroboter und mehr bei EasyLifeRobo.","og_url":"https:\/\/easyliferobo.com\/de\/product\/60-magnetische-bausteine-kinderspielzeug-stem-magnetbloecke-sensorisches-spielzeug-kinderspiele-magnetisches-bauspielzeug-fuer-jungen-und-maedchen-ab-3-jahren-vorschul-kindergarten-und-kleink\/","og_site_name":"EasyLifeBro","article_modified_time":"2026-02-24T07:37:55+00:00","og_image":[{"url":"https:\/\/images-na.ssl-images-amazon.com\/images\/G\/01\/x-locale\/common\/grey-pixel.gif","type":"","width":"","height":""}],"twitter_card":"summary_large_image","twitter_misc":{"Gesch\u00e4tzte Lesezeit":"1\u00a0Minute"},"schema":{"@context":"https:\/\/schema.org","@graph":[{"@type":"WebPage","@id":"https:\/\/easyliferobo.com\/de\/product\/60-magnetische-bausteine-kinderspielzeug-stem-magnetbloecke-sensorisches-spielzeug-kinderspiele-magnetisches-bauspielzeug-fuer-jungen-und-maedchen-ab-3-jahren-vorschul-kindergarten-und-kleink\/","url":"https:\/\/easyliferobo.com\/de\/product\/60-magnetische-bausteine-kinderspielzeug-stem-magnetbloecke-sensorisches-spielzeug-kinderspiele-magnetisches-bauspielzeug-fuer-jungen-und-maedchen-ab-3-jahren-vorschul-kindergarten-und-kleink\/","name":"60 magnetische Bausteine, Kinderspielzeug, STEM-Magnetbl\u00f6cke, sensorisches Spielzeug, Kinderspiele, magnetisches Bauspielzeug f\u00fcr Jungen und M\u00e4dchen ab 3 Jahren, Vorschul-, Kindergarten- und Kleinkindspielzeug - EasyLifeBro","isPartOf":{"@id":"https:\/\/easyliferobo.com\/de\/#website"},"primaryImageOfPage":{"@id":"https:\/\/easyliferobo.com\/de\/product\/60-magnetische-bausteine-kinderspielzeug-stem-magnetbloecke-sensorisches-spielzeug-kinderspiele-magnetisches-bauspielzeug-fuer-jungen-und-maedchen-ab-3-jahren-vorschul-kindergarten-und-kleink\/#primaryimage"},"image":{"@id":"https:\/\/easyliferobo.com\/de\/product\/60-magnetische-bausteine-kinderspielzeug-stem-magnetbloecke-sensorisches-spielzeug-kinderspiele-magnetisches-bauspielzeug-fuer-jungen-und-maedchen-ab-3-jahren-vorschul-kindergarten-und-kleink\/#primaryimage"},"thumbnailUrl":"https:\/\/easyliferobo.com\/de\/wp-content\/uploads\/2026\/02\/816Hrbr6aTL._AC_SL1500_.jpg","datePublished":"2026-02-24T07:37:44+00:00","dateModified":"2026-02-24T07:37:55+00:00","description":"Entdecken Sie smarte Roboter f\u00fcr Zuhause, Garten, Bildung und Sicherheit. Vergleichen Sie Saugroboter, Rasenm\u00e4hroboter, KI-Begleitroboter und mehr bei EasyLifeRobo.","breadcrumb":{"@id":"https:\/\/easyliferobo.com\/de\/product\/60-magnetische-bausteine-kinderspielzeug-stem-magnetbloecke-sensorisches-spielzeug-kinderspiele-magnetisches-bauspielzeug-fuer-jungen-und-maedchen-ab-3-jahren-vorschul-kindergarten-und-kleink\/#breadcrumb"},"inLanguage":"de","potentialAction":[{"@type":"ReadAction","target":["https:\/\/easyliferobo.com\/de\/product\/60-magnetische-bausteine-kinderspielzeug-stem-magnetbloecke-sensorisches-spielzeug-kinderspiele-magnetisches-bauspielzeug-fuer-jungen-und-maedchen-ab-3-jahren-vorschul-kindergarten-und-kleink\/"]}]},{"@type":"ImageObject","inLanguage":"de","@id":"https:\/\/easyliferobo.com\/de\/product\/60-magnetische-bausteine-kinderspielzeug-stem-magnetbloecke-sensorisches-spielzeug-kinderspiele-magnetisches-bauspielzeug-fuer-jungen-und-maedchen-ab-3-jahren-vorschul-kindergarten-und-kleink\/#primaryimage","url":"https:\/\/easyliferobo.com\/de\/wp-content\/uploads\/2026\/02\/816Hrbr6aTL._AC_SL1500_.jpg","contentUrl":"https:\/\/easyliferobo.com\/de\/wp-content\/uploads\/2026\/02\/816Hrbr6aTL._AC_SL1500_.jpg","width":1423,"height":1500},{"@type":"BreadcrumbList","@id":"https:\/\/easyliferobo.com\/de\/product\/60-magnetische-bausteine-kinderspielzeug-stem-magnetbloecke-sensorisches-spielzeug-kinderspiele-magnetisches-bauspielzeug-fuer-jungen-und-maedchen-ab-3-jahren-vorschul-kindergarten-und-kleink\/#breadcrumb","itemListElement":[{"@type":"ListItem","position":1,"name":"Home","item":"https:\/\/easyliferobo.com\/de\/"},{"@type":"ListItem","position":2,"name":"Shop","item":"https:\/\/easyliferobo.com\/de\/shop\/"},{"@type":"ListItem","position":3,"name":"60 magnetische Bausteine, Kinderspi..."}]},{"@type":"WebSite","@id":"https:\/\/easyliferobo.com\/de\/#website","url":"https:\/\/easyliferobo.com\/de\/","name":"EasyLifeBro","description":"Smarte Roboter f\u00fcr Zuhause, Garten &amp; Bildung","publisher":{"@id":"https:\/\/easyliferobo.com\/de\/#organization"},"potentialAction":[{"@type":"SearchAction","target":{"@type":"EntryPoint","urlTemplate":"https:\/\/easyliferobo.com\/de\/?s={search_term_string}"},"query-input":{"@type":"PropertyValueSpecification","valueRequired":true,"valueName":"search_term_string"}}],"inLanguage":"de"},{"@type":"Organization","@id":"https:\/\/easyliferobo.com\/de\/#organization","name":"EasyLifeBro","url":"https:\/\/easyliferobo.com\/de\/","logo":{"@type":"ImageObject","inLanguage":"de","@id":"https:\/\/easyliferobo.com\/de\/#\/schema\/logo\/image\/","url":"https:\/\/easyliferobo.com\/de\/wp-content\/uploads\/2026\/02\/Screenshot-2026-02-22-at-2.25.03-PM.png","contentUrl":"https:\/\/easyliferobo.com\/de\/wp-content\/uploads\/2026\/02\/Screenshot-2026-02-22-at-2.25.03-PM.png","width":1858,"height":430,"caption":"EasyLifeBro"},"image":{"@id":"https:\/\/easyliferobo.com\/de\/#\/schema\/logo\/image\/"}}]}},"_links":{"self":[{"href":"https:\/\/easyliferobo.com\/de\/wp-json\/wp\/v2\/product\/1687","targetHints":{"allow":["GET"]}}],"collection":[{"href":"https:\/\/easyliferobo.com\/de\/wp-json\/wp\/v2\/product"}],"about":[{"href":"https:\/\/easyliferobo.com\/de\/wp-json\/wp\/v2\/types\/product"}],"replies":[{"embeddable":true,"href":"https:\/\/easyliferobo.com\/de\/wp-json\/wp\/v2\/comments?post=1687"}],"wp:featuredmedia":[{"embeddable":true,"href":"https:\/\/easyliferobo.com\/de\/wp-json\/wp\/v2\/media\/1688"}],"wp:attachment":[{"href":"https:\/\/easyliferobo.com\/de\/wp-json\/wp\/v2\/media?parent=1687"}],"wp:term":[{"taxonomy":"store","embeddable":true,"href":"https:\/\/easyliferobo.com\/de\/wp-json\/wp\/v2\/store?post=1687"},{"taxonomy":"product_brand","embeddable":true,"href":"https:\/\/easyliferobo.com\/de\/wp-json\/wp\/v2\/product_brand?post=1687"},{"taxonomy":"product_cat","embeddable":true,"href":"https:\/\/easyliferobo.com\/de\/wp-json\/wp\/v2\/product_cat?post=1687"},{"taxonomy":"product_tag","embeddable":true,"href":"https:\/\/easyliferobo.com\/de\/wp-json\/wp\/v2\/product_tag?post=1687"}],"curies":[{"name":"wp","href":"https:\/\/api.w.org\/{rel}","templated":true}]}}