
{"id":1678,"date":"2026-02-23T20:56:51","date_gmt":"2026-02-23T20:56:51","guid":{"rendered":"https:\/\/easyliferobo.com\/de\/product\/vatos-roboter-kinderspielzeug-40-cm-grosser-ferngesteuerter-programmierbarer-rc-roboter-mit-gesten-und-sprachsteuerung-interaktive-intelligente-tanz-und-gesangsgeschenke-fuer-kinder-ab-3-jahren\/"},"modified":"2026-02-23T20:57:07","modified_gmt":"2026-02-23T20:57:07","slug":"vatos-roboter-kinderspielzeug-40-cm-grosser-ferngesteuerter-programmierbarer-rc-roboter-mit-gesten-und-sprachsteuerung-interaktive-intelligente-tanz-und-gesangsgeschenke-fuer-kinder-ab-3-jahren","status":"publish","type":"product","link":"https:\/\/easyliferobo.com\/de\/product\/vatos-roboter-kinderspielzeug-40-cm-grosser-ferngesteuerter-programmierbarer-rc-roboter-mit-gesten-und-sprachsteuerung-interaktive-intelligente-tanz-und-gesangsgeschenke-fuer-kinder-ab-3-jahren\/","title":{"rendered":"VATOS Roboter Kinderspielzeug, 40 c..."},"content":{"rendered":"<p>\n                                             Von der Marke   <\/p>\n<p>                                              <img decoding=\"async\" alt=\"\" src=\"https:\/\/images-na.ssl-images-amazon.com\/images\/G\/01\/x-locale\/common\/grey-pixel.gif\" class=\"a-lazy-loaded\" data-src=\"https:\/\/m.media-amazon.com\/images\/S\/aplus-media-library-service-media\/f2877730-34d0-4b4a-ad03-a7f9c0325cbc.__CR0,0,1464,625_PT0_SX1464_V1___.jpg\"><img decoding=\"async\" alt=\"\" src=\"https:\/\/m.media-amazon.com\/images\/S\/aplus-media-library-service-media\/f2877730-34d0-4b4a-ad03-a7f9c0325cbc.__CR0,0,1464,625_PT0_SX1464_V1___.jpg\">  <\/p>\n<p>                                              <img decoding=\"async\" alt=\"\" src=\"https:\/\/images-na.ssl-images-amazon.com\/images\/G\/01\/x-locale\/common\/grey-pixel.gif\" class=\"a-lazy-loaded\" data-src=\"https:\/\/m.media-amazon.com\/images\/S\/aplus-media-library-service-media\/35f042f0-2595-4c87-bc1e-48a05e427a9b.__CR0,0,315,145_PT0_SX315_V1___.png\"><img decoding=\"async\" alt=\"\" src=\"https:\/\/m.media-amazon.com\/images\/S\/aplus-media-library-service-media\/35f042f0-2595-4c87-bc1e-48a05e427a9b.__CR0,0,315,145_PT0_SX315_V1___.png\">  <\/p>\n<h3>  \u00dcBER UNS <\/h3>\n<p>  VATOS wurde von Tausenden von Eltern geliebt und wurde von James Lee gegr\u00fcndet, der sich zun\u00e4chst darauf konzentrierte, eine sichere, qualitativ hochwertige und unterhaltsame Wachstumsumgebung f\u00fcr ihre Tochter zu schaffen. Er glaubte, dass ein gutes Spielzeug nicht nur ein Freund f\u00fcr Kinder ist, sondern auch ein Lehrer, der ihnen hilft, ihre Neugier auf die Welt zu entwickeln. Basierend auf seinen strengen Standards und Anforderungen hat VATOS eine Reihe von Kinderspielzeugen auf den Markt gebracht. <\/p>\n<h3>  Laser-Tag-Spielzeugpistole <\/h3>\n<p class=\"apm-brand-story-stores-link\">\n<h3>  Laser-Tag-Spielzeugpistole <\/h3>\n<p class=\"apm-brand-story-stores-link\">\n<h3>  ferngesteuertes Flugzeug <\/h3>\n<p class=\"apm-brand-story-stores-link\">\n<h3>  Roboterhund <\/h3>\n<p class=\"apm-brand-story-stores-link\">\n<h3>  Spielzeug f\u00fcr Rennwagen <\/h3>\n<p class=\"apm-brand-story-stores-link\">\n<h3>  Maulwurfspiele <\/h3>\n<p class=\"apm-brand-story-stores-link\">\n<h3>  Sportspielzeug <\/h3>\n<p class=\"apm-brand-story-stores-link\">\n<p>                                              <img decoding=\"async\" alt=\"Aplus-Inhaltsbild\" src=\"https:\/\/images-na.ssl-images-amazon.com\/images\/G\/01\/x-locale\/common\/grey-pixel.gif\" class=\"a-lazy-loaded\" data-src=\"https:\/\/m.media-amazon.com\/images\/S\/aplus-media-library-service-media\/611dcceb-82ed-49d7-a4c3-f75242c5d900.__CR100,0,799,1000_PT0_SX362_V1___.jpg\"><img decoding=\"async\" alt=\"Aplus-Inhaltsbild\" src=\"https:\/\/m.media-amazon.com\/images\/S\/aplus-media-library-service-media\/611dcceb-82ed-49d7-a4c3-f75242c5d900.__CR100,0,799,1000_PT0_SX362_V1___.jpg\">  <\/p>\n<p>                                              <img decoding=\"async\" alt=\"Aplus-Inhaltsbild\" src=\"https:\/\/images-na.ssl-images-amazon.com\/images\/G\/01\/x-locale\/common\/grey-pixel.gif\" class=\"a-lazy-loaded\" data-src=\"https:\/\/m.media-amazon.com\/images\/S\/aplus-media-library-service-media\/76ad9863-f07d-4215-8c8e-0bb8f5e68cc9.__CR133,0,1061,1328_PT0_SX362_V1___.jpg\"><img decoding=\"async\" alt=\"Aplus-Inhaltsbild\" src=\"https:\/\/m.media-amazon.com\/images\/S\/aplus-media-library-service-media\/76ad9863-f07d-4215-8c8e-0bb8f5e68cc9.__CR133,0,1061,1328_PT0_SX362_V1___.jpg\">  <\/p>\n<p>Verbesserte Version des RC-Roboters \u2013 Dieses Roboterspielzeug verf\u00fcgt \u00fcber drei Steuerungsmethoden. Dieser intelligente Sprachfernsteuerungsroboter kann nicht nur mit der 2,4-GHz-Fernbedienung gesteuert werden, sondern auch mit Gesten vorw\u00e4rts, r\u00fcckw\u00e4rts, links abbiegen, rechts abbiegen, je nach Bedarf. Das Erstaunlichste ist, dass dieses Upgrade eine Sprachsteuerungsfunktion hinzuf\u00fcgt. (Hinweis: Sprachsteuerung funktioniert nur auf Englisch)<br \/>Intelligenter programmierbarer Roboter \u2013 22 Arten funktionaler Fernbedienungsanweisungen, der Roboter kann gleiten, gehen, singen, tanzen, Geschichten erz\u00e4hlen, Witze erz\u00e4hlen, Gedichte erz\u00e4hlen usw. Sie k\u00f6nnen den Roboter auch so programmieren, dass er tut, was Sie wollen. Der Roboter wiederholt, was Sie ihm programmiert haben, und kann bis zu 30 Befehle aufzeichnen. Es wird Ihrem Kind helfen, seine Fantasie und Kreativit\u00e4t zu nutzen, um einfache Programmierung zu \u00fcben.<br \/>Multifunktionaler gro\u00dfer Roboter \u2013 Roboter ist bis zu 40 cm gro\u00df und wird von Kindern geliebt. Der ferngesteuerte Roboter verf\u00fcgt \u00fcber ein Paar helle LED-Augen, die verschiedene Ausdrucks\u00e4nderungen durchf\u00fchren und den \u00c4nderungen beim Singen, Tanzen oder Sprechen folgen k\u00f6nnen, was sehr interessant ist. Der Roboter kann auch Kindern Geschichten erz\u00e4hlen, Witze erz\u00e4hlen, mit der Familie tanzen, kann im Betrieb als Spielgef\u00e4hrte und im ausgeschalteten Zustand als coole Dekoration verwendet werden.<br \/>Wiederaufladbarer und langlebiger Akku \u2013 Dieser RC-Roboter wird von einem eingebauten Akku angetrieben, der energieeffizienter ist. Ausgestattet mit einem USB-Ladekabel k\u00f6nnen Sie zum Aufladen eine Powerbank, einen Stecker, einen Computer usw. verwenden, was sehr praktisch ist. Laden Sie den Roboter einfach etwa 2 Stunden lang auf und die Spielzeit betr\u00e4gt etwa 60 Minuten. Der Roboter besteht aus hochwertigen ABS-Kunststoff- und Metallmaterialien, das Produkt ist glatt und gratfrei, sehr sicher.<br \/>Bestes Geschenk f\u00fcr Kinder \u2013 Dieses Roboterspielzeug ist nicht nur ein toller Spielgef\u00e4hrte f\u00fcr Ihr Kind, sondern f\u00f6rdert auch die Fantasie und Kreativit\u00e4t Ihres Kindes. Unser interaktives Roboterspielzeug, gepaart mit seinem schlanken Design und der fortschrittlichen Technologie, macht ihn zu einer perfekten Erg\u00e4nzung f\u00fcr jeden Haushalt. Es ist das beste Geschenk f\u00fcr Jungen und M\u00e4dchen im Alter von 3, 4, 5, 6, 7, 8, 9 und 10 Jahren<\/p>\n<p>[ad_2]<\/p>\n","protected":false},"excerpt":{"rendered":"<p>Von der Marke \u00dcBER UNS VATOS wurde von Tausenden von Eltern geliebt und wurde von James Lee gegr\u00fcndet, der sich zun\u00e4chst darauf konzentrierte, eine sichere, qualitativ hochwertige und unterhaltsame Wachstumsumgebung f\u00fcr ihre Tochter zu schaffen. Er glaubte, dass ein gutes Spielzeug nicht nur ein Freund f\u00fcr Kinder ist, sondern auch ein Lehrer, der ihnen hilft, [&hellip;]<\/p>\n","protected":false},"featured_media":1679,"comment_status":"open","ping_status":"closed","template":"","meta":{"_aipt_faq_data":""},"store":[],"product_brand":[],"product_cat":[93],"product_tag":[330],"class_list":{"0":"post-1678","1":"product","2":"type-product","3":"status-publish","4":"has-post-thumbnail","6":"product_cat-soziale-begleitroboter","7":"product_tag-soziale-begleitroboter-mit-sprachsteuerung","9":"first","10":"instock","11":"shipping-taxable","12":"product-type-external"},"yoast_head":"<!-- This site is optimized with the Yoast SEO plugin v27.0 - https:\/\/yoast.com\/product\/yoast-seo-wordpress\/ -->\n<title>VATOS Roboter Kinderspielzeug, 40 cm gro\u00dfer ferngesteuerter, programmierbarer RC-Roboter mit Gesten- und Sprachsteuerung, interaktive intelligente Tanz- und Gesangsgeschenke f\u00fcr Kinder ab 3 Jahren - EasyLifeBro<\/title>\n<meta name=\"description\" content=\"Entdecken Sie smarte Roboter f\u00fcr Zuhause, Garten, Bildung und Sicherheit. Vergleichen Sie Saugroboter, Rasenm\u00e4hroboter, KI-Begleitroboter und mehr bei EasyLifeRobo.\" \/>\n<meta name=\"robots\" content=\"index, follow, max-snippet:-1, max-image-preview:large, max-video-preview:-1\" \/>\n<link rel=\"canonical\" href=\"https:\/\/easyliferobo.com\/de\/product\/vatos-roboter-kinderspielzeug-40-cm-grosser-ferngesteuerter-programmierbarer-rc-roboter-mit-gesten-und-sprachsteuerung-interaktive-intelligente-tanz-und-gesangsgeschenke-fuer-kinder-ab-3-jahren\/\" \/>\n<meta property=\"og:locale\" content=\"de_DE\" \/>\n<meta property=\"og:type\" content=\"article\" \/>\n<meta property=\"og:title\" content=\"VATOS Roboter Kinderspielzeug, 40 cm gro\u00dfer ferngesteuerter, programmierbarer RC-Roboter mit Gesten- und Sprachsteuerung, interaktive intelligente Tanz- und Gesangsgeschenke f\u00fcr Kinder ab 3 Jahren - EasyLifeBro\" \/>\n<meta property=\"og:description\" content=\"Entdecken Sie smarte Roboter f\u00fcr Zuhause, Garten, Bildung und Sicherheit. Vergleichen Sie Saugroboter, Rasenm\u00e4hroboter, KI-Begleitroboter und mehr bei EasyLifeRobo.\" \/>\n<meta property=\"og:url\" content=\"https:\/\/easyliferobo.com\/de\/product\/vatos-roboter-kinderspielzeug-40-cm-grosser-ferngesteuerter-programmierbarer-rc-roboter-mit-gesten-und-sprachsteuerung-interaktive-intelligente-tanz-und-gesangsgeschenke-fuer-kinder-ab-3-jahren\/\" \/>\n<meta property=\"og:site_name\" content=\"EasyLifeBro\" \/>\n<meta property=\"article:modified_time\" content=\"2026-02-23T20:57:07+00:00\" \/>\n<meta property=\"og:image\" content=\"https:\/\/images-na.ssl-images-amazon.com\/images\/G\/01\/x-locale\/common\/grey-pixel.gif\" \/>\n<meta name=\"twitter:card\" content=\"summary_large_image\" \/>\n<meta name=\"twitter:label1\" content=\"Gesch\u00e4tzte Lesezeit\" \/>\n\t<meta name=\"twitter:data1\" content=\"2\u00a0Minuten\" \/>\n<script type=\"application\/ld+json\" class=\"yoast-schema-graph\">{\"@context\":\"https:\/\/schema.org\",\"@graph\":[{\"@type\":\"WebPage\",\"@id\":\"https:\/\/easyliferobo.com\/de\/product\/vatos-roboter-kinderspielzeug-40-cm-grosser-ferngesteuerter-programmierbarer-rc-roboter-mit-gesten-und-sprachsteuerung-interaktive-intelligente-tanz-und-gesangsgeschenke-fuer-kinder-ab-3-jahren\/\",\"url\":\"https:\/\/easyliferobo.com\/de\/product\/vatos-roboter-kinderspielzeug-40-cm-grosser-ferngesteuerter-programmierbarer-rc-roboter-mit-gesten-und-sprachsteuerung-interaktive-intelligente-tanz-und-gesangsgeschenke-fuer-kinder-ab-3-jahren\/\",\"name\":\"VATOS Roboter Kinderspielzeug, 40 cm gro\u00dfer ferngesteuerter, programmierbarer RC-Roboter mit Gesten- und Sprachsteuerung, interaktive intelligente Tanz- und Gesangsgeschenke f\u00fcr Kinder ab 3 Jahren - EasyLifeBro\",\"isPartOf\":{\"@id\":\"https:\/\/easyliferobo.com\/de\/#website\"},\"primaryImageOfPage\":{\"@id\":\"https:\/\/easyliferobo.com\/de\/product\/vatos-roboter-kinderspielzeug-40-cm-grosser-ferngesteuerter-programmierbarer-rc-roboter-mit-gesten-und-sprachsteuerung-interaktive-intelligente-tanz-und-gesangsgeschenke-fuer-kinder-ab-3-jahren\/#primaryimage\"},\"image\":{\"@id\":\"https:\/\/easyliferobo.com\/de\/product\/vatos-roboter-kinderspielzeug-40-cm-grosser-ferngesteuerter-programmierbarer-rc-roboter-mit-gesten-und-sprachsteuerung-interaktive-intelligente-tanz-und-gesangsgeschenke-fuer-kinder-ab-3-jahren\/#primaryimage\"},\"thumbnailUrl\":\"https:\/\/easyliferobo.com\/de\/wp-content\/uploads\/2026\/02\/71AwDOTXIKL._AC_SL1500_.jpg\",\"datePublished\":\"2026-02-23T20:56:51+00:00\",\"dateModified\":\"2026-02-23T20:57:07+00:00\",\"description\":\"Entdecken Sie smarte Roboter f\u00fcr Zuhause, Garten, Bildung und Sicherheit. Vergleichen Sie Saugroboter, Rasenm\u00e4hroboter, KI-Begleitroboter und mehr bei EasyLifeRobo.\",\"breadcrumb\":{\"@id\":\"https:\/\/easyliferobo.com\/de\/product\/vatos-roboter-kinderspielzeug-40-cm-grosser-ferngesteuerter-programmierbarer-rc-roboter-mit-gesten-und-sprachsteuerung-interaktive-intelligente-tanz-und-gesangsgeschenke-fuer-kinder-ab-3-jahren\/#breadcrumb\"},\"inLanguage\":\"de\",\"potentialAction\":[{\"@type\":\"ReadAction\",\"target\":[\"https:\/\/easyliferobo.com\/de\/product\/vatos-roboter-kinderspielzeug-40-cm-grosser-ferngesteuerter-programmierbarer-rc-roboter-mit-gesten-und-sprachsteuerung-interaktive-intelligente-tanz-und-gesangsgeschenke-fuer-kinder-ab-3-jahren\/\"]}]},{\"@type\":\"ImageObject\",\"inLanguage\":\"de\",\"@id\":\"https:\/\/easyliferobo.com\/de\/product\/vatos-roboter-kinderspielzeug-40-cm-grosser-ferngesteuerter-programmierbarer-rc-roboter-mit-gesten-und-sprachsteuerung-interaktive-intelligente-tanz-und-gesangsgeschenke-fuer-kinder-ab-3-jahren\/#primaryimage\",\"url\":\"https:\/\/easyliferobo.com\/de\/wp-content\/uploads\/2026\/02\/71AwDOTXIKL._AC_SL1500_.jpg\",\"contentUrl\":\"https:\/\/easyliferobo.com\/de\/wp-content\/uploads\/2026\/02\/71AwDOTXIKL._AC_SL1500_.jpg\",\"width\":1500,\"height\":1456},{\"@type\":\"BreadcrumbList\",\"@id\":\"https:\/\/easyliferobo.com\/de\/product\/vatos-roboter-kinderspielzeug-40-cm-grosser-ferngesteuerter-programmierbarer-rc-roboter-mit-gesten-und-sprachsteuerung-interaktive-intelligente-tanz-und-gesangsgeschenke-fuer-kinder-ab-3-jahren\/#breadcrumb\",\"itemListElement\":[{\"@type\":\"ListItem\",\"position\":1,\"name\":\"Home\",\"item\":\"https:\/\/easyliferobo.com\/de\/\"},{\"@type\":\"ListItem\",\"position\":2,\"name\":\"Shop\",\"item\":\"https:\/\/easyliferobo.com\/de\/shop\/\"},{\"@type\":\"ListItem\",\"position\":3,\"name\":\"VATOS Roboter Kinderspielzeug, 40 c...\"}]},{\"@type\":\"WebSite\",\"@id\":\"https:\/\/easyliferobo.com\/de\/#website\",\"url\":\"https:\/\/easyliferobo.com\/de\/\",\"name\":\"EasyLifeBro\",\"description\":\"Smarte Roboter f\u00fcr Zuhause, Garten &amp; Bildung\",\"publisher\":{\"@id\":\"https:\/\/easyliferobo.com\/de\/#organization\"},\"potentialAction\":[{\"@type\":\"SearchAction\",\"target\":{\"@type\":\"EntryPoint\",\"urlTemplate\":\"https:\/\/easyliferobo.com\/de\/?s={search_term_string}\"},\"query-input\":{\"@type\":\"PropertyValueSpecification\",\"valueRequired\":true,\"valueName\":\"search_term_string\"}}],\"inLanguage\":\"de\"},{\"@type\":\"Organization\",\"@id\":\"https:\/\/easyliferobo.com\/de\/#organization\",\"name\":\"EasyLifeBro\",\"url\":\"https:\/\/easyliferobo.com\/de\/\",\"logo\":{\"@type\":\"ImageObject\",\"inLanguage\":\"de\",\"@id\":\"https:\/\/easyliferobo.com\/de\/#\/schema\/logo\/image\/\",\"url\":\"https:\/\/easyliferobo.com\/de\/wp-content\/uploads\/2026\/02\/Screenshot-2026-02-22-at-2.25.03-PM.png\",\"contentUrl\":\"https:\/\/easyliferobo.com\/de\/wp-content\/uploads\/2026\/02\/Screenshot-2026-02-22-at-2.25.03-PM.png\",\"width\":1858,\"height\":430,\"caption\":\"EasyLifeBro\"},\"image\":{\"@id\":\"https:\/\/easyliferobo.com\/de\/#\/schema\/logo\/image\/\"}}]}<\/script>\n<!-- \/ Yoast SEO plugin. -->","yoast_head_json":{"title":"VATOS Roboter Kinderspielzeug, 40 cm gro\u00dfer ferngesteuerter, programmierbarer RC-Roboter mit Gesten- und Sprachsteuerung, interaktive intelligente Tanz- und Gesangsgeschenke f\u00fcr Kinder ab 3 Jahren - EasyLifeBro","description":"Entdecken Sie smarte Roboter f\u00fcr Zuhause, Garten, Bildung und Sicherheit. Vergleichen Sie Saugroboter, Rasenm\u00e4hroboter, KI-Begleitroboter und mehr bei EasyLifeRobo.","robots":{"index":"index","follow":"follow","max-snippet":"max-snippet:-1","max-image-preview":"max-image-preview:large","max-video-preview":"max-video-preview:-1"},"canonical":"https:\/\/easyliferobo.com\/de\/product\/vatos-roboter-kinderspielzeug-40-cm-grosser-ferngesteuerter-programmierbarer-rc-roboter-mit-gesten-und-sprachsteuerung-interaktive-intelligente-tanz-und-gesangsgeschenke-fuer-kinder-ab-3-jahren\/","og_locale":"de_DE","og_type":"article","og_title":"VATOS Roboter Kinderspielzeug, 40 cm gro\u00dfer ferngesteuerter, programmierbarer RC-Roboter mit Gesten- und Sprachsteuerung, interaktive intelligente Tanz- und Gesangsgeschenke f\u00fcr Kinder ab 3 Jahren - EasyLifeBro","og_description":"Entdecken Sie smarte Roboter f\u00fcr Zuhause, Garten, Bildung und Sicherheit. Vergleichen Sie Saugroboter, Rasenm\u00e4hroboter, KI-Begleitroboter und mehr bei EasyLifeRobo.","og_url":"https:\/\/easyliferobo.com\/de\/product\/vatos-roboter-kinderspielzeug-40-cm-grosser-ferngesteuerter-programmierbarer-rc-roboter-mit-gesten-und-sprachsteuerung-interaktive-intelligente-tanz-und-gesangsgeschenke-fuer-kinder-ab-3-jahren\/","og_site_name":"EasyLifeBro","article_modified_time":"2026-02-23T20:57:07+00:00","og_image":[{"url":"https:\/\/images-na.ssl-images-amazon.com\/images\/G\/01\/x-locale\/common\/grey-pixel.gif","type":"","width":"","height":""}],"twitter_card":"summary_large_image","twitter_misc":{"Gesch\u00e4tzte Lesezeit":"2\u00a0Minuten"},"schema":{"@context":"https:\/\/schema.org","@graph":[{"@type":"WebPage","@id":"https:\/\/easyliferobo.com\/de\/product\/vatos-roboter-kinderspielzeug-40-cm-grosser-ferngesteuerter-programmierbarer-rc-roboter-mit-gesten-und-sprachsteuerung-interaktive-intelligente-tanz-und-gesangsgeschenke-fuer-kinder-ab-3-jahren\/","url":"https:\/\/easyliferobo.com\/de\/product\/vatos-roboter-kinderspielzeug-40-cm-grosser-ferngesteuerter-programmierbarer-rc-roboter-mit-gesten-und-sprachsteuerung-interaktive-intelligente-tanz-und-gesangsgeschenke-fuer-kinder-ab-3-jahren\/","name":"VATOS Roboter Kinderspielzeug, 40 cm gro\u00dfer ferngesteuerter, programmierbarer RC-Roboter mit Gesten- und Sprachsteuerung, interaktive intelligente Tanz- und Gesangsgeschenke f\u00fcr Kinder ab 3 Jahren - EasyLifeBro","isPartOf":{"@id":"https:\/\/easyliferobo.com\/de\/#website"},"primaryImageOfPage":{"@id":"https:\/\/easyliferobo.com\/de\/product\/vatos-roboter-kinderspielzeug-40-cm-grosser-ferngesteuerter-programmierbarer-rc-roboter-mit-gesten-und-sprachsteuerung-interaktive-intelligente-tanz-und-gesangsgeschenke-fuer-kinder-ab-3-jahren\/#primaryimage"},"image":{"@id":"https:\/\/easyliferobo.com\/de\/product\/vatos-roboter-kinderspielzeug-40-cm-grosser-ferngesteuerter-programmierbarer-rc-roboter-mit-gesten-und-sprachsteuerung-interaktive-intelligente-tanz-und-gesangsgeschenke-fuer-kinder-ab-3-jahren\/#primaryimage"},"thumbnailUrl":"https:\/\/easyliferobo.com\/de\/wp-content\/uploads\/2026\/02\/71AwDOTXIKL._AC_SL1500_.jpg","datePublished":"2026-02-23T20:56:51+00:00","dateModified":"2026-02-23T20:57:07+00:00","description":"Entdecken Sie smarte Roboter f\u00fcr Zuhause, Garten, Bildung und Sicherheit. Vergleichen Sie Saugroboter, Rasenm\u00e4hroboter, KI-Begleitroboter und mehr bei EasyLifeRobo.","breadcrumb":{"@id":"https:\/\/easyliferobo.com\/de\/product\/vatos-roboter-kinderspielzeug-40-cm-grosser-ferngesteuerter-programmierbarer-rc-roboter-mit-gesten-und-sprachsteuerung-interaktive-intelligente-tanz-und-gesangsgeschenke-fuer-kinder-ab-3-jahren\/#breadcrumb"},"inLanguage":"de","potentialAction":[{"@type":"ReadAction","target":["https:\/\/easyliferobo.com\/de\/product\/vatos-roboter-kinderspielzeug-40-cm-grosser-ferngesteuerter-programmierbarer-rc-roboter-mit-gesten-und-sprachsteuerung-interaktive-intelligente-tanz-und-gesangsgeschenke-fuer-kinder-ab-3-jahren\/"]}]},{"@type":"ImageObject","inLanguage":"de","@id":"https:\/\/easyliferobo.com\/de\/product\/vatos-roboter-kinderspielzeug-40-cm-grosser-ferngesteuerter-programmierbarer-rc-roboter-mit-gesten-und-sprachsteuerung-interaktive-intelligente-tanz-und-gesangsgeschenke-fuer-kinder-ab-3-jahren\/#primaryimage","url":"https:\/\/easyliferobo.com\/de\/wp-content\/uploads\/2026\/02\/71AwDOTXIKL._AC_SL1500_.jpg","contentUrl":"https:\/\/easyliferobo.com\/de\/wp-content\/uploads\/2026\/02\/71AwDOTXIKL._AC_SL1500_.jpg","width":1500,"height":1456},{"@type":"BreadcrumbList","@id":"https:\/\/easyliferobo.com\/de\/product\/vatos-roboter-kinderspielzeug-40-cm-grosser-ferngesteuerter-programmierbarer-rc-roboter-mit-gesten-und-sprachsteuerung-interaktive-intelligente-tanz-und-gesangsgeschenke-fuer-kinder-ab-3-jahren\/#breadcrumb","itemListElement":[{"@type":"ListItem","position":1,"name":"Home","item":"https:\/\/easyliferobo.com\/de\/"},{"@type":"ListItem","position":2,"name":"Shop","item":"https:\/\/easyliferobo.com\/de\/shop\/"},{"@type":"ListItem","position":3,"name":"VATOS Roboter Kinderspielzeug, 40 c..."}]},{"@type":"WebSite","@id":"https:\/\/easyliferobo.com\/de\/#website","url":"https:\/\/easyliferobo.com\/de\/","name":"EasyLifeBro","description":"Smarte Roboter f\u00fcr Zuhause, Garten &amp; Bildung","publisher":{"@id":"https:\/\/easyliferobo.com\/de\/#organization"},"potentialAction":[{"@type":"SearchAction","target":{"@type":"EntryPoint","urlTemplate":"https:\/\/easyliferobo.com\/de\/?s={search_term_string}"},"query-input":{"@type":"PropertyValueSpecification","valueRequired":true,"valueName":"search_term_string"}}],"inLanguage":"de"},{"@type":"Organization","@id":"https:\/\/easyliferobo.com\/de\/#organization","name":"EasyLifeBro","url":"https:\/\/easyliferobo.com\/de\/","logo":{"@type":"ImageObject","inLanguage":"de","@id":"https:\/\/easyliferobo.com\/de\/#\/schema\/logo\/image\/","url":"https:\/\/easyliferobo.com\/de\/wp-content\/uploads\/2026\/02\/Screenshot-2026-02-22-at-2.25.03-PM.png","contentUrl":"https:\/\/easyliferobo.com\/de\/wp-content\/uploads\/2026\/02\/Screenshot-2026-02-22-at-2.25.03-PM.png","width":1858,"height":430,"caption":"EasyLifeBro"},"image":{"@id":"https:\/\/easyliferobo.com\/de\/#\/schema\/logo\/image\/"}}]}},"_links":{"self":[{"href":"https:\/\/easyliferobo.com\/de\/wp-json\/wp\/v2\/product\/1678","targetHints":{"allow":["GET"]}}],"collection":[{"href":"https:\/\/easyliferobo.com\/de\/wp-json\/wp\/v2\/product"}],"about":[{"href":"https:\/\/easyliferobo.com\/de\/wp-json\/wp\/v2\/types\/product"}],"replies":[{"embeddable":true,"href":"https:\/\/easyliferobo.com\/de\/wp-json\/wp\/v2\/comments?post=1678"}],"wp:featuredmedia":[{"embeddable":true,"href":"https:\/\/easyliferobo.com\/de\/wp-json\/wp\/v2\/media\/1679"}],"wp:attachment":[{"href":"https:\/\/easyliferobo.com\/de\/wp-json\/wp\/v2\/media?parent=1678"}],"wp:term":[{"taxonomy":"store","embeddable":true,"href":"https:\/\/easyliferobo.com\/de\/wp-json\/wp\/v2\/store?post=1678"},{"taxonomy":"product_brand","embeddable":true,"href":"https:\/\/easyliferobo.com\/de\/wp-json\/wp\/v2\/product_brand?post=1678"},{"taxonomy":"product_cat","embeddable":true,"href":"https:\/\/easyliferobo.com\/de\/wp-json\/wp\/v2\/product_cat?post=1678"},{"taxonomy":"product_tag","embeddable":true,"href":"https:\/\/easyliferobo.com\/de\/wp-json\/wp\/v2\/product_tag?post=1678"}],"curies":[{"name":"wp","href":"https:\/\/api.w.org\/{rel}","templated":true}]}}