
{"id":1668,"date":"2026-02-23T15:22:18","date_gmt":"2026-02-23T15:22:18","guid":{"rendered":"https:\/\/easyliferobo.com\/de\/product\/ferngesteuertes-roboter-haustierspielzeug-interaktive-intelligente-roboterkatzenkinder-mit-licht-und-ton-programmierbare-rc-spielzeuggeschenke-fuer-kinder-ab-8-jahren\/"},"modified":"2026-02-23T15:22:38","modified_gmt":"2026-02-23T15:22:38","slug":"ferngesteuertes-roboter-haustierspielzeug-interaktive-intelligente-roboterkatzenkinder-mit-licht-und-ton-programmierbare-rc-spielzeuggeschenke-fuer-kinder-ab-8-jahren","status":"publish","type":"product","link":"https:\/\/easyliferobo.com\/de\/product\/ferngesteuertes-roboter-haustierspielzeug-interaktive-intelligente-roboterkatzenkinder-mit-licht-und-ton-programmierbare-rc-spielzeuggeschenke-fuer-kinder-ab-8-jahren\/","title":{"rendered":"Ferngesteuertes Roboter-Haustierspi..."},"content":{"rendered":"<p>\n                                             Von der Marke   <\/p>\n<p>                                              <img decoding=\"async\" alt=\"Aplus-Inhaltsbild\" src=\"https:\/\/images-na.ssl-images-amazon.com\/images\/G\/01\/x-locale\/common\/grey-pixel.gif\" class=\"a-lazy-loaded\" data-src=\"https:\/\/m.media-amazon.com\/images\/S\/aplus-media-library-service-media\/8f98c911-3988-427d-b305-b406061e02b6.__CR0,0,1464,625_PT0_SX1464_V1___.jpg\"><img decoding=\"async\" alt=\"Aplus-Inhaltsbild\" src=\"https:\/\/m.media-amazon.com\/images\/S\/aplus-media-library-service-media\/8f98c911-3988-427d-b305-b406061e02b6.__CR0,0,1464,625_PT0_SX1464_V1___.jpg\">  <\/p>\n<p>                                              <img decoding=\"async\" alt=\"\" src=\"https:\/\/images-na.ssl-images-amazon.com\/images\/G\/01\/x-locale\/common\/grey-pixel.gif\" class=\"a-lazy-loaded\" data-src=\"https:\/\/m.media-amazon.com\/images\/S\/aplus-media-library-service-media\/82210eb9-cf76-4e58-a83b-4df64f0c8229.__CR0,0,315,145_PT0_SX315_V1___.jpg\"><img decoding=\"async\" alt=\"\" src=\"https:\/\/m.media-amazon.com\/images\/S\/aplus-media-library-service-media\/82210eb9-cf76-4e58-a83b-4df64f0c8229.__CR0,0,315,145_PT0_SX315_V1___.jpg\">  <\/p>\n<h3>  Lernen Sie zu spielen <\/h3>\n<p>  Wir bei Varrotoy glauben, dass jedes Kind mit einem Funken Neugier geboren wird und legen gro\u00dfen Wert darauf, seine Kindheit zu sch\u00fctzen. Wir bieten eine gro\u00dfe Auswahl an Spielzeugen, um eine lebendige Welt f\u00fcr alle Kinder zu schaffen, die den Bed\u00fcrfnissen verschiedener Altersgruppen und Geschlechter gerecht wird. <\/p>\n<p>  Machen Sie Varrotoy zu Ihrem Partner und begleiten Sie Ihr Kind beim Entdecken und Wachsen in jedem spielerischen Moment <\/p>\n<h3>  Spielzeugauto f\u00fcr Kinder <\/h3>\n<h3>  Perfekte Geschenke f\u00fcr Kinder <\/h3>\n<h3>  Rollenspielspielzeug f\u00fcr Kinder <\/h3>\n<h3>  Fernbedienungsspielzeug <\/h3>\n<p>Spannendes interaktives Spiel \u2013 Dieses Roboterk\u00e4tzchen reagiert auf Ihre Befehle und geht, sitzt und tanzt charmant. Begleiten Sie Ihr Kind wie eine echte Katze. Kinder werden es lieben, mit diesem interaktiven, intelligenten K\u00e4tzchen zu spielen<br \/>Programmierbares RC-Spielzeug \u2013 Sie k\u00f6nnen Ihre intelligente Roboterkatze programmieren. Stellen Sie einfach die gew\u00fcnschte Aktion ein und die Katze f\u00fchrt die Befehle in der programmierten Reihenfolge aus. So erlernen Kinder spielerisch einfache Programmierungen, f\u00f6rdern Kreativit\u00e4t und logisches Denken<br \/>Sicheres Material \u2013 aus ABS-Kunststoff, langlebig und stabil. Die glatte, nicht scharfe Oberfl\u00e4che macht es sicher f\u00fcr Kinder. Au\u00dferdem verf\u00fcgt es \u00fcber einen integrierten Akku und ein Ladekabel f\u00fcr bequemes und umweltfreundliches Laden<br \/>Touch-Interaktion \u2013 Die niedliche Form dieser intelligenten Roboterkatze l\u00e4dt Ihr Kind zum Streicheln ein. Streichen Sie einfach \u00fcber ihren R\u00fccken und sie beginnt zu laufen und zu tanzen. Diese Interaktivit\u00e4t unterst\u00fctzt die Entwicklung der sozialen F\u00e4higkeiten und Wahrnehmungsf\u00e4higkeiten der Kinder<br \/>Ideales Geschenk f\u00fcr Kinder \u2013 Ob Geburtstag, Feiertag oder besonderer Anlass, dies ist ein tolles Geschenk f\u00fcr Jungen und M\u00e4dchen ab 8 Jahren. Ein wunderbarer Begleiter, der beim Erwachsenwerden f\u00fcr endlosen Spa\u00df sorgt<\/p>\n<p>[ad_2]<\/p>\n","protected":false},"excerpt":{"rendered":"<p>Von der Marke Lernen Sie zu spielen Wir bei Varrotoy glauben, dass jedes Kind mit einem Funken Neugier geboren wird und legen gro\u00dfen Wert darauf, seine Kindheit zu sch\u00fctzen. Wir bieten eine gro\u00dfe Auswahl an Spielzeugen, um eine lebendige Welt f\u00fcr alle Kinder zu schaffen, die den Bed\u00fcrfnissen verschiedener Altersgruppen und Geschlechter gerecht wird. Machen [&hellip;]<\/p>\n","protected":false},"featured_media":1669,"comment_status":"open","ping_status":"closed","template":"","meta":{"_aipt_faq_data":""},"store":[],"product_brand":[],"product_cat":[94],"product_tag":[329],"class_list":{"0":"post-1668","1":"product","2":"type-product","3":"status-publish","4":"has-post-thumbnail","6":"product_cat-roboter-haustiere","7":"product_tag-batterie-betriebene-roboter-haustiere","9":"first","10":"instock","11":"shipping-taxable","12":"product-type-external"},"yoast_head":"<!-- This site is optimized with the Yoast SEO plugin v27.0 - https:\/\/yoast.com\/product\/yoast-seo-wordpress\/ -->\n<title>Ferngesteuertes Roboter-Haustierspielzeug, interaktive intelligente Roboterkatzenkinder mit Licht und Ton, programmierbare RC-Spielzeuggeschenke f\u00fcr Kinder ab 8 Jahren - EasyLifeBro<\/title>\n<meta name=\"description\" content=\"Entdecken Sie smarte Roboter f\u00fcr Zuhause, Garten, Bildung und Sicherheit. Vergleichen Sie Saugroboter, Rasenm\u00e4hroboter, KI-Begleitroboter und mehr bei EasyLifeRobo.\" \/>\n<meta name=\"robots\" content=\"index, follow, max-snippet:-1, max-image-preview:large, max-video-preview:-1\" \/>\n<link rel=\"canonical\" href=\"https:\/\/easyliferobo.com\/de\/product\/ferngesteuertes-roboter-haustierspielzeug-interaktive-intelligente-roboterkatzenkinder-mit-licht-und-ton-programmierbare-rc-spielzeuggeschenke-fuer-kinder-ab-8-jahren\/\" \/>\n<meta property=\"og:locale\" content=\"de_DE\" \/>\n<meta property=\"og:type\" content=\"article\" \/>\n<meta property=\"og:title\" content=\"Ferngesteuertes Roboter-Haustierspielzeug, interaktive intelligente Roboterkatzenkinder mit Licht und Ton, programmierbare RC-Spielzeuggeschenke f\u00fcr Kinder ab 8 Jahren - EasyLifeBro\" \/>\n<meta property=\"og:description\" content=\"Entdecken Sie smarte Roboter f\u00fcr Zuhause, Garten, Bildung und Sicherheit. Vergleichen Sie Saugroboter, Rasenm\u00e4hroboter, KI-Begleitroboter und mehr bei EasyLifeRobo.\" \/>\n<meta property=\"og:url\" content=\"https:\/\/easyliferobo.com\/de\/product\/ferngesteuertes-roboter-haustierspielzeug-interaktive-intelligente-roboterkatzenkinder-mit-licht-und-ton-programmierbare-rc-spielzeuggeschenke-fuer-kinder-ab-8-jahren\/\" \/>\n<meta property=\"og:site_name\" content=\"EasyLifeBro\" \/>\n<meta property=\"article:modified_time\" content=\"2026-02-23T15:22:38+00:00\" \/>\n<meta property=\"og:image\" content=\"https:\/\/easyliferobo.com\/de\/wp-content\/uploads\/2026\/02\/71n76BiBx1L._AC_SL1500_.jpg\" \/>\n\t<meta property=\"og:image:width\" content=\"1458\" \/>\n\t<meta property=\"og:image:height\" content=\"1500\" \/>\n\t<meta property=\"og:image:type\" content=\"image\/jpeg\" \/>\n<meta name=\"twitter:card\" content=\"summary_large_image\" \/>\n<meta name=\"twitter:label1\" content=\"Gesch\u00e4tzte Lesezeit\" \/>\n\t<meta name=\"twitter:data1\" content=\"1\u00a0Minute\" \/>\n<script type=\"application\/ld+json\" class=\"yoast-schema-graph\">{\"@context\":\"https:\/\/schema.org\",\"@graph\":[{\"@type\":\"WebPage\",\"@id\":\"https:\/\/easyliferobo.com\/de\/product\/ferngesteuertes-roboter-haustierspielzeug-interaktive-intelligente-roboterkatzenkinder-mit-licht-und-ton-programmierbare-rc-spielzeuggeschenke-fuer-kinder-ab-8-jahren\/\",\"url\":\"https:\/\/easyliferobo.com\/de\/product\/ferngesteuertes-roboter-haustierspielzeug-interaktive-intelligente-roboterkatzenkinder-mit-licht-und-ton-programmierbare-rc-spielzeuggeschenke-fuer-kinder-ab-8-jahren\/\",\"name\":\"Ferngesteuertes Roboter-Haustierspielzeug, interaktive intelligente Roboterkatzenkinder mit Licht und Ton, programmierbare RC-Spielzeuggeschenke f\u00fcr Kinder ab 8 Jahren - EasyLifeBro\",\"isPartOf\":{\"@id\":\"https:\/\/easyliferobo.com\/de\/#website\"},\"primaryImageOfPage\":{\"@id\":\"https:\/\/easyliferobo.com\/de\/product\/ferngesteuertes-roboter-haustierspielzeug-interaktive-intelligente-roboterkatzenkinder-mit-licht-und-ton-programmierbare-rc-spielzeuggeschenke-fuer-kinder-ab-8-jahren\/#primaryimage\"},\"image\":{\"@id\":\"https:\/\/easyliferobo.com\/de\/product\/ferngesteuertes-roboter-haustierspielzeug-interaktive-intelligente-roboterkatzenkinder-mit-licht-und-ton-programmierbare-rc-spielzeuggeschenke-fuer-kinder-ab-8-jahren\/#primaryimage\"},\"thumbnailUrl\":\"https:\/\/easyliferobo.com\/de\/wp-content\/uploads\/2026\/02\/71n76BiBx1L._AC_SL1500_.jpg\",\"datePublished\":\"2026-02-23T15:22:18+00:00\",\"dateModified\":\"2026-02-23T15:22:38+00:00\",\"description\":\"Entdecken Sie smarte Roboter f\u00fcr Zuhause, Garten, Bildung und Sicherheit. Vergleichen Sie Saugroboter, Rasenm\u00e4hroboter, KI-Begleitroboter und mehr bei EasyLifeRobo.\",\"breadcrumb\":{\"@id\":\"https:\/\/easyliferobo.com\/de\/product\/ferngesteuertes-roboter-haustierspielzeug-interaktive-intelligente-roboterkatzenkinder-mit-licht-und-ton-programmierbare-rc-spielzeuggeschenke-fuer-kinder-ab-8-jahren\/#breadcrumb\"},\"inLanguage\":\"de\",\"potentialAction\":[{\"@type\":\"ReadAction\",\"target\":[\"https:\/\/easyliferobo.com\/de\/product\/ferngesteuertes-roboter-haustierspielzeug-interaktive-intelligente-roboterkatzenkinder-mit-licht-und-ton-programmierbare-rc-spielzeuggeschenke-fuer-kinder-ab-8-jahren\/\"]}]},{\"@type\":\"ImageObject\",\"inLanguage\":\"de\",\"@id\":\"https:\/\/easyliferobo.com\/de\/product\/ferngesteuertes-roboter-haustierspielzeug-interaktive-intelligente-roboterkatzenkinder-mit-licht-und-ton-programmierbare-rc-spielzeuggeschenke-fuer-kinder-ab-8-jahren\/#primaryimage\",\"url\":\"https:\/\/easyliferobo.com\/de\/wp-content\/uploads\/2026\/02\/71n76BiBx1L._AC_SL1500_.jpg\",\"contentUrl\":\"https:\/\/easyliferobo.com\/de\/wp-content\/uploads\/2026\/02\/71n76BiBx1L._AC_SL1500_.jpg\",\"width\":1458,\"height\":1500},{\"@type\":\"BreadcrumbList\",\"@id\":\"https:\/\/easyliferobo.com\/de\/product\/ferngesteuertes-roboter-haustierspielzeug-interaktive-intelligente-roboterkatzenkinder-mit-licht-und-ton-programmierbare-rc-spielzeuggeschenke-fuer-kinder-ab-8-jahren\/#breadcrumb\",\"itemListElement\":[{\"@type\":\"ListItem\",\"position\":1,\"name\":\"Home\",\"item\":\"https:\/\/easyliferobo.com\/de\/\"},{\"@type\":\"ListItem\",\"position\":2,\"name\":\"Shop\",\"item\":\"https:\/\/easyliferobo.com\/de\/shop\/\"},{\"@type\":\"ListItem\",\"position\":3,\"name\":\"Ferngesteuertes Roboter-Haustierspi...\"}]},{\"@type\":\"WebSite\",\"@id\":\"https:\/\/easyliferobo.com\/de\/#website\",\"url\":\"https:\/\/easyliferobo.com\/de\/\",\"name\":\"EasyLifeBro\",\"description\":\"Smarte Roboter f\u00fcr Zuhause, Garten &amp; Bildung\",\"publisher\":{\"@id\":\"https:\/\/easyliferobo.com\/de\/#organization\"},\"potentialAction\":[{\"@type\":\"SearchAction\",\"target\":{\"@type\":\"EntryPoint\",\"urlTemplate\":\"https:\/\/easyliferobo.com\/de\/?s={search_term_string}\"},\"query-input\":{\"@type\":\"PropertyValueSpecification\",\"valueRequired\":true,\"valueName\":\"search_term_string\"}}],\"inLanguage\":\"de\"},{\"@type\":\"Organization\",\"@id\":\"https:\/\/easyliferobo.com\/de\/#organization\",\"name\":\"EasyLifeBro\",\"url\":\"https:\/\/easyliferobo.com\/de\/\",\"logo\":{\"@type\":\"ImageObject\",\"inLanguage\":\"de\",\"@id\":\"https:\/\/easyliferobo.com\/de\/#\/schema\/logo\/image\/\",\"url\":\"https:\/\/easyliferobo.com\/de\/wp-content\/uploads\/2026\/02\/Screenshot-2026-02-22-at-2.25.03-PM.png\",\"contentUrl\":\"https:\/\/easyliferobo.com\/de\/wp-content\/uploads\/2026\/02\/Screenshot-2026-02-22-at-2.25.03-PM.png\",\"width\":1858,\"height\":430,\"caption\":\"EasyLifeBro\"},\"image\":{\"@id\":\"https:\/\/easyliferobo.com\/de\/#\/schema\/logo\/image\/\"}}]}<\/script>\n<!-- \/ Yoast SEO plugin. -->","yoast_head_json":{"title":"Ferngesteuertes Roboter-Haustierspielzeug, interaktive intelligente Roboterkatzenkinder mit Licht und Ton, programmierbare RC-Spielzeuggeschenke f\u00fcr Kinder ab 8 Jahren - EasyLifeBro","description":"Entdecken Sie smarte Roboter f\u00fcr Zuhause, Garten, Bildung und Sicherheit. Vergleichen Sie Saugroboter, Rasenm\u00e4hroboter, KI-Begleitroboter und mehr bei EasyLifeRobo.","robots":{"index":"index","follow":"follow","max-snippet":"max-snippet:-1","max-image-preview":"max-image-preview:large","max-video-preview":"max-video-preview:-1"},"canonical":"https:\/\/easyliferobo.com\/de\/product\/ferngesteuertes-roboter-haustierspielzeug-interaktive-intelligente-roboterkatzenkinder-mit-licht-und-ton-programmierbare-rc-spielzeuggeschenke-fuer-kinder-ab-8-jahren\/","og_locale":"de_DE","og_type":"article","og_title":"Ferngesteuertes Roboter-Haustierspielzeug, interaktive intelligente Roboterkatzenkinder mit Licht und Ton, programmierbare RC-Spielzeuggeschenke f\u00fcr Kinder ab 8 Jahren - EasyLifeBro","og_description":"Entdecken Sie smarte Roboter f\u00fcr Zuhause, Garten, Bildung und Sicherheit. Vergleichen Sie Saugroboter, Rasenm\u00e4hroboter, KI-Begleitroboter und mehr bei EasyLifeRobo.","og_url":"https:\/\/easyliferobo.com\/de\/product\/ferngesteuertes-roboter-haustierspielzeug-interaktive-intelligente-roboterkatzenkinder-mit-licht-und-ton-programmierbare-rc-spielzeuggeschenke-fuer-kinder-ab-8-jahren\/","og_site_name":"EasyLifeBro","article_modified_time":"2026-02-23T15:22:38+00:00","og_image":[{"width":1458,"height":1500,"url":"https:\/\/easyliferobo.com\/de\/wp-content\/uploads\/2026\/02\/71n76BiBx1L._AC_SL1500_.jpg","type":"image\/jpeg"}],"twitter_card":"summary_large_image","twitter_misc":{"Gesch\u00e4tzte Lesezeit":"1\u00a0Minute"},"schema":{"@context":"https:\/\/schema.org","@graph":[{"@type":"WebPage","@id":"https:\/\/easyliferobo.com\/de\/product\/ferngesteuertes-roboter-haustierspielzeug-interaktive-intelligente-roboterkatzenkinder-mit-licht-und-ton-programmierbare-rc-spielzeuggeschenke-fuer-kinder-ab-8-jahren\/","url":"https:\/\/easyliferobo.com\/de\/product\/ferngesteuertes-roboter-haustierspielzeug-interaktive-intelligente-roboterkatzenkinder-mit-licht-und-ton-programmierbare-rc-spielzeuggeschenke-fuer-kinder-ab-8-jahren\/","name":"Ferngesteuertes Roboter-Haustierspielzeug, interaktive intelligente Roboterkatzenkinder mit Licht und Ton, programmierbare RC-Spielzeuggeschenke f\u00fcr Kinder ab 8 Jahren - EasyLifeBro","isPartOf":{"@id":"https:\/\/easyliferobo.com\/de\/#website"},"primaryImageOfPage":{"@id":"https:\/\/easyliferobo.com\/de\/product\/ferngesteuertes-roboter-haustierspielzeug-interaktive-intelligente-roboterkatzenkinder-mit-licht-und-ton-programmierbare-rc-spielzeuggeschenke-fuer-kinder-ab-8-jahren\/#primaryimage"},"image":{"@id":"https:\/\/easyliferobo.com\/de\/product\/ferngesteuertes-roboter-haustierspielzeug-interaktive-intelligente-roboterkatzenkinder-mit-licht-und-ton-programmierbare-rc-spielzeuggeschenke-fuer-kinder-ab-8-jahren\/#primaryimage"},"thumbnailUrl":"https:\/\/easyliferobo.com\/de\/wp-content\/uploads\/2026\/02\/71n76BiBx1L._AC_SL1500_.jpg","datePublished":"2026-02-23T15:22:18+00:00","dateModified":"2026-02-23T15:22:38+00:00","description":"Entdecken Sie smarte Roboter f\u00fcr Zuhause, Garten, Bildung und Sicherheit. Vergleichen Sie Saugroboter, Rasenm\u00e4hroboter, KI-Begleitroboter und mehr bei EasyLifeRobo.","breadcrumb":{"@id":"https:\/\/easyliferobo.com\/de\/product\/ferngesteuertes-roboter-haustierspielzeug-interaktive-intelligente-roboterkatzenkinder-mit-licht-und-ton-programmierbare-rc-spielzeuggeschenke-fuer-kinder-ab-8-jahren\/#breadcrumb"},"inLanguage":"de","potentialAction":[{"@type":"ReadAction","target":["https:\/\/easyliferobo.com\/de\/product\/ferngesteuertes-roboter-haustierspielzeug-interaktive-intelligente-roboterkatzenkinder-mit-licht-und-ton-programmierbare-rc-spielzeuggeschenke-fuer-kinder-ab-8-jahren\/"]}]},{"@type":"ImageObject","inLanguage":"de","@id":"https:\/\/easyliferobo.com\/de\/product\/ferngesteuertes-roboter-haustierspielzeug-interaktive-intelligente-roboterkatzenkinder-mit-licht-und-ton-programmierbare-rc-spielzeuggeschenke-fuer-kinder-ab-8-jahren\/#primaryimage","url":"https:\/\/easyliferobo.com\/de\/wp-content\/uploads\/2026\/02\/71n76BiBx1L._AC_SL1500_.jpg","contentUrl":"https:\/\/easyliferobo.com\/de\/wp-content\/uploads\/2026\/02\/71n76BiBx1L._AC_SL1500_.jpg","width":1458,"height":1500},{"@type":"BreadcrumbList","@id":"https:\/\/easyliferobo.com\/de\/product\/ferngesteuertes-roboter-haustierspielzeug-interaktive-intelligente-roboterkatzenkinder-mit-licht-und-ton-programmierbare-rc-spielzeuggeschenke-fuer-kinder-ab-8-jahren\/#breadcrumb","itemListElement":[{"@type":"ListItem","position":1,"name":"Home","item":"https:\/\/easyliferobo.com\/de\/"},{"@type":"ListItem","position":2,"name":"Shop","item":"https:\/\/easyliferobo.com\/de\/shop\/"},{"@type":"ListItem","position":3,"name":"Ferngesteuertes Roboter-Haustierspi..."}]},{"@type":"WebSite","@id":"https:\/\/easyliferobo.com\/de\/#website","url":"https:\/\/easyliferobo.com\/de\/","name":"EasyLifeBro","description":"Smarte Roboter f\u00fcr Zuhause, Garten &amp; Bildung","publisher":{"@id":"https:\/\/easyliferobo.com\/de\/#organization"},"potentialAction":[{"@type":"SearchAction","target":{"@type":"EntryPoint","urlTemplate":"https:\/\/easyliferobo.com\/de\/?s={search_term_string}"},"query-input":{"@type":"PropertyValueSpecification","valueRequired":true,"valueName":"search_term_string"}}],"inLanguage":"de"},{"@type":"Organization","@id":"https:\/\/easyliferobo.com\/de\/#organization","name":"EasyLifeBro","url":"https:\/\/easyliferobo.com\/de\/","logo":{"@type":"ImageObject","inLanguage":"de","@id":"https:\/\/easyliferobo.com\/de\/#\/schema\/logo\/image\/","url":"https:\/\/easyliferobo.com\/de\/wp-content\/uploads\/2026\/02\/Screenshot-2026-02-22-at-2.25.03-PM.png","contentUrl":"https:\/\/easyliferobo.com\/de\/wp-content\/uploads\/2026\/02\/Screenshot-2026-02-22-at-2.25.03-PM.png","width":1858,"height":430,"caption":"EasyLifeBro"},"image":{"@id":"https:\/\/easyliferobo.com\/de\/#\/schema\/logo\/image\/"}}]}},"_links":{"self":[{"href":"https:\/\/easyliferobo.com\/de\/wp-json\/wp\/v2\/product\/1668","targetHints":{"allow":["GET"]}}],"collection":[{"href":"https:\/\/easyliferobo.com\/de\/wp-json\/wp\/v2\/product"}],"about":[{"href":"https:\/\/easyliferobo.com\/de\/wp-json\/wp\/v2\/types\/product"}],"replies":[{"embeddable":true,"href":"https:\/\/easyliferobo.com\/de\/wp-json\/wp\/v2\/comments?post=1668"}],"wp:featuredmedia":[{"embeddable":true,"href":"https:\/\/easyliferobo.com\/de\/wp-json\/wp\/v2\/media\/1669"}],"wp:attachment":[{"href":"https:\/\/easyliferobo.com\/de\/wp-json\/wp\/v2\/media?parent=1668"}],"wp:term":[{"taxonomy":"store","embeddable":true,"href":"https:\/\/easyliferobo.com\/de\/wp-json\/wp\/v2\/store?post=1668"},{"taxonomy":"product_brand","embeddable":true,"href":"https:\/\/easyliferobo.com\/de\/wp-json\/wp\/v2\/product_brand?post=1668"},{"taxonomy":"product_cat","embeddable":true,"href":"https:\/\/easyliferobo.com\/de\/wp-json\/wp\/v2\/product_cat?post=1668"},{"taxonomy":"product_tag","embeddable":true,"href":"https:\/\/easyliferobo.com\/de\/wp-json\/wp\/v2\/product_tag?post=1668"}],"curies":[{"name":"wp","href":"https:\/\/api.w.org\/{rel}","templated":true}]}}