
{"id":1660,"date":"2026-02-23T10:44:02","date_gmt":"2026-02-23T10:44:02","guid":{"rendered":"https:\/\/easyliferobo.com\/de\/product\/diy-elektronischer-lautsprecher-loetsatz-radio-bausatz-mit-ukw-radio-und-sprachaufzeichnung-lautsprecher-bausatz-mit-sprachgesteuerter-led-und-fernbedienung-elektronischer-bausatz-fuer-erwachsene\/"},"modified":"2026-02-23T10:44:14","modified_gmt":"2026-02-23T10:44:14","slug":"diy-elektronischer-lautsprecher-loetsatz-radio-bausatz-mit-ukw-radio-und-sprachaufzeichnung-lautsprecher-bausatz-mit-sprachgesteuerter-led-und-fernbedienung-elektronischer-bausatz-fuer-erwachsene","status":"publish","type":"product","link":"https:\/\/easyliferobo.com\/de\/product\/diy-elektronischer-lautsprecher-loetsatz-radio-bausatz-mit-ukw-radio-und-sprachaufzeichnung-lautsprecher-bausatz-mit-sprachgesteuerter-led-und-fernbedienung-elektronischer-bausatz-fuer-erwachsene\/","title":{"rendered":"DIY elektronischer Lautsprecher-L\u00f6..."},"content":{"rendered":"<p>    <span>Funktionen: <\/span><br \/><span>&#8211; Dieses DIY-L\u00f6tset f\u00fcr elektronische Lautsprecher unterst\u00fctzt vier Wiedergabemodi: Bluetooth 5.0, AUX, USB-Stick und TF-Karte. Sein transparentes Acrylgeh\u00e4use vermittelt ein Gef\u00fchl f\u00fcr Technik und seine LEDs animieren im Rhythmus der Musik und sorgen f\u00fcr eine lebendige Atmosph\u00e4re. <\/span><br \/><span>&#8211; Es unterst\u00fctzt UKW-Radio mit einer digitalen Anzeige von Kanal und Modus und verf\u00fcgt \u00fcber One-Touch-Aufnahme-\/Anruffunktionen f\u00fcr eine einfache Bedienung. <\/span><br \/><span>&#8211; Es ist ein ideales Werkzeug f\u00fcr die L\u00f6tpraxis und verbindet Theorie mit Praxis, um Erwachsenen, Studenten und Bastlern dabei zu helfen, ihre F\u00e4higkeiten zu verbessern, sich mit den Komponenten vertraut zu machen und Spa\u00df zu haben! <\/span><br \/><span><br \/><\/span><br \/><span>Spezifikationen: <\/span><br \/><span>Produktname: DIY elektronischer Lautsprecher-L\u00f6tsatz. <\/span><br \/><span>Betriebsspannung: DC 5 V. <\/span><br \/><span>Ruhestrom: 40mA <\/span><br \/><span>Ausgangsleistung: 2 x 3 W. <\/span><br \/><span>Bluetooth-Anschluss: JQ BT <\/span><br \/><span>Abmessungen: 20 x 14 x 8 cm. <\/span><br \/><span>Gewicht: 365 g <\/span><br \/><span><br \/><\/span><br \/><span>Verpackung: <\/span><br \/><span>1 x DIY-L\u00f6tset f\u00fcr elektronische Lautsprecher. <\/span><br \/><span>1 x Bedienungsanleitung (evtl. nicht in deutscher Sprache). <\/span><br \/><span>1 x Verpackungsbox. <\/span><br \/>All-in-One-Radio-Set: Dieses praktische und innovative DIY-Set unterst\u00fctzt Bluetooth 5.0, AUX-Anschluss, USB-Stick und TF-Karten-Wiedergabe und erm\u00f6glicht Ihnen die einfache Musikwiedergabe. Ob beim Schwei\u00dfen, bei einem Familientreffen, bei Outdoor-Aktivit\u00e4ten oder einfach nur beim Genie\u00dfen Ihrer Freizeit \u2013 dieses DIY-L\u00f6tset f\u00fcr elektronische Lautsprecher ist die perfekte Wahl<br \/>FM-Steuerung: Unser DIY-L\u00f6tset f\u00fcr elektronische Lautsprecher unterst\u00fctzt FM (87,5\u2013108,0 MHz). Das digitale Display zeigt deutlich den aktuellen FM-Kanal und den Betriebsmodus an und erleichtert so die Suche und Einstellung. Mit der Fernbedienung k\u00f6nnen Sie au\u00dferdem problemlos zwischen den Wiedergabemodi wechseln. Die Bedienung ist intuitiv und einfach<br \/>Exquisiter Look: Das Radio-Set besteht aus transparentem Acryl und vermittelt ein High-Tech-Feeling. Die internen Schaltkreise sind deutlich sichtbar und vermitteln Erfolgserlebnisse. Die LED-Beleuchtung reagiert auf die Musikfrequenz und sorgt f\u00fcr einzigartige Lichteffekte und eine angenehme Atmosph\u00e4re. Das Lautsprecherset ist die perfekte Wahl f\u00fcr Partys oder einfach zum Entspannen<br \/>Vielseitige Funktionen: Unser Radio-Kit bietet One-Touch-Aufnahme- und Anruffunktionen. Dr\u00fccken Sie im Musikwiedergabemodus von einem USB-Stick\/einer TF-Karte lange die Modustaste, um die Aufnahme zu starten. Dr\u00fccken Sie die Modustaste erneut lange, um die Aufnahme zu stoppen, und dr\u00fccken Sie die Modustaste erneut kurz, um die Aufnahme vom USB-Stick\/der TF-Karte abzuspielen<br \/>Ideales Schwei\u00df\u00fcbungsprojekt: Dieses hervorragende Schwei\u00df\u00fcbungsprojektset kombiniert theoretisches Wissen mit praktischen \u00dcbungen, sodass Sie das Gelernte in realen Situationen anwenden und Ihre Schwei\u00dff\u00e4higkeiten verbessern k\u00f6nnen. Das Lautsprecherset verbessert nicht nur Ihre F\u00e4higkeiten, sondern hilft Ihnen auch, sich mit elektronischen Komponenten vertraut zu machen und bietet Erwachsenen, Studenten und L\u00f6tbegeisterten ein unterhaltsames L\u00f6terlebnis<\/p>\n<p>[ad_2]<\/p>\n","protected":false},"excerpt":{"rendered":"<p>Funktionen: &#8211; Dieses DIY-L\u00f6tset f\u00fcr elektronische Lautsprecher unterst\u00fctzt vier Wiedergabemodi: Bluetooth 5.0, AUX, USB-Stick und TF-Karte. Sein transparentes Acrylgeh\u00e4use vermittelt ein Gef\u00fchl f\u00fcr Technik und seine LEDs animieren im Rhythmus der Musik und sorgen f\u00fcr eine lebendige Atmosph\u00e4re. &#8211; Es unterst\u00fctzt UKW-Radio mit einer digitalen Anzeige von Kanal und Modus und verf\u00fcgt \u00fcber One-Touch-Aufnahme-\/Anruffunktionen f\u00fcr [&hellip;]<\/p>\n","protected":false},"featured_media":1661,"comment_status":"open","ping_status":"closed","template":"","meta":{"_aipt_faq_data":""},"store":[],"product_brand":[328],"product_cat":[95],"product_tag":[327],"class_list":{"0":"post-1660","1":"product","2":"type-product","3":"status-publish","4":"has-post-thumbnail","6":"product_brand-afenau","7":"product_cat-sprachgesteuerte-roboter","8":"product_tag-sprachgesteuerte-roboter-diy-bausatz","10":"first","11":"instock","12":"shipping-taxable","13":"product-type-external"},"yoast_head":"<!-- This site is optimized with the Yoast SEO plugin v27.0 - https:\/\/yoast.com\/product\/yoast-seo-wordpress\/ -->\n<title>DIY elektronischer Lautsprecher-L\u00f6tsatz, Radio-Bausatz mit UKW-Radio und Sprachaufzeichnung, Lautsprecher-Bausatz mit sprachgesteuerter LED und Fernbedienung, elektronischer Bausatz f\u00fcr Erwachsene - EasyLifeBro<\/title>\n<meta name=\"description\" content=\"Entdecken Sie smarte Roboter f\u00fcr Zuhause, Garten, Bildung und Sicherheit. Vergleichen Sie Saugroboter, Rasenm\u00e4hroboter, KI-Begleitroboter und mehr bei EasyLifeRobo.\" \/>\n<meta name=\"robots\" content=\"index, follow, max-snippet:-1, max-image-preview:large, max-video-preview:-1\" \/>\n<link rel=\"canonical\" href=\"https:\/\/easyliferobo.com\/de\/product\/diy-elektronischer-lautsprecher-loetsatz-radio-bausatz-mit-ukw-radio-und-sprachaufzeichnung-lautsprecher-bausatz-mit-sprachgesteuerter-led-und-fernbedienung-elektronischer-bausatz-fuer-erwachsene\/\" \/>\n<meta property=\"og:locale\" content=\"de_DE\" \/>\n<meta property=\"og:type\" content=\"article\" \/>\n<meta property=\"og:title\" content=\"DIY elektronischer Lautsprecher-L\u00f6tsatz, Radio-Bausatz mit UKW-Radio und Sprachaufzeichnung, Lautsprecher-Bausatz mit sprachgesteuerter LED und Fernbedienung, elektronischer Bausatz f\u00fcr Erwachsene - EasyLifeBro\" \/>\n<meta property=\"og:description\" content=\"Entdecken Sie smarte Roboter f\u00fcr Zuhause, Garten, Bildung und Sicherheit. Vergleichen Sie Saugroboter, Rasenm\u00e4hroboter, KI-Begleitroboter und mehr bei EasyLifeRobo.\" \/>\n<meta property=\"og:url\" content=\"https:\/\/easyliferobo.com\/de\/product\/diy-elektronischer-lautsprecher-loetsatz-radio-bausatz-mit-ukw-radio-und-sprachaufzeichnung-lautsprecher-bausatz-mit-sprachgesteuerter-led-und-fernbedienung-elektronischer-bausatz-fuer-erwachsene\/\" \/>\n<meta property=\"og:site_name\" content=\"EasyLifeBro\" \/>\n<meta property=\"article:modified_time\" content=\"2026-02-23T10:44:14+00:00\" \/>\n<meta property=\"og:image\" content=\"https:\/\/easyliferobo.com\/de\/wp-content\/uploads\/2026\/02\/71KUE2-UkL._AC_SL1000_.jpg\" \/>\n\t<meta property=\"og:image:width\" content=\"983\" \/>\n\t<meta property=\"og:image:height\" content=\"990\" \/>\n\t<meta property=\"og:image:type\" content=\"image\/jpeg\" \/>\n<meta name=\"twitter:card\" content=\"summary_large_image\" \/>\n<meta name=\"twitter:label1\" content=\"Gesch\u00e4tzte Lesezeit\" \/>\n\t<meta name=\"twitter:data1\" content=\"2\u00a0Minuten\" \/>\n<script type=\"application\/ld+json\" class=\"yoast-schema-graph\">{\"@context\":\"https:\/\/schema.org\",\"@graph\":[{\"@type\":\"WebPage\",\"@id\":\"https:\/\/easyliferobo.com\/de\/product\/diy-elektronischer-lautsprecher-loetsatz-radio-bausatz-mit-ukw-radio-und-sprachaufzeichnung-lautsprecher-bausatz-mit-sprachgesteuerter-led-und-fernbedienung-elektronischer-bausatz-fuer-erwachsene\/\",\"url\":\"https:\/\/easyliferobo.com\/de\/product\/diy-elektronischer-lautsprecher-loetsatz-radio-bausatz-mit-ukw-radio-und-sprachaufzeichnung-lautsprecher-bausatz-mit-sprachgesteuerter-led-und-fernbedienung-elektronischer-bausatz-fuer-erwachsene\/\",\"name\":\"DIY elektronischer Lautsprecher-L\u00f6tsatz, Radio-Bausatz mit UKW-Radio und Sprachaufzeichnung, Lautsprecher-Bausatz mit sprachgesteuerter LED und Fernbedienung, elektronischer Bausatz f\u00fcr Erwachsene - EasyLifeBro\",\"isPartOf\":{\"@id\":\"https:\/\/easyliferobo.com\/de\/#website\"},\"primaryImageOfPage\":{\"@id\":\"https:\/\/easyliferobo.com\/de\/product\/diy-elektronischer-lautsprecher-loetsatz-radio-bausatz-mit-ukw-radio-und-sprachaufzeichnung-lautsprecher-bausatz-mit-sprachgesteuerter-led-und-fernbedienung-elektronischer-bausatz-fuer-erwachsene\/#primaryimage\"},\"image\":{\"@id\":\"https:\/\/easyliferobo.com\/de\/product\/diy-elektronischer-lautsprecher-loetsatz-radio-bausatz-mit-ukw-radio-und-sprachaufzeichnung-lautsprecher-bausatz-mit-sprachgesteuerter-led-und-fernbedienung-elektronischer-bausatz-fuer-erwachsene\/#primaryimage\"},\"thumbnailUrl\":\"https:\/\/easyliferobo.com\/de\/wp-content\/uploads\/2026\/02\/71KUE2-UkL._AC_SL1000_.jpg\",\"datePublished\":\"2026-02-23T10:44:02+00:00\",\"dateModified\":\"2026-02-23T10:44:14+00:00\",\"description\":\"Entdecken Sie smarte Roboter f\u00fcr Zuhause, Garten, Bildung und Sicherheit. Vergleichen Sie Saugroboter, Rasenm\u00e4hroboter, KI-Begleitroboter und mehr bei EasyLifeRobo.\",\"breadcrumb\":{\"@id\":\"https:\/\/easyliferobo.com\/de\/product\/diy-elektronischer-lautsprecher-loetsatz-radio-bausatz-mit-ukw-radio-und-sprachaufzeichnung-lautsprecher-bausatz-mit-sprachgesteuerter-led-und-fernbedienung-elektronischer-bausatz-fuer-erwachsene\/#breadcrumb\"},\"inLanguage\":\"de\",\"potentialAction\":[{\"@type\":\"ReadAction\",\"target\":[\"https:\/\/easyliferobo.com\/de\/product\/diy-elektronischer-lautsprecher-loetsatz-radio-bausatz-mit-ukw-radio-und-sprachaufzeichnung-lautsprecher-bausatz-mit-sprachgesteuerter-led-und-fernbedienung-elektronischer-bausatz-fuer-erwachsene\/\"]}]},{\"@type\":\"ImageObject\",\"inLanguage\":\"de\",\"@id\":\"https:\/\/easyliferobo.com\/de\/product\/diy-elektronischer-lautsprecher-loetsatz-radio-bausatz-mit-ukw-radio-und-sprachaufzeichnung-lautsprecher-bausatz-mit-sprachgesteuerter-led-und-fernbedienung-elektronischer-bausatz-fuer-erwachsene\/#primaryimage\",\"url\":\"https:\/\/easyliferobo.com\/de\/wp-content\/uploads\/2026\/02\/71KUE2-UkL._AC_SL1000_.jpg\",\"contentUrl\":\"https:\/\/easyliferobo.com\/de\/wp-content\/uploads\/2026\/02\/71KUE2-UkL._AC_SL1000_.jpg\",\"width\":983,\"height\":990},{\"@type\":\"BreadcrumbList\",\"@id\":\"https:\/\/easyliferobo.com\/de\/product\/diy-elektronischer-lautsprecher-loetsatz-radio-bausatz-mit-ukw-radio-und-sprachaufzeichnung-lautsprecher-bausatz-mit-sprachgesteuerter-led-und-fernbedienung-elektronischer-bausatz-fuer-erwachsene\/#breadcrumb\",\"itemListElement\":[{\"@type\":\"ListItem\",\"position\":1,\"name\":\"Home\",\"item\":\"https:\/\/easyliferobo.com\/de\/\"},{\"@type\":\"ListItem\",\"position\":2,\"name\":\"Shop\",\"item\":\"https:\/\/easyliferobo.com\/de\/shop\/\"},{\"@type\":\"ListItem\",\"position\":3,\"name\":\"DIY elektronischer Lautsprecher-L\u00f6...\"}]},{\"@type\":\"WebSite\",\"@id\":\"https:\/\/easyliferobo.com\/de\/#website\",\"url\":\"https:\/\/easyliferobo.com\/de\/\",\"name\":\"EasyLifeBro\",\"description\":\"Smarte Roboter f\u00fcr Zuhause, Garten &amp; Bildung\",\"publisher\":{\"@id\":\"https:\/\/easyliferobo.com\/de\/#organization\"},\"potentialAction\":[{\"@type\":\"SearchAction\",\"target\":{\"@type\":\"EntryPoint\",\"urlTemplate\":\"https:\/\/easyliferobo.com\/de\/?s={search_term_string}\"},\"query-input\":{\"@type\":\"PropertyValueSpecification\",\"valueRequired\":true,\"valueName\":\"search_term_string\"}}],\"inLanguage\":\"de\"},{\"@type\":\"Organization\",\"@id\":\"https:\/\/easyliferobo.com\/de\/#organization\",\"name\":\"EasyLifeBro\",\"url\":\"https:\/\/easyliferobo.com\/de\/\",\"logo\":{\"@type\":\"ImageObject\",\"inLanguage\":\"de\",\"@id\":\"https:\/\/easyliferobo.com\/de\/#\/schema\/logo\/image\/\",\"url\":\"https:\/\/easyliferobo.com\/de\/wp-content\/uploads\/2026\/02\/Screenshot-2026-02-22-at-2.25.03-PM.png\",\"contentUrl\":\"https:\/\/easyliferobo.com\/de\/wp-content\/uploads\/2026\/02\/Screenshot-2026-02-22-at-2.25.03-PM.png\",\"width\":1858,\"height\":430,\"caption\":\"EasyLifeBro\"},\"image\":{\"@id\":\"https:\/\/easyliferobo.com\/de\/#\/schema\/logo\/image\/\"}}]}<\/script>\n<!-- \/ Yoast SEO plugin. -->","yoast_head_json":{"title":"DIY elektronischer Lautsprecher-L\u00f6tsatz, Radio-Bausatz mit UKW-Radio und Sprachaufzeichnung, Lautsprecher-Bausatz mit sprachgesteuerter LED und Fernbedienung, elektronischer Bausatz f\u00fcr Erwachsene - EasyLifeBro","description":"Entdecken Sie smarte Roboter f\u00fcr Zuhause, Garten, Bildung und Sicherheit. Vergleichen Sie Saugroboter, Rasenm\u00e4hroboter, KI-Begleitroboter und mehr bei EasyLifeRobo.","robots":{"index":"index","follow":"follow","max-snippet":"max-snippet:-1","max-image-preview":"max-image-preview:large","max-video-preview":"max-video-preview:-1"},"canonical":"https:\/\/easyliferobo.com\/de\/product\/diy-elektronischer-lautsprecher-loetsatz-radio-bausatz-mit-ukw-radio-und-sprachaufzeichnung-lautsprecher-bausatz-mit-sprachgesteuerter-led-und-fernbedienung-elektronischer-bausatz-fuer-erwachsene\/","og_locale":"de_DE","og_type":"article","og_title":"DIY elektronischer Lautsprecher-L\u00f6tsatz, Radio-Bausatz mit UKW-Radio und Sprachaufzeichnung, Lautsprecher-Bausatz mit sprachgesteuerter LED und Fernbedienung, elektronischer Bausatz f\u00fcr Erwachsene - EasyLifeBro","og_description":"Entdecken Sie smarte Roboter f\u00fcr Zuhause, Garten, Bildung und Sicherheit. Vergleichen Sie Saugroboter, Rasenm\u00e4hroboter, KI-Begleitroboter und mehr bei EasyLifeRobo.","og_url":"https:\/\/easyliferobo.com\/de\/product\/diy-elektronischer-lautsprecher-loetsatz-radio-bausatz-mit-ukw-radio-und-sprachaufzeichnung-lautsprecher-bausatz-mit-sprachgesteuerter-led-und-fernbedienung-elektronischer-bausatz-fuer-erwachsene\/","og_site_name":"EasyLifeBro","article_modified_time":"2026-02-23T10:44:14+00:00","og_image":[{"width":983,"height":990,"url":"https:\/\/easyliferobo.com\/de\/wp-content\/uploads\/2026\/02\/71KUE2-UkL._AC_SL1000_.jpg","type":"image\/jpeg"}],"twitter_card":"summary_large_image","twitter_misc":{"Gesch\u00e4tzte Lesezeit":"2\u00a0Minuten"},"schema":{"@context":"https:\/\/schema.org","@graph":[{"@type":"WebPage","@id":"https:\/\/easyliferobo.com\/de\/product\/diy-elektronischer-lautsprecher-loetsatz-radio-bausatz-mit-ukw-radio-und-sprachaufzeichnung-lautsprecher-bausatz-mit-sprachgesteuerter-led-und-fernbedienung-elektronischer-bausatz-fuer-erwachsene\/","url":"https:\/\/easyliferobo.com\/de\/product\/diy-elektronischer-lautsprecher-loetsatz-radio-bausatz-mit-ukw-radio-und-sprachaufzeichnung-lautsprecher-bausatz-mit-sprachgesteuerter-led-und-fernbedienung-elektronischer-bausatz-fuer-erwachsene\/","name":"DIY elektronischer Lautsprecher-L\u00f6tsatz, Radio-Bausatz mit UKW-Radio und Sprachaufzeichnung, Lautsprecher-Bausatz mit sprachgesteuerter LED und Fernbedienung, elektronischer Bausatz f\u00fcr Erwachsene - EasyLifeBro","isPartOf":{"@id":"https:\/\/easyliferobo.com\/de\/#website"},"primaryImageOfPage":{"@id":"https:\/\/easyliferobo.com\/de\/product\/diy-elektronischer-lautsprecher-loetsatz-radio-bausatz-mit-ukw-radio-und-sprachaufzeichnung-lautsprecher-bausatz-mit-sprachgesteuerter-led-und-fernbedienung-elektronischer-bausatz-fuer-erwachsene\/#primaryimage"},"image":{"@id":"https:\/\/easyliferobo.com\/de\/product\/diy-elektronischer-lautsprecher-loetsatz-radio-bausatz-mit-ukw-radio-und-sprachaufzeichnung-lautsprecher-bausatz-mit-sprachgesteuerter-led-und-fernbedienung-elektronischer-bausatz-fuer-erwachsene\/#primaryimage"},"thumbnailUrl":"https:\/\/easyliferobo.com\/de\/wp-content\/uploads\/2026\/02\/71KUE2-UkL._AC_SL1000_.jpg","datePublished":"2026-02-23T10:44:02+00:00","dateModified":"2026-02-23T10:44:14+00:00","description":"Entdecken Sie smarte Roboter f\u00fcr Zuhause, Garten, Bildung und Sicherheit. Vergleichen Sie Saugroboter, Rasenm\u00e4hroboter, KI-Begleitroboter und mehr bei EasyLifeRobo.","breadcrumb":{"@id":"https:\/\/easyliferobo.com\/de\/product\/diy-elektronischer-lautsprecher-loetsatz-radio-bausatz-mit-ukw-radio-und-sprachaufzeichnung-lautsprecher-bausatz-mit-sprachgesteuerter-led-und-fernbedienung-elektronischer-bausatz-fuer-erwachsene\/#breadcrumb"},"inLanguage":"de","potentialAction":[{"@type":"ReadAction","target":["https:\/\/easyliferobo.com\/de\/product\/diy-elektronischer-lautsprecher-loetsatz-radio-bausatz-mit-ukw-radio-und-sprachaufzeichnung-lautsprecher-bausatz-mit-sprachgesteuerter-led-und-fernbedienung-elektronischer-bausatz-fuer-erwachsene\/"]}]},{"@type":"ImageObject","inLanguage":"de","@id":"https:\/\/easyliferobo.com\/de\/product\/diy-elektronischer-lautsprecher-loetsatz-radio-bausatz-mit-ukw-radio-und-sprachaufzeichnung-lautsprecher-bausatz-mit-sprachgesteuerter-led-und-fernbedienung-elektronischer-bausatz-fuer-erwachsene\/#primaryimage","url":"https:\/\/easyliferobo.com\/de\/wp-content\/uploads\/2026\/02\/71KUE2-UkL._AC_SL1000_.jpg","contentUrl":"https:\/\/easyliferobo.com\/de\/wp-content\/uploads\/2026\/02\/71KUE2-UkL._AC_SL1000_.jpg","width":983,"height":990},{"@type":"BreadcrumbList","@id":"https:\/\/easyliferobo.com\/de\/product\/diy-elektronischer-lautsprecher-loetsatz-radio-bausatz-mit-ukw-radio-und-sprachaufzeichnung-lautsprecher-bausatz-mit-sprachgesteuerter-led-und-fernbedienung-elektronischer-bausatz-fuer-erwachsene\/#breadcrumb","itemListElement":[{"@type":"ListItem","position":1,"name":"Home","item":"https:\/\/easyliferobo.com\/de\/"},{"@type":"ListItem","position":2,"name":"Shop","item":"https:\/\/easyliferobo.com\/de\/shop\/"},{"@type":"ListItem","position":3,"name":"DIY elektronischer Lautsprecher-L\u00f6..."}]},{"@type":"WebSite","@id":"https:\/\/easyliferobo.com\/de\/#website","url":"https:\/\/easyliferobo.com\/de\/","name":"EasyLifeBro","description":"Smarte Roboter f\u00fcr Zuhause, Garten &amp; Bildung","publisher":{"@id":"https:\/\/easyliferobo.com\/de\/#organization"},"potentialAction":[{"@type":"SearchAction","target":{"@type":"EntryPoint","urlTemplate":"https:\/\/easyliferobo.com\/de\/?s={search_term_string}"},"query-input":{"@type":"PropertyValueSpecification","valueRequired":true,"valueName":"search_term_string"}}],"inLanguage":"de"},{"@type":"Organization","@id":"https:\/\/easyliferobo.com\/de\/#organization","name":"EasyLifeBro","url":"https:\/\/easyliferobo.com\/de\/","logo":{"@type":"ImageObject","inLanguage":"de","@id":"https:\/\/easyliferobo.com\/de\/#\/schema\/logo\/image\/","url":"https:\/\/easyliferobo.com\/de\/wp-content\/uploads\/2026\/02\/Screenshot-2026-02-22-at-2.25.03-PM.png","contentUrl":"https:\/\/easyliferobo.com\/de\/wp-content\/uploads\/2026\/02\/Screenshot-2026-02-22-at-2.25.03-PM.png","width":1858,"height":430,"caption":"EasyLifeBro"},"image":{"@id":"https:\/\/easyliferobo.com\/de\/#\/schema\/logo\/image\/"}}]}},"_links":{"self":[{"href":"https:\/\/easyliferobo.com\/de\/wp-json\/wp\/v2\/product\/1660","targetHints":{"allow":["GET"]}}],"collection":[{"href":"https:\/\/easyliferobo.com\/de\/wp-json\/wp\/v2\/product"}],"about":[{"href":"https:\/\/easyliferobo.com\/de\/wp-json\/wp\/v2\/types\/product"}],"replies":[{"embeddable":true,"href":"https:\/\/easyliferobo.com\/de\/wp-json\/wp\/v2\/comments?post=1660"}],"wp:featuredmedia":[{"embeddable":true,"href":"https:\/\/easyliferobo.com\/de\/wp-json\/wp\/v2\/media\/1661"}],"wp:attachment":[{"href":"https:\/\/easyliferobo.com\/de\/wp-json\/wp\/v2\/media?parent=1660"}],"wp:term":[{"taxonomy":"store","embeddable":true,"href":"https:\/\/easyliferobo.com\/de\/wp-json\/wp\/v2\/store?post=1660"},{"taxonomy":"product_brand","embeddable":true,"href":"https:\/\/easyliferobo.com\/de\/wp-json\/wp\/v2\/product_brand?post=1660"},{"taxonomy":"product_cat","embeddable":true,"href":"https:\/\/easyliferobo.com\/de\/wp-json\/wp\/v2\/product_cat?post=1660"},{"taxonomy":"product_tag","embeddable":true,"href":"https:\/\/easyliferobo.com\/de\/wp-json\/wp\/v2\/product_tag?post=1660"}],"curies":[{"name":"wp","href":"https:\/\/api.w.org\/{rel}","templated":true}]}}