
{"id":1652,"date":"2026-02-23T08:50:22","date_gmt":"2026-02-23T08:50:22","guid":{"rendered":"https:\/\/easyliferobo.com\/de\/product\/intelligenter-kinderbetreuungsroboter-mit-begleiter-fuer-aeltere-menschen-und-pet-ueberwachung-app-fernbedienung-bewegungserkennung-2-wege-sprachanruf\/"},"modified":"2026-02-23T08:50:32","modified_gmt":"2026-02-23T08:50:32","slug":"intelligenter-kinderbetreuungsroboter-mit-begleiter-fuer-aeltere-menschen-und-pet-ueberwachung-app-fernbedienung-bewegungserkennung-2-wege-sprachanruf","status":"publish","type":"product","link":"https:\/\/easyliferobo.com\/de\/product\/intelligenter-kinderbetreuungsroboter-mit-begleiter-fuer-aeltere-menschen-und-pet-ueberwachung-app-fernbedienung-bewegungserkennung-2-wege-sprachanruf\/","title":{"rendered":"Intelligenter Kinderbetreuungsrobot..."},"content":{"rendered":"<p>    <span>Aboiled Intelligente Geschwindigkeitsregelung mit mehreren <br \/>Szene 1: Wenn Sie die allgemeine Anordnung und Hygienesituation jedes Raums im Haus regelm\u00e4\u00dfig \u00fcberpr\u00fcfen m\u00f6chten, k\u00f6nnen Sie den intelligenten Kreuzfahrtmodus so einstellen, dass jeder Raum automatisch \u00fcberwacht wird. <br \/>HD-Weitwinkelkamera, breitere Sicht. <br \/>Szene 1: In einem gro\u00dfen Wohnzimmer kann die HD-Weitwinkelkamera die Situation des gesamten Wohnzimmers auf einmal abdecken, Sie k\u00f6nnen die Spielsituation der Kinder und den Ruhezustand der \u00e4lteren Menschen im Wohnzimmer deutlich erkennen. <br \/>Laserpositionierung, Echtzeitverfolgung. <br \/>Szene 1: Wenn ein Kind zu Hause spielt und heruml\u00e4uft, k\u00f6nnen die Laserpositionierung und die Echtzeit-Tracking-Funktion den Bewegungspfad des Kindes genau verfolgen, Eltern sind jederzeit \u00fcber die Position des Kindes informiert. <br \/>App-Fernbedienung. <br \/>Szene 1: Wenn Sie auf Gesch\u00e4ftsreise in einer anderen Stadt sind und sich pl\u00f6tzlich daran erinnern, ob Sie die Elektroger\u00e4te zu Hause ausgeschaltet haben, k\u00f6nnen Sie das \u00dcberwachungsger\u00e4t \u00fcber die App fernsteuern und die Situation zu Hause \u00fcberpr\u00fcfen. <br \/>&#8211; Unterst\u00fctzte Verhaltenserkennung und -warnung. <br \/>Szene 1: Wenn eine unbekannte Person in das Haus einbricht, kann die Verhaltenserkennung sie schnell identifizieren und eine Warnung an Ihr Mobiltelefon senden. <br \/>Farbe: wie abgebildet <br \/>Material: Kunststoff. <br \/>Packungsinhalt: <br \/>1 * Kamera <br \/>1 x USB-Datenkabel. <br \/>Nur der oben genannte Paketinhalt, andere Produkte sind nicht enthalten. <br \/>Hinweis: Aufgrund der Lichtreflexion und der Monitoreinstellungen kann die Farbe des Artikels auf den Fotos leicht abweichen. Der zul\u00e4ssige Messfehler betr\u00e4gt +\/- 1-3 cm.<\/span>    <br \/>Echtzeitunterst\u00fctzung f\u00fcr Senioren und Kinder<br \/>Szene 1: Wenn Sie auf Gesch\u00e4ftsreise sind, k\u00f6nnen Sie \u00fcber das \u00dcberwachungssystem in Echtzeit die Situation Ihrer \u00e4lteren Eltern zu Hause \u00fcberpr\u00fcfen, um deren Wohlbefinden zu gew\u00e4hrleisten.<br \/>Szene 2: Wenn Sie Haustiere haben und ein l\u00e4ngeres Gesch\u00e4ft betreiben, k\u00f6nnen Sie damit \u00fcberwachen, ob Ihre Haustiere normal aktiv sind.<br \/>Vollst\u00e4ndige \u00dcberwachung der Bewegungsfreiheit im Haus<br \/>Szene 1: Wenn Sie drau\u00dfen \u00dcberstunden machen, k\u00f6nnen Sie mit dieser Funktion einen Videoanruf mit Ihren Kindern bei den Hausaufgaben zu Hause t\u00e4tigen, um sie beim Lernen zu begleiten und anzuleiten.<\/p>\n<p>[ad_2]<\/p>\n","protected":false},"excerpt":{"rendered":"<p>Aboiled Intelligente Geschwindigkeitsregelung mit mehreren Szene 1: Wenn Sie die allgemeine Anordnung und Hygienesituation jedes Raums im Haus regelm\u00e4\u00dfig \u00fcberpr\u00fcfen m\u00f6chten, k\u00f6nnen Sie den intelligenten Kreuzfahrtmodus so einstellen, dass jeder Raum automatisch \u00fcberwacht wird. HD-Weitwinkelkamera, breitere Sicht. Szene 1: In einem gro\u00dfen Wohnzimmer kann die HD-Weitwinkelkamera die Situation des gesamten Wohnzimmers auf einmal abdecken, Sie [&hellip;]<\/p>\n","protected":false},"featured_media":0,"comment_status":"open","ping_status":"closed","template":"","meta":{"_aipt_faq_data":""},"store":[],"product_brand":[],"product_cat":[96],"product_tag":[326],"class_list":{"0":"post-1652","1":"product","2":"type-product","3":"status-publish","5":"product_cat-senioren-begleitroboter","6":"product_tag-senioren-begleitroboter-mit-erinnerungsfunktion","8":"first","9":"instock","10":"shipping-taxable","11":"product-type-external"},"yoast_head":"<!-- This site is optimized with the Yoast SEO plugin v27.4 - https:\/\/yoast.com\/product\/yoast-seo-wordpress\/ -->\n<title>Intelligenter Kinderbetreuungsroboter mit Begleiter f\u00fcr \u00e4ltere Menschen und PET-\u00dcberwachung, App-Fernbedienung, Bewegungserkennung, 2-Wege-Sprachanruf - EasyLifeBro<\/title>\n<meta name=\"description\" content=\"Entdecken Sie smarte Roboter f\u00fcr Zuhause, Garten, Bildung und Sicherheit. Vergleichen Sie Saugroboter, Rasenm\u00e4hroboter, KI-Begleitroboter und mehr bei EasyLifeRobo.\" \/>\n<meta name=\"robots\" content=\"index, follow, max-snippet:-1, max-image-preview:large, max-video-preview:-1\" \/>\n<link rel=\"canonical\" href=\"https:\/\/easyliferobo.com\/de\/product\/intelligenter-kinderbetreuungsroboter-mit-begleiter-fuer-aeltere-menschen-und-pet-ueberwachung-app-fernbedienung-bewegungserkennung-2-wege-sprachanruf\/\" \/>\n<meta property=\"og:locale\" content=\"de_DE\" \/>\n<meta property=\"og:type\" content=\"article\" \/>\n<meta property=\"og:title\" content=\"Intelligenter Kinderbetreuungsroboter mit Begleiter f\u00fcr \u00e4ltere Menschen und PET-\u00dcberwachung, App-Fernbedienung, Bewegungserkennung, 2-Wege-Sprachanruf - EasyLifeBro\" \/>\n<meta property=\"og:description\" content=\"Entdecken Sie smarte Roboter f\u00fcr Zuhause, Garten, Bildung und Sicherheit. Vergleichen Sie Saugroboter, Rasenm\u00e4hroboter, KI-Begleitroboter und mehr bei EasyLifeRobo.\" \/>\n<meta property=\"og:url\" content=\"https:\/\/easyliferobo.com\/de\/product\/intelligenter-kinderbetreuungsroboter-mit-begleiter-fuer-aeltere-menschen-und-pet-ueberwachung-app-fernbedienung-bewegungserkennung-2-wege-sprachanruf\/\" \/>\n<meta property=\"og:site_name\" content=\"EasyLifeBro\" \/>\n<meta property=\"article:modified_time\" content=\"2026-02-23T08:50:32+00:00\" \/>\n<meta name=\"twitter:card\" content=\"summary_large_image\" \/>\n<meta name=\"twitter:label1\" content=\"Gesch\u00e4tzte Lesezeit\" \/>\n\t<meta name=\"twitter:data1\" content=\"2\u00a0Minuten\" \/>\n<script type=\"application\/ld+json\" class=\"yoast-schema-graph\">{\"@context\":\"https:\\\/\\\/schema.org\",\"@graph\":[{\"@type\":\"WebPage\",\"@id\":\"https:\\\/\\\/easyliferobo.com\\\/de\\\/product\\\/intelligenter-kinderbetreuungsroboter-mit-begleiter-fuer-aeltere-menschen-und-pet-ueberwachung-app-fernbedienung-bewegungserkennung-2-wege-sprachanruf\\\/\",\"url\":\"https:\\\/\\\/easyliferobo.com\\\/de\\\/product\\\/intelligenter-kinderbetreuungsroboter-mit-begleiter-fuer-aeltere-menschen-und-pet-ueberwachung-app-fernbedienung-bewegungserkennung-2-wege-sprachanruf\\\/\",\"name\":\"Intelligenter Kinderbetreuungsroboter mit Begleiter f\u00fcr \u00e4ltere Menschen und PET-\u00dcberwachung, App-Fernbedienung, Bewegungserkennung, 2-Wege-Sprachanruf - EasyLifeBro\",\"isPartOf\":{\"@id\":\"https:\\\/\\\/easyliferobo.com\\\/de\\\/#website\"},\"datePublished\":\"2026-02-23T08:50:22+00:00\",\"dateModified\":\"2026-02-23T08:50:32+00:00\",\"description\":\"Entdecken Sie smarte Roboter f\u00fcr Zuhause, Garten, Bildung und Sicherheit. Vergleichen Sie Saugroboter, Rasenm\u00e4hroboter, KI-Begleitroboter und mehr bei EasyLifeRobo.\",\"breadcrumb\":{\"@id\":\"https:\\\/\\\/easyliferobo.com\\\/de\\\/product\\\/intelligenter-kinderbetreuungsroboter-mit-begleiter-fuer-aeltere-menschen-und-pet-ueberwachung-app-fernbedienung-bewegungserkennung-2-wege-sprachanruf\\\/#breadcrumb\"},\"inLanguage\":\"de\",\"potentialAction\":[{\"@type\":\"ReadAction\",\"target\":[\"https:\\\/\\\/easyliferobo.com\\\/de\\\/product\\\/intelligenter-kinderbetreuungsroboter-mit-begleiter-fuer-aeltere-menschen-und-pet-ueberwachung-app-fernbedienung-bewegungserkennung-2-wege-sprachanruf\\\/\"]}]},{\"@type\":\"BreadcrumbList\",\"@id\":\"https:\\\/\\\/easyliferobo.com\\\/de\\\/product\\\/intelligenter-kinderbetreuungsroboter-mit-begleiter-fuer-aeltere-menschen-und-pet-ueberwachung-app-fernbedienung-bewegungserkennung-2-wege-sprachanruf\\\/#breadcrumb\",\"itemListElement\":[{\"@type\":\"ListItem\",\"position\":1,\"name\":\"Home\",\"item\":\"https:\\\/\\\/easyliferobo.com\\\/de\\\/\"},{\"@type\":\"ListItem\",\"position\":2,\"name\":\"Shop\",\"item\":\"https:\\\/\\\/easyliferobo.com\\\/de\\\/shop\\\/\"},{\"@type\":\"ListItem\",\"position\":3,\"name\":\"Intelligenter Kinderbetreuungsrobot...\"}]},{\"@type\":\"WebSite\",\"@id\":\"https:\\\/\\\/easyliferobo.com\\\/de\\\/#website\",\"url\":\"https:\\\/\\\/easyliferobo.com\\\/de\\\/\",\"name\":\"EasyLifeBro\",\"description\":\"Smarte Roboter f\u00fcr Zuhause, Garten &amp; Bildung\",\"publisher\":{\"@id\":\"https:\\\/\\\/easyliferobo.com\\\/de\\\/#organization\"},\"potentialAction\":[{\"@type\":\"SearchAction\",\"target\":{\"@type\":\"EntryPoint\",\"urlTemplate\":\"https:\\\/\\\/easyliferobo.com\\\/de\\\/?s={search_term_string}\"},\"query-input\":{\"@type\":\"PropertyValueSpecification\",\"valueRequired\":true,\"valueName\":\"search_term_string\"}}],\"inLanguage\":\"de\"},{\"@type\":\"Organization\",\"@id\":\"https:\\\/\\\/easyliferobo.com\\\/de\\\/#organization\",\"name\":\"EasyLifeBro\",\"url\":\"https:\\\/\\\/easyliferobo.com\\\/de\\\/\",\"logo\":{\"@type\":\"ImageObject\",\"inLanguage\":\"de\",\"@id\":\"https:\\\/\\\/easyliferobo.com\\\/de\\\/#\\\/schema\\\/logo\\\/image\\\/\",\"url\":\"https:\\\/\\\/easyliferobo.com\\\/de\\\/wp-content\\\/uploads\\\/2026\\\/02\\\/Screenshot-2026-02-22-at-2.25.03-PM.png\",\"contentUrl\":\"https:\\\/\\\/easyliferobo.com\\\/de\\\/wp-content\\\/uploads\\\/2026\\\/02\\\/Screenshot-2026-02-22-at-2.25.03-PM.png\",\"width\":1858,\"height\":430,\"caption\":\"EasyLifeBro\"},\"image\":{\"@id\":\"https:\\\/\\\/easyliferobo.com\\\/de\\\/#\\\/schema\\\/logo\\\/image\\\/\"}}]}<\/script>\n<!-- \/ Yoast SEO plugin. -->","yoast_head_json":{"title":"Intelligenter Kinderbetreuungsroboter mit Begleiter f\u00fcr \u00e4ltere Menschen und PET-\u00dcberwachung, App-Fernbedienung, Bewegungserkennung, 2-Wege-Sprachanruf - EasyLifeBro","description":"Entdecken Sie smarte Roboter f\u00fcr Zuhause, Garten, Bildung und Sicherheit. Vergleichen Sie Saugroboter, Rasenm\u00e4hroboter, KI-Begleitroboter und mehr bei EasyLifeRobo.","robots":{"index":"index","follow":"follow","max-snippet":"max-snippet:-1","max-image-preview":"max-image-preview:large","max-video-preview":"max-video-preview:-1"},"canonical":"https:\/\/easyliferobo.com\/de\/product\/intelligenter-kinderbetreuungsroboter-mit-begleiter-fuer-aeltere-menschen-und-pet-ueberwachung-app-fernbedienung-bewegungserkennung-2-wege-sprachanruf\/","og_locale":"de_DE","og_type":"article","og_title":"Intelligenter Kinderbetreuungsroboter mit Begleiter f\u00fcr \u00e4ltere Menschen und PET-\u00dcberwachung, App-Fernbedienung, Bewegungserkennung, 2-Wege-Sprachanruf - EasyLifeBro","og_description":"Entdecken Sie smarte Roboter f\u00fcr Zuhause, Garten, Bildung und Sicherheit. Vergleichen Sie Saugroboter, Rasenm\u00e4hroboter, KI-Begleitroboter und mehr bei EasyLifeRobo.","og_url":"https:\/\/easyliferobo.com\/de\/product\/intelligenter-kinderbetreuungsroboter-mit-begleiter-fuer-aeltere-menschen-und-pet-ueberwachung-app-fernbedienung-bewegungserkennung-2-wege-sprachanruf\/","og_site_name":"EasyLifeBro","article_modified_time":"2026-02-23T08:50:32+00:00","twitter_card":"summary_large_image","twitter_misc":{"Gesch\u00e4tzte Lesezeit":"2\u00a0Minuten"},"schema":{"@context":"https:\/\/schema.org","@graph":[{"@type":"WebPage","@id":"https:\/\/easyliferobo.com\/de\/product\/intelligenter-kinderbetreuungsroboter-mit-begleiter-fuer-aeltere-menschen-und-pet-ueberwachung-app-fernbedienung-bewegungserkennung-2-wege-sprachanruf\/","url":"https:\/\/easyliferobo.com\/de\/product\/intelligenter-kinderbetreuungsroboter-mit-begleiter-fuer-aeltere-menschen-und-pet-ueberwachung-app-fernbedienung-bewegungserkennung-2-wege-sprachanruf\/","name":"Intelligenter Kinderbetreuungsroboter mit Begleiter f\u00fcr \u00e4ltere Menschen und PET-\u00dcberwachung, App-Fernbedienung, Bewegungserkennung, 2-Wege-Sprachanruf - EasyLifeBro","isPartOf":{"@id":"https:\/\/easyliferobo.com\/de\/#website"},"datePublished":"2026-02-23T08:50:22+00:00","dateModified":"2026-02-23T08:50:32+00:00","description":"Entdecken Sie smarte Roboter f\u00fcr Zuhause, Garten, Bildung und Sicherheit. Vergleichen Sie Saugroboter, Rasenm\u00e4hroboter, KI-Begleitroboter und mehr bei EasyLifeRobo.","breadcrumb":{"@id":"https:\/\/easyliferobo.com\/de\/product\/intelligenter-kinderbetreuungsroboter-mit-begleiter-fuer-aeltere-menschen-und-pet-ueberwachung-app-fernbedienung-bewegungserkennung-2-wege-sprachanruf\/#breadcrumb"},"inLanguage":"de","potentialAction":[{"@type":"ReadAction","target":["https:\/\/easyliferobo.com\/de\/product\/intelligenter-kinderbetreuungsroboter-mit-begleiter-fuer-aeltere-menschen-und-pet-ueberwachung-app-fernbedienung-bewegungserkennung-2-wege-sprachanruf\/"]}]},{"@type":"BreadcrumbList","@id":"https:\/\/easyliferobo.com\/de\/product\/intelligenter-kinderbetreuungsroboter-mit-begleiter-fuer-aeltere-menschen-und-pet-ueberwachung-app-fernbedienung-bewegungserkennung-2-wege-sprachanruf\/#breadcrumb","itemListElement":[{"@type":"ListItem","position":1,"name":"Home","item":"https:\/\/easyliferobo.com\/de\/"},{"@type":"ListItem","position":2,"name":"Shop","item":"https:\/\/easyliferobo.com\/de\/shop\/"},{"@type":"ListItem","position":3,"name":"Intelligenter Kinderbetreuungsrobot..."}]},{"@type":"WebSite","@id":"https:\/\/easyliferobo.com\/de\/#website","url":"https:\/\/easyliferobo.com\/de\/","name":"EasyLifeBro","description":"Smarte Roboter f\u00fcr Zuhause, Garten &amp; Bildung","publisher":{"@id":"https:\/\/easyliferobo.com\/de\/#organization"},"potentialAction":[{"@type":"SearchAction","target":{"@type":"EntryPoint","urlTemplate":"https:\/\/easyliferobo.com\/de\/?s={search_term_string}"},"query-input":{"@type":"PropertyValueSpecification","valueRequired":true,"valueName":"search_term_string"}}],"inLanguage":"de"},{"@type":"Organization","@id":"https:\/\/easyliferobo.com\/de\/#organization","name":"EasyLifeBro","url":"https:\/\/easyliferobo.com\/de\/","logo":{"@type":"ImageObject","inLanguage":"de","@id":"https:\/\/easyliferobo.com\/de\/#\/schema\/logo\/image\/","url":"https:\/\/easyliferobo.com\/de\/wp-content\/uploads\/2026\/02\/Screenshot-2026-02-22-at-2.25.03-PM.png","contentUrl":"https:\/\/easyliferobo.com\/de\/wp-content\/uploads\/2026\/02\/Screenshot-2026-02-22-at-2.25.03-PM.png","width":1858,"height":430,"caption":"EasyLifeBro"},"image":{"@id":"https:\/\/easyliferobo.com\/de\/#\/schema\/logo\/image\/"}}]}},"_links":{"self":[{"href":"https:\/\/easyliferobo.com\/de\/wp-json\/wp\/v2\/product\/1652","targetHints":{"allow":["GET"]}}],"collection":[{"href":"https:\/\/easyliferobo.com\/de\/wp-json\/wp\/v2\/product"}],"about":[{"href":"https:\/\/easyliferobo.com\/de\/wp-json\/wp\/v2\/types\/product"}],"replies":[{"embeddable":true,"href":"https:\/\/easyliferobo.com\/de\/wp-json\/wp\/v2\/comments?post=1652"}],"wp:attachment":[{"href":"https:\/\/easyliferobo.com\/de\/wp-json\/wp\/v2\/media?parent=1652"}],"wp:term":[{"taxonomy":"store","embeddable":true,"href":"https:\/\/easyliferobo.com\/de\/wp-json\/wp\/v2\/store?post=1652"},{"taxonomy":"product_brand","embeddable":true,"href":"https:\/\/easyliferobo.com\/de\/wp-json\/wp\/v2\/product_brand?post=1652"},{"taxonomy":"product_cat","embeddable":true,"href":"https:\/\/easyliferobo.com\/de\/wp-json\/wp\/v2\/product_cat?post=1652"},{"taxonomy":"product_tag","embeddable":true,"href":"https:\/\/easyliferobo.com\/de\/wp-json\/wp\/v2\/product_tag?post=1652"}],"curies":[{"name":"wp","href":"https:\/\/api.w.org\/{rel}","templated":true}]}}