
{"id":1650,"date":"2026-02-23T08:24:06","date_gmt":"2026-02-23T08:24:06","guid":{"rendered":"https:\/\/easyliferobo.com\/de\/product\/industrieroboter-planung-integration-trends-ein-leitfaden-fuer-kmu\/"},"modified":"2026-02-23T08:24:08","modified_gmt":"2026-02-23T08:24:08","slug":"industrieroboter-planung-integration-trends-ein-leitfaden-fuer-kmu","status":"publish","type":"product","link":"https:\/\/easyliferobo.com\/de\/product\/industrieroboter-planung-integration-trends-ein-leitfaden-fuer-kmu\/","title":{"rendered":"Industrieroboter: Planung &#8211; I..."},"content":{"rendered":"<p>  Industrieroboter haben sich aufgrund ihrer Flexibilit\u00e4t und Wirtschaftlichkeit als eine Schl\u00fcsseltechnologie in den verschiedensten Bereichen entlang der Produktionskette bewiesen. Die aktuelle Entwicklung in der Produktion belegt, dass Robotersysteme immer mehr etablierte Technologien in vielen Fertigungs-, Montage- und Logistik-Prozessen ersetzen k\u00f6nnen. Nicht umsonst haben neben gro\u00dfen Unternehmen, zB Automobilherstellern, auch kleine und mittlere Unternehmen (KMU) begonnen, Industrieroboter in ihre Produktionsprozesse einzubeziehen.<br \/>Dieses Buch ist ein Handbuch f\u00fcr KMU mit Tipps und Tricks zum Thema Robotereinsatz. Es werden die wichtigsten Grundlagen der Robotertechnik vermittelt und Methoden erl\u00e4utert, wie bewertet werden kann, ob sich ein Produkt oder Prozess durch Robotereinsatz automatisieren l\u00e4sst. Hierbei werden nicht nur die technischen Merkmale, sondern auch sicherheitsrelevante Punkte und wirtschaftliche Aspekte betrachtet. Neben der Machbarkeit sind die H\u00f6he und das Risiko einer Investition f\u00fcr KMUs wichtige Grundlagen f\u00fcr eine Entscheidung.<br \/>Wie kann der Roboter sinnvoll in die Produktion integriert werden? Was muss bei Neu- und Umplanungen beachtet werden? Dieses Buch stellt die einzelnen Planungsschritte detailliert vor und erl\u00e4utert diese anhand von Beispielen. Im Internet werden im kostenlosen Onlineservice InfoClick passend zu den wichtigsten Schritten Checklisten und Vorlagen f\u00fcr die einzelnen Schritte bereitgestellt.<br \/>Aus dem Inhalt:<br \/>Grundlagen der industriellen Robotik<br \/> Technische Machbarkeit<br \/> Wirtschaftlichkeitsbetrachtung<br \/> Konzeption und Planung<br \/> Integration<br \/> Trends<br \/> Weitere Informationen \/ Aktualisierungen im Onlineservice    <br \/>Herausgeber \u200f : \u200e Vogel Business Media       <br \/> Erscheinungsdatum \u200f : \u200e 20. Aug. 2018       <br \/> Auflage \u200f : \u200e 1       <br \/> Sprache \u200f : \u200e Deutsch   <br \/> Druckl\u00e4nge \u200f : \u200e 192 Seiten       <br \/> ISBN-10 \u200f : \u200e 3834334014       <br \/> ISBN-13 \u200f : \u200e 978-3834334015       <br \/> Abmessungen \u200f : \u200e 16,9 x 1,7 x 24,4 cm       <br \/>       Bestseller-Rang: 1.115.212 in B\u00fcchern (siehe Top 100 in B\u00fcchern), 312 in Steuerungstechnik (B\u00fccher), 430 in Elektronik und Kommunikation, Robotik, 532 in Fertigung und Betriebstechnik      <br \/>  Kundenrezensionen: 3,8 3,8 von 5 Sternen (6) var dpAcrHasRegisteredArcLinkClickAction; P.when(&#8218;A&#8216;, &#8218;ready&#8216;).execute(function(A) { if (dpAcrHasRegisteredArcLinkClickAction !== true) { dpAcrHasRegisteredArcLinkClickAction = true; A.declarative( &#8218;acrLink-click-metrics&#8216;, &#8218;click&#8216;, { &#8222;allowLinkDefault&#8220;: true }, function (event) { if (window.ue) { ue.count(&#8222;acrLinkClickCount&#8220;, (ue.count(&#8222;acrLinkClickCount&#8220;) || 0) + 1 } } }); P.when(&#8218;A&#8216;, &#8218;cf&#8216;).execute(function(A) { A.declarative(&#8218;acrStarsLink-click-metrics&#8216;, &#8218;click&#8216;, { &#8222;allowLinkDefault&#8220; : true }, function(event){ if(window.ue) { ue.count(&#8222;acrStarsLinkWithPopoverClickCount&#8220;, (ue.count(&#8222;acrStarsLinkWithPopoverClickCount&#8220;) || 0) + 1); } }); });                          <br \/>[ad_2]<\/p>\n","protected":false},"excerpt":{"rendered":"<p>Industrieroboter haben sich aufgrund ihrer Flexibilit\u00e4t und Wirtschaftlichkeit als eine Schl\u00fcsseltechnologie in den verschiedensten Bereichen entlang der Produktionskette bewiesen. Die aktuelle Entwicklung in der Produktion belegt, dass Robotersysteme immer mehr etablierte Technologien in vielen Fertigungs-, Montage- und Logistik-Prozessen ersetzen k\u00f6nnen. Nicht umsonst haben neben gro\u00dfen Unternehmen, zB Automobilherstellern, auch kleine und mittlere Unternehmen (KMU) begonnen, [&hellip;]<\/p>\n","protected":false},"featured_media":1651,"comment_status":"open","ping_status":"closed","template":"","meta":{"_aipt_faq_data":""},"store":[],"product_brand":[],"product_cat":[98],"product_tag":[325],"class_list":{"0":"post-1650","1":"product","2":"type-product","3":"status-publish","4":"has-post-thumbnail","6":"product_cat-industrieroboter","7":"product_tag-industrieroboter-montageautomation","9":"first","10":"instock","11":"shipping-taxable","12":"product-type-external"},"yoast_head":"<!-- This site is optimized with the Yoast SEO plugin v27.0 - https:\/\/yoast.com\/product\/yoast-seo-wordpress\/ -->\n<title>Industrieroboter: Planung - Integration - Trends Ein Leitfaden f\u00fcr KMU - EasyLifeBro<\/title>\n<meta name=\"description\" content=\"Entdecken Sie smarte Roboter f\u00fcr Zuhause, Garten, Bildung und Sicherheit. Vergleichen Sie Saugroboter, Rasenm\u00e4hroboter, KI-Begleitroboter und mehr bei EasyLifeRobo.\" \/>\n<meta name=\"robots\" content=\"index, follow, max-snippet:-1, max-image-preview:large, max-video-preview:-1\" \/>\n<link rel=\"canonical\" href=\"https:\/\/easyliferobo.com\/de\/product\/industrieroboter-planung-integration-trends-ein-leitfaden-fuer-kmu\/\" \/>\n<meta property=\"og:locale\" content=\"de_DE\" \/>\n<meta property=\"og:type\" content=\"article\" \/>\n<meta property=\"og:title\" content=\"Industrieroboter: Planung - Integration - Trends Ein Leitfaden f\u00fcr KMU - EasyLifeBro\" \/>\n<meta property=\"og:description\" content=\"Entdecken Sie smarte Roboter f\u00fcr Zuhause, Garten, Bildung und Sicherheit. Vergleichen Sie Saugroboter, Rasenm\u00e4hroboter, KI-Begleitroboter und mehr bei EasyLifeRobo.\" \/>\n<meta property=\"og:url\" content=\"https:\/\/easyliferobo.com\/de\/product\/industrieroboter-planung-integration-trends-ein-leitfaden-fuer-kmu\/\" \/>\n<meta property=\"og:site_name\" content=\"EasyLifeBro\" \/>\n<meta property=\"article:modified_time\" content=\"2026-02-23T08:24:08+00:00\" \/>\n<meta property=\"og:image\" content=\"https:\/\/easyliferobo.com\/de\/wp-content\/uploads\/2026\/02\/71h2Gwif3CL._SL1330_.jpg\" \/>\n\t<meta property=\"og:image:width\" content=\"900\" \/>\n\t<meta property=\"og:image:height\" content=\"1330\" \/>\n\t<meta property=\"og:image:type\" content=\"image\/jpeg\" \/>\n<meta name=\"twitter:card\" content=\"summary_large_image\" \/>\n<meta name=\"twitter:label1\" content=\"Gesch\u00e4tzte Lesezeit\" \/>\n\t<meta name=\"twitter:data1\" content=\"2\u00a0Minuten\" \/>\n<script type=\"application\/ld+json\" class=\"yoast-schema-graph\">{\"@context\":\"https:\/\/schema.org\",\"@graph\":[{\"@type\":\"WebPage\",\"@id\":\"https:\/\/easyliferobo.com\/de\/product\/industrieroboter-planung-integration-trends-ein-leitfaden-fuer-kmu\/\",\"url\":\"https:\/\/easyliferobo.com\/de\/product\/industrieroboter-planung-integration-trends-ein-leitfaden-fuer-kmu\/\",\"name\":\"Industrieroboter: Planung - Integration - Trends Ein Leitfaden f\u00fcr KMU - EasyLifeBro\",\"isPartOf\":{\"@id\":\"https:\/\/easyliferobo.com\/de\/#website\"},\"primaryImageOfPage\":{\"@id\":\"https:\/\/easyliferobo.com\/de\/product\/industrieroboter-planung-integration-trends-ein-leitfaden-fuer-kmu\/#primaryimage\"},\"image\":{\"@id\":\"https:\/\/easyliferobo.com\/de\/product\/industrieroboter-planung-integration-trends-ein-leitfaden-fuer-kmu\/#primaryimage\"},\"thumbnailUrl\":\"https:\/\/easyliferobo.com\/de\/wp-content\/uploads\/2026\/02\/71h2Gwif3CL._SL1330_.jpg\",\"datePublished\":\"2026-02-23T08:24:06+00:00\",\"dateModified\":\"2026-02-23T08:24:08+00:00\",\"description\":\"Entdecken Sie smarte Roboter f\u00fcr Zuhause, Garten, Bildung und Sicherheit. Vergleichen Sie Saugroboter, Rasenm\u00e4hroboter, KI-Begleitroboter und mehr bei EasyLifeRobo.\",\"breadcrumb\":{\"@id\":\"https:\/\/easyliferobo.com\/de\/product\/industrieroboter-planung-integration-trends-ein-leitfaden-fuer-kmu\/#breadcrumb\"},\"inLanguage\":\"de\",\"potentialAction\":[{\"@type\":\"ReadAction\",\"target\":[\"https:\/\/easyliferobo.com\/de\/product\/industrieroboter-planung-integration-trends-ein-leitfaden-fuer-kmu\/\"]}]},{\"@type\":\"ImageObject\",\"inLanguage\":\"de\",\"@id\":\"https:\/\/easyliferobo.com\/de\/product\/industrieroboter-planung-integration-trends-ein-leitfaden-fuer-kmu\/#primaryimage\",\"url\":\"https:\/\/easyliferobo.com\/de\/wp-content\/uploads\/2026\/02\/71h2Gwif3CL._SL1330_.jpg\",\"contentUrl\":\"https:\/\/easyliferobo.com\/de\/wp-content\/uploads\/2026\/02\/71h2Gwif3CL._SL1330_.jpg\",\"width\":900,\"height\":1330},{\"@type\":\"BreadcrumbList\",\"@id\":\"https:\/\/easyliferobo.com\/de\/product\/industrieroboter-planung-integration-trends-ein-leitfaden-fuer-kmu\/#breadcrumb\",\"itemListElement\":[{\"@type\":\"ListItem\",\"position\":1,\"name\":\"Home\",\"item\":\"https:\/\/easyliferobo.com\/de\/\"},{\"@type\":\"ListItem\",\"position\":2,\"name\":\"Shop\",\"item\":\"https:\/\/easyliferobo.com\/de\/shop\/\"},{\"@type\":\"ListItem\",\"position\":3,\"name\":\"Industrieroboter: Planung &#8211; I...\"}]},{\"@type\":\"WebSite\",\"@id\":\"https:\/\/easyliferobo.com\/de\/#website\",\"url\":\"https:\/\/easyliferobo.com\/de\/\",\"name\":\"EasyLifeBro\",\"description\":\"Smarte Roboter f\u00fcr Zuhause, Garten &amp; Bildung\",\"publisher\":{\"@id\":\"https:\/\/easyliferobo.com\/de\/#organization\"},\"potentialAction\":[{\"@type\":\"SearchAction\",\"target\":{\"@type\":\"EntryPoint\",\"urlTemplate\":\"https:\/\/easyliferobo.com\/de\/?s={search_term_string}\"},\"query-input\":{\"@type\":\"PropertyValueSpecification\",\"valueRequired\":true,\"valueName\":\"search_term_string\"}}],\"inLanguage\":\"de\"},{\"@type\":\"Organization\",\"@id\":\"https:\/\/easyliferobo.com\/de\/#organization\",\"name\":\"EasyLifeBro\",\"url\":\"https:\/\/easyliferobo.com\/de\/\",\"logo\":{\"@type\":\"ImageObject\",\"inLanguage\":\"de\",\"@id\":\"https:\/\/easyliferobo.com\/de\/#\/schema\/logo\/image\/\",\"url\":\"https:\/\/easyliferobo.com\/de\/wp-content\/uploads\/2026\/02\/Screenshot-2026-02-22-at-2.25.03-PM.png\",\"contentUrl\":\"https:\/\/easyliferobo.com\/de\/wp-content\/uploads\/2026\/02\/Screenshot-2026-02-22-at-2.25.03-PM.png\",\"width\":1858,\"height\":430,\"caption\":\"EasyLifeBro\"},\"image\":{\"@id\":\"https:\/\/easyliferobo.com\/de\/#\/schema\/logo\/image\/\"}}]}<\/script>\n<!-- \/ Yoast SEO plugin. -->","yoast_head_json":{"title":"Industrieroboter: Planung - Integration - Trends Ein Leitfaden f\u00fcr KMU - EasyLifeBro","description":"Entdecken Sie smarte Roboter f\u00fcr Zuhause, Garten, Bildung und Sicherheit. Vergleichen Sie Saugroboter, Rasenm\u00e4hroboter, KI-Begleitroboter und mehr bei EasyLifeRobo.","robots":{"index":"index","follow":"follow","max-snippet":"max-snippet:-1","max-image-preview":"max-image-preview:large","max-video-preview":"max-video-preview:-1"},"canonical":"https:\/\/easyliferobo.com\/de\/product\/industrieroboter-planung-integration-trends-ein-leitfaden-fuer-kmu\/","og_locale":"de_DE","og_type":"article","og_title":"Industrieroboter: Planung - Integration - Trends Ein Leitfaden f\u00fcr KMU - EasyLifeBro","og_description":"Entdecken Sie smarte Roboter f\u00fcr Zuhause, Garten, Bildung und Sicherheit. Vergleichen Sie Saugroboter, Rasenm\u00e4hroboter, KI-Begleitroboter und mehr bei EasyLifeRobo.","og_url":"https:\/\/easyliferobo.com\/de\/product\/industrieroboter-planung-integration-trends-ein-leitfaden-fuer-kmu\/","og_site_name":"EasyLifeBro","article_modified_time":"2026-02-23T08:24:08+00:00","og_image":[{"width":900,"height":1330,"url":"https:\/\/easyliferobo.com\/de\/wp-content\/uploads\/2026\/02\/71h2Gwif3CL._SL1330_.jpg","type":"image\/jpeg"}],"twitter_card":"summary_large_image","twitter_misc":{"Gesch\u00e4tzte Lesezeit":"2\u00a0Minuten"},"schema":{"@context":"https:\/\/schema.org","@graph":[{"@type":"WebPage","@id":"https:\/\/easyliferobo.com\/de\/product\/industrieroboter-planung-integration-trends-ein-leitfaden-fuer-kmu\/","url":"https:\/\/easyliferobo.com\/de\/product\/industrieroboter-planung-integration-trends-ein-leitfaden-fuer-kmu\/","name":"Industrieroboter: Planung - Integration - Trends Ein Leitfaden f\u00fcr KMU - EasyLifeBro","isPartOf":{"@id":"https:\/\/easyliferobo.com\/de\/#website"},"primaryImageOfPage":{"@id":"https:\/\/easyliferobo.com\/de\/product\/industrieroboter-planung-integration-trends-ein-leitfaden-fuer-kmu\/#primaryimage"},"image":{"@id":"https:\/\/easyliferobo.com\/de\/product\/industrieroboter-planung-integration-trends-ein-leitfaden-fuer-kmu\/#primaryimage"},"thumbnailUrl":"https:\/\/easyliferobo.com\/de\/wp-content\/uploads\/2026\/02\/71h2Gwif3CL._SL1330_.jpg","datePublished":"2026-02-23T08:24:06+00:00","dateModified":"2026-02-23T08:24:08+00:00","description":"Entdecken Sie smarte Roboter f\u00fcr Zuhause, Garten, Bildung und Sicherheit. Vergleichen Sie Saugroboter, Rasenm\u00e4hroboter, KI-Begleitroboter und mehr bei EasyLifeRobo.","breadcrumb":{"@id":"https:\/\/easyliferobo.com\/de\/product\/industrieroboter-planung-integration-trends-ein-leitfaden-fuer-kmu\/#breadcrumb"},"inLanguage":"de","potentialAction":[{"@type":"ReadAction","target":["https:\/\/easyliferobo.com\/de\/product\/industrieroboter-planung-integration-trends-ein-leitfaden-fuer-kmu\/"]}]},{"@type":"ImageObject","inLanguage":"de","@id":"https:\/\/easyliferobo.com\/de\/product\/industrieroboter-planung-integration-trends-ein-leitfaden-fuer-kmu\/#primaryimage","url":"https:\/\/easyliferobo.com\/de\/wp-content\/uploads\/2026\/02\/71h2Gwif3CL._SL1330_.jpg","contentUrl":"https:\/\/easyliferobo.com\/de\/wp-content\/uploads\/2026\/02\/71h2Gwif3CL._SL1330_.jpg","width":900,"height":1330},{"@type":"BreadcrumbList","@id":"https:\/\/easyliferobo.com\/de\/product\/industrieroboter-planung-integration-trends-ein-leitfaden-fuer-kmu\/#breadcrumb","itemListElement":[{"@type":"ListItem","position":1,"name":"Home","item":"https:\/\/easyliferobo.com\/de\/"},{"@type":"ListItem","position":2,"name":"Shop","item":"https:\/\/easyliferobo.com\/de\/shop\/"},{"@type":"ListItem","position":3,"name":"Industrieroboter: Planung &#8211; I..."}]},{"@type":"WebSite","@id":"https:\/\/easyliferobo.com\/de\/#website","url":"https:\/\/easyliferobo.com\/de\/","name":"EasyLifeBro","description":"Smarte Roboter f\u00fcr Zuhause, Garten &amp; Bildung","publisher":{"@id":"https:\/\/easyliferobo.com\/de\/#organization"},"potentialAction":[{"@type":"SearchAction","target":{"@type":"EntryPoint","urlTemplate":"https:\/\/easyliferobo.com\/de\/?s={search_term_string}"},"query-input":{"@type":"PropertyValueSpecification","valueRequired":true,"valueName":"search_term_string"}}],"inLanguage":"de"},{"@type":"Organization","@id":"https:\/\/easyliferobo.com\/de\/#organization","name":"EasyLifeBro","url":"https:\/\/easyliferobo.com\/de\/","logo":{"@type":"ImageObject","inLanguage":"de","@id":"https:\/\/easyliferobo.com\/de\/#\/schema\/logo\/image\/","url":"https:\/\/easyliferobo.com\/de\/wp-content\/uploads\/2026\/02\/Screenshot-2026-02-22-at-2.25.03-PM.png","contentUrl":"https:\/\/easyliferobo.com\/de\/wp-content\/uploads\/2026\/02\/Screenshot-2026-02-22-at-2.25.03-PM.png","width":1858,"height":430,"caption":"EasyLifeBro"},"image":{"@id":"https:\/\/easyliferobo.com\/de\/#\/schema\/logo\/image\/"}}]}},"_links":{"self":[{"href":"https:\/\/easyliferobo.com\/de\/wp-json\/wp\/v2\/product\/1650","targetHints":{"allow":["GET"]}}],"collection":[{"href":"https:\/\/easyliferobo.com\/de\/wp-json\/wp\/v2\/product"}],"about":[{"href":"https:\/\/easyliferobo.com\/de\/wp-json\/wp\/v2\/types\/product"}],"replies":[{"embeddable":true,"href":"https:\/\/easyliferobo.com\/de\/wp-json\/wp\/v2\/comments?post=1650"}],"wp:featuredmedia":[{"embeddable":true,"href":"https:\/\/easyliferobo.com\/de\/wp-json\/wp\/v2\/media\/1651"}],"wp:attachment":[{"href":"https:\/\/easyliferobo.com\/de\/wp-json\/wp\/v2\/media?parent=1650"}],"wp:term":[{"taxonomy":"store","embeddable":true,"href":"https:\/\/easyliferobo.com\/de\/wp-json\/wp\/v2\/store?post=1650"},{"taxonomy":"product_brand","embeddable":true,"href":"https:\/\/easyliferobo.com\/de\/wp-json\/wp\/v2\/product_brand?post=1650"},{"taxonomy":"product_cat","embeddable":true,"href":"https:\/\/easyliferobo.com\/de\/wp-json\/wp\/v2\/product_cat?post=1650"},{"taxonomy":"product_tag","embeddable":true,"href":"https:\/\/easyliferobo.com\/de\/wp-json\/wp\/v2\/product_tag?post=1650"}],"curies":[{"name":"wp","href":"https:\/\/api.w.org\/{rel}","templated":true}]}}