
{"id":1641,"date":"2026-02-23T08:20:17","date_gmt":"2026-02-23T08:20:17","guid":{"rendered":"https:\/\/easyliferobo.com\/de\/product\/mechanischer-arm-6dof-roboterarm-programmierbarer-vollmetallroboter-mechanischer-arm-klemmklauensatz-desktop-manipulatorroboter-mit-rueckmeldung-von-servoparametern-industrieroboterteile\/"},"modified":"2026-02-23T08:20:28","modified_gmt":"2026-02-23T08:20:28","slug":"mechanischer-arm-6dof-roboterarm-programmierbarer-vollmetallroboter-mechanischer-arm-klemmklauensatz-desktop-manipulatorroboter-mit-rueckmeldung-von-servoparametern-industrieroboterteile","status":"publish","type":"product","link":"https:\/\/easyliferobo.com\/de\/product\/mechanischer-arm-6dof-roboterarm-programmierbarer-vollmetallroboter-mechanischer-arm-klemmklauensatz-desktop-manipulatorroboter-mit-rueckmeldung-von-servoparametern-industrieroboterteile\/","title":{"rendered":"Mechanischer Arm, 6DOF-Roboterarm, ..."},"content":{"rendered":"<p>    <span>Funktion: <br \/>1. Der 6DOF-Manipulator wird h\u00e4ufig im Hochschulunterricht und in der IDY-Produktion eingesetzt. <br \/>2. Sein Antriebssystem besteht aus 6 Servomotoren, die das Greifen des Roboters nach vorne und hinten, nach oben und unten sowie nach links und rechts demonstrieren k\u00f6nnen. <br \/>3. Alle Halterungsbeschl\u00e4ge bestehen aus 2 mm dickem Aluminiumblech, was die Stabilit\u00e4t des Roboters selbst effektiv verbessert. <br \/>4. An den Lenkgelenken werden importierte Schalenlager verwendet, was nicht nur die Lenkung flexibler macht, sondern auch die Lenkung des Lenkgetriebes in der gleichen Mitte erm\u00f6glicht. <br \/>5. Das Chassis hat die Form einer Scheibe, wodurch der Manipulator flexibler und reibungsloser nach links und rechts schwenken kann. <br \/>Spezifikation: <br \/>Artikeltyp: mechanischer Arm, Farbe: Schwarz, Modell, analoges Lenkgetriebe, Betriebsspannung 4,8 V-7,2 V, Leerlaufstrom 100 mA, Maschinentorsion, 10 kg, cm, Winkelgrenzen, 180\u00b0, Kabell\u00e4nge 30 cm, Getriebematerial, Metallgetriebe, Todeszeit, 5uS, Leistung des Lenkgetriebes allgemein. <br \/>Paketliste: <br \/>6 x MG996 Analoges Lenkgetriebe <br \/>1 * Kabelbinder <br \/>5 x Packungen Schraubenmuttern. <br \/>3 * Verl\u00e4ngerungskabel <br \/>1 x Flanschstange. <br \/>3 x Flanschlager. <br \/>6 x Metalllenkrad. <br \/>1 x mechanischer Arm. <br \/>1 * Balken <br \/>1 x verschiedene U-f\u00f6rmige Halterung. <br \/>2 x L-f\u00f6rmige Halterung. <br \/>2 x lange U-Halterung. <br \/>4 x Multifunktionshalter <br \/><\/span>    <br \/>Der 6DOF-Manipulator wird h\u00e4ufig im Hochschulunterricht und in der IDY-Produktion eingesetzt.<br \/>Sein Antriebssystem besteht aus 6 Servomotoren, die die Demonstration des Greifens des Roboters von vorne und hinten, oben und unten sowie links und rechts realisieren k\u00f6nnen.<br \/>Alle Halterungsbeschl\u00e4ge bestehen aus 2 mm dickem Aluminiumblech, was die Stabilit\u00e4t des Roboters selbst wirksam verbessert.<br \/>An den Lenkgelenken werden importierte Schalenlager verwendet, was nicht nur die Lenkung flexibler macht, sondern auch die Lenkung des Lenkgetriebes in der gleichen Mitte erm\u00f6glicht.<br \/>Das Chassis hat die Form einer Scheibe, wodurch der Manipulator flexibler und sanfter nach links und rechts gedreht werden kann.<\/p>\n<p>[ad_2]<\/p>\n","protected":false},"excerpt":{"rendered":"<p>Funktion: 1. Der 6DOF-Manipulator wird h\u00e4ufig im Hochschulunterricht und in der IDY-Produktion eingesetzt. 2. Sein Antriebssystem besteht aus 6 Servomotoren, die das Greifen des Roboters nach vorne und hinten, nach oben und unten sowie nach links und rechts demonstrieren k\u00f6nnen. 3. Alle Halterungsbeschl\u00e4ge bestehen aus 2 mm dickem Aluminiumblech, was die Stabilit\u00e4t des Roboters selbst [&hellip;]<\/p>\n","protected":false},"featured_media":1642,"comment_status":"open","ping_status":"closed","template":"","meta":{"_aipt_faq_data":""},"store":[],"product_brand":[],"product_cat":[99],"product_tag":[324],"class_list":{"0":"post-1641","1":"product","2":"type-product","3":"status-publish","4":"has-post-thumbnail","6":"product_cat-tisch-roboterarme","7":"product_tag-tisch-roboterarme-programmierbar","9":"first","10":"instock","11":"shipping-taxable","12":"product-type-external"},"yoast_head":"<!-- This site is optimized with the Yoast SEO plugin v27.4 - https:\/\/yoast.com\/product\/yoast-seo-wordpress\/ -->\n<title>Mechanischer Arm, 6DOF-Roboterarm, programmierbarer Vollmetallroboter, mechanischer Arm, Klemmklauensatz, Desktop-Manipulatorroboter mit R\u00fcckmeldung von Servoparametern, Industrieroboterteile - EasyLifeBro<\/title>\n<meta name=\"description\" content=\"Entdecken Sie smarte Roboter f\u00fcr Zuhause, Garten, Bildung und Sicherheit. Vergleichen Sie Saugroboter, Rasenm\u00e4hroboter, KI-Begleitroboter und mehr bei EasyLifeRobo.\" \/>\n<meta name=\"robots\" content=\"index, follow, max-snippet:-1, max-image-preview:large, max-video-preview:-1\" \/>\n<link rel=\"canonical\" href=\"https:\/\/easyliferobo.com\/de\/product\/mechanischer-arm-6dof-roboterarm-programmierbarer-vollmetallroboter-mechanischer-arm-klemmklauensatz-desktop-manipulatorroboter-mit-rueckmeldung-von-servoparametern-industrieroboterteile\/\" \/>\n<meta property=\"og:locale\" content=\"de_DE\" \/>\n<meta property=\"og:type\" content=\"article\" \/>\n<meta property=\"og:title\" content=\"Mechanischer Arm, 6DOF-Roboterarm, programmierbarer Vollmetallroboter, mechanischer Arm, Klemmklauensatz, Desktop-Manipulatorroboter mit R\u00fcckmeldung von Servoparametern, Industrieroboterteile - EasyLifeBro\" \/>\n<meta property=\"og:description\" content=\"Entdecken Sie smarte Roboter f\u00fcr Zuhause, Garten, Bildung und Sicherheit. Vergleichen Sie Saugroboter, Rasenm\u00e4hroboter, KI-Begleitroboter und mehr bei EasyLifeRobo.\" \/>\n<meta property=\"og:url\" content=\"https:\/\/easyliferobo.com\/de\/product\/mechanischer-arm-6dof-roboterarm-programmierbarer-vollmetallroboter-mechanischer-arm-klemmklauensatz-desktop-manipulatorroboter-mit-rueckmeldung-von-servoparametern-industrieroboterteile\/\" \/>\n<meta property=\"og:site_name\" content=\"EasyLifeBro\" \/>\n<meta property=\"article:modified_time\" content=\"2026-02-23T08:20:28+00:00\" \/>\n<meta property=\"og:image\" content=\"https:\/\/easyliferobo.com\/de\/wp-content\/uploads\/2026\/02\/61FxU3qzTL._AC_SL1500_.jpg\" \/>\n\t<meta property=\"og:image:width\" content=\"1500\" \/>\n\t<meta property=\"og:image:height\" content=\"1263\" \/>\n\t<meta property=\"og:image:type\" content=\"image\/jpeg\" \/>\n<meta name=\"twitter:card\" content=\"summary_large_image\" \/>\n<meta name=\"twitter:label1\" content=\"Gesch\u00e4tzte Lesezeit\" \/>\n\t<meta name=\"twitter:data1\" content=\"1\u00a0Minute\" \/>\n<script type=\"application\/ld+json\" class=\"yoast-schema-graph\">{\"@context\":\"https:\\\/\\\/schema.org\",\"@graph\":[{\"@type\":\"WebPage\",\"@id\":\"https:\\\/\\\/easyliferobo.com\\\/de\\\/product\\\/mechanischer-arm-6dof-roboterarm-programmierbarer-vollmetallroboter-mechanischer-arm-klemmklauensatz-desktop-manipulatorroboter-mit-rueckmeldung-von-servoparametern-industrieroboterteile\\\/\",\"url\":\"https:\\\/\\\/easyliferobo.com\\\/de\\\/product\\\/mechanischer-arm-6dof-roboterarm-programmierbarer-vollmetallroboter-mechanischer-arm-klemmklauensatz-desktop-manipulatorroboter-mit-rueckmeldung-von-servoparametern-industrieroboterteile\\\/\",\"name\":\"Mechanischer Arm, 6DOF-Roboterarm, programmierbarer Vollmetallroboter, mechanischer Arm, Klemmklauensatz, Desktop-Manipulatorroboter mit R\u00fcckmeldung von Servoparametern, Industrieroboterteile - EasyLifeBro\",\"isPartOf\":{\"@id\":\"https:\\\/\\\/easyliferobo.com\\\/de\\\/#website\"},\"primaryImageOfPage\":{\"@id\":\"https:\\\/\\\/easyliferobo.com\\\/de\\\/product\\\/mechanischer-arm-6dof-roboterarm-programmierbarer-vollmetallroboter-mechanischer-arm-klemmklauensatz-desktop-manipulatorroboter-mit-rueckmeldung-von-servoparametern-industrieroboterteile\\\/#primaryimage\"},\"image\":{\"@id\":\"https:\\\/\\\/easyliferobo.com\\\/de\\\/product\\\/mechanischer-arm-6dof-roboterarm-programmierbarer-vollmetallroboter-mechanischer-arm-klemmklauensatz-desktop-manipulatorroboter-mit-rueckmeldung-von-servoparametern-industrieroboterteile\\\/#primaryimage\"},\"thumbnailUrl\":\"https:\\\/\\\/easyliferobo.com\\\/de\\\/wp-content\\\/uploads\\\/2026\\\/02\\\/61FxU3qzTL._AC_SL1500_.jpg\",\"datePublished\":\"2026-02-23T08:20:17+00:00\",\"dateModified\":\"2026-02-23T08:20:28+00:00\",\"description\":\"Entdecken Sie smarte Roboter f\u00fcr Zuhause, Garten, Bildung und Sicherheit. Vergleichen Sie Saugroboter, Rasenm\u00e4hroboter, KI-Begleitroboter und mehr bei EasyLifeRobo.\",\"breadcrumb\":{\"@id\":\"https:\\\/\\\/easyliferobo.com\\\/de\\\/product\\\/mechanischer-arm-6dof-roboterarm-programmierbarer-vollmetallroboter-mechanischer-arm-klemmklauensatz-desktop-manipulatorroboter-mit-rueckmeldung-von-servoparametern-industrieroboterteile\\\/#breadcrumb\"},\"inLanguage\":\"de\",\"potentialAction\":[{\"@type\":\"ReadAction\",\"target\":[\"https:\\\/\\\/easyliferobo.com\\\/de\\\/product\\\/mechanischer-arm-6dof-roboterarm-programmierbarer-vollmetallroboter-mechanischer-arm-klemmklauensatz-desktop-manipulatorroboter-mit-rueckmeldung-von-servoparametern-industrieroboterteile\\\/\"]}]},{\"@type\":\"ImageObject\",\"inLanguage\":\"de\",\"@id\":\"https:\\\/\\\/easyliferobo.com\\\/de\\\/product\\\/mechanischer-arm-6dof-roboterarm-programmierbarer-vollmetallroboter-mechanischer-arm-klemmklauensatz-desktop-manipulatorroboter-mit-rueckmeldung-von-servoparametern-industrieroboterteile\\\/#primaryimage\",\"url\":\"https:\\\/\\\/easyliferobo.com\\\/de\\\/wp-content\\\/uploads\\\/2026\\\/02\\\/61FxU3qzTL._AC_SL1500_.jpg\",\"contentUrl\":\"https:\\\/\\\/easyliferobo.com\\\/de\\\/wp-content\\\/uploads\\\/2026\\\/02\\\/61FxU3qzTL._AC_SL1500_.jpg\",\"width\":1500,\"height\":1263},{\"@type\":\"BreadcrumbList\",\"@id\":\"https:\\\/\\\/easyliferobo.com\\\/de\\\/product\\\/mechanischer-arm-6dof-roboterarm-programmierbarer-vollmetallroboter-mechanischer-arm-klemmklauensatz-desktop-manipulatorroboter-mit-rueckmeldung-von-servoparametern-industrieroboterteile\\\/#breadcrumb\",\"itemListElement\":[{\"@type\":\"ListItem\",\"position\":1,\"name\":\"Home\",\"item\":\"https:\\\/\\\/easyliferobo.com\\\/de\\\/\"},{\"@type\":\"ListItem\",\"position\":2,\"name\":\"Shop\",\"item\":\"https:\\\/\\\/easyliferobo.com\\\/de\\\/shop\\\/\"},{\"@type\":\"ListItem\",\"position\":3,\"name\":\"Mechanischer Arm, 6DOF-Roboterarm, programmierbarer Vollmetallroboter, mechanischer Arm, Klemmklauensatz, Desktop-Manipulatorroboter mit R\u00fcckmeldung von Servoparametern, Industrieroboterteile\"}]},{\"@type\":\"WebSite\",\"@id\":\"https:\\\/\\\/easyliferobo.com\\\/de\\\/#website\",\"url\":\"https:\\\/\\\/easyliferobo.com\\\/de\\\/\",\"name\":\"EasyLifeBro\",\"description\":\"Smarte Roboter f\u00fcr Zuhause, Garten &amp; Bildung\",\"publisher\":{\"@id\":\"https:\\\/\\\/easyliferobo.com\\\/de\\\/#organization\"},\"potentialAction\":[{\"@type\":\"SearchAction\",\"target\":{\"@type\":\"EntryPoint\",\"urlTemplate\":\"https:\\\/\\\/easyliferobo.com\\\/de\\\/?s={search_term_string}\"},\"query-input\":{\"@type\":\"PropertyValueSpecification\",\"valueRequired\":true,\"valueName\":\"search_term_string\"}}],\"inLanguage\":\"de\"},{\"@type\":\"Organization\",\"@id\":\"https:\\\/\\\/easyliferobo.com\\\/de\\\/#organization\",\"name\":\"EasyLifeBro\",\"url\":\"https:\\\/\\\/easyliferobo.com\\\/de\\\/\",\"logo\":{\"@type\":\"ImageObject\",\"inLanguage\":\"de\",\"@id\":\"https:\\\/\\\/easyliferobo.com\\\/de\\\/#\\\/schema\\\/logo\\\/image\\\/\",\"url\":\"https:\\\/\\\/easyliferobo.com\\\/de\\\/wp-content\\\/uploads\\\/2026\\\/02\\\/Screenshot-2026-02-22-at-2.25.03-PM.png\",\"contentUrl\":\"https:\\\/\\\/easyliferobo.com\\\/de\\\/wp-content\\\/uploads\\\/2026\\\/02\\\/Screenshot-2026-02-22-at-2.25.03-PM.png\",\"width\":1858,\"height\":430,\"caption\":\"EasyLifeBro\"},\"image\":{\"@id\":\"https:\\\/\\\/easyliferobo.com\\\/de\\\/#\\\/schema\\\/logo\\\/image\\\/\"}}]}<\/script>\n<!-- \/ Yoast SEO plugin. -->","yoast_head_json":{"title":"Mechanischer Arm, 6DOF-Roboterarm, programmierbarer Vollmetallroboter, mechanischer Arm, Klemmklauensatz, Desktop-Manipulatorroboter mit R\u00fcckmeldung von Servoparametern, Industrieroboterteile - EasyLifeBro","description":"Entdecken Sie smarte Roboter f\u00fcr Zuhause, Garten, Bildung und Sicherheit. Vergleichen Sie Saugroboter, Rasenm\u00e4hroboter, KI-Begleitroboter und mehr bei EasyLifeRobo.","robots":{"index":"index","follow":"follow","max-snippet":"max-snippet:-1","max-image-preview":"max-image-preview:large","max-video-preview":"max-video-preview:-1"},"canonical":"https:\/\/easyliferobo.com\/de\/product\/mechanischer-arm-6dof-roboterarm-programmierbarer-vollmetallroboter-mechanischer-arm-klemmklauensatz-desktop-manipulatorroboter-mit-rueckmeldung-von-servoparametern-industrieroboterteile\/","og_locale":"de_DE","og_type":"article","og_title":"Mechanischer Arm, 6DOF-Roboterarm, programmierbarer Vollmetallroboter, mechanischer Arm, Klemmklauensatz, Desktop-Manipulatorroboter mit R\u00fcckmeldung von Servoparametern, Industrieroboterteile - EasyLifeBro","og_description":"Entdecken Sie smarte Roboter f\u00fcr Zuhause, Garten, Bildung und Sicherheit. Vergleichen Sie Saugroboter, Rasenm\u00e4hroboter, KI-Begleitroboter und mehr bei EasyLifeRobo.","og_url":"https:\/\/easyliferobo.com\/de\/product\/mechanischer-arm-6dof-roboterarm-programmierbarer-vollmetallroboter-mechanischer-arm-klemmklauensatz-desktop-manipulatorroboter-mit-rueckmeldung-von-servoparametern-industrieroboterteile\/","og_site_name":"EasyLifeBro","article_modified_time":"2026-02-23T08:20:28+00:00","og_image":[{"width":1500,"height":1263,"url":"https:\/\/easyliferobo.com\/de\/wp-content\/uploads\/2026\/02\/61FxU3qzTL._AC_SL1500_.jpg","type":"image\/jpeg"}],"twitter_card":"summary_large_image","twitter_misc":{"Gesch\u00e4tzte Lesezeit":"1\u00a0Minute"},"schema":{"@context":"https:\/\/schema.org","@graph":[{"@type":"WebPage","@id":"https:\/\/easyliferobo.com\/de\/product\/mechanischer-arm-6dof-roboterarm-programmierbarer-vollmetallroboter-mechanischer-arm-klemmklauensatz-desktop-manipulatorroboter-mit-rueckmeldung-von-servoparametern-industrieroboterteile\/","url":"https:\/\/easyliferobo.com\/de\/product\/mechanischer-arm-6dof-roboterarm-programmierbarer-vollmetallroboter-mechanischer-arm-klemmklauensatz-desktop-manipulatorroboter-mit-rueckmeldung-von-servoparametern-industrieroboterteile\/","name":"Mechanischer Arm, 6DOF-Roboterarm, programmierbarer Vollmetallroboter, mechanischer Arm, Klemmklauensatz, Desktop-Manipulatorroboter mit R\u00fcckmeldung von Servoparametern, Industrieroboterteile - EasyLifeBro","isPartOf":{"@id":"https:\/\/easyliferobo.com\/de\/#website"},"primaryImageOfPage":{"@id":"https:\/\/easyliferobo.com\/de\/product\/mechanischer-arm-6dof-roboterarm-programmierbarer-vollmetallroboter-mechanischer-arm-klemmklauensatz-desktop-manipulatorroboter-mit-rueckmeldung-von-servoparametern-industrieroboterteile\/#primaryimage"},"image":{"@id":"https:\/\/easyliferobo.com\/de\/product\/mechanischer-arm-6dof-roboterarm-programmierbarer-vollmetallroboter-mechanischer-arm-klemmklauensatz-desktop-manipulatorroboter-mit-rueckmeldung-von-servoparametern-industrieroboterteile\/#primaryimage"},"thumbnailUrl":"https:\/\/easyliferobo.com\/de\/wp-content\/uploads\/2026\/02\/61FxU3qzTL._AC_SL1500_.jpg","datePublished":"2026-02-23T08:20:17+00:00","dateModified":"2026-02-23T08:20:28+00:00","description":"Entdecken Sie smarte Roboter f\u00fcr Zuhause, Garten, Bildung und Sicherheit. Vergleichen Sie Saugroboter, Rasenm\u00e4hroboter, KI-Begleitroboter und mehr bei EasyLifeRobo.","breadcrumb":{"@id":"https:\/\/easyliferobo.com\/de\/product\/mechanischer-arm-6dof-roboterarm-programmierbarer-vollmetallroboter-mechanischer-arm-klemmklauensatz-desktop-manipulatorroboter-mit-rueckmeldung-von-servoparametern-industrieroboterteile\/#breadcrumb"},"inLanguage":"de","potentialAction":[{"@type":"ReadAction","target":["https:\/\/easyliferobo.com\/de\/product\/mechanischer-arm-6dof-roboterarm-programmierbarer-vollmetallroboter-mechanischer-arm-klemmklauensatz-desktop-manipulatorroboter-mit-rueckmeldung-von-servoparametern-industrieroboterteile\/"]}]},{"@type":"ImageObject","inLanguage":"de","@id":"https:\/\/easyliferobo.com\/de\/product\/mechanischer-arm-6dof-roboterarm-programmierbarer-vollmetallroboter-mechanischer-arm-klemmklauensatz-desktop-manipulatorroboter-mit-rueckmeldung-von-servoparametern-industrieroboterteile\/#primaryimage","url":"https:\/\/easyliferobo.com\/de\/wp-content\/uploads\/2026\/02\/61FxU3qzTL._AC_SL1500_.jpg","contentUrl":"https:\/\/easyliferobo.com\/de\/wp-content\/uploads\/2026\/02\/61FxU3qzTL._AC_SL1500_.jpg","width":1500,"height":1263},{"@type":"BreadcrumbList","@id":"https:\/\/easyliferobo.com\/de\/product\/mechanischer-arm-6dof-roboterarm-programmierbarer-vollmetallroboter-mechanischer-arm-klemmklauensatz-desktop-manipulatorroboter-mit-rueckmeldung-von-servoparametern-industrieroboterteile\/#breadcrumb","itemListElement":[{"@type":"ListItem","position":1,"name":"Home","item":"https:\/\/easyliferobo.com\/de\/"},{"@type":"ListItem","position":2,"name":"Shop","item":"https:\/\/easyliferobo.com\/de\/shop\/"},{"@type":"ListItem","position":3,"name":"Mechanischer Arm, 6DOF-Roboterarm, programmierbarer Vollmetallroboter, mechanischer Arm, Klemmklauensatz, Desktop-Manipulatorroboter mit R\u00fcckmeldung von Servoparametern, Industrieroboterteile"}]},{"@type":"WebSite","@id":"https:\/\/easyliferobo.com\/de\/#website","url":"https:\/\/easyliferobo.com\/de\/","name":"EasyLifeBro","description":"Smarte Roboter f\u00fcr Zuhause, Garten &amp; Bildung","publisher":{"@id":"https:\/\/easyliferobo.com\/de\/#organization"},"potentialAction":[{"@type":"SearchAction","target":{"@type":"EntryPoint","urlTemplate":"https:\/\/easyliferobo.com\/de\/?s={search_term_string}"},"query-input":{"@type":"PropertyValueSpecification","valueRequired":true,"valueName":"search_term_string"}}],"inLanguage":"de"},{"@type":"Organization","@id":"https:\/\/easyliferobo.com\/de\/#organization","name":"EasyLifeBro","url":"https:\/\/easyliferobo.com\/de\/","logo":{"@type":"ImageObject","inLanguage":"de","@id":"https:\/\/easyliferobo.com\/de\/#\/schema\/logo\/image\/","url":"https:\/\/easyliferobo.com\/de\/wp-content\/uploads\/2026\/02\/Screenshot-2026-02-22-at-2.25.03-PM.png","contentUrl":"https:\/\/easyliferobo.com\/de\/wp-content\/uploads\/2026\/02\/Screenshot-2026-02-22-at-2.25.03-PM.png","width":1858,"height":430,"caption":"EasyLifeBro"},"image":{"@id":"https:\/\/easyliferobo.com\/de\/#\/schema\/logo\/image\/"}}]}},"_links":{"self":[{"href":"https:\/\/easyliferobo.com\/de\/wp-json\/wp\/v2\/product\/1641","targetHints":{"allow":["GET"]}}],"collection":[{"href":"https:\/\/easyliferobo.com\/de\/wp-json\/wp\/v2\/product"}],"about":[{"href":"https:\/\/easyliferobo.com\/de\/wp-json\/wp\/v2\/types\/product"}],"replies":[{"embeddable":true,"href":"https:\/\/easyliferobo.com\/de\/wp-json\/wp\/v2\/comments?post=1641"}],"wp:featuredmedia":[{"embeddable":true,"href":"https:\/\/easyliferobo.com\/de\/wp-json\/wp\/v2\/media\/1642"}],"wp:attachment":[{"href":"https:\/\/easyliferobo.com\/de\/wp-json\/wp\/v2\/media?parent=1641"}],"wp:term":[{"taxonomy":"store","embeddable":true,"href":"https:\/\/easyliferobo.com\/de\/wp-json\/wp\/v2\/store?post=1641"},{"taxonomy":"product_brand","embeddable":true,"href":"https:\/\/easyliferobo.com\/de\/wp-json\/wp\/v2\/product_brand?post=1641"},{"taxonomy":"product_cat","embeddable":true,"href":"https:\/\/easyliferobo.com\/de\/wp-json\/wp\/v2\/product_cat?post=1641"},{"taxonomy":"product_tag","embeddable":true,"href":"https:\/\/easyliferobo.com\/de\/wp-json\/wp\/v2\/product_tag?post=1641"}],"curies":[{"name":"wp","href":"https:\/\/api.w.org\/{rel}","templated":true}]}}