
{"id":1636,"date":"2026-02-23T08:18:13","date_gmt":"2026-02-23T08:18:13","guid":{"rendered":"https:\/\/easyliferobo.com\/de\/product\/flexibler-klauengreifer-mit-enger-biegung-starker-greifer-mit-federgriff-60-cm\/"},"modified":"2026-02-23T08:18:19","modified_gmt":"2026-02-23T08:18:19","slug":"flexibler-klauengreifer-mit-enger-biegung-starker-greifer-mit-federgriff-60-cm","status":"publish","type":"product","link":"https:\/\/easyliferobo.com\/de\/product\/flexibler-klauengreifer-mit-enger-biegung-starker-greifer-mit-federgriff-60-cm\/","title":{"rendered":"Flexibler Klauengreifer mit enger B..."},"content":{"rendered":"<p>    <span>Flexibles Fangwerkzeug. L\u00e4nge: 23,6 Zoll. Material: Edelstahl. Gro\u00dfe Hilfe: Mit einer L\u00e4nge von 23,6 Zoll eignet sich dieses flexible Graswerkzeug hervorragend zum Aufsammeln versch\u00fctteter Fl\u00fcssigkeiten an einer kleinen, schwer zug\u00e4nglichen Stelle, hinter oder unter dem Sofa, dem Bett, im Haus und auf dem Herd, unter dem Autositz usw. FLEXIBEL ZUM REINIGEN VON ABFL\u00dcSSEN, ROHREN UND L\u00d6CHERN \u2013 Das flexible Fangwerkzeug besteht aus Edelstahl und ist sehr flexibel und kann zum Ablassen von Rohren, Schl\u00e4uchen sowie L\u00f6chern in Badezimmer, K\u00fcche usw. verwendet werden. Starker Verschluss. Die Klaue des flexiblen Graswerkzeugs ist sehr stark und kann schwere Gegenst\u00e4nde halten. PROBLEME BEI \u200b\u200bDER HUFBEWEGUNG: Mit Hilfe dieses flexiblen Grasfangger\u00e4ts m\u00fcssen Sie sich nie b\u00fccken, um zur\u00fcckgelassene Gegenst\u00e4nde aufzuheben, was ideal f\u00fcr Ihren Taillenumfang und Ihre Lendenwirbels\u00e4ule ist.<\/span>    <br \/>Flexibles Fangwerkzeug<br \/>L\u00e4nge: 23,6 Zoll<br \/>Material: Edelstahl<br \/>Flexibel zum Reinigen von Abfl\u00fcssen, Rohren und L\u00f6chern. Das flexible Auffangwerkzeug besteht aus Edelstahl und das Auffangwerkzeug ist sehr flexibel und kann Abfl\u00fcsse, Rohre, Schl\u00e4uche sowie L\u00f6cher in Badezimmer, K\u00fcche usw. reinigen.<\/p>\n<p>[ad_2]<\/p>\n","protected":false},"excerpt":{"rendered":"<p>Flexibles Fangwerkzeug. L\u00e4nge: 23,6 Zoll. Material: Edelstahl. Gro\u00dfe Hilfe: Mit einer L\u00e4nge von 23,6 Zoll eignet sich dieses flexible Graswerkzeug hervorragend zum Aufsammeln versch\u00fctteter Fl\u00fcssigkeiten an einer kleinen, schwer zug\u00e4nglichen Stelle, hinter oder unter dem Sofa, dem Bett, im Haus und auf dem Herd, unter dem Autositz usw. FLEXIBEL ZUM REINIGEN VON ABFL\u00dcSSEN, ROHREN UND [&hellip;]<\/p>\n","protected":false},"featured_media":1637,"comment_status":"open","ping_status":"closed","template":"","meta":{"_aipt_faq_data":""},"store":[],"product_brand":[323],"product_cat":[100],"product_tag":[322],"class_list":{"0":"post-1636","1":"product","2":"type-product","3":"status-publish","4":"has-post-thumbnail","6":"product_brand-chjiejie","7":"product_cat-greifer-zubehoer","8":"product_tag-greifer-zubehoer-montagekits","10":"first","11":"instock","12":"shipping-taxable","13":"product-type-external"},"yoast_head":"<!-- This site is optimized with the Yoast SEO plugin v27.4 - https:\/\/yoast.com\/product\/yoast-seo-wordpress\/ -->\n<title>Flexibler Klauengreifer mit enger Biegung, starker Greifer mit Federgriff \u2013 60 cm - EasyLifeBro<\/title>\n<meta name=\"description\" content=\"Entdecken Sie smarte Roboter f\u00fcr Zuhause, Garten, Bildung und Sicherheit. Vergleichen Sie Saugroboter, Rasenm\u00e4hroboter, KI-Begleitroboter und mehr bei EasyLifeRobo.\" \/>\n<meta name=\"robots\" content=\"index, follow, max-snippet:-1, max-image-preview:large, max-video-preview:-1\" \/>\n<link rel=\"canonical\" href=\"https:\/\/easyliferobo.com\/de\/product\/flexibler-klauengreifer-mit-enger-biegung-starker-greifer-mit-federgriff-60-cm\/\" \/>\n<meta property=\"og:locale\" content=\"de_DE\" \/>\n<meta property=\"og:type\" content=\"article\" \/>\n<meta property=\"og:title\" content=\"Flexibler Klauengreifer mit enger Biegung, starker Greifer mit Federgriff \u2013 60 cm - EasyLifeBro\" \/>\n<meta property=\"og:description\" content=\"Entdecken Sie smarte Roboter f\u00fcr Zuhause, Garten, Bildung und Sicherheit. Vergleichen Sie Saugroboter, Rasenm\u00e4hroboter, KI-Begleitroboter und mehr bei EasyLifeRobo.\" \/>\n<meta property=\"og:url\" content=\"https:\/\/easyliferobo.com\/de\/product\/flexibler-klauengreifer-mit-enger-biegung-starker-greifer-mit-federgriff-60-cm\/\" \/>\n<meta property=\"og:site_name\" content=\"EasyLifeBro\" \/>\n<meta property=\"article:modified_time\" content=\"2026-02-23T08:18:19+00:00\" \/>\n<meta property=\"og:image\" content=\"https:\/\/easyliferobo.com\/de\/wp-content\/uploads\/2026\/02\/41LgZhUjdL._AC_SL1000_.jpg\" \/>\n\t<meta property=\"og:image:width\" content=\"786\" \/>\n\t<meta property=\"og:image:height\" content=\"766\" \/>\n\t<meta property=\"og:image:type\" content=\"image\/jpeg\" \/>\n<meta name=\"twitter:card\" content=\"summary_large_image\" \/>\n<meta name=\"twitter:label1\" content=\"Gesch\u00e4tzte Lesezeit\" \/>\n\t<meta name=\"twitter:data1\" content=\"1\u00a0Minute\" \/>\n<script type=\"application\/ld+json\" class=\"yoast-schema-graph\">{\"@context\":\"https:\\\/\\\/schema.org\",\"@graph\":[{\"@type\":\"WebPage\",\"@id\":\"https:\\\/\\\/easyliferobo.com\\\/de\\\/product\\\/flexibler-klauengreifer-mit-enger-biegung-starker-greifer-mit-federgriff-60-cm\\\/\",\"url\":\"https:\\\/\\\/easyliferobo.com\\\/de\\\/product\\\/flexibler-klauengreifer-mit-enger-biegung-starker-greifer-mit-federgriff-60-cm\\\/\",\"name\":\"Flexibler Klauengreifer mit enger Biegung, starker Greifer mit Federgriff \u2013 60 cm - EasyLifeBro\",\"isPartOf\":{\"@id\":\"https:\\\/\\\/easyliferobo.com\\\/de\\\/#website\"},\"primaryImageOfPage\":{\"@id\":\"https:\\\/\\\/easyliferobo.com\\\/de\\\/product\\\/flexibler-klauengreifer-mit-enger-biegung-starker-greifer-mit-federgriff-60-cm\\\/#primaryimage\"},\"image\":{\"@id\":\"https:\\\/\\\/easyliferobo.com\\\/de\\\/product\\\/flexibler-klauengreifer-mit-enger-biegung-starker-greifer-mit-federgriff-60-cm\\\/#primaryimage\"},\"thumbnailUrl\":\"https:\\\/\\\/easyliferobo.com\\\/de\\\/wp-content\\\/uploads\\\/2026\\\/02\\\/41LgZhUjdL._AC_SL1000_.jpg\",\"datePublished\":\"2026-02-23T08:18:13+00:00\",\"dateModified\":\"2026-02-23T08:18:19+00:00\",\"description\":\"Entdecken Sie smarte Roboter f\u00fcr Zuhause, Garten, Bildung und Sicherheit. Vergleichen Sie Saugroboter, Rasenm\u00e4hroboter, KI-Begleitroboter und mehr bei EasyLifeRobo.\",\"breadcrumb\":{\"@id\":\"https:\\\/\\\/easyliferobo.com\\\/de\\\/product\\\/flexibler-klauengreifer-mit-enger-biegung-starker-greifer-mit-federgriff-60-cm\\\/#breadcrumb\"},\"inLanguage\":\"de\",\"potentialAction\":[{\"@type\":\"ReadAction\",\"target\":[\"https:\\\/\\\/easyliferobo.com\\\/de\\\/product\\\/flexibler-klauengreifer-mit-enger-biegung-starker-greifer-mit-federgriff-60-cm\\\/\"]}]},{\"@type\":\"ImageObject\",\"inLanguage\":\"de\",\"@id\":\"https:\\\/\\\/easyliferobo.com\\\/de\\\/product\\\/flexibler-klauengreifer-mit-enger-biegung-starker-greifer-mit-federgriff-60-cm\\\/#primaryimage\",\"url\":\"https:\\\/\\\/easyliferobo.com\\\/de\\\/wp-content\\\/uploads\\\/2026\\\/02\\\/41LgZhUjdL._AC_SL1000_.jpg\",\"contentUrl\":\"https:\\\/\\\/easyliferobo.com\\\/de\\\/wp-content\\\/uploads\\\/2026\\\/02\\\/41LgZhUjdL._AC_SL1000_.jpg\",\"width\":786,\"height\":766},{\"@type\":\"BreadcrumbList\",\"@id\":\"https:\\\/\\\/easyliferobo.com\\\/de\\\/product\\\/flexibler-klauengreifer-mit-enger-biegung-starker-greifer-mit-federgriff-60-cm\\\/#breadcrumb\",\"itemListElement\":[{\"@type\":\"ListItem\",\"position\":1,\"name\":\"Home\",\"item\":\"https:\\\/\\\/easyliferobo.com\\\/de\\\/\"},{\"@type\":\"ListItem\",\"position\":2,\"name\":\"Shop\",\"item\":\"https:\\\/\\\/easyliferobo.com\\\/de\\\/shop\\\/\"},{\"@type\":\"ListItem\",\"position\":3,\"name\":\"Flexibler Klauengreifer mit enger Biegung, starker Greifer mit Federgriff \u2013 60 cm\"}]},{\"@type\":\"WebSite\",\"@id\":\"https:\\\/\\\/easyliferobo.com\\\/de\\\/#website\",\"url\":\"https:\\\/\\\/easyliferobo.com\\\/de\\\/\",\"name\":\"EasyLifeBro\",\"description\":\"Smarte Roboter f\u00fcr Zuhause, Garten &amp; Bildung\",\"publisher\":{\"@id\":\"https:\\\/\\\/easyliferobo.com\\\/de\\\/#organization\"},\"potentialAction\":[{\"@type\":\"SearchAction\",\"target\":{\"@type\":\"EntryPoint\",\"urlTemplate\":\"https:\\\/\\\/easyliferobo.com\\\/de\\\/?s={search_term_string}\"},\"query-input\":{\"@type\":\"PropertyValueSpecification\",\"valueRequired\":true,\"valueName\":\"search_term_string\"}}],\"inLanguage\":\"de\"},{\"@type\":\"Organization\",\"@id\":\"https:\\\/\\\/easyliferobo.com\\\/de\\\/#organization\",\"name\":\"EasyLifeBro\",\"url\":\"https:\\\/\\\/easyliferobo.com\\\/de\\\/\",\"logo\":{\"@type\":\"ImageObject\",\"inLanguage\":\"de\",\"@id\":\"https:\\\/\\\/easyliferobo.com\\\/de\\\/#\\\/schema\\\/logo\\\/image\\\/\",\"url\":\"https:\\\/\\\/easyliferobo.com\\\/de\\\/wp-content\\\/uploads\\\/2026\\\/02\\\/Screenshot-2026-02-22-at-2.25.03-PM.png\",\"contentUrl\":\"https:\\\/\\\/easyliferobo.com\\\/de\\\/wp-content\\\/uploads\\\/2026\\\/02\\\/Screenshot-2026-02-22-at-2.25.03-PM.png\",\"width\":1858,\"height\":430,\"caption\":\"EasyLifeBro\"},\"image\":{\"@id\":\"https:\\\/\\\/easyliferobo.com\\\/de\\\/#\\\/schema\\\/logo\\\/image\\\/\"}}]}<\/script>\n<!-- \/ Yoast SEO plugin. -->","yoast_head_json":{"title":"Flexibler Klauengreifer mit enger Biegung, starker Greifer mit Federgriff \u2013 60 cm - EasyLifeBro","description":"Entdecken Sie smarte Roboter f\u00fcr Zuhause, Garten, Bildung und Sicherheit. Vergleichen Sie Saugroboter, Rasenm\u00e4hroboter, KI-Begleitroboter und mehr bei EasyLifeRobo.","robots":{"index":"index","follow":"follow","max-snippet":"max-snippet:-1","max-image-preview":"max-image-preview:large","max-video-preview":"max-video-preview:-1"},"canonical":"https:\/\/easyliferobo.com\/de\/product\/flexibler-klauengreifer-mit-enger-biegung-starker-greifer-mit-federgriff-60-cm\/","og_locale":"de_DE","og_type":"article","og_title":"Flexibler Klauengreifer mit enger Biegung, starker Greifer mit Federgriff \u2013 60 cm - EasyLifeBro","og_description":"Entdecken Sie smarte Roboter f\u00fcr Zuhause, Garten, Bildung und Sicherheit. Vergleichen Sie Saugroboter, Rasenm\u00e4hroboter, KI-Begleitroboter und mehr bei EasyLifeRobo.","og_url":"https:\/\/easyliferobo.com\/de\/product\/flexibler-klauengreifer-mit-enger-biegung-starker-greifer-mit-federgriff-60-cm\/","og_site_name":"EasyLifeBro","article_modified_time":"2026-02-23T08:18:19+00:00","og_image":[{"width":786,"height":766,"url":"https:\/\/easyliferobo.com\/de\/wp-content\/uploads\/2026\/02\/41LgZhUjdL._AC_SL1000_.jpg","type":"image\/jpeg"}],"twitter_card":"summary_large_image","twitter_misc":{"Gesch\u00e4tzte Lesezeit":"1\u00a0Minute"},"schema":{"@context":"https:\/\/schema.org","@graph":[{"@type":"WebPage","@id":"https:\/\/easyliferobo.com\/de\/product\/flexibler-klauengreifer-mit-enger-biegung-starker-greifer-mit-federgriff-60-cm\/","url":"https:\/\/easyliferobo.com\/de\/product\/flexibler-klauengreifer-mit-enger-biegung-starker-greifer-mit-federgriff-60-cm\/","name":"Flexibler Klauengreifer mit enger Biegung, starker Greifer mit Federgriff \u2013 60 cm - EasyLifeBro","isPartOf":{"@id":"https:\/\/easyliferobo.com\/de\/#website"},"primaryImageOfPage":{"@id":"https:\/\/easyliferobo.com\/de\/product\/flexibler-klauengreifer-mit-enger-biegung-starker-greifer-mit-federgriff-60-cm\/#primaryimage"},"image":{"@id":"https:\/\/easyliferobo.com\/de\/product\/flexibler-klauengreifer-mit-enger-biegung-starker-greifer-mit-federgriff-60-cm\/#primaryimage"},"thumbnailUrl":"https:\/\/easyliferobo.com\/de\/wp-content\/uploads\/2026\/02\/41LgZhUjdL._AC_SL1000_.jpg","datePublished":"2026-02-23T08:18:13+00:00","dateModified":"2026-02-23T08:18:19+00:00","description":"Entdecken Sie smarte Roboter f\u00fcr Zuhause, Garten, Bildung und Sicherheit. Vergleichen Sie Saugroboter, Rasenm\u00e4hroboter, KI-Begleitroboter und mehr bei EasyLifeRobo.","breadcrumb":{"@id":"https:\/\/easyliferobo.com\/de\/product\/flexibler-klauengreifer-mit-enger-biegung-starker-greifer-mit-federgriff-60-cm\/#breadcrumb"},"inLanguage":"de","potentialAction":[{"@type":"ReadAction","target":["https:\/\/easyliferobo.com\/de\/product\/flexibler-klauengreifer-mit-enger-biegung-starker-greifer-mit-federgriff-60-cm\/"]}]},{"@type":"ImageObject","inLanguage":"de","@id":"https:\/\/easyliferobo.com\/de\/product\/flexibler-klauengreifer-mit-enger-biegung-starker-greifer-mit-federgriff-60-cm\/#primaryimage","url":"https:\/\/easyliferobo.com\/de\/wp-content\/uploads\/2026\/02\/41LgZhUjdL._AC_SL1000_.jpg","contentUrl":"https:\/\/easyliferobo.com\/de\/wp-content\/uploads\/2026\/02\/41LgZhUjdL._AC_SL1000_.jpg","width":786,"height":766},{"@type":"BreadcrumbList","@id":"https:\/\/easyliferobo.com\/de\/product\/flexibler-klauengreifer-mit-enger-biegung-starker-greifer-mit-federgriff-60-cm\/#breadcrumb","itemListElement":[{"@type":"ListItem","position":1,"name":"Home","item":"https:\/\/easyliferobo.com\/de\/"},{"@type":"ListItem","position":2,"name":"Shop","item":"https:\/\/easyliferobo.com\/de\/shop\/"},{"@type":"ListItem","position":3,"name":"Flexibler Klauengreifer mit enger Biegung, starker Greifer mit Federgriff \u2013 60 cm"}]},{"@type":"WebSite","@id":"https:\/\/easyliferobo.com\/de\/#website","url":"https:\/\/easyliferobo.com\/de\/","name":"EasyLifeBro","description":"Smarte Roboter f\u00fcr Zuhause, Garten &amp; Bildung","publisher":{"@id":"https:\/\/easyliferobo.com\/de\/#organization"},"potentialAction":[{"@type":"SearchAction","target":{"@type":"EntryPoint","urlTemplate":"https:\/\/easyliferobo.com\/de\/?s={search_term_string}"},"query-input":{"@type":"PropertyValueSpecification","valueRequired":true,"valueName":"search_term_string"}}],"inLanguage":"de"},{"@type":"Organization","@id":"https:\/\/easyliferobo.com\/de\/#organization","name":"EasyLifeBro","url":"https:\/\/easyliferobo.com\/de\/","logo":{"@type":"ImageObject","inLanguage":"de","@id":"https:\/\/easyliferobo.com\/de\/#\/schema\/logo\/image\/","url":"https:\/\/easyliferobo.com\/de\/wp-content\/uploads\/2026\/02\/Screenshot-2026-02-22-at-2.25.03-PM.png","contentUrl":"https:\/\/easyliferobo.com\/de\/wp-content\/uploads\/2026\/02\/Screenshot-2026-02-22-at-2.25.03-PM.png","width":1858,"height":430,"caption":"EasyLifeBro"},"image":{"@id":"https:\/\/easyliferobo.com\/de\/#\/schema\/logo\/image\/"}}]}},"_links":{"self":[{"href":"https:\/\/easyliferobo.com\/de\/wp-json\/wp\/v2\/product\/1636","targetHints":{"allow":["GET"]}}],"collection":[{"href":"https:\/\/easyliferobo.com\/de\/wp-json\/wp\/v2\/product"}],"about":[{"href":"https:\/\/easyliferobo.com\/de\/wp-json\/wp\/v2\/types\/product"}],"replies":[{"embeddable":true,"href":"https:\/\/easyliferobo.com\/de\/wp-json\/wp\/v2\/comments?post=1636"}],"wp:featuredmedia":[{"embeddable":true,"href":"https:\/\/easyliferobo.com\/de\/wp-json\/wp\/v2\/media\/1637"}],"wp:attachment":[{"href":"https:\/\/easyliferobo.com\/de\/wp-json\/wp\/v2\/media?parent=1636"}],"wp:term":[{"taxonomy":"store","embeddable":true,"href":"https:\/\/easyliferobo.com\/de\/wp-json\/wp\/v2\/store?post=1636"},{"taxonomy":"product_brand","embeddable":true,"href":"https:\/\/easyliferobo.com\/de\/wp-json\/wp\/v2\/product_brand?post=1636"},{"taxonomy":"product_cat","embeddable":true,"href":"https:\/\/easyliferobo.com\/de\/wp-json\/wp\/v2\/product_cat?post=1636"},{"taxonomy":"product_tag","embeddable":true,"href":"https:\/\/easyliferobo.com\/de\/wp-json\/wp\/v2\/product_tag?post=1636"}],"curies":[{"name":"wp","href":"https:\/\/api.w.org\/{rel}","templated":true}]}}