
{"id":1598,"date":"2026-02-23T08:03:38","date_gmt":"2026-02-23T08:03:38","guid":{"rendered":"https:\/\/easyliferobo.com\/de\/product\/holy-stone-hs210-mini-drohne-fuer-kinder-rc-quadcopter-helikopter-ferngesteuert-mit-3-batterien-21-minuten-lange-flugzeit-automatische-hoehenhaltung-3d-flips-headless-modus-ideal-fuer-anfaenge\/"},"modified":"2026-02-23T08:03:56","modified_gmt":"2026-02-23T08:03:56","slug":"holy-stone-hs210-mini-drohne-fuer-kinder-rc-quadcopter-helikopter-ferngesteuert-mit-3-batterien-21-minuten-lange-flugzeit-automatische-hoehenhaltung-3d-flips-headless-modus-ideal-fuer-anfaenge","status":"publish","type":"product","link":"https:\/\/easyliferobo.com\/de\/product\/holy-stone-hs210-mini-drohne-fuer-kinder-rc-quadcopter-helikopter-ferngesteuert-mit-3-batterien-21-minuten-lange-flugzeit-automatische-hoehenhaltung-3d-flips-headless-modus-ideal-fuer-anfaenge\/","title":{"rendered":"Holy Stone HS210 Mini-Drohne f\u00fcr K..."},"content":{"rendered":"<p>\n                                             Produktbeschreibung Das Video zeigt das Produkt im Einsatz. Das Video f\u00fchrt Sie durch die Produkteinrichtung. Das Video vergleicht mehrere Produkte. Das Video zeigt das Auspacken des Produkts. hero-video H\u00e4ndlervideo<\/p>\n<p class=\"aplus-description aplus-container-3 aplus-p1\"> Das Produkt wiegt weniger als 249g und ist C0-zertifiziert. Die EU-Konformit\u00e4tserkl\u00e4rung finden Sie in der Gebrauchsanweisung. <\/p>\n<p>                                                                                                                    <img decoding=\"async\" alt=\"Zum GO werfen\" src=\"https:\/\/m.media-amazon.com\/images\/S\/aplus-media-library-service-media\/68a20d92-7761-4006-9c51-bce9486051e5.__CR0,0,1464,600_PT0_SX1464_V1___.jpg\">                                                                                           Werfen zum Fliegen                                       <\/p>\n<p class=\"description aplus-p1\"> Wirf die Drohne einfach hoch und sie ist startklar. <\/p>\n<p>                                                      <img decoding=\"async\" alt=\"HS210\" src=\"https:\/\/m.media-amazon.com\/images\/S\/aplus-media-library-service-media\/94669224-d231-444a-a4f0-2b11236b14aa.__CR0,0,1464,600_PT0_SX1464_V1___.jpg\">                                                                                           Hochgeschwindigkeits-Rotation                                       <\/p>\n<p class=\"description aplus-p1\"> Hochgeschwindigkeitsrotation sorgt f\u00fcr ein aufregendes Erlebnis. <\/p>\n<p>                                                      <img decoding=\"async\" alt=\"HS210\" src=\"https:\/\/m.media-amazon.com\/images\/S\/aplus-media-library-service-media\/bc5a4026-ffb1-435a-b7fe-589eb8148308.__CR0,0,1464,600_PT0_SX1464_V1___.jpg\">                                                                                           3D-Flips                                       <\/p>\n<p class=\"description aplus-p1\"> F\u00fchre coole Stunts in der Luft mit ferngesteuerten Joysticks aus. <\/p>\n<p>                                                      <img decoding=\"async\" alt=\"HS210\" src=\"https:\/\/m.media-amazon.com\/images\/S\/aplus-media-library-service-media\/58d85c6b-1850-4e73-8c50-865ce79f2478.__CR0,0,1464,600_PT0_SX1464_V1___.jpg\">                                                                                           H\u00f6henhaltung                                       <\/p>\n<p class=\"description aplus-p1\"> Die H\u00f6henhaltungsfunktion erm\u00f6glicht es der Drohne, auf der aktuellen H\u00f6he zu schweben. <\/p>\n<p>                                                      <img decoding=\"async\" alt=\"HS210\" src=\"https:\/\/m.media-amazon.com\/images\/S\/aplus-media-library-service-media\/d894a33f-e0f9-4631-97eb-895d99f763f1.__CR0,0,1464,600_PT0_SX1464_V1___.jpg\">                                                                                           One-Key-Start\/Landung                                       <\/p>\n<p class=\"description aplus-p1\"> Das Starten oder Landen per Knopfdruck ist besonders f\u00fcr Anf\u00e4nger und Kinder leicht zu steuern. <\/p>\n<p>                            1 Werfen zum Fliegen 2 High-Speed-Rotation 3 3D-Flips 4 H\u00f6henhaltung 5 One-Key-Start\/Landung <\/p>\n<p>                                                                                  <img decoding=\"async\" alt=\"HS210\" src=\"https:\/\/m.media-amazon.com\/images\/S\/aplus-media-library-service-media\/4d18d6cc-323c-45f0-bbcf-530548e60653.__CR0,0,1464,600_PT0_SX1464_V1___.jpg\">       <\/p>\n<p>                                                                                  <img decoding=\"async\" alt=\"HS210\" src=\"https:\/\/m.media-amazon.com\/images\/S\/aplus-media-library-service-media\/f4059544-753f-4427-b1da-9f3596438a55.__CR0,0,1464,600_PT0_SX1464_V1___.jpg\">       <\/p>\n<p>                                                                                  <img decoding=\"async\" alt=\"HS210\" src=\"https:\/\/m.media-amazon.com\/images\/S\/aplus-media-library-service-media\/cc0aad11-5395-4840-a54d-167fa6c12b66.__CR0,0,1464,600_PT0_SX1464_V1___.jpg\">       <\/p>\n<p>                                                                                  <img decoding=\"async\" alt=\"HS210\" src=\"https:\/\/m.media-amazon.com\/images\/S\/aplus-media-library-service-media\/4f54c841-5ca6-4c2c-a36a-58ff2b9f2d9b.__CR0,0,1464,600_PT0_SX1464_V1___.jpg\">       <\/p>\n<p>                                                                                  <img decoding=\"async\" alt=\"C0-Zertifizierung\" src=\"https:\/\/m.media-amazon.com\/images\/S\/aplus-media-library-service-media\/d5b9f9fe-604a-4d7f-8e01-36fe1ca1a4c2.__CR0,0,1464,600_PT0_SX1464_V1___.jpg\">       <\/p>\n<h3 class=\"a-size-extra-large a-spacing-base a-text-center\">  Technische Spezifikationen <\/h3>\n<p>                                                        Maximaler Flug 7 Minuten pro Akku Gewicht 25 Gramm Abmessungen 8*8*3 cm Ladezeit 40-60 Minuten Entfernung 164ft\/50m Lieferumfang Drohne*1, Sender*1, Drohnenakku*3, USB-Ladeger\u00e4t*1, Propeller*4, Schraubendreher*1, Gebrauchsanweisung*1                     <\/p>\n<p>Wie und los geht&#8217;s: Sensoren der Mini-Drohne erm\u00f6glichen es dem Spieler, diese mit Gesten statt mit der Fernbedienung zu steuern. Wurf-Go, Kreisflug, automatische Rotation und 3D-Rollen k\u00f6nnen nur mit Gesten erzeugt werden. Es ist nicht erforderlich, eine Fernbedienung ist immer bereit.<br \/>Langer Flug: Die maximale Flugzeit betr\u00e4gt bis zu 21 Minuten. (L\u00e4nger als andere Produkte in der gleichen Preisklasse), fliegen Sie l\u00e4nger und weiter. Sie werden den Flug mit Ihrer Familie, Ihren Kindern und Freunden genie\u00dfen.<br \/>Einfach zu bedienen: Diese Drohne kann 3D-Flips, Autodrehungen und Kreisfliegen ausf\u00fchren. Perfekt f\u00fcr Indoor-Spiele oder Reisen, tolle Kindergeschenke und lustige Aktivit\u00e4ten zum Geburtstag.<br \/>Geeignet f\u00fcr den Einsatz: Diese Drohne verf\u00fcgt \u00fcber 3 Geschwindigkeitsmodi. Langsam\/mittel\/schnell; Dr\u00fccken Sie einfach eine Taste, um die Drohne zu starten oder zu landen, geeignet f\u00fcr Anf\u00e4nger, Fortgeschrittene und Experten.<br \/>Ein tolles Geschenk: Diese Mini-Drohne ist kleiner als Ihr Smartphone und eignet sich besonders f\u00fcr den Indoor-Flug. Die komplette Schutzh\u00fclle kann die Sicherheit der Finger von Kindern gew\u00e4hrleisten, Kinder k\u00f6nnen sie auch leicht manipulieren.<br \/>Wir bieten exzellenten Kundenservice, bitte kontaktieren Sie uns, wenn Sie Fragen haben. Zertifizierung der Klasse C0. Zur Verwendung unter unmittelbarer Aufsicht eines Erwachsenen.<\/p>\n<p>[ad_2]<\/p>\n","protected":false},"excerpt":{"rendered":"<p>Produktbeschreibung Das Video zeigt das Produkt im Einsatz. Das Video f\u00fchrt Sie durch die Produkteinrichtung. Das Video vergleicht mehrere Produkte. Das Video zeigt das Auspacken des Produkts. hero-video H\u00e4ndlervideo Das Produkt wiegt weniger als 249g und ist C0-zertifiziert. Die EU-Konformit\u00e4tserkl\u00e4rung finden Sie in der Gebrauchsanweisung. Werfen zum Fliegen Wirf die Drohne einfach hoch und sie [&hellip;]<\/p>\n","protected":false},"featured_media":1599,"comment_status":"open","ping_status":"closed","template":"","meta":{"_aipt_faq_data":""},"store":[],"product_brand":[217],"product_cat":[105],"product_tag":[316],"class_list":{"0":"post-1598","1":"product","2":"type-product","3":"status-publish","4":"has-post-thumbnail","6":"product_brand-holy-stone","7":"product_cat-mini-drohnen","8":"product_tag-mini-drohnen-mit-videoaufzeichnung","10":"first","11":"instock","12":"shipping-taxable","13":"product-type-external"},"yoast_head":"<!-- This site is optimized with the Yoast SEO plugin v27.4 - https:\/\/yoast.com\/product\/yoast-seo-wordpress\/ -->\n<title>Holy Stone HS210 Mini-Drohne f\u00fcr Kinder, RC-Quadcopter-Helikopter, ferngesteuert, mit 3 Batterien, 21 Minuten lange Flugzeit, automatische H\u00f6henhaltung, 3D-Flips, Headless-Modus, ideal f\u00fcr Anf\u00e4nger - EasyLifeBro<\/title>\n<meta name=\"description\" content=\"Entdecken Sie smarte Roboter f\u00fcr Zuhause, Garten, Bildung und Sicherheit. Vergleichen Sie Saugroboter, Rasenm\u00e4hroboter, KI-Begleitroboter und mehr bei EasyLifeRobo.\" \/>\n<meta name=\"robots\" content=\"index, follow, max-snippet:-1, max-image-preview:large, max-video-preview:-1\" \/>\n<link rel=\"canonical\" href=\"https:\/\/easyliferobo.com\/de\/product\/holy-stone-hs210-mini-drohne-fuer-kinder-rc-quadcopter-helikopter-ferngesteuert-mit-3-batterien-21-minuten-lange-flugzeit-automatische-hoehenhaltung-3d-flips-headless-modus-ideal-fuer-anfaenge\/\" \/>\n<meta property=\"og:locale\" content=\"de_DE\" \/>\n<meta property=\"og:type\" content=\"article\" \/>\n<meta property=\"og:title\" content=\"Holy Stone HS210 Mini-Drohne f\u00fcr Kinder, RC-Quadcopter-Helikopter, ferngesteuert, mit 3 Batterien, 21 Minuten lange Flugzeit, automatische H\u00f6henhaltung, 3D-Flips, Headless-Modus, ideal f\u00fcr Anf\u00e4nger - EasyLifeBro\" \/>\n<meta property=\"og:description\" content=\"Entdecken Sie smarte Roboter f\u00fcr Zuhause, Garten, Bildung und Sicherheit. Vergleichen Sie Saugroboter, Rasenm\u00e4hroboter, KI-Begleitroboter und mehr bei EasyLifeRobo.\" \/>\n<meta property=\"og:url\" content=\"https:\/\/easyliferobo.com\/de\/product\/holy-stone-hs210-mini-drohne-fuer-kinder-rc-quadcopter-helikopter-ferngesteuert-mit-3-batterien-21-minuten-lange-flugzeit-automatische-hoehenhaltung-3d-flips-headless-modus-ideal-fuer-anfaenge\/\" \/>\n<meta property=\"og:site_name\" content=\"EasyLifeBro\" \/>\n<meta property=\"article:modified_time\" content=\"2026-02-23T08:03:56+00:00\" \/>\n<meta property=\"og:image\" content=\"https:\/\/easyliferobo.com\/de\/wp-content\/uploads\/2026\/02\/710vzOyyhUL._AC_SL1500_.jpg\" \/>\n\t<meta property=\"og:image:width\" content=\"1471\" \/>\n\t<meta property=\"og:image:height\" content=\"1341\" \/>\n\t<meta property=\"og:image:type\" content=\"image\/jpeg\" \/>\n<meta name=\"twitter:card\" content=\"summary_large_image\" \/>\n<meta name=\"twitter:label1\" content=\"Gesch\u00e4tzte Lesezeit\" \/>\n\t<meta name=\"twitter:data1\" content=\"2\u00a0Minuten\" \/>\n<script type=\"application\/ld+json\" class=\"yoast-schema-graph\">{\"@context\":\"https:\\\/\\\/schema.org\",\"@graph\":[{\"@type\":\"WebPage\",\"@id\":\"https:\\\/\\\/easyliferobo.com\\\/de\\\/product\\\/holy-stone-hs210-mini-drohne-fuer-kinder-rc-quadcopter-helikopter-ferngesteuert-mit-3-batterien-21-minuten-lange-flugzeit-automatische-hoehenhaltung-3d-flips-headless-modus-ideal-fuer-anfaenge\\\/\",\"url\":\"https:\\\/\\\/easyliferobo.com\\\/de\\\/product\\\/holy-stone-hs210-mini-drohne-fuer-kinder-rc-quadcopter-helikopter-ferngesteuert-mit-3-batterien-21-minuten-lange-flugzeit-automatische-hoehenhaltung-3d-flips-headless-modus-ideal-fuer-anfaenge\\\/\",\"name\":\"Holy Stone HS210 Mini-Drohne f\u00fcr Kinder, RC-Quadcopter-Helikopter, ferngesteuert, mit 3 Batterien, 21 Minuten lange Flugzeit, automatische H\u00f6henhaltung, 3D-Flips, Headless-Modus, ideal f\u00fcr Anf\u00e4nger - EasyLifeBro\",\"isPartOf\":{\"@id\":\"https:\\\/\\\/easyliferobo.com\\\/de\\\/#website\"},\"primaryImageOfPage\":{\"@id\":\"https:\\\/\\\/easyliferobo.com\\\/de\\\/product\\\/holy-stone-hs210-mini-drohne-fuer-kinder-rc-quadcopter-helikopter-ferngesteuert-mit-3-batterien-21-minuten-lange-flugzeit-automatische-hoehenhaltung-3d-flips-headless-modus-ideal-fuer-anfaenge\\\/#primaryimage\"},\"image\":{\"@id\":\"https:\\\/\\\/easyliferobo.com\\\/de\\\/product\\\/holy-stone-hs210-mini-drohne-fuer-kinder-rc-quadcopter-helikopter-ferngesteuert-mit-3-batterien-21-minuten-lange-flugzeit-automatische-hoehenhaltung-3d-flips-headless-modus-ideal-fuer-anfaenge\\\/#primaryimage\"},\"thumbnailUrl\":\"https:\\\/\\\/easyliferobo.com\\\/de\\\/wp-content\\\/uploads\\\/2026\\\/02\\\/710vzOyyhUL._AC_SL1500_.jpg\",\"datePublished\":\"2026-02-23T08:03:38+00:00\",\"dateModified\":\"2026-02-23T08:03:56+00:00\",\"description\":\"Entdecken Sie smarte Roboter f\u00fcr Zuhause, Garten, Bildung und Sicherheit. Vergleichen Sie Saugroboter, Rasenm\u00e4hroboter, KI-Begleitroboter und mehr bei EasyLifeRobo.\",\"breadcrumb\":{\"@id\":\"https:\\\/\\\/easyliferobo.com\\\/de\\\/product\\\/holy-stone-hs210-mini-drohne-fuer-kinder-rc-quadcopter-helikopter-ferngesteuert-mit-3-batterien-21-minuten-lange-flugzeit-automatische-hoehenhaltung-3d-flips-headless-modus-ideal-fuer-anfaenge\\\/#breadcrumb\"},\"inLanguage\":\"de\",\"potentialAction\":[{\"@type\":\"ReadAction\",\"target\":[\"https:\\\/\\\/easyliferobo.com\\\/de\\\/product\\\/holy-stone-hs210-mini-drohne-fuer-kinder-rc-quadcopter-helikopter-ferngesteuert-mit-3-batterien-21-minuten-lange-flugzeit-automatische-hoehenhaltung-3d-flips-headless-modus-ideal-fuer-anfaenge\\\/\"]}]},{\"@type\":\"ImageObject\",\"inLanguage\":\"de\",\"@id\":\"https:\\\/\\\/easyliferobo.com\\\/de\\\/product\\\/holy-stone-hs210-mini-drohne-fuer-kinder-rc-quadcopter-helikopter-ferngesteuert-mit-3-batterien-21-minuten-lange-flugzeit-automatische-hoehenhaltung-3d-flips-headless-modus-ideal-fuer-anfaenge\\\/#primaryimage\",\"url\":\"https:\\\/\\\/easyliferobo.com\\\/de\\\/wp-content\\\/uploads\\\/2026\\\/02\\\/710vzOyyhUL._AC_SL1500_.jpg\",\"contentUrl\":\"https:\\\/\\\/easyliferobo.com\\\/de\\\/wp-content\\\/uploads\\\/2026\\\/02\\\/710vzOyyhUL._AC_SL1500_.jpg\",\"width\":1471,\"height\":1341},{\"@type\":\"BreadcrumbList\",\"@id\":\"https:\\\/\\\/easyliferobo.com\\\/de\\\/product\\\/holy-stone-hs210-mini-drohne-fuer-kinder-rc-quadcopter-helikopter-ferngesteuert-mit-3-batterien-21-minuten-lange-flugzeit-automatische-hoehenhaltung-3d-flips-headless-modus-ideal-fuer-anfaenge\\\/#breadcrumb\",\"itemListElement\":[{\"@type\":\"ListItem\",\"position\":1,\"name\":\"Home\",\"item\":\"https:\\\/\\\/easyliferobo.com\\\/de\\\/\"},{\"@type\":\"ListItem\",\"position\":2,\"name\":\"Shop\",\"item\":\"https:\\\/\\\/easyliferobo.com\\\/de\\\/shop\\\/\"},{\"@type\":\"ListItem\",\"position\":3,\"name\":\"Holy Stone HS210 Mini-Drohne f\u00fcr K...\"}]},{\"@type\":\"WebSite\",\"@id\":\"https:\\\/\\\/easyliferobo.com\\\/de\\\/#website\",\"url\":\"https:\\\/\\\/easyliferobo.com\\\/de\\\/\",\"name\":\"EasyLifeBro\",\"description\":\"Smarte Roboter f\u00fcr Zuhause, Garten &amp; Bildung\",\"publisher\":{\"@id\":\"https:\\\/\\\/easyliferobo.com\\\/de\\\/#organization\"},\"potentialAction\":[{\"@type\":\"SearchAction\",\"target\":{\"@type\":\"EntryPoint\",\"urlTemplate\":\"https:\\\/\\\/easyliferobo.com\\\/de\\\/?s={search_term_string}\"},\"query-input\":{\"@type\":\"PropertyValueSpecification\",\"valueRequired\":true,\"valueName\":\"search_term_string\"}}],\"inLanguage\":\"de\"},{\"@type\":\"Organization\",\"@id\":\"https:\\\/\\\/easyliferobo.com\\\/de\\\/#organization\",\"name\":\"EasyLifeBro\",\"url\":\"https:\\\/\\\/easyliferobo.com\\\/de\\\/\",\"logo\":{\"@type\":\"ImageObject\",\"inLanguage\":\"de\",\"@id\":\"https:\\\/\\\/easyliferobo.com\\\/de\\\/#\\\/schema\\\/logo\\\/image\\\/\",\"url\":\"https:\\\/\\\/easyliferobo.com\\\/de\\\/wp-content\\\/uploads\\\/2026\\\/02\\\/Screenshot-2026-02-22-at-2.25.03-PM.png\",\"contentUrl\":\"https:\\\/\\\/easyliferobo.com\\\/de\\\/wp-content\\\/uploads\\\/2026\\\/02\\\/Screenshot-2026-02-22-at-2.25.03-PM.png\",\"width\":1858,\"height\":430,\"caption\":\"EasyLifeBro\"},\"image\":{\"@id\":\"https:\\\/\\\/easyliferobo.com\\\/de\\\/#\\\/schema\\\/logo\\\/image\\\/\"}}]}<\/script>\n<!-- \/ Yoast SEO plugin. -->","yoast_head_json":{"title":"Holy Stone HS210 Mini-Drohne f\u00fcr Kinder, RC-Quadcopter-Helikopter, ferngesteuert, mit 3 Batterien, 21 Minuten lange Flugzeit, automatische H\u00f6henhaltung, 3D-Flips, Headless-Modus, ideal f\u00fcr Anf\u00e4nger - EasyLifeBro","description":"Entdecken Sie smarte Roboter f\u00fcr Zuhause, Garten, Bildung und Sicherheit. Vergleichen Sie Saugroboter, Rasenm\u00e4hroboter, KI-Begleitroboter und mehr bei EasyLifeRobo.","robots":{"index":"index","follow":"follow","max-snippet":"max-snippet:-1","max-image-preview":"max-image-preview:large","max-video-preview":"max-video-preview:-1"},"canonical":"https:\/\/easyliferobo.com\/de\/product\/holy-stone-hs210-mini-drohne-fuer-kinder-rc-quadcopter-helikopter-ferngesteuert-mit-3-batterien-21-minuten-lange-flugzeit-automatische-hoehenhaltung-3d-flips-headless-modus-ideal-fuer-anfaenge\/","og_locale":"de_DE","og_type":"article","og_title":"Holy Stone HS210 Mini-Drohne f\u00fcr Kinder, RC-Quadcopter-Helikopter, ferngesteuert, mit 3 Batterien, 21 Minuten lange Flugzeit, automatische H\u00f6henhaltung, 3D-Flips, Headless-Modus, ideal f\u00fcr Anf\u00e4nger - EasyLifeBro","og_description":"Entdecken Sie smarte Roboter f\u00fcr Zuhause, Garten, Bildung und Sicherheit. Vergleichen Sie Saugroboter, Rasenm\u00e4hroboter, KI-Begleitroboter und mehr bei EasyLifeRobo.","og_url":"https:\/\/easyliferobo.com\/de\/product\/holy-stone-hs210-mini-drohne-fuer-kinder-rc-quadcopter-helikopter-ferngesteuert-mit-3-batterien-21-minuten-lange-flugzeit-automatische-hoehenhaltung-3d-flips-headless-modus-ideal-fuer-anfaenge\/","og_site_name":"EasyLifeBro","article_modified_time":"2026-02-23T08:03:56+00:00","og_image":[{"width":1471,"height":1341,"url":"https:\/\/easyliferobo.com\/de\/wp-content\/uploads\/2026\/02\/710vzOyyhUL._AC_SL1500_.jpg","type":"image\/jpeg"}],"twitter_card":"summary_large_image","twitter_misc":{"Gesch\u00e4tzte Lesezeit":"2\u00a0Minuten"},"schema":{"@context":"https:\/\/schema.org","@graph":[{"@type":"WebPage","@id":"https:\/\/easyliferobo.com\/de\/product\/holy-stone-hs210-mini-drohne-fuer-kinder-rc-quadcopter-helikopter-ferngesteuert-mit-3-batterien-21-minuten-lange-flugzeit-automatische-hoehenhaltung-3d-flips-headless-modus-ideal-fuer-anfaenge\/","url":"https:\/\/easyliferobo.com\/de\/product\/holy-stone-hs210-mini-drohne-fuer-kinder-rc-quadcopter-helikopter-ferngesteuert-mit-3-batterien-21-minuten-lange-flugzeit-automatische-hoehenhaltung-3d-flips-headless-modus-ideal-fuer-anfaenge\/","name":"Holy Stone HS210 Mini-Drohne f\u00fcr Kinder, RC-Quadcopter-Helikopter, ferngesteuert, mit 3 Batterien, 21 Minuten lange Flugzeit, automatische H\u00f6henhaltung, 3D-Flips, Headless-Modus, ideal f\u00fcr Anf\u00e4nger - EasyLifeBro","isPartOf":{"@id":"https:\/\/easyliferobo.com\/de\/#website"},"primaryImageOfPage":{"@id":"https:\/\/easyliferobo.com\/de\/product\/holy-stone-hs210-mini-drohne-fuer-kinder-rc-quadcopter-helikopter-ferngesteuert-mit-3-batterien-21-minuten-lange-flugzeit-automatische-hoehenhaltung-3d-flips-headless-modus-ideal-fuer-anfaenge\/#primaryimage"},"image":{"@id":"https:\/\/easyliferobo.com\/de\/product\/holy-stone-hs210-mini-drohne-fuer-kinder-rc-quadcopter-helikopter-ferngesteuert-mit-3-batterien-21-minuten-lange-flugzeit-automatische-hoehenhaltung-3d-flips-headless-modus-ideal-fuer-anfaenge\/#primaryimage"},"thumbnailUrl":"https:\/\/easyliferobo.com\/de\/wp-content\/uploads\/2026\/02\/710vzOyyhUL._AC_SL1500_.jpg","datePublished":"2026-02-23T08:03:38+00:00","dateModified":"2026-02-23T08:03:56+00:00","description":"Entdecken Sie smarte Roboter f\u00fcr Zuhause, Garten, Bildung und Sicherheit. Vergleichen Sie Saugroboter, Rasenm\u00e4hroboter, KI-Begleitroboter und mehr bei EasyLifeRobo.","breadcrumb":{"@id":"https:\/\/easyliferobo.com\/de\/product\/holy-stone-hs210-mini-drohne-fuer-kinder-rc-quadcopter-helikopter-ferngesteuert-mit-3-batterien-21-minuten-lange-flugzeit-automatische-hoehenhaltung-3d-flips-headless-modus-ideal-fuer-anfaenge\/#breadcrumb"},"inLanguage":"de","potentialAction":[{"@type":"ReadAction","target":["https:\/\/easyliferobo.com\/de\/product\/holy-stone-hs210-mini-drohne-fuer-kinder-rc-quadcopter-helikopter-ferngesteuert-mit-3-batterien-21-minuten-lange-flugzeit-automatische-hoehenhaltung-3d-flips-headless-modus-ideal-fuer-anfaenge\/"]}]},{"@type":"ImageObject","inLanguage":"de","@id":"https:\/\/easyliferobo.com\/de\/product\/holy-stone-hs210-mini-drohne-fuer-kinder-rc-quadcopter-helikopter-ferngesteuert-mit-3-batterien-21-minuten-lange-flugzeit-automatische-hoehenhaltung-3d-flips-headless-modus-ideal-fuer-anfaenge\/#primaryimage","url":"https:\/\/easyliferobo.com\/de\/wp-content\/uploads\/2026\/02\/710vzOyyhUL._AC_SL1500_.jpg","contentUrl":"https:\/\/easyliferobo.com\/de\/wp-content\/uploads\/2026\/02\/710vzOyyhUL._AC_SL1500_.jpg","width":1471,"height":1341},{"@type":"BreadcrumbList","@id":"https:\/\/easyliferobo.com\/de\/product\/holy-stone-hs210-mini-drohne-fuer-kinder-rc-quadcopter-helikopter-ferngesteuert-mit-3-batterien-21-minuten-lange-flugzeit-automatische-hoehenhaltung-3d-flips-headless-modus-ideal-fuer-anfaenge\/#breadcrumb","itemListElement":[{"@type":"ListItem","position":1,"name":"Home","item":"https:\/\/easyliferobo.com\/de\/"},{"@type":"ListItem","position":2,"name":"Shop","item":"https:\/\/easyliferobo.com\/de\/shop\/"},{"@type":"ListItem","position":3,"name":"Holy Stone HS210 Mini-Drohne f\u00fcr K..."}]},{"@type":"WebSite","@id":"https:\/\/easyliferobo.com\/de\/#website","url":"https:\/\/easyliferobo.com\/de\/","name":"EasyLifeBro","description":"Smarte Roboter f\u00fcr Zuhause, Garten &amp; Bildung","publisher":{"@id":"https:\/\/easyliferobo.com\/de\/#organization"},"potentialAction":[{"@type":"SearchAction","target":{"@type":"EntryPoint","urlTemplate":"https:\/\/easyliferobo.com\/de\/?s={search_term_string}"},"query-input":{"@type":"PropertyValueSpecification","valueRequired":true,"valueName":"search_term_string"}}],"inLanguage":"de"},{"@type":"Organization","@id":"https:\/\/easyliferobo.com\/de\/#organization","name":"EasyLifeBro","url":"https:\/\/easyliferobo.com\/de\/","logo":{"@type":"ImageObject","inLanguage":"de","@id":"https:\/\/easyliferobo.com\/de\/#\/schema\/logo\/image\/","url":"https:\/\/easyliferobo.com\/de\/wp-content\/uploads\/2026\/02\/Screenshot-2026-02-22-at-2.25.03-PM.png","contentUrl":"https:\/\/easyliferobo.com\/de\/wp-content\/uploads\/2026\/02\/Screenshot-2026-02-22-at-2.25.03-PM.png","width":1858,"height":430,"caption":"EasyLifeBro"},"image":{"@id":"https:\/\/easyliferobo.com\/de\/#\/schema\/logo\/image\/"}}]}},"_links":{"self":[{"href":"https:\/\/easyliferobo.com\/de\/wp-json\/wp\/v2\/product\/1598","targetHints":{"allow":["GET"]}}],"collection":[{"href":"https:\/\/easyliferobo.com\/de\/wp-json\/wp\/v2\/product"}],"about":[{"href":"https:\/\/easyliferobo.com\/de\/wp-json\/wp\/v2\/types\/product"}],"replies":[{"embeddable":true,"href":"https:\/\/easyliferobo.com\/de\/wp-json\/wp\/v2\/comments?post=1598"}],"wp:featuredmedia":[{"embeddable":true,"href":"https:\/\/easyliferobo.com\/de\/wp-json\/wp\/v2\/media\/1599"}],"wp:attachment":[{"href":"https:\/\/easyliferobo.com\/de\/wp-json\/wp\/v2\/media?parent=1598"}],"wp:term":[{"taxonomy":"store","embeddable":true,"href":"https:\/\/easyliferobo.com\/de\/wp-json\/wp\/v2\/store?post=1598"},{"taxonomy":"product_brand","embeddable":true,"href":"https:\/\/easyliferobo.com\/de\/wp-json\/wp\/v2\/product_brand?post=1598"},{"taxonomy":"product_cat","embeddable":true,"href":"https:\/\/easyliferobo.com\/de\/wp-json\/wp\/v2\/product_cat?post=1598"},{"taxonomy":"product_tag","embeddable":true,"href":"https:\/\/easyliferobo.com\/de\/wp-json\/wp\/v2\/product_tag?post=1598"}],"curies":[{"name":"wp","href":"https:\/\/api.w.org\/{rel}","templated":true}]}}