
{"id":1596,"date":"2026-02-23T04:09:14","date_gmt":"2026-02-23T04:09:14","guid":{"rendered":"https:\/\/easyliferobo.com\/de\/product\/steuerung-autonomer-mobiler-roboter-in-der-produktion-iwb-forschungsberichte-iwb-forschungsberichte-102-band-102\/"},"modified":"2026-02-23T04:09:16","modified_gmt":"2026-02-23T04:09:16","slug":"steuerung-autonomer-mobiler-roboter-in-der-produktion-iwb-forschungsberichte-iwb-forschungsberichte-102-band-102","status":"publish","type":"product","link":"https:\/\/easyliferobo.com\/de\/product\/steuerung-autonomer-mobiler-roboter-in-der-produktion-iwb-forschungsberichte-iwb-forschungsberichte-102-band-102\/","title":{"rendered":"Steuerung autonomer mobiler Roboter..."},"content":{"rendered":"<p>  Die vorliegende Dissertation entstand w\u00e4hrend meiner T\u00e4tigkeit als wissenschaftlicher Mitarbeiter am Institut f\u00fcr Werkzeugmaschinen und Betriebswissenschaften (iwb) der Technischen Universit\u00e4t M\u00fcnchen. Den Herrn Professoren Dr. -Ing. G. Reinhart und Dr. -Ing. J. Milberg, den Leitern dieses Instituts, gilt mein besonderer Dank f\u00fcr die wohlwollende F\u00f6rderung und gro\u00dfz\u00fcgige Unterst\u00fctzung meiner Arbeit. Herrn Prof. Dr. -Ing G. F\u00e4rber, dem Leiter des Lehrstuhls f\u00fcr Proze\u00dfrechner, danke ich f\u00fcr die \u00dcbernahme des Korreferates und die aufmerksame Durchsicht der Arbeit. Allen Mitarbeiterinnen und Mitarbeitern des Instituts sowie allen Studentinnen und Studenten, die mich bei der Erstellung meiner Arbeit unterst\u00fctzt haben, m\u00f6chte ich meinen herzlichen Dank aussprechen. Abschlie\u00dfend gilt mein Dank, aber auch meinen Eltern und Freunden, die mich w\u00e4hrend der Erstellung der Arbeit stets unterst\u00fctzt und motiviert haben. Klaus Pischeltsrieder M\u00fcnchen. im M\u00e4rz 1996 Inhaltsverzeichnis Inhaltsverzeichnis 1 Einf\u00fchrung . . . . . . . . . . . . . . . . . . . . . . . . . . . . . . . . . . . . . . . . . . . . . . . . . . . . . . . . . . . . . . . . . . . . . . . . . . . . . . . . . . . . . . . . . . . . . . . . . . . . . . 1 1. 1 Einleitung . . . . . . . . . . . . . . . . . . . . . . . . . . . . . . . . . . . . . . . . . . . . . . . . . . . . . . . . . . . . . . . . . . . . . . . . . . . . . . . . . . . . . . . . . . . . . . . . . ! 1. 2 Zielsetzung dieser Arbeit . . . . . . . . . . . . . . . . . . . . . . . . . . . . . . . . . . . . . . . . . . . . . . . . . . . . . . . . . . . . . . . . . . . . . . . . . 4 1. 3 Vergehensweise . . . . . . . . . . . . . . . . . . . . . . . . . . . . . . . . . . . . . . . . . . . . . . . . . . . . . . . . . . . . . . . . . . . . . .. . . . . . . . . . . . . . . . . 6 2 Bestehendes Spektrum automatisierter Produktionsstrukturen beim Einsatz mobiler Roboter . . . . . . . . . . . . . . . . . . . . . . . . . . . . . . . . . . . . . . . . . . . . . . . . . . . . . . . . . . . . . . . . . . . . . . . . . . . . . . . . 8 2. 1 \u00dcbersicht. . . . . . . . . . . . . . . . . . . . . . . . . . . . . . . . . . . . . . . . . . . . . . . . . . . . . . . . . . . . . . . . . . . . . . . . . . . . . . . . . . . . . . . . . . . . . . . . . . 8 2. 2 Charakterisierung des typischen Anwendungsbereichs f\u00fcr autonome mobile Roboter . . . . . . . . . . . . . . . . . . . . . . . . . . . . . . . . . . . . . . . . . . . . . . . . . . . . . . . . . . . . . . . . . . . . . . . . . . . . . . . . . . . . . . . . . 8 2. 3 Zentral gesteuerte Produktionsstrukturen . . . . . . . . . . . . . . . . . . . . . . . . . . . . . . . . . . . . . . . . . . . . . . . . 9 2. 4 Dezentral gesteuerte Produktionsstrukturen . . . . . . . . . . . . . . . . . . . . . . . . . . . . . . . . . . . . . . . . . . 12 2. 5 Dezentral gesteuerte Produktionsstrukturen mit zentraler koordinierender Instanz . . . . . . . . . . . . . . . . . . . . . . . . . . . . . . . . . . . . . . . . . . . . . . . . . . . . . . . . . . . . . . . . . . . . . . . . . 17 2. 6 Vergleichender \u00dcberblick \u00fcber die betrachteten Produktio-strukturen. . . . . . . . . . . . . . . . . . . . . . . . . . . . . . . . . . . . . . . . . . . . . . . . . . . . . . . . . . . . . . . . . . . . . . . . . . . . . . . . . . . . . . . . . . . . . . . 22 2. 7 Anforderungen an autonome mobile Roboter in den verschiedenen Produktionsstrukturen . . . . . . . . . . . . . . . . . . . . . . . . . . . . . . . . . . . . . . . . . . . . . . . . . . . . . . . . . . . . . . . . . . . . . . . . . . . . 24 3Bekannte Ans\u00e4tze zur Steuerung autonomer mobiler Roboter . . . . . . . . . . . . . . . 27 3. 1 \u00dcbersicht. . . . . . . . . . . . . . . . . . . . . . . . . . . . . . . . . . . . . . . . . . . . . . . . . . . . . . . . . . . . . . . . . . . . . . . . . . . . . . . . . . . . . . . . . . . . . . . . 27 3. 2 Verhaltensorientierte Architekturen . . . . . . . . . . . . . . . . . . . . . . . . . . . . . . . . . . . . . . . . . . . . . . . . . . . . . . 29 3. 3 Funktionsorientierte Architekturen . . . . . . . . . . . . . . . . . . . . . . . . . . . . . . . . . . . . . . . . . . . . . . . . . . . . . . . .    <br \/>Herausgeber \u200f : \u200e Springer       <br \/> Erscheinungsdatum \u200f : \u200e 9. November 1996       <br \/> Auflage \u200f : \u200e 1       <br \/> Sprache \u200f : \u200e Deutsch   <br \/> Druckl\u00e4nge \u200f : \u200e 179 Seiten       <br \/> ISBN-10 \u200f : \u200e 3540617140       <br \/> ISBN-13 \u200f : \u200e 978-3540617143       <br \/> Abmessungen \u200f : \u200e 14,81 x 1,12 x 21,01 cm       <br \/>[ad_2]<\/p>\n","protected":false},"excerpt":{"rendered":"<p>Die vorliegende Dissertation entstand w\u00e4hrend meiner T\u00e4tigkeit als wissenschaftlicher Mitarbeiter am Institut f\u00fcr Werkzeugmaschinen und Betriebswissenschaften (iwb) der Technischen Universit\u00e4t M\u00fcnchen. Den Herrn Professoren Dr. -Ing. G. Reinhart und Dr. -Ing. J. Milberg, den Leitern dieses Instituts, gilt mein besonderer Dank f\u00fcr die wohlwollende F\u00f6rderung und gro\u00dfz\u00fcgige Unterst\u00fctzung meiner Arbeit. Herrn Prof. Dr. -Ing G. [&hellip;]<\/p>\n","protected":false},"featured_media":1597,"comment_status":"open","ping_status":"closed","template":"","meta":{"_aipt_faq_data":""},"store":[],"product_brand":[],"product_cat":[106],"product_tag":[315],"class_list":{"0":"post-1596","1":"product","2":"type-product","3":"status-publish","4":"has-post-thumbnail","6":"product_cat-autonome-mobile-roboter","7":"product_tag-autonome-mobile-roboter-steuerung","9":"first","10":"instock","11":"shipping-taxable","12":"product-type-external"},"yoast_head":"<!-- This site is optimized with the Yoast SEO plugin v27.4 - https:\/\/yoast.com\/product\/yoast-seo-wordpress\/ -->\n<title>Steuerung autonomer mobiler Roboter in der Produktion (iwb Forschungsberichte) (iwb Forschungsberichte, 102, Band 102) - EasyLifeBro<\/title>\n<meta name=\"description\" content=\"Entdecken Sie smarte Roboter f\u00fcr Zuhause, Garten, Bildung und Sicherheit. Vergleichen Sie Saugroboter, Rasenm\u00e4hroboter, KI-Begleitroboter und mehr bei EasyLifeRobo.\" \/>\n<meta name=\"robots\" content=\"index, follow, max-snippet:-1, max-image-preview:large, max-video-preview:-1\" \/>\n<link rel=\"canonical\" href=\"https:\/\/easyliferobo.com\/de\/product\/steuerung-autonomer-mobiler-roboter-in-der-produktion-iwb-forschungsberichte-iwb-forschungsberichte-102-band-102\/\" \/>\n<meta property=\"og:locale\" content=\"de_DE\" \/>\n<meta property=\"og:type\" content=\"article\" \/>\n<meta property=\"og:title\" content=\"Steuerung autonomer mobiler Roboter in der Produktion (iwb Forschungsberichte) (iwb Forschungsberichte, 102, Band 102) - EasyLifeBro\" \/>\n<meta property=\"og:description\" content=\"Entdecken Sie smarte Roboter f\u00fcr Zuhause, Garten, Bildung und Sicherheit. Vergleichen Sie Saugroboter, Rasenm\u00e4hroboter, KI-Begleitroboter und mehr bei EasyLifeRobo.\" \/>\n<meta property=\"og:url\" content=\"https:\/\/easyliferobo.com\/de\/product\/steuerung-autonomer-mobiler-roboter-in-der-produktion-iwb-forschungsberichte-iwb-forschungsberichte-102-band-102\/\" \/>\n<meta property=\"og:site_name\" content=\"EasyLifeBro\" \/>\n<meta property=\"article:modified_time\" content=\"2026-02-23T04:09:16+00:00\" \/>\n<meta property=\"og:image\" content=\"https:\/\/easyliferobo.com\/de\/wp-content\/uploads\/2026\/02\/51KLvu7kO6L._SL1174_.jpg\" \/>\n\t<meta property=\"og:image:width\" content=\"827\" \/>\n\t<meta property=\"og:image:height\" content=\"1174\" \/>\n\t<meta property=\"og:image:type\" content=\"image\/jpeg\" \/>\n<meta name=\"twitter:card\" content=\"summary_large_image\" \/>\n<meta name=\"twitter:label1\" content=\"Gesch\u00e4tzte Lesezeit\" \/>\n\t<meta name=\"twitter:data1\" content=\"1\u00a0Minute\" \/>\n<script type=\"application\/ld+json\" class=\"yoast-schema-graph\">{\"@context\":\"https:\\\/\\\/schema.org\",\"@graph\":[{\"@type\":\"WebPage\",\"@id\":\"https:\\\/\\\/easyliferobo.com\\\/de\\\/product\\\/steuerung-autonomer-mobiler-roboter-in-der-produktion-iwb-forschungsberichte-iwb-forschungsberichte-102-band-102\\\/\",\"url\":\"https:\\\/\\\/easyliferobo.com\\\/de\\\/product\\\/steuerung-autonomer-mobiler-roboter-in-der-produktion-iwb-forschungsberichte-iwb-forschungsberichte-102-band-102\\\/\",\"name\":\"Steuerung autonomer mobiler Roboter in der Produktion (iwb Forschungsberichte) (iwb Forschungsberichte, 102, Band 102) - EasyLifeBro\",\"isPartOf\":{\"@id\":\"https:\\\/\\\/easyliferobo.com\\\/de\\\/#website\"},\"primaryImageOfPage\":{\"@id\":\"https:\\\/\\\/easyliferobo.com\\\/de\\\/product\\\/steuerung-autonomer-mobiler-roboter-in-der-produktion-iwb-forschungsberichte-iwb-forschungsberichte-102-band-102\\\/#primaryimage\"},\"image\":{\"@id\":\"https:\\\/\\\/easyliferobo.com\\\/de\\\/product\\\/steuerung-autonomer-mobiler-roboter-in-der-produktion-iwb-forschungsberichte-iwb-forschungsberichte-102-band-102\\\/#primaryimage\"},\"thumbnailUrl\":\"https:\\\/\\\/easyliferobo.com\\\/de\\\/wp-content\\\/uploads\\\/2026\\\/02\\\/51KLvu7kO6L._SL1174_.jpg\",\"datePublished\":\"2026-02-23T04:09:14+00:00\",\"dateModified\":\"2026-02-23T04:09:16+00:00\",\"description\":\"Entdecken Sie smarte Roboter f\u00fcr Zuhause, Garten, Bildung und Sicherheit. Vergleichen Sie Saugroboter, Rasenm\u00e4hroboter, KI-Begleitroboter und mehr bei EasyLifeRobo.\",\"breadcrumb\":{\"@id\":\"https:\\\/\\\/easyliferobo.com\\\/de\\\/product\\\/steuerung-autonomer-mobiler-roboter-in-der-produktion-iwb-forschungsberichte-iwb-forschungsberichte-102-band-102\\\/#breadcrumb\"},\"inLanguage\":\"de\",\"potentialAction\":[{\"@type\":\"ReadAction\",\"target\":[\"https:\\\/\\\/easyliferobo.com\\\/de\\\/product\\\/steuerung-autonomer-mobiler-roboter-in-der-produktion-iwb-forschungsberichte-iwb-forschungsberichte-102-band-102\\\/\"]}]},{\"@type\":\"ImageObject\",\"inLanguage\":\"de\",\"@id\":\"https:\\\/\\\/easyliferobo.com\\\/de\\\/product\\\/steuerung-autonomer-mobiler-roboter-in-der-produktion-iwb-forschungsberichte-iwb-forschungsberichte-102-band-102\\\/#primaryimage\",\"url\":\"https:\\\/\\\/easyliferobo.com\\\/de\\\/wp-content\\\/uploads\\\/2026\\\/02\\\/51KLvu7kO6L._SL1174_.jpg\",\"contentUrl\":\"https:\\\/\\\/easyliferobo.com\\\/de\\\/wp-content\\\/uploads\\\/2026\\\/02\\\/51KLvu7kO6L._SL1174_.jpg\",\"width\":827,\"height\":1174},{\"@type\":\"BreadcrumbList\",\"@id\":\"https:\\\/\\\/easyliferobo.com\\\/de\\\/product\\\/steuerung-autonomer-mobiler-roboter-in-der-produktion-iwb-forschungsberichte-iwb-forschungsberichte-102-band-102\\\/#breadcrumb\",\"itemListElement\":[{\"@type\":\"ListItem\",\"position\":1,\"name\":\"Home\",\"item\":\"https:\\\/\\\/easyliferobo.com\\\/de\\\/\"},{\"@type\":\"ListItem\",\"position\":2,\"name\":\"Shop\",\"item\":\"https:\\\/\\\/easyliferobo.com\\\/de\\\/shop\\\/\"},{\"@type\":\"ListItem\",\"position\":3,\"name\":\"Steuerung autonomer mobiler Roboter...\"}]},{\"@type\":\"WebSite\",\"@id\":\"https:\\\/\\\/easyliferobo.com\\\/de\\\/#website\",\"url\":\"https:\\\/\\\/easyliferobo.com\\\/de\\\/\",\"name\":\"EasyLifeBro\",\"description\":\"Smarte Roboter f\u00fcr Zuhause, Garten &amp; Bildung\",\"publisher\":{\"@id\":\"https:\\\/\\\/easyliferobo.com\\\/de\\\/#organization\"},\"potentialAction\":[{\"@type\":\"SearchAction\",\"target\":{\"@type\":\"EntryPoint\",\"urlTemplate\":\"https:\\\/\\\/easyliferobo.com\\\/de\\\/?s={search_term_string}\"},\"query-input\":{\"@type\":\"PropertyValueSpecification\",\"valueRequired\":true,\"valueName\":\"search_term_string\"}}],\"inLanguage\":\"de\"},{\"@type\":\"Organization\",\"@id\":\"https:\\\/\\\/easyliferobo.com\\\/de\\\/#organization\",\"name\":\"EasyLifeBro\",\"url\":\"https:\\\/\\\/easyliferobo.com\\\/de\\\/\",\"logo\":{\"@type\":\"ImageObject\",\"inLanguage\":\"de\",\"@id\":\"https:\\\/\\\/easyliferobo.com\\\/de\\\/#\\\/schema\\\/logo\\\/image\\\/\",\"url\":\"https:\\\/\\\/easyliferobo.com\\\/de\\\/wp-content\\\/uploads\\\/2026\\\/02\\\/Screenshot-2026-02-22-at-2.25.03-PM.png\",\"contentUrl\":\"https:\\\/\\\/easyliferobo.com\\\/de\\\/wp-content\\\/uploads\\\/2026\\\/02\\\/Screenshot-2026-02-22-at-2.25.03-PM.png\",\"width\":1858,\"height\":430,\"caption\":\"EasyLifeBro\"},\"image\":{\"@id\":\"https:\\\/\\\/easyliferobo.com\\\/de\\\/#\\\/schema\\\/logo\\\/image\\\/\"}}]}<\/script>\n<!-- \/ Yoast SEO plugin. -->","yoast_head_json":{"title":"Steuerung autonomer mobiler Roboter in der Produktion (iwb Forschungsberichte) (iwb Forschungsberichte, 102, Band 102) - EasyLifeBro","description":"Entdecken Sie smarte Roboter f\u00fcr Zuhause, Garten, Bildung und Sicherheit. Vergleichen Sie Saugroboter, Rasenm\u00e4hroboter, KI-Begleitroboter und mehr bei EasyLifeRobo.","robots":{"index":"index","follow":"follow","max-snippet":"max-snippet:-1","max-image-preview":"max-image-preview:large","max-video-preview":"max-video-preview:-1"},"canonical":"https:\/\/easyliferobo.com\/de\/product\/steuerung-autonomer-mobiler-roboter-in-der-produktion-iwb-forschungsberichte-iwb-forschungsberichte-102-band-102\/","og_locale":"de_DE","og_type":"article","og_title":"Steuerung autonomer mobiler Roboter in der Produktion (iwb Forschungsberichte) (iwb Forschungsberichte, 102, Band 102) - EasyLifeBro","og_description":"Entdecken Sie smarte Roboter f\u00fcr Zuhause, Garten, Bildung und Sicherheit. Vergleichen Sie Saugroboter, Rasenm\u00e4hroboter, KI-Begleitroboter und mehr bei EasyLifeRobo.","og_url":"https:\/\/easyliferobo.com\/de\/product\/steuerung-autonomer-mobiler-roboter-in-der-produktion-iwb-forschungsberichte-iwb-forschungsberichte-102-band-102\/","og_site_name":"EasyLifeBro","article_modified_time":"2026-02-23T04:09:16+00:00","og_image":[{"width":827,"height":1174,"url":"https:\/\/easyliferobo.com\/de\/wp-content\/uploads\/2026\/02\/51KLvu7kO6L._SL1174_.jpg","type":"image\/jpeg"}],"twitter_card":"summary_large_image","twitter_misc":{"Gesch\u00e4tzte Lesezeit":"1\u00a0Minute"},"schema":{"@context":"https:\/\/schema.org","@graph":[{"@type":"WebPage","@id":"https:\/\/easyliferobo.com\/de\/product\/steuerung-autonomer-mobiler-roboter-in-der-produktion-iwb-forschungsberichte-iwb-forschungsberichte-102-band-102\/","url":"https:\/\/easyliferobo.com\/de\/product\/steuerung-autonomer-mobiler-roboter-in-der-produktion-iwb-forschungsberichte-iwb-forschungsberichte-102-band-102\/","name":"Steuerung autonomer mobiler Roboter in der Produktion (iwb Forschungsberichte) (iwb Forschungsberichte, 102, Band 102) - EasyLifeBro","isPartOf":{"@id":"https:\/\/easyliferobo.com\/de\/#website"},"primaryImageOfPage":{"@id":"https:\/\/easyliferobo.com\/de\/product\/steuerung-autonomer-mobiler-roboter-in-der-produktion-iwb-forschungsberichte-iwb-forschungsberichte-102-band-102\/#primaryimage"},"image":{"@id":"https:\/\/easyliferobo.com\/de\/product\/steuerung-autonomer-mobiler-roboter-in-der-produktion-iwb-forschungsberichte-iwb-forschungsberichte-102-band-102\/#primaryimage"},"thumbnailUrl":"https:\/\/easyliferobo.com\/de\/wp-content\/uploads\/2026\/02\/51KLvu7kO6L._SL1174_.jpg","datePublished":"2026-02-23T04:09:14+00:00","dateModified":"2026-02-23T04:09:16+00:00","description":"Entdecken Sie smarte Roboter f\u00fcr Zuhause, Garten, Bildung und Sicherheit. Vergleichen Sie Saugroboter, Rasenm\u00e4hroboter, KI-Begleitroboter und mehr bei EasyLifeRobo.","breadcrumb":{"@id":"https:\/\/easyliferobo.com\/de\/product\/steuerung-autonomer-mobiler-roboter-in-der-produktion-iwb-forschungsberichte-iwb-forschungsberichte-102-band-102\/#breadcrumb"},"inLanguage":"de","potentialAction":[{"@type":"ReadAction","target":["https:\/\/easyliferobo.com\/de\/product\/steuerung-autonomer-mobiler-roboter-in-der-produktion-iwb-forschungsberichte-iwb-forschungsberichte-102-band-102\/"]}]},{"@type":"ImageObject","inLanguage":"de","@id":"https:\/\/easyliferobo.com\/de\/product\/steuerung-autonomer-mobiler-roboter-in-der-produktion-iwb-forschungsberichte-iwb-forschungsberichte-102-band-102\/#primaryimage","url":"https:\/\/easyliferobo.com\/de\/wp-content\/uploads\/2026\/02\/51KLvu7kO6L._SL1174_.jpg","contentUrl":"https:\/\/easyliferobo.com\/de\/wp-content\/uploads\/2026\/02\/51KLvu7kO6L._SL1174_.jpg","width":827,"height":1174},{"@type":"BreadcrumbList","@id":"https:\/\/easyliferobo.com\/de\/product\/steuerung-autonomer-mobiler-roboter-in-der-produktion-iwb-forschungsberichte-iwb-forschungsberichte-102-band-102\/#breadcrumb","itemListElement":[{"@type":"ListItem","position":1,"name":"Home","item":"https:\/\/easyliferobo.com\/de\/"},{"@type":"ListItem","position":2,"name":"Shop","item":"https:\/\/easyliferobo.com\/de\/shop\/"},{"@type":"ListItem","position":3,"name":"Steuerung autonomer mobiler Roboter..."}]},{"@type":"WebSite","@id":"https:\/\/easyliferobo.com\/de\/#website","url":"https:\/\/easyliferobo.com\/de\/","name":"EasyLifeBro","description":"Smarte Roboter f\u00fcr Zuhause, Garten &amp; Bildung","publisher":{"@id":"https:\/\/easyliferobo.com\/de\/#organization"},"potentialAction":[{"@type":"SearchAction","target":{"@type":"EntryPoint","urlTemplate":"https:\/\/easyliferobo.com\/de\/?s={search_term_string}"},"query-input":{"@type":"PropertyValueSpecification","valueRequired":true,"valueName":"search_term_string"}}],"inLanguage":"de"},{"@type":"Organization","@id":"https:\/\/easyliferobo.com\/de\/#organization","name":"EasyLifeBro","url":"https:\/\/easyliferobo.com\/de\/","logo":{"@type":"ImageObject","inLanguage":"de","@id":"https:\/\/easyliferobo.com\/de\/#\/schema\/logo\/image\/","url":"https:\/\/easyliferobo.com\/de\/wp-content\/uploads\/2026\/02\/Screenshot-2026-02-22-at-2.25.03-PM.png","contentUrl":"https:\/\/easyliferobo.com\/de\/wp-content\/uploads\/2026\/02\/Screenshot-2026-02-22-at-2.25.03-PM.png","width":1858,"height":430,"caption":"EasyLifeBro"},"image":{"@id":"https:\/\/easyliferobo.com\/de\/#\/schema\/logo\/image\/"}}]}},"_links":{"self":[{"href":"https:\/\/easyliferobo.com\/de\/wp-json\/wp\/v2\/product\/1596","targetHints":{"allow":["GET"]}}],"collection":[{"href":"https:\/\/easyliferobo.com\/de\/wp-json\/wp\/v2\/product"}],"about":[{"href":"https:\/\/easyliferobo.com\/de\/wp-json\/wp\/v2\/types\/product"}],"replies":[{"embeddable":true,"href":"https:\/\/easyliferobo.com\/de\/wp-json\/wp\/v2\/comments?post=1596"}],"wp:featuredmedia":[{"embeddable":true,"href":"https:\/\/easyliferobo.com\/de\/wp-json\/wp\/v2\/media\/1597"}],"wp:attachment":[{"href":"https:\/\/easyliferobo.com\/de\/wp-json\/wp\/v2\/media?parent=1596"}],"wp:term":[{"taxonomy":"store","embeddable":true,"href":"https:\/\/easyliferobo.com\/de\/wp-json\/wp\/v2\/store?post=1596"},{"taxonomy":"product_brand","embeddable":true,"href":"https:\/\/easyliferobo.com\/de\/wp-json\/wp\/v2\/product_brand?post=1596"},{"taxonomy":"product_cat","embeddable":true,"href":"https:\/\/easyliferobo.com\/de\/wp-json\/wp\/v2\/product_cat?post=1596"},{"taxonomy":"product_tag","embeddable":true,"href":"https:\/\/easyliferobo.com\/de\/wp-json\/wp\/v2\/product_tag?post=1596"}],"curies":[{"name":"wp","href":"https:\/\/api.w.org\/{rel}","templated":true}]}}