
{"id":1593,"date":"2026-02-23T04:09:04","date_gmt":"2026-02-23T04:09:04","guid":{"rendered":"https:\/\/easyliferobo.com\/de\/product\/funktionelles-kraftaufbautraining-in-der-rehabilitation-komplette-trainingsprogramme\/"},"modified":"2026-02-23T04:09:06","modified_gmt":"2026-02-23T04:09:06","slug":"funktionelles-kraftaufbautraining-in-der-rehabilitation-komplette-trainingsprogramme","status":"publish","type":"product","link":"https:\/\/easyliferobo.com\/de\/product\/funktionelles-kraftaufbautraining-in-der-rehabilitation-komplette-trainingsprogramme\/","title":{"rendered":"Funktionelles Kraftaufbautraining i..."},"content":{"rendered":"\n<p>Komplett \u00fcberarbeitet und sorgf\u00e4ltig zusammengestellt, erm\u00f6glicht das \u00dcbungsprogramm bei h\u00e4ufigen Verletzungen und 55 Krankheitsbildern ein gezieltes und strukturiertes Training. <\/p>\n<p>Die bew\u00e4hrten Trainingspl\u00e4ne, jeweils ausgelegt auf ein mehrw\u00f6chiges, unterschiedlich langes \u00dcbungsprogramm, f\u00f6rdern und\/oder stabilisieren die funktionelle Belastungsf\u00e4higkeit der Patienten. <\/p>\n<p>Alle \u00dcbungen mit genauen Beschreibungen und Fotos der jeweiligen Ausgangs- und Endstellung sowie Kontraindikationen.<\/p>\n<p>Neu in der 7.Auflage: <\/p>\n<p class=\"a-text-bold\">\n<p>Alle Abbildungen neu und in Farbe \u201eTrainingsziel\u201c und \u201ebeachtenswerte Besonderheiten\u201c bei fast allen \u00dcbungen erg\u00e4nzt. Wichtige Aspekte zum Thema Ern\u00e4hrung im Grundlagenteil. Sehr \u00fcbersichtliches neues Layout \u2013 die zeitlichen Trainingsabschnitte jetzt noch besser zusammengefasst    <br \/>Herausgeber \u200f : \u200e Urban &#038; Fischer Verlag\/Elsevier GmbH       <br \/> Erscheinungsdatum \u200f : \u200e 10. Mai 2016       <br \/> Auflage \u200f : \u200e 7       <br \/> Sprache \u200f : \u200e Deutsch   <br \/> Druckl\u00e4nge \u200f : \u200e 374 Seiten       <br \/> ISBN-10 \u200f : \u200e 3437467557       <br \/> ISBN-13 \u200f : \u200e 978-3437467554       <br \/> Abmessungen \u200f : \u200e 21 x 2 x 27,1 cm       <br \/>       Bestseller-Rang: 144.757 in B\u00fcchern (siehe Top 100 in B\u00fcchern), 55 in Physikalische Medizin und Rehabilitation, 64 in Sportverletzungen, 100 in Sportunterricht      <br \/>  Kundenrezensionen: 4,3 4,3 von 5 Sternen (43) var dpAcrHasRegisteredArcLinkClickAction; P.when(&#8218;A&#8216;, &#8218;ready&#8216;).execute(function(A) { if (dpAcrHasRegisteredArcLinkClickAction !== true) { dpAcrHasRegisteredArcLinkClickAction = true; A.declarative( &#8218;acrLink-click-metrics&#8216;, &#8218;click&#8216;, { &#8222;allowLinkDefault&#8220;: true }, function (event) { if (window.ue) { ue.count(&#8222;acrLinkClickCount&#8220;, (ue.count(&#8222;acrLinkClickCount&#8220;) || 0) + 1 } } }); P.when(&#8218;A&#8216;, &#8218;cf&#8216;).execute(function(A) { A.declarative(&#8218;acrStarsLink-click-metrics&#8216;, &#8218;click&#8216;, { &#8222;allowLinkDefault&#8220; : true }, function(event){ if(window.ue) { ue.count(&#8222;acrStarsLinkWithPopoverClickCount&#8220;, (ue.count(&#8222;acrStarsLinkWithPopoverClickCount&#8220;) || 0) + 1); } }); });                          <br \/>[ad_2]<\/p>\n","protected":false},"excerpt":{"rendered":"<p>Komplett \u00fcberarbeitet und sorgf\u00e4ltig zusammengestellt, erm\u00f6glicht das \u00dcbungsprogramm bei h\u00e4ufigen Verletzungen und 55 Krankheitsbildern ein gezieltes und strukturiertes Training. Die bew\u00e4hrten Trainingspl\u00e4ne, jeweils ausgelegt auf ein mehrw\u00f6chiges, unterschiedlich langes \u00dcbungsprogramm, f\u00f6rdern und\/oder stabilisieren die funktionelle Belastungsf\u00e4higkeit der Patienten. Alle \u00dcbungen mit genauen Beschreibungen und Fotos der jeweiligen Ausgangs- und Endstellung sowie Kontraindikationen. Neu in der [&hellip;]<\/p>\n","protected":false},"featured_media":1594,"comment_status":"open","ping_status":"closed","template":"","meta":{"_aipt_faq_data":""},"store":[],"product_brand":[],"product_cat":[108],"product_tag":[314],"class_list":{"0":"post-1593","1":"product","2":"type-product","3":"status-publish","4":"has-post-thumbnail","6":"product_cat-rehabilitationsroboter","7":"product_tag-rehabilitationsroboter-fuer-bewegungsuebungen","9":"first","10":"instock","11":"shipping-taxable","12":"product-type-external"},"yoast_head":"<!-- This site is optimized with the Yoast SEO plugin v27.4 - https:\/\/yoast.com\/product\/yoast-seo-wordpress\/ -->\n<title>Funktionelles Kraftaufbautraining in der Rehabilitation: Komplette Trainingsprogramme - EasyLifeBro<\/title>\n<meta name=\"description\" content=\"Entdecken Sie smarte Roboter f\u00fcr Zuhause, Garten, Bildung und Sicherheit. Vergleichen Sie Saugroboter, Rasenm\u00e4hroboter, KI-Begleitroboter und mehr bei EasyLifeRobo.\" \/>\n<meta name=\"robots\" content=\"index, follow, max-snippet:-1, max-image-preview:large, max-video-preview:-1\" \/>\n<link rel=\"canonical\" href=\"https:\/\/easyliferobo.com\/de\/product\/funktionelles-kraftaufbautraining-in-der-rehabilitation-komplette-trainingsprogramme\/\" \/>\n<meta property=\"og:locale\" content=\"de_DE\" \/>\n<meta property=\"og:type\" content=\"article\" \/>\n<meta property=\"og:title\" content=\"Funktionelles Kraftaufbautraining in der Rehabilitation: Komplette Trainingsprogramme - EasyLifeBro\" \/>\n<meta property=\"og:description\" content=\"Entdecken Sie smarte Roboter f\u00fcr Zuhause, Garten, Bildung und Sicherheit. Vergleichen Sie Saugroboter, Rasenm\u00e4hroboter, KI-Begleitroboter und mehr bei EasyLifeRobo.\" \/>\n<meta property=\"og:url\" content=\"https:\/\/easyliferobo.com\/de\/product\/funktionelles-kraftaufbautraining-in-der-rehabilitation-komplette-trainingsprogramme\/\" \/>\n<meta property=\"og:site_name\" content=\"EasyLifeBro\" \/>\n<meta property=\"article:modified_time\" content=\"2026-02-23T04:09:06+00:00\" \/>\n<meta property=\"og:image\" content=\"https:\/\/easyliferobo.com\/de\/wp-content\/uploads\/2026\/02\/51FXH-yBblL._SL1000_.jpg\" \/>\n\t<meta property=\"og:image:width\" content=\"779\" \/>\n\t<meta property=\"og:image:height\" content=\"1000\" \/>\n\t<meta property=\"og:image:type\" content=\"image\/jpeg\" \/>\n<meta name=\"twitter:card\" content=\"summary_large_image\" \/>\n<meta name=\"twitter:label1\" content=\"Gesch\u00e4tzte Lesezeit\" \/>\n\t<meta name=\"twitter:data1\" content=\"1\u00a0Minute\" \/>\n<script type=\"application\/ld+json\" class=\"yoast-schema-graph\">{\"@context\":\"https:\\\/\\\/schema.org\",\"@graph\":[{\"@type\":\"WebPage\",\"@id\":\"https:\\\/\\\/easyliferobo.com\\\/de\\\/product\\\/funktionelles-kraftaufbautraining-in-der-rehabilitation-komplette-trainingsprogramme\\\/\",\"url\":\"https:\\\/\\\/easyliferobo.com\\\/de\\\/product\\\/funktionelles-kraftaufbautraining-in-der-rehabilitation-komplette-trainingsprogramme\\\/\",\"name\":\"Funktionelles Kraftaufbautraining in der Rehabilitation: Komplette Trainingsprogramme - EasyLifeBro\",\"isPartOf\":{\"@id\":\"https:\\\/\\\/easyliferobo.com\\\/de\\\/#website\"},\"primaryImageOfPage\":{\"@id\":\"https:\\\/\\\/easyliferobo.com\\\/de\\\/product\\\/funktionelles-kraftaufbautraining-in-der-rehabilitation-komplette-trainingsprogramme\\\/#primaryimage\"},\"image\":{\"@id\":\"https:\\\/\\\/easyliferobo.com\\\/de\\\/product\\\/funktionelles-kraftaufbautraining-in-der-rehabilitation-komplette-trainingsprogramme\\\/#primaryimage\"},\"thumbnailUrl\":\"https:\\\/\\\/easyliferobo.com\\\/de\\\/wp-content\\\/uploads\\\/2026\\\/02\\\/51FXH-yBblL._SL1000_.jpg\",\"datePublished\":\"2026-02-23T04:09:04+00:00\",\"dateModified\":\"2026-02-23T04:09:06+00:00\",\"description\":\"Entdecken Sie smarte Roboter f\u00fcr Zuhause, Garten, Bildung und Sicherheit. Vergleichen Sie Saugroboter, Rasenm\u00e4hroboter, KI-Begleitroboter und mehr bei EasyLifeRobo.\",\"breadcrumb\":{\"@id\":\"https:\\\/\\\/easyliferobo.com\\\/de\\\/product\\\/funktionelles-kraftaufbautraining-in-der-rehabilitation-komplette-trainingsprogramme\\\/#breadcrumb\"},\"inLanguage\":\"de\",\"potentialAction\":[{\"@type\":\"ReadAction\",\"target\":[\"https:\\\/\\\/easyliferobo.com\\\/de\\\/product\\\/funktionelles-kraftaufbautraining-in-der-rehabilitation-komplette-trainingsprogramme\\\/\"]}]},{\"@type\":\"ImageObject\",\"inLanguage\":\"de\",\"@id\":\"https:\\\/\\\/easyliferobo.com\\\/de\\\/product\\\/funktionelles-kraftaufbautraining-in-der-rehabilitation-komplette-trainingsprogramme\\\/#primaryimage\",\"url\":\"https:\\\/\\\/easyliferobo.com\\\/de\\\/wp-content\\\/uploads\\\/2026\\\/02\\\/51FXH-yBblL._SL1000_.jpg\",\"contentUrl\":\"https:\\\/\\\/easyliferobo.com\\\/de\\\/wp-content\\\/uploads\\\/2026\\\/02\\\/51FXH-yBblL._SL1000_.jpg\",\"width\":779,\"height\":1000},{\"@type\":\"BreadcrumbList\",\"@id\":\"https:\\\/\\\/easyliferobo.com\\\/de\\\/product\\\/funktionelles-kraftaufbautraining-in-der-rehabilitation-komplette-trainingsprogramme\\\/#breadcrumb\",\"itemListElement\":[{\"@type\":\"ListItem\",\"position\":1,\"name\":\"Home\",\"item\":\"https:\\\/\\\/easyliferobo.com\\\/de\\\/\"},{\"@type\":\"ListItem\",\"position\":2,\"name\":\"Shop\",\"item\":\"https:\\\/\\\/easyliferobo.com\\\/de\\\/shop\\\/\"},{\"@type\":\"ListItem\",\"position\":3,\"name\":\"Funktionelles Kraftaufbautraining i...\"}]},{\"@type\":\"WebSite\",\"@id\":\"https:\\\/\\\/easyliferobo.com\\\/de\\\/#website\",\"url\":\"https:\\\/\\\/easyliferobo.com\\\/de\\\/\",\"name\":\"EasyLifeBro\",\"description\":\"Smarte Roboter f\u00fcr Zuhause, Garten &amp; Bildung\",\"publisher\":{\"@id\":\"https:\\\/\\\/easyliferobo.com\\\/de\\\/#organization\"},\"potentialAction\":[{\"@type\":\"SearchAction\",\"target\":{\"@type\":\"EntryPoint\",\"urlTemplate\":\"https:\\\/\\\/easyliferobo.com\\\/de\\\/?s={search_term_string}\"},\"query-input\":{\"@type\":\"PropertyValueSpecification\",\"valueRequired\":true,\"valueName\":\"search_term_string\"}}],\"inLanguage\":\"de\"},{\"@type\":\"Organization\",\"@id\":\"https:\\\/\\\/easyliferobo.com\\\/de\\\/#organization\",\"name\":\"EasyLifeBro\",\"url\":\"https:\\\/\\\/easyliferobo.com\\\/de\\\/\",\"logo\":{\"@type\":\"ImageObject\",\"inLanguage\":\"de\",\"@id\":\"https:\\\/\\\/easyliferobo.com\\\/de\\\/#\\\/schema\\\/logo\\\/image\\\/\",\"url\":\"https:\\\/\\\/easyliferobo.com\\\/de\\\/wp-content\\\/uploads\\\/2026\\\/02\\\/Screenshot-2026-02-22-at-2.25.03-PM.png\",\"contentUrl\":\"https:\\\/\\\/easyliferobo.com\\\/de\\\/wp-content\\\/uploads\\\/2026\\\/02\\\/Screenshot-2026-02-22-at-2.25.03-PM.png\",\"width\":1858,\"height\":430,\"caption\":\"EasyLifeBro\"},\"image\":{\"@id\":\"https:\\\/\\\/easyliferobo.com\\\/de\\\/#\\\/schema\\\/logo\\\/image\\\/\"}}]}<\/script>\n<!-- \/ Yoast SEO plugin. -->","yoast_head_json":{"title":"Funktionelles Kraftaufbautraining in der Rehabilitation: Komplette Trainingsprogramme - EasyLifeBro","description":"Entdecken Sie smarte Roboter f\u00fcr Zuhause, Garten, Bildung und Sicherheit. Vergleichen Sie Saugroboter, Rasenm\u00e4hroboter, KI-Begleitroboter und mehr bei EasyLifeRobo.","robots":{"index":"index","follow":"follow","max-snippet":"max-snippet:-1","max-image-preview":"max-image-preview:large","max-video-preview":"max-video-preview:-1"},"canonical":"https:\/\/easyliferobo.com\/de\/product\/funktionelles-kraftaufbautraining-in-der-rehabilitation-komplette-trainingsprogramme\/","og_locale":"de_DE","og_type":"article","og_title":"Funktionelles Kraftaufbautraining in der Rehabilitation: Komplette Trainingsprogramme - EasyLifeBro","og_description":"Entdecken Sie smarte Roboter f\u00fcr Zuhause, Garten, Bildung und Sicherheit. Vergleichen Sie Saugroboter, Rasenm\u00e4hroboter, KI-Begleitroboter und mehr bei EasyLifeRobo.","og_url":"https:\/\/easyliferobo.com\/de\/product\/funktionelles-kraftaufbautraining-in-der-rehabilitation-komplette-trainingsprogramme\/","og_site_name":"EasyLifeBro","article_modified_time":"2026-02-23T04:09:06+00:00","og_image":[{"width":779,"height":1000,"url":"https:\/\/easyliferobo.com\/de\/wp-content\/uploads\/2026\/02\/51FXH-yBblL._SL1000_.jpg","type":"image\/jpeg"}],"twitter_card":"summary_large_image","twitter_misc":{"Gesch\u00e4tzte Lesezeit":"1\u00a0Minute"},"schema":{"@context":"https:\/\/schema.org","@graph":[{"@type":"WebPage","@id":"https:\/\/easyliferobo.com\/de\/product\/funktionelles-kraftaufbautraining-in-der-rehabilitation-komplette-trainingsprogramme\/","url":"https:\/\/easyliferobo.com\/de\/product\/funktionelles-kraftaufbautraining-in-der-rehabilitation-komplette-trainingsprogramme\/","name":"Funktionelles Kraftaufbautraining in der Rehabilitation: Komplette Trainingsprogramme - EasyLifeBro","isPartOf":{"@id":"https:\/\/easyliferobo.com\/de\/#website"},"primaryImageOfPage":{"@id":"https:\/\/easyliferobo.com\/de\/product\/funktionelles-kraftaufbautraining-in-der-rehabilitation-komplette-trainingsprogramme\/#primaryimage"},"image":{"@id":"https:\/\/easyliferobo.com\/de\/product\/funktionelles-kraftaufbautraining-in-der-rehabilitation-komplette-trainingsprogramme\/#primaryimage"},"thumbnailUrl":"https:\/\/easyliferobo.com\/de\/wp-content\/uploads\/2026\/02\/51FXH-yBblL._SL1000_.jpg","datePublished":"2026-02-23T04:09:04+00:00","dateModified":"2026-02-23T04:09:06+00:00","description":"Entdecken Sie smarte Roboter f\u00fcr Zuhause, Garten, Bildung und Sicherheit. Vergleichen Sie Saugroboter, Rasenm\u00e4hroboter, KI-Begleitroboter und mehr bei EasyLifeRobo.","breadcrumb":{"@id":"https:\/\/easyliferobo.com\/de\/product\/funktionelles-kraftaufbautraining-in-der-rehabilitation-komplette-trainingsprogramme\/#breadcrumb"},"inLanguage":"de","potentialAction":[{"@type":"ReadAction","target":["https:\/\/easyliferobo.com\/de\/product\/funktionelles-kraftaufbautraining-in-der-rehabilitation-komplette-trainingsprogramme\/"]}]},{"@type":"ImageObject","inLanguage":"de","@id":"https:\/\/easyliferobo.com\/de\/product\/funktionelles-kraftaufbautraining-in-der-rehabilitation-komplette-trainingsprogramme\/#primaryimage","url":"https:\/\/easyliferobo.com\/de\/wp-content\/uploads\/2026\/02\/51FXH-yBblL._SL1000_.jpg","contentUrl":"https:\/\/easyliferobo.com\/de\/wp-content\/uploads\/2026\/02\/51FXH-yBblL._SL1000_.jpg","width":779,"height":1000},{"@type":"BreadcrumbList","@id":"https:\/\/easyliferobo.com\/de\/product\/funktionelles-kraftaufbautraining-in-der-rehabilitation-komplette-trainingsprogramme\/#breadcrumb","itemListElement":[{"@type":"ListItem","position":1,"name":"Home","item":"https:\/\/easyliferobo.com\/de\/"},{"@type":"ListItem","position":2,"name":"Shop","item":"https:\/\/easyliferobo.com\/de\/shop\/"},{"@type":"ListItem","position":3,"name":"Funktionelles Kraftaufbautraining i..."}]},{"@type":"WebSite","@id":"https:\/\/easyliferobo.com\/de\/#website","url":"https:\/\/easyliferobo.com\/de\/","name":"EasyLifeBro","description":"Smarte Roboter f\u00fcr Zuhause, Garten &amp; Bildung","publisher":{"@id":"https:\/\/easyliferobo.com\/de\/#organization"},"potentialAction":[{"@type":"SearchAction","target":{"@type":"EntryPoint","urlTemplate":"https:\/\/easyliferobo.com\/de\/?s={search_term_string}"},"query-input":{"@type":"PropertyValueSpecification","valueRequired":true,"valueName":"search_term_string"}}],"inLanguage":"de"},{"@type":"Organization","@id":"https:\/\/easyliferobo.com\/de\/#organization","name":"EasyLifeBro","url":"https:\/\/easyliferobo.com\/de\/","logo":{"@type":"ImageObject","inLanguage":"de","@id":"https:\/\/easyliferobo.com\/de\/#\/schema\/logo\/image\/","url":"https:\/\/easyliferobo.com\/de\/wp-content\/uploads\/2026\/02\/Screenshot-2026-02-22-at-2.25.03-PM.png","contentUrl":"https:\/\/easyliferobo.com\/de\/wp-content\/uploads\/2026\/02\/Screenshot-2026-02-22-at-2.25.03-PM.png","width":1858,"height":430,"caption":"EasyLifeBro"},"image":{"@id":"https:\/\/easyliferobo.com\/de\/#\/schema\/logo\/image\/"}}]}},"_links":{"self":[{"href":"https:\/\/easyliferobo.com\/de\/wp-json\/wp\/v2\/product\/1593","targetHints":{"allow":["GET"]}}],"collection":[{"href":"https:\/\/easyliferobo.com\/de\/wp-json\/wp\/v2\/product"}],"about":[{"href":"https:\/\/easyliferobo.com\/de\/wp-json\/wp\/v2\/types\/product"}],"replies":[{"embeddable":true,"href":"https:\/\/easyliferobo.com\/de\/wp-json\/wp\/v2\/comments?post=1593"}],"wp:featuredmedia":[{"embeddable":true,"href":"https:\/\/easyliferobo.com\/de\/wp-json\/wp\/v2\/media\/1594"}],"wp:attachment":[{"href":"https:\/\/easyliferobo.com\/de\/wp-json\/wp\/v2\/media?parent=1593"}],"wp:term":[{"taxonomy":"store","embeddable":true,"href":"https:\/\/easyliferobo.com\/de\/wp-json\/wp\/v2\/store?post=1593"},{"taxonomy":"product_brand","embeddable":true,"href":"https:\/\/easyliferobo.com\/de\/wp-json\/wp\/v2\/product_brand?post=1593"},{"taxonomy":"product_cat","embeddable":true,"href":"https:\/\/easyliferobo.com\/de\/wp-json\/wp\/v2\/product_cat?post=1593"},{"taxonomy":"product_tag","embeddable":true,"href":"https:\/\/easyliferobo.com\/de\/wp-json\/wp\/v2\/product_tag?post=1593"}],"curies":[{"name":"wp","href":"https:\/\/api.w.org\/{rel}","templated":true}]}}