
{"id":1574,"date":"2026-02-23T03:39:18","date_gmt":"2026-02-23T03:39:18","guid":{"rendered":"https:\/\/easyliferobo.com\/de\/product\/worx-arbeitstisch\/"},"modified":"2026-02-23T03:39:40","modified_gmt":"2026-02-23T03:39:40","slug":"worx-arbeitstisch","status":"publish","type":"product","link":"https:\/\/easyliferobo.com\/de\/product\/worx-arbeitstisch\/","title":{"rendered":"WORX-Arbeitstisch"},"content":{"rendered":"<p>\n                                             Vom Hersteller   <\/p>\n<p>                                                  <img decoding=\"async\" alt=\"WORX PEGASUS KOPF NACH OBEN\" src=\"https:\/\/images-na.ssl-images-amazon.com\/images\/G\/01\/x-locale\/common\/grey-pixel.gif\" class=\"a-lazy-loaded\" data-src=\"https:\/\/m.media-amazon.com\/images\/S\/aplus-media-library-service-media\/eb1afd74-e326-4f19-87cb-2b4aff5a2294.__CR0,0,970,300_PT0_SX970_V1___.jpg\"><img decoding=\"async\" alt=\"WORX PEGASUS KOPF NACH OBEN\" src=\"https:\/\/m.media-amazon.com\/images\/S\/aplus-media-library-service-media\/eb1afd74-e326-4f19-87cb-2b4aff5a2294.__CR0,0,970,300_PT0_SX970_V1___.jpg\">  <\/p>\n<p>                                                  <img decoding=\"async\" alt=\"WORX WX051 Highlights\" src=\"https:\/\/images-na.ssl-images-amazon.com\/images\/G\/01\/x-locale\/common\/grey-pixel.gif\" class=\"a-lazy-loaded\" data-src=\"https:\/\/m.media-amazon.com\/images\/S\/aplus-media-library-service-media\/0c436577-70be-40c1-b3ca-72e65d9ff4db.__CR0,0,970,300_PT0_SX970_V1___.jpg\"><img decoding=\"async\" alt=\"WORX WX051 Highlights\" src=\"https:\/\/m.media-amazon.com\/images\/S\/aplus-media-library-service-media\/0c436577-70be-40c1-b3ca-72e65d9ff4db.__CR0,0,970,300_PT0_SX970_V1___.jpg\">  <\/p>\n<p class=\"apm-text-center\">\n                                                      <img decoding=\"async\" alt=\"Allrounder-Arbeitstisch\" src=\"https:\/\/images-na.ssl-images-amazon.com\/images\/G\/01\/x-locale\/common\/grey-pixel.gif\" class=\"a-spacing-mini a-lazy-loaded\" data-src=\"https:\/\/m.media-amazon.com\/images\/S\/aplus-media-library-service-media\/aa8795d1-ff4c-40e4-8323-eefb645a7e4f.__CR0,0,300,300_PT0_SX300_V1___.jpg\"><img decoding=\"async\" alt=\"Allrounder-Arbeitstisch\" src=\"https:\/\/m.media-amazon.com\/images\/S\/aplus-media-library-service-media\/aa8795d1-ff4c-40e4-8323-eefb645a7e4f.__CR0,0,300,300_PT0_SX300_V1___.jpg\">  <\/p>\n<p>  Schneiden, Schleifen, Lackieren, Kleben &#8230; Erledigen Sie alle Ihre Aufgaben mit Pegasus, dem vielseitigsten Arbeitstisch und S\u00e4gebock auf dem Markt. <\/p>\n<p class=\"apm-text-center\">\n                                                      <img decoding=\"async\" alt=\"Starke Tragf\u00e4higkeit\" src=\"https:\/\/images-na.ssl-images-amazon.com\/images\/G\/01\/x-locale\/common\/grey-pixel.gif\" class=\"a-spacing-mini a-lazy-loaded\" data-src=\"https:\/\/m.media-amazon.com\/images\/S\/aplus-media-library-service-media\/3e2b4b50-7407-401f-bd17-4d414a3ed167.__CR0,0,300,300_PT0_SX300_V1___.jpg\"><img decoding=\"async\" alt=\"Starke Tragf\u00e4higkeit\" src=\"https:\/\/m.media-amazon.com\/images\/S\/aplus-media-library-service-media\/3e2b4b50-7407-401f-bd17-4d414a3ed167.__CR0,0,300,300_PT0_SX300_V1___.jpg\">  <\/p>\n<p>  Als Arbeitsplatte, die Lasten bis zu 300 Pfund tr\u00e4gt. Ob robuster S\u00e4gebock mit einer Tragkraft von bis zu 0,5 kg, der Pegasus wird sicher zu einem Ausstattungsst\u00fcck Ihrer Werkstatt. <\/p>\n<p class=\"apm-text-center\">\n                                                      <img decoding=\"async\" alt=\"Mobil und kompakt\" src=\"https:\/\/images-na.ssl-images-amazon.com\/images\/G\/01\/x-locale\/common\/grey-pixel.gif\" class=\"a-spacing-mini a-lazy-loaded\" data-src=\"https:\/\/m.media-amazon.com\/images\/S\/aplus-media-library-service-media\/fb632e2c-5794-4146-a407-fb0d88af620d.__CR0,0,300,300_PT0_SX300_V1___.jpg\"><img decoding=\"async\" alt=\"Mobil und kompakt\" src=\"https:\/\/m.media-amazon.com\/images\/S\/aplus-media-library-service-media\/fb632e2c-5794-4146-a407-fb0d88af620d.__CR0,0,300,300_PT0_SX300_V1___.jpg\">  <\/p>\n<p>  Das kompakte Design erm\u00f6glicht einen einfachen Transport und der Pegasus l\u00e4sst sich platzsparend zusammenfalten. Bringen Sie Ihren Arbeitsplatz ganz einfach dorthin, wo er gebraucht wird. <\/p>\n<p class=\"apm-text-center\">\n                                                      <img decoding=\"async\" alt=\"H\u00e4lt f\u00fcr verschiedene Materialien\" src=\"https:\/\/images-na.ssl-images-amazon.com\/images\/G\/01\/x-locale\/common\/grey-pixel.gif\" class=\"a-spacing-mini a-lazy-loaded\" data-src=\"https:\/\/m.media-amazon.com\/images\/S\/aplus-media-library-service-media\/d007fe02-1de8-419f-94f7-b0bd7707f9ca.__CR0,0,300,300_PT0_SX300_V1___.jpg\"><img decoding=\"async\" alt=\"H\u00e4lt f\u00fcr verschiedene Materialien\" src=\"https:\/\/m.media-amazon.com\/images\/S\/aplus-media-library-service-media\/d007fe02-1de8-419f-94f7-b0bd7707f9ca.__CR0,0,300,300_PT0_SX300_V1___.jpg\">  <\/p>\n<p>  Der Pegasus verf\u00fcgt \u00fcber vier Spannhaken und zwei Schnellklemmen, um eine Vielzahl von Materialien zu halten und einzigartige Formen zu stabilisieren, sodass Sie sicher sein k\u00f6nnen, eine Vielzahl von Materialien f\u00fcr die jeweilige Aufgabe zu sichern. <\/p>\n<p class=\"apm-text-center\">\n                                                      <img decoding=\"async\" alt=\"Einfach zu falten\" src=\"https:\/\/images-na.ssl-images-amazon.com\/images\/G\/01\/x-locale\/common\/grey-pixel.gif\" class=\"a-spacing-mini a-lazy-loaded\" data-src=\"https:\/\/m.media-amazon.com\/images\/S\/aplus-media-library-service-media\/891f7961-d248-48c0-9879-f26b521acc5a.__CR0,0,300,300_PT0_SX300_V1___.jpg\"><img decoding=\"async\" alt=\"Einfach zu falten\" src=\"https:\/\/m.media-amazon.com\/images\/S\/aplus-media-library-service-media\/891f7961-d248-48c0-9879-f26b521acc5a.__CR0,0,300,300_PT0_SX300_V1___.jpg\">  <\/p>\n<p>  Wechseln Sie in Sekundenschnelle vom kompakten Klappmodus in den S\u00e4gebockmodus in den Arbeitsmodus, da Ihr Tisch mit dem integrierten Beinverriegelungssystem sicher ist. <\/p>\n<p class=\"apm-text-center\">\n                                                      <img decoding=\"async\" alt=\"Erweiterungsm\u00f6glichkeit\" src=\"https:\/\/images-na.ssl-images-amazon.com\/images\/G\/01\/x-locale\/common\/grey-pixel.gif\" class=\"a-spacing-mini a-lazy-loaded\" data-src=\"https:\/\/m.media-amazon.com\/images\/S\/aplus-media-library-service-media\/bd379c4f-ac59-4077-8365-c621fd319018.__CR0,0,300,300_PT0_SX300_V1___.jpg\"><img decoding=\"async\" alt=\"Erweiterungsm\u00f6glichkeit\" src=\"https:\/\/m.media-amazon.com\/images\/S\/aplus-media-library-service-media\/bd379c4f-ac59-4077-8365-c621fd319018.__CR0,0,300,300_PT0_SX300_V1___.jpg\">  <\/p>\n<p>  Als Teil des innovativen Designs k\u00f6nnen zwei separat erworbene Pegasus mit den mitgelieferten Verbindungsst\u00fccken miteinander verbunden werden, um Ihren Arbeitsbereich f\u00fcr \u00fcbergro\u00dfe Materialien zu erweitern. <\/p>\n<p>                                                  <img decoding=\"async\" alt=\"Vergleich mit Standardprodukten\" src=\"https:\/\/images-na.ssl-images-amazon.com\/images\/G\/01\/x-locale\/common\/grey-pixel.gif\" class=\"a-lazy-loaded\" data-src=\"https:\/\/m.media-amazon.com\/images\/S\/aplus-media-library-service-media\/74ac4ddb-f27d-4801-b22e-32b2431660e6.__CR0,0,970,300_PT0_SX970_V1___.jpg\"><img decoding=\"async\" alt=\"Vergleich mit Standardprodukten\" src=\"https:\/\/m.media-amazon.com\/images\/S\/aplus-media-library-service-media\/74ac4ddb-f27d-4801-b22e-32b2431660e6.__CR0,0,970,300_PT0_SX970_V1___.jpg\">  <\/p>\n<p>H\u00e4lt das Material fest und verhindert ein Verrutschen oder Herausfallen des Bodens<br \/>Kompaktes Design zur Aufbewahrung bei Nichtgebrauch.<br \/>Unteres Regal zur einfachen Aufbewahrung von Werkzeugen<br \/>F\u00fcr zahlreiche Arbeiten wie das Schneiden von Holz oder das Reparieren aller Materialien.<br \/>Langlebig und robust.<\/p>\n<p>[ad_2]<\/p>\n","protected":false},"excerpt":{"rendered":"<p>Vom Hersteller Schneiden, Schleifen, Lackieren, Kleben &#8230; Erledigen Sie alle Ihre Aufgaben mit Pegasus, dem vielseitigsten Arbeitstisch und S\u00e4gebock auf dem Markt. Als Arbeitsplatte, die Lasten bis zu 300 Pfund tr\u00e4gt. Ob robuster S\u00e4gebock mit einer Tragkraft von bis zu 0,5 kg, der Pegasus wird sicher zu einem Ausstattungsst\u00fcck Ihrer Werkstatt. Das kompakte Design erm\u00f6glicht [&hellip;]<\/p>\n","protected":false},"featured_media":1575,"comment_status":"open","ping_status":"closed","template":"","meta":{"_aipt_faq_data":""},"store":[],"product_brand":[135],"product_cat":[110],"product_tag":[312],"class_list":{"0":"post-1574","1":"product","2":"type-product","3":"status-publish","4":"has-post-thumbnail","6":"product_brand-worx","7":"product_cat-exoskelette","8":"product_tag-tragbare-exoskelette-fuer-bauarbeiter","10":"first","11":"instock","12":"shipping-taxable","13":"product-type-external"},"yoast_head":"<!-- This site is optimized with the Yoast SEO plugin v27.0 - https:\/\/yoast.com\/product\/yoast-seo-wordpress\/ -->\n<title>WORX-Arbeitstisch - EasyLifeBro<\/title>\n<meta name=\"description\" content=\"Entdecken Sie smarte Roboter f\u00fcr Zuhause, Garten, Bildung und Sicherheit. Vergleichen Sie Saugroboter, Rasenm\u00e4hroboter, KI-Begleitroboter und mehr bei EasyLifeRobo.\" \/>\n<meta name=\"robots\" content=\"index, follow, max-snippet:-1, max-image-preview:large, max-video-preview:-1\" \/>\n<link rel=\"canonical\" href=\"https:\/\/easyliferobo.com\/de\/product\/worx-arbeitstisch\/\" \/>\n<meta property=\"og:locale\" content=\"de_DE\" \/>\n<meta property=\"og:type\" content=\"article\" \/>\n<meta property=\"og:title\" content=\"WORX-Arbeitstisch - EasyLifeBro\" \/>\n<meta property=\"og:description\" content=\"Entdecken Sie smarte Roboter f\u00fcr Zuhause, Garten, Bildung und Sicherheit. Vergleichen Sie Saugroboter, Rasenm\u00e4hroboter, KI-Begleitroboter und mehr bei EasyLifeRobo.\" \/>\n<meta property=\"og:url\" content=\"https:\/\/easyliferobo.com\/de\/product\/worx-arbeitstisch\/\" \/>\n<meta property=\"og:site_name\" content=\"EasyLifeBro\" \/>\n<meta property=\"article:modified_time\" content=\"2026-02-23T03:39:40+00:00\" \/>\n<meta property=\"og:image\" content=\"https:\/\/easyliferobo.com\/de\/wp-content\/uploads\/2026\/02\/71LQ7St0IuL._AC_SL1500_.jpg\" \/>\n\t<meta property=\"og:image:width\" content=\"1500\" \/>\n\t<meta property=\"og:image:height\" content=\"1455\" \/>\n\t<meta property=\"og:image:type\" content=\"image\/jpeg\" \/>\n<meta name=\"twitter:card\" content=\"summary_large_image\" \/>\n<meta name=\"twitter:label1\" content=\"Gesch\u00e4tzte Lesezeit\" \/>\n\t<meta name=\"twitter:data1\" content=\"1\u00a0Minute\" \/>\n<script type=\"application\/ld+json\" class=\"yoast-schema-graph\">{\"@context\":\"https:\/\/schema.org\",\"@graph\":[{\"@type\":\"WebPage\",\"@id\":\"https:\/\/easyliferobo.com\/de\/product\/worx-arbeitstisch\/\",\"url\":\"https:\/\/easyliferobo.com\/de\/product\/worx-arbeitstisch\/\",\"name\":\"WORX-Arbeitstisch - EasyLifeBro\",\"isPartOf\":{\"@id\":\"https:\/\/easyliferobo.com\/de\/#website\"},\"primaryImageOfPage\":{\"@id\":\"https:\/\/easyliferobo.com\/de\/product\/worx-arbeitstisch\/#primaryimage\"},\"image\":{\"@id\":\"https:\/\/easyliferobo.com\/de\/product\/worx-arbeitstisch\/#primaryimage\"},\"thumbnailUrl\":\"https:\/\/easyliferobo.com\/de\/wp-content\/uploads\/2026\/02\/71LQ7St0IuL._AC_SL1500_.jpg\",\"datePublished\":\"2026-02-23T03:39:18+00:00\",\"dateModified\":\"2026-02-23T03:39:40+00:00\",\"description\":\"Entdecken Sie smarte Roboter f\u00fcr Zuhause, Garten, Bildung und Sicherheit. Vergleichen Sie Saugroboter, Rasenm\u00e4hroboter, KI-Begleitroboter und mehr bei EasyLifeRobo.\",\"breadcrumb\":{\"@id\":\"https:\/\/easyliferobo.com\/de\/product\/worx-arbeitstisch\/#breadcrumb\"},\"inLanguage\":\"de\",\"potentialAction\":[{\"@type\":\"ReadAction\",\"target\":[\"https:\/\/easyliferobo.com\/de\/product\/worx-arbeitstisch\/\"]}]},{\"@type\":\"ImageObject\",\"inLanguage\":\"de\",\"@id\":\"https:\/\/easyliferobo.com\/de\/product\/worx-arbeitstisch\/#primaryimage\",\"url\":\"https:\/\/easyliferobo.com\/de\/wp-content\/uploads\/2026\/02\/71LQ7St0IuL._AC_SL1500_.jpg\",\"contentUrl\":\"https:\/\/easyliferobo.com\/de\/wp-content\/uploads\/2026\/02\/71LQ7St0IuL._AC_SL1500_.jpg\",\"width\":1500,\"height\":1455},{\"@type\":\"BreadcrumbList\",\"@id\":\"https:\/\/easyliferobo.com\/de\/product\/worx-arbeitstisch\/#breadcrumb\",\"itemListElement\":[{\"@type\":\"ListItem\",\"position\":1,\"name\":\"Home\",\"item\":\"https:\/\/easyliferobo.com\/de\/\"},{\"@type\":\"ListItem\",\"position\":2,\"name\":\"Shop\",\"item\":\"https:\/\/easyliferobo.com\/de\/shop\/\"},{\"@type\":\"ListItem\",\"position\":3,\"name\":\"WORX-Arbeitstisch\"}]},{\"@type\":\"WebSite\",\"@id\":\"https:\/\/easyliferobo.com\/de\/#website\",\"url\":\"https:\/\/easyliferobo.com\/de\/\",\"name\":\"EasyLifeBro\",\"description\":\"Smarte Roboter f\u00fcr Zuhause, Garten &amp; Bildung\",\"publisher\":{\"@id\":\"https:\/\/easyliferobo.com\/de\/#organization\"},\"potentialAction\":[{\"@type\":\"SearchAction\",\"target\":{\"@type\":\"EntryPoint\",\"urlTemplate\":\"https:\/\/easyliferobo.com\/de\/?s={search_term_string}\"},\"query-input\":{\"@type\":\"PropertyValueSpecification\",\"valueRequired\":true,\"valueName\":\"search_term_string\"}}],\"inLanguage\":\"de\"},{\"@type\":\"Organization\",\"@id\":\"https:\/\/easyliferobo.com\/de\/#organization\",\"name\":\"EasyLifeBro\",\"url\":\"https:\/\/easyliferobo.com\/de\/\",\"logo\":{\"@type\":\"ImageObject\",\"inLanguage\":\"de\",\"@id\":\"https:\/\/easyliferobo.com\/de\/#\/schema\/logo\/image\/\",\"url\":\"https:\/\/easyliferobo.com\/de\/wp-content\/uploads\/2026\/02\/Screenshot-2026-02-22-at-2.25.03-PM.png\",\"contentUrl\":\"https:\/\/easyliferobo.com\/de\/wp-content\/uploads\/2026\/02\/Screenshot-2026-02-22-at-2.25.03-PM.png\",\"width\":1858,\"height\":430,\"caption\":\"EasyLifeBro\"},\"image\":{\"@id\":\"https:\/\/easyliferobo.com\/de\/#\/schema\/logo\/image\/\"}}]}<\/script>\n<!-- \/ Yoast SEO plugin. -->","yoast_head_json":{"title":"WORX-Arbeitstisch - EasyLifeBro","description":"Entdecken Sie smarte Roboter f\u00fcr Zuhause, Garten, Bildung und Sicherheit. Vergleichen Sie Saugroboter, Rasenm\u00e4hroboter, KI-Begleitroboter und mehr bei EasyLifeRobo.","robots":{"index":"index","follow":"follow","max-snippet":"max-snippet:-1","max-image-preview":"max-image-preview:large","max-video-preview":"max-video-preview:-1"},"canonical":"https:\/\/easyliferobo.com\/de\/product\/worx-arbeitstisch\/","og_locale":"de_DE","og_type":"article","og_title":"WORX-Arbeitstisch - EasyLifeBro","og_description":"Entdecken Sie smarte Roboter f\u00fcr Zuhause, Garten, Bildung und Sicherheit. Vergleichen Sie Saugroboter, Rasenm\u00e4hroboter, KI-Begleitroboter und mehr bei EasyLifeRobo.","og_url":"https:\/\/easyliferobo.com\/de\/product\/worx-arbeitstisch\/","og_site_name":"EasyLifeBro","article_modified_time":"2026-02-23T03:39:40+00:00","og_image":[{"width":1500,"height":1455,"url":"https:\/\/easyliferobo.com\/de\/wp-content\/uploads\/2026\/02\/71LQ7St0IuL._AC_SL1500_.jpg","type":"image\/jpeg"}],"twitter_card":"summary_large_image","twitter_misc":{"Gesch\u00e4tzte Lesezeit":"1\u00a0Minute"},"schema":{"@context":"https:\/\/schema.org","@graph":[{"@type":"WebPage","@id":"https:\/\/easyliferobo.com\/de\/product\/worx-arbeitstisch\/","url":"https:\/\/easyliferobo.com\/de\/product\/worx-arbeitstisch\/","name":"WORX-Arbeitstisch - EasyLifeBro","isPartOf":{"@id":"https:\/\/easyliferobo.com\/de\/#website"},"primaryImageOfPage":{"@id":"https:\/\/easyliferobo.com\/de\/product\/worx-arbeitstisch\/#primaryimage"},"image":{"@id":"https:\/\/easyliferobo.com\/de\/product\/worx-arbeitstisch\/#primaryimage"},"thumbnailUrl":"https:\/\/easyliferobo.com\/de\/wp-content\/uploads\/2026\/02\/71LQ7St0IuL._AC_SL1500_.jpg","datePublished":"2026-02-23T03:39:18+00:00","dateModified":"2026-02-23T03:39:40+00:00","description":"Entdecken Sie smarte Roboter f\u00fcr Zuhause, Garten, Bildung und Sicherheit. Vergleichen Sie Saugroboter, Rasenm\u00e4hroboter, KI-Begleitroboter und mehr bei EasyLifeRobo.","breadcrumb":{"@id":"https:\/\/easyliferobo.com\/de\/product\/worx-arbeitstisch\/#breadcrumb"},"inLanguage":"de","potentialAction":[{"@type":"ReadAction","target":["https:\/\/easyliferobo.com\/de\/product\/worx-arbeitstisch\/"]}]},{"@type":"ImageObject","inLanguage":"de","@id":"https:\/\/easyliferobo.com\/de\/product\/worx-arbeitstisch\/#primaryimage","url":"https:\/\/easyliferobo.com\/de\/wp-content\/uploads\/2026\/02\/71LQ7St0IuL._AC_SL1500_.jpg","contentUrl":"https:\/\/easyliferobo.com\/de\/wp-content\/uploads\/2026\/02\/71LQ7St0IuL._AC_SL1500_.jpg","width":1500,"height":1455},{"@type":"BreadcrumbList","@id":"https:\/\/easyliferobo.com\/de\/product\/worx-arbeitstisch\/#breadcrumb","itemListElement":[{"@type":"ListItem","position":1,"name":"Home","item":"https:\/\/easyliferobo.com\/de\/"},{"@type":"ListItem","position":2,"name":"Shop","item":"https:\/\/easyliferobo.com\/de\/shop\/"},{"@type":"ListItem","position":3,"name":"WORX-Arbeitstisch"}]},{"@type":"WebSite","@id":"https:\/\/easyliferobo.com\/de\/#website","url":"https:\/\/easyliferobo.com\/de\/","name":"EasyLifeBro","description":"Smarte Roboter f\u00fcr Zuhause, Garten &amp; Bildung","publisher":{"@id":"https:\/\/easyliferobo.com\/de\/#organization"},"potentialAction":[{"@type":"SearchAction","target":{"@type":"EntryPoint","urlTemplate":"https:\/\/easyliferobo.com\/de\/?s={search_term_string}"},"query-input":{"@type":"PropertyValueSpecification","valueRequired":true,"valueName":"search_term_string"}}],"inLanguage":"de"},{"@type":"Organization","@id":"https:\/\/easyliferobo.com\/de\/#organization","name":"EasyLifeBro","url":"https:\/\/easyliferobo.com\/de\/","logo":{"@type":"ImageObject","inLanguage":"de","@id":"https:\/\/easyliferobo.com\/de\/#\/schema\/logo\/image\/","url":"https:\/\/easyliferobo.com\/de\/wp-content\/uploads\/2026\/02\/Screenshot-2026-02-22-at-2.25.03-PM.png","contentUrl":"https:\/\/easyliferobo.com\/de\/wp-content\/uploads\/2026\/02\/Screenshot-2026-02-22-at-2.25.03-PM.png","width":1858,"height":430,"caption":"EasyLifeBro"},"image":{"@id":"https:\/\/easyliferobo.com\/de\/#\/schema\/logo\/image\/"}}]}},"_links":{"self":[{"href":"https:\/\/easyliferobo.com\/de\/wp-json\/wp\/v2\/product\/1574","targetHints":{"allow":["GET"]}}],"collection":[{"href":"https:\/\/easyliferobo.com\/de\/wp-json\/wp\/v2\/product"}],"about":[{"href":"https:\/\/easyliferobo.com\/de\/wp-json\/wp\/v2\/types\/product"}],"replies":[{"embeddable":true,"href":"https:\/\/easyliferobo.com\/de\/wp-json\/wp\/v2\/comments?post=1574"}],"wp:featuredmedia":[{"embeddable":true,"href":"https:\/\/easyliferobo.com\/de\/wp-json\/wp\/v2\/media\/1575"}],"wp:attachment":[{"href":"https:\/\/easyliferobo.com\/de\/wp-json\/wp\/v2\/media?parent=1574"}],"wp:term":[{"taxonomy":"store","embeddable":true,"href":"https:\/\/easyliferobo.com\/de\/wp-json\/wp\/v2\/store?post=1574"},{"taxonomy":"product_brand","embeddable":true,"href":"https:\/\/easyliferobo.com\/de\/wp-json\/wp\/v2\/product_brand?post=1574"},{"taxonomy":"product_cat","embeddable":true,"href":"https:\/\/easyliferobo.com\/de\/wp-json\/wp\/v2\/product_cat?post=1574"},{"taxonomy":"product_tag","embeddable":true,"href":"https:\/\/easyliferobo.com\/de\/wp-json\/wp\/v2\/product_tag?post=1574"}],"curies":[{"name":"wp","href":"https:\/\/api.w.org\/{rel}","templated":true}]}}