
{"id":1566,"date":"2026-02-23T03:37:48","date_gmt":"2026-02-23T03:37:48","guid":{"rendered":"https:\/\/easyliferobo.com\/de\/product\/remoking-intelligentes-roboter-kinderspielzeug-interaktives-roboter-lernspielzeug-geschenke-fuer-jungen-maedchen-gelb\/"},"modified":"2026-02-23T03:38:01","modified_gmt":"2026-02-23T03:38:01","slug":"remoking-intelligentes-roboter-kinderspielzeug-interaktives-roboter-lernspielzeug-geschenke-fuer-jungen-maedchen-gelb","status":"publish","type":"product","link":"https:\/\/easyliferobo.com\/de\/product\/remoking-intelligentes-roboter-kinderspielzeug-interaktives-roboter-lernspielzeug-geschenke-fuer-jungen-maedchen-gelb\/","title":{"rendered":"REMOKING Intelligentes Roboter-Kind..."},"content":{"rendered":"<p>\n                                             Produktbeschreibung   <\/p>\n<p>                                                         <img decoding=\"async\" alt=\"Roboterspielzeug\" src=\"https:\/\/images-na.ssl-images-amazon.com\/images\/G\/01\/x-locale\/common\/grey-pixel.gif\" class=\"a-lazy-loaded\" data-src=\"https:\/\/m.media-amazon.com\/images\/S\/aplus-media-library-service-media\/932fddbd-e7b7-4a36-962c-61295bec7ccc.__CR0,0,600,180_PT0_SX600_V1___.jpg\"><img decoding=\"async\" alt=\"Roboterspielzeug\" src=\"https:\/\/m.media-amazon.com\/images\/S\/aplus-media-library-service-media\/932fddbd-e7b7-4a36-962c-61295bec7ccc.__CR0,0,600,180_PT0_SX600_V1___.jpg\">      <\/p>\n<p>                                                                             <img decoding=\"async\" alt=\"Roboterspielzeug\" src=\"https:\/\/images-na.ssl-images-amazon.com\/images\/G\/01\/x-locale\/common\/grey-pixel.gif\" class=\"a-spacing-base a-lazy-loaded\" data-src=\"https:\/\/m.media-amazon.com\/images\/S\/aplus-media-library-service-media\/85775fb6-3bc2-4038-be15-668c402cfb17.__CR0,0,970,600_PT0_SX970_V1___.jpg\"><img decoding=\"async\" alt=\"Roboterspielzeug\" src=\"https:\/\/m.media-amazon.com\/images\/S\/aplus-media-library-service-media\/85775fb6-3bc2-4038-be15-668c402cfb17.__CR0,0,970,600_PT0_SX970_V1___.jpg\">                                                                    <\/p>\n<p>                                                  <img decoding=\"async\" alt=\"Roboterspielzeug\" src=\"https:\/\/images-na.ssl-images-amazon.com\/images\/G\/01\/x-locale\/common\/grey-pixel.gif\" class=\"a-lazy-loaded\" data-src=\"https:\/\/m.media-amazon.com\/images\/S\/aplus-media-library-service-media\/cbd03d71-63ee-4caa-b328-f31a1f7fde1b.__CR0,0,300,300_PT0_SX300_V1___.jpg\"><img decoding=\"async\" alt=\"Roboterspielzeug\" src=\"https:\/\/m.media-amazon.com\/images\/S\/aplus-media-library-service-media\/cbd03d71-63ee-4caa-b328-f31a1f7fde1b.__CR0,0,300,300_PT0_SX300_V1___.jpg\">  <\/p>\n<h3 class=\"a-spacing-mini\">  Tipps: <\/h3>\n<p>  Der Roboter schaltet sich aus, wenn Sie \u201eAuf Wiedersehen\u201c oder \u201eSchlaf\u201c sagen. Sie sollten die Aufnahmetaste im Brustbereich dr\u00fccken, um sie wieder einzuschalten. Ist der Akku fast leer, f\u00fchrt der Roboter einige Aktionen aus oder spielt automatisch Musik ab. Sollte der Roboter nach dem Einlegen der Batterien nicht funktionieren, \u00fcberpr\u00fcfen Sie bitte das Batteriefach. Stellen Sie sicher, dass der gesamte Clip angeschlossen werden kann. Wenn der Clip nicht angeschlossen werden kann, stellen Sie ihn bitte so ein, dass er mit dem Roboter verbunden werden kann. Bitte achten Sie darauf, dass sich dieser Stromanschluss in der richtigen Position befindet. Dies ist ein Spracherkennungsroboter. Wenn es sich in einer lauten Umgebung befindet, kann es Fehler machen. <\/p>\n<p>                                                  <img decoding=\"async\" alt=\"Roboterspielzeug\" src=\"https:\/\/images-na.ssl-images-amazon.com\/images\/G\/01\/x-locale\/common\/grey-pixel.gif\" class=\"a-spacing-mini a-lazy-loaded\" data-src=\"https:\/\/m.media-amazon.com\/images\/S\/aplus-media-library-service-media\/3591bc59-6849-4f4c-8270-fc7e64cf772f.__CR0,0,300,300_PT0_SX300_V1___.jpg\"><img decoding=\"async\" alt=\"Roboterspielzeug\" src=\"https:\/\/m.media-amazon.com\/images\/S\/aplus-media-library-service-media\/3591bc59-6849-4f4c-8270-fc7e64cf772f.__CR0,0,300,300_PT0_SX300_V1___.jpg\">  <\/p>\n<p>  Interaktiver intelligenter Roboter: <\/p>\n<p>  Dieser kleine Kerl wird der neue Tanzpartner Ihres Kindes, sorgt f\u00fcr stundenlangen Spa\u00df und bietet Kindern Erfahrungen mit Robotik und fortschrittlicher Technologie. <\/p>\n<p>  Ideales Geschenk <\/p>\n<p>  Intelligente Gr\u00f6\u00dfe, 3,9 x 3,7 x 5,1 Zoll, \u00fcberall hin mitnehmen, \u00fcberall spielen. Exquisite Weihnachtsgeschenke oder Geburtstagsgeschenke f\u00fcr Kinder. <\/p>\n<p class=\"apm-text-center\">\n                                                      <img decoding=\"async\" alt=\"Roboterspielzeug\" src=\"https:\/\/images-na.ssl-images-amazon.com\/images\/G\/01\/x-locale\/common\/grey-pixel.gif\" class=\"a-lazy-loaded\" data-src=\"https:\/\/m.media-amazon.com\/images\/S\/aplus-media-library-service-media\/182c5f06-b6ad-4d8f-acc2-1447a8af8996.__CR0,0,220,220_PT0_SX220_V1___.jpg\"><img decoding=\"async\" alt=\"Roboterspielzeug\" src=\"https:\/\/m.media-amazon.com\/images\/S\/aplus-media-library-service-media\/182c5f06-b6ad-4d8f-acc2-1447a8af8996.__CR0,0,220,220_PT0_SX220_V1___.jpg\">  <\/p>\n<p>                                                    Gehen, singen und tanzen                                     <\/p>\n<p class=\"a-size-small\"> Mit zunehmender Reibung bewegt sich der Roboter beim Einsatz auf dem Teppich langsamer. <\/p>\n<p class=\"apm-text-center\">\n                                                      <img decoding=\"async\" alt=\"Roboterspielzeug\" src=\"https:\/\/images-na.ssl-images-amazon.com\/images\/G\/01\/x-locale\/common\/grey-pixel.gif\" class=\"a-lazy-loaded\" data-src=\"https:\/\/m.media-amazon.com\/images\/S\/aplus-media-library-service-media\/4c645c94-8901-4642-a6b0-0b110cca1551.__CR0,0,220,220_PT0_SX220_V1___.jpg\"><img decoding=\"async\" alt=\"Roboterspielzeug\" src=\"https:\/\/m.media-amazon.com\/images\/S\/aplus-media-library-service-media\/4c645c94-8901-4642-a6b0-0b110cca1551.__CR0,0,220,220_PT0_SX220_V1___.jpg\">  <\/p>\n<p>                                                    Touch-Steuerung                                     <\/p>\n<p class=\"a-size-small\"> Wenn Sie den Kopf oder beide Seiten des Kopfes ber\u00fchren, singen, sich bewegen oder andere Aktionen ausf\u00fchren <\/p>\n<p class=\"apm-text-center\">\n                                                      <img decoding=\"async\" alt=\"Roboterspielzeug\" src=\"https:\/\/images-na.ssl-images-amazon.com\/images\/G\/01\/x-locale\/common\/grey-pixel.gif\" class=\"a-lazy-loaded\" data-src=\"https:\/\/m.media-amazon.com\/images\/S\/aplus-media-library-service-media\/5a461319-f4dc-4d95-9726-52d0b507d716.__CR0,0,220,220_PT0_SX220_V1___.jpg\"><img decoding=\"async\" alt=\"Roboterspielzeug\" src=\"https:\/\/m.media-amazon.com\/images\/S\/aplus-media-library-service-media\/5a461319-f4dc-4d95-9726-52d0b507d716.__CR0,0,220,220_PT0_SX220_V1___.jpg\">  <\/p>\n<p>                                                    Sprachsteuerung                                     <\/p>\n<p class=\"a-size-small\"> Mehr als 10 englische Sprachbefehle. (Der beste Abstand 50 cm) <\/p>\n<p class=\"apm-text-center\">\n                                                      <img decoding=\"async\" alt=\"Roboterspielzeug\" src=\"https:\/\/images-na.ssl-images-amazon.com\/images\/G\/01\/x-locale\/common\/grey-pixel.gif\" class=\"a-lazy-loaded\" data-src=\"https:\/\/m.media-amazon.com\/images\/S\/aplus-media-library-service-media\/7925eac4-e5bb-4c64-8a5c-63335f5d7f8b.__CR0,0,220,220_PT0_SX220_V1___.jpg\"><img decoding=\"async\" alt=\"Roboterspielzeug\" src=\"https:\/\/m.media-amazon.com\/images\/S\/aplus-media-library-service-media\/7925eac4-e5bb-4c64-8a5c-63335f5d7f8b.__CR0,0,220,220_PT0_SX220_V1___.jpg\">  <\/p>\n<p>                                                    Sprachaufzeichnung\/Sprache                                     <\/p>\n<p class=\"a-size-small\"> Tipps: Ermutigen Sie Ihr Baby zum Sprechen. Halten Sie Ihr Gl\u00fcck fest und teilen Sie es dann mit Ihren Freunden. <\/p>\n<p>                                                  <img decoding=\"async\" alt=\"Roboterspielzeug\" src=\"https:\/\/images-na.ssl-images-amazon.com\/images\/G\/01\/x-locale\/common\/grey-pixel.gif\" class=\"a-lazy-loaded\" data-src=\"https:\/\/m.media-amazon.com\/images\/S\/aplus-media-library-service-media\/ee1a2423-12c7-46af-b7cc-f4486dae54d6.__CR0,0,970,300_PT0_SX970_V1___.jpg\"><img decoding=\"async\" alt=\"Roboterspielzeug\" src=\"https:\/\/m.media-amazon.com\/images\/S\/aplus-media-library-service-media\/ee1a2423-12c7-46af-b7cc-f4486dae54d6.__CR0,0,970,300_PT0_SX970_V1___.jpg\">  <\/p>\n<p>Roboterspielzeug: Roboter mit LED-Augen, kann singen, tanzen. Leicht zu transportieren, sodass Sie \u00fcberall spielen k\u00f6nnen.<br \/>Touch-Steuerung und Sprachsteuerung: Der Roboter kann vorw\u00e4rts und r\u00fcckw\u00e4rts gehen, nach links und rechts drehen, wenn Sie die Ber\u00fchrungspunkte dr\u00fccken. Sie k\u00f6nnen den Roboter bestellen, wenn sich der Roboter im sprachgesteuerten Modus befindet. Der Roboter reagiert entsprechend auf Ihren Befehl.<br \/>Sprachaufzeichnung: Der Roboter verf\u00fcgt \u00fcber einen Aufnahmemodus. Ihre Stimme und Ihr Lachen k\u00f6nnen jederzeit aufgezeichnet und abgespielt werden. Halten Sie Ihr Gl\u00fcck fest und teilen Sie es. Es macht mehr Spa\u00df, mit Ihrem Partner zu spielen.<br \/>Wiederholen: Dr\u00fccken Sie lange auf den oberen Ber\u00fchrungspunkt, um in den Wiederholungsmodus f\u00fcr Stimmen zu wechseln. Dieses coole Roboterspielzeug f\u00fcr Kinder kann alles wiederholen, was Sie sagen. Ermutigen Sie Ihr Baby, es auszusprechen. Sowohl lehrreich als auch unterhaltsam!<br \/>Ideales Geschenk und sichere Materialien: Hergestellt aus hochwertigem ABS-Kunststoff, langlebig, ungiftig und geschmacksneutral. Die Oberfl\u00e4che ist glatt und verletzt Kinder beim Spielen nicht. Ideales Geburtstagsgeschenk, Weihnachtsgeschenk.<\/p>\n<p>[ad_2]<\/p>\n","protected":false},"excerpt":{"rendered":"<p>Produktbeschreibung Tipps: Der Roboter schaltet sich aus, wenn Sie \u201eAuf Wiedersehen\u201c oder \u201eSchlaf\u201c sagen. Sie sollten die Aufnahmetaste im Brustbereich dr\u00fccken, um sie wieder einzuschalten. Ist der Akku fast leer, f\u00fchrt der Roboter einige Aktionen aus oder spielt automatisch Musik ab. Sollte der Roboter nach dem Einlegen der Batterien nicht funktionieren, \u00fcberpr\u00fcfen Sie bitte das [&hellip;]<\/p>\n","protected":false},"featured_media":1567,"comment_status":"open","ping_status":"closed","template":"","meta":{"_aipt_faq_data":""},"store":[],"product_brand":[],"product_cat":[111],"product_tag":[311],"class_list":{"0":"post-1566","1":"product","2":"type-product","3":"status-publish","4":"has-post-thumbnail","6":"product_cat-pflegeassistenz-roboter","7":"product_tag-pflegeassistenz-roboter-mit-sprachsteuerung","9":"first","10":"instock","11":"shipping-taxable","12":"product-type-external"},"yoast_head":"<!-- This site is optimized with the Yoast SEO plugin v27.4 - https:\/\/yoast.com\/product\/yoast-seo-wordpress\/ -->\n<title>REMOKING Intelligentes Roboter-Kinderspielzeug, interaktives Roboter-Lernspielzeug, Geschenke f\u00fcr Jungen M\u00e4dchen (Gelb) - EasyLifeBro<\/title>\n<meta name=\"description\" content=\"Entdecken Sie smarte Roboter f\u00fcr Zuhause, Garten, Bildung und Sicherheit. Vergleichen Sie Saugroboter, Rasenm\u00e4hroboter, KI-Begleitroboter und mehr bei EasyLifeRobo.\" \/>\n<meta name=\"robots\" content=\"index, follow, max-snippet:-1, max-image-preview:large, max-video-preview:-1\" \/>\n<link rel=\"canonical\" href=\"https:\/\/easyliferobo.com\/de\/product\/remoking-intelligentes-roboter-kinderspielzeug-interaktives-roboter-lernspielzeug-geschenke-fuer-jungen-maedchen-gelb\/\" \/>\n<meta property=\"og:locale\" content=\"de_DE\" \/>\n<meta property=\"og:type\" content=\"article\" \/>\n<meta property=\"og:title\" content=\"REMOKING Intelligentes Roboter-Kinderspielzeug, interaktives Roboter-Lernspielzeug, Geschenke f\u00fcr Jungen M\u00e4dchen (Gelb) - EasyLifeBro\" \/>\n<meta property=\"og:description\" content=\"Entdecken Sie smarte Roboter f\u00fcr Zuhause, Garten, Bildung und Sicherheit. Vergleichen Sie Saugroboter, Rasenm\u00e4hroboter, KI-Begleitroboter und mehr bei EasyLifeRobo.\" \/>\n<meta property=\"og:url\" content=\"https:\/\/easyliferobo.com\/de\/product\/remoking-intelligentes-roboter-kinderspielzeug-interaktives-roboter-lernspielzeug-geschenke-fuer-jungen-maedchen-gelb\/\" \/>\n<meta property=\"og:site_name\" content=\"EasyLifeBro\" \/>\n<meta property=\"article:modified_time\" content=\"2026-02-23T03:38:01+00:00\" \/>\n<meta property=\"og:image\" content=\"https:\/\/easyliferobo.com\/de\/wp-content\/uploads\/2026\/02\/51-iT0HHVpL._AC_SL1200_.jpg\" \/>\n\t<meta property=\"og:image:width\" content=\"940\" \/>\n\t<meta property=\"og:image:height\" content=\"1145\" \/>\n\t<meta property=\"og:image:type\" content=\"image\/jpeg\" \/>\n<meta name=\"twitter:card\" content=\"summary_large_image\" \/>\n<meta name=\"twitter:label1\" content=\"Gesch\u00e4tzte Lesezeit\" \/>\n\t<meta name=\"twitter:data1\" content=\"2\u00a0Minuten\" \/>\n<script type=\"application\/ld+json\" class=\"yoast-schema-graph\">{\"@context\":\"https:\\\/\\\/schema.org\",\"@graph\":[{\"@type\":\"WebPage\",\"@id\":\"https:\\\/\\\/easyliferobo.com\\\/de\\\/product\\\/remoking-intelligentes-roboter-kinderspielzeug-interaktives-roboter-lernspielzeug-geschenke-fuer-jungen-maedchen-gelb\\\/\",\"url\":\"https:\\\/\\\/easyliferobo.com\\\/de\\\/product\\\/remoking-intelligentes-roboter-kinderspielzeug-interaktives-roboter-lernspielzeug-geschenke-fuer-jungen-maedchen-gelb\\\/\",\"name\":\"REMOKING Intelligentes Roboter-Kinderspielzeug, interaktives Roboter-Lernspielzeug, Geschenke f\u00fcr Jungen M\u00e4dchen (Gelb) - EasyLifeBro\",\"isPartOf\":{\"@id\":\"https:\\\/\\\/easyliferobo.com\\\/de\\\/#website\"},\"primaryImageOfPage\":{\"@id\":\"https:\\\/\\\/easyliferobo.com\\\/de\\\/product\\\/remoking-intelligentes-roboter-kinderspielzeug-interaktives-roboter-lernspielzeug-geschenke-fuer-jungen-maedchen-gelb\\\/#primaryimage\"},\"image\":{\"@id\":\"https:\\\/\\\/easyliferobo.com\\\/de\\\/product\\\/remoking-intelligentes-roboter-kinderspielzeug-interaktives-roboter-lernspielzeug-geschenke-fuer-jungen-maedchen-gelb\\\/#primaryimage\"},\"thumbnailUrl\":\"https:\\\/\\\/easyliferobo.com\\\/de\\\/wp-content\\\/uploads\\\/2026\\\/02\\\/51-iT0HHVpL._AC_SL1200_.jpg\",\"datePublished\":\"2026-02-23T03:37:48+00:00\",\"dateModified\":\"2026-02-23T03:38:01+00:00\",\"description\":\"Entdecken Sie smarte Roboter f\u00fcr Zuhause, Garten, Bildung und Sicherheit. Vergleichen Sie Saugroboter, Rasenm\u00e4hroboter, KI-Begleitroboter und mehr bei EasyLifeRobo.\",\"breadcrumb\":{\"@id\":\"https:\\\/\\\/easyliferobo.com\\\/de\\\/product\\\/remoking-intelligentes-roboter-kinderspielzeug-interaktives-roboter-lernspielzeug-geschenke-fuer-jungen-maedchen-gelb\\\/#breadcrumb\"},\"inLanguage\":\"de\",\"potentialAction\":[{\"@type\":\"ReadAction\",\"target\":[\"https:\\\/\\\/easyliferobo.com\\\/de\\\/product\\\/remoking-intelligentes-roboter-kinderspielzeug-interaktives-roboter-lernspielzeug-geschenke-fuer-jungen-maedchen-gelb\\\/\"]}]},{\"@type\":\"ImageObject\",\"inLanguage\":\"de\",\"@id\":\"https:\\\/\\\/easyliferobo.com\\\/de\\\/product\\\/remoking-intelligentes-roboter-kinderspielzeug-interaktives-roboter-lernspielzeug-geschenke-fuer-jungen-maedchen-gelb\\\/#primaryimage\",\"url\":\"https:\\\/\\\/easyliferobo.com\\\/de\\\/wp-content\\\/uploads\\\/2026\\\/02\\\/51-iT0HHVpL._AC_SL1200_.jpg\",\"contentUrl\":\"https:\\\/\\\/easyliferobo.com\\\/de\\\/wp-content\\\/uploads\\\/2026\\\/02\\\/51-iT0HHVpL._AC_SL1200_.jpg\",\"width\":940,\"height\":1145},{\"@type\":\"BreadcrumbList\",\"@id\":\"https:\\\/\\\/easyliferobo.com\\\/de\\\/product\\\/remoking-intelligentes-roboter-kinderspielzeug-interaktives-roboter-lernspielzeug-geschenke-fuer-jungen-maedchen-gelb\\\/#breadcrumb\",\"itemListElement\":[{\"@type\":\"ListItem\",\"position\":1,\"name\":\"Home\",\"item\":\"https:\\\/\\\/easyliferobo.com\\\/de\\\/\"},{\"@type\":\"ListItem\",\"position\":2,\"name\":\"Shop\",\"item\":\"https:\\\/\\\/easyliferobo.com\\\/de\\\/shop\\\/\"},{\"@type\":\"ListItem\",\"position\":3,\"name\":\"REMOKING Intelligentes Roboter-Kinderspielzeug, interaktives Roboter-Lernspielzeug, Geschenke f\u00fcr Jungen M\u00e4dchen (Gelb)\"}]},{\"@type\":\"WebSite\",\"@id\":\"https:\\\/\\\/easyliferobo.com\\\/de\\\/#website\",\"url\":\"https:\\\/\\\/easyliferobo.com\\\/de\\\/\",\"name\":\"EasyLifeBro\",\"description\":\"Smarte Roboter f\u00fcr Zuhause, Garten &amp; Bildung\",\"publisher\":{\"@id\":\"https:\\\/\\\/easyliferobo.com\\\/de\\\/#organization\"},\"potentialAction\":[{\"@type\":\"SearchAction\",\"target\":{\"@type\":\"EntryPoint\",\"urlTemplate\":\"https:\\\/\\\/easyliferobo.com\\\/de\\\/?s={search_term_string}\"},\"query-input\":{\"@type\":\"PropertyValueSpecification\",\"valueRequired\":true,\"valueName\":\"search_term_string\"}}],\"inLanguage\":\"de\"},{\"@type\":\"Organization\",\"@id\":\"https:\\\/\\\/easyliferobo.com\\\/de\\\/#organization\",\"name\":\"EasyLifeBro\",\"url\":\"https:\\\/\\\/easyliferobo.com\\\/de\\\/\",\"logo\":{\"@type\":\"ImageObject\",\"inLanguage\":\"de\",\"@id\":\"https:\\\/\\\/easyliferobo.com\\\/de\\\/#\\\/schema\\\/logo\\\/image\\\/\",\"url\":\"https:\\\/\\\/easyliferobo.com\\\/de\\\/wp-content\\\/uploads\\\/2026\\\/02\\\/Screenshot-2026-02-22-at-2.25.03-PM.png\",\"contentUrl\":\"https:\\\/\\\/easyliferobo.com\\\/de\\\/wp-content\\\/uploads\\\/2026\\\/02\\\/Screenshot-2026-02-22-at-2.25.03-PM.png\",\"width\":1858,\"height\":430,\"caption\":\"EasyLifeBro\"},\"image\":{\"@id\":\"https:\\\/\\\/easyliferobo.com\\\/de\\\/#\\\/schema\\\/logo\\\/image\\\/\"}}]}<\/script>\n<!-- \/ Yoast SEO plugin. -->","yoast_head_json":{"title":"REMOKING Intelligentes Roboter-Kinderspielzeug, interaktives Roboter-Lernspielzeug, Geschenke f\u00fcr Jungen M\u00e4dchen (Gelb) - EasyLifeBro","description":"Entdecken Sie smarte Roboter f\u00fcr Zuhause, Garten, Bildung und Sicherheit. Vergleichen Sie Saugroboter, Rasenm\u00e4hroboter, KI-Begleitroboter und mehr bei EasyLifeRobo.","robots":{"index":"index","follow":"follow","max-snippet":"max-snippet:-1","max-image-preview":"max-image-preview:large","max-video-preview":"max-video-preview:-1"},"canonical":"https:\/\/easyliferobo.com\/de\/product\/remoking-intelligentes-roboter-kinderspielzeug-interaktives-roboter-lernspielzeug-geschenke-fuer-jungen-maedchen-gelb\/","og_locale":"de_DE","og_type":"article","og_title":"REMOKING Intelligentes Roboter-Kinderspielzeug, interaktives Roboter-Lernspielzeug, Geschenke f\u00fcr Jungen M\u00e4dchen (Gelb) - EasyLifeBro","og_description":"Entdecken Sie smarte Roboter f\u00fcr Zuhause, Garten, Bildung und Sicherheit. Vergleichen Sie Saugroboter, Rasenm\u00e4hroboter, KI-Begleitroboter und mehr bei EasyLifeRobo.","og_url":"https:\/\/easyliferobo.com\/de\/product\/remoking-intelligentes-roboter-kinderspielzeug-interaktives-roboter-lernspielzeug-geschenke-fuer-jungen-maedchen-gelb\/","og_site_name":"EasyLifeBro","article_modified_time":"2026-02-23T03:38:01+00:00","og_image":[{"width":940,"height":1145,"url":"https:\/\/easyliferobo.com\/de\/wp-content\/uploads\/2026\/02\/51-iT0HHVpL._AC_SL1200_.jpg","type":"image\/jpeg"}],"twitter_card":"summary_large_image","twitter_misc":{"Gesch\u00e4tzte Lesezeit":"2\u00a0Minuten"},"schema":{"@context":"https:\/\/schema.org","@graph":[{"@type":"WebPage","@id":"https:\/\/easyliferobo.com\/de\/product\/remoking-intelligentes-roboter-kinderspielzeug-interaktives-roboter-lernspielzeug-geschenke-fuer-jungen-maedchen-gelb\/","url":"https:\/\/easyliferobo.com\/de\/product\/remoking-intelligentes-roboter-kinderspielzeug-interaktives-roboter-lernspielzeug-geschenke-fuer-jungen-maedchen-gelb\/","name":"REMOKING Intelligentes Roboter-Kinderspielzeug, interaktives Roboter-Lernspielzeug, Geschenke f\u00fcr Jungen M\u00e4dchen (Gelb) - EasyLifeBro","isPartOf":{"@id":"https:\/\/easyliferobo.com\/de\/#website"},"primaryImageOfPage":{"@id":"https:\/\/easyliferobo.com\/de\/product\/remoking-intelligentes-roboter-kinderspielzeug-interaktives-roboter-lernspielzeug-geschenke-fuer-jungen-maedchen-gelb\/#primaryimage"},"image":{"@id":"https:\/\/easyliferobo.com\/de\/product\/remoking-intelligentes-roboter-kinderspielzeug-interaktives-roboter-lernspielzeug-geschenke-fuer-jungen-maedchen-gelb\/#primaryimage"},"thumbnailUrl":"https:\/\/easyliferobo.com\/de\/wp-content\/uploads\/2026\/02\/51-iT0HHVpL._AC_SL1200_.jpg","datePublished":"2026-02-23T03:37:48+00:00","dateModified":"2026-02-23T03:38:01+00:00","description":"Entdecken Sie smarte Roboter f\u00fcr Zuhause, Garten, Bildung und Sicherheit. Vergleichen Sie Saugroboter, Rasenm\u00e4hroboter, KI-Begleitroboter und mehr bei EasyLifeRobo.","breadcrumb":{"@id":"https:\/\/easyliferobo.com\/de\/product\/remoking-intelligentes-roboter-kinderspielzeug-interaktives-roboter-lernspielzeug-geschenke-fuer-jungen-maedchen-gelb\/#breadcrumb"},"inLanguage":"de","potentialAction":[{"@type":"ReadAction","target":["https:\/\/easyliferobo.com\/de\/product\/remoking-intelligentes-roboter-kinderspielzeug-interaktives-roboter-lernspielzeug-geschenke-fuer-jungen-maedchen-gelb\/"]}]},{"@type":"ImageObject","inLanguage":"de","@id":"https:\/\/easyliferobo.com\/de\/product\/remoking-intelligentes-roboter-kinderspielzeug-interaktives-roboter-lernspielzeug-geschenke-fuer-jungen-maedchen-gelb\/#primaryimage","url":"https:\/\/easyliferobo.com\/de\/wp-content\/uploads\/2026\/02\/51-iT0HHVpL._AC_SL1200_.jpg","contentUrl":"https:\/\/easyliferobo.com\/de\/wp-content\/uploads\/2026\/02\/51-iT0HHVpL._AC_SL1200_.jpg","width":940,"height":1145},{"@type":"BreadcrumbList","@id":"https:\/\/easyliferobo.com\/de\/product\/remoking-intelligentes-roboter-kinderspielzeug-interaktives-roboter-lernspielzeug-geschenke-fuer-jungen-maedchen-gelb\/#breadcrumb","itemListElement":[{"@type":"ListItem","position":1,"name":"Home","item":"https:\/\/easyliferobo.com\/de\/"},{"@type":"ListItem","position":2,"name":"Shop","item":"https:\/\/easyliferobo.com\/de\/shop\/"},{"@type":"ListItem","position":3,"name":"REMOKING Intelligentes Roboter-Kinderspielzeug, interaktives Roboter-Lernspielzeug, Geschenke f\u00fcr Jungen M\u00e4dchen (Gelb)"}]},{"@type":"WebSite","@id":"https:\/\/easyliferobo.com\/de\/#website","url":"https:\/\/easyliferobo.com\/de\/","name":"EasyLifeBro","description":"Smarte Roboter f\u00fcr Zuhause, Garten &amp; Bildung","publisher":{"@id":"https:\/\/easyliferobo.com\/de\/#organization"},"potentialAction":[{"@type":"SearchAction","target":{"@type":"EntryPoint","urlTemplate":"https:\/\/easyliferobo.com\/de\/?s={search_term_string}"},"query-input":{"@type":"PropertyValueSpecification","valueRequired":true,"valueName":"search_term_string"}}],"inLanguage":"de"},{"@type":"Organization","@id":"https:\/\/easyliferobo.com\/de\/#organization","name":"EasyLifeBro","url":"https:\/\/easyliferobo.com\/de\/","logo":{"@type":"ImageObject","inLanguage":"de","@id":"https:\/\/easyliferobo.com\/de\/#\/schema\/logo\/image\/","url":"https:\/\/easyliferobo.com\/de\/wp-content\/uploads\/2026\/02\/Screenshot-2026-02-22-at-2.25.03-PM.png","contentUrl":"https:\/\/easyliferobo.com\/de\/wp-content\/uploads\/2026\/02\/Screenshot-2026-02-22-at-2.25.03-PM.png","width":1858,"height":430,"caption":"EasyLifeBro"},"image":{"@id":"https:\/\/easyliferobo.com\/de\/#\/schema\/logo\/image\/"}}]}},"_links":{"self":[{"href":"https:\/\/easyliferobo.com\/de\/wp-json\/wp\/v2\/product\/1566","targetHints":{"allow":["GET"]}}],"collection":[{"href":"https:\/\/easyliferobo.com\/de\/wp-json\/wp\/v2\/product"}],"about":[{"href":"https:\/\/easyliferobo.com\/de\/wp-json\/wp\/v2\/types\/product"}],"replies":[{"embeddable":true,"href":"https:\/\/easyliferobo.com\/de\/wp-json\/wp\/v2\/comments?post=1566"}],"wp:featuredmedia":[{"embeddable":true,"href":"https:\/\/easyliferobo.com\/de\/wp-json\/wp\/v2\/media\/1567"}],"wp:attachment":[{"href":"https:\/\/easyliferobo.com\/de\/wp-json\/wp\/v2\/media?parent=1566"}],"wp:term":[{"taxonomy":"store","embeddable":true,"href":"https:\/\/easyliferobo.com\/de\/wp-json\/wp\/v2\/store?post=1566"},{"taxonomy":"product_brand","embeddable":true,"href":"https:\/\/easyliferobo.com\/de\/wp-json\/wp\/v2\/product_brand?post=1566"},{"taxonomy":"product_cat","embeddable":true,"href":"https:\/\/easyliferobo.com\/de\/wp-json\/wp\/v2\/product_cat?post=1566"},{"taxonomy":"product_tag","embeddable":true,"href":"https:\/\/easyliferobo.com\/de\/wp-json\/wp\/v2\/product_tag?post=1566"}],"curies":[{"name":"wp","href":"https:\/\/api.w.org\/{rel}","templated":true}]}}