
{"id":1557,"date":"2026-02-23T03:35:45","date_gmt":"2026-02-23T03:35:45","guid":{"rendered":"https:\/\/easyliferobo.com\/de\/product\/eufy-omni-c20-saugroboter-mit-all-in-one-station-automatischer-entleerung-autowasch-und-trocknungsfunktion-7-000-pa-85-cm-design-staubsaugerroboter-mit-wischfunktion-kindersicherung\/"},"modified":"2026-02-23T03:35:59","modified_gmt":"2026-02-23T03:35:59","slug":"eufy-omni-c20-saugroboter-mit-all-in-one-station-automatischer-entleerung-autowasch-und-trocknungsfunktion-7-000-pa-85-cm-design-staubsaugerroboter-mit-wischfunktion-kindersicherung","status":"publish","type":"product","link":"https:\/\/easyliferobo.com\/de\/product\/eufy-omni-c20-saugroboter-mit-all-in-one-station-automatischer-entleerung-autowasch-und-trocknungsfunktion-7-000-pa-85-cm-design-staubsaugerroboter-mit-wischfunktion-kindersicherung\/","title":{"rendered":"eufy Omni C20 Saugroboter mit All-i..."},"content":{"rendered":"<p>\n                                             Von der Marke   <\/p>\n<p>                                              <img decoding=\"async\" alt=\"\" src=\"https:\/\/images-na.ssl-images-amazon.com\/images\/G\/01\/x-locale\/common\/grey-pixel.gif\" class=\"a-lazy-loaded\" data-src=\"https:\/\/m.media-amazon.com\/images\/S\/aplus-media-library-service-media\/d81b78fe-5b6b-42f6-a0ce-41bcc5c883d4.__CR0,15,1570,670_PT0_SX1464_V1___.png\"><img decoding=\"async\" alt=\"\" src=\"https:\/\/m.media-amazon.com\/images\/S\/aplus-media-library-service-media\/d81b78fe-5b6b-42f6-a0ce-41bcc5c883d4.__CR0,15,1570,670_PT0_SX1464_V1___.png\">  <\/p>\n<p>                                              <img decoding=\"async\" alt=\"\" src=\"https:\/\/images-na.ssl-images-amazon.com\/images\/G\/01\/x-locale\/common\/grey-pixel.gif\" class=\"a-lazy-loaded\" data-src=\"https:\/\/m.media-amazon.com\/images\/S\/aplus-media-library-service-media\/228e373a-81f6-48a8-9618-7d3769892fa3.__CR0,0,1260,580_PT0_SX315_V1___.jpg\"><img decoding=\"async\" alt=\"\" src=\"https:\/\/m.media-amazon.com\/images\/S\/aplus-media-library-service-media\/228e373a-81f6-48a8-9618-7d3769892fa3.__CR0,0,1260,580_PT0_SX315_V1___.jpg\">  <\/p>\n<p>  Wann wird ein Haus zu einem echten Zuhause? Wenn es mit allem gef\u00fcllt ist, was man liebt und sch\u00e4tzt. Der Ort, an dem sich die Familie wohlf\u00fchlt. <\/p>\n<p>  Seit 2016 steht das Zuhause im Mittelpunkt des eufy-Teams. eufy vereint unsere Expertise in intelligenter Reinigungstechnologie mit unserem Streben nach Exzellenz und setzt sich f\u00fcr den Schutz der Gesundheit und Sauberkeit im Haushalt ein. <\/p>\n<p>  eufy, mit Sorgfalt gebaut. <\/p>\n<h3>  Omni C20 <\/h3>\n<p class=\"apm-brand-story-stores-link\">\n<p>                                              <img decoding=\"async\" alt=\"Roboterstaubsauger auf dem Boden unter der Sitzecke der Familie, mit orangefarbenen M\u00f6beln und gro\u00dfen Fenstern in sonnendurchflutetem Raum.\" src=\"https:\/\/images-na.ssl-images-amazon.com\/images\/G\/01\/x-locale\/common\/grey-pixel.gif\" class=\"a-lazy-loaded\" data-src=\"https:\/\/m.media-amazon.com\/images\/S\/aplus-media-library-service-media\/8b507425-4922-43b5-b49c-dfeccc814ee1.__CR0,0,362,453_PT0_SX362_V1___.jpg\"><img decoding=\"async\" alt=\"Roboterstaubsauger auf dem Boden unter der Sitzecke der Familie, mit orangefarbenen M\u00f6beln und gro\u00dfen Fenstern in einem sonnendurchfluteten Raum.\" src=\"https:\/\/m.media-amazon.com\/images\/S\/aplus-media-library-service-media\/8b507425-4922-43b5-b49c-dfeccc814ee1.__CR0,0,362,453_PT0_SX362_V1___.jpg\">  <\/p>\n<p>                                              <img decoding=\"async\" alt=\"Sonnendurchfluteter Raum mit zwei Personen, die am Fenster sitzen. Roboterstaubsauger im Vordergrund, der eine automatisierte Reinigung in einer gem\u00fctlichen h\u00e4uslichen Umgebung suggeriert.\" src=\"https:\/\/images-na.ssl-images-amazon.com\/images\/G\/01\/x-locale\/common\/grey-pixel.gif\" class=\"a-lazy-loaded\" data-src=\"https:\/\/m.media-amazon.com\/images\/S\/aplus-media-library-service-media\/a725c70a-3572-4f0e-9da5-8979a20f6f7b.__CR0,0,362,453_PT0_SX362_V1___.jpg\"><img decoding=\"async\" alt=\"Sonnendurchfluteter Raum mit zwei Personen, die am Fenster sitzen. Roboterstaubsauger im Vordergrund, der eine automatisierte Reinigung in einer gem\u00fctlichen h\u00e4uslichen Umgebung suggeriert.\" src=\"https:\/\/m.media-amazon.com\/images\/S\/aplus-media-library-service-media\/a725c70a-3572-4f0e-9da5-8979a20f6f7b.__CR0,0,362,453_PT0_SX362_V1___.jpg\">  <\/p>\n<p>                                              <img decoding=\"async\" alt=\"Person, die einen Hund auf dem Boden streichelt, mit einem kleinen, dunklen, kreisf\u00f6rmigen Ger\u00e4t in der N\u00e4he. Der Kontext legt ein automatisiertes Reinigungs- oder Luftreinigungsprodukt nahe.\" src=\"https:\/\/images-na.ssl-images-amazon.com\/images\/G\/01\/x-locale\/common\/grey-pixel.gif\" class=\"a-lazy-loaded\" data-src=\"https:\/\/m.media-amazon.com\/images\/S\/aplus-media-library-service-media\/de17d7b8-de21-4733-bed2-9864369147e9.__CR0,0,362,453_PT0_SX362_V1___.jpg\"><img decoding=\"async\" alt=\"Person, die einen Hund auf dem Boden streichelt, mit einem kleinen, dunklen, kreisf\u00f6rmigen Ger\u00e4t in der N\u00e4he. Der Kontext legt ein automatisiertes Reinigungs- oder Luftreinigungsprodukt nahe.\" src=\"https:\/\/m.media-amazon.com\/images\/S\/aplus-media-library-service-media\/de17d7b8-de21-4733-bed2-9864369147e9.__CR0,0,362,453_PT0_SX362_V1___.jpg\">  <\/p>\n<p>                                              <img decoding=\"async\" alt=\"Roboterstaubsauger auf Hartholzboden neben dem Esstisch, an dem die Familie sitzt, mit nat\u00fcrlichem Licht durch das Fenster.\" src=\"https:\/\/images-na.ssl-images-amazon.com\/images\/G\/01\/x-locale\/common\/grey-pixel.gif\" class=\"a-lazy-loaded\" data-src=\"https:\/\/m.media-amazon.com\/images\/S\/aplus-media-library-service-media\/fc50013f-614b-496f-8906-c6cc1ce5b348.__CR0,0,362,453_PT0_SX362_V1___.jpg\"><img decoding=\"async\" alt=\"Roboterstaubsauger auf Hartholzboden neben dem Esstisch, an dem die Familie sitzt, mit nat\u00fcrlichem Licht durch das Fenster.\" src=\"https:\/\/m.media-amazon.com\/images\/S\/aplus-media-library-service-media\/fc50013f-614b-496f-8906-c6cc1ce5b348.__CR0,0,362,453_PT0_SX362_V1___.jpg\">  <\/p>\n<p>                                              <img decoding=\"async\" alt=\"Wohnzimmerszene mit bequemer Couch, warmer Beleuchtung und Golden Retriever, der auf dem Boden neben M\u00f6beln ruht.\" src=\"https:\/\/images-na.ssl-images-amazon.com\/images\/G\/01\/x-locale\/common\/grey-pixel.gif\" class=\"a-lazy-loaded\" data-src=\"https:\/\/m.media-amazon.com\/images\/S\/aplus-media-library-service-media\/76a4d014-d50a-4a54-8d03-8dcda07bb36b.__CR0,23,463,579_PT0_SX362_V1___.jpg\"><img decoding=\"async\" alt=\"Wohnzimmerszene mit bequemer Couch, warmer Beleuchtung und Golden Retriever, der auf dem Boden neben M\u00f6beln ruht.\" src=\"https:\/\/m.media-amazon.com\/images\/S\/aplus-media-library-service-media\/76a4d014-d50a-4a54-8d03-8dcda07bb36b.__CR0,23,463,579_PT0_SX362_V1___.jpg\">  <\/p>\n<p>All-in-One-Station: Der Omni C20 reinigt vollautomatisch mit Funktionen wie Entleeren, Waschen, Trocknen und Kindersicherung. Die Station trocknet die Wischpads mit Raumluft und verf\u00fcgt \u00fcber transparente Wassertanks zur einfachen \u00dcberwachung. Dies macht die Wartung m\u00fchelos.<br \/>8,5-cm-Design: Der Roboterstaubsauger C20 reinigt m\u00fchelos enge Bereiche wie unter Schreibtischen und Betten, sorgt f\u00fcr Sauberkeit in schwer zug\u00e4nglichen Ecken und minimiert so die manuelle Reinigung.<br \/>Starke Saugkraft: Mit leistungsstarken 7.000 Pa, einer Walze und einer Seitenb\u00fcrste entfernt der C20 Roboterstaubsauger mit Saugstation effizient Schmutz, Kr\u00fcmel, Tierhaare und Ablagerungen. Hinweis: Die Leistung kann je nach Bodenart und Staubmenge variieren.<br \/>Mop MasterTM-Technologie: Mit 180 U\/min und 6 N Druck entfernt der Staubsaugerroboter Omni C20 mit Wischfunktion m\u00fchelos hartn\u00e4ckige Flecken. Das Ger\u00e4t reinigt parallel mit Seitenb\u00fcrste und Wischpads \u00fcber die App und steigert die Effizienz.<br \/>Pro-Detangle CombTM: Wenn Sie die B\u00fcrstenwalze nach hinten drehen, wird der Pro-Detangle CombTM aktiviert und entfernt verfilztes Haar. Dies gew\u00e4hrleistet eine optimale Leistung und minimiert den Wartungsaufwand.<br \/>Hinweis: Der eufy Omni C20 unterst\u00fctzt nur 2,4-GHz-WLAN. 5GHz wird nicht unterst\u00fctzt.<br \/>220-V-Spannung: Da die Netzspannung je nach Land und Region variiert, empfehlen wir den Kauf der f\u00fcr Ihren Standort passenden Ger\u00e4teversion.<\/p>\n<p>[ad_2]<\/p>\n","protected":false},"excerpt":{"rendered":"<p>Von der Marke Wann wird ein Haus zu einem echten Zuhause? Wenn es mit allem gef\u00fcllt ist, was man liebt und sch\u00e4tzt. Der Ort, an dem sich die Familie wohlf\u00fchlt. Seit 2016 steht das Zuhause im Mittelpunkt des eufy-Teams. eufy vereint unsere Expertise in intelligenter Reinigungstechnologie mit unserem Streben nach Exzellenz und setzt sich f\u00fcr [&hellip;]<\/p>\n","protected":false},"featured_media":1558,"comment_status":"open","ping_status":"closed","template":"","meta":{"_aipt_faq_data":""},"store":[],"product_brand":[185],"product_cat":[113],"product_tag":[310],"class_list":{"0":"post-1557","1":"product","2":"type-product","3":"status-publish","4":"has-post-thumbnail","6":"product_brand-eufy","7":"product_cat-ueberwachungsroboter","8":"product_tag-kabellose-ueberwachungsroboter-fuer-firma","10":"first","11":"instock","12":"sale","13":"shipping-taxable","14":"product-type-external"},"yoast_head":"<!-- This site is optimized with the Yoast SEO plugin v27.4 - https:\/\/yoast.com\/product\/yoast-seo-wordpress\/ -->\n<title>eufy Omni C20 Saugroboter mit All-in-One-Station, automatischer Entleerung, Autowasch- und Trocknungsfunktion, 7.000 Pa, 8,5 cm Design, Staubsaugerroboter mit Wischfunktion, Kindersicherung - EasyLifeBro<\/title>\n<meta name=\"description\" content=\"Entdecken Sie smarte Roboter f\u00fcr Zuhause, Garten, Bildung und Sicherheit. Vergleichen Sie Saugroboter, Rasenm\u00e4hroboter, KI-Begleitroboter und mehr bei EasyLifeRobo.\" \/>\n<meta name=\"robots\" content=\"index, follow, max-snippet:-1, max-image-preview:large, max-video-preview:-1\" \/>\n<link rel=\"canonical\" href=\"https:\/\/easyliferobo.com\/de\/product\/eufy-omni-c20-saugroboter-mit-all-in-one-station-automatischer-entleerung-autowasch-und-trocknungsfunktion-7-000-pa-85-cm-design-staubsaugerroboter-mit-wischfunktion-kindersicherung\/\" \/>\n<meta property=\"og:locale\" content=\"de_DE\" \/>\n<meta property=\"og:type\" content=\"article\" \/>\n<meta property=\"og:title\" content=\"eufy Omni C20 Saugroboter mit All-in-One-Station, automatischer Entleerung, Autowasch- und Trocknungsfunktion, 7.000 Pa, 8,5 cm Design, Staubsaugerroboter mit Wischfunktion, Kindersicherung - EasyLifeBro\" \/>\n<meta property=\"og:description\" content=\"Entdecken Sie smarte Roboter f\u00fcr Zuhause, Garten, Bildung und Sicherheit. Vergleichen Sie Saugroboter, Rasenm\u00e4hroboter, KI-Begleitroboter und mehr bei EasyLifeRobo.\" \/>\n<meta property=\"og:url\" content=\"https:\/\/easyliferobo.com\/de\/product\/eufy-omni-c20-saugroboter-mit-all-in-one-station-automatischer-entleerung-autowasch-und-trocknungsfunktion-7-000-pa-85-cm-design-staubsaugerroboter-mit-wischfunktion-kindersicherung\/\" \/>\n<meta property=\"og:site_name\" content=\"EasyLifeBro\" \/>\n<meta property=\"article:modified_time\" content=\"2026-02-23T03:35:59+00:00\" \/>\n<meta property=\"og:image\" content=\"https:\/\/easyliferobo.com\/de\/wp-content\/uploads\/2026\/02\/61eb6MMzyML._AC_SL1500_.jpg\" \/>\n\t<meta property=\"og:image:width\" content=\"1203\" \/>\n\t<meta property=\"og:image:height\" content=\"1347\" \/>\n\t<meta property=\"og:image:type\" content=\"image\/jpeg\" \/>\n<meta name=\"twitter:card\" content=\"summary_large_image\" \/>\n<meta name=\"twitter:label1\" content=\"Gesch\u00e4tzte Lesezeit\" \/>\n\t<meta name=\"twitter:data1\" content=\"1\u00a0Minute\" \/>\n<script type=\"application\/ld+json\" class=\"yoast-schema-graph\">{\"@context\":\"https:\\\/\\\/schema.org\",\"@graph\":[{\"@type\":\"WebPage\",\"@id\":\"https:\\\/\\\/easyliferobo.com\\\/de\\\/product\\\/eufy-omni-c20-saugroboter-mit-all-in-one-station-automatischer-entleerung-autowasch-und-trocknungsfunktion-7-000-pa-85-cm-design-staubsaugerroboter-mit-wischfunktion-kindersicherung\\\/\",\"url\":\"https:\\\/\\\/easyliferobo.com\\\/de\\\/product\\\/eufy-omni-c20-saugroboter-mit-all-in-one-station-automatischer-entleerung-autowasch-und-trocknungsfunktion-7-000-pa-85-cm-design-staubsaugerroboter-mit-wischfunktion-kindersicherung\\\/\",\"name\":\"eufy Omni C20 Saugroboter mit All-in-One-Station, automatischer Entleerung, Autowasch- und Trocknungsfunktion, 7.000 Pa, 8,5 cm Design, Staubsaugerroboter mit Wischfunktion, Kindersicherung - EasyLifeBro\",\"isPartOf\":{\"@id\":\"https:\\\/\\\/easyliferobo.com\\\/de\\\/#website\"},\"primaryImageOfPage\":{\"@id\":\"https:\\\/\\\/easyliferobo.com\\\/de\\\/product\\\/eufy-omni-c20-saugroboter-mit-all-in-one-station-automatischer-entleerung-autowasch-und-trocknungsfunktion-7-000-pa-85-cm-design-staubsaugerroboter-mit-wischfunktion-kindersicherung\\\/#primaryimage\"},\"image\":{\"@id\":\"https:\\\/\\\/easyliferobo.com\\\/de\\\/product\\\/eufy-omni-c20-saugroboter-mit-all-in-one-station-automatischer-entleerung-autowasch-und-trocknungsfunktion-7-000-pa-85-cm-design-staubsaugerroboter-mit-wischfunktion-kindersicherung\\\/#primaryimage\"},\"thumbnailUrl\":\"https:\\\/\\\/easyliferobo.com\\\/de\\\/wp-content\\\/uploads\\\/2026\\\/02\\\/61eb6MMzyML._AC_SL1500_.jpg\",\"datePublished\":\"2026-02-23T03:35:45+00:00\",\"dateModified\":\"2026-02-23T03:35:59+00:00\",\"description\":\"Entdecken Sie smarte Roboter f\u00fcr Zuhause, Garten, Bildung und Sicherheit. Vergleichen Sie Saugroboter, Rasenm\u00e4hroboter, KI-Begleitroboter und mehr bei EasyLifeRobo.\",\"breadcrumb\":{\"@id\":\"https:\\\/\\\/easyliferobo.com\\\/de\\\/product\\\/eufy-omni-c20-saugroboter-mit-all-in-one-station-automatischer-entleerung-autowasch-und-trocknungsfunktion-7-000-pa-85-cm-design-staubsaugerroboter-mit-wischfunktion-kindersicherung\\\/#breadcrumb\"},\"inLanguage\":\"de\",\"potentialAction\":[{\"@type\":\"ReadAction\",\"target\":[\"https:\\\/\\\/easyliferobo.com\\\/de\\\/product\\\/eufy-omni-c20-saugroboter-mit-all-in-one-station-automatischer-entleerung-autowasch-und-trocknungsfunktion-7-000-pa-85-cm-design-staubsaugerroboter-mit-wischfunktion-kindersicherung\\\/\"]}]},{\"@type\":\"ImageObject\",\"inLanguage\":\"de\",\"@id\":\"https:\\\/\\\/easyliferobo.com\\\/de\\\/product\\\/eufy-omni-c20-saugroboter-mit-all-in-one-station-automatischer-entleerung-autowasch-und-trocknungsfunktion-7-000-pa-85-cm-design-staubsaugerroboter-mit-wischfunktion-kindersicherung\\\/#primaryimage\",\"url\":\"https:\\\/\\\/easyliferobo.com\\\/de\\\/wp-content\\\/uploads\\\/2026\\\/02\\\/61eb6MMzyML._AC_SL1500_.jpg\",\"contentUrl\":\"https:\\\/\\\/easyliferobo.com\\\/de\\\/wp-content\\\/uploads\\\/2026\\\/02\\\/61eb6MMzyML._AC_SL1500_.jpg\",\"width\":1203,\"height\":1347},{\"@type\":\"BreadcrumbList\",\"@id\":\"https:\\\/\\\/easyliferobo.com\\\/de\\\/product\\\/eufy-omni-c20-saugroboter-mit-all-in-one-station-automatischer-entleerung-autowasch-und-trocknungsfunktion-7-000-pa-85-cm-design-staubsaugerroboter-mit-wischfunktion-kindersicherung\\\/#breadcrumb\",\"itemListElement\":[{\"@type\":\"ListItem\",\"position\":1,\"name\":\"Home\",\"item\":\"https:\\\/\\\/easyliferobo.com\\\/de\\\/\"},{\"@type\":\"ListItem\",\"position\":2,\"name\":\"Shop\",\"item\":\"https:\\\/\\\/easyliferobo.com\\\/de\\\/shop\\\/\"},{\"@type\":\"ListItem\",\"position\":3,\"name\":\"eufy Omni C20 Saugroboter mit All-i...\"}]},{\"@type\":\"WebSite\",\"@id\":\"https:\\\/\\\/easyliferobo.com\\\/de\\\/#website\",\"url\":\"https:\\\/\\\/easyliferobo.com\\\/de\\\/\",\"name\":\"EasyLifeBro\",\"description\":\"Smarte Roboter f\u00fcr Zuhause, Garten &amp; Bildung\",\"publisher\":{\"@id\":\"https:\\\/\\\/easyliferobo.com\\\/de\\\/#organization\"},\"potentialAction\":[{\"@type\":\"SearchAction\",\"target\":{\"@type\":\"EntryPoint\",\"urlTemplate\":\"https:\\\/\\\/easyliferobo.com\\\/de\\\/?s={search_term_string}\"},\"query-input\":{\"@type\":\"PropertyValueSpecification\",\"valueRequired\":true,\"valueName\":\"search_term_string\"}}],\"inLanguage\":\"de\"},{\"@type\":\"Organization\",\"@id\":\"https:\\\/\\\/easyliferobo.com\\\/de\\\/#organization\",\"name\":\"EasyLifeBro\",\"url\":\"https:\\\/\\\/easyliferobo.com\\\/de\\\/\",\"logo\":{\"@type\":\"ImageObject\",\"inLanguage\":\"de\",\"@id\":\"https:\\\/\\\/easyliferobo.com\\\/de\\\/#\\\/schema\\\/logo\\\/image\\\/\",\"url\":\"https:\\\/\\\/easyliferobo.com\\\/de\\\/wp-content\\\/uploads\\\/2026\\\/02\\\/Screenshot-2026-02-22-at-2.25.03-PM.png\",\"contentUrl\":\"https:\\\/\\\/easyliferobo.com\\\/de\\\/wp-content\\\/uploads\\\/2026\\\/02\\\/Screenshot-2026-02-22-at-2.25.03-PM.png\",\"width\":1858,\"height\":430,\"caption\":\"EasyLifeBro\"},\"image\":{\"@id\":\"https:\\\/\\\/easyliferobo.com\\\/de\\\/#\\\/schema\\\/logo\\\/image\\\/\"}}]}<\/script>\n<!-- \/ Yoast SEO plugin. -->","yoast_head_json":{"title":"eufy Omni C20 Saugroboter mit All-in-One-Station, automatischer Entleerung, Autowasch- und Trocknungsfunktion, 7.000 Pa, 8,5 cm Design, Staubsaugerroboter mit Wischfunktion, Kindersicherung - EasyLifeBro","description":"Entdecken Sie smarte Roboter f\u00fcr Zuhause, Garten, Bildung und Sicherheit. Vergleichen Sie Saugroboter, Rasenm\u00e4hroboter, KI-Begleitroboter und mehr bei EasyLifeRobo.","robots":{"index":"index","follow":"follow","max-snippet":"max-snippet:-1","max-image-preview":"max-image-preview:large","max-video-preview":"max-video-preview:-1"},"canonical":"https:\/\/easyliferobo.com\/de\/product\/eufy-omni-c20-saugroboter-mit-all-in-one-station-automatischer-entleerung-autowasch-und-trocknungsfunktion-7-000-pa-85-cm-design-staubsaugerroboter-mit-wischfunktion-kindersicherung\/","og_locale":"de_DE","og_type":"article","og_title":"eufy Omni C20 Saugroboter mit All-in-One-Station, automatischer Entleerung, Autowasch- und Trocknungsfunktion, 7.000 Pa, 8,5 cm Design, Staubsaugerroboter mit Wischfunktion, Kindersicherung - EasyLifeBro","og_description":"Entdecken Sie smarte Roboter f\u00fcr Zuhause, Garten, Bildung und Sicherheit. Vergleichen Sie Saugroboter, Rasenm\u00e4hroboter, KI-Begleitroboter und mehr bei EasyLifeRobo.","og_url":"https:\/\/easyliferobo.com\/de\/product\/eufy-omni-c20-saugroboter-mit-all-in-one-station-automatischer-entleerung-autowasch-und-trocknungsfunktion-7-000-pa-85-cm-design-staubsaugerroboter-mit-wischfunktion-kindersicherung\/","og_site_name":"EasyLifeBro","article_modified_time":"2026-02-23T03:35:59+00:00","og_image":[{"width":1203,"height":1347,"url":"https:\/\/easyliferobo.com\/de\/wp-content\/uploads\/2026\/02\/61eb6MMzyML._AC_SL1500_.jpg","type":"image\/jpeg"}],"twitter_card":"summary_large_image","twitter_misc":{"Gesch\u00e4tzte Lesezeit":"1\u00a0Minute"},"schema":{"@context":"https:\/\/schema.org","@graph":[{"@type":"WebPage","@id":"https:\/\/easyliferobo.com\/de\/product\/eufy-omni-c20-saugroboter-mit-all-in-one-station-automatischer-entleerung-autowasch-und-trocknungsfunktion-7-000-pa-85-cm-design-staubsaugerroboter-mit-wischfunktion-kindersicherung\/","url":"https:\/\/easyliferobo.com\/de\/product\/eufy-omni-c20-saugroboter-mit-all-in-one-station-automatischer-entleerung-autowasch-und-trocknungsfunktion-7-000-pa-85-cm-design-staubsaugerroboter-mit-wischfunktion-kindersicherung\/","name":"eufy Omni C20 Saugroboter mit All-in-One-Station, automatischer Entleerung, Autowasch- und Trocknungsfunktion, 7.000 Pa, 8,5 cm Design, Staubsaugerroboter mit Wischfunktion, Kindersicherung - EasyLifeBro","isPartOf":{"@id":"https:\/\/easyliferobo.com\/de\/#website"},"primaryImageOfPage":{"@id":"https:\/\/easyliferobo.com\/de\/product\/eufy-omni-c20-saugroboter-mit-all-in-one-station-automatischer-entleerung-autowasch-und-trocknungsfunktion-7-000-pa-85-cm-design-staubsaugerroboter-mit-wischfunktion-kindersicherung\/#primaryimage"},"image":{"@id":"https:\/\/easyliferobo.com\/de\/product\/eufy-omni-c20-saugroboter-mit-all-in-one-station-automatischer-entleerung-autowasch-und-trocknungsfunktion-7-000-pa-85-cm-design-staubsaugerroboter-mit-wischfunktion-kindersicherung\/#primaryimage"},"thumbnailUrl":"https:\/\/easyliferobo.com\/de\/wp-content\/uploads\/2026\/02\/61eb6MMzyML._AC_SL1500_.jpg","datePublished":"2026-02-23T03:35:45+00:00","dateModified":"2026-02-23T03:35:59+00:00","description":"Entdecken Sie smarte Roboter f\u00fcr Zuhause, Garten, Bildung und Sicherheit. Vergleichen Sie Saugroboter, Rasenm\u00e4hroboter, KI-Begleitroboter und mehr bei EasyLifeRobo.","breadcrumb":{"@id":"https:\/\/easyliferobo.com\/de\/product\/eufy-omni-c20-saugroboter-mit-all-in-one-station-automatischer-entleerung-autowasch-und-trocknungsfunktion-7-000-pa-85-cm-design-staubsaugerroboter-mit-wischfunktion-kindersicherung\/#breadcrumb"},"inLanguage":"de","potentialAction":[{"@type":"ReadAction","target":["https:\/\/easyliferobo.com\/de\/product\/eufy-omni-c20-saugroboter-mit-all-in-one-station-automatischer-entleerung-autowasch-und-trocknungsfunktion-7-000-pa-85-cm-design-staubsaugerroboter-mit-wischfunktion-kindersicherung\/"]}]},{"@type":"ImageObject","inLanguage":"de","@id":"https:\/\/easyliferobo.com\/de\/product\/eufy-omni-c20-saugroboter-mit-all-in-one-station-automatischer-entleerung-autowasch-und-trocknungsfunktion-7-000-pa-85-cm-design-staubsaugerroboter-mit-wischfunktion-kindersicherung\/#primaryimage","url":"https:\/\/easyliferobo.com\/de\/wp-content\/uploads\/2026\/02\/61eb6MMzyML._AC_SL1500_.jpg","contentUrl":"https:\/\/easyliferobo.com\/de\/wp-content\/uploads\/2026\/02\/61eb6MMzyML._AC_SL1500_.jpg","width":1203,"height":1347},{"@type":"BreadcrumbList","@id":"https:\/\/easyliferobo.com\/de\/product\/eufy-omni-c20-saugroboter-mit-all-in-one-station-automatischer-entleerung-autowasch-und-trocknungsfunktion-7-000-pa-85-cm-design-staubsaugerroboter-mit-wischfunktion-kindersicherung\/#breadcrumb","itemListElement":[{"@type":"ListItem","position":1,"name":"Home","item":"https:\/\/easyliferobo.com\/de\/"},{"@type":"ListItem","position":2,"name":"Shop","item":"https:\/\/easyliferobo.com\/de\/shop\/"},{"@type":"ListItem","position":3,"name":"eufy Omni C20 Saugroboter mit All-i..."}]},{"@type":"WebSite","@id":"https:\/\/easyliferobo.com\/de\/#website","url":"https:\/\/easyliferobo.com\/de\/","name":"EasyLifeBro","description":"Smarte Roboter f\u00fcr Zuhause, Garten &amp; Bildung","publisher":{"@id":"https:\/\/easyliferobo.com\/de\/#organization"},"potentialAction":[{"@type":"SearchAction","target":{"@type":"EntryPoint","urlTemplate":"https:\/\/easyliferobo.com\/de\/?s={search_term_string}"},"query-input":{"@type":"PropertyValueSpecification","valueRequired":true,"valueName":"search_term_string"}}],"inLanguage":"de"},{"@type":"Organization","@id":"https:\/\/easyliferobo.com\/de\/#organization","name":"EasyLifeBro","url":"https:\/\/easyliferobo.com\/de\/","logo":{"@type":"ImageObject","inLanguage":"de","@id":"https:\/\/easyliferobo.com\/de\/#\/schema\/logo\/image\/","url":"https:\/\/easyliferobo.com\/de\/wp-content\/uploads\/2026\/02\/Screenshot-2026-02-22-at-2.25.03-PM.png","contentUrl":"https:\/\/easyliferobo.com\/de\/wp-content\/uploads\/2026\/02\/Screenshot-2026-02-22-at-2.25.03-PM.png","width":1858,"height":430,"caption":"EasyLifeBro"},"image":{"@id":"https:\/\/easyliferobo.com\/de\/#\/schema\/logo\/image\/"}}]}},"_links":{"self":[{"href":"https:\/\/easyliferobo.com\/de\/wp-json\/wp\/v2\/product\/1557","targetHints":{"allow":["GET"]}}],"collection":[{"href":"https:\/\/easyliferobo.com\/de\/wp-json\/wp\/v2\/product"}],"about":[{"href":"https:\/\/easyliferobo.com\/de\/wp-json\/wp\/v2\/types\/product"}],"replies":[{"embeddable":true,"href":"https:\/\/easyliferobo.com\/de\/wp-json\/wp\/v2\/comments?post=1557"}],"wp:featuredmedia":[{"embeddable":true,"href":"https:\/\/easyliferobo.com\/de\/wp-json\/wp\/v2\/media\/1558"}],"wp:attachment":[{"href":"https:\/\/easyliferobo.com\/de\/wp-json\/wp\/v2\/media?parent=1557"}],"wp:term":[{"taxonomy":"store","embeddable":true,"href":"https:\/\/easyliferobo.com\/de\/wp-json\/wp\/v2\/store?post=1557"},{"taxonomy":"product_brand","embeddable":true,"href":"https:\/\/easyliferobo.com\/de\/wp-json\/wp\/v2\/product_brand?post=1557"},{"taxonomy":"product_cat","embeddable":true,"href":"https:\/\/easyliferobo.com\/de\/wp-json\/wp\/v2\/product_cat?post=1557"},{"taxonomy":"product_tag","embeddable":true,"href":"https:\/\/easyliferobo.com\/de\/wp-json\/wp\/v2\/product_tag?post=1557"}],"curies":[{"name":"wp","href":"https:\/\/api.w.org\/{rel}","templated":true}]}}