
{"id":1551,"date":"2026-02-23T03:33:48","date_gmt":"2026-02-23T03:33:48","guid":{"rendered":"https:\/\/easyliferobo.com\/de\/product\/mf7015v2-buerstenlos-mikromotor-inspektionsroboter-ausbalanciertes-fahrzeug-drehteller-rohr-mit-raedern-klemmbacke-motor-ohne-treiber\/"},"modified":"2026-02-23T03:34:00","modified_gmt":"2026-02-23T03:34:00","slug":"mf7015v2-buerstenlos-mikromotor-inspektionsroboter-ausbalanciertes-fahrzeug-drehteller-rohr-mit-raedern-klemmbacke-motor-ohne-treiber","status":"publish","type":"product","link":"https:\/\/easyliferobo.com\/de\/product\/mf7015v2-buerstenlos-mikromotor-inspektionsroboter-ausbalanciertes-fahrzeug-drehteller-rohr-mit-raedern-klemmbacke-motor-ohne-treiber\/","title":{"rendered":"MF7015v2, b\u00fcrstenlos, Mikromotor, ..."},"content":{"rendered":"<p>    <span>========== <br \/>Besonders besorgniserregende Chemikalie \u2013 Keine <br \/>Farbe: Schwarz. <br \/>Drehmoment: 0,61\u20132,1 Nm <br \/>Verwendung: Boot, Ventilator, Haushaltsger\u00e4te. <br \/>Modellnummer: MF7015v2 <br \/>Dauerstrom (A): 8,3 A oder 3,62 A oder 1,93 A <br \/>Aufbau: Permanentmagnet <br \/>Typ: Servomotor. <br \/>Schutzmerkmale: Vollst\u00e4ndig geschlossen <br \/>Kommutierung: b\u00fcrstenlos. <br \/>Ausgangsspannung: 330 W oder 75 W oder 24,5 W<\/span>    <br \/>Arbeitet mit einer b\u00fcrstenlosen Struktur, die zu einem reibungslosen Lauf und einer langfristigen Bedienbarkeit in verschiedenen Anwendungen beitr\u00e4gt.<br \/>Durch das kompakte Design im Mikroformat eignet es sich f\u00fcr den Einbau in Ger\u00e4te mit geringem Platzbedarf, ohne \u00fcberm\u00e4\u00dfigen Platzbedarf zu beanspruchen.<br \/>Vielf\u00e4ltige Kompatibilit\u00e4t mit Inspektionsrobotern, Auswuchtfahrzeugen, Drehtischen, Rollenrohren und Spannbacken.<br \/>Bietet eine stabile Ausgangsleistung zur Unterst\u00fctzung des normalen Betriebs verschiedener Arten mechanischer Ger\u00e4te.<br \/>Die Leichtbauweise tr\u00e4gt dazu bei, das Gesamtgewicht der ausgestatteten Produkte zu reduzieren und so die Einsatzflexibilit\u00e4t zu verbessern.<\/p>\n<p>[ad_2]<\/p>\n","protected":false},"excerpt":{"rendered":"<p>========== Besonders besorgniserregende Chemikalie \u2013 Keine Farbe: Schwarz. Drehmoment: 0,61\u20132,1 Nm Verwendung: Boot, Ventilator, Haushaltsger\u00e4te. Modellnummer: MF7015v2 Dauerstrom (A): 8,3 A oder 3,62 A oder 1,93 A Aufbau: Permanentmagnet Typ: Servomotor. Schutzmerkmale: Vollst\u00e4ndig geschlossen Kommutierung: b\u00fcrstenlos. Ausgangsspannung: 330 W oder 75 W oder 24,5 W Arbeitet mit einer b\u00fcrstenlosen Struktur, die zu einem reibungslosen Lauf [&hellip;]<\/p>\n","protected":false},"featured_media":1552,"comment_status":"open","ping_status":"closed","template":"","meta":{"_aipt_faq_data":""},"store":[],"product_brand":[],"product_cat":[114],"product_tag":[153],"class_list":{"0":"post-1551","1":"product","2":"type-product","3":"status-publish","4":"has-post-thumbnail","6":"product_cat-inspektionsroboter","7":"product_tag-inspektionsroboter-fuer-rohre","9":"first","10":"instock","11":"shipping-taxable","12":"product-type-external"},"yoast_head":"<!-- This site is optimized with the Yoast SEO plugin v27.4 - https:\/\/yoast.com\/product\/yoast-seo-wordpress\/ -->\n<title>MF7015v2, b\u00fcrstenlos, Mikromotor, Inspektionsroboter, ausbalanciertes Fahrzeug, Drehteller, Rohr mit R\u00e4dern, Klemmbacke (Motor ohne Treiber) - EasyLifeBro<\/title>\n<meta name=\"description\" content=\"Entdecken Sie smarte Roboter f\u00fcr Zuhause, Garten, Bildung und Sicherheit. Vergleichen Sie Saugroboter, Rasenm\u00e4hroboter, KI-Begleitroboter und mehr bei EasyLifeRobo.\" \/>\n<meta name=\"robots\" content=\"index, follow, max-snippet:-1, max-image-preview:large, max-video-preview:-1\" \/>\n<link rel=\"canonical\" href=\"https:\/\/easyliferobo.com\/de\/product\/mf7015v2-buerstenlos-mikromotor-inspektionsroboter-ausbalanciertes-fahrzeug-drehteller-rohr-mit-raedern-klemmbacke-motor-ohne-treiber\/\" \/>\n<meta property=\"og:locale\" content=\"de_DE\" \/>\n<meta property=\"og:type\" content=\"article\" \/>\n<meta property=\"og:title\" content=\"MF7015v2, b\u00fcrstenlos, Mikromotor, Inspektionsroboter, ausbalanciertes Fahrzeug, Drehteller, Rohr mit R\u00e4dern, Klemmbacke (Motor ohne Treiber) - EasyLifeBro\" \/>\n<meta property=\"og:description\" content=\"Entdecken Sie smarte Roboter f\u00fcr Zuhause, Garten, Bildung und Sicherheit. Vergleichen Sie Saugroboter, Rasenm\u00e4hroboter, KI-Begleitroboter und mehr bei EasyLifeRobo.\" \/>\n<meta property=\"og:url\" content=\"https:\/\/easyliferobo.com\/de\/product\/mf7015v2-buerstenlos-mikromotor-inspektionsroboter-ausbalanciertes-fahrzeug-drehteller-rohr-mit-raedern-klemmbacke-motor-ohne-treiber\/\" \/>\n<meta property=\"og:site_name\" content=\"EasyLifeBro\" \/>\n<meta property=\"article:modified_time\" content=\"2026-02-23T03:34:00+00:00\" \/>\n<meta property=\"og:image\" content=\"https:\/\/easyliferobo.com\/de\/wp-content\/uploads\/2026\/02\/51q20I7YPYL._SL1500_.jpg\" \/>\n\t<meta property=\"og:image:width\" content=\"1500\" \/>\n\t<meta property=\"og:image:height\" content=\"1500\" \/>\n\t<meta property=\"og:image:type\" content=\"image\/jpeg\" \/>\n<meta name=\"twitter:card\" content=\"summary_large_image\" \/>\n<meta name=\"twitter:label1\" content=\"Gesch\u00e4tzte Lesezeit\" \/>\n\t<meta name=\"twitter:data1\" content=\"1\u00a0Minute\" \/>\n<script type=\"application\/ld+json\" class=\"yoast-schema-graph\">{\"@context\":\"https:\\\/\\\/schema.org\",\"@graph\":[{\"@type\":\"WebPage\",\"@id\":\"https:\\\/\\\/easyliferobo.com\\\/de\\\/product\\\/mf7015v2-buerstenlos-mikromotor-inspektionsroboter-ausbalanciertes-fahrzeug-drehteller-rohr-mit-raedern-klemmbacke-motor-ohne-treiber\\\/\",\"url\":\"https:\\\/\\\/easyliferobo.com\\\/de\\\/product\\\/mf7015v2-buerstenlos-mikromotor-inspektionsroboter-ausbalanciertes-fahrzeug-drehteller-rohr-mit-raedern-klemmbacke-motor-ohne-treiber\\\/\",\"name\":\"MF7015v2, b\u00fcrstenlos, Mikromotor, Inspektionsroboter, ausbalanciertes Fahrzeug, Drehteller, Rohr mit R\u00e4dern, Klemmbacke (Motor ohne Treiber) - EasyLifeBro\",\"isPartOf\":{\"@id\":\"https:\\\/\\\/easyliferobo.com\\\/de\\\/#website\"},\"primaryImageOfPage\":{\"@id\":\"https:\\\/\\\/easyliferobo.com\\\/de\\\/product\\\/mf7015v2-buerstenlos-mikromotor-inspektionsroboter-ausbalanciertes-fahrzeug-drehteller-rohr-mit-raedern-klemmbacke-motor-ohne-treiber\\\/#primaryimage\"},\"image\":{\"@id\":\"https:\\\/\\\/easyliferobo.com\\\/de\\\/product\\\/mf7015v2-buerstenlos-mikromotor-inspektionsroboter-ausbalanciertes-fahrzeug-drehteller-rohr-mit-raedern-klemmbacke-motor-ohne-treiber\\\/#primaryimage\"},\"thumbnailUrl\":\"https:\\\/\\\/easyliferobo.com\\\/de\\\/wp-content\\\/uploads\\\/2026\\\/02\\\/51q20I7YPYL._SL1500_.jpg\",\"datePublished\":\"2026-02-23T03:33:48+00:00\",\"dateModified\":\"2026-02-23T03:34:00+00:00\",\"description\":\"Entdecken Sie smarte Roboter f\u00fcr Zuhause, Garten, Bildung und Sicherheit. Vergleichen Sie Saugroboter, Rasenm\u00e4hroboter, KI-Begleitroboter und mehr bei EasyLifeRobo.\",\"breadcrumb\":{\"@id\":\"https:\\\/\\\/easyliferobo.com\\\/de\\\/product\\\/mf7015v2-buerstenlos-mikromotor-inspektionsroboter-ausbalanciertes-fahrzeug-drehteller-rohr-mit-raedern-klemmbacke-motor-ohne-treiber\\\/#breadcrumb\"},\"inLanguage\":\"de\",\"potentialAction\":[{\"@type\":\"ReadAction\",\"target\":[\"https:\\\/\\\/easyliferobo.com\\\/de\\\/product\\\/mf7015v2-buerstenlos-mikromotor-inspektionsroboter-ausbalanciertes-fahrzeug-drehteller-rohr-mit-raedern-klemmbacke-motor-ohne-treiber\\\/\"]}]},{\"@type\":\"ImageObject\",\"inLanguage\":\"de\",\"@id\":\"https:\\\/\\\/easyliferobo.com\\\/de\\\/product\\\/mf7015v2-buerstenlos-mikromotor-inspektionsroboter-ausbalanciertes-fahrzeug-drehteller-rohr-mit-raedern-klemmbacke-motor-ohne-treiber\\\/#primaryimage\",\"url\":\"https:\\\/\\\/easyliferobo.com\\\/de\\\/wp-content\\\/uploads\\\/2026\\\/02\\\/51q20I7YPYL._SL1500_.jpg\",\"contentUrl\":\"https:\\\/\\\/easyliferobo.com\\\/de\\\/wp-content\\\/uploads\\\/2026\\\/02\\\/51q20I7YPYL._SL1500_.jpg\",\"width\":1500,\"height\":1500},{\"@type\":\"BreadcrumbList\",\"@id\":\"https:\\\/\\\/easyliferobo.com\\\/de\\\/product\\\/mf7015v2-buerstenlos-mikromotor-inspektionsroboter-ausbalanciertes-fahrzeug-drehteller-rohr-mit-raedern-klemmbacke-motor-ohne-treiber\\\/#breadcrumb\",\"itemListElement\":[{\"@type\":\"ListItem\",\"position\":1,\"name\":\"Home\",\"item\":\"https:\\\/\\\/easyliferobo.com\\\/de\\\/\"},{\"@type\":\"ListItem\",\"position\":2,\"name\":\"Shop\",\"item\":\"https:\\\/\\\/easyliferobo.com\\\/de\\\/shop\\\/\"},{\"@type\":\"ListItem\",\"position\":3,\"name\":\"MF7015v2, b\u00fcrstenlos, Mikromotor, ...\"}]},{\"@type\":\"WebSite\",\"@id\":\"https:\\\/\\\/easyliferobo.com\\\/de\\\/#website\",\"url\":\"https:\\\/\\\/easyliferobo.com\\\/de\\\/\",\"name\":\"EasyLifeBro\",\"description\":\"Smarte Roboter f\u00fcr Zuhause, Garten &amp; Bildung\",\"publisher\":{\"@id\":\"https:\\\/\\\/easyliferobo.com\\\/de\\\/#organization\"},\"potentialAction\":[{\"@type\":\"SearchAction\",\"target\":{\"@type\":\"EntryPoint\",\"urlTemplate\":\"https:\\\/\\\/easyliferobo.com\\\/de\\\/?s={search_term_string}\"},\"query-input\":{\"@type\":\"PropertyValueSpecification\",\"valueRequired\":true,\"valueName\":\"search_term_string\"}}],\"inLanguage\":\"de\"},{\"@type\":\"Organization\",\"@id\":\"https:\\\/\\\/easyliferobo.com\\\/de\\\/#organization\",\"name\":\"EasyLifeBro\",\"url\":\"https:\\\/\\\/easyliferobo.com\\\/de\\\/\",\"logo\":{\"@type\":\"ImageObject\",\"inLanguage\":\"de\",\"@id\":\"https:\\\/\\\/easyliferobo.com\\\/de\\\/#\\\/schema\\\/logo\\\/image\\\/\",\"url\":\"https:\\\/\\\/easyliferobo.com\\\/de\\\/wp-content\\\/uploads\\\/2026\\\/02\\\/Screenshot-2026-02-22-at-2.25.03-PM.png\",\"contentUrl\":\"https:\\\/\\\/easyliferobo.com\\\/de\\\/wp-content\\\/uploads\\\/2026\\\/02\\\/Screenshot-2026-02-22-at-2.25.03-PM.png\",\"width\":1858,\"height\":430,\"caption\":\"EasyLifeBro\"},\"image\":{\"@id\":\"https:\\\/\\\/easyliferobo.com\\\/de\\\/#\\\/schema\\\/logo\\\/image\\\/\"}}]}<\/script>\n<!-- \/ Yoast SEO plugin. -->","yoast_head_json":{"title":"MF7015v2, b\u00fcrstenlos, Mikromotor, Inspektionsroboter, ausbalanciertes Fahrzeug, Drehteller, Rohr mit R\u00e4dern, Klemmbacke (Motor ohne Treiber) - EasyLifeBro","description":"Entdecken Sie smarte Roboter f\u00fcr Zuhause, Garten, Bildung und Sicherheit. Vergleichen Sie Saugroboter, Rasenm\u00e4hroboter, KI-Begleitroboter und mehr bei EasyLifeRobo.","robots":{"index":"index","follow":"follow","max-snippet":"max-snippet:-1","max-image-preview":"max-image-preview:large","max-video-preview":"max-video-preview:-1"},"canonical":"https:\/\/easyliferobo.com\/de\/product\/mf7015v2-buerstenlos-mikromotor-inspektionsroboter-ausbalanciertes-fahrzeug-drehteller-rohr-mit-raedern-klemmbacke-motor-ohne-treiber\/","og_locale":"de_DE","og_type":"article","og_title":"MF7015v2, b\u00fcrstenlos, Mikromotor, Inspektionsroboter, ausbalanciertes Fahrzeug, Drehteller, Rohr mit R\u00e4dern, Klemmbacke (Motor ohne Treiber) - EasyLifeBro","og_description":"Entdecken Sie smarte Roboter f\u00fcr Zuhause, Garten, Bildung und Sicherheit. Vergleichen Sie Saugroboter, Rasenm\u00e4hroboter, KI-Begleitroboter und mehr bei EasyLifeRobo.","og_url":"https:\/\/easyliferobo.com\/de\/product\/mf7015v2-buerstenlos-mikromotor-inspektionsroboter-ausbalanciertes-fahrzeug-drehteller-rohr-mit-raedern-klemmbacke-motor-ohne-treiber\/","og_site_name":"EasyLifeBro","article_modified_time":"2026-02-23T03:34:00+00:00","og_image":[{"width":1500,"height":1500,"url":"https:\/\/easyliferobo.com\/de\/wp-content\/uploads\/2026\/02\/51q20I7YPYL._SL1500_.jpg","type":"image\/jpeg"}],"twitter_card":"summary_large_image","twitter_misc":{"Gesch\u00e4tzte Lesezeit":"1\u00a0Minute"},"schema":{"@context":"https:\/\/schema.org","@graph":[{"@type":"WebPage","@id":"https:\/\/easyliferobo.com\/de\/product\/mf7015v2-buerstenlos-mikromotor-inspektionsroboter-ausbalanciertes-fahrzeug-drehteller-rohr-mit-raedern-klemmbacke-motor-ohne-treiber\/","url":"https:\/\/easyliferobo.com\/de\/product\/mf7015v2-buerstenlos-mikromotor-inspektionsroboter-ausbalanciertes-fahrzeug-drehteller-rohr-mit-raedern-klemmbacke-motor-ohne-treiber\/","name":"MF7015v2, b\u00fcrstenlos, Mikromotor, Inspektionsroboter, ausbalanciertes Fahrzeug, Drehteller, Rohr mit R\u00e4dern, Klemmbacke (Motor ohne Treiber) - EasyLifeBro","isPartOf":{"@id":"https:\/\/easyliferobo.com\/de\/#website"},"primaryImageOfPage":{"@id":"https:\/\/easyliferobo.com\/de\/product\/mf7015v2-buerstenlos-mikromotor-inspektionsroboter-ausbalanciertes-fahrzeug-drehteller-rohr-mit-raedern-klemmbacke-motor-ohne-treiber\/#primaryimage"},"image":{"@id":"https:\/\/easyliferobo.com\/de\/product\/mf7015v2-buerstenlos-mikromotor-inspektionsroboter-ausbalanciertes-fahrzeug-drehteller-rohr-mit-raedern-klemmbacke-motor-ohne-treiber\/#primaryimage"},"thumbnailUrl":"https:\/\/easyliferobo.com\/de\/wp-content\/uploads\/2026\/02\/51q20I7YPYL._SL1500_.jpg","datePublished":"2026-02-23T03:33:48+00:00","dateModified":"2026-02-23T03:34:00+00:00","description":"Entdecken Sie smarte Roboter f\u00fcr Zuhause, Garten, Bildung und Sicherheit. Vergleichen Sie Saugroboter, Rasenm\u00e4hroboter, KI-Begleitroboter und mehr bei EasyLifeRobo.","breadcrumb":{"@id":"https:\/\/easyliferobo.com\/de\/product\/mf7015v2-buerstenlos-mikromotor-inspektionsroboter-ausbalanciertes-fahrzeug-drehteller-rohr-mit-raedern-klemmbacke-motor-ohne-treiber\/#breadcrumb"},"inLanguage":"de","potentialAction":[{"@type":"ReadAction","target":["https:\/\/easyliferobo.com\/de\/product\/mf7015v2-buerstenlos-mikromotor-inspektionsroboter-ausbalanciertes-fahrzeug-drehteller-rohr-mit-raedern-klemmbacke-motor-ohne-treiber\/"]}]},{"@type":"ImageObject","inLanguage":"de","@id":"https:\/\/easyliferobo.com\/de\/product\/mf7015v2-buerstenlos-mikromotor-inspektionsroboter-ausbalanciertes-fahrzeug-drehteller-rohr-mit-raedern-klemmbacke-motor-ohne-treiber\/#primaryimage","url":"https:\/\/easyliferobo.com\/de\/wp-content\/uploads\/2026\/02\/51q20I7YPYL._SL1500_.jpg","contentUrl":"https:\/\/easyliferobo.com\/de\/wp-content\/uploads\/2026\/02\/51q20I7YPYL._SL1500_.jpg","width":1500,"height":1500},{"@type":"BreadcrumbList","@id":"https:\/\/easyliferobo.com\/de\/product\/mf7015v2-buerstenlos-mikromotor-inspektionsroboter-ausbalanciertes-fahrzeug-drehteller-rohr-mit-raedern-klemmbacke-motor-ohne-treiber\/#breadcrumb","itemListElement":[{"@type":"ListItem","position":1,"name":"Home","item":"https:\/\/easyliferobo.com\/de\/"},{"@type":"ListItem","position":2,"name":"Shop","item":"https:\/\/easyliferobo.com\/de\/shop\/"},{"@type":"ListItem","position":3,"name":"MF7015v2, b\u00fcrstenlos, Mikromotor, ..."}]},{"@type":"WebSite","@id":"https:\/\/easyliferobo.com\/de\/#website","url":"https:\/\/easyliferobo.com\/de\/","name":"EasyLifeBro","description":"Smarte Roboter f\u00fcr Zuhause, Garten &amp; Bildung","publisher":{"@id":"https:\/\/easyliferobo.com\/de\/#organization"},"potentialAction":[{"@type":"SearchAction","target":{"@type":"EntryPoint","urlTemplate":"https:\/\/easyliferobo.com\/de\/?s={search_term_string}"},"query-input":{"@type":"PropertyValueSpecification","valueRequired":true,"valueName":"search_term_string"}}],"inLanguage":"de"},{"@type":"Organization","@id":"https:\/\/easyliferobo.com\/de\/#organization","name":"EasyLifeBro","url":"https:\/\/easyliferobo.com\/de\/","logo":{"@type":"ImageObject","inLanguage":"de","@id":"https:\/\/easyliferobo.com\/de\/#\/schema\/logo\/image\/","url":"https:\/\/easyliferobo.com\/de\/wp-content\/uploads\/2026\/02\/Screenshot-2026-02-22-at-2.25.03-PM.png","contentUrl":"https:\/\/easyliferobo.com\/de\/wp-content\/uploads\/2026\/02\/Screenshot-2026-02-22-at-2.25.03-PM.png","width":1858,"height":430,"caption":"EasyLifeBro"},"image":{"@id":"https:\/\/easyliferobo.com\/de\/#\/schema\/logo\/image\/"}}]}},"_links":{"self":[{"href":"https:\/\/easyliferobo.com\/de\/wp-json\/wp\/v2\/product\/1551","targetHints":{"allow":["GET"]}}],"collection":[{"href":"https:\/\/easyliferobo.com\/de\/wp-json\/wp\/v2\/product"}],"about":[{"href":"https:\/\/easyliferobo.com\/de\/wp-json\/wp\/v2\/types\/product"}],"replies":[{"embeddable":true,"href":"https:\/\/easyliferobo.com\/de\/wp-json\/wp\/v2\/comments?post=1551"}],"wp:featuredmedia":[{"embeddable":true,"href":"https:\/\/easyliferobo.com\/de\/wp-json\/wp\/v2\/media\/1552"}],"wp:attachment":[{"href":"https:\/\/easyliferobo.com\/de\/wp-json\/wp\/v2\/media?parent=1551"}],"wp:term":[{"taxonomy":"store","embeddable":true,"href":"https:\/\/easyliferobo.com\/de\/wp-json\/wp\/v2\/store?post=1551"},{"taxonomy":"product_brand","embeddable":true,"href":"https:\/\/easyliferobo.com\/de\/wp-json\/wp\/v2\/product_brand?post=1551"},{"taxonomy":"product_cat","embeddable":true,"href":"https:\/\/easyliferobo.com\/de\/wp-json\/wp\/v2\/product_cat?post=1551"},{"taxonomy":"product_tag","embeddable":true,"href":"https:\/\/easyliferobo.com\/de\/wp-json\/wp\/v2\/product_tag?post=1551"}],"curies":[{"name":"wp","href":"https:\/\/api.w.org\/{rel}","templated":true}]}}