
{"id":1536,"date":"2026-02-23T03:32:36","date_gmt":"2026-02-23T03:32:36","guid":{"rendered":"https:\/\/easyliferobo.com\/de\/product\/theben-1010506\/"},"modified":"2026-02-23T03:32:46","modified_gmt":"2026-02-23T03:32:46","slug":"theben-1010506","status":"publish","type":"product","link":"https:\/\/easyliferobo.com\/de\/product\/theben-1010506\/","title":{"rendered":"Theben 1010506"},"content":{"rendered":"<p>\n                                             Produktbeschreibung   <\/p>\n<p>                                                         <img decoding=\"async\" alt=\"Head_theLuxa S_\" src=\"https:\/\/images-na.ssl-images-amazon.com\/images\/G\/01\/x-locale\/common\/grey-pixel.gif\" class=\"a-lazy-loaded\" data-src=\"https:\/\/m.media-amazon.com\/images\/S\/aplus-media-library-service-media\/6e9dd45d-e085-4b2f-b477-e7a1ef15022c._CR0,0,1337,401_PT0_SX600__.jpg\"><img decoding=\"async\" alt=\"Head_theLuxa S_\" src=\"https:\/\/m.media-amazon.com\/images\/S\/aplus-media-library-service-media\/6e9dd45d-e085-4b2f-b477-e7a1ef15022c._CR0,0,1337,401_PT0_SX600__.jpg\">      <\/p>\n<p>  Eine klare Linie \u2013 Bewegungsmelder theLuxa S und P <\/p>\n<p>  Sie tragen wesentlich zur Energieeinsparung sowie zur Erh\u00f6hung von Komfort und Sicherheit bei. Das Licht wird automatisch und nur dann eingeschaltet, wenn es ben\u00f6tigt wird. theLuxa zeigt sich immer von seiner besten Seite \u2013 ob als wei\u00dfe (WH) oder schwarze (BK) Variante. An welcher Wand auch immer. Und dank des Drehgelenks einiger Varianten sogar an der Decke. <\/p>\n<h3 class=\"a-spacing-small\">  Highlights theLuxa S und theLuxa P <\/h3>\n<p class=\"apm-text-center\">\n                                                      <img decoding=\"async\" alt=\"Clevere Teach-in-Funktion\" src=\"https:\/\/images-na.ssl-images-amazon.com\/images\/G\/01\/x-locale\/common\/grey-pixel.gif\" class=\"a-lazy-loaded\" data-src=\"https:\/\/m.media-amazon.com\/images\/S\/aplus-media-library-service-media\/9d0e393e-7cbc-4269-91b8-9c551d451b00._CR0,0,500,500_PT0_SX220__.jpg\"><img decoding=\"async\" alt=\"Clevere Teach-in-Funktion\" src=\"https:\/\/m.media-amazon.com\/images\/S\/aplus-media-library-service-media\/9d0e393e-7cbc-4269-91b8-9c551d451b00._CR0,0,500,500_PT0_SX220__.jpg\">  <\/p>\n<p>                                                    Clevere Teach-in-Funktion                                     <\/p>\n<p class=\"a-size-small\"> F\u00fcr die Leuchte Ihrer Wahl ben\u00f6tigen Sie kein Fachwissen, sondern nur ein schnelles H\u00e4ndchen. Mit der Teach-in-Funktion haben Sie den aktuellen Lux-Wert schneller gespeichert, wenn sich die Lichtverh\u00e4ltnisse \u00e4ndern. <\/p>\n<p class=\"apm-text-center\">\n                                                      <img decoding=\"async\" alt=\"Praktische Testfunktion\" src=\"https:\/\/images-na.ssl-images-amazon.com\/images\/G\/01\/x-locale\/common\/grey-pixel.gif\" class=\"a-lazy-loaded\" data-src=\"https:\/\/m.media-amazon.com\/images\/S\/aplus-media-library-service-media\/e15f0fb6-31ad-4d98-951d-7f8b6164497d._CR0,0,500,500_PT0_SX220__.jpg\"><img decoding=\"async\" alt=\"Praktische Testfunktion\" src=\"https:\/\/m.media-amazon.com\/images\/S\/aplus-media-library-service-media\/e15f0fb6-31ad-4d98-951d-7f8b6164497d._CR0,0,500,500_PT0_SX220__.jpg\">  <\/p>\n<p>                                                    Praktische Testfunktion                                     <\/p>\n<p class=\"a-size-small\"> Die Testfunktion hilft Ihnen, den Erfassungsbereich direkt nach der Installation zu ermitteln, anzupassen und zu optimieren. Und das auch bei Tageslicht und Sonnenschein. <\/p>\n<p class=\"apm-text-center\">\n                                                      <img decoding=\"async\" alt=\"Nulldurchgangsschaltung\" src=\"https:\/\/images-na.ssl-images-amazon.com\/images\/G\/01\/x-locale\/common\/grey-pixel.gif\" class=\"a-lazy-loaded\" data-src=\"https:\/\/m.media-amazon.com\/images\/S\/aplus-media-library-service-media\/d1e04dbe-a01f-49d4-974f-75eaf3c331bb._CR0,0,500,500_PT0_SX220__.jpg\"><img decoding=\"async\" alt=\"Nulldurchgangsschaltung\" src=\"https:\/\/m.media-amazon.com\/images\/S\/aplus-media-library-service-media\/d1e04dbe-a01f-49d4-974f-75eaf3c331bb._CR0,0,500,500_PT0_SX220__.jpg\">  <\/p>\n<p>                                                    Nulldurchgangsschaltung                                      <\/p>\n<p class=\"a-size-small\"> Mit seiner Nulldurchgangsschaltung erm\u00f6glicht theLuxa das Schalten von Lasten bis zu 10 Ampere. Dadurch k\u00f6nnen Sie mehrere Lampen gleichzeitig anschlie\u00dfen. Dar\u00fcber hinaus schaltet theLuxa auch LEDs \u00e4u\u00dferst zuverl\u00e4ssig. (nur theLuxa S) <\/p>\n<p class=\"apm-text-center\">\n                                                      <img decoding=\"async\" alt=\"Rotierender Sensorkopf\" src=\"https:\/\/images-na.ssl-images-amazon.com\/images\/G\/01\/x-locale\/common\/grey-pixel.gif\" class=\"a-lazy-loaded\" data-src=\"https:\/\/m.media-amazon.com\/images\/S\/aplus-media-library-service-media\/e31885c2-bfbb-4baf-b767-c1126e1afdc9._CR0,0,500,500_PT0_SX220__.jpg\"><img decoding=\"async\" alt=\"Rotierender Sensorkopf\" src=\"https:\/\/m.media-amazon.com\/images\/S\/aplus-media-library-service-media\/e31885c2-bfbb-4baf-b767-c1126e1afdc9._CR0,0,500,500_PT0_SX220__.jpg\">  <\/p>\n<p>                                                    Rotierender Sensorkopf                                     <\/p>\n<p class=\"a-size-small\"> Mit seinem horizontal und vertikal rotierenden Sensorkopf erfasst theLuxa genau die Bereiche, die wirklich erfasst werden m\u00fcssen. <\/p>\n<h3 class=\"a-spacing-small\">  Highlights theLuxa P <\/h3>\n<p class=\"apm-text-center\">\n                                                      <img decoding=\"async\" alt=\"Geeignet f\u00fcr Unterputzdosen\" src=\"https:\/\/images-na.ssl-images-amazon.com\/images\/G\/01\/x-locale\/common\/grey-pixel.gif\" class=\"a-lazy-loaded\" data-src=\"https:\/\/m.media-amazon.com\/images\/S\/aplus-media-library-service-media\/fae63fa5-e4bf-4a20-9a18-4948961902b8._CR0,0,500,500_PT0_SX220__.jpg\"><img decoding=\"async\" alt=\"Geeignet f\u00fcr Unterputzdosen\" src=\"https:\/\/m.media-amazon.com\/images\/S\/aplus-media-library-service-media\/fae63fa5-e4bf-4a20-9a18-4948961902b8._CR0,0,500,500_PT0_SX220__.jpg\">  <\/p>\n<p>                                                    Geeignet f\u00fcr Unterputzdosen                                     <\/p>\n<p class=\"a-size-small\"> Wenn bereits Anschl\u00fcsse vorhanden sind, m\u00fcssen Sie f\u00fcr theLuxa keine neuen L\u00f6cher bohren. Der Melder kann auf einer Unterputzdose (60 mm) montiert werden. Einfach anschrauben und fertig. <\/p>\n<p class=\"apm-text-center\">\n                                                      <img decoding=\"async\" alt=\"Dank Pulsfunktion schnell integriert\" src=\"https:\/\/images-na.ssl-images-amazon.com\/images\/G\/01\/x-locale\/common\/grey-pixel.gif\" class=\"a-lazy-loaded\" data-src=\"https:\/\/m.media-amazon.com\/images\/S\/aplus-media-library-service-media\/f295de93-71d6-4cf2-9d68-d76c7524c6ff._CR0,0,500,500_PT0_SX220__.jpg\"><img decoding=\"async\" alt=\"Dank Pulsfunktion schnell integriert\" src=\"https:\/\/m.media-amazon.com\/images\/S\/aplus-media-library-service-media\/f295de93-71d6-4cf2-9d68-d76c7524c6ff._CR0,0,500,500_PT0_SX220__.jpg\">  <\/p>\n<p>                                                    Dank Pulsfunktion schnell integriert                                     <\/p>\n<p class=\"a-size-small\"> Mit der Impulsfunktion k\u00f6nnen die Bewegungsmelder ohne aufw\u00e4ndige Anpassungen in bestehende Elektroinstallationen mit Treppenlicht-Zeitschaltern oder KNX-Bin\u00e4reing\u00e4ngen eingebaut werden. <\/p>\n<p class=\"apm-text-center\">\n                                                      <img decoding=\"async\" alt=\"Sicher bei Regen: Hohe Schutzklasse\" src=\"https:\/\/images-na.ssl-images-amazon.com\/images\/G\/01\/x-locale\/common\/grey-pixel.gif\" class=\"a-lazy-loaded\" data-src=\"https:\/\/m.media-amazon.com\/images\/S\/aplus-media-library-service-media\/061346db-8a2a-443b-b832-7f34bc687362._CR0,0,500,500_PT0_SX220__.jpg\"><img decoding=\"async\" alt=\"Sicher bei Regen: Hohe Schutzklasse\" src=\"https:\/\/m.media-amazon.com\/images\/S\/aplus-media-library-service-media\/061346db-8a2a-443b-b832-7f34bc687362._CR0,0,500,500_PT0_SX220__.jpg\">  <\/p>\n<p>                                                    Sicher bei Regen: Hohe Schutzklasse                                     <\/p>\n<p class=\"a-size-small\"> theLuxa verf\u00fcgt \u00fcber die Schutzart IP 55 und kann \u00fcberall im Au\u00dfenbereich installiert werden, unabh\u00e4ngig davon, wie wettergesch\u00fctzt der Installationsort ist. <\/p>\n<p class=\"apm-text-center\">\n                                                      <img decoding=\"async\" alt=\"Bequemer Kriechschutz\" src=\"https:\/\/images-na.ssl-images-amazon.com\/images\/G\/01\/x-locale\/common\/grey-pixel.gif\" class=\"a-lazy-loaded\" data-src=\"https:\/\/m.media-amazon.com\/images\/S\/aplus-media-library-service-media\/ccf25e76-03a4-4dc7-9465-27ce3c3499c2._CR0,0,500,500_PT0_SX220__.jpg\"><img decoding=\"async\" alt=\"Bequemer Kriechschutz\" src=\"https:\/\/m.media-amazon.com\/images\/S\/aplus-media-library-service-media\/ccf25e76-03a4-4dc7-9465-27ce3c3499c2._CR0,0,500,500_PT0_SX220__.jpg\">  <\/p>\n<p>                                                    Bequemer Kriechschutz                                     <\/p>\n<p class=\"a-size-small\"> Der Unterkriechschutz von theLuxa erfasst auch die Bereiche, die direkt unter und sogar leicht hinter dem Melder liegen. So geht das Licht an, wenn Sie es brauchen. Sofort und nicht erst, wenn Sie bereits \u00fcber die ersten Schritte gestolpert sind. <\/p>\n<h3 class=\"a-spacing-small\">  Highlights theLeda P <\/h3>\n<p class=\"apm-text-center\">\n                                                      <img decoding=\"async\" alt=\"Hohe Schaltleistung\" src=\"https:\/\/images-na.ssl-images-amazon.com\/images\/G\/01\/x-locale\/common\/grey-pixel.gif\" class=\"a-lazy-loaded\" data-src=\"https:\/\/m.media-amazon.com\/images\/S\/aplus-media-library-service-media\/e0fddaaf-edf5-4755-a92d-2f61c9e6dcdf._CR0,0,500,500_PT0_SX220__.jpg\"><img decoding=\"async\" alt=\"Hohe Schaltleistung\" src=\"https:\/\/m.media-amazon.com\/images\/S\/aplus-media-library-service-media\/e0fddaaf-edf5-4755-a92d-2f61c9e6dcdf._CR0,0,500,500_PT0_SX220__.jpg\">  <\/p>\n<p>                                                    Hohe Schaltleistung theLuxa P                                     <\/p>\n<p class=\"a-size-small\"> Mit seinem Hochleistungsrelais mit Wolfram-Leitungskontakt erm\u00f6glicht theLuxa P das Schalten von Lasten bis zu 10 Ampere. Dadurch k\u00f6nnen nicht nur mehrere Lampen angeschlossen und gr\u00f6\u00dfere Fl\u00e4chen wie Laderampen oder Hotelanlagen beleuchtet werden, auch der Einsatz von LEDs und Energiesparlampen ist problemlos m\u00f6glich. Das erh\u00f6ht die Planungssicherheit, senkt die Kosten und verk\u00fcrzt die Installationszeit. <\/p>\n<p class=\"apm-text-center\">\n                                                      <img decoding=\"async\" alt=\"Potentialfreier Kontakt\" src=\"https:\/\/images-na.ssl-images-amazon.com\/images\/G\/01\/x-locale\/common\/grey-pixel.gif\" class=\"a-lazy-loaded\" data-src=\"https:\/\/m.media-amazon.com\/images\/S\/aplus-media-library-service-media\/6150da57-a82d-429b-938e-4826bbb2be70._CR0,0,500,500_PT0_SX220__.jpg\"><img decoding=\"async\" alt=\"Potentialfreier Kontakt\" src=\"https:\/\/m.media-amazon.com\/images\/S\/aplus-media-library-service-media\/6150da57-a82d-429b-938e-4826bbb2be70._CR0,0,500,500_PT0_SX220__.jpg\">  <\/p>\n<p>                                                    Potentialfreier Kontakt                                     <\/p>\n<p class=\"a-size-small\"> Dadurch l\u00e4sst sich theLuxa P direkt und einfach in die Geb\u00e4udesystemtechnik integrieren. Und es senkt die Installationskosten, da kein Trennrelais erforderlich ist. <\/p>\n<p class=\"apm-text-center\">\n                                                      <img decoding=\"async\" alt=\"Bequeme Fernbedienung\" src=\"https:\/\/images-na.ssl-images-amazon.com\/images\/G\/01\/x-locale\/common\/grey-pixel.gif\" class=\"a-lazy-loaded\" data-src=\"https:\/\/m.media-amazon.com\/images\/S\/aplus-media-library-service-media\/c94c3dfd-a20e-4852-94aa-f700dd992dac._CR0,0,500,500_PT0_SX220__.jpg\"><img decoding=\"async\" alt=\"Bequeme Fernbedienung\" src=\"https:\/\/m.media-amazon.com\/images\/S\/aplus-media-library-service-media\/c94c3dfd-a20e-4852-94aa-f700dd992dac._CR0,0,500,500_PT0_SX220__.jpg\">  <\/p>\n<p>                                                    Bequeme Fernbedienung                                     <\/p>\n<p class=\"a-size-small\"> Mit der theSenda-Fernbedienung lassen sich Einstellungen bequem vom Boden aus vornehmen und \u00e4ndern. Das geht schneller, verk\u00fcrzt die Installationszeit und senkt die Kosten. Es ist auch sicherer. <\/p>\n<p class=\"apm-text-center\">\n<p>                         Zum Warenkorb hinzuf\u00fcgen Zum Warenkorb hinzuf\u00fcgen Zum Warenkorb hinzuf\u00fcgen Kundenrezensionen 4,6 von 5 Sternen 603 4,6 von 5 Sternen 603 4,6 von 5 Sternen 603 Preis 32,17 \u20ac 32,17 \u20ac 27,62 \u20ac 27,62 \u20ac 87,74 \u20ac 87,74 \u20ac Erfassungswinkel 180\u00b0 180\u00b0 220\u00b0 Erfassungsbereich quer 12 m 12 m 16 m Einstellbare Helligkeit 5-1000\/ \u221e Lux 5-1000\/ \u221e Lux 5-1000\/ \u221e Lux Standby-Verbrauch < 1 W < 1 W 0,3 W Schaltleistung: 10 A (cos 3 AX (cos = 1) = 0,3 10 A (cos 3 AX (cos = 1) = 0,3 10 A (cos 3 AX (cos = 1) = 0,3 LED-Leuchtmittel < 2 W 3000K Warmwei\u00df 3000K Warmwei\u00df 4000K Neutralwei\u00df LED-Leuchtmittel > 2 W Horizontal um \u00b1 40\u00b0 drehbar, um 70\u00b0 nach unten schwenkbar, Wandbeleuchtung um 180\u00b0 drehbar Horizontal um \u00b1 20\u00b0 drehbar, um 70\u00b0 nach unten schwenkbar 35\u00b0 links\/rechts, 60\u00b0 nach oben\/unten, 180\u00b0 nach hinten Umgebungstemperatur -20 \u00b0C bis +45 \u00b0C -20 \u00b0C bis +45 \u00b0C -25 \u00b0C bis +45 \u00b0C Schutzart: IP 55 IP 55 IP 55 Montageart: Wand Wand Wand\/Decke                 <\/p>\n<p>Sorgen Sie f\u00fcr eine pr\u00e4zise, \u200b\u200bbewegungsabh\u00e4ngige Lichtsteuerung im Au\u00dfenbereich mit dem theLuxa S180 BK Bewegungsmelder mit Infrarotsensor (PIR), 180\u00b0 Erfassungsbereich und einer Reichweite von bis zu 12 Metern<br \/>Passen Sie den Erfassungsbereich individuell an: Der horizontal um 90\u00b0 drehbare und um 30\u00b0 nach unten neigbare Sensorkopf macht es ganz einfach<br \/>Profitieren Sie von der Mischlichtmessung zur Ansteuerung von LEDs, Fluoreszenz- und Halogenlampen<br \/>Nutzen Sie die praktische Impulsfunktion des Bewegungsmelders, um den Bewegungsmelder schnell in Elektroinstallationen mit Treppenlicht-Zeitschaltern oder KNX zu integrieren. Und dank Nulldurchgangsschaltung verl\u00e4ngern Sie die Lebensdauer der Relais auch bei hoher Lampenlast wie z. B. LED-Leuchten<br \/>Dank der Schutzart IP 55 stellen Sie die zuverl\u00e4ssige Funktion des Bewegungsmelders im Au\u00dfenbereich sicher, z. B. zur Steuerung von Au\u00dfenleuchten, Strahlern, Eingangsleuchten, Gartenlampen und T\u00fcrbeleuchtungen und vielem mehr.<\/p>\n<p>[ad_2]<\/p>\n","protected":false},"excerpt":{"rendered":"<p>Produktbeschreibung Eine klare Linie \u2013 Bewegungsmelder theLuxa S und P Sie tragen wesentlich zur Energieeinsparung sowie zur Erh\u00f6hung von Komfort und Sicherheit bei. Das Licht wird automatisch und nur dann eingeschaltet, wenn es ben\u00f6tigt wird. theLuxa zeigt sich immer von seiner besten Seite \u2013 ob als wei\u00dfe (WH) oder schwarze (BK) Variante. An welcher Wand [&hellip;]<\/p>\n","protected":false},"featured_media":1537,"comment_status":"open","ping_status":"closed","template":"","meta":{"_aipt_faq_data":""},"store":[],"product_brand":[309],"product_cat":[116],"product_tag":[307],"class_list":{"0":"post-1536","1":"product","2":"type-product","3":"status-publish","4":"has-post-thumbnail","6":"product_brand-theben","7":"product_cat-innen-aussen-sicherheitsroboter","8":"product_tag-innen-aussen-sicherheitsroboter-mit-bewegungsmelder","10":"first","11":"instock","12":"sale","13":"shipping-taxable","14":"product-type-external"},"yoast_head":"<!-- This site is optimized with the Yoast SEO plugin v27.4 - https:\/\/yoast.com\/product\/yoast-seo-wordpress\/ -->\n<title>Theben 1010506 - EasyLifeBro<\/title>\n<meta name=\"description\" content=\"Entdecken Sie smarte Roboter f\u00fcr Zuhause, Garten, Bildung und Sicherheit. Vergleichen Sie Saugroboter, Rasenm\u00e4hroboter, KI-Begleitroboter und mehr bei EasyLifeRobo.\" \/>\n<meta name=\"robots\" content=\"index, follow, max-snippet:-1, max-image-preview:large, max-video-preview:-1\" \/>\n<link rel=\"canonical\" href=\"https:\/\/easyliferobo.com\/de\/product\/theben-1010506\/\" \/>\n<meta property=\"og:locale\" content=\"de_DE\" \/>\n<meta property=\"og:type\" content=\"article\" \/>\n<meta property=\"og:title\" content=\"Theben 1010506 - EasyLifeBro\" \/>\n<meta property=\"og:description\" content=\"Entdecken Sie smarte Roboter f\u00fcr Zuhause, Garten, Bildung und Sicherheit. Vergleichen Sie Saugroboter, Rasenm\u00e4hroboter, KI-Begleitroboter und mehr bei EasyLifeRobo.\" \/>\n<meta property=\"og:url\" content=\"https:\/\/easyliferobo.com\/de\/product\/theben-1010506\/\" \/>\n<meta property=\"og:site_name\" content=\"EasyLifeBro\" \/>\n<meta property=\"article:modified_time\" content=\"2026-02-23T03:32:46+00:00\" \/>\n<meta property=\"og:image\" content=\"https:\/\/easyliferobo.com\/de\/wp-content\/uploads\/2026\/02\/516HdHNFUKL._AC_SL1181_.jpg\" \/>\n\t<meta property=\"og:image:width\" content=\"933\" \/>\n\t<meta property=\"og:image:height\" content=\"732\" \/>\n\t<meta property=\"og:image:type\" content=\"image\/jpeg\" \/>\n<meta name=\"twitter:card\" content=\"summary_large_image\" \/>\n<meta name=\"twitter:label1\" content=\"Gesch\u00e4tzte Lesezeit\" \/>\n\t<meta name=\"twitter:data1\" content=\"3\u00a0Minuten\" \/>\n<script type=\"application\/ld+json\" class=\"yoast-schema-graph\">{\"@context\":\"https:\\\/\\\/schema.org\",\"@graph\":[{\"@type\":\"WebPage\",\"@id\":\"https:\\\/\\\/easyliferobo.com\\\/de\\\/product\\\/theben-1010506\\\/\",\"url\":\"https:\\\/\\\/easyliferobo.com\\\/de\\\/product\\\/theben-1010506\\\/\",\"name\":\"Theben 1010506 - EasyLifeBro\",\"isPartOf\":{\"@id\":\"https:\\\/\\\/easyliferobo.com\\\/de\\\/#website\"},\"primaryImageOfPage\":{\"@id\":\"https:\\\/\\\/easyliferobo.com\\\/de\\\/product\\\/theben-1010506\\\/#primaryimage\"},\"image\":{\"@id\":\"https:\\\/\\\/easyliferobo.com\\\/de\\\/product\\\/theben-1010506\\\/#primaryimage\"},\"thumbnailUrl\":\"https:\\\/\\\/easyliferobo.com\\\/de\\\/wp-content\\\/uploads\\\/2026\\\/02\\\/516HdHNFUKL._AC_SL1181_.jpg\",\"datePublished\":\"2026-02-23T03:32:36+00:00\",\"dateModified\":\"2026-02-23T03:32:46+00:00\",\"description\":\"Entdecken Sie smarte Roboter f\u00fcr Zuhause, Garten, Bildung und Sicherheit. Vergleichen Sie Saugroboter, Rasenm\u00e4hroboter, KI-Begleitroboter und mehr bei EasyLifeRobo.\",\"breadcrumb\":{\"@id\":\"https:\\\/\\\/easyliferobo.com\\\/de\\\/product\\\/theben-1010506\\\/#breadcrumb\"},\"inLanguage\":\"de\",\"potentialAction\":[{\"@type\":\"ReadAction\",\"target\":[\"https:\\\/\\\/easyliferobo.com\\\/de\\\/product\\\/theben-1010506\\\/\"]}]},{\"@type\":\"ImageObject\",\"inLanguage\":\"de\",\"@id\":\"https:\\\/\\\/easyliferobo.com\\\/de\\\/product\\\/theben-1010506\\\/#primaryimage\",\"url\":\"https:\\\/\\\/easyliferobo.com\\\/de\\\/wp-content\\\/uploads\\\/2026\\\/02\\\/516HdHNFUKL._AC_SL1181_.jpg\",\"contentUrl\":\"https:\\\/\\\/easyliferobo.com\\\/de\\\/wp-content\\\/uploads\\\/2026\\\/02\\\/516HdHNFUKL._AC_SL1181_.jpg\",\"width\":933,\"height\":732},{\"@type\":\"BreadcrumbList\",\"@id\":\"https:\\\/\\\/easyliferobo.com\\\/de\\\/product\\\/theben-1010506\\\/#breadcrumb\",\"itemListElement\":[{\"@type\":\"ListItem\",\"position\":1,\"name\":\"Home\",\"item\":\"https:\\\/\\\/easyliferobo.com\\\/de\\\/\"},{\"@type\":\"ListItem\",\"position\":2,\"name\":\"Shop\",\"item\":\"https:\\\/\\\/easyliferobo.com\\\/de\\\/shop\\\/\"},{\"@type\":\"ListItem\",\"position\":3,\"name\":\"Theben 1010506\"}]},{\"@type\":\"WebSite\",\"@id\":\"https:\\\/\\\/easyliferobo.com\\\/de\\\/#website\",\"url\":\"https:\\\/\\\/easyliferobo.com\\\/de\\\/\",\"name\":\"EasyLifeBro\",\"description\":\"Smarte Roboter f\u00fcr Zuhause, Garten &amp; Bildung\",\"publisher\":{\"@id\":\"https:\\\/\\\/easyliferobo.com\\\/de\\\/#organization\"},\"potentialAction\":[{\"@type\":\"SearchAction\",\"target\":{\"@type\":\"EntryPoint\",\"urlTemplate\":\"https:\\\/\\\/easyliferobo.com\\\/de\\\/?s={search_term_string}\"},\"query-input\":{\"@type\":\"PropertyValueSpecification\",\"valueRequired\":true,\"valueName\":\"search_term_string\"}}],\"inLanguage\":\"de\"},{\"@type\":\"Organization\",\"@id\":\"https:\\\/\\\/easyliferobo.com\\\/de\\\/#organization\",\"name\":\"EasyLifeBro\",\"url\":\"https:\\\/\\\/easyliferobo.com\\\/de\\\/\",\"logo\":{\"@type\":\"ImageObject\",\"inLanguage\":\"de\",\"@id\":\"https:\\\/\\\/easyliferobo.com\\\/de\\\/#\\\/schema\\\/logo\\\/image\\\/\",\"url\":\"https:\\\/\\\/easyliferobo.com\\\/de\\\/wp-content\\\/uploads\\\/2026\\\/02\\\/Screenshot-2026-02-22-at-2.25.03-PM.png\",\"contentUrl\":\"https:\\\/\\\/easyliferobo.com\\\/de\\\/wp-content\\\/uploads\\\/2026\\\/02\\\/Screenshot-2026-02-22-at-2.25.03-PM.png\",\"width\":1858,\"height\":430,\"caption\":\"EasyLifeBro\"},\"image\":{\"@id\":\"https:\\\/\\\/easyliferobo.com\\\/de\\\/#\\\/schema\\\/logo\\\/image\\\/\"}}]}<\/script>\n<!-- \/ Yoast SEO plugin. -->","yoast_head_json":{"title":"Theben 1010506 - EasyLifeBro","description":"Entdecken Sie smarte Roboter f\u00fcr Zuhause, Garten, Bildung und Sicherheit. Vergleichen Sie Saugroboter, Rasenm\u00e4hroboter, KI-Begleitroboter und mehr bei EasyLifeRobo.","robots":{"index":"index","follow":"follow","max-snippet":"max-snippet:-1","max-image-preview":"max-image-preview:large","max-video-preview":"max-video-preview:-1"},"canonical":"https:\/\/easyliferobo.com\/de\/product\/theben-1010506\/","og_locale":"de_DE","og_type":"article","og_title":"Theben 1010506 - EasyLifeBro","og_description":"Entdecken Sie smarte Roboter f\u00fcr Zuhause, Garten, Bildung und Sicherheit. Vergleichen Sie Saugroboter, Rasenm\u00e4hroboter, KI-Begleitroboter und mehr bei EasyLifeRobo.","og_url":"https:\/\/easyliferobo.com\/de\/product\/theben-1010506\/","og_site_name":"EasyLifeBro","article_modified_time":"2026-02-23T03:32:46+00:00","og_image":[{"width":933,"height":732,"url":"https:\/\/easyliferobo.com\/de\/wp-content\/uploads\/2026\/02\/516HdHNFUKL._AC_SL1181_.jpg","type":"image\/jpeg"}],"twitter_card":"summary_large_image","twitter_misc":{"Gesch\u00e4tzte Lesezeit":"3\u00a0Minuten"},"schema":{"@context":"https:\/\/schema.org","@graph":[{"@type":"WebPage","@id":"https:\/\/easyliferobo.com\/de\/product\/theben-1010506\/","url":"https:\/\/easyliferobo.com\/de\/product\/theben-1010506\/","name":"Theben 1010506 - EasyLifeBro","isPartOf":{"@id":"https:\/\/easyliferobo.com\/de\/#website"},"primaryImageOfPage":{"@id":"https:\/\/easyliferobo.com\/de\/product\/theben-1010506\/#primaryimage"},"image":{"@id":"https:\/\/easyliferobo.com\/de\/product\/theben-1010506\/#primaryimage"},"thumbnailUrl":"https:\/\/easyliferobo.com\/de\/wp-content\/uploads\/2026\/02\/516HdHNFUKL._AC_SL1181_.jpg","datePublished":"2026-02-23T03:32:36+00:00","dateModified":"2026-02-23T03:32:46+00:00","description":"Entdecken Sie smarte Roboter f\u00fcr Zuhause, Garten, Bildung und Sicherheit. Vergleichen Sie Saugroboter, Rasenm\u00e4hroboter, KI-Begleitroboter und mehr bei EasyLifeRobo.","breadcrumb":{"@id":"https:\/\/easyliferobo.com\/de\/product\/theben-1010506\/#breadcrumb"},"inLanguage":"de","potentialAction":[{"@type":"ReadAction","target":["https:\/\/easyliferobo.com\/de\/product\/theben-1010506\/"]}]},{"@type":"ImageObject","inLanguage":"de","@id":"https:\/\/easyliferobo.com\/de\/product\/theben-1010506\/#primaryimage","url":"https:\/\/easyliferobo.com\/de\/wp-content\/uploads\/2026\/02\/516HdHNFUKL._AC_SL1181_.jpg","contentUrl":"https:\/\/easyliferobo.com\/de\/wp-content\/uploads\/2026\/02\/516HdHNFUKL._AC_SL1181_.jpg","width":933,"height":732},{"@type":"BreadcrumbList","@id":"https:\/\/easyliferobo.com\/de\/product\/theben-1010506\/#breadcrumb","itemListElement":[{"@type":"ListItem","position":1,"name":"Home","item":"https:\/\/easyliferobo.com\/de\/"},{"@type":"ListItem","position":2,"name":"Shop","item":"https:\/\/easyliferobo.com\/de\/shop\/"},{"@type":"ListItem","position":3,"name":"Theben 1010506"}]},{"@type":"WebSite","@id":"https:\/\/easyliferobo.com\/de\/#website","url":"https:\/\/easyliferobo.com\/de\/","name":"EasyLifeBro","description":"Smarte Roboter f\u00fcr Zuhause, Garten &amp; Bildung","publisher":{"@id":"https:\/\/easyliferobo.com\/de\/#organization"},"potentialAction":[{"@type":"SearchAction","target":{"@type":"EntryPoint","urlTemplate":"https:\/\/easyliferobo.com\/de\/?s={search_term_string}"},"query-input":{"@type":"PropertyValueSpecification","valueRequired":true,"valueName":"search_term_string"}}],"inLanguage":"de"},{"@type":"Organization","@id":"https:\/\/easyliferobo.com\/de\/#organization","name":"EasyLifeBro","url":"https:\/\/easyliferobo.com\/de\/","logo":{"@type":"ImageObject","inLanguage":"de","@id":"https:\/\/easyliferobo.com\/de\/#\/schema\/logo\/image\/","url":"https:\/\/easyliferobo.com\/de\/wp-content\/uploads\/2026\/02\/Screenshot-2026-02-22-at-2.25.03-PM.png","contentUrl":"https:\/\/easyliferobo.com\/de\/wp-content\/uploads\/2026\/02\/Screenshot-2026-02-22-at-2.25.03-PM.png","width":1858,"height":430,"caption":"EasyLifeBro"},"image":{"@id":"https:\/\/easyliferobo.com\/de\/#\/schema\/logo\/image\/"}}]}},"_links":{"self":[{"href":"https:\/\/easyliferobo.com\/de\/wp-json\/wp\/v2\/product\/1536","targetHints":{"allow":["GET"]}}],"collection":[{"href":"https:\/\/easyliferobo.com\/de\/wp-json\/wp\/v2\/product"}],"about":[{"href":"https:\/\/easyliferobo.com\/de\/wp-json\/wp\/v2\/types\/product"}],"replies":[{"embeddable":true,"href":"https:\/\/easyliferobo.com\/de\/wp-json\/wp\/v2\/comments?post=1536"}],"wp:featuredmedia":[{"embeddable":true,"href":"https:\/\/easyliferobo.com\/de\/wp-json\/wp\/v2\/media\/1537"}],"wp:attachment":[{"href":"https:\/\/easyliferobo.com\/de\/wp-json\/wp\/v2\/media?parent=1536"}],"wp:term":[{"taxonomy":"store","embeddable":true,"href":"https:\/\/easyliferobo.com\/de\/wp-json\/wp\/v2\/store?post=1536"},{"taxonomy":"product_brand","embeddable":true,"href":"https:\/\/easyliferobo.com\/de\/wp-json\/wp\/v2\/product_brand?post=1536"},{"taxonomy":"product_cat","embeddable":true,"href":"https:\/\/easyliferobo.com\/de\/wp-json\/wp\/v2\/product_cat?post=1536"},{"taxonomy":"product_tag","embeddable":true,"href":"https:\/\/easyliferobo.com\/de\/wp-json\/wp\/v2\/product_tag?post=1536"}],"curies":[{"name":"wp","href":"https:\/\/api.w.org\/{rel}","templated":true}]}}