
{"id":1518,"date":"2026-02-23T03:30:29","date_gmt":"2026-02-23T03:30:29","guid":{"rendered":"https:\/\/easyliferobo.com\/de\/product\/roboterstaubsauger-buerstenloser-design-staubsaugerroboter-starkes-vakuum-selbstladend-fernbedienung-flach-leise-geeignet-fuer-tierhaare-und-hartboeden-e3\/"},"modified":"2026-02-23T03:30:44","modified_gmt":"2026-02-23T03:30:44","slug":"roboterstaubsauger-buerstenloser-design-staubsaugerroboter-starkes-vakuum-selbstladend-fernbedienung-flach-leise-geeignet-fuer-tierhaare-und-hartboeden-e3","status":"publish","type":"product","link":"https:\/\/easyliferobo.com\/de\/product\/roboterstaubsauger-buerstenloser-design-staubsaugerroboter-starkes-vakuum-selbstladend-fernbedienung-flach-leise-geeignet-fuer-tierhaare-und-hartboeden-e3\/","title":{"rendered":"Roboterstaubsauger, b\u00fcrstenloser D..."},"content":{"rendered":"<p>\n                                             Von der Marke   <\/p>\n<p>                                              <img decoding=\"async\" alt=\"Aplus-Inhaltsbild\" src=\"https:\/\/images-na.ssl-images-amazon.com\/images\/G\/01\/x-locale\/common\/grey-pixel.gif\" class=\"a-lazy-loaded\" data-src=\"https:\/\/m.media-amazon.com\/images\/S\/aplus-media-library-service-media\/55915d0a-2f31-443a-8c6a-1516b2404077.__CR0,0,1464,625_PT0_SX1464_V1___.jpg\"><img decoding=\"async\" alt=\"Aplus-Inhaltsbild\" src=\"https:\/\/m.media-amazon.com\/images\/S\/aplus-media-library-service-media\/55915d0a-2f31-443a-8c6a-1516b2404077.__CR0,0,1464,625_PT0_SX1464_V1___.jpg\">  <\/p>\n<p>                                              <img decoding=\"async\" alt=\"\" src=\"https:\/\/images-na.ssl-images-amazon.com\/images\/G\/01\/x-locale\/common\/grey-pixel.gif\" class=\"a-lazy-loaded\" data-src=\"https:\/\/m.media-amazon.com\/images\/S\/aplus-media-library-service-media\/b8cf8db6-766a-4861-8ab6-8f445fa56a5f.__CR0,0,315,145_PT0_SX315_V1___.png\"><img decoding=\"async\" alt=\"\" src=\"https:\/\/m.media-amazon.com\/images\/S\/aplus-media-library-service-media\/b8cf8db6-766a-4861-8ab6-8f445fa56a5f.__CR0,0,315,145_PT0_SX315_V1___.png\">  <\/p>\n<p>  Das Easine-Logo kombiniert \u201eEasy\u201c und \u201eShine\u201c, was unsere Mission widerspiegelt, Ihr Leben einfacher und strahlender zu machen. Es verk\u00f6rpert unsere Hoffnung, dass jeder Kunde nicht nur mehr Leichtigkeit im Alltag erf\u00e4hrt, sondern auch mit einzigartigem Glanz strahlt. <\/p>\n<p>  Bei Easine f\u00fchlen wir uns dieser Vision verpflichtet \u2013 jedem den idealen Begleiter f\u00fcr ein erf\u00fcllteres Leben zu bieten. <\/p>\n<p>                                              <img decoding=\"async\" alt=\"Roboterstaubsauger vorgef\u00fchrt auf dunklen Bodenfliesen mit blauen LED-Lichteffekten, die mehrere Reinigungspositionen und Navigationsmuster zeigen.\" src=\"https:\/\/images-na.ssl-images-amazon.com\/images\/G\/01\/x-locale\/common\/grey-pixel.gif\" class=\"a-lazy-loaded\" data-src=\"https:\/\/m.media-amazon.com\/images\/S\/aplus-media-library-service-media\/71465778-7d29-4601-bddb-9b1a5d933561.__CR0,0,362,453_PT0_SX362_V1___.jpg\"><img decoding=\"async\" alt=\"Roboterstaubsauger vorgef\u00fchrt auf dunklen Bodenfliesen mit blauen LED-Lichteffekten, die mehrere Reinigungspositionen und Navigationsmuster zeigen.\" src=\"https:\/\/m.media-amazon.com\/images\/S\/aplus-media-library-service-media\/71465778-7d29-4601-bddb-9b1a5d933561.__CR0,0,362,453_PT0_SX362_V1___.jpg\">  <\/p>\n<p>                                              <img decoding=\"async\" alt=\"Aplus-Inhaltsbild\" src=\"https:\/\/images-na.ssl-images-amazon.com\/images\/G\/01\/x-locale\/common\/grey-pixel.gif\" class=\"a-lazy-loaded\" data-src=\"https:\/\/m.media-amazon.com\/images\/S\/aplus-media-library-service-media\/ea80795c-b922-49c0-b026-98063fe0fceb.__CR0,0,362,453_PT0_SX362_V1___.jpg\"><img decoding=\"async\" alt=\"Aplus-Inhaltsbild\" src=\"https:\/\/m.media-amazon.com\/images\/S\/aplus-media-library-service-media\/ea80795c-b922-49c0-b026-98063fe0fceb.__CR0,0,362,453_PT0_SX362_V1___.jpg\">  <\/p>\n<h3>  EASINE S20 <\/h3>\n<h3>  EASINE E3 <\/h3>\n<p>Geeignet f\u00fcr Haustierbesitzer: Mit einem verwirrungsfreien Saugaufsatz konzentriert sich der E3-Roboterstaubsauger darauf, Haare ohne Verheddern aufzunehmen; Es beseitigt auch effektiv Schmutz, Kr\u00fcmel und Ablagerungen auf Hartb\u00f6den, Fliesen, Laminat, Stein und Teppichen mit kurzem Flor.<br \/>Ultraflaches Design: Durch das 7,6 cm schlanke Design kann der Staubsaugerroboter E3 problemlos unter Betten, Sofas und anderen M\u00f6beln reinigen.<br \/>120 Minuten Laufzeit und automatisches Laden: Der E3-Roboter reinigt bis zu 120 Minuten pro Ladung und kehrt bei niedrigem Akkustand automatisch zur Ladestation zur\u00fcck.<br \/>Einfache Bedienung: Starten Sie die Reinigung per Fernbedienung oder per Knopfdruck am E3-Staubsaugroboter.<br \/>Mehrere Reinigungsmodi: Bietet mehrere Reinigungsmodi, einschlie\u00dflich automatischer Reinigung, Punktreinigung und Kantenreinigung f\u00fcr eine vollst\u00e4ndige Abdeckung.<br \/>Antikollision und Anti-Sturz: Eingebaute Infrarotsensoren erkennen Stufen und Hindernisse, sodass der E3-Roboter St\u00fcrze und Kollisionen verhindert.<\/p>\n<p>[ad_2]<\/p>\n","protected":false},"excerpt":{"rendered":"<p>Von der Marke Das Easine-Logo kombiniert \u201eEasy\u201c und \u201eShine\u201c, was unsere Mission widerspiegelt, Ihr Leben einfacher und strahlender zu machen. Es verk\u00f6rpert unsere Hoffnung, dass jeder Kunde nicht nur mehr Leichtigkeit im Alltag erf\u00e4hrt, sondern auch mit einzigartigem Glanz strahlt. Bei Easine f\u00fchlen wir uns dieser Vision verpflichtet \u2013 jedem den idealen Begleiter f\u00fcr ein [&hellip;]<\/p>\n","protected":false},"featured_media":1519,"comment_status":"open","ping_status":"closed","template":"","meta":{"_aipt_faq_data":""},"store":[],"product_brand":[306],"product_cat":[72],"product_tag":[305],"class_list":{"0":"post-1518","1":"product","2":"type-product","3":"status-publish","4":"has-post-thumbnail","6":"product_brand-easine","7":"product_cat-saugroboter","8":"product_tag-saugroboter-leise-und-effizient","10":"first","11":"instock","12":"sale","13":"shipping-taxable","14":"product-type-external"},"yoast_head":"<!-- This site is optimized with the Yoast SEO plugin v27.4 - https:\/\/yoast.com\/product\/yoast-seo-wordpress\/ -->\n<title>Roboterstaubsauger, b\u00fcrstenloser Design-Staubsaugerroboter, starkes Vakuum, selbstladend, Fernbedienung, flach, leise, geeignet f\u00fcr Tierhaare und Hartb\u00f6den, E3 - EasyLifeBro<\/title>\n<meta name=\"description\" content=\"Entdecken Sie smarte Roboter f\u00fcr Zuhause, Garten, Bildung und Sicherheit. Vergleichen Sie Saugroboter, Rasenm\u00e4hroboter, KI-Begleitroboter und mehr bei EasyLifeRobo.\" \/>\n<meta name=\"robots\" content=\"index, follow, max-snippet:-1, max-image-preview:large, max-video-preview:-1\" \/>\n<link rel=\"canonical\" href=\"https:\/\/easyliferobo.com\/de\/product\/roboterstaubsauger-buerstenloser-design-staubsaugerroboter-starkes-vakuum-selbstladend-fernbedienung-flach-leise-geeignet-fuer-tierhaare-und-hartboeden-e3\/\" \/>\n<meta property=\"og:locale\" content=\"de_DE\" \/>\n<meta property=\"og:type\" content=\"article\" \/>\n<meta property=\"og:title\" content=\"Roboterstaubsauger, b\u00fcrstenloser Design-Staubsaugerroboter, starkes Vakuum, selbstladend, Fernbedienung, flach, leise, geeignet f\u00fcr Tierhaare und Hartb\u00f6den, E3 - EasyLifeBro\" \/>\n<meta property=\"og:description\" content=\"Entdecken Sie smarte Roboter f\u00fcr Zuhause, Garten, Bildung und Sicherheit. Vergleichen Sie Saugroboter, Rasenm\u00e4hroboter, KI-Begleitroboter und mehr bei EasyLifeRobo.\" \/>\n<meta property=\"og:url\" content=\"https:\/\/easyliferobo.com\/de\/product\/roboterstaubsauger-buerstenloser-design-staubsaugerroboter-starkes-vakuum-selbstladend-fernbedienung-flach-leise-geeignet-fuer-tierhaare-und-hartboeden-e3\/\" \/>\n<meta property=\"og:site_name\" content=\"EasyLifeBro\" \/>\n<meta property=\"article:modified_time\" content=\"2026-02-23T03:30:44+00:00\" \/>\n<meta property=\"og:image\" content=\"https:\/\/easyliferobo.com\/de\/wp-content\/uploads\/2026\/02\/61DILPLrNnL._AC_SL1500_.jpg\" \/>\n\t<meta property=\"og:image:width\" content=\"1393\" \/>\n\t<meta property=\"og:image:height\" content=\"1459\" \/>\n\t<meta property=\"og:image:type\" content=\"image\/jpeg\" \/>\n<meta name=\"twitter:card\" content=\"summary_large_image\" \/>\n<meta name=\"twitter:label1\" content=\"Gesch\u00e4tzte Lesezeit\" \/>\n\t<meta name=\"twitter:data1\" content=\"1\u00a0Minute\" \/>\n<script type=\"application\/ld+json\" class=\"yoast-schema-graph\">{\"@context\":\"https:\\\/\\\/schema.org\",\"@graph\":[{\"@type\":\"WebPage\",\"@id\":\"https:\\\/\\\/easyliferobo.com\\\/de\\\/product\\\/roboterstaubsauger-buerstenloser-design-staubsaugerroboter-starkes-vakuum-selbstladend-fernbedienung-flach-leise-geeignet-fuer-tierhaare-und-hartboeden-e3\\\/\",\"url\":\"https:\\\/\\\/easyliferobo.com\\\/de\\\/product\\\/roboterstaubsauger-buerstenloser-design-staubsaugerroboter-starkes-vakuum-selbstladend-fernbedienung-flach-leise-geeignet-fuer-tierhaare-und-hartboeden-e3\\\/\",\"name\":\"Roboterstaubsauger, b\u00fcrstenloser Design-Staubsaugerroboter, starkes Vakuum, selbstladend, Fernbedienung, flach, leise, geeignet f\u00fcr Tierhaare und Hartb\u00f6den, E3 - EasyLifeBro\",\"isPartOf\":{\"@id\":\"https:\\\/\\\/easyliferobo.com\\\/de\\\/#website\"},\"primaryImageOfPage\":{\"@id\":\"https:\\\/\\\/easyliferobo.com\\\/de\\\/product\\\/roboterstaubsauger-buerstenloser-design-staubsaugerroboter-starkes-vakuum-selbstladend-fernbedienung-flach-leise-geeignet-fuer-tierhaare-und-hartboeden-e3\\\/#primaryimage\"},\"image\":{\"@id\":\"https:\\\/\\\/easyliferobo.com\\\/de\\\/product\\\/roboterstaubsauger-buerstenloser-design-staubsaugerroboter-starkes-vakuum-selbstladend-fernbedienung-flach-leise-geeignet-fuer-tierhaare-und-hartboeden-e3\\\/#primaryimage\"},\"thumbnailUrl\":\"https:\\\/\\\/easyliferobo.com\\\/de\\\/wp-content\\\/uploads\\\/2026\\\/02\\\/61DILPLrNnL._AC_SL1500_.jpg\",\"datePublished\":\"2026-02-23T03:30:29+00:00\",\"dateModified\":\"2026-02-23T03:30:44+00:00\",\"description\":\"Entdecken Sie smarte Roboter f\u00fcr Zuhause, Garten, Bildung und Sicherheit. Vergleichen Sie Saugroboter, Rasenm\u00e4hroboter, KI-Begleitroboter und mehr bei EasyLifeRobo.\",\"breadcrumb\":{\"@id\":\"https:\\\/\\\/easyliferobo.com\\\/de\\\/product\\\/roboterstaubsauger-buerstenloser-design-staubsaugerroboter-starkes-vakuum-selbstladend-fernbedienung-flach-leise-geeignet-fuer-tierhaare-und-hartboeden-e3\\\/#breadcrumb\"},\"inLanguage\":\"de\",\"potentialAction\":[{\"@type\":\"ReadAction\",\"target\":[\"https:\\\/\\\/easyliferobo.com\\\/de\\\/product\\\/roboterstaubsauger-buerstenloser-design-staubsaugerroboter-starkes-vakuum-selbstladend-fernbedienung-flach-leise-geeignet-fuer-tierhaare-und-hartboeden-e3\\\/\"]}]},{\"@type\":\"ImageObject\",\"inLanguage\":\"de\",\"@id\":\"https:\\\/\\\/easyliferobo.com\\\/de\\\/product\\\/roboterstaubsauger-buerstenloser-design-staubsaugerroboter-starkes-vakuum-selbstladend-fernbedienung-flach-leise-geeignet-fuer-tierhaare-und-hartboeden-e3\\\/#primaryimage\",\"url\":\"https:\\\/\\\/easyliferobo.com\\\/de\\\/wp-content\\\/uploads\\\/2026\\\/02\\\/61DILPLrNnL._AC_SL1500_.jpg\",\"contentUrl\":\"https:\\\/\\\/easyliferobo.com\\\/de\\\/wp-content\\\/uploads\\\/2026\\\/02\\\/61DILPLrNnL._AC_SL1500_.jpg\",\"width\":1393,\"height\":1459},{\"@type\":\"BreadcrumbList\",\"@id\":\"https:\\\/\\\/easyliferobo.com\\\/de\\\/product\\\/roboterstaubsauger-buerstenloser-design-staubsaugerroboter-starkes-vakuum-selbstladend-fernbedienung-flach-leise-geeignet-fuer-tierhaare-und-hartboeden-e3\\\/#breadcrumb\",\"itemListElement\":[{\"@type\":\"ListItem\",\"position\":1,\"name\":\"Home\",\"item\":\"https:\\\/\\\/easyliferobo.com\\\/de\\\/\"},{\"@type\":\"ListItem\",\"position\":2,\"name\":\"Shop\",\"item\":\"https:\\\/\\\/easyliferobo.com\\\/de\\\/shop\\\/\"},{\"@type\":\"ListItem\",\"position\":3,\"name\":\"Roboterstaubsauger, b\u00fcrstenloser D...\"}]},{\"@type\":\"WebSite\",\"@id\":\"https:\\\/\\\/easyliferobo.com\\\/de\\\/#website\",\"url\":\"https:\\\/\\\/easyliferobo.com\\\/de\\\/\",\"name\":\"EasyLifeBro\",\"description\":\"Smarte Roboter f\u00fcr Zuhause, Garten &amp; Bildung\",\"publisher\":{\"@id\":\"https:\\\/\\\/easyliferobo.com\\\/de\\\/#organization\"},\"potentialAction\":[{\"@type\":\"SearchAction\",\"target\":{\"@type\":\"EntryPoint\",\"urlTemplate\":\"https:\\\/\\\/easyliferobo.com\\\/de\\\/?s={search_term_string}\"},\"query-input\":{\"@type\":\"PropertyValueSpecification\",\"valueRequired\":true,\"valueName\":\"search_term_string\"}}],\"inLanguage\":\"de\"},{\"@type\":\"Organization\",\"@id\":\"https:\\\/\\\/easyliferobo.com\\\/de\\\/#organization\",\"name\":\"EasyLifeBro\",\"url\":\"https:\\\/\\\/easyliferobo.com\\\/de\\\/\",\"logo\":{\"@type\":\"ImageObject\",\"inLanguage\":\"de\",\"@id\":\"https:\\\/\\\/easyliferobo.com\\\/de\\\/#\\\/schema\\\/logo\\\/image\\\/\",\"url\":\"https:\\\/\\\/easyliferobo.com\\\/de\\\/wp-content\\\/uploads\\\/2026\\\/02\\\/Screenshot-2026-02-22-at-2.25.03-PM.png\",\"contentUrl\":\"https:\\\/\\\/easyliferobo.com\\\/de\\\/wp-content\\\/uploads\\\/2026\\\/02\\\/Screenshot-2026-02-22-at-2.25.03-PM.png\",\"width\":1858,\"height\":430,\"caption\":\"EasyLifeBro\"},\"image\":{\"@id\":\"https:\\\/\\\/easyliferobo.com\\\/de\\\/#\\\/schema\\\/logo\\\/image\\\/\"}}]}<\/script>\n<!-- \/ Yoast SEO plugin. -->","yoast_head_json":{"title":"Roboterstaubsauger, b\u00fcrstenloser Design-Staubsaugerroboter, starkes Vakuum, selbstladend, Fernbedienung, flach, leise, geeignet f\u00fcr Tierhaare und Hartb\u00f6den, E3 - EasyLifeBro","description":"Entdecken Sie smarte Roboter f\u00fcr Zuhause, Garten, Bildung und Sicherheit. Vergleichen Sie Saugroboter, Rasenm\u00e4hroboter, KI-Begleitroboter und mehr bei EasyLifeRobo.","robots":{"index":"index","follow":"follow","max-snippet":"max-snippet:-1","max-image-preview":"max-image-preview:large","max-video-preview":"max-video-preview:-1"},"canonical":"https:\/\/easyliferobo.com\/de\/product\/roboterstaubsauger-buerstenloser-design-staubsaugerroboter-starkes-vakuum-selbstladend-fernbedienung-flach-leise-geeignet-fuer-tierhaare-und-hartboeden-e3\/","og_locale":"de_DE","og_type":"article","og_title":"Roboterstaubsauger, b\u00fcrstenloser Design-Staubsaugerroboter, starkes Vakuum, selbstladend, Fernbedienung, flach, leise, geeignet f\u00fcr Tierhaare und Hartb\u00f6den, E3 - EasyLifeBro","og_description":"Entdecken Sie smarte Roboter f\u00fcr Zuhause, Garten, Bildung und Sicherheit. Vergleichen Sie Saugroboter, Rasenm\u00e4hroboter, KI-Begleitroboter und mehr bei EasyLifeRobo.","og_url":"https:\/\/easyliferobo.com\/de\/product\/roboterstaubsauger-buerstenloser-design-staubsaugerroboter-starkes-vakuum-selbstladend-fernbedienung-flach-leise-geeignet-fuer-tierhaare-und-hartboeden-e3\/","og_site_name":"EasyLifeBro","article_modified_time":"2026-02-23T03:30:44+00:00","og_image":[{"width":1393,"height":1459,"url":"https:\/\/easyliferobo.com\/de\/wp-content\/uploads\/2026\/02\/61DILPLrNnL._AC_SL1500_.jpg","type":"image\/jpeg"}],"twitter_card":"summary_large_image","twitter_misc":{"Gesch\u00e4tzte Lesezeit":"1\u00a0Minute"},"schema":{"@context":"https:\/\/schema.org","@graph":[{"@type":"WebPage","@id":"https:\/\/easyliferobo.com\/de\/product\/roboterstaubsauger-buerstenloser-design-staubsaugerroboter-starkes-vakuum-selbstladend-fernbedienung-flach-leise-geeignet-fuer-tierhaare-und-hartboeden-e3\/","url":"https:\/\/easyliferobo.com\/de\/product\/roboterstaubsauger-buerstenloser-design-staubsaugerroboter-starkes-vakuum-selbstladend-fernbedienung-flach-leise-geeignet-fuer-tierhaare-und-hartboeden-e3\/","name":"Roboterstaubsauger, b\u00fcrstenloser Design-Staubsaugerroboter, starkes Vakuum, selbstladend, Fernbedienung, flach, leise, geeignet f\u00fcr Tierhaare und Hartb\u00f6den, E3 - EasyLifeBro","isPartOf":{"@id":"https:\/\/easyliferobo.com\/de\/#website"},"primaryImageOfPage":{"@id":"https:\/\/easyliferobo.com\/de\/product\/roboterstaubsauger-buerstenloser-design-staubsaugerroboter-starkes-vakuum-selbstladend-fernbedienung-flach-leise-geeignet-fuer-tierhaare-und-hartboeden-e3\/#primaryimage"},"image":{"@id":"https:\/\/easyliferobo.com\/de\/product\/roboterstaubsauger-buerstenloser-design-staubsaugerroboter-starkes-vakuum-selbstladend-fernbedienung-flach-leise-geeignet-fuer-tierhaare-und-hartboeden-e3\/#primaryimage"},"thumbnailUrl":"https:\/\/easyliferobo.com\/de\/wp-content\/uploads\/2026\/02\/61DILPLrNnL._AC_SL1500_.jpg","datePublished":"2026-02-23T03:30:29+00:00","dateModified":"2026-02-23T03:30:44+00:00","description":"Entdecken Sie smarte Roboter f\u00fcr Zuhause, Garten, Bildung und Sicherheit. Vergleichen Sie Saugroboter, Rasenm\u00e4hroboter, KI-Begleitroboter und mehr bei EasyLifeRobo.","breadcrumb":{"@id":"https:\/\/easyliferobo.com\/de\/product\/roboterstaubsauger-buerstenloser-design-staubsaugerroboter-starkes-vakuum-selbstladend-fernbedienung-flach-leise-geeignet-fuer-tierhaare-und-hartboeden-e3\/#breadcrumb"},"inLanguage":"de","potentialAction":[{"@type":"ReadAction","target":["https:\/\/easyliferobo.com\/de\/product\/roboterstaubsauger-buerstenloser-design-staubsaugerroboter-starkes-vakuum-selbstladend-fernbedienung-flach-leise-geeignet-fuer-tierhaare-und-hartboeden-e3\/"]}]},{"@type":"ImageObject","inLanguage":"de","@id":"https:\/\/easyliferobo.com\/de\/product\/roboterstaubsauger-buerstenloser-design-staubsaugerroboter-starkes-vakuum-selbstladend-fernbedienung-flach-leise-geeignet-fuer-tierhaare-und-hartboeden-e3\/#primaryimage","url":"https:\/\/easyliferobo.com\/de\/wp-content\/uploads\/2026\/02\/61DILPLrNnL._AC_SL1500_.jpg","contentUrl":"https:\/\/easyliferobo.com\/de\/wp-content\/uploads\/2026\/02\/61DILPLrNnL._AC_SL1500_.jpg","width":1393,"height":1459},{"@type":"BreadcrumbList","@id":"https:\/\/easyliferobo.com\/de\/product\/roboterstaubsauger-buerstenloser-design-staubsaugerroboter-starkes-vakuum-selbstladend-fernbedienung-flach-leise-geeignet-fuer-tierhaare-und-hartboeden-e3\/#breadcrumb","itemListElement":[{"@type":"ListItem","position":1,"name":"Home","item":"https:\/\/easyliferobo.com\/de\/"},{"@type":"ListItem","position":2,"name":"Shop","item":"https:\/\/easyliferobo.com\/de\/shop\/"},{"@type":"ListItem","position":3,"name":"Roboterstaubsauger, b\u00fcrstenloser D..."}]},{"@type":"WebSite","@id":"https:\/\/easyliferobo.com\/de\/#website","url":"https:\/\/easyliferobo.com\/de\/","name":"EasyLifeBro","description":"Smarte Roboter f\u00fcr Zuhause, Garten &amp; Bildung","publisher":{"@id":"https:\/\/easyliferobo.com\/de\/#organization"},"potentialAction":[{"@type":"SearchAction","target":{"@type":"EntryPoint","urlTemplate":"https:\/\/easyliferobo.com\/de\/?s={search_term_string}"},"query-input":{"@type":"PropertyValueSpecification","valueRequired":true,"valueName":"search_term_string"}}],"inLanguage":"de"},{"@type":"Organization","@id":"https:\/\/easyliferobo.com\/de\/#organization","name":"EasyLifeBro","url":"https:\/\/easyliferobo.com\/de\/","logo":{"@type":"ImageObject","inLanguage":"de","@id":"https:\/\/easyliferobo.com\/de\/#\/schema\/logo\/image\/","url":"https:\/\/easyliferobo.com\/de\/wp-content\/uploads\/2026\/02\/Screenshot-2026-02-22-at-2.25.03-PM.png","contentUrl":"https:\/\/easyliferobo.com\/de\/wp-content\/uploads\/2026\/02\/Screenshot-2026-02-22-at-2.25.03-PM.png","width":1858,"height":430,"caption":"EasyLifeBro"},"image":{"@id":"https:\/\/easyliferobo.com\/de\/#\/schema\/logo\/image\/"}}]}},"_links":{"self":[{"href":"https:\/\/easyliferobo.com\/de\/wp-json\/wp\/v2\/product\/1518","targetHints":{"allow":["GET"]}}],"collection":[{"href":"https:\/\/easyliferobo.com\/de\/wp-json\/wp\/v2\/product"}],"about":[{"href":"https:\/\/easyliferobo.com\/de\/wp-json\/wp\/v2\/types\/product"}],"replies":[{"embeddable":true,"href":"https:\/\/easyliferobo.com\/de\/wp-json\/wp\/v2\/comments?post=1518"}],"wp:featuredmedia":[{"embeddable":true,"href":"https:\/\/easyliferobo.com\/de\/wp-json\/wp\/v2\/media\/1519"}],"wp:attachment":[{"href":"https:\/\/easyliferobo.com\/de\/wp-json\/wp\/v2\/media?parent=1518"}],"wp:term":[{"taxonomy":"store","embeddable":true,"href":"https:\/\/easyliferobo.com\/de\/wp-json\/wp\/v2\/store?post=1518"},{"taxonomy":"product_brand","embeddable":true,"href":"https:\/\/easyliferobo.com\/de\/wp-json\/wp\/v2\/product_brand?post=1518"},{"taxonomy":"product_cat","embeddable":true,"href":"https:\/\/easyliferobo.com\/de\/wp-json\/wp\/v2\/product_cat?post=1518"},{"taxonomy":"product_tag","embeddable":true,"href":"https:\/\/easyliferobo.com\/de\/wp-json\/wp\/v2\/product_tag?post=1518"}],"curies":[{"name":"wp","href":"https:\/\/api.w.org\/{rel}","templated":true}]}}