
{"id":1508,"date":"2026-02-23T03:28:52","date_gmt":"2026-02-23T03:28:52","guid":{"rendered":"https:\/\/easyliferobo.com\/de\/product\/monsga-saugroboter-mit-wischfunktion-35l-staubsaugerroboter-mit-saugstation-5000pa-saugleistung-180min-laufzeit-lidar-navigation-starke-saugleistung-ideal-fuer-teppich-und-tierhaare-app-steueru\/"},"modified":"2026-02-23T03:29:11","modified_gmt":"2026-02-23T03:29:11","slug":"monsga-saugroboter-mit-wischfunktion-35l-staubsaugerroboter-mit-saugstation-5000pa-saugleistung-180min-laufzeit-lidar-navigation-starke-saugleistung-ideal-fuer-teppich-und-tierhaare-app-steueru","status":"publish","type":"product","link":"https:\/\/easyliferobo.com\/de\/product\/monsga-saugroboter-mit-wischfunktion-35l-staubsaugerroboter-mit-saugstation-5000pa-saugleistung-180min-laufzeit-lidar-navigation-starke-saugleistung-ideal-fuer-teppich-und-tierhaare-app-steueru\/","title":{"rendered":"MONSGA Saugroboter mit Wischfunktio..."},"content":{"rendered":"<p>\n                                             Von der Marke   <\/p>\n<p>                                              <img decoding=\"async\" alt=\"Roboterstaubsauger mit Wischfunktion\" src=\"https:\/\/images-na.ssl-images-amazon.com\/images\/G\/01\/x-locale\/common\/grey-pixel.gif\" class=\"a-lazy-loaded\" data-src=\"https:\/\/m.media-amazon.com\/images\/S\/aplus-media-library-service-media\/4490ba29-8733-4186-8dec-ef0566013309.__CR0,0,1464,625_PT0_SX1464_V1___.jpg\"><img decoding=\"async\" alt=\"Roboterstaubsauger mit Wischfunktion\" src=\"https:\/\/m.media-amazon.com\/images\/S\/aplus-media-library-service-media\/4490ba29-8733-4186-8dec-ef0566013309.__CR0,0,1464,625_PT0_SX1464_V1___.jpg\">  <\/p>\n<p>                                              <img decoding=\"async\" alt=\"\" src=\"https:\/\/images-na.ssl-images-amazon.com\/images\/G\/01\/x-locale\/common\/grey-pixel.gif\" class=\"a-lazy-loaded\" data-src=\"https:\/\/m.media-amazon.com\/images\/S\/aplus-media-library-service-media\/452506b6-ea3e-47c4-8d40-db45d65d61fd.__CR0,0,315,145_PT0_SX315_V1___.jpg\"><img decoding=\"async\" alt=\"\" src=\"https:\/\/m.media-amazon.com\/images\/S\/aplus-media-library-service-media\/452506b6-ea3e-47c4-8d40-db45d65d61fd.__CR0,0,315,145_PT0_SX315_V1___.jpg\">  <\/p>\n<p>  Monster trifft Spiel: H\u00f6chstleistung trifft auf Superspa\u00df <\/p>\n<p>  \u201eMonster\u201c \u2013 Wie ein Monster, das seine Beute verschlingt, k\u00f6nnen Monsga-Produkte jeden kleinen Fleck in Ihrem Zuhause schnell beseitigen. <\/p>\n<p>  \u201eSpiel\u201c \u2013 Aber wer sagt, dass Putzen langweilig sein muss? Mit intelligenten Funktionen, benutzerfreundlichem Design und spielerischen Reinigungsroutinen machen wir es Ihnen leicht, motiviert zu bleiben und Spa\u00df am Putzen zu haben. <\/p>\n<p>                                              <img decoding=\"async\" alt=\"1\" src=\"https:\/\/images-na.ssl-images-amazon.com\/images\/G\/01\/x-locale\/common\/grey-pixel.gif\" class=\"a-lazy-loaded\" data-src=\"https:\/\/m.media-amazon.com\/images\/S\/aplus-media-library-service-media\/eb7b5cd8-d391-4d23-a9e3-19a857972d64.__CR0,0,362,453_PT0_SX362_V1___.jpg\"><img decoding=\"async\" alt=\"1\" src=\"https:\/\/m.media-amazon.com\/images\/S\/aplus-media-library-service-media\/eb7b5cd8-d391-4d23-a9e3-19a857972d64.__CR0,0,362,453_PT0_SX362_V1___.jpg\">  <\/p>\n<p>                                              <img decoding=\"async\" alt=\"2 Gro\u00dfbritannien\" src=\"https:\/\/images-na.ssl-images-amazon.com\/images\/G\/01\/x-locale\/common\/grey-pixel.gif\" class=\"a-lazy-loaded\" data-src=\"https:\/\/m.media-amazon.com\/images\/S\/aplus-media-library-service-media\/b603af90-63a1-4f79-ae6a-f95e926e17ad.__CR0,0,362,453_PT0_SX362_V1___.jpg\"><img decoding=\"async\" alt=\"2 Gro\u00dfbritannien\" src=\"https:\/\/m.media-amazon.com\/images\/S\/aplus-media-library-service-media\/b603af90-63a1-4f79-ae6a-f95e926e17ad.__CR0,0,362,453_PT0_SX362_V1___.jpg\">  <\/p>\n<p>                                              <img decoding=\"async\" alt=\"3 US\" src=\"https:\/\/images-na.ssl-images-amazon.com\/images\/G\/01\/x-locale\/common\/grey-pixel.gif\" class=\"a-lazy-loaded\" data-src=\"https:\/\/m.media-amazon.com\/images\/S\/aplus-media-library-service-media\/b8bcda27-0336-4c62-b802-685103029da1.__CR0,0,362,453_PT0_SX362_V1___.jpg\"><img decoding=\"async\" alt=\"3 US\" src=\"https:\/\/m.media-amazon.com\/images\/S\/aplus-media-library-service-media\/b8bcda27-0336-4c62-b802-685103029da1.__CR0,0,362,453_PT0_SX362_V1___.jpg\">  <\/p>\n<p>                                              <img decoding=\"async\" alt=\"4 US\" src=\"https:\/\/images-na.ssl-images-amazon.com\/images\/G\/01\/x-locale\/common\/grey-pixel.gif\" class=\"a-lazy-loaded\" data-src=\"https:\/\/m.media-amazon.com\/images\/S\/aplus-media-library-service-media\/b96ff6f8-8fa6-4fa2-8b13-b1baf5d9ef6d.__CR0,0,362,453_PT0_SX362_V1___.jpg\"><img decoding=\"async\" alt=\"4 US\" src=\"https:\/\/m.media-amazon.com\/images\/S\/aplus-media-library-service-media\/b96ff6f8-8fa6-4fa2-8b13-b1baf5d9ef6d.__CR0,0,362,453_PT0_SX362_V1___.jpg\">  <\/p>\n<p>Der MONSGA Roboterstaubsauger mit einer starken Saugkraft von 5000 Pa entfernt m\u00fchelos Haare, Staub und Schmutz. Der Roboterstaubsauger verf\u00fcgt \u00fcber eine abnehmbare schwimmende Hauptb\u00fcrste, die sich besser an alle Arten von Bodenbel\u00e4gen anpasst und das Einklemmen von Haaren wirksam reduziert. Der selbstentleerende 3,5-Liter-Beh\u00e4lter sammelt den Abfall bis zu 60 Tage lang, die Reinigung gew\u00e4hrleistet und minimiert den Kontakt mit Staub sowie das Risiko einer Sekund\u00e4rverschmutzung<br \/>Roboterstaubsauger mit Wischfunktion und Saugstation kombiniert Kehren, Staubsaugen und Wischen. Mit 3-stufiger Saug- und Wassertankregulierung. Sie k\u00f6nnen ganz einfach zwischen nur Kehren, nur Wischen oder sowohl Kehren als auch Wischen wechseln, um die Reinigung an unterschiedliche Bodentypen und Verschmutzungsgrade anzupassen \u2013 ideal f\u00fcr Teppiche, Hartb\u00f6den und Tierhaare<br \/>Leicht zu reinigen und einfach zu kartieren: Staubsauger-Roboter dank pr\u00e4ziser LiDAR-Navigation, schnellere Geschwindigkeit beim Scannen und pr\u00e4zisere Kartierung, speichert bis zu 5 Karten, was eine 999999-Effizienz reinigt. Das intelligente Wegplanungssystem deckt alle Bereiche gr\u00fcndlich ab und vermeidet Wiederholungen und Auslassungen. Hervorragende Funktionen zur Hindernis\u00fcberwindung, Kollisionsschutz und Absturzsicherung<br \/>Einfach zu bedienen: Saugroboter mit Wischfunktion. \u00dcber die App-Steuerung (kompatible Smart-Life-App) k\u00f6nnen Sie die Reinigungsreihenfolge und Reinigungszeit des Roboters einstellen, den Reinigungsmodus ausw\u00e4hlen (4 Arten), bestimmte R\u00e4ume reinigen, virtuelle W\u00e4nde und Barrierebereiche einrichten usw. Sprachsteuerung: Unterst\u00fctzung f\u00fcr Alexa und Google Assistant. Ausgestattet mit einer unabh\u00e4ngigen unabh\u00e4ngigen Fernbedienung. Hinweis: F\u00fcr die App-Verbindung ist 2,4-GHz-WLAN erforderlich<br \/>Automatischer Einsatz: Der Roboterstaubsauger MS1 MAX l\u00e4uft mit einer einzigen Ladung bis zu 180 Minuten und reinigt ein Haus bis zu 200 \u33a1. Automatischer Ladevorgang, wenn der Akkustand unter 15 % liegt, er kehrt zur Ladestation zur\u00fcck, l\u00e4dt auf und kann dort weitermachen, wo er zuvor aufgeh\u00f6rt hat<br \/>Umweltschutz: Der Roboterstaubsauger verf\u00fcgt \u00fcber eine automatische Druckanwendung, sodass Teppiche schonend und effektiv gereinigt werden, ohne die Teppichfasern zu besch\u00e4digen. Es ist leicht, Staub, Schmutz und sogar Tierhaare von glatten B\u00f6den und Teppichen zu entfernen<br \/>MONSGA Roboterstaubsauger versprechen 24 Monate Garantie und sorgenfreien Kundenservice. 1 x Roboterstaubsauger mit Saugstation, 1 x 2-in-1-Wassertank, 1 x Seitenb\u00fcrste, 2 x HEPA-Filter, 2 x Wischer, 2 x Staubbeutel, 1 x Netz, 1 x 1 Teil, Teil, Teil x Reinigungsb\u00fcrste, 1 x Bedienungsanleitung (evtl. nicht in deutscher Sprache).<br \/>Lernen Sie Alex kennen, einen Marketingmanager, der st\u00e4ndig Kundengespr\u00e4che und abendliche Spinning-Kurse unter einen Hut bringen muss. Mit der selbstentleerenden 3,5-Liter-Vakuumstation von MONSGA muss Alex nicht mitten in der Pr\u00e4sentation pausieren, um den Staubsauger zu entleeren \u2013 ersetzen Sie den Beh\u00e4lter einfach alle zwei Monate statt w\u00f6chentlich. Perfekt f\u00fcr kleine Wohnungen, in denen Zeit und Stauraum kostbar sind<br \/>Sarah aus Berlin lebt in ihrem Zuhause mit zwei Golden Retrievern und einer haarigen Katze. Zwischen der Arbeit, Hundespazierg\u00e4ngen und Wochenendwanderungen m\u00f6chte sie nicht jeden Tag einen Staubsauger leeren. Die 3,5-Liter-Station des MS1 MAX f\u00e4ngt acht Wochen lang Haare, Schmutz und Hautschuppen ein, sodass er sich auf Spieltermine konzentrieren kann, anstatt sich um das Aufr\u00e4umen von Tierkot k\u00fcmmern zu m\u00fcssen<br \/>Das Rentnerehepaar John und Linda liebt das Reisen, hasst aber die R\u00fcckkehr zur Hausarbeit. Der Roboterstaubsauger MONSGA MS1 MAX mit 3,5-Liter-Beh\u00e4lter entfernt w\u00e4hrend ihrer Abwesenheit Staub und Schmutz aus ihrem reduzierten Zuhause. Sie m\u00fcssen die Nachbarn nicht mehr bitten, sich um das Haus zu k\u00fcmmern \u2013 tauschen Sie den Container einfach alle 60 Tage aus, wenn sie zur\u00fcck sind<\/p>\n<p>[ad_2]<\/p>\n","protected":false},"excerpt":{"rendered":"<p>Von der Marke Monster trifft Spiel: H\u00f6chstleistung trifft auf Superspa\u00df \u201eMonster\u201c \u2013 Wie ein Monster, das seine Beute verschlingt, k\u00f6nnen Monsga-Produkte jeden kleinen Fleck in Ihrem Zuhause schnell beseitigen. \u201eSpiel\u201c \u2013 Aber wer sagt, dass Putzen langweilig sein muss? Mit intelligenten Funktionen, benutzerfreundlichem Design und spielerischen Reinigungsroutinen machen wir es Ihnen leicht, motiviert zu bleiben [&hellip;]<\/p>\n","protected":false},"featured_media":1509,"comment_status":"open","ping_status":"closed","template":"","meta":{"_aipt_faq_data":""},"store":[],"product_brand":[304],"product_cat":[73],"product_tag":[303],"class_list":{"0":"post-1508","1":"product","2":"type-product","3":"status-publish","4":"has-post-thumbnail","6":"product_brand-monsga","7":"product_cat-wischroboter","8":"product_tag-automatische-wischroboter-leise","10":"first","11":"instock","12":"sale","13":"shipping-taxable","14":"product-type-external"},"yoast_head":"<!-- This site is optimized with the Yoast SEO plugin v27.0 - https:\/\/yoast.com\/product\/yoast-seo-wordpress\/ -->\n<title>MONSGA Saugroboter mit Wischfunktion, 3,5L Staubsaugerroboter mit Saugstation, 5000Pa Saugleistung, 180min Laufzeit, LiDAR-Navigation, starke Saugleistung ideal f\u00fcr Teppich und Tierhaare, App-Steuerung - EasyLifeBro<\/title>\n<meta name=\"description\" content=\"Entdecken Sie smarte Roboter f\u00fcr Zuhause, Garten, Bildung und Sicherheit. Vergleichen Sie Saugroboter, Rasenm\u00e4hroboter, KI-Begleitroboter und mehr bei EasyLifeRobo.\" \/>\n<meta name=\"robots\" content=\"index, follow, max-snippet:-1, max-image-preview:large, max-video-preview:-1\" \/>\n<link rel=\"canonical\" href=\"https:\/\/easyliferobo.com\/de\/product\/monsga-saugroboter-mit-wischfunktion-35l-staubsaugerroboter-mit-saugstation-5000pa-saugleistung-180min-laufzeit-lidar-navigation-starke-saugleistung-ideal-fuer-teppich-und-tierhaare-app-steueru\/\" \/>\n<meta property=\"og:locale\" content=\"de_DE\" \/>\n<meta property=\"og:type\" content=\"article\" \/>\n<meta property=\"og:title\" content=\"MONSGA Saugroboter mit Wischfunktion, 3,5L Staubsaugerroboter mit Saugstation, 5000Pa Saugleistung, 180min Laufzeit, LiDAR-Navigation, starke Saugleistung ideal f\u00fcr Teppich und Tierhaare, App-Steuerung - EasyLifeBro\" \/>\n<meta property=\"og:description\" content=\"Entdecken Sie smarte Roboter f\u00fcr Zuhause, Garten, Bildung und Sicherheit. Vergleichen Sie Saugroboter, Rasenm\u00e4hroboter, KI-Begleitroboter und mehr bei EasyLifeRobo.\" \/>\n<meta property=\"og:url\" content=\"https:\/\/easyliferobo.com\/de\/product\/monsga-saugroboter-mit-wischfunktion-35l-staubsaugerroboter-mit-saugstation-5000pa-saugleistung-180min-laufzeit-lidar-navigation-starke-saugleistung-ideal-fuer-teppich-und-tierhaare-app-steueru\/\" \/>\n<meta property=\"og:site_name\" content=\"EasyLifeBro\" \/>\n<meta property=\"article:modified_time\" content=\"2026-02-23T03:29:11+00:00\" \/>\n<meta property=\"og:image\" content=\"https:\/\/easyliferobo.com\/de\/wp-content\/uploads\/2026\/02\/716XEHlQpzL._AC_SL1500_.jpg\" \/>\n\t<meta property=\"og:image:width\" content=\"1433\" \/>\n\t<meta property=\"og:image:height\" content=\"1500\" \/>\n\t<meta property=\"og:image:type\" content=\"image\/jpeg\" \/>\n<meta name=\"twitter:card\" content=\"summary_large_image\" \/>\n<meta name=\"twitter:label1\" content=\"Gesch\u00e4tzte Lesezeit\" \/>\n\t<meta name=\"twitter:data1\" content=\"3\u00a0Minuten\" \/>\n<script type=\"application\/ld+json\" class=\"yoast-schema-graph\">{\"@context\":\"https:\/\/schema.org\",\"@graph\":[{\"@type\":\"WebPage\",\"@id\":\"https:\/\/easyliferobo.com\/de\/product\/monsga-saugroboter-mit-wischfunktion-35l-staubsaugerroboter-mit-saugstation-5000pa-saugleistung-180min-laufzeit-lidar-navigation-starke-saugleistung-ideal-fuer-teppich-und-tierhaare-app-steueru\/\",\"url\":\"https:\/\/easyliferobo.com\/de\/product\/monsga-saugroboter-mit-wischfunktion-35l-staubsaugerroboter-mit-saugstation-5000pa-saugleistung-180min-laufzeit-lidar-navigation-starke-saugleistung-ideal-fuer-teppich-und-tierhaare-app-steueru\/\",\"name\":\"MONSGA Saugroboter mit Wischfunktion, 3,5L Staubsaugerroboter mit Saugstation, 5000Pa Saugleistung, 180min Laufzeit, LiDAR-Navigation, starke Saugleistung ideal f\u00fcr Teppich und Tierhaare, App-Steuerung - EasyLifeBro\",\"isPartOf\":{\"@id\":\"https:\/\/easyliferobo.com\/de\/#website\"},\"primaryImageOfPage\":{\"@id\":\"https:\/\/easyliferobo.com\/de\/product\/monsga-saugroboter-mit-wischfunktion-35l-staubsaugerroboter-mit-saugstation-5000pa-saugleistung-180min-laufzeit-lidar-navigation-starke-saugleistung-ideal-fuer-teppich-und-tierhaare-app-steueru\/#primaryimage\"},\"image\":{\"@id\":\"https:\/\/easyliferobo.com\/de\/product\/monsga-saugroboter-mit-wischfunktion-35l-staubsaugerroboter-mit-saugstation-5000pa-saugleistung-180min-laufzeit-lidar-navigation-starke-saugleistung-ideal-fuer-teppich-und-tierhaare-app-steueru\/#primaryimage\"},\"thumbnailUrl\":\"https:\/\/easyliferobo.com\/de\/wp-content\/uploads\/2026\/02\/716XEHlQpzL._AC_SL1500_.jpg\",\"datePublished\":\"2026-02-23T03:28:52+00:00\",\"dateModified\":\"2026-02-23T03:29:11+00:00\",\"description\":\"Entdecken Sie smarte Roboter f\u00fcr Zuhause, Garten, Bildung und Sicherheit. Vergleichen Sie Saugroboter, Rasenm\u00e4hroboter, KI-Begleitroboter und mehr bei EasyLifeRobo.\",\"breadcrumb\":{\"@id\":\"https:\/\/easyliferobo.com\/de\/product\/monsga-saugroboter-mit-wischfunktion-35l-staubsaugerroboter-mit-saugstation-5000pa-saugleistung-180min-laufzeit-lidar-navigation-starke-saugleistung-ideal-fuer-teppich-und-tierhaare-app-steueru\/#breadcrumb\"},\"inLanguage\":\"de\",\"potentialAction\":[{\"@type\":\"ReadAction\",\"target\":[\"https:\/\/easyliferobo.com\/de\/product\/monsga-saugroboter-mit-wischfunktion-35l-staubsaugerroboter-mit-saugstation-5000pa-saugleistung-180min-laufzeit-lidar-navigation-starke-saugleistung-ideal-fuer-teppich-und-tierhaare-app-steueru\/\"]}]},{\"@type\":\"ImageObject\",\"inLanguage\":\"de\",\"@id\":\"https:\/\/easyliferobo.com\/de\/product\/monsga-saugroboter-mit-wischfunktion-35l-staubsaugerroboter-mit-saugstation-5000pa-saugleistung-180min-laufzeit-lidar-navigation-starke-saugleistung-ideal-fuer-teppich-und-tierhaare-app-steueru\/#primaryimage\",\"url\":\"https:\/\/easyliferobo.com\/de\/wp-content\/uploads\/2026\/02\/716XEHlQpzL._AC_SL1500_.jpg\",\"contentUrl\":\"https:\/\/easyliferobo.com\/de\/wp-content\/uploads\/2026\/02\/716XEHlQpzL._AC_SL1500_.jpg\",\"width\":1433,\"height\":1500},{\"@type\":\"BreadcrumbList\",\"@id\":\"https:\/\/easyliferobo.com\/de\/product\/monsga-saugroboter-mit-wischfunktion-35l-staubsaugerroboter-mit-saugstation-5000pa-saugleistung-180min-laufzeit-lidar-navigation-starke-saugleistung-ideal-fuer-teppich-und-tierhaare-app-steueru\/#breadcrumb\",\"itemListElement\":[{\"@type\":\"ListItem\",\"position\":1,\"name\":\"Home\",\"item\":\"https:\/\/easyliferobo.com\/de\/\"},{\"@type\":\"ListItem\",\"position\":2,\"name\":\"Shop\",\"item\":\"https:\/\/easyliferobo.com\/de\/shop\/\"},{\"@type\":\"ListItem\",\"position\":3,\"name\":\"MONSGA Saugroboter mit Wischfunktio...\"}]},{\"@type\":\"WebSite\",\"@id\":\"https:\/\/easyliferobo.com\/de\/#website\",\"url\":\"https:\/\/easyliferobo.com\/de\/\",\"name\":\"EasyLifeBro\",\"description\":\"Smarte Roboter f\u00fcr Zuhause, Garten &amp; Bildung\",\"publisher\":{\"@id\":\"https:\/\/easyliferobo.com\/de\/#organization\"},\"potentialAction\":[{\"@type\":\"SearchAction\",\"target\":{\"@type\":\"EntryPoint\",\"urlTemplate\":\"https:\/\/easyliferobo.com\/de\/?s={search_term_string}\"},\"query-input\":{\"@type\":\"PropertyValueSpecification\",\"valueRequired\":true,\"valueName\":\"search_term_string\"}}],\"inLanguage\":\"de\"},{\"@type\":\"Organization\",\"@id\":\"https:\/\/easyliferobo.com\/de\/#organization\",\"name\":\"EasyLifeBro\",\"url\":\"https:\/\/easyliferobo.com\/de\/\",\"logo\":{\"@type\":\"ImageObject\",\"inLanguage\":\"de\",\"@id\":\"https:\/\/easyliferobo.com\/de\/#\/schema\/logo\/image\/\",\"url\":\"https:\/\/easyliferobo.com\/de\/wp-content\/uploads\/2026\/02\/Screenshot-2026-02-22-at-2.25.03-PM.png\",\"contentUrl\":\"https:\/\/easyliferobo.com\/de\/wp-content\/uploads\/2026\/02\/Screenshot-2026-02-22-at-2.25.03-PM.png\",\"width\":1858,\"height\":430,\"caption\":\"EasyLifeBro\"},\"image\":{\"@id\":\"https:\/\/easyliferobo.com\/de\/#\/schema\/logo\/image\/\"}}]}<\/script>\n<!-- \/ Yoast SEO plugin. -->","yoast_head_json":{"title":"MONSGA Saugroboter mit Wischfunktion, 3,5L Staubsaugerroboter mit Saugstation, 5000Pa Saugleistung, 180min Laufzeit, LiDAR-Navigation, starke Saugleistung ideal f\u00fcr Teppich und Tierhaare, App-Steuerung - EasyLifeBro","description":"Entdecken Sie smarte Roboter f\u00fcr Zuhause, Garten, Bildung und Sicherheit. Vergleichen Sie Saugroboter, Rasenm\u00e4hroboter, KI-Begleitroboter und mehr bei EasyLifeRobo.","robots":{"index":"index","follow":"follow","max-snippet":"max-snippet:-1","max-image-preview":"max-image-preview:large","max-video-preview":"max-video-preview:-1"},"canonical":"https:\/\/easyliferobo.com\/de\/product\/monsga-saugroboter-mit-wischfunktion-35l-staubsaugerroboter-mit-saugstation-5000pa-saugleistung-180min-laufzeit-lidar-navigation-starke-saugleistung-ideal-fuer-teppich-und-tierhaare-app-steueru\/","og_locale":"de_DE","og_type":"article","og_title":"MONSGA Saugroboter mit Wischfunktion, 3,5L Staubsaugerroboter mit Saugstation, 5000Pa Saugleistung, 180min Laufzeit, LiDAR-Navigation, starke Saugleistung ideal f\u00fcr Teppich und Tierhaare, App-Steuerung - EasyLifeBro","og_description":"Entdecken Sie smarte Roboter f\u00fcr Zuhause, Garten, Bildung und Sicherheit. Vergleichen Sie Saugroboter, Rasenm\u00e4hroboter, KI-Begleitroboter und mehr bei EasyLifeRobo.","og_url":"https:\/\/easyliferobo.com\/de\/product\/monsga-saugroboter-mit-wischfunktion-35l-staubsaugerroboter-mit-saugstation-5000pa-saugleistung-180min-laufzeit-lidar-navigation-starke-saugleistung-ideal-fuer-teppich-und-tierhaare-app-steueru\/","og_site_name":"EasyLifeBro","article_modified_time":"2026-02-23T03:29:11+00:00","og_image":[{"width":1433,"height":1500,"url":"https:\/\/easyliferobo.com\/de\/wp-content\/uploads\/2026\/02\/716XEHlQpzL._AC_SL1500_.jpg","type":"image\/jpeg"}],"twitter_card":"summary_large_image","twitter_misc":{"Gesch\u00e4tzte Lesezeit":"3\u00a0Minuten"},"schema":{"@context":"https:\/\/schema.org","@graph":[{"@type":"WebPage","@id":"https:\/\/easyliferobo.com\/de\/product\/monsga-saugroboter-mit-wischfunktion-35l-staubsaugerroboter-mit-saugstation-5000pa-saugleistung-180min-laufzeit-lidar-navigation-starke-saugleistung-ideal-fuer-teppich-und-tierhaare-app-steueru\/","url":"https:\/\/easyliferobo.com\/de\/product\/monsga-saugroboter-mit-wischfunktion-35l-staubsaugerroboter-mit-saugstation-5000pa-saugleistung-180min-laufzeit-lidar-navigation-starke-saugleistung-ideal-fuer-teppich-und-tierhaare-app-steueru\/","name":"MONSGA Saugroboter mit Wischfunktion, 3,5L Staubsaugerroboter mit Saugstation, 5000Pa Saugleistung, 180min Laufzeit, LiDAR-Navigation, starke Saugleistung ideal f\u00fcr Teppich und Tierhaare, App-Steuerung - EasyLifeBro","isPartOf":{"@id":"https:\/\/easyliferobo.com\/de\/#website"},"primaryImageOfPage":{"@id":"https:\/\/easyliferobo.com\/de\/product\/monsga-saugroboter-mit-wischfunktion-35l-staubsaugerroboter-mit-saugstation-5000pa-saugleistung-180min-laufzeit-lidar-navigation-starke-saugleistung-ideal-fuer-teppich-und-tierhaare-app-steueru\/#primaryimage"},"image":{"@id":"https:\/\/easyliferobo.com\/de\/product\/monsga-saugroboter-mit-wischfunktion-35l-staubsaugerroboter-mit-saugstation-5000pa-saugleistung-180min-laufzeit-lidar-navigation-starke-saugleistung-ideal-fuer-teppich-und-tierhaare-app-steueru\/#primaryimage"},"thumbnailUrl":"https:\/\/easyliferobo.com\/de\/wp-content\/uploads\/2026\/02\/716XEHlQpzL._AC_SL1500_.jpg","datePublished":"2026-02-23T03:28:52+00:00","dateModified":"2026-02-23T03:29:11+00:00","description":"Entdecken Sie smarte Roboter f\u00fcr Zuhause, Garten, Bildung und Sicherheit. Vergleichen Sie Saugroboter, Rasenm\u00e4hroboter, KI-Begleitroboter und mehr bei EasyLifeRobo.","breadcrumb":{"@id":"https:\/\/easyliferobo.com\/de\/product\/monsga-saugroboter-mit-wischfunktion-35l-staubsaugerroboter-mit-saugstation-5000pa-saugleistung-180min-laufzeit-lidar-navigation-starke-saugleistung-ideal-fuer-teppich-und-tierhaare-app-steueru\/#breadcrumb"},"inLanguage":"de","potentialAction":[{"@type":"ReadAction","target":["https:\/\/easyliferobo.com\/de\/product\/monsga-saugroboter-mit-wischfunktion-35l-staubsaugerroboter-mit-saugstation-5000pa-saugleistung-180min-laufzeit-lidar-navigation-starke-saugleistung-ideal-fuer-teppich-und-tierhaare-app-steueru\/"]}]},{"@type":"ImageObject","inLanguage":"de","@id":"https:\/\/easyliferobo.com\/de\/product\/monsga-saugroboter-mit-wischfunktion-35l-staubsaugerroboter-mit-saugstation-5000pa-saugleistung-180min-laufzeit-lidar-navigation-starke-saugleistung-ideal-fuer-teppich-und-tierhaare-app-steueru\/#primaryimage","url":"https:\/\/easyliferobo.com\/de\/wp-content\/uploads\/2026\/02\/716XEHlQpzL._AC_SL1500_.jpg","contentUrl":"https:\/\/easyliferobo.com\/de\/wp-content\/uploads\/2026\/02\/716XEHlQpzL._AC_SL1500_.jpg","width":1433,"height":1500},{"@type":"BreadcrumbList","@id":"https:\/\/easyliferobo.com\/de\/product\/monsga-saugroboter-mit-wischfunktion-35l-staubsaugerroboter-mit-saugstation-5000pa-saugleistung-180min-laufzeit-lidar-navigation-starke-saugleistung-ideal-fuer-teppich-und-tierhaare-app-steueru\/#breadcrumb","itemListElement":[{"@type":"ListItem","position":1,"name":"Home","item":"https:\/\/easyliferobo.com\/de\/"},{"@type":"ListItem","position":2,"name":"Shop","item":"https:\/\/easyliferobo.com\/de\/shop\/"},{"@type":"ListItem","position":3,"name":"MONSGA Saugroboter mit Wischfunktio..."}]},{"@type":"WebSite","@id":"https:\/\/easyliferobo.com\/de\/#website","url":"https:\/\/easyliferobo.com\/de\/","name":"EasyLifeBro","description":"Smarte Roboter f\u00fcr Zuhause, Garten &amp; Bildung","publisher":{"@id":"https:\/\/easyliferobo.com\/de\/#organization"},"potentialAction":[{"@type":"SearchAction","target":{"@type":"EntryPoint","urlTemplate":"https:\/\/easyliferobo.com\/de\/?s={search_term_string}"},"query-input":{"@type":"PropertyValueSpecification","valueRequired":true,"valueName":"search_term_string"}}],"inLanguage":"de"},{"@type":"Organization","@id":"https:\/\/easyliferobo.com\/de\/#organization","name":"EasyLifeBro","url":"https:\/\/easyliferobo.com\/de\/","logo":{"@type":"ImageObject","inLanguage":"de","@id":"https:\/\/easyliferobo.com\/de\/#\/schema\/logo\/image\/","url":"https:\/\/easyliferobo.com\/de\/wp-content\/uploads\/2026\/02\/Screenshot-2026-02-22-at-2.25.03-PM.png","contentUrl":"https:\/\/easyliferobo.com\/de\/wp-content\/uploads\/2026\/02\/Screenshot-2026-02-22-at-2.25.03-PM.png","width":1858,"height":430,"caption":"EasyLifeBro"},"image":{"@id":"https:\/\/easyliferobo.com\/de\/#\/schema\/logo\/image\/"}}]}},"_links":{"self":[{"href":"https:\/\/easyliferobo.com\/de\/wp-json\/wp\/v2\/product\/1508","targetHints":{"allow":["GET"]}}],"collection":[{"href":"https:\/\/easyliferobo.com\/de\/wp-json\/wp\/v2\/product"}],"about":[{"href":"https:\/\/easyliferobo.com\/de\/wp-json\/wp\/v2\/types\/product"}],"replies":[{"embeddable":true,"href":"https:\/\/easyliferobo.com\/de\/wp-json\/wp\/v2\/comments?post=1508"}],"wp:featuredmedia":[{"embeddable":true,"href":"https:\/\/easyliferobo.com\/de\/wp-json\/wp\/v2\/media\/1509"}],"wp:attachment":[{"href":"https:\/\/easyliferobo.com\/de\/wp-json\/wp\/v2\/media?parent=1508"}],"wp:term":[{"taxonomy":"store","embeddable":true,"href":"https:\/\/easyliferobo.com\/de\/wp-json\/wp\/v2\/store?post=1508"},{"taxonomy":"product_brand","embeddable":true,"href":"https:\/\/easyliferobo.com\/de\/wp-json\/wp\/v2\/product_brand?post=1508"},{"taxonomy":"product_cat","embeddable":true,"href":"https:\/\/easyliferobo.com\/de\/wp-json\/wp\/v2\/product_cat?post=1508"},{"taxonomy":"product_tag","embeddable":true,"href":"https:\/\/easyliferobo.com\/de\/wp-json\/wp\/v2\/product_tag?post=1508"}],"curies":[{"name":"wp","href":"https:\/\/api.w.org\/{rel}","templated":true}]}}