
{"id":1486,"date":"2026-02-23T01:28:21","date_gmt":"2026-02-23T01:28:21","guid":{"rendered":"https:\/\/easyliferobo.com\/de\/product\/tikom-saugroboter-mit-wischfunktion-2-in-1-g8000-max-staubsaugerroboter-5000pa-starke-saugkraft-roboterstaubsauger-selbstaufladend-wlan-150-min-max-ideal-fuer-tierhaare-teppiche\/"},"modified":"2026-02-23T01:28:25","modified_gmt":"2026-02-23T01:28:25","slug":"tikom-saugroboter-mit-wischfunktion-2-in-1-g8000-max-staubsaugerroboter-5000pa-starke-saugkraft-roboterstaubsauger-selbstaufladend-wlan-150-min-max-ideal-fuer-tierhaare-teppiche","status":"publish","type":"product","link":"https:\/\/easyliferobo.com\/de\/product\/tikom-saugroboter-mit-wischfunktion-2-in-1-g8000-max-staubsaugerroboter-5000pa-starke-saugkraft-roboterstaubsauger-selbstaufladend-wlan-150-min-max-ideal-fuer-tierhaare-teppiche\/","title":{"rendered":"Tikom Saugroboter mit Wischfunktion..."},"content":{"rendered":"<p>\n                                             Von der Marke   <\/p>\n<p>                                              <img decoding=\"async\" alt=\"Aplus-Inhaltsbild\" src=\"https:\/\/images-na.ssl-images-amazon.com\/images\/G\/01\/x-locale\/common\/grey-pixel.gif\" class=\"a-lazy-loaded\" data-src=\"https:\/\/m.media-amazon.com\/images\/S\/aplus-media-library-service-media\/9700b951-c6e0-49c2-aa9c-ec28d60d0253.__CR0,0,1464,625_PT0_SX1464_V1___.jpg\"><img decoding=\"async\" alt=\"Aplus-Inhaltsbild\" src=\"https:\/\/m.media-amazon.com\/images\/S\/aplus-media-library-service-media\/9700b951-c6e0-49c2-aa9c-ec28d60d0253.__CR0,0,1464,625_PT0_SX1464_V1___.jpg\">  <\/p>\n<p>                                              <img decoding=\"async\" alt=\"Blaues Tikom-Logo mit Text, der die Produktlinie des Unternehmens beschreibt, darunter Reinigungsroboter, Gesundheitstools und intelligente Ger\u00e4te zur Verbesserung der Lebensqualit\u00e4t zu Hause.\" src=\"https:\/\/images-na.ssl-images-amazon.com\/images\/G\/01\/x-locale\/common\/grey-pixel.gif\" class=\"a-lazy-loaded\" data-src=\"https:\/\/m.media-amazon.com\/images\/S\/aplus-media-library-service-media\/eaf19dab-4467-4d48-b176-048deee2ad92.__CR0,0,724,906_PT0_SX362_V1___.jpg\"><img decoding=\"async\" alt=\"Blaues Tikom-Logo mit Text, der die Produktlinie des Unternehmens beschreibt, darunter Reinigungsroboter, Gesundheitstools und intelligente Ger\u00e4te zur Verbesserung der Lebensqualit\u00e4t zu Hause.\" src=\"https:\/\/m.media-amazon.com\/images\/S\/aplus-media-library-service-media\/eaf19dab-4467-4d48-b176-048deee2ad92.__CR0,0,724,906_PT0_SX362_V1___.jpg\">  <\/p>\n<p>                                              <img decoding=\"async\" alt=\"Schwarzer runder Roboterstaubsauger mit zwei Frontsensoren und einer zentralen Kamera. Verf\u00fcgt \u00fcber das Tikom-Branding und steht auf einer geometrischen Ausstellungsplattform.\" src=\"https:\/\/images-na.ssl-images-amazon.com\/images\/G\/01\/x-locale\/common\/grey-pixel.gif\" class=\"a-lazy-loaded\" data-src=\"https:\/\/m.media-amazon.com\/images\/S\/aplus-media-library-service-media\/e6ee5e4a-590b-4ac9-b400-7cb1f4961d38.__CR0,23,463,579_PT0_SX362_V1___.jpg\"><img decoding=\"async\" alt=\"Schwarzer runder Roboterstaubsauger mit zwei Frontsensoren und einer zentralen Kamera. Verf\u00fcgt \u00fcber das Tikom-Branding und steht auf einer geometrischen Ausstellungsplattform.\" src=\"https:\/\/m.media-amazon.com\/images\/S\/aplus-media-library-service-media\/e6ee5e4a-590b-4ac9-b400-7cb1f4961d38.__CR0,23,463,579_PT0_SX362_V1___.jpg\">  <\/p>\n<p>                                              <img decoding=\"async\" alt=\"Ein schwarzer Roboterstaubsauger auf Hartholzboden, auf dem eine Person mit einem schwarz-wei\u00dfen Hund auf einem Teppich sitzt.\" src=\"https:\/\/images-na.ssl-images-amazon.com\/images\/G\/01\/x-locale\/common\/grey-pixel.gif\" class=\"a-lazy-loaded\" data-src=\"https:\/\/m.media-amazon.com\/images\/S\/aplus-media-library-service-media\/f79fab78-a416-4d25-a0c9-7a3a8e474fc5.__CR41,0,582,728_PT0_SX362_V1___.jpg\"><img decoding=\"async\" alt=\"Ein schwarzer Roboterstaubsauger auf Hartholzboden, auf dem eine Person mit einem schwarz-wei\u00dfen Hund auf einem Teppich sitzt.\" src=\"https:\/\/m.media-amazon.com\/images\/S\/aplus-media-library-service-media\/f79fab78-a416-4d25-a0c9-7a3a8e474fc5.__CR41,0,582,728_PT0_SX362_V1___.jpg\">  <\/p>\n<p>                                              <img decoding=\"async\" alt=\"Aplus-Inhaltsbild\" src=\"https:\/\/images-na.ssl-images-amazon.com\/images\/G\/01\/x-locale\/common\/grey-pixel.gif\" class=\"a-lazy-loaded\" data-src=\"https:\/\/m.media-amazon.com\/images\/S\/aplus-media-library-service-media\/785155f8-ba3c-45dd-bfad-707e8dcd2576.__CR41,0,582,728_PT0_SX362_V1___.jpg\"><img decoding=\"async\" alt=\"Aplus-Inhaltsbild\" src=\"https:\/\/m.media-amazon.com\/images\/S\/aplus-media-library-service-media\/785155f8-ba3c-45dd-bfad-707e8dcd2576.__CR41,0,582,728_PT0_SX362_V1___.jpg\">  <\/p>\n<p>                                              <img decoding=\"async\" alt=\"Aplus-Inhaltsbild\" src=\"https:\/\/images-na.ssl-images-amazon.com\/images\/G\/01\/x-locale\/common\/grey-pixel.gif\" class=\"a-lazy-loaded\" data-src=\"https:\/\/m.media-amazon.com\/images\/S\/aplus-media-library-service-media\/bded35be-7c69-497b-9b99-56631243e73f.__CR41,0,582,728_PT0_SX362_V1___.jpg\"><img decoding=\"async\" alt=\"Aplus-Inhaltsbild\" src=\"https:\/\/m.media-amazon.com\/images\/S\/aplus-media-library-service-media\/bded35be-7c69-497b-9b99-56631243e73f.__CR41,0,582,728_PT0_SX362_V1___.jpg\">  <\/p>\n<p>2 in 1 Kehren &#038; Wischen: Der Roboterstaubsauger G8000 Max nutzt die neueste Wischtechnologie und ist mit einer elektronisch gesteuerten Wasserpumpe und einer regulierbaren dreistufigen Wasserleistung ausgestattet, damit Sie ein rundum sauberes Zuhause genie\u00dfen k\u00f6nnen<br \/>5000PA starke Saugkraft: Im Vergleich zu anderen Produkten erleichtert dieser Roboterstaubsauger mit seiner starken Saugkraft von 5000Pa die Reinigung. Saugen Sie Kr\u00fcmel, Staub und andere R\u00fcckst\u00e4nde in Teppichf\u00e4den in einem einfachen Durchgang auf<br \/>150-min\u00fctige Betriebszeit und Selbstaufladung: Eine gr\u00f6\u00dfere Batteriekapazit\u00e4t kann eine Arbeitszeit von 150 Minuten unterst\u00fctzen, es werden mehrere Schutzma\u00dfnahmen f\u00fcr die Batterie festgelegt, um sicherzustellen, dass das Produkt sicher und langlebig ist, und es kehrt automatisch zur Ladestation zur\u00fcck, wenn die Batterie schwach ist<br \/>Intelligente Gyroskop-Navigation: Der G8000 Max Staubsaugerroboter reinigt Ihr Zuhause gr\u00fcndlicher, indem er einer effizienten Zickzacklinie folgt, im Vergleich zu Robotern mit zuf\u00e4lligen Pfaden. Diese exklusive intelligente Navigation verbessert die Reinigungseffizienz um 30 %<br \/>APP &#038; Stimme &#038; Fernbedienung: Der Roboterstaubsauger G8000 Max kann mit einer App kombiniert werden, einschlie\u00dflich 4 Reinigungsmodellen: Punktreinigung, Kantenreinigung, manuelle Reinigung, intelligente Reinigung, kann auch mit Alexa und Google Home verbunden werden und ist mit einer Fernbedienung ausgestattet<br \/>SCHLANK UND EINFACH ZU REINIGEN Das Geh\u00e4use des G8000 Max Roboterstaubsaugers mit Wischfunktion ist nur 7,8 cm dick, sodass er problemlos unter Betten, Sofas und flachen M\u00f6beln bewegt werden kann, um versteckte Bereiche zu reinigen, die oft \u00fcbersehen werden. Mithilfe von Begrenzungsstreifen k\u00f6nnen Sie Bereiche anpassen, die nicht gereinigt werden d\u00fcrfen<\/p>\n<p>[ad_2]<\/p>\n","protected":false},"excerpt":{"rendered":"<p>Von der Marke 2 in 1 Kehren &#038; Wischen: Der Roboterstaubsauger G8000 Max nutzt die neueste Wischtechnologie und ist mit einer elektronisch gesteuerten Wasserpumpe und einer regulierbaren dreistufigen Wasserleistung ausgestattet, damit Sie ein rundum sauberes Zuhause genie\u00dfen k\u00f6nnen5000PA starke Saugkraft: Im Vergleich zu anderen Produkten erleichtert dieser Roboterstaubsauger mit seiner starken Saugkraft von 5000Pa die [&hellip;]<\/p>\n","protected":false},"featured_media":1487,"comment_status":"open","ping_status":"closed","template":"","meta":{"_aipt_faq_data":""},"store":[],"product_brand":[299],"product_cat":[76],"product_tag":[298],"class_list":{"0":"post-1486","1":"product","2":"type-product","3":"status-publish","4":"has-post-thumbnail","6":"product_brand-tikom","7":"product_cat-staubsauger-roboter-mit-wischfunktion","8":"product_tag-staubsauger-roboter-mit-wischfunktion-und-wlan","10":"first","11":"instock","12":"sale","13":"shipping-taxable","14":"product-type-external"},"yoast_head":"<!-- This site is optimized with the Yoast SEO plugin v27.4 - https:\/\/yoast.com\/product\/yoast-seo-wordpress\/ -->\n<title>Tikom Saugroboter mit Wischfunktion, 2-in-1, G8000 Max Staubsaugerroboter, 5000Pa starke Saugkraft, Roboterstaubsauger, selbstaufladend, WLAN, 150 Min. Max, ideal f\u00fcr Tierhaare, Teppiche - EasyLifeBro<\/title>\n<meta name=\"description\" content=\"Entdecken Sie smarte Roboter f\u00fcr Zuhause, Garten, Bildung und Sicherheit. Vergleichen Sie Saugroboter, Rasenm\u00e4hroboter, KI-Begleitroboter und mehr bei EasyLifeRobo.\" \/>\n<meta name=\"robots\" content=\"index, follow, max-snippet:-1, max-image-preview:large, max-video-preview:-1\" \/>\n<link rel=\"canonical\" href=\"https:\/\/easyliferobo.com\/de\/product\/tikom-saugroboter-mit-wischfunktion-2-in-1-g8000-max-staubsaugerroboter-5000pa-starke-saugkraft-roboterstaubsauger-selbstaufladend-wlan-150-min-max-ideal-fuer-tierhaare-teppiche\/\" \/>\n<meta property=\"og:locale\" content=\"de_DE\" \/>\n<meta property=\"og:type\" content=\"article\" \/>\n<meta property=\"og:title\" content=\"Tikom Saugroboter mit Wischfunktion, 2-in-1, G8000 Max Staubsaugerroboter, 5000Pa starke Saugkraft, Roboterstaubsauger, selbstaufladend, WLAN, 150 Min. Max, ideal f\u00fcr Tierhaare, Teppiche - EasyLifeBro\" \/>\n<meta property=\"og:description\" content=\"Entdecken Sie smarte Roboter f\u00fcr Zuhause, Garten, Bildung und Sicherheit. Vergleichen Sie Saugroboter, Rasenm\u00e4hroboter, KI-Begleitroboter und mehr bei EasyLifeRobo.\" \/>\n<meta property=\"og:url\" content=\"https:\/\/easyliferobo.com\/de\/product\/tikom-saugroboter-mit-wischfunktion-2-in-1-g8000-max-staubsaugerroboter-5000pa-starke-saugkraft-roboterstaubsauger-selbstaufladend-wlan-150-min-max-ideal-fuer-tierhaare-teppiche\/\" \/>\n<meta property=\"og:site_name\" content=\"EasyLifeBro\" \/>\n<meta property=\"article:modified_time\" content=\"2026-02-23T01:28:25+00:00\" \/>\n<meta property=\"og:image\" content=\"https:\/\/easyliferobo.com\/de\/wp-content\/uploads\/2026\/02\/71Vli9prQ-L._AC_SL1500_.jpg\" \/>\n\t<meta property=\"og:image:width\" content=\"1500\" \/>\n\t<meta property=\"og:image:height\" content=\"1492\" \/>\n\t<meta property=\"og:image:type\" content=\"image\/jpeg\" \/>\n<meta name=\"twitter:card\" content=\"summary_large_image\" \/>\n<meta name=\"twitter:label1\" content=\"Gesch\u00e4tzte Lesezeit\" \/>\n\t<meta name=\"twitter:data1\" content=\"1\u00a0Minute\" \/>\n<script type=\"application\/ld+json\" class=\"yoast-schema-graph\">{\"@context\":\"https:\\\/\\\/schema.org\",\"@graph\":[{\"@type\":\"WebPage\",\"@id\":\"https:\\\/\\\/easyliferobo.com\\\/de\\\/product\\\/tikom-saugroboter-mit-wischfunktion-2-in-1-g8000-max-staubsaugerroboter-5000pa-starke-saugkraft-roboterstaubsauger-selbstaufladend-wlan-150-min-max-ideal-fuer-tierhaare-teppiche\\\/\",\"url\":\"https:\\\/\\\/easyliferobo.com\\\/de\\\/product\\\/tikom-saugroboter-mit-wischfunktion-2-in-1-g8000-max-staubsaugerroboter-5000pa-starke-saugkraft-roboterstaubsauger-selbstaufladend-wlan-150-min-max-ideal-fuer-tierhaare-teppiche\\\/\",\"name\":\"Tikom Saugroboter mit Wischfunktion, 2-in-1, G8000 Max Staubsaugerroboter, 5000Pa starke Saugkraft, Roboterstaubsauger, selbstaufladend, WLAN, 150 Min. Max, ideal f\u00fcr Tierhaare, Teppiche - EasyLifeBro\",\"isPartOf\":{\"@id\":\"https:\\\/\\\/easyliferobo.com\\\/de\\\/#website\"},\"primaryImageOfPage\":{\"@id\":\"https:\\\/\\\/easyliferobo.com\\\/de\\\/product\\\/tikom-saugroboter-mit-wischfunktion-2-in-1-g8000-max-staubsaugerroboter-5000pa-starke-saugkraft-roboterstaubsauger-selbstaufladend-wlan-150-min-max-ideal-fuer-tierhaare-teppiche\\\/#primaryimage\"},\"image\":{\"@id\":\"https:\\\/\\\/easyliferobo.com\\\/de\\\/product\\\/tikom-saugroboter-mit-wischfunktion-2-in-1-g8000-max-staubsaugerroboter-5000pa-starke-saugkraft-roboterstaubsauger-selbstaufladend-wlan-150-min-max-ideal-fuer-tierhaare-teppiche\\\/#primaryimage\"},\"thumbnailUrl\":\"https:\\\/\\\/easyliferobo.com\\\/de\\\/wp-content\\\/uploads\\\/2026\\\/02\\\/71Vli9prQ-L._AC_SL1500_.jpg\",\"datePublished\":\"2026-02-23T01:28:21+00:00\",\"dateModified\":\"2026-02-23T01:28:25+00:00\",\"description\":\"Entdecken Sie smarte Roboter f\u00fcr Zuhause, Garten, Bildung und Sicherheit. Vergleichen Sie Saugroboter, Rasenm\u00e4hroboter, KI-Begleitroboter und mehr bei EasyLifeRobo.\",\"breadcrumb\":{\"@id\":\"https:\\\/\\\/easyliferobo.com\\\/de\\\/product\\\/tikom-saugroboter-mit-wischfunktion-2-in-1-g8000-max-staubsaugerroboter-5000pa-starke-saugkraft-roboterstaubsauger-selbstaufladend-wlan-150-min-max-ideal-fuer-tierhaare-teppiche\\\/#breadcrumb\"},\"inLanguage\":\"de\",\"potentialAction\":[{\"@type\":\"ReadAction\",\"target\":[\"https:\\\/\\\/easyliferobo.com\\\/de\\\/product\\\/tikom-saugroboter-mit-wischfunktion-2-in-1-g8000-max-staubsaugerroboter-5000pa-starke-saugkraft-roboterstaubsauger-selbstaufladend-wlan-150-min-max-ideal-fuer-tierhaare-teppiche\\\/\"]}]},{\"@type\":\"ImageObject\",\"inLanguage\":\"de\",\"@id\":\"https:\\\/\\\/easyliferobo.com\\\/de\\\/product\\\/tikom-saugroboter-mit-wischfunktion-2-in-1-g8000-max-staubsaugerroboter-5000pa-starke-saugkraft-roboterstaubsauger-selbstaufladend-wlan-150-min-max-ideal-fuer-tierhaare-teppiche\\\/#primaryimage\",\"url\":\"https:\\\/\\\/easyliferobo.com\\\/de\\\/wp-content\\\/uploads\\\/2026\\\/02\\\/71Vli9prQ-L._AC_SL1500_.jpg\",\"contentUrl\":\"https:\\\/\\\/easyliferobo.com\\\/de\\\/wp-content\\\/uploads\\\/2026\\\/02\\\/71Vli9prQ-L._AC_SL1500_.jpg\",\"width\":1500,\"height\":1492},{\"@type\":\"BreadcrumbList\",\"@id\":\"https:\\\/\\\/easyliferobo.com\\\/de\\\/product\\\/tikom-saugroboter-mit-wischfunktion-2-in-1-g8000-max-staubsaugerroboter-5000pa-starke-saugkraft-roboterstaubsauger-selbstaufladend-wlan-150-min-max-ideal-fuer-tierhaare-teppiche\\\/#breadcrumb\",\"itemListElement\":[{\"@type\":\"ListItem\",\"position\":1,\"name\":\"Home\",\"item\":\"https:\\\/\\\/easyliferobo.com\\\/de\\\/\"},{\"@type\":\"ListItem\",\"position\":2,\"name\":\"Shop\",\"item\":\"https:\\\/\\\/easyliferobo.com\\\/de\\\/shop\\\/\"},{\"@type\":\"ListItem\",\"position\":3,\"name\":\"Tikom Saugroboter mit Wischfunktion, 2-in-1, G8000 Max Staubsaugerroboter, 5000Pa starke Saugkraft, Roboterstaubsauger, selbstaufladend, WLAN, 150 Min. Max, ideal f\u00fcr Tierhaare, Teppiche\"}]},{\"@type\":\"WebSite\",\"@id\":\"https:\\\/\\\/easyliferobo.com\\\/de\\\/#website\",\"url\":\"https:\\\/\\\/easyliferobo.com\\\/de\\\/\",\"name\":\"EasyLifeBro\",\"description\":\"Smarte Roboter f\u00fcr Zuhause, Garten &amp; Bildung\",\"publisher\":{\"@id\":\"https:\\\/\\\/easyliferobo.com\\\/de\\\/#organization\"},\"potentialAction\":[{\"@type\":\"SearchAction\",\"target\":{\"@type\":\"EntryPoint\",\"urlTemplate\":\"https:\\\/\\\/easyliferobo.com\\\/de\\\/?s={search_term_string}\"},\"query-input\":{\"@type\":\"PropertyValueSpecification\",\"valueRequired\":true,\"valueName\":\"search_term_string\"}}],\"inLanguage\":\"de\"},{\"@type\":\"Organization\",\"@id\":\"https:\\\/\\\/easyliferobo.com\\\/de\\\/#organization\",\"name\":\"EasyLifeBro\",\"url\":\"https:\\\/\\\/easyliferobo.com\\\/de\\\/\",\"logo\":{\"@type\":\"ImageObject\",\"inLanguage\":\"de\",\"@id\":\"https:\\\/\\\/easyliferobo.com\\\/de\\\/#\\\/schema\\\/logo\\\/image\\\/\",\"url\":\"https:\\\/\\\/easyliferobo.com\\\/de\\\/wp-content\\\/uploads\\\/2026\\\/02\\\/Screenshot-2026-02-22-at-2.25.03-PM.png\",\"contentUrl\":\"https:\\\/\\\/easyliferobo.com\\\/de\\\/wp-content\\\/uploads\\\/2026\\\/02\\\/Screenshot-2026-02-22-at-2.25.03-PM.png\",\"width\":1858,\"height\":430,\"caption\":\"EasyLifeBro\"},\"image\":{\"@id\":\"https:\\\/\\\/easyliferobo.com\\\/de\\\/#\\\/schema\\\/logo\\\/image\\\/\"}}]}<\/script>\n<!-- \/ Yoast SEO plugin. -->","yoast_head_json":{"title":"Tikom Saugroboter mit Wischfunktion, 2-in-1, G8000 Max Staubsaugerroboter, 5000Pa starke Saugkraft, Roboterstaubsauger, selbstaufladend, WLAN, 150 Min. Max, ideal f\u00fcr Tierhaare, Teppiche - EasyLifeBro","description":"Entdecken Sie smarte Roboter f\u00fcr Zuhause, Garten, Bildung und Sicherheit. Vergleichen Sie Saugroboter, Rasenm\u00e4hroboter, KI-Begleitroboter und mehr bei EasyLifeRobo.","robots":{"index":"index","follow":"follow","max-snippet":"max-snippet:-1","max-image-preview":"max-image-preview:large","max-video-preview":"max-video-preview:-1"},"canonical":"https:\/\/easyliferobo.com\/de\/product\/tikom-saugroboter-mit-wischfunktion-2-in-1-g8000-max-staubsaugerroboter-5000pa-starke-saugkraft-roboterstaubsauger-selbstaufladend-wlan-150-min-max-ideal-fuer-tierhaare-teppiche\/","og_locale":"de_DE","og_type":"article","og_title":"Tikom Saugroboter mit Wischfunktion, 2-in-1, G8000 Max Staubsaugerroboter, 5000Pa starke Saugkraft, Roboterstaubsauger, selbstaufladend, WLAN, 150 Min. Max, ideal f\u00fcr Tierhaare, Teppiche - EasyLifeBro","og_description":"Entdecken Sie smarte Roboter f\u00fcr Zuhause, Garten, Bildung und Sicherheit. Vergleichen Sie Saugroboter, Rasenm\u00e4hroboter, KI-Begleitroboter und mehr bei EasyLifeRobo.","og_url":"https:\/\/easyliferobo.com\/de\/product\/tikom-saugroboter-mit-wischfunktion-2-in-1-g8000-max-staubsaugerroboter-5000pa-starke-saugkraft-roboterstaubsauger-selbstaufladend-wlan-150-min-max-ideal-fuer-tierhaare-teppiche\/","og_site_name":"EasyLifeBro","article_modified_time":"2026-02-23T01:28:25+00:00","og_image":[{"width":1500,"height":1492,"url":"https:\/\/easyliferobo.com\/de\/wp-content\/uploads\/2026\/02\/71Vli9prQ-L._AC_SL1500_.jpg","type":"image\/jpeg"}],"twitter_card":"summary_large_image","twitter_misc":{"Gesch\u00e4tzte Lesezeit":"1\u00a0Minute"},"schema":{"@context":"https:\/\/schema.org","@graph":[{"@type":"WebPage","@id":"https:\/\/easyliferobo.com\/de\/product\/tikom-saugroboter-mit-wischfunktion-2-in-1-g8000-max-staubsaugerroboter-5000pa-starke-saugkraft-roboterstaubsauger-selbstaufladend-wlan-150-min-max-ideal-fuer-tierhaare-teppiche\/","url":"https:\/\/easyliferobo.com\/de\/product\/tikom-saugroboter-mit-wischfunktion-2-in-1-g8000-max-staubsaugerroboter-5000pa-starke-saugkraft-roboterstaubsauger-selbstaufladend-wlan-150-min-max-ideal-fuer-tierhaare-teppiche\/","name":"Tikom Saugroboter mit Wischfunktion, 2-in-1, G8000 Max Staubsaugerroboter, 5000Pa starke Saugkraft, Roboterstaubsauger, selbstaufladend, WLAN, 150 Min. Max, ideal f\u00fcr Tierhaare, Teppiche - EasyLifeBro","isPartOf":{"@id":"https:\/\/easyliferobo.com\/de\/#website"},"primaryImageOfPage":{"@id":"https:\/\/easyliferobo.com\/de\/product\/tikom-saugroboter-mit-wischfunktion-2-in-1-g8000-max-staubsaugerroboter-5000pa-starke-saugkraft-roboterstaubsauger-selbstaufladend-wlan-150-min-max-ideal-fuer-tierhaare-teppiche\/#primaryimage"},"image":{"@id":"https:\/\/easyliferobo.com\/de\/product\/tikom-saugroboter-mit-wischfunktion-2-in-1-g8000-max-staubsaugerroboter-5000pa-starke-saugkraft-roboterstaubsauger-selbstaufladend-wlan-150-min-max-ideal-fuer-tierhaare-teppiche\/#primaryimage"},"thumbnailUrl":"https:\/\/easyliferobo.com\/de\/wp-content\/uploads\/2026\/02\/71Vli9prQ-L._AC_SL1500_.jpg","datePublished":"2026-02-23T01:28:21+00:00","dateModified":"2026-02-23T01:28:25+00:00","description":"Entdecken Sie smarte Roboter f\u00fcr Zuhause, Garten, Bildung und Sicherheit. Vergleichen Sie Saugroboter, Rasenm\u00e4hroboter, KI-Begleitroboter und mehr bei EasyLifeRobo.","breadcrumb":{"@id":"https:\/\/easyliferobo.com\/de\/product\/tikom-saugroboter-mit-wischfunktion-2-in-1-g8000-max-staubsaugerroboter-5000pa-starke-saugkraft-roboterstaubsauger-selbstaufladend-wlan-150-min-max-ideal-fuer-tierhaare-teppiche\/#breadcrumb"},"inLanguage":"de","potentialAction":[{"@type":"ReadAction","target":["https:\/\/easyliferobo.com\/de\/product\/tikom-saugroboter-mit-wischfunktion-2-in-1-g8000-max-staubsaugerroboter-5000pa-starke-saugkraft-roboterstaubsauger-selbstaufladend-wlan-150-min-max-ideal-fuer-tierhaare-teppiche\/"]}]},{"@type":"ImageObject","inLanguage":"de","@id":"https:\/\/easyliferobo.com\/de\/product\/tikom-saugroboter-mit-wischfunktion-2-in-1-g8000-max-staubsaugerroboter-5000pa-starke-saugkraft-roboterstaubsauger-selbstaufladend-wlan-150-min-max-ideal-fuer-tierhaare-teppiche\/#primaryimage","url":"https:\/\/easyliferobo.com\/de\/wp-content\/uploads\/2026\/02\/71Vli9prQ-L._AC_SL1500_.jpg","contentUrl":"https:\/\/easyliferobo.com\/de\/wp-content\/uploads\/2026\/02\/71Vli9prQ-L._AC_SL1500_.jpg","width":1500,"height":1492},{"@type":"BreadcrumbList","@id":"https:\/\/easyliferobo.com\/de\/product\/tikom-saugroboter-mit-wischfunktion-2-in-1-g8000-max-staubsaugerroboter-5000pa-starke-saugkraft-roboterstaubsauger-selbstaufladend-wlan-150-min-max-ideal-fuer-tierhaare-teppiche\/#breadcrumb","itemListElement":[{"@type":"ListItem","position":1,"name":"Home","item":"https:\/\/easyliferobo.com\/de\/"},{"@type":"ListItem","position":2,"name":"Shop","item":"https:\/\/easyliferobo.com\/de\/shop\/"},{"@type":"ListItem","position":3,"name":"Tikom Saugroboter mit Wischfunktion, 2-in-1, G8000 Max Staubsaugerroboter, 5000Pa starke Saugkraft, Roboterstaubsauger, selbstaufladend, WLAN, 150 Min. Max, ideal f\u00fcr Tierhaare, Teppiche"}]},{"@type":"WebSite","@id":"https:\/\/easyliferobo.com\/de\/#website","url":"https:\/\/easyliferobo.com\/de\/","name":"EasyLifeBro","description":"Smarte Roboter f\u00fcr Zuhause, Garten &amp; Bildung","publisher":{"@id":"https:\/\/easyliferobo.com\/de\/#organization"},"potentialAction":[{"@type":"SearchAction","target":{"@type":"EntryPoint","urlTemplate":"https:\/\/easyliferobo.com\/de\/?s={search_term_string}"},"query-input":{"@type":"PropertyValueSpecification","valueRequired":true,"valueName":"search_term_string"}}],"inLanguage":"de"},{"@type":"Organization","@id":"https:\/\/easyliferobo.com\/de\/#organization","name":"EasyLifeBro","url":"https:\/\/easyliferobo.com\/de\/","logo":{"@type":"ImageObject","inLanguage":"de","@id":"https:\/\/easyliferobo.com\/de\/#\/schema\/logo\/image\/","url":"https:\/\/easyliferobo.com\/de\/wp-content\/uploads\/2026\/02\/Screenshot-2026-02-22-at-2.25.03-PM.png","contentUrl":"https:\/\/easyliferobo.com\/de\/wp-content\/uploads\/2026\/02\/Screenshot-2026-02-22-at-2.25.03-PM.png","width":1858,"height":430,"caption":"EasyLifeBro"},"image":{"@id":"https:\/\/easyliferobo.com\/de\/#\/schema\/logo\/image\/"}}]}},"_links":{"self":[{"href":"https:\/\/easyliferobo.com\/de\/wp-json\/wp\/v2\/product\/1486","targetHints":{"allow":["GET"]}}],"collection":[{"href":"https:\/\/easyliferobo.com\/de\/wp-json\/wp\/v2\/product"}],"about":[{"href":"https:\/\/easyliferobo.com\/de\/wp-json\/wp\/v2\/types\/product"}],"replies":[{"embeddable":true,"href":"https:\/\/easyliferobo.com\/de\/wp-json\/wp\/v2\/comments?post=1486"}],"wp:featuredmedia":[{"embeddable":true,"href":"https:\/\/easyliferobo.com\/de\/wp-json\/wp\/v2\/media\/1487"}],"wp:attachment":[{"href":"https:\/\/easyliferobo.com\/de\/wp-json\/wp\/v2\/media?parent=1486"}],"wp:term":[{"taxonomy":"store","embeddable":true,"href":"https:\/\/easyliferobo.com\/de\/wp-json\/wp\/v2\/store?post=1486"},{"taxonomy":"product_brand","embeddable":true,"href":"https:\/\/easyliferobo.com\/de\/wp-json\/wp\/v2\/product_brand?post=1486"},{"taxonomy":"product_cat","embeddable":true,"href":"https:\/\/easyliferobo.com\/de\/wp-json\/wp\/v2\/product_cat?post=1486"},{"taxonomy":"product_tag","embeddable":true,"href":"https:\/\/easyliferobo.com\/de\/wp-json\/wp\/v2\/product_tag?post=1486"}],"curies":[{"name":"wp","href":"https:\/\/api.w.org\/{rel}","templated":true}]}}