
{"id":1477,"date":"2026-02-23T01:26:25","date_gmt":"2026-02-23T01:26:25","guid":{"rendered":"https:\/\/easyliferobo.com\/de\/product\/programmierbarer-roboter-fuer-kinder-von-8-bis-12-jahren-matatastudio-vincibot-programmierbares-ki-roboter-spielzeugset-mit-scratch-python-ferngesteuerter-elektronischer-programmierroboter-stem-l\/"},"modified":"2026-02-23T01:26:41","modified_gmt":"2026-02-23T01:26:41","slug":"programmierbarer-roboter-fuer-kinder-von-8-bis-12-jahren-matatastudio-vincibot-programmierbares-ki-roboter-spielzeugset-mit-scratch-python-ferngesteuerter-elektronischer-programmierroboter-stem-l","status":"publish","type":"product","link":"https:\/\/easyliferobo.com\/de\/product\/programmierbarer-roboter-fuer-kinder-von-8-bis-12-jahren-matatastudio-vincibot-programmierbares-ki-roboter-spielzeugset-mit-scratch-python-ferngesteuerter-elektronischer-programmierroboter-stem-l\/","title":{"rendered":"Programmierbarer Roboter f\u00fcr Kinde..."},"content":{"rendered":"<p>\n                                             Von der Marke   <\/p>\n<p>                                              <img decoding=\"async\" alt=\"Der Text lautet \u201ePRICE CUT SALE\u201c. auf orangefarbenem Hintergrund mit kleinen Symbolen f\u00fcr Elektronikprodukte, die in geschwungenen Linien angeordnet sind, darunter Laptops, Kameras und andere Ger\u00e4te.\" src=\"https:\/\/images-na.ssl-images-amazon.com\/images\/G\/01\/x-locale\/common\/grey-pixel.gif\" class=\"a-lazy-loaded\" data-src=\"https:\/\/m.media-amazon.com\/images\/S\/aplus-media-library-service-media\/b17ee10c-cbf4-4a61-9809-3c08ac9f552b.__CR0,1,2928,1250_PT0_SX1464_V1___.jpg\"><img decoding=\"async\" alt=\"Der Text lautet \u201ePRICE CUT SALE\u201c. auf orangefarbenem Hintergrund mit kleinen Symbolen f\u00fcr Elektronikprodukte, die in geschwungenen Linien angeordnet sind, darunter Laptops, Kameras und andere Ger\u00e4te.\" src=\"https:\/\/m.media-amazon.com\/images\/S\/aplus-media-library-service-media\/b17ee10c-cbf4-4a61-9809-3c08ac9f552b.__CR0,1,2928,1250_PT0_SX1464_V1___.jpg\">  <\/p>\n<p>                                              <img decoding=\"async\" alt=\"\" src=\"https:\/\/images-na.ssl-images-amazon.com\/images\/G\/01\/x-locale\/common\/grey-pixel.gif\" class=\"a-lazy-loaded\" data-src=\"https:\/\/m.media-amazon.com\/images\/S\/aplus-media-library-service-media\/e1795835-2eb3-4b6a-95f2-d3f3eac10f53.__CR0,0,315,145_PT0_SX315_V1___.png\"><img decoding=\"async\" alt=\"\" src=\"https:\/\/m.media-amazon.com\/images\/S\/aplus-media-library-service-media\/e1795835-2eb3-4b6a-95f2-d3f3eac10f53.__CR0,0,315,145_PT0_SX315_V1___.png\">  <\/p>\n<p>  MatataStudio wurde 2017 gegr\u00fcndet und ist ein Unternehmen f\u00fcr Technologiebildung, das Schulen, Institutionen und Familien auf der ganzen Welt innovative MINT-Ausbildung anbietet. <\/p>\n<p>  Unser Ziel ist es, den Innovationsgeist von Kindern zu f\u00f6rdern, damit sie sich der Welt stellen und sie ver\u00e4ndern k\u00f6nnen. <\/p>\n<p>  Mit umfangreichen p\u00e4dagogischen Ressourcen und h\u00f6chster Fachkompetenz unterst\u00fctzen wir mittlerweile \u00fcber 20.000 Kinderg\u00e4rten, Schulen und Bildungseinrichtungen. <\/p>\n<p>                                              <img decoding=\"async\" alt=\"Aplus-Inhaltsbild\" src=\"https:\/\/images-na.ssl-images-amazon.com\/images\/G\/01\/x-locale\/common\/grey-pixel.gif\" class=\"a-lazy-loaded\" data-src=\"https:\/\/m.media-amazon.com\/images\/S\/aplus-media-library-service-media\/2f80a385-3b59-4dfc-8881-ecfccf2e7161.__CR0,47,965,1208_PT0_SX362_V1___.png\"><img decoding=\"async\" alt=\"Aplus-Inhaltsbild\" src=\"https:\/\/m.media-amazon.com\/images\/S\/aplus-media-library-service-media\/2f80a385-3b59-4dfc-8881-ecfccf2e7161.__CR0,47,965,1208_PT0_SX362_V1___.png\">  <\/p>\n<h3>  Geeignet f\u00fcr Kinder ab 3 Jahren <\/h3>\n<p class=\"apm-brand-story-stores-link\">\n<h3>  Geeignet f\u00fcr Kinder ab 4 Jahren <\/h3>\n<p class=\"apm-brand-story-stores-link\">\n<h3>  Geeignet f\u00fcr Kinder ab 8 Jahren <\/h3>\n<p class=\"apm-brand-story-stores-link\">\n<p>                                              <img decoding=\"async\" alt=\"\" src=\"https:\/\/images-na.ssl-images-amazon.com\/images\/G\/01\/x-locale\/common\/grey-pixel.gif\" class=\"a-lazy-loaded\" data-src=\"https:\/\/m.media-amazon.com\/images\/S\/aplus-media-library-service-media\/9fdae884-61b9-4ebb-8e5f-1fd5b433fe74.__CR0,0,362,453_PT0_SX362_V1___.png\"><img decoding=\"async\" alt=\"\" src=\"https:\/\/m.media-amazon.com\/images\/S\/aplus-media-library-service-media\/9fdae884-61b9-4ebb-8e5f-1fd5b433fe74.__CR0,0,362,453_PT0_SX362_V1___.png\">  <\/p>\n<p>                                              <img decoding=\"async\" alt=\"Der Text lautet: \u201eNous AI Set 12+\u201c und zeigt das Logo des iF Design Award 2024. Kleiner Roboter oder KI-Ger\u00e4t auf R\u00e4dern vor rotem Hintergrund.\" src=\"https:\/\/images-na.ssl-images-amazon.com\/images\/G\/01\/x-locale\/common\/grey-pixel.gif\" class=\"a-lazy-loaded\" data-src=\"https:\/\/m.media-amazon.com\/images\/S\/aplus-media-library-service-media\/485bda06-fbdb-4368-b6c1-1a6003cb2415.__CR0,0,724,906_PT0_SX362_V1___.jpg\"><img decoding=\"async\" alt=\"Der Text lautet: \u201eNous AI Set 12+\u201c und zeigt das Logo des iF Design Award 2024. Kleiner Roboter oder KI-Ger\u00e4t auf R\u00e4dern vor rotem Hintergrund.\" src=\"https:\/\/m.media-amazon.com\/images\/S\/aplus-media-library-service-media\/485bda06-fbdb-4368-b6c1-1a6003cb2415.__CR0,0,724,906_PT0_SX362_V1___.jpg\">  <\/p>\n<h3>  Digitales Mikroskop <\/h3>\n<p class=\"apm-brand-story-stores-link\">\n<h3>  Biologisches Mikroskop <\/h3>\n<p class=\"apm-brand-story-stores-link\">\n<p>                                              <img decoding=\"async\" alt=\"Aplus-Inhaltsbild\" src=\"https:\/\/images-na.ssl-images-amazon.com\/images\/G\/01\/x-locale\/common\/grey-pixel.gif\" class=\"a-lazy-loaded\" data-src=\"https:\/\/m.media-amazon.com\/images\/S\/aplus-media-library-service-media\/6b477e96-9eea-4611-8981-b4628544862d.__CR0,0,362,453_PT0_SX362_V1___.png\"><img decoding=\"async\" alt=\"Aplus-Inhaltsbild\" src=\"https:\/\/m.media-amazon.com\/images\/S\/aplus-media-library-service-media\/6b477e96-9eea-4611-8981-b4628544862d.__CR0,0,362,453_PT0_SX362_V1___.png\">  <\/p>\n<p>                                              <img decoding=\"async\" alt=\"Aplus-Inhaltsbild\" src=\"https:\/\/images-na.ssl-images-amazon.com\/images\/G\/01\/x-locale\/common\/grey-pixel.gif\" class=\"a-lazy-loaded\" data-src=\"https:\/\/m.media-amazon.com\/images\/S\/aplus-media-library-service-media\/cc17fcaa-29ed-4404-897a-e9804a154b8e.__CR0,0,362,453_PT0_SX362_V1___.png\"><img decoding=\"async\" alt=\"Aplus-Inhaltsbild\" src=\"https:\/\/m.media-amazon.com\/images\/S\/aplus-media-library-service-media\/cc17fcaa-29ed-4404-897a-e9804a154b8e.__CR0,0,362,453_PT0_SX362_V1___.png\">  <\/p>\n<p>MATATASTUDIO VINCIBOT: Dieses MINT-Kinderspielzeug ist f\u00fcr Grund- und Sekundarsch\u00fcler im Alter von 8 bis 12 Jahren geeignet. Durch das Bauen und Entwerfen k\u00f6nnen Kinder Scratch- und Python-Programmierung, KI-Technologie, Tiny ML, Bauen, IoT, MINT-Training, elektronische Montage und Robotikf\u00e4higkeiten intuitiver erlernen. Hilft, die Koordination, das logische Denken und die Kreativit\u00e4t von Kindern zu verbessern<br \/>Scratch und Python: VinciBot ist ein gro\u00dfartiger Lernroboter, der Grafik-, Scratch- und Python-Programmierung unterst\u00fctzt und die Bed\u00fcrfnisse von Sch\u00fclern auf verschiedenen Niveaus erf\u00fcllen kann. MatataStudio bietet Online-Programmiersoftware und umfangreiche Lernressourcen, um Kindern vom Anf\u00e4nger bis zum Experten das schrittweise Erlernen des Programmierens zu erleichtern. Dies ist ein experimenteller Wissenschaftsbausatz, der sich perfekt f\u00fcr den MINT-Unterricht von Kindern eignet<br \/>Multifunktionales Moduldesign: Vincibot verf\u00fcgt \u00fcber 8 integrierte Multifunktionssensoren, ausgestattet mit hochpr\u00e4zisen Schrittmotoren, hochwertigen Lautsprechern, 16 x 8 LED-Matrix, 6 Vollfarb-LEDs und einer Akkulaufzeit von bis zu 4 Stunden. Mit diesen Modulen k\u00f6nnen Codierroboter interessanter werden, l\u00e4nger halten und sich pr\u00e4ziser bewegen. F\u00f6rdert Kreativit\u00e4t, rechnerisches Denken, Design-Denken und technisches Denken und ermutigt Kinder, weiter zu forschen<br \/>KI-TECHNOLOGIE UND IoT: Neben Grundfunktionen wie Liniensuche, Hindernisvermeidung, Aufzeichnung, Objektverfolgung und Infrarot-Fernsteuerung unterst\u00fctzt der Vincibot-Codierroboter Technologien der k\u00fcnstlichen Intelligenz wie Spracherkennung, Gestenerkennung, Farberkennung, Ger\u00e4uscherkennung, pr\u00e4zises Zeichnen, Tiny ML und IoT-Kreativprojekte<br \/>OFFENES DESIGN: Es wird empfohlen, sowohl das Creator Kit- als auch das Inventor Kit-Zubeh\u00f6r zu kaufen, um mehr Gameplay freizuschalten. Der VinciBot-Roboter ist mit LEGO-Steinen, TECHNICAL-Motoren und anderen elektronischen Modulen von Drittanbietern kompatibel, sodass Sie mehr Roboterformen erstellen k\u00f6nnen. Zum Beispiel Katapulte, Karussells, Blasengebl\u00e4se und Transporter usw. Mehrere Vincibots k\u00f6nnen auch einen Roboter-Basketball-Wettbewerb bilden, was den Roboter-Wettbewerb interessanter macht<br \/>Ideales p\u00e4dagogisches Geschenk: Programmierroboter f\u00fcr Kinder bietet 21 Musikinstrumentenkl\u00e4nge, sorgt f\u00fcr reichhaltige Lichteffekte und Bewegungseffekte, kombiniert perfekt Kunst, Mathematik und Physik und wird von mehr als 20 Millionen Nutzern auf der ganzen Welt geliebt. Ideales Lernspielzeug und Geschenk f\u00fcr Jungen und M\u00e4dchen an Geburtstagen, Ostern, Kindertag, Homeschooling, MINT-Training, KI-Training, Programmierkursen, Sommercamp-Aktivit\u00e4ten, Schulanfang und Weihnachten<br \/>Klare Anweisungen: MatataStudio bietet detaillierte Produkthandb\u00fccher und umfangreiches Kursvideomaterial, um ihnen mehr Hilfe beim Roboterlernen zu geben. Wenn Sie Fragen zu diesem Roboterhaustier haben, k\u00f6nnen Sie uns jederzeit kontaktieren. Wir werden uns innerhalb von 24 Stunden bei Ihnen melden und Ihnen eine zufriedenstellende L\u00f6sung anbieten<br \/>\u201eMatataStudio\u201c ist der aktualisierte Markenname von \u201eMatatalab\u201c<\/p>\n<p>[ad_2]<\/p>\n","protected":false},"excerpt":{"rendered":"<p>Von der Marke MatataStudio wurde 2017 gegr\u00fcndet und ist ein Unternehmen f\u00fcr Technologiebildung, das Schulen, Institutionen und Familien auf der ganzen Welt innovative MINT-Ausbildung anbietet. Unser Ziel ist es, den Innovationsgeist von Kindern zu f\u00f6rdern, damit sie sich der Welt stellen und sie ver\u00e4ndern k\u00f6nnen. Mit umfangreichen p\u00e4dagogischen Ressourcen und h\u00f6chster Fachkompetenz unterst\u00fctzen wir mittlerweile [&hellip;]<\/p>\n","protected":false},"featured_media":1478,"comment_status":"open","ping_status":"closed","template":"","meta":{"_aipt_faq_data":""},"store":[],"product_brand":[246],"product_cat":[78],"product_tag":[297],"class_list":{"0":"post-1477","1":"product","2":"type-product","3":"status-publish","4":"has-post-thumbnail","6":"product_brand-matatastudio","7":"product_cat-programmierroboter-fuer-kinder","8":"product_tag-programmierroboter-fuer-kinder-lernspielzeug","10":"first","11":"instock","12":"shipping-taxable","13":"product-type-external"},"yoast_head":"<!-- This site is optimized with the Yoast SEO plugin v27.4 - https:\/\/yoast.com\/product\/yoast-seo-wordpress\/ -->\n<title>Programmierbarer Roboter f\u00fcr Kinder von 8 bis 12 Jahren, MatataStudio VinciBot Programmierbares KI-Roboter-Spielzeugset mit Scratch &amp; Python, ferngesteuerter elektronischer Programmierroboter, STEM-Lernspielzeug - EasyLifeBro<\/title>\n<meta name=\"description\" content=\"Entdecken Sie smarte Roboter f\u00fcr Zuhause, Garten, Bildung und Sicherheit. Vergleichen Sie Saugroboter, Rasenm\u00e4hroboter, KI-Begleitroboter und mehr bei EasyLifeRobo.\" \/>\n<meta name=\"robots\" content=\"index, follow, max-snippet:-1, max-image-preview:large, max-video-preview:-1\" \/>\n<link rel=\"canonical\" href=\"https:\/\/easyliferobo.com\/de\/product\/programmierbarer-roboter-fuer-kinder-von-8-bis-12-jahren-matatastudio-vincibot-programmierbares-ki-roboter-spielzeugset-mit-scratch-python-ferngesteuerter-elektronischer-programmierroboter-stem-l\/\" \/>\n<meta property=\"og:locale\" content=\"de_DE\" \/>\n<meta property=\"og:type\" content=\"article\" \/>\n<meta property=\"og:title\" content=\"Programmierbarer Roboter f\u00fcr Kinder von 8 bis 12 Jahren, MatataStudio VinciBot Programmierbares KI-Roboter-Spielzeugset mit Scratch &amp; Python, ferngesteuerter elektronischer Programmierroboter, STEM-Lernspielzeug - EasyLifeBro\" \/>\n<meta property=\"og:description\" content=\"Entdecken Sie smarte Roboter f\u00fcr Zuhause, Garten, Bildung und Sicherheit. Vergleichen Sie Saugroboter, Rasenm\u00e4hroboter, KI-Begleitroboter und mehr bei EasyLifeRobo.\" \/>\n<meta property=\"og:url\" content=\"https:\/\/easyliferobo.com\/de\/product\/programmierbarer-roboter-fuer-kinder-von-8-bis-12-jahren-matatastudio-vincibot-programmierbares-ki-roboter-spielzeugset-mit-scratch-python-ferngesteuerter-elektronischer-programmierroboter-stem-l\/\" \/>\n<meta property=\"og:site_name\" content=\"EasyLifeBro\" \/>\n<meta property=\"article:modified_time\" content=\"2026-02-23T01:26:41+00:00\" \/>\n<meta property=\"og:image\" content=\"https:\/\/easyliferobo.com\/de\/wp-content\/uploads\/2026\/02\/71pBtWvvJAL._AC_SL1500_.jpg\" \/>\n\t<meta property=\"og:image:width\" content=\"1500\" \/>\n\t<meta property=\"og:image:height\" content=\"1493\" \/>\n\t<meta property=\"og:image:type\" content=\"image\/jpeg\" \/>\n<meta name=\"twitter:card\" content=\"summary_large_image\" \/>\n<meta name=\"twitter:label1\" content=\"Gesch\u00e4tzte Lesezeit\" \/>\n\t<meta name=\"twitter:data1\" content=\"2\u00a0Minuten\" \/>\n<script type=\"application\/ld+json\" class=\"yoast-schema-graph\">{\"@context\":\"https:\\\/\\\/schema.org\",\"@graph\":[{\"@type\":\"WebPage\",\"@id\":\"https:\\\/\\\/easyliferobo.com\\\/de\\\/product\\\/programmierbarer-roboter-fuer-kinder-von-8-bis-12-jahren-matatastudio-vincibot-programmierbares-ki-roboter-spielzeugset-mit-scratch-python-ferngesteuerter-elektronischer-programmierroboter-stem-l\\\/\",\"url\":\"https:\\\/\\\/easyliferobo.com\\\/de\\\/product\\\/programmierbarer-roboter-fuer-kinder-von-8-bis-12-jahren-matatastudio-vincibot-programmierbares-ki-roboter-spielzeugset-mit-scratch-python-ferngesteuerter-elektronischer-programmierroboter-stem-l\\\/\",\"name\":\"Programmierbarer Roboter f\u00fcr Kinder von 8 bis 12 Jahren, MatataStudio VinciBot Programmierbares KI-Roboter-Spielzeugset mit Scratch & Python, ferngesteuerter elektronischer Programmierroboter, STEM-Lernspielzeug - EasyLifeBro\",\"isPartOf\":{\"@id\":\"https:\\\/\\\/easyliferobo.com\\\/de\\\/#website\"},\"primaryImageOfPage\":{\"@id\":\"https:\\\/\\\/easyliferobo.com\\\/de\\\/product\\\/programmierbarer-roboter-fuer-kinder-von-8-bis-12-jahren-matatastudio-vincibot-programmierbares-ki-roboter-spielzeugset-mit-scratch-python-ferngesteuerter-elektronischer-programmierroboter-stem-l\\\/#primaryimage\"},\"image\":{\"@id\":\"https:\\\/\\\/easyliferobo.com\\\/de\\\/product\\\/programmierbarer-roboter-fuer-kinder-von-8-bis-12-jahren-matatastudio-vincibot-programmierbares-ki-roboter-spielzeugset-mit-scratch-python-ferngesteuerter-elektronischer-programmierroboter-stem-l\\\/#primaryimage\"},\"thumbnailUrl\":\"https:\\\/\\\/easyliferobo.com\\\/de\\\/wp-content\\\/uploads\\\/2026\\\/02\\\/71pBtWvvJAL._AC_SL1500_.jpg\",\"datePublished\":\"2026-02-23T01:26:25+00:00\",\"dateModified\":\"2026-02-23T01:26:41+00:00\",\"description\":\"Entdecken Sie smarte Roboter f\u00fcr Zuhause, Garten, Bildung und Sicherheit. Vergleichen Sie Saugroboter, Rasenm\u00e4hroboter, KI-Begleitroboter und mehr bei EasyLifeRobo.\",\"breadcrumb\":{\"@id\":\"https:\\\/\\\/easyliferobo.com\\\/de\\\/product\\\/programmierbarer-roboter-fuer-kinder-von-8-bis-12-jahren-matatastudio-vincibot-programmierbares-ki-roboter-spielzeugset-mit-scratch-python-ferngesteuerter-elektronischer-programmierroboter-stem-l\\\/#breadcrumb\"},\"inLanguage\":\"de\",\"potentialAction\":[{\"@type\":\"ReadAction\",\"target\":[\"https:\\\/\\\/easyliferobo.com\\\/de\\\/product\\\/programmierbarer-roboter-fuer-kinder-von-8-bis-12-jahren-matatastudio-vincibot-programmierbares-ki-roboter-spielzeugset-mit-scratch-python-ferngesteuerter-elektronischer-programmierroboter-stem-l\\\/\"]}]},{\"@type\":\"ImageObject\",\"inLanguage\":\"de\",\"@id\":\"https:\\\/\\\/easyliferobo.com\\\/de\\\/product\\\/programmierbarer-roboter-fuer-kinder-von-8-bis-12-jahren-matatastudio-vincibot-programmierbares-ki-roboter-spielzeugset-mit-scratch-python-ferngesteuerter-elektronischer-programmierroboter-stem-l\\\/#primaryimage\",\"url\":\"https:\\\/\\\/easyliferobo.com\\\/de\\\/wp-content\\\/uploads\\\/2026\\\/02\\\/71pBtWvvJAL._AC_SL1500_.jpg\",\"contentUrl\":\"https:\\\/\\\/easyliferobo.com\\\/de\\\/wp-content\\\/uploads\\\/2026\\\/02\\\/71pBtWvvJAL._AC_SL1500_.jpg\",\"width\":1500,\"height\":1493},{\"@type\":\"BreadcrumbList\",\"@id\":\"https:\\\/\\\/easyliferobo.com\\\/de\\\/product\\\/programmierbarer-roboter-fuer-kinder-von-8-bis-12-jahren-matatastudio-vincibot-programmierbares-ki-roboter-spielzeugset-mit-scratch-python-ferngesteuerter-elektronischer-programmierroboter-stem-l\\\/#breadcrumb\",\"itemListElement\":[{\"@type\":\"ListItem\",\"position\":1,\"name\":\"Home\",\"item\":\"https:\\\/\\\/easyliferobo.com\\\/de\\\/\"},{\"@type\":\"ListItem\",\"position\":2,\"name\":\"Shop\",\"item\":\"https:\\\/\\\/easyliferobo.com\\\/de\\\/shop\\\/\"},{\"@type\":\"ListItem\",\"position\":3,\"name\":\"Programmierbarer Roboter f\u00fcr Kinde...\"}]},{\"@type\":\"WebSite\",\"@id\":\"https:\\\/\\\/easyliferobo.com\\\/de\\\/#website\",\"url\":\"https:\\\/\\\/easyliferobo.com\\\/de\\\/\",\"name\":\"EasyLifeBro\",\"description\":\"Smarte Roboter f\u00fcr Zuhause, Garten &amp; Bildung\",\"publisher\":{\"@id\":\"https:\\\/\\\/easyliferobo.com\\\/de\\\/#organization\"},\"potentialAction\":[{\"@type\":\"SearchAction\",\"target\":{\"@type\":\"EntryPoint\",\"urlTemplate\":\"https:\\\/\\\/easyliferobo.com\\\/de\\\/?s={search_term_string}\"},\"query-input\":{\"@type\":\"PropertyValueSpecification\",\"valueRequired\":true,\"valueName\":\"search_term_string\"}}],\"inLanguage\":\"de\"},{\"@type\":\"Organization\",\"@id\":\"https:\\\/\\\/easyliferobo.com\\\/de\\\/#organization\",\"name\":\"EasyLifeBro\",\"url\":\"https:\\\/\\\/easyliferobo.com\\\/de\\\/\",\"logo\":{\"@type\":\"ImageObject\",\"inLanguage\":\"de\",\"@id\":\"https:\\\/\\\/easyliferobo.com\\\/de\\\/#\\\/schema\\\/logo\\\/image\\\/\",\"url\":\"https:\\\/\\\/easyliferobo.com\\\/de\\\/wp-content\\\/uploads\\\/2026\\\/02\\\/Screenshot-2026-02-22-at-2.25.03-PM.png\",\"contentUrl\":\"https:\\\/\\\/easyliferobo.com\\\/de\\\/wp-content\\\/uploads\\\/2026\\\/02\\\/Screenshot-2026-02-22-at-2.25.03-PM.png\",\"width\":1858,\"height\":430,\"caption\":\"EasyLifeBro\"},\"image\":{\"@id\":\"https:\\\/\\\/easyliferobo.com\\\/de\\\/#\\\/schema\\\/logo\\\/image\\\/\"}}]}<\/script>\n<!-- \/ Yoast SEO plugin. -->","yoast_head_json":{"title":"Programmierbarer Roboter f\u00fcr Kinder von 8 bis 12 Jahren, MatataStudio VinciBot Programmierbares KI-Roboter-Spielzeugset mit Scratch & Python, ferngesteuerter elektronischer Programmierroboter, STEM-Lernspielzeug - EasyLifeBro","description":"Entdecken Sie smarte Roboter f\u00fcr Zuhause, Garten, Bildung und Sicherheit. Vergleichen Sie Saugroboter, Rasenm\u00e4hroboter, KI-Begleitroboter und mehr bei EasyLifeRobo.","robots":{"index":"index","follow":"follow","max-snippet":"max-snippet:-1","max-image-preview":"max-image-preview:large","max-video-preview":"max-video-preview:-1"},"canonical":"https:\/\/easyliferobo.com\/de\/product\/programmierbarer-roboter-fuer-kinder-von-8-bis-12-jahren-matatastudio-vincibot-programmierbares-ki-roboter-spielzeugset-mit-scratch-python-ferngesteuerter-elektronischer-programmierroboter-stem-l\/","og_locale":"de_DE","og_type":"article","og_title":"Programmierbarer Roboter f\u00fcr Kinder von 8 bis 12 Jahren, MatataStudio VinciBot Programmierbares KI-Roboter-Spielzeugset mit Scratch & Python, ferngesteuerter elektronischer Programmierroboter, STEM-Lernspielzeug - EasyLifeBro","og_description":"Entdecken Sie smarte Roboter f\u00fcr Zuhause, Garten, Bildung und Sicherheit. Vergleichen Sie Saugroboter, Rasenm\u00e4hroboter, KI-Begleitroboter und mehr bei EasyLifeRobo.","og_url":"https:\/\/easyliferobo.com\/de\/product\/programmierbarer-roboter-fuer-kinder-von-8-bis-12-jahren-matatastudio-vincibot-programmierbares-ki-roboter-spielzeugset-mit-scratch-python-ferngesteuerter-elektronischer-programmierroboter-stem-l\/","og_site_name":"EasyLifeBro","article_modified_time":"2026-02-23T01:26:41+00:00","og_image":[{"width":1500,"height":1493,"url":"https:\/\/easyliferobo.com\/de\/wp-content\/uploads\/2026\/02\/71pBtWvvJAL._AC_SL1500_.jpg","type":"image\/jpeg"}],"twitter_card":"summary_large_image","twitter_misc":{"Gesch\u00e4tzte Lesezeit":"2\u00a0Minuten"},"schema":{"@context":"https:\/\/schema.org","@graph":[{"@type":"WebPage","@id":"https:\/\/easyliferobo.com\/de\/product\/programmierbarer-roboter-fuer-kinder-von-8-bis-12-jahren-matatastudio-vincibot-programmierbares-ki-roboter-spielzeugset-mit-scratch-python-ferngesteuerter-elektronischer-programmierroboter-stem-l\/","url":"https:\/\/easyliferobo.com\/de\/product\/programmierbarer-roboter-fuer-kinder-von-8-bis-12-jahren-matatastudio-vincibot-programmierbares-ki-roboter-spielzeugset-mit-scratch-python-ferngesteuerter-elektronischer-programmierroboter-stem-l\/","name":"Programmierbarer Roboter f\u00fcr Kinder von 8 bis 12 Jahren, MatataStudio VinciBot Programmierbares KI-Roboter-Spielzeugset mit Scratch & Python, ferngesteuerter elektronischer Programmierroboter, STEM-Lernspielzeug - EasyLifeBro","isPartOf":{"@id":"https:\/\/easyliferobo.com\/de\/#website"},"primaryImageOfPage":{"@id":"https:\/\/easyliferobo.com\/de\/product\/programmierbarer-roboter-fuer-kinder-von-8-bis-12-jahren-matatastudio-vincibot-programmierbares-ki-roboter-spielzeugset-mit-scratch-python-ferngesteuerter-elektronischer-programmierroboter-stem-l\/#primaryimage"},"image":{"@id":"https:\/\/easyliferobo.com\/de\/product\/programmierbarer-roboter-fuer-kinder-von-8-bis-12-jahren-matatastudio-vincibot-programmierbares-ki-roboter-spielzeugset-mit-scratch-python-ferngesteuerter-elektronischer-programmierroboter-stem-l\/#primaryimage"},"thumbnailUrl":"https:\/\/easyliferobo.com\/de\/wp-content\/uploads\/2026\/02\/71pBtWvvJAL._AC_SL1500_.jpg","datePublished":"2026-02-23T01:26:25+00:00","dateModified":"2026-02-23T01:26:41+00:00","description":"Entdecken Sie smarte Roboter f\u00fcr Zuhause, Garten, Bildung und Sicherheit. Vergleichen Sie Saugroboter, Rasenm\u00e4hroboter, KI-Begleitroboter und mehr bei EasyLifeRobo.","breadcrumb":{"@id":"https:\/\/easyliferobo.com\/de\/product\/programmierbarer-roboter-fuer-kinder-von-8-bis-12-jahren-matatastudio-vincibot-programmierbares-ki-roboter-spielzeugset-mit-scratch-python-ferngesteuerter-elektronischer-programmierroboter-stem-l\/#breadcrumb"},"inLanguage":"de","potentialAction":[{"@type":"ReadAction","target":["https:\/\/easyliferobo.com\/de\/product\/programmierbarer-roboter-fuer-kinder-von-8-bis-12-jahren-matatastudio-vincibot-programmierbares-ki-roboter-spielzeugset-mit-scratch-python-ferngesteuerter-elektronischer-programmierroboter-stem-l\/"]}]},{"@type":"ImageObject","inLanguage":"de","@id":"https:\/\/easyliferobo.com\/de\/product\/programmierbarer-roboter-fuer-kinder-von-8-bis-12-jahren-matatastudio-vincibot-programmierbares-ki-roboter-spielzeugset-mit-scratch-python-ferngesteuerter-elektronischer-programmierroboter-stem-l\/#primaryimage","url":"https:\/\/easyliferobo.com\/de\/wp-content\/uploads\/2026\/02\/71pBtWvvJAL._AC_SL1500_.jpg","contentUrl":"https:\/\/easyliferobo.com\/de\/wp-content\/uploads\/2026\/02\/71pBtWvvJAL._AC_SL1500_.jpg","width":1500,"height":1493},{"@type":"BreadcrumbList","@id":"https:\/\/easyliferobo.com\/de\/product\/programmierbarer-roboter-fuer-kinder-von-8-bis-12-jahren-matatastudio-vincibot-programmierbares-ki-roboter-spielzeugset-mit-scratch-python-ferngesteuerter-elektronischer-programmierroboter-stem-l\/#breadcrumb","itemListElement":[{"@type":"ListItem","position":1,"name":"Home","item":"https:\/\/easyliferobo.com\/de\/"},{"@type":"ListItem","position":2,"name":"Shop","item":"https:\/\/easyliferobo.com\/de\/shop\/"},{"@type":"ListItem","position":3,"name":"Programmierbarer Roboter f\u00fcr Kinde..."}]},{"@type":"WebSite","@id":"https:\/\/easyliferobo.com\/de\/#website","url":"https:\/\/easyliferobo.com\/de\/","name":"EasyLifeBro","description":"Smarte Roboter f\u00fcr Zuhause, Garten &amp; Bildung","publisher":{"@id":"https:\/\/easyliferobo.com\/de\/#organization"},"potentialAction":[{"@type":"SearchAction","target":{"@type":"EntryPoint","urlTemplate":"https:\/\/easyliferobo.com\/de\/?s={search_term_string}"},"query-input":{"@type":"PropertyValueSpecification","valueRequired":true,"valueName":"search_term_string"}}],"inLanguage":"de"},{"@type":"Organization","@id":"https:\/\/easyliferobo.com\/de\/#organization","name":"EasyLifeBro","url":"https:\/\/easyliferobo.com\/de\/","logo":{"@type":"ImageObject","inLanguage":"de","@id":"https:\/\/easyliferobo.com\/de\/#\/schema\/logo\/image\/","url":"https:\/\/easyliferobo.com\/de\/wp-content\/uploads\/2026\/02\/Screenshot-2026-02-22-at-2.25.03-PM.png","contentUrl":"https:\/\/easyliferobo.com\/de\/wp-content\/uploads\/2026\/02\/Screenshot-2026-02-22-at-2.25.03-PM.png","width":1858,"height":430,"caption":"EasyLifeBro"},"image":{"@id":"https:\/\/easyliferobo.com\/de\/#\/schema\/logo\/image\/"}}]}},"_links":{"self":[{"href":"https:\/\/easyliferobo.com\/de\/wp-json\/wp\/v2\/product\/1477","targetHints":{"allow":["GET"]}}],"collection":[{"href":"https:\/\/easyliferobo.com\/de\/wp-json\/wp\/v2\/product"}],"about":[{"href":"https:\/\/easyliferobo.com\/de\/wp-json\/wp\/v2\/types\/product"}],"replies":[{"embeddable":true,"href":"https:\/\/easyliferobo.com\/de\/wp-json\/wp\/v2\/comments?post=1477"}],"wp:featuredmedia":[{"embeddable":true,"href":"https:\/\/easyliferobo.com\/de\/wp-json\/wp\/v2\/media\/1478"}],"wp:attachment":[{"href":"https:\/\/easyliferobo.com\/de\/wp-json\/wp\/v2\/media?parent=1477"}],"wp:term":[{"taxonomy":"store","embeddable":true,"href":"https:\/\/easyliferobo.com\/de\/wp-json\/wp\/v2\/store?post=1477"},{"taxonomy":"product_brand","embeddable":true,"href":"https:\/\/easyliferobo.com\/de\/wp-json\/wp\/v2\/product_brand?post=1477"},{"taxonomy":"product_cat","embeddable":true,"href":"https:\/\/easyliferobo.com\/de\/wp-json\/wp\/v2\/product_cat?post=1477"},{"taxonomy":"product_tag","embeddable":true,"href":"https:\/\/easyliferobo.com\/de\/wp-json\/wp\/v2\/product_tag?post=1477"}],"curies":[{"name":"wp","href":"https:\/\/api.w.org\/{rel}","templated":true}]}}