
{"id":1468,"date":"2026-02-22T23:55:31","date_gmt":"2026-02-22T23:55:31","guid":{"rendered":"https:\/\/easyliferobo.com\/de\/product\/sillbird-solarroboter-kinderspielzeug-ab-8-jahren-12-in-1-stem-bauset-190-teile-lernspielzeug-geschenk-fuer-jungen-maedchen-ab-8-jahren-angetrieben-durch-solarenergie\/"},"modified":"2026-02-22T23:55:49","modified_gmt":"2026-02-22T23:55:49","slug":"sillbird-solarroboter-kinderspielzeug-ab-8-jahren-12-in-1-stem-bauset-190-teile-lernspielzeug-geschenk-fuer-jungen-maedchen-ab-8-jahren-angetrieben-durch-solarenergie","status":"publish","type":"product","link":"https:\/\/easyliferobo.com\/de\/product\/sillbird-solarroboter-kinderspielzeug-ab-8-jahren-12-in-1-stem-bauset-190-teile-lernspielzeug-geschenk-fuer-jungen-maedchen-ab-8-jahren-angetrieben-durch-solarenergie\/","title":{"rendered":"Sillbird Solarroboter Kinderspielze..."},"content":{"rendered":"<p>\n                                             Produktbeschreibung   <\/p>\n<p>                                                  <img decoding=\"async\" alt=\"ST\u00c4NGEL\" src=\"https:\/\/images-na.ssl-images-amazon.com\/images\/G\/01\/x-locale\/common\/grey-pixel.gif\" class=\"a-lazy-loaded\" data-src=\"https:\/\/m.media-amazon.com\/images\/S\/aplus-media-library-service-media\/e066a744-2f2b-4f64-8cef-4cfe080936c4.__CR0,0,970,300_PT0_SX970_V1___.jpg\"><img decoding=\"async\" alt=\"ST\u00c4NGEL\" src=\"https:\/\/m.media-amazon.com\/images\/S\/aplus-media-library-service-media\/e066a744-2f2b-4f64-8cef-4cfe080936c4.__CR0,0,970,300_PT0_SX970_V1___.jpg\">  <\/p>\n<p>                                                  <img decoding=\"async\" alt=\"12-in-1\" src=\"https:\/\/images-na.ssl-images-amazon.com\/images\/G\/01\/x-locale\/common\/grey-pixel.gif\" class=\"a-lazy-loaded\" data-src=\"https:\/\/m.media-amazon.com\/images\/S\/aplus-media-library-service-media\/9ef81687-fcb5-4a06-b7ba-ded29dcf9f65.__CR0,0,970,300_PT0_SX970_V1___.jpg\"><img decoding=\"async\" alt=\"12-in-1\" src=\"https:\/\/m.media-amazon.com\/images\/S\/aplus-media-library-service-media\/9ef81687-fcb5-4a06-b7ba-ded29dcf9f65.__CR0,0,970,300_PT0_SX970_V1___.jpg\">  <\/p>\n<p>                                                  <img decoding=\"async\" alt=\"12-in-1\" src=\"https:\/\/images-na.ssl-images-amazon.com\/images\/G\/01\/x-locale\/common\/grey-pixel.gif\" class=\"a-lazy-loaded\" data-src=\"https:\/\/m.media-amazon.com\/images\/S\/aplus-media-library-service-media\/333d25a7-ebce-4759-9f88-236fa7028f24.__CR0,0,970,300_PT0_SX970_V1___.jpg\"><img decoding=\"async\" alt=\"12-in-1\" src=\"https:\/\/m.media-amazon.com\/images\/S\/aplus-media-library-service-media\/333d25a7-ebce-4759-9f88-236fa7028f24.__CR0,0,970,300_PT0_SX970_V1___.jpg\">  <\/p>\n<p>                                                  <img decoding=\"async\" alt=\"Solarroboter\" src=\"https:\/\/images-na.ssl-images-amazon.com\/images\/G\/01\/x-locale\/common\/grey-pixel.gif\" class=\"a-lazy-loaded\" data-src=\"https:\/\/m.media-amazon.com\/images\/S\/aplus-media-library-service-media\/37186338-20ee-408b-af19-9312eb748d7e.__CR0,0,970,300_PT0_SX970_V1___.jpg\"><img decoding=\"async\" alt=\"Solarroboter\" src=\"https:\/\/m.media-amazon.com\/images\/S\/aplus-media-library-service-media\/37186338-20ee-408b-af19-9312eb748d7e.__CR0,0,970,300_PT0_SX970_V1___.jpg\">  <\/p>\n<p>                                                  <img decoding=\"async\" alt=\"Solarroboter\" src=\"https:\/\/images-na.ssl-images-amazon.com\/images\/G\/01\/x-locale\/common\/grey-pixel.gif\" class=\"a-lazy-loaded\" data-src=\"https:\/\/m.media-amazon.com\/images\/S\/aplus-media-library-service-media\/16cb4294-57a3-454f-9614-8b0418c4b668.__CR0,0,970,300_PT0_SX970_V1___.jpg\"><img decoding=\"async\" alt=\"Solarroboter\" src=\"https:\/\/m.media-amazon.com\/images\/S\/aplus-media-library-service-media\/16cb4294-57a3-454f-9614-8b0418c4b668.__CR0,0,970,300_PT0_SX970_V1___.jpg\">  <\/p>\n<p>12 verschiedene Arten von Robotern: 12 verschiedene Solarbauroboter, die sich an Land oder auf dem Wasser bewegen k\u00f6nnen, damit Ihr Kind bauen kann, zwei Schwierigkeitsstufen, vom Einstiegsniveau f\u00fcr j\u00fcngere Kinder bis zum fortgeschrittenen Niveau f\u00fcr \u00e4ltere Kinder, um ihre praktischen F\u00e4higkeiten herauszufordern<br \/>Keine Batterien erforderlich: Angetrieben durch die Sonne, keine Batterien erforderlich. Der Roboterbausatz enth\u00e4lt ein Solarpanel, das Sonnenenergie in einem elektrischen Antriebsmotor sammelt, der die Zahnr\u00e4der antreibt, damit die Maschine reibungslos l\u00e4uft. Bietet Ihrem Kind praktische Erfahrungen im Umgang mit gr\u00fcner Technologie, l\u00e4sst es etwas \u00fcber erneuerbare Energien lernen und Spa\u00df daran haben<br \/>Unterst\u00fctzt die MINT-Ausbildung: Dieses wissenschaftliche Spielzeug bringt Kindern bei, wie man einen Roboter entwickelt, der Solarenergie nutzt, und hilft dabei, F\u00e4higkeiten zur Probleml\u00f6sung zu entwickeln, logisches Denken und Selbstvertrauen zu verbessern und die Bedeutung von Teamarbeit und Zusammenarbeit zu f\u00f6rdern<br \/>DIY f\u00fcr die Kreation: F\u00f6rdern Sie die Vorstellungskraft und Kreativit\u00e4t Ihres Kindes, indem Sie es herausfordern, seine eigenen Roboter mit 190 einfachen Teilen und Zubeh\u00f6r zu bauen. Wir haben Anleitungen (evtl. nicht in deutscher Sprache) f\u00fcr 12 Solarroboter-Designs mit Details von Level 1 bis Level 2, so dass es einfach ist, Schritt f\u00fcr Schritt zu bauen. Es ist f\u00fcr Jungen und M\u00e4dchen im Alter von 8\u201310 Jahren geeignet. Tolles Roboterspielzeug ermutigt Ihr Kind, spielerisch zu lernen<br \/>Ideales Geschenk: Alle Teile sind robust und langlebig und bestehen aus hochwertigem, harmlosem und ungiftigem ABS-Kunststoff<\/p>\n<p>[ad_2]<\/p>\n","protected":false},"excerpt":{"rendered":"<p>Produktbeschreibung 12 verschiedene Arten von Robotern: 12 verschiedene Solarbauroboter, die sich an Land oder auf dem Wasser bewegen k\u00f6nnen, damit Ihr Kind bauen kann, zwei Schwierigkeitsstufen, vom Einstiegsniveau f\u00fcr j\u00fcngere Kinder bis zum fortgeschrittenen Niveau f\u00fcr \u00e4ltere Kinder, um ihre praktischen F\u00e4higkeiten herauszufordernKeine Batterien erforderlich: Angetrieben durch die Sonne, keine Batterien erforderlich. Der Roboterbausatz enth\u00e4lt [&hellip;]<\/p>\n","protected":false},"featured_media":1469,"comment_status":"open","ping_status":"closed","template":"","meta":{"_aipt_faq_data":""},"store":[],"product_brand":[296],"product_cat":[79],"product_tag":[295],"class_list":{"0":"post-1468","1":"product","2":"type-product","3":"status-publish","4":"has-post-thumbnail","6":"product_brand-sillbird","7":"product_cat-stem-roboter","8":"product_tag-stem-roboter-lernspielzeug-elektrisch","10":"first","11":"instock","12":"shipping-taxable","13":"product-type-external"},"yoast_head":"<!-- This site is optimized with the Yoast SEO plugin v27.0 - https:\/\/yoast.com\/product\/yoast-seo-wordpress\/ -->\n<title>Sillbird Solarroboter Kinderspielzeug ab 8 Jahren, 12-in-1 STEM-Bauset, 190 Teile, Lernspielzeug, Geschenk f\u00fcr Jungen M\u00e4dchen ab 8+ Jahren, angetrieben durch Solarenergie - EasyLifeBro<\/title>\n<meta name=\"description\" content=\"Entdecken Sie smarte Roboter f\u00fcr Zuhause, Garten, Bildung und Sicherheit. Vergleichen Sie Saugroboter, Rasenm\u00e4hroboter, KI-Begleitroboter und mehr bei EasyLifeRobo.\" \/>\n<meta name=\"robots\" content=\"index, follow, max-snippet:-1, max-image-preview:large, max-video-preview:-1\" \/>\n<link rel=\"canonical\" href=\"https:\/\/easyliferobo.com\/de\/product\/sillbird-solarroboter-kinderspielzeug-ab-8-jahren-12-in-1-stem-bauset-190-teile-lernspielzeug-geschenk-fuer-jungen-maedchen-ab-8-jahren-angetrieben-durch-solarenergie\/\" \/>\n<meta property=\"og:locale\" content=\"de_DE\" \/>\n<meta property=\"og:type\" content=\"article\" \/>\n<meta property=\"og:title\" content=\"Sillbird Solarroboter Kinderspielzeug ab 8 Jahren, 12-in-1 STEM-Bauset, 190 Teile, Lernspielzeug, Geschenk f\u00fcr Jungen M\u00e4dchen ab 8+ Jahren, angetrieben durch Solarenergie - EasyLifeBro\" \/>\n<meta property=\"og:description\" content=\"Entdecken Sie smarte Roboter f\u00fcr Zuhause, Garten, Bildung und Sicherheit. Vergleichen Sie Saugroboter, Rasenm\u00e4hroboter, KI-Begleitroboter und mehr bei EasyLifeRobo.\" \/>\n<meta property=\"og:url\" content=\"https:\/\/easyliferobo.com\/de\/product\/sillbird-solarroboter-kinderspielzeug-ab-8-jahren-12-in-1-stem-bauset-190-teile-lernspielzeug-geschenk-fuer-jungen-maedchen-ab-8-jahren-angetrieben-durch-solarenergie\/\" \/>\n<meta property=\"og:site_name\" content=\"EasyLifeBro\" \/>\n<meta property=\"article:modified_time\" content=\"2026-02-22T23:55:49+00:00\" \/>\n<meta property=\"og:image\" content=\"https:\/\/easyliferobo.com\/de\/wp-content\/uploads\/2026\/02\/815FXww0FeL._AC_SL1500_.jpg\" \/>\n\t<meta property=\"og:image:width\" content=\"1500\" \/>\n\t<meta property=\"og:image:height\" content=\"1482\" \/>\n\t<meta property=\"og:image:type\" content=\"image\/jpeg\" \/>\n<meta name=\"twitter:card\" content=\"summary_large_image\" \/>\n<meta name=\"twitter:label1\" content=\"Gesch\u00e4tzte Lesezeit\" \/>\n\t<meta name=\"twitter:data1\" content=\"1\u00a0Minute\" \/>\n<script type=\"application\/ld+json\" class=\"yoast-schema-graph\">{\"@context\":\"https:\/\/schema.org\",\"@graph\":[{\"@type\":\"WebPage\",\"@id\":\"https:\/\/easyliferobo.com\/de\/product\/sillbird-solarroboter-kinderspielzeug-ab-8-jahren-12-in-1-stem-bauset-190-teile-lernspielzeug-geschenk-fuer-jungen-maedchen-ab-8-jahren-angetrieben-durch-solarenergie\/\",\"url\":\"https:\/\/easyliferobo.com\/de\/product\/sillbird-solarroboter-kinderspielzeug-ab-8-jahren-12-in-1-stem-bauset-190-teile-lernspielzeug-geschenk-fuer-jungen-maedchen-ab-8-jahren-angetrieben-durch-solarenergie\/\",\"name\":\"Sillbird Solarroboter Kinderspielzeug ab 8 Jahren, 12-in-1 STEM-Bauset, 190 Teile, Lernspielzeug, Geschenk f\u00fcr Jungen M\u00e4dchen ab 8+ Jahren, angetrieben durch Solarenergie - EasyLifeBro\",\"isPartOf\":{\"@id\":\"https:\/\/easyliferobo.com\/de\/#website\"},\"primaryImageOfPage\":{\"@id\":\"https:\/\/easyliferobo.com\/de\/product\/sillbird-solarroboter-kinderspielzeug-ab-8-jahren-12-in-1-stem-bauset-190-teile-lernspielzeug-geschenk-fuer-jungen-maedchen-ab-8-jahren-angetrieben-durch-solarenergie\/#primaryimage\"},\"image\":{\"@id\":\"https:\/\/easyliferobo.com\/de\/product\/sillbird-solarroboter-kinderspielzeug-ab-8-jahren-12-in-1-stem-bauset-190-teile-lernspielzeug-geschenk-fuer-jungen-maedchen-ab-8-jahren-angetrieben-durch-solarenergie\/#primaryimage\"},\"thumbnailUrl\":\"https:\/\/easyliferobo.com\/de\/wp-content\/uploads\/2026\/02\/815FXww0FeL._AC_SL1500_.jpg\",\"datePublished\":\"2026-02-22T23:55:31+00:00\",\"dateModified\":\"2026-02-22T23:55:49+00:00\",\"description\":\"Entdecken Sie smarte Roboter f\u00fcr Zuhause, Garten, Bildung und Sicherheit. Vergleichen Sie Saugroboter, Rasenm\u00e4hroboter, KI-Begleitroboter und mehr bei EasyLifeRobo.\",\"breadcrumb\":{\"@id\":\"https:\/\/easyliferobo.com\/de\/product\/sillbird-solarroboter-kinderspielzeug-ab-8-jahren-12-in-1-stem-bauset-190-teile-lernspielzeug-geschenk-fuer-jungen-maedchen-ab-8-jahren-angetrieben-durch-solarenergie\/#breadcrumb\"},\"inLanguage\":\"de\",\"potentialAction\":[{\"@type\":\"ReadAction\",\"target\":[\"https:\/\/easyliferobo.com\/de\/product\/sillbird-solarroboter-kinderspielzeug-ab-8-jahren-12-in-1-stem-bauset-190-teile-lernspielzeug-geschenk-fuer-jungen-maedchen-ab-8-jahren-angetrieben-durch-solarenergie\/\"]}]},{\"@type\":\"ImageObject\",\"inLanguage\":\"de\",\"@id\":\"https:\/\/easyliferobo.com\/de\/product\/sillbird-solarroboter-kinderspielzeug-ab-8-jahren-12-in-1-stem-bauset-190-teile-lernspielzeug-geschenk-fuer-jungen-maedchen-ab-8-jahren-angetrieben-durch-solarenergie\/#primaryimage\",\"url\":\"https:\/\/easyliferobo.com\/de\/wp-content\/uploads\/2026\/02\/815FXww0FeL._AC_SL1500_.jpg\",\"contentUrl\":\"https:\/\/easyliferobo.com\/de\/wp-content\/uploads\/2026\/02\/815FXww0FeL._AC_SL1500_.jpg\",\"width\":1500,\"height\":1482},{\"@type\":\"BreadcrumbList\",\"@id\":\"https:\/\/easyliferobo.com\/de\/product\/sillbird-solarroboter-kinderspielzeug-ab-8-jahren-12-in-1-stem-bauset-190-teile-lernspielzeug-geschenk-fuer-jungen-maedchen-ab-8-jahren-angetrieben-durch-solarenergie\/#breadcrumb\",\"itemListElement\":[{\"@type\":\"ListItem\",\"position\":1,\"name\":\"Home\",\"item\":\"https:\/\/easyliferobo.com\/de\/\"},{\"@type\":\"ListItem\",\"position\":2,\"name\":\"Shop\",\"item\":\"https:\/\/easyliferobo.com\/de\/shop\/\"},{\"@type\":\"ListItem\",\"position\":3,\"name\":\"Sillbird Solarroboter Kinderspielze...\"}]},{\"@type\":\"WebSite\",\"@id\":\"https:\/\/easyliferobo.com\/de\/#website\",\"url\":\"https:\/\/easyliferobo.com\/de\/\",\"name\":\"EasyLifeBro\",\"description\":\"Smarte Roboter f\u00fcr Zuhause, Garten &amp; Bildung\",\"publisher\":{\"@id\":\"https:\/\/easyliferobo.com\/de\/#organization\"},\"potentialAction\":[{\"@type\":\"SearchAction\",\"target\":{\"@type\":\"EntryPoint\",\"urlTemplate\":\"https:\/\/easyliferobo.com\/de\/?s={search_term_string}\"},\"query-input\":{\"@type\":\"PropertyValueSpecification\",\"valueRequired\":true,\"valueName\":\"search_term_string\"}}],\"inLanguage\":\"de\"},{\"@type\":\"Organization\",\"@id\":\"https:\/\/easyliferobo.com\/de\/#organization\",\"name\":\"EasyLifeBro\",\"url\":\"https:\/\/easyliferobo.com\/de\/\",\"logo\":{\"@type\":\"ImageObject\",\"inLanguage\":\"de\",\"@id\":\"https:\/\/easyliferobo.com\/de\/#\/schema\/logo\/image\/\",\"url\":\"https:\/\/easyliferobo.com\/de\/wp-content\/uploads\/2026\/02\/Screenshot-2026-02-22-at-2.25.03-PM.png\",\"contentUrl\":\"https:\/\/easyliferobo.com\/de\/wp-content\/uploads\/2026\/02\/Screenshot-2026-02-22-at-2.25.03-PM.png\",\"width\":1858,\"height\":430,\"caption\":\"EasyLifeBro\"},\"image\":{\"@id\":\"https:\/\/easyliferobo.com\/de\/#\/schema\/logo\/image\/\"}}]}<\/script>\n<!-- \/ Yoast SEO plugin. -->","yoast_head_json":{"title":"Sillbird Solarroboter Kinderspielzeug ab 8 Jahren, 12-in-1 STEM-Bauset, 190 Teile, Lernspielzeug, Geschenk f\u00fcr Jungen M\u00e4dchen ab 8+ Jahren, angetrieben durch Solarenergie - EasyLifeBro","description":"Entdecken Sie smarte Roboter f\u00fcr Zuhause, Garten, Bildung und Sicherheit. Vergleichen Sie Saugroboter, Rasenm\u00e4hroboter, KI-Begleitroboter und mehr bei EasyLifeRobo.","robots":{"index":"index","follow":"follow","max-snippet":"max-snippet:-1","max-image-preview":"max-image-preview:large","max-video-preview":"max-video-preview:-1"},"canonical":"https:\/\/easyliferobo.com\/de\/product\/sillbird-solarroboter-kinderspielzeug-ab-8-jahren-12-in-1-stem-bauset-190-teile-lernspielzeug-geschenk-fuer-jungen-maedchen-ab-8-jahren-angetrieben-durch-solarenergie\/","og_locale":"de_DE","og_type":"article","og_title":"Sillbird Solarroboter Kinderspielzeug ab 8 Jahren, 12-in-1 STEM-Bauset, 190 Teile, Lernspielzeug, Geschenk f\u00fcr Jungen M\u00e4dchen ab 8+ Jahren, angetrieben durch Solarenergie - EasyLifeBro","og_description":"Entdecken Sie smarte Roboter f\u00fcr Zuhause, Garten, Bildung und Sicherheit. Vergleichen Sie Saugroboter, Rasenm\u00e4hroboter, KI-Begleitroboter und mehr bei EasyLifeRobo.","og_url":"https:\/\/easyliferobo.com\/de\/product\/sillbird-solarroboter-kinderspielzeug-ab-8-jahren-12-in-1-stem-bauset-190-teile-lernspielzeug-geschenk-fuer-jungen-maedchen-ab-8-jahren-angetrieben-durch-solarenergie\/","og_site_name":"EasyLifeBro","article_modified_time":"2026-02-22T23:55:49+00:00","og_image":[{"width":1500,"height":1482,"url":"https:\/\/easyliferobo.com\/de\/wp-content\/uploads\/2026\/02\/815FXww0FeL._AC_SL1500_.jpg","type":"image\/jpeg"}],"twitter_card":"summary_large_image","twitter_misc":{"Gesch\u00e4tzte Lesezeit":"1\u00a0Minute"},"schema":{"@context":"https:\/\/schema.org","@graph":[{"@type":"WebPage","@id":"https:\/\/easyliferobo.com\/de\/product\/sillbird-solarroboter-kinderspielzeug-ab-8-jahren-12-in-1-stem-bauset-190-teile-lernspielzeug-geschenk-fuer-jungen-maedchen-ab-8-jahren-angetrieben-durch-solarenergie\/","url":"https:\/\/easyliferobo.com\/de\/product\/sillbird-solarroboter-kinderspielzeug-ab-8-jahren-12-in-1-stem-bauset-190-teile-lernspielzeug-geschenk-fuer-jungen-maedchen-ab-8-jahren-angetrieben-durch-solarenergie\/","name":"Sillbird Solarroboter Kinderspielzeug ab 8 Jahren, 12-in-1 STEM-Bauset, 190 Teile, Lernspielzeug, Geschenk f\u00fcr Jungen M\u00e4dchen ab 8+ Jahren, angetrieben durch Solarenergie - EasyLifeBro","isPartOf":{"@id":"https:\/\/easyliferobo.com\/de\/#website"},"primaryImageOfPage":{"@id":"https:\/\/easyliferobo.com\/de\/product\/sillbird-solarroboter-kinderspielzeug-ab-8-jahren-12-in-1-stem-bauset-190-teile-lernspielzeug-geschenk-fuer-jungen-maedchen-ab-8-jahren-angetrieben-durch-solarenergie\/#primaryimage"},"image":{"@id":"https:\/\/easyliferobo.com\/de\/product\/sillbird-solarroboter-kinderspielzeug-ab-8-jahren-12-in-1-stem-bauset-190-teile-lernspielzeug-geschenk-fuer-jungen-maedchen-ab-8-jahren-angetrieben-durch-solarenergie\/#primaryimage"},"thumbnailUrl":"https:\/\/easyliferobo.com\/de\/wp-content\/uploads\/2026\/02\/815FXww0FeL._AC_SL1500_.jpg","datePublished":"2026-02-22T23:55:31+00:00","dateModified":"2026-02-22T23:55:49+00:00","description":"Entdecken Sie smarte Roboter f\u00fcr Zuhause, Garten, Bildung und Sicherheit. Vergleichen Sie Saugroboter, Rasenm\u00e4hroboter, KI-Begleitroboter und mehr bei EasyLifeRobo.","breadcrumb":{"@id":"https:\/\/easyliferobo.com\/de\/product\/sillbird-solarroboter-kinderspielzeug-ab-8-jahren-12-in-1-stem-bauset-190-teile-lernspielzeug-geschenk-fuer-jungen-maedchen-ab-8-jahren-angetrieben-durch-solarenergie\/#breadcrumb"},"inLanguage":"de","potentialAction":[{"@type":"ReadAction","target":["https:\/\/easyliferobo.com\/de\/product\/sillbird-solarroboter-kinderspielzeug-ab-8-jahren-12-in-1-stem-bauset-190-teile-lernspielzeug-geschenk-fuer-jungen-maedchen-ab-8-jahren-angetrieben-durch-solarenergie\/"]}]},{"@type":"ImageObject","inLanguage":"de","@id":"https:\/\/easyliferobo.com\/de\/product\/sillbird-solarroboter-kinderspielzeug-ab-8-jahren-12-in-1-stem-bauset-190-teile-lernspielzeug-geschenk-fuer-jungen-maedchen-ab-8-jahren-angetrieben-durch-solarenergie\/#primaryimage","url":"https:\/\/easyliferobo.com\/de\/wp-content\/uploads\/2026\/02\/815FXww0FeL._AC_SL1500_.jpg","contentUrl":"https:\/\/easyliferobo.com\/de\/wp-content\/uploads\/2026\/02\/815FXww0FeL._AC_SL1500_.jpg","width":1500,"height":1482},{"@type":"BreadcrumbList","@id":"https:\/\/easyliferobo.com\/de\/product\/sillbird-solarroboter-kinderspielzeug-ab-8-jahren-12-in-1-stem-bauset-190-teile-lernspielzeug-geschenk-fuer-jungen-maedchen-ab-8-jahren-angetrieben-durch-solarenergie\/#breadcrumb","itemListElement":[{"@type":"ListItem","position":1,"name":"Home","item":"https:\/\/easyliferobo.com\/de\/"},{"@type":"ListItem","position":2,"name":"Shop","item":"https:\/\/easyliferobo.com\/de\/shop\/"},{"@type":"ListItem","position":3,"name":"Sillbird Solarroboter Kinderspielze..."}]},{"@type":"WebSite","@id":"https:\/\/easyliferobo.com\/de\/#website","url":"https:\/\/easyliferobo.com\/de\/","name":"EasyLifeBro","description":"Smarte Roboter f\u00fcr Zuhause, Garten &amp; Bildung","publisher":{"@id":"https:\/\/easyliferobo.com\/de\/#organization"},"potentialAction":[{"@type":"SearchAction","target":{"@type":"EntryPoint","urlTemplate":"https:\/\/easyliferobo.com\/de\/?s={search_term_string}"},"query-input":{"@type":"PropertyValueSpecification","valueRequired":true,"valueName":"search_term_string"}}],"inLanguage":"de"},{"@type":"Organization","@id":"https:\/\/easyliferobo.com\/de\/#organization","name":"EasyLifeBro","url":"https:\/\/easyliferobo.com\/de\/","logo":{"@type":"ImageObject","inLanguage":"de","@id":"https:\/\/easyliferobo.com\/de\/#\/schema\/logo\/image\/","url":"https:\/\/easyliferobo.com\/de\/wp-content\/uploads\/2026\/02\/Screenshot-2026-02-22-at-2.25.03-PM.png","contentUrl":"https:\/\/easyliferobo.com\/de\/wp-content\/uploads\/2026\/02\/Screenshot-2026-02-22-at-2.25.03-PM.png","width":1858,"height":430,"caption":"EasyLifeBro"},"image":{"@id":"https:\/\/easyliferobo.com\/de\/#\/schema\/logo\/image\/"}}]}},"_links":{"self":[{"href":"https:\/\/easyliferobo.com\/de\/wp-json\/wp\/v2\/product\/1468","targetHints":{"allow":["GET"]}}],"collection":[{"href":"https:\/\/easyliferobo.com\/de\/wp-json\/wp\/v2\/product"}],"about":[{"href":"https:\/\/easyliferobo.com\/de\/wp-json\/wp\/v2\/types\/product"}],"replies":[{"embeddable":true,"href":"https:\/\/easyliferobo.com\/de\/wp-json\/wp\/v2\/comments?post=1468"}],"wp:featuredmedia":[{"embeddable":true,"href":"https:\/\/easyliferobo.com\/de\/wp-json\/wp\/v2\/media\/1469"}],"wp:attachment":[{"href":"https:\/\/easyliferobo.com\/de\/wp-json\/wp\/v2\/media?parent=1468"}],"wp:term":[{"taxonomy":"store","embeddable":true,"href":"https:\/\/easyliferobo.com\/de\/wp-json\/wp\/v2\/store?post=1468"},{"taxonomy":"product_brand","embeddable":true,"href":"https:\/\/easyliferobo.com\/de\/wp-json\/wp\/v2\/product_brand?post=1468"},{"taxonomy":"product_cat","embeddable":true,"href":"https:\/\/easyliferobo.com\/de\/wp-json\/wp\/v2\/product_cat?post=1468"},{"taxonomy":"product_tag","embeddable":true,"href":"https:\/\/easyliferobo.com\/de\/wp-json\/wp\/v2\/product_tag?post=1468"}],"curies":[{"name":"wp","href":"https:\/\/api.w.org\/{rel}","templated":true}]}}