
{"id":1452,"date":"2026-02-22T23:51:30","date_gmt":"2026-02-22T23:51:30","guid":{"rendered":"https:\/\/easyliferobo.com\/de\/product\/sunfounder-raspberry-pi-pico-2w-ultimate-starter-kit-mit-ueber-110-englischen-videokursen-online-tutorials-96-projekten-16-iot-micropython-c-kompatibel-mit-arduino-ide\/"},"modified":"2026-02-22T23:51:50","modified_gmt":"2026-02-22T23:51:50","slug":"sunfounder-raspberry-pi-pico-2w-ultimate-starter-kit-mit-ueber-110-englischen-videokursen-online-tutorials-96-projekten-16-iot-micropython-c-kompatibel-mit-arduino-ide","status":"publish","type":"product","link":"https:\/\/easyliferobo.com\/de\/product\/sunfounder-raspberry-pi-pico-2w-ultimate-starter-kit-mit-ueber-110-englischen-videokursen-online-tutorials-96-projekten-16-iot-micropython-c-kompatibel-mit-arduino-ide\/","title":{"rendered":"SunFounder Raspberry Pi Pico 2W Ult..."},"content":{"rendered":"<p>\n                                             Produktbeschreibung   <\/p>\n<p>                                                                             <img decoding=\"async\" alt=\"Infografik mit Unternehmensstatistiken: 30 Millionen Nutzer, 20.000 Schulen, \u00fcber 210 L\u00e4nder und mehr als 10 Jahre Innovation. Logos von Forbes, CNET, Elektro und Tom\u2019s Hardware werden angezeigt.\" src=\"https:\/\/images-na.ssl-images-amazon.com\/images\/G\/01\/x-locale\/common\/grey-pixel.gif\" class=\"a-spacing-base a-lazy-loaded\" data-src=\"https:\/\/m.media-amazon.com\/images\/S\/aplus-media-library-service-media\/b1ec3c5f-0547-4e1e-a9f7-1857eaa75376.__CR0,0,970,600_PT0_SX970_V1___.jpg\"><img decoding=\"async\" alt=\"Infografik mit Unternehmensstatistiken: 30 Millionen Nutzer, 20.000 Schulen, \u00fcber 210 L\u00e4nder und mehr als 10 Jahre Innovation. Logos von Forbes, CNET, Elektro und Tom\u2019s Hardware werden angezeigt.\" src=\"https:\/\/m.media-amazon.com\/images\/S\/aplus-media-library-service-media\/b1ec3c5f-0547-4e1e-a9f7-1857eaa75376.__CR0,0,970,600_PT0_SX970_V1___.jpg\">                                                                    <\/p>\n<p>                                                                             <img decoding=\"async\" alt=\"Aplus-Inhaltsbild\" src=\"https:\/\/images-na.ssl-images-amazon.com\/images\/G\/01\/x-locale\/common\/grey-pixel.gif\" class=\"a-spacing-base a-lazy-loaded\" data-src=\"https:\/\/m.media-amazon.com\/images\/S\/aplus-media-library-service-media\/78619557-d038-436e-b7ed-1fe707540bc1.__CR0,0,970,600_PT0_SX970_V1___.jpg\"><img decoding=\"async\" alt=\"Aplus-Inhaltsbild\" src=\"https:\/\/m.media-amazon.com\/images\/S\/aplus-media-library-service-media\/78619557-d038-436e-b7ed-1fe707540bc1.__CR0,0,970,600_PT0_SX970_V1___.jpg\">                                                                    <\/p>\n<p>                                                                             <img decoding=\"async\" alt=\"Zwei junge Menschen arbeiten in einem Bildungsumfeld an elektronischen Bauteilen und einem Laptop, mit Text in deutscher Sprache \u00fcber dem Bild.\" src=\"https:\/\/images-na.ssl-images-amazon.com\/images\/G\/01\/x-locale\/common\/grey-pixel.gif\" class=\"a-spacing-base a-lazy-loaded\" data-src=\"https:\/\/m.media-amazon.com\/images\/S\/aplus-media-library-service-media\/054d5ea0-925a-4f7b-8c97-ccfbabc1be1e.__CR0,0,970,600_PT0_SX970_V1___.jpg\"><img decoding=\"async\" alt=\"Zwei junge Menschen arbeiten in einem Bildungsumfeld an elektronischen Bauteilen und einem Laptop, mit Text in deutscher Sprache \u00fcber dem Bild.\" src=\"https:\/\/m.media-amazon.com\/images\/S\/aplus-media-library-service-media\/054d5ea0-925a-4f7b-8c97-ccfbabc1be1e.__CR0,0,970,600_PT0_SX970_V1___.jpg\">                                                                    <\/p>\n<p>                                                                             <img decoding=\"async\" alt=\"Aufbau der Bildungselektronik mit Steckbrettschaltungen mit Pico-Mikrocontroller, mit mehreren Panels, die verschiedene Programmier- und \u00dcberwachungskonfigurationen demonstrieren.\" src=\"https:\/\/images-na.ssl-images-amazon.com\/images\/G\/01\/x-locale\/common\/grey-pixel.gif\" class=\"a-spacing-base a-lazy-loaded\" data-src=\"https:\/\/m.media-amazon.com\/images\/S\/aplus-media-library-service-media\/c26d4bad-63c1-474c-84c7-5132617d0c15.__CR0,0,970,600_PT0_SX970_V1___.jpg\"><img decoding=\"async\" alt=\"Aufbau der Bildungselektronik mit Steckbrettschaltungen mit Pico-Mikrocontroller, mit mehreren Panels, die verschiedene Programmier- und \u00dcberwachungskonfigurationen demonstrieren.\" src=\"https:\/\/m.media-amazon.com\/images\/S\/aplus-media-library-service-media\/c26d4bad-63c1-474c-84c7-5132617d0c15.__CR0,0,970,600_PT0_SX970_V1___.jpg\">                                                                    <\/p>\n<p>                                                                             <img decoding=\"async\" alt=\"Technische Vergleichstabelle mit Spezifikationen zwischen den Modellen Raspberry Pi Pico W und Pico W sowie Merkmalen und F\u00e4higkeiten.\" src=\"https:\/\/images-na.ssl-images-amazon.com\/images\/G\/01\/x-locale\/common\/grey-pixel.gif\" class=\"a-spacing-base a-lazy-loaded\" data-src=\"https:\/\/m.media-amazon.com\/images\/S\/aplus-media-library-service-media\/33719120-8dda-4211-9abf-834ebbad041e.__CR0,0,970,600_PT0_SX970_V1___.jpg\"><img decoding=\"async\" alt=\"Technische Vergleichstabelle mit Spezifikationen zwischen den Modellen Raspberry Pi Pico W und Pico W sowie Merkmalen und F\u00e4higkeiten.\" src=\"https:\/\/m.media-amazon.com\/images\/S\/aplus-media-library-service-media\/33719120-8dda-4211-9abf-834ebbad041e.__CR0,0,970,600_PT0_SX970_V1___.jpg\">                                                                    <\/p>\n<p>                                                                             <img decoding=\"async\" alt=\"Einrichtung eines Computerarbeitsplatzes mit Monitor, auf dem Bildungsinhalte angezeigt werden, mit Tastatur und verschiedenen elektronischen Komponenten auf orangefarbener Schreibtischoberfl\u00e4che.\" src=\"https:\/\/images-na.ssl-images-amazon.com\/images\/G\/01\/x-locale\/common\/grey-pixel.gif\" class=\"a-spacing-base a-lazy-loaded\" data-src=\"https:\/\/m.media-amazon.com\/images\/S\/aplus-media-library-service-media\/0e1fcb4f-ccdd-4557-836b-c1fc7187814f.__CR0,0,970,600_PT0_SX970_V1___.jpg\"><img decoding=\"async\" alt=\"Einrichtung eines Computerarbeitsplatzes mit Monitor, auf dem Bildungsinhalte angezeigt werden, mit Tastatur und verschiedenen elektronischen Komponenten auf orangefarbener Schreibtischoberfl\u00e4che.\" src=\"https:\/\/m.media-amazon.com\/images\/S\/aplus-media-library-service-media\/0e1fcb4f-ccdd-4557-836b-c1fc7187814f.__CR0,0,970,600_PT0_SX970_V1___.jpg\">                                                                    <\/p>\n<p>                         Zum Warenkorb hinzuf\u00fcgen Zum Warenkorb hinzuf\u00fcgen Zum Warenkorb hinzuf\u00fcgen Kundenrezensionen 4,4 von 5 Sternen 82 4,3 von 5 Sternen 214 4,6 von 5 Sternen 34 4,4 von 5 Sternen 108 4,6 von 5 Sternen 147 4,6 von 5 Sternen 141 Preis 58,99 \u20ac 58,99 \u20ac \u2013 keine Daten \u2013 keine Daten 72,99 \u20ac72,99 \u20ac 69,99 \u20ac69,99 \u20ac \u2013 keine Datenplatine enthalten Nein Nein Pico W Pico 2 W Nein Pico-kompatibles Board Raspberry Pi 5\/4\/3B+\/3B\/Zero mit Raspberry Pi 5\/4\/3B+\/3B\/Zero mit Pico W Pico 2 W Raspberry Pi 5\/4\/3B+\/3B\/Zero mit Pico W Pico-Videokurse \u2713 \u2713 \u2713 \u2713 Nein Nein Online-Dokumente \u2713 \u2713 \u2713 \u2713 \u2713 \u2713 Empfohlenes Alter 10+ 10+ 8+ 8+ 10+ 8+ Programmiersprache Python\/C\/Java\/Scratch\/Node.js Python\/C\/Java\/Scratch\/Node.js MicroPython\/C\/C++\/Piper Make Python\/MicroPython\/C\/C++ Python\/MicroPython\/C\/C++ Micropython\/C\/C++\/Piper Make Link zum Lehrplan raphael-kit-en.rtfd.io davinci-kit-de.rtfd.io kepler-kit-en.rtfd.io pico-2w-kit-en.rtfd.io umsk-de.rtfd.io thales_kit.rtfd.io        <\/p>\n<p>Raspberry Pi Pico 2W Starter-Kit f\u00fcr Anf\u00e4nger. Das Kit bietet ein reichhaltiges Lernerlebnis f\u00fcr Anf\u00e4nger ab 8 Jahren. Mit mehr als 450 Komponenten (einschlie\u00dflich der vorgel\u00f6teten Pico 2 W-Platine), 96 Projekten (16 IoT-Projekte) und mehr als 110 von Experten geleiteten Videolektionen macht dieses Kit das Erlernen der Mikrocontroller-Programmierung und des IoT ansprechend und leicht zug\u00e4nglich. Deutsche Online-Tutorials: pico-2w-kit-en.rtff.rtf.rtf.com d.io<br \/>VON EXPERTEN GEF\u00dcHRTE ENGLISCHE VIDEO-Lektionen Mit mehr als 110 Video-Lektionen des renommierten P\u00e4dagogen Paul McWhorter macht dieses Kit das Erlernen der Pico 2W-Programmierung f\u00fcr Anf\u00e4nger einfach und unterhaltsam, egal ob Sie Sch\u00fcler, Lehrer oder Ingenieur sind<br \/>GROSSE AUSWAHL AN HARDWARE Das Kit enth\u00e4lt eine Vielzahl von Komponenten wie Sensoren, Aktoren, LEDs, LCDs und mehr, mit denen Sie experimentieren und eine Vielzahl von Projekten mit dem Raspberry Pi Pico 2W erstellen k\u00f6nnen<br \/>Unterst\u00fctzt zwei Sprachen: Das Kit bietet Vielseitigkeit, indem es zwei Programmiersprachen unterst\u00fctzt \u2013 MicroPython und C\/C++ \u2013 und so ein abwechslungsreiches Programmierlernen erm\u00f6glicht<br \/>Engagierter Support: Profitieren Sie von unserem fortlaufenden Support, einschlie\u00dflich eines Community-Forums und zeitnaher technischer Unterst\u00fctzung f\u00fcr ein nahtloses Lernerlebnis<\/p>\n<p>[ad_2]<\/p>\n","protected":false},"excerpt":{"rendered":"<p>Produktbeschreibung Zum Warenkorb hinzuf\u00fcgen Zum Warenkorb hinzuf\u00fcgen Zum Warenkorb hinzuf\u00fcgen Kundenrezensionen 4,4 von 5 Sternen 82 4,3 von 5 Sternen 214 4,6 von 5 Sternen 34 4,4 von 5 Sternen 108 4,6 von 5 Sternen 147 4,6 von 5 Sternen 141 Preis 58,99 \u20ac 58,99 \u20ac \u2013 keine Daten \u2013 keine Daten 72,99 \u20ac72,99 \u20ac [&hellip;]<\/p>\n","protected":false},"featured_media":1453,"comment_status":"open","ping_status":"closed","template":"","meta":{"_aipt_faq_data":""},"store":[],"product_brand":[243],"product_cat":[81],"product_tag":[292],"class_list":{"0":"post-1452","1":"product","2":"type-product","3":"status-publish","4":"has-post-thumbnail","6":"product_brand-sunfounder","7":"product_cat-arduino-raspberry-pi-kits","8":"product_tag-arduino-raspberry-pi-kits-iot-kits","10":"first","11":"instock","12":"shipping-taxable","13":"product-type-external"},"yoast_head":"<!-- This site is optimized with the Yoast SEO plugin v27.0 - https:\/\/yoast.com\/product\/yoast-seo-wordpress\/ -->\n<title>SunFounder Raspberry Pi Pico 2W Ultimate Starter Kit mit \u00fcber 110 englischen Videokursen, Online-Tutorials, 96 Projekten (16 IoT), MicroPython, C++ (kompatibel mit Arduino IDE) - EasyLifeBro<\/title>\n<meta name=\"description\" content=\"Entdecken Sie smarte Roboter f\u00fcr Zuhause, Garten, Bildung und Sicherheit. Vergleichen Sie Saugroboter, Rasenm\u00e4hroboter, KI-Begleitroboter und mehr bei EasyLifeRobo.\" \/>\n<meta name=\"robots\" content=\"index, follow, max-snippet:-1, max-image-preview:large, max-video-preview:-1\" \/>\n<link rel=\"canonical\" href=\"https:\/\/easyliferobo.com\/de\/product\/sunfounder-raspberry-pi-pico-2w-ultimate-starter-kit-mit-ueber-110-englischen-videokursen-online-tutorials-96-projekten-16-iot-micropython-c-kompatibel-mit-arduino-ide\/\" \/>\n<meta property=\"og:locale\" content=\"de_DE\" \/>\n<meta property=\"og:type\" content=\"article\" \/>\n<meta property=\"og:title\" content=\"SunFounder Raspberry Pi Pico 2W Ultimate Starter Kit mit \u00fcber 110 englischen Videokursen, Online-Tutorials, 96 Projekten (16 IoT), MicroPython, C++ (kompatibel mit Arduino IDE) - EasyLifeBro\" \/>\n<meta property=\"og:description\" content=\"Entdecken Sie smarte Roboter f\u00fcr Zuhause, Garten, Bildung und Sicherheit. Vergleichen Sie Saugroboter, Rasenm\u00e4hroboter, KI-Begleitroboter und mehr bei EasyLifeRobo.\" \/>\n<meta property=\"og:url\" content=\"https:\/\/easyliferobo.com\/de\/product\/sunfounder-raspberry-pi-pico-2w-ultimate-starter-kit-mit-ueber-110-englischen-videokursen-online-tutorials-96-projekten-16-iot-micropython-c-kompatibel-mit-arduino-ide\/\" \/>\n<meta property=\"og:site_name\" content=\"EasyLifeBro\" \/>\n<meta property=\"article:modified_time\" content=\"2026-02-22T23:51:50+00:00\" \/>\n<meta property=\"og:image\" content=\"https:\/\/easyliferobo.com\/de\/wp-content\/uploads\/2026\/02\/81bnB0ChFyL._AC_SL1500_.jpg\" \/>\n\t<meta property=\"og:image:width\" content=\"1500\" \/>\n\t<meta property=\"og:image:height\" content=\"1484\" \/>\n\t<meta property=\"og:image:type\" content=\"image\/jpeg\" \/>\n<meta name=\"twitter:card\" content=\"summary_large_image\" \/>\n<meta name=\"twitter:label1\" content=\"Gesch\u00e4tzte Lesezeit\" \/>\n\t<meta name=\"twitter:data1\" content=\"2\u00a0Minuten\" \/>\n<script type=\"application\/ld+json\" class=\"yoast-schema-graph\">{\"@context\":\"https:\/\/schema.org\",\"@graph\":[{\"@type\":\"WebPage\",\"@id\":\"https:\/\/easyliferobo.com\/de\/product\/sunfounder-raspberry-pi-pico-2w-ultimate-starter-kit-mit-ueber-110-englischen-videokursen-online-tutorials-96-projekten-16-iot-micropython-c-kompatibel-mit-arduino-ide\/\",\"url\":\"https:\/\/easyliferobo.com\/de\/product\/sunfounder-raspberry-pi-pico-2w-ultimate-starter-kit-mit-ueber-110-englischen-videokursen-online-tutorials-96-projekten-16-iot-micropython-c-kompatibel-mit-arduino-ide\/\",\"name\":\"SunFounder Raspberry Pi Pico 2W Ultimate Starter Kit mit \u00fcber 110 englischen Videokursen, Online-Tutorials, 96 Projekten (16 IoT), MicroPython, C++ (kompatibel mit Arduino IDE) - EasyLifeBro\",\"isPartOf\":{\"@id\":\"https:\/\/easyliferobo.com\/de\/#website\"},\"primaryImageOfPage\":{\"@id\":\"https:\/\/easyliferobo.com\/de\/product\/sunfounder-raspberry-pi-pico-2w-ultimate-starter-kit-mit-ueber-110-englischen-videokursen-online-tutorials-96-projekten-16-iot-micropython-c-kompatibel-mit-arduino-ide\/#primaryimage\"},\"image\":{\"@id\":\"https:\/\/easyliferobo.com\/de\/product\/sunfounder-raspberry-pi-pico-2w-ultimate-starter-kit-mit-ueber-110-englischen-videokursen-online-tutorials-96-projekten-16-iot-micropython-c-kompatibel-mit-arduino-ide\/#primaryimage\"},\"thumbnailUrl\":\"https:\/\/easyliferobo.com\/de\/wp-content\/uploads\/2026\/02\/81bnB0ChFyL._AC_SL1500_.jpg\",\"datePublished\":\"2026-02-22T23:51:30+00:00\",\"dateModified\":\"2026-02-22T23:51:50+00:00\",\"description\":\"Entdecken Sie smarte Roboter f\u00fcr Zuhause, Garten, Bildung und Sicherheit. Vergleichen Sie Saugroboter, Rasenm\u00e4hroboter, KI-Begleitroboter und mehr bei EasyLifeRobo.\",\"breadcrumb\":{\"@id\":\"https:\/\/easyliferobo.com\/de\/product\/sunfounder-raspberry-pi-pico-2w-ultimate-starter-kit-mit-ueber-110-englischen-videokursen-online-tutorials-96-projekten-16-iot-micropython-c-kompatibel-mit-arduino-ide\/#breadcrumb\"},\"inLanguage\":\"de\",\"potentialAction\":[{\"@type\":\"ReadAction\",\"target\":[\"https:\/\/easyliferobo.com\/de\/product\/sunfounder-raspberry-pi-pico-2w-ultimate-starter-kit-mit-ueber-110-englischen-videokursen-online-tutorials-96-projekten-16-iot-micropython-c-kompatibel-mit-arduino-ide\/\"]}]},{\"@type\":\"ImageObject\",\"inLanguage\":\"de\",\"@id\":\"https:\/\/easyliferobo.com\/de\/product\/sunfounder-raspberry-pi-pico-2w-ultimate-starter-kit-mit-ueber-110-englischen-videokursen-online-tutorials-96-projekten-16-iot-micropython-c-kompatibel-mit-arduino-ide\/#primaryimage\",\"url\":\"https:\/\/easyliferobo.com\/de\/wp-content\/uploads\/2026\/02\/81bnB0ChFyL._AC_SL1500_.jpg\",\"contentUrl\":\"https:\/\/easyliferobo.com\/de\/wp-content\/uploads\/2026\/02\/81bnB0ChFyL._AC_SL1500_.jpg\",\"width\":1500,\"height\":1484},{\"@type\":\"BreadcrumbList\",\"@id\":\"https:\/\/easyliferobo.com\/de\/product\/sunfounder-raspberry-pi-pico-2w-ultimate-starter-kit-mit-ueber-110-englischen-videokursen-online-tutorials-96-projekten-16-iot-micropython-c-kompatibel-mit-arduino-ide\/#breadcrumb\",\"itemListElement\":[{\"@type\":\"ListItem\",\"position\":1,\"name\":\"Home\",\"item\":\"https:\/\/easyliferobo.com\/de\/\"},{\"@type\":\"ListItem\",\"position\":2,\"name\":\"Shop\",\"item\":\"https:\/\/easyliferobo.com\/de\/shop\/\"},{\"@type\":\"ListItem\",\"position\":3,\"name\":\"SunFounder Raspberry Pi Pico 2W Ult...\"}]},{\"@type\":\"WebSite\",\"@id\":\"https:\/\/easyliferobo.com\/de\/#website\",\"url\":\"https:\/\/easyliferobo.com\/de\/\",\"name\":\"EasyLifeBro\",\"description\":\"Smarte Roboter f\u00fcr Zuhause, Garten &amp; Bildung\",\"publisher\":{\"@id\":\"https:\/\/easyliferobo.com\/de\/#organization\"},\"potentialAction\":[{\"@type\":\"SearchAction\",\"target\":{\"@type\":\"EntryPoint\",\"urlTemplate\":\"https:\/\/easyliferobo.com\/de\/?s={search_term_string}\"},\"query-input\":{\"@type\":\"PropertyValueSpecification\",\"valueRequired\":true,\"valueName\":\"search_term_string\"}}],\"inLanguage\":\"de\"},{\"@type\":\"Organization\",\"@id\":\"https:\/\/easyliferobo.com\/de\/#organization\",\"name\":\"EasyLifeBro\",\"url\":\"https:\/\/easyliferobo.com\/de\/\",\"logo\":{\"@type\":\"ImageObject\",\"inLanguage\":\"de\",\"@id\":\"https:\/\/easyliferobo.com\/de\/#\/schema\/logo\/image\/\",\"url\":\"https:\/\/easyliferobo.com\/de\/wp-content\/uploads\/2026\/02\/Screenshot-2026-02-22-at-2.25.03-PM.png\",\"contentUrl\":\"https:\/\/easyliferobo.com\/de\/wp-content\/uploads\/2026\/02\/Screenshot-2026-02-22-at-2.25.03-PM.png\",\"width\":1858,\"height\":430,\"caption\":\"EasyLifeBro\"},\"image\":{\"@id\":\"https:\/\/easyliferobo.com\/de\/#\/schema\/logo\/image\/\"}}]}<\/script>\n<!-- \/ Yoast SEO plugin. -->","yoast_head_json":{"title":"SunFounder Raspberry Pi Pico 2W Ultimate Starter Kit mit \u00fcber 110 englischen Videokursen, Online-Tutorials, 96 Projekten (16 IoT), MicroPython, C++ (kompatibel mit Arduino IDE) - EasyLifeBro","description":"Entdecken Sie smarte Roboter f\u00fcr Zuhause, Garten, Bildung und Sicherheit. Vergleichen Sie Saugroboter, Rasenm\u00e4hroboter, KI-Begleitroboter und mehr bei EasyLifeRobo.","robots":{"index":"index","follow":"follow","max-snippet":"max-snippet:-1","max-image-preview":"max-image-preview:large","max-video-preview":"max-video-preview:-1"},"canonical":"https:\/\/easyliferobo.com\/de\/product\/sunfounder-raspberry-pi-pico-2w-ultimate-starter-kit-mit-ueber-110-englischen-videokursen-online-tutorials-96-projekten-16-iot-micropython-c-kompatibel-mit-arduino-ide\/","og_locale":"de_DE","og_type":"article","og_title":"SunFounder Raspberry Pi Pico 2W Ultimate Starter Kit mit \u00fcber 110 englischen Videokursen, Online-Tutorials, 96 Projekten (16 IoT), MicroPython, C++ (kompatibel mit Arduino IDE) - EasyLifeBro","og_description":"Entdecken Sie smarte Roboter f\u00fcr Zuhause, Garten, Bildung und Sicherheit. Vergleichen Sie Saugroboter, Rasenm\u00e4hroboter, KI-Begleitroboter und mehr bei EasyLifeRobo.","og_url":"https:\/\/easyliferobo.com\/de\/product\/sunfounder-raspberry-pi-pico-2w-ultimate-starter-kit-mit-ueber-110-englischen-videokursen-online-tutorials-96-projekten-16-iot-micropython-c-kompatibel-mit-arduino-ide\/","og_site_name":"EasyLifeBro","article_modified_time":"2026-02-22T23:51:50+00:00","og_image":[{"width":1500,"height":1484,"url":"https:\/\/easyliferobo.com\/de\/wp-content\/uploads\/2026\/02\/81bnB0ChFyL._AC_SL1500_.jpg","type":"image\/jpeg"}],"twitter_card":"summary_large_image","twitter_misc":{"Gesch\u00e4tzte Lesezeit":"2\u00a0Minuten"},"schema":{"@context":"https:\/\/schema.org","@graph":[{"@type":"WebPage","@id":"https:\/\/easyliferobo.com\/de\/product\/sunfounder-raspberry-pi-pico-2w-ultimate-starter-kit-mit-ueber-110-englischen-videokursen-online-tutorials-96-projekten-16-iot-micropython-c-kompatibel-mit-arduino-ide\/","url":"https:\/\/easyliferobo.com\/de\/product\/sunfounder-raspberry-pi-pico-2w-ultimate-starter-kit-mit-ueber-110-englischen-videokursen-online-tutorials-96-projekten-16-iot-micropython-c-kompatibel-mit-arduino-ide\/","name":"SunFounder Raspberry Pi Pico 2W Ultimate Starter Kit mit \u00fcber 110 englischen Videokursen, Online-Tutorials, 96 Projekten (16 IoT), MicroPython, C++ (kompatibel mit Arduino IDE) - EasyLifeBro","isPartOf":{"@id":"https:\/\/easyliferobo.com\/de\/#website"},"primaryImageOfPage":{"@id":"https:\/\/easyliferobo.com\/de\/product\/sunfounder-raspberry-pi-pico-2w-ultimate-starter-kit-mit-ueber-110-englischen-videokursen-online-tutorials-96-projekten-16-iot-micropython-c-kompatibel-mit-arduino-ide\/#primaryimage"},"image":{"@id":"https:\/\/easyliferobo.com\/de\/product\/sunfounder-raspberry-pi-pico-2w-ultimate-starter-kit-mit-ueber-110-englischen-videokursen-online-tutorials-96-projekten-16-iot-micropython-c-kompatibel-mit-arduino-ide\/#primaryimage"},"thumbnailUrl":"https:\/\/easyliferobo.com\/de\/wp-content\/uploads\/2026\/02\/81bnB0ChFyL._AC_SL1500_.jpg","datePublished":"2026-02-22T23:51:30+00:00","dateModified":"2026-02-22T23:51:50+00:00","description":"Entdecken Sie smarte Roboter f\u00fcr Zuhause, Garten, Bildung und Sicherheit. Vergleichen Sie Saugroboter, Rasenm\u00e4hroboter, KI-Begleitroboter und mehr bei EasyLifeRobo.","breadcrumb":{"@id":"https:\/\/easyliferobo.com\/de\/product\/sunfounder-raspberry-pi-pico-2w-ultimate-starter-kit-mit-ueber-110-englischen-videokursen-online-tutorials-96-projekten-16-iot-micropython-c-kompatibel-mit-arduino-ide\/#breadcrumb"},"inLanguage":"de","potentialAction":[{"@type":"ReadAction","target":["https:\/\/easyliferobo.com\/de\/product\/sunfounder-raspberry-pi-pico-2w-ultimate-starter-kit-mit-ueber-110-englischen-videokursen-online-tutorials-96-projekten-16-iot-micropython-c-kompatibel-mit-arduino-ide\/"]}]},{"@type":"ImageObject","inLanguage":"de","@id":"https:\/\/easyliferobo.com\/de\/product\/sunfounder-raspberry-pi-pico-2w-ultimate-starter-kit-mit-ueber-110-englischen-videokursen-online-tutorials-96-projekten-16-iot-micropython-c-kompatibel-mit-arduino-ide\/#primaryimage","url":"https:\/\/easyliferobo.com\/de\/wp-content\/uploads\/2026\/02\/81bnB0ChFyL._AC_SL1500_.jpg","contentUrl":"https:\/\/easyliferobo.com\/de\/wp-content\/uploads\/2026\/02\/81bnB0ChFyL._AC_SL1500_.jpg","width":1500,"height":1484},{"@type":"BreadcrumbList","@id":"https:\/\/easyliferobo.com\/de\/product\/sunfounder-raspberry-pi-pico-2w-ultimate-starter-kit-mit-ueber-110-englischen-videokursen-online-tutorials-96-projekten-16-iot-micropython-c-kompatibel-mit-arduino-ide\/#breadcrumb","itemListElement":[{"@type":"ListItem","position":1,"name":"Home","item":"https:\/\/easyliferobo.com\/de\/"},{"@type":"ListItem","position":2,"name":"Shop","item":"https:\/\/easyliferobo.com\/de\/shop\/"},{"@type":"ListItem","position":3,"name":"SunFounder Raspberry Pi Pico 2W Ult..."}]},{"@type":"WebSite","@id":"https:\/\/easyliferobo.com\/de\/#website","url":"https:\/\/easyliferobo.com\/de\/","name":"EasyLifeBro","description":"Smarte Roboter f\u00fcr Zuhause, Garten &amp; Bildung","publisher":{"@id":"https:\/\/easyliferobo.com\/de\/#organization"},"potentialAction":[{"@type":"SearchAction","target":{"@type":"EntryPoint","urlTemplate":"https:\/\/easyliferobo.com\/de\/?s={search_term_string}"},"query-input":{"@type":"PropertyValueSpecification","valueRequired":true,"valueName":"search_term_string"}}],"inLanguage":"de"},{"@type":"Organization","@id":"https:\/\/easyliferobo.com\/de\/#organization","name":"EasyLifeBro","url":"https:\/\/easyliferobo.com\/de\/","logo":{"@type":"ImageObject","inLanguage":"de","@id":"https:\/\/easyliferobo.com\/de\/#\/schema\/logo\/image\/","url":"https:\/\/easyliferobo.com\/de\/wp-content\/uploads\/2026\/02\/Screenshot-2026-02-22-at-2.25.03-PM.png","contentUrl":"https:\/\/easyliferobo.com\/de\/wp-content\/uploads\/2026\/02\/Screenshot-2026-02-22-at-2.25.03-PM.png","width":1858,"height":430,"caption":"EasyLifeBro"},"image":{"@id":"https:\/\/easyliferobo.com\/de\/#\/schema\/logo\/image\/"}}]}},"_links":{"self":[{"href":"https:\/\/easyliferobo.com\/de\/wp-json\/wp\/v2\/product\/1452","targetHints":{"allow":["GET"]}}],"collection":[{"href":"https:\/\/easyliferobo.com\/de\/wp-json\/wp\/v2\/product"}],"about":[{"href":"https:\/\/easyliferobo.com\/de\/wp-json\/wp\/v2\/types\/product"}],"replies":[{"embeddable":true,"href":"https:\/\/easyliferobo.com\/de\/wp-json\/wp\/v2\/comments?post=1452"}],"wp:featuredmedia":[{"embeddable":true,"href":"https:\/\/easyliferobo.com\/de\/wp-json\/wp\/v2\/media\/1453"}],"wp:attachment":[{"href":"https:\/\/easyliferobo.com\/de\/wp-json\/wp\/v2\/media?parent=1452"}],"wp:term":[{"taxonomy":"store","embeddable":true,"href":"https:\/\/easyliferobo.com\/de\/wp-json\/wp\/v2\/store?post=1452"},{"taxonomy":"product_brand","embeddable":true,"href":"https:\/\/easyliferobo.com\/de\/wp-json\/wp\/v2\/product_brand?post=1452"},{"taxonomy":"product_cat","embeddable":true,"href":"https:\/\/easyliferobo.com\/de\/wp-json\/wp\/v2\/product_cat?post=1452"},{"taxonomy":"product_tag","embeddable":true,"href":"https:\/\/easyliferobo.com\/de\/wp-json\/wp\/v2\/product_tag?post=1452"}],"curies":[{"name":"wp","href":"https:\/\/api.w.org\/{rel}","templated":true}]}}