
{"id":1444,"date":"2026-02-22T23:49:27","date_gmt":"2026-02-22T23:49:27","guid":{"rendered":"https:\/\/easyliferobo.com\/de\/product\/original-einhell-maehroboter-garage-passend-fuer-alle-einhell-maehroboter-wetterschutz-vor-regen-sonne-und-regen-einfacher-aufbau-faltbar-79-x-528-x-165-cm\/"},"modified":"2026-02-22T23:49:38","modified_gmt":"2026-02-22T23:49:38","slug":"original-einhell-maehroboter-garage-passend-fuer-alle-einhell-maehroboter-wetterschutz-vor-regen-sonne-und-regen-einfacher-aufbau-faltbar-79-x-528-x-165-cm","status":"publish","type":"product","link":"https:\/\/easyliferobo.com\/de\/product\/original-einhell-maehroboter-garage-passend-fuer-alle-einhell-maehroboter-wetterschutz-vor-regen-sonne-und-regen-einfacher-aufbau-faltbar-79-x-528-x-165-cm\/","title":{"rendered":"Original Einhell M\u00e4hroboter-Garage..."},"content":{"rendered":"<p>    <span>F\u00fcr den Einhell M\u00e4hroboter GC-RM 500 und alle M\u00e4hroboter der Freelexo-Serie ist die passende \u201eGarage\u201c eine ideale Erg\u00e4nzung: Die Original Einhell M\u00e4hroboter-Garage sch\u00fctzt vor Niederschl\u00e4gen aller Art, vor praller Sonne und vor N\u00e4sse. Die Konstruktion erm\u00f6glicht eine gute Luftzirkulation und auch den Abfluss von Regenwasser, sodass der M\u00e4hroboter nicht \u201emit nassen F\u00fc\u00dfen\u201c in der Garage steht. Durch den Schutz des kleinen Gartenhelfers verl\u00e4ngert sich die Lebensdauer, da \u00e4u\u00dfere Einfl\u00fcsse deutlich reduziert werden. Dank des Klappdeckels ist die M\u00e4hroboter-Garage leicht zug\u00e4nglich. Die Garage ist 31 Zoll lang, 20,8 Zoll breit und 6,5 Zoll hoch. Die Installation ist denkbar einfach: Acht Montageschrauben sind im Lieferumfang enthalten. <\/span><br \/>M\u00e4hroboter-Zubeh\u00f6r \u2013 Die Original Einhell M\u00e4hroboter-Garage ist ein passendes Zubeh\u00f6r f\u00fcr alle Einhell M\u00e4hroboter.<br \/>Schutz \u2013 Die M\u00e4hroboter-Garage sch\u00fctzt den Rasenroboter vor Regenf\u00e4llen aller Art, vor praller Sonne und vor N\u00e4sse.<br \/>Regenwasser \u2013 Die Konstruktion der M\u00e4hroboter-Garage erm\u00f6glicht eine gute Luftzirkulation und Regenwasserableitung, sodass der M\u00e4hroboter nicht auf nassem Boden steht.<br \/>Einfacher Zugang \u2013 Dank der M\u00e4hroboter-Garage ist der Rasenroboter nicht nur optimal gesch\u00fctzt, sondern dank des Klappdeckels auch leicht zug\u00e4nglich.<br \/>Einfache Montage \u2013 Mithilfe der acht mitgelieferten Montageschrauben l\u00e4sst sich die 79 cm lange, 52,8 cm breite und 16,5 cm hohe M\u00e4hroboter-Garage schnell zusammenbauen.<\/p>\n<p>[ad_2]<\/p>\n","protected":false},"excerpt":{"rendered":"<p>F\u00fcr den Einhell M\u00e4hroboter GC-RM 500 und alle M\u00e4hroboter der Freelexo-Serie ist die passende \u201eGarage\u201c eine ideale Erg\u00e4nzung: Die Original Einhell M\u00e4hroboter-Garage sch\u00fctzt vor Niederschl\u00e4gen aller Art, vor praller Sonne und vor N\u00e4sse. Die Konstruktion erm\u00f6glicht eine gute Luftzirkulation und auch den Abfluss von Regenwasser, sodass der M\u00e4hroboter nicht \u201emit nassen F\u00fc\u00dfen\u201c in der Garage [&hellip;]<\/p>\n","protected":false},"featured_media":1445,"comment_status":"open","ping_status":"closed","template":"","meta":{"_aipt_faq_data":""},"store":[],"product_brand":[289],"product_cat":[83],"product_tag":[291],"class_list":{"0":"post-1444","1":"product","2":"type-product","3":"status-publish","4":"has-post-thumbnail","6":"product_brand-einhell","7":"product_cat-rasenroboter-fuer-kleine-gaerten","8":"product_tag-rasenroboter-fuer-kleine-gaerten-mit-app-steuerung","10":"first","11":"instock","12":"sale","13":"shipping-taxable","14":"product-type-external"},"yoast_head":"<!-- This site is optimized with the Yoast SEO plugin v27.0 - https:\/\/yoast.com\/product\/yoast-seo-wordpress\/ -->\n<title>Original Einhell M\u00e4hroboter-Garage (passend f\u00fcr alle Einhell M\u00e4hroboter, Wetterschutz vor Regen, Sonne und Regen, einfacher Aufbau, faltbar, 79 x 52,8 x 16,5 cm) - EasyLifeBro<\/title>\n<meta name=\"description\" content=\"Entdecken Sie smarte Roboter f\u00fcr Zuhause, Garten, Bildung und Sicherheit. Vergleichen Sie Saugroboter, Rasenm\u00e4hroboter, KI-Begleitroboter und mehr bei EasyLifeRobo.\" \/>\n<meta name=\"robots\" content=\"index, follow, max-snippet:-1, max-image-preview:large, max-video-preview:-1\" \/>\n<link rel=\"canonical\" href=\"https:\/\/easyliferobo.com\/de\/product\/original-einhell-maehroboter-garage-passend-fuer-alle-einhell-maehroboter-wetterschutz-vor-regen-sonne-und-regen-einfacher-aufbau-faltbar-79-x-528-x-165-cm\/\" \/>\n<meta property=\"og:locale\" content=\"de_DE\" \/>\n<meta property=\"og:type\" content=\"article\" \/>\n<meta property=\"og:title\" content=\"Original Einhell M\u00e4hroboter-Garage (passend f\u00fcr alle Einhell M\u00e4hroboter, Wetterschutz vor Regen, Sonne und Regen, einfacher Aufbau, faltbar, 79 x 52,8 x 16,5 cm) - EasyLifeBro\" \/>\n<meta property=\"og:description\" content=\"Entdecken Sie smarte Roboter f\u00fcr Zuhause, Garten, Bildung und Sicherheit. Vergleichen Sie Saugroboter, Rasenm\u00e4hroboter, KI-Begleitroboter und mehr bei EasyLifeRobo.\" \/>\n<meta property=\"og:url\" content=\"https:\/\/easyliferobo.com\/de\/product\/original-einhell-maehroboter-garage-passend-fuer-alle-einhell-maehroboter-wetterschutz-vor-regen-sonne-und-regen-einfacher-aufbau-faltbar-79-x-528-x-165-cm\/\" \/>\n<meta property=\"og:site_name\" content=\"EasyLifeBro\" \/>\n<meta property=\"article:modified_time\" content=\"2026-02-22T23:49:38+00:00\" \/>\n<meta property=\"og:image\" content=\"https:\/\/easyliferobo.com\/de\/wp-content\/uploads\/2026\/02\/61W73wOrmGL._AC_SL1500_.jpg\" \/>\n\t<meta property=\"og:image:width\" content=\"1500\" \/>\n\t<meta property=\"og:image:height\" content=\"1004\" \/>\n\t<meta property=\"og:image:type\" content=\"image\/jpeg\" \/>\n<meta name=\"twitter:card\" content=\"summary_large_image\" \/>\n<meta name=\"twitter:label1\" content=\"Gesch\u00e4tzte Lesezeit\" \/>\n\t<meta name=\"twitter:data1\" content=\"1\u00a0Minute\" \/>\n<script type=\"application\/ld+json\" class=\"yoast-schema-graph\">{\"@context\":\"https:\/\/schema.org\",\"@graph\":[{\"@type\":\"WebPage\",\"@id\":\"https:\/\/easyliferobo.com\/de\/product\/original-einhell-maehroboter-garage-passend-fuer-alle-einhell-maehroboter-wetterschutz-vor-regen-sonne-und-regen-einfacher-aufbau-faltbar-79-x-528-x-165-cm\/\",\"url\":\"https:\/\/easyliferobo.com\/de\/product\/original-einhell-maehroboter-garage-passend-fuer-alle-einhell-maehroboter-wetterschutz-vor-regen-sonne-und-regen-einfacher-aufbau-faltbar-79-x-528-x-165-cm\/\",\"name\":\"Original Einhell M\u00e4hroboter-Garage (passend f\u00fcr alle Einhell M\u00e4hroboter, Wetterschutz vor Regen, Sonne und Regen, einfacher Aufbau, faltbar, 79 x 52,8 x 16,5 cm) - EasyLifeBro\",\"isPartOf\":{\"@id\":\"https:\/\/easyliferobo.com\/de\/#website\"},\"primaryImageOfPage\":{\"@id\":\"https:\/\/easyliferobo.com\/de\/product\/original-einhell-maehroboter-garage-passend-fuer-alle-einhell-maehroboter-wetterschutz-vor-regen-sonne-und-regen-einfacher-aufbau-faltbar-79-x-528-x-165-cm\/#primaryimage\"},\"image\":{\"@id\":\"https:\/\/easyliferobo.com\/de\/product\/original-einhell-maehroboter-garage-passend-fuer-alle-einhell-maehroboter-wetterschutz-vor-regen-sonne-und-regen-einfacher-aufbau-faltbar-79-x-528-x-165-cm\/#primaryimage\"},\"thumbnailUrl\":\"https:\/\/easyliferobo.com\/de\/wp-content\/uploads\/2026\/02\/61W73wOrmGL._AC_SL1500_.jpg\",\"datePublished\":\"2026-02-22T23:49:27+00:00\",\"dateModified\":\"2026-02-22T23:49:38+00:00\",\"description\":\"Entdecken Sie smarte Roboter f\u00fcr Zuhause, Garten, Bildung und Sicherheit. Vergleichen Sie Saugroboter, Rasenm\u00e4hroboter, KI-Begleitroboter und mehr bei EasyLifeRobo.\",\"breadcrumb\":{\"@id\":\"https:\/\/easyliferobo.com\/de\/product\/original-einhell-maehroboter-garage-passend-fuer-alle-einhell-maehroboter-wetterschutz-vor-regen-sonne-und-regen-einfacher-aufbau-faltbar-79-x-528-x-165-cm\/#breadcrumb\"},\"inLanguage\":\"de\",\"potentialAction\":[{\"@type\":\"ReadAction\",\"target\":[\"https:\/\/easyliferobo.com\/de\/product\/original-einhell-maehroboter-garage-passend-fuer-alle-einhell-maehroboter-wetterschutz-vor-regen-sonne-und-regen-einfacher-aufbau-faltbar-79-x-528-x-165-cm\/\"]}]},{\"@type\":\"ImageObject\",\"inLanguage\":\"de\",\"@id\":\"https:\/\/easyliferobo.com\/de\/product\/original-einhell-maehroboter-garage-passend-fuer-alle-einhell-maehroboter-wetterschutz-vor-regen-sonne-und-regen-einfacher-aufbau-faltbar-79-x-528-x-165-cm\/#primaryimage\",\"url\":\"https:\/\/easyliferobo.com\/de\/wp-content\/uploads\/2026\/02\/61W73wOrmGL._AC_SL1500_.jpg\",\"contentUrl\":\"https:\/\/easyliferobo.com\/de\/wp-content\/uploads\/2026\/02\/61W73wOrmGL._AC_SL1500_.jpg\",\"width\":1500,\"height\":1004},{\"@type\":\"BreadcrumbList\",\"@id\":\"https:\/\/easyliferobo.com\/de\/product\/original-einhell-maehroboter-garage-passend-fuer-alle-einhell-maehroboter-wetterschutz-vor-regen-sonne-und-regen-einfacher-aufbau-faltbar-79-x-528-x-165-cm\/#breadcrumb\",\"itemListElement\":[{\"@type\":\"ListItem\",\"position\":1,\"name\":\"Home\",\"item\":\"https:\/\/easyliferobo.com\/de\/\"},{\"@type\":\"ListItem\",\"position\":2,\"name\":\"Shop\",\"item\":\"https:\/\/easyliferobo.com\/de\/shop\/\"},{\"@type\":\"ListItem\",\"position\":3,\"name\":\"Original Einhell M\u00e4hroboter-Garage...\"}]},{\"@type\":\"WebSite\",\"@id\":\"https:\/\/easyliferobo.com\/de\/#website\",\"url\":\"https:\/\/easyliferobo.com\/de\/\",\"name\":\"EasyLifeBro\",\"description\":\"Smarte Roboter f\u00fcr Zuhause, Garten &amp; Bildung\",\"publisher\":{\"@id\":\"https:\/\/easyliferobo.com\/de\/#organization\"},\"potentialAction\":[{\"@type\":\"SearchAction\",\"target\":{\"@type\":\"EntryPoint\",\"urlTemplate\":\"https:\/\/easyliferobo.com\/de\/?s={search_term_string}\"},\"query-input\":{\"@type\":\"PropertyValueSpecification\",\"valueRequired\":true,\"valueName\":\"search_term_string\"}}],\"inLanguage\":\"de\"},{\"@type\":\"Organization\",\"@id\":\"https:\/\/easyliferobo.com\/de\/#organization\",\"name\":\"EasyLifeBro\",\"url\":\"https:\/\/easyliferobo.com\/de\/\",\"logo\":{\"@type\":\"ImageObject\",\"inLanguage\":\"de\",\"@id\":\"https:\/\/easyliferobo.com\/de\/#\/schema\/logo\/image\/\",\"url\":\"https:\/\/easyliferobo.com\/de\/wp-content\/uploads\/2026\/02\/Screenshot-2026-02-22-at-2.25.03-PM.png\",\"contentUrl\":\"https:\/\/easyliferobo.com\/de\/wp-content\/uploads\/2026\/02\/Screenshot-2026-02-22-at-2.25.03-PM.png\",\"width\":1858,\"height\":430,\"caption\":\"EasyLifeBro\"},\"image\":{\"@id\":\"https:\/\/easyliferobo.com\/de\/#\/schema\/logo\/image\/\"}}]}<\/script>\n<!-- \/ Yoast SEO plugin. -->","yoast_head_json":{"title":"Original Einhell M\u00e4hroboter-Garage (passend f\u00fcr alle Einhell M\u00e4hroboter, Wetterschutz vor Regen, Sonne und Regen, einfacher Aufbau, faltbar, 79 x 52,8 x 16,5 cm) - EasyLifeBro","description":"Entdecken Sie smarte Roboter f\u00fcr Zuhause, Garten, Bildung und Sicherheit. Vergleichen Sie Saugroboter, Rasenm\u00e4hroboter, KI-Begleitroboter und mehr bei EasyLifeRobo.","robots":{"index":"index","follow":"follow","max-snippet":"max-snippet:-1","max-image-preview":"max-image-preview:large","max-video-preview":"max-video-preview:-1"},"canonical":"https:\/\/easyliferobo.com\/de\/product\/original-einhell-maehroboter-garage-passend-fuer-alle-einhell-maehroboter-wetterschutz-vor-regen-sonne-und-regen-einfacher-aufbau-faltbar-79-x-528-x-165-cm\/","og_locale":"de_DE","og_type":"article","og_title":"Original Einhell M\u00e4hroboter-Garage (passend f\u00fcr alle Einhell M\u00e4hroboter, Wetterschutz vor Regen, Sonne und Regen, einfacher Aufbau, faltbar, 79 x 52,8 x 16,5 cm) - EasyLifeBro","og_description":"Entdecken Sie smarte Roboter f\u00fcr Zuhause, Garten, Bildung und Sicherheit. Vergleichen Sie Saugroboter, Rasenm\u00e4hroboter, KI-Begleitroboter und mehr bei EasyLifeRobo.","og_url":"https:\/\/easyliferobo.com\/de\/product\/original-einhell-maehroboter-garage-passend-fuer-alle-einhell-maehroboter-wetterschutz-vor-regen-sonne-und-regen-einfacher-aufbau-faltbar-79-x-528-x-165-cm\/","og_site_name":"EasyLifeBro","article_modified_time":"2026-02-22T23:49:38+00:00","og_image":[{"width":1500,"height":1004,"url":"https:\/\/easyliferobo.com\/de\/wp-content\/uploads\/2026\/02\/61W73wOrmGL._AC_SL1500_.jpg","type":"image\/jpeg"}],"twitter_card":"summary_large_image","twitter_misc":{"Gesch\u00e4tzte Lesezeit":"1\u00a0Minute"},"schema":{"@context":"https:\/\/schema.org","@graph":[{"@type":"WebPage","@id":"https:\/\/easyliferobo.com\/de\/product\/original-einhell-maehroboter-garage-passend-fuer-alle-einhell-maehroboter-wetterschutz-vor-regen-sonne-und-regen-einfacher-aufbau-faltbar-79-x-528-x-165-cm\/","url":"https:\/\/easyliferobo.com\/de\/product\/original-einhell-maehroboter-garage-passend-fuer-alle-einhell-maehroboter-wetterschutz-vor-regen-sonne-und-regen-einfacher-aufbau-faltbar-79-x-528-x-165-cm\/","name":"Original Einhell M\u00e4hroboter-Garage (passend f\u00fcr alle Einhell M\u00e4hroboter, Wetterschutz vor Regen, Sonne und Regen, einfacher Aufbau, faltbar, 79 x 52,8 x 16,5 cm) - EasyLifeBro","isPartOf":{"@id":"https:\/\/easyliferobo.com\/de\/#website"},"primaryImageOfPage":{"@id":"https:\/\/easyliferobo.com\/de\/product\/original-einhell-maehroboter-garage-passend-fuer-alle-einhell-maehroboter-wetterschutz-vor-regen-sonne-und-regen-einfacher-aufbau-faltbar-79-x-528-x-165-cm\/#primaryimage"},"image":{"@id":"https:\/\/easyliferobo.com\/de\/product\/original-einhell-maehroboter-garage-passend-fuer-alle-einhell-maehroboter-wetterschutz-vor-regen-sonne-und-regen-einfacher-aufbau-faltbar-79-x-528-x-165-cm\/#primaryimage"},"thumbnailUrl":"https:\/\/easyliferobo.com\/de\/wp-content\/uploads\/2026\/02\/61W73wOrmGL._AC_SL1500_.jpg","datePublished":"2026-02-22T23:49:27+00:00","dateModified":"2026-02-22T23:49:38+00:00","description":"Entdecken Sie smarte Roboter f\u00fcr Zuhause, Garten, Bildung und Sicherheit. Vergleichen Sie Saugroboter, Rasenm\u00e4hroboter, KI-Begleitroboter und mehr bei EasyLifeRobo.","breadcrumb":{"@id":"https:\/\/easyliferobo.com\/de\/product\/original-einhell-maehroboter-garage-passend-fuer-alle-einhell-maehroboter-wetterschutz-vor-regen-sonne-und-regen-einfacher-aufbau-faltbar-79-x-528-x-165-cm\/#breadcrumb"},"inLanguage":"de","potentialAction":[{"@type":"ReadAction","target":["https:\/\/easyliferobo.com\/de\/product\/original-einhell-maehroboter-garage-passend-fuer-alle-einhell-maehroboter-wetterschutz-vor-regen-sonne-und-regen-einfacher-aufbau-faltbar-79-x-528-x-165-cm\/"]}]},{"@type":"ImageObject","inLanguage":"de","@id":"https:\/\/easyliferobo.com\/de\/product\/original-einhell-maehroboter-garage-passend-fuer-alle-einhell-maehroboter-wetterschutz-vor-regen-sonne-und-regen-einfacher-aufbau-faltbar-79-x-528-x-165-cm\/#primaryimage","url":"https:\/\/easyliferobo.com\/de\/wp-content\/uploads\/2026\/02\/61W73wOrmGL._AC_SL1500_.jpg","contentUrl":"https:\/\/easyliferobo.com\/de\/wp-content\/uploads\/2026\/02\/61W73wOrmGL._AC_SL1500_.jpg","width":1500,"height":1004},{"@type":"BreadcrumbList","@id":"https:\/\/easyliferobo.com\/de\/product\/original-einhell-maehroboter-garage-passend-fuer-alle-einhell-maehroboter-wetterschutz-vor-regen-sonne-und-regen-einfacher-aufbau-faltbar-79-x-528-x-165-cm\/#breadcrumb","itemListElement":[{"@type":"ListItem","position":1,"name":"Home","item":"https:\/\/easyliferobo.com\/de\/"},{"@type":"ListItem","position":2,"name":"Shop","item":"https:\/\/easyliferobo.com\/de\/shop\/"},{"@type":"ListItem","position":3,"name":"Original Einhell M\u00e4hroboter-Garage..."}]},{"@type":"WebSite","@id":"https:\/\/easyliferobo.com\/de\/#website","url":"https:\/\/easyliferobo.com\/de\/","name":"EasyLifeBro","description":"Smarte Roboter f\u00fcr Zuhause, Garten &amp; Bildung","publisher":{"@id":"https:\/\/easyliferobo.com\/de\/#organization"},"potentialAction":[{"@type":"SearchAction","target":{"@type":"EntryPoint","urlTemplate":"https:\/\/easyliferobo.com\/de\/?s={search_term_string}"},"query-input":{"@type":"PropertyValueSpecification","valueRequired":true,"valueName":"search_term_string"}}],"inLanguage":"de"},{"@type":"Organization","@id":"https:\/\/easyliferobo.com\/de\/#organization","name":"EasyLifeBro","url":"https:\/\/easyliferobo.com\/de\/","logo":{"@type":"ImageObject","inLanguage":"de","@id":"https:\/\/easyliferobo.com\/de\/#\/schema\/logo\/image\/","url":"https:\/\/easyliferobo.com\/de\/wp-content\/uploads\/2026\/02\/Screenshot-2026-02-22-at-2.25.03-PM.png","contentUrl":"https:\/\/easyliferobo.com\/de\/wp-content\/uploads\/2026\/02\/Screenshot-2026-02-22-at-2.25.03-PM.png","width":1858,"height":430,"caption":"EasyLifeBro"},"image":{"@id":"https:\/\/easyliferobo.com\/de\/#\/schema\/logo\/image\/"}}]}},"_links":{"self":[{"href":"https:\/\/easyliferobo.com\/de\/wp-json\/wp\/v2\/product\/1444","targetHints":{"allow":["GET"]}}],"collection":[{"href":"https:\/\/easyliferobo.com\/de\/wp-json\/wp\/v2\/product"}],"about":[{"href":"https:\/\/easyliferobo.com\/de\/wp-json\/wp\/v2\/types\/product"}],"replies":[{"embeddable":true,"href":"https:\/\/easyliferobo.com\/de\/wp-json\/wp\/v2\/comments?post=1444"}],"wp:featuredmedia":[{"embeddable":true,"href":"https:\/\/easyliferobo.com\/de\/wp-json\/wp\/v2\/media\/1445"}],"wp:attachment":[{"href":"https:\/\/easyliferobo.com\/de\/wp-json\/wp\/v2\/media?parent=1444"}],"wp:term":[{"taxonomy":"store","embeddable":true,"href":"https:\/\/easyliferobo.com\/de\/wp-json\/wp\/v2\/store?post=1444"},{"taxonomy":"product_brand","embeddable":true,"href":"https:\/\/easyliferobo.com\/de\/wp-json\/wp\/v2\/product_brand?post=1444"},{"taxonomy":"product_cat","embeddable":true,"href":"https:\/\/easyliferobo.com\/de\/wp-json\/wp\/v2\/product_cat?post=1444"},{"taxonomy":"product_tag","embeddable":true,"href":"https:\/\/easyliferobo.com\/de\/wp-json\/wp\/v2\/product_tag?post=1444"}],"curies":[{"name":"wp","href":"https:\/\/api.w.org\/{rel}","templated":true}]}}