
{"id":1435,"date":"2026-02-22T23:47:27","date_gmt":"2026-02-22T23:47:27","guid":{"rendered":"https:\/\/easyliferobo.com\/de\/product\/einhell-freelexo-cam-500-power-2\/"},"modified":"2026-02-22T23:47:47","modified_gmt":"2026-02-22T23:47:47","slug":"einhell-freelexo-cam-500-power-2","status":"publish","type":"product","link":"https:\/\/easyliferobo.com\/de\/product\/einhell-freelexo-cam-500-power-2\/","title":{"rendered":"Einhell Freelexo Cam 500 Power"},"content":{"rendered":"<p>\n                                             Vom Hersteller   <\/p>\n<p>                                                                                              <img decoding=\"async\" alt=\"einhell\" src=\"https:\/\/images-na.ssl-images-amazon.com\/images\/G\/01\/x-locale\/common\/grey-pixel.gif\" class=\"a-lazy-loaded\" data-src=\"https:\/\/m.media-amazon.com\/images\/S\/aplus-media-library-service-media\/881dfe3a-643b-4bb9-9772-356e2e71bdd8.__CR0,0,650,350_PT0_SX650_V1___.jpg\"><img decoding=\"async\" alt=\"einhell\" src=\"https:\/\/m.media-amazon.com\/images\/S\/aplus-media-library-service-media\/881dfe3a-643b-4bb9-9772-356e2e71bdd8.__CR0,0,650,350_PT0_SX650_V1___.jpg\">                                            M\u00e4hfreie Zonen schaffen                                         <\/p>\n<p class=\"aplus-p3\"> Ausgelegt im Garten tritt das Magnetband als virtueller Zaun auf. Die Magnetsensoren im M\u00e4hroboter erkennen das Magnetband, sodass dieser an der Grenze des Bands abdreht. <\/p>\n<p class=\"aplus-p3\">  So kann man kurzfristig nicht zu m\u00e4hende Bereiche ausgrenzen. <\/p>\n<p>                                           <img decoding=\"async\" alt=\"einhell\" src=\"https:\/\/images-na.ssl-images-amazon.com\/images\/G\/01\/x-locale\/common\/grey-pixel.gif\" class=\"a-lazy-loaded\" data-src=\"https:\/\/m.media-amazon.com\/images\/S\/aplus-media-library-service-media\/522cf00e-4821-476a-9b2a-74f2013d3756.__CR0,0,650,350_PT0_SX650_V1___.jpg\"><img decoding=\"async\" alt=\"einhell\" src=\"https:\/\/m.media-amazon.com\/images\/S\/aplus-media-library-service-media\/522cf00e-4821-476a-9b2a-74f2013d3756.__CR0,0,650,350_PT0_SX650_V1___.jpg\">                                            Virtuelle Rasenkante                                         <\/p>\n<p class=\"aplus-p3\"> Ob Blumenwiese oder Jungpflanzen \u2013 Mit Hilfe des Magnetbands k\u00f6nnen bestimmte Fl\u00e4chen im Garten, die nicht extra oder unzureichend abgegrenzt sind, als m\u00e4hfreie Zone gekennzeichnet werden. <\/p>\n<p class=\"aplus-p3\">  Dabei kann das Band auch vergraben oder von Gras \u00fcberwachsen werden. <\/p>\n<p>                                                                <img decoding=\"async\" alt=\"\" src=\"https:\/\/images-na.ssl-images-amazon.com\/images\/G\/01\/x-locale\/common\/grey-pixel.gif\" class=\"a-lazy-loaded\" data-src=\"https:\/\/m.media-amazon.com\/images\/S\/aplus-media-library-service-media\/c24fd5c7-77b4-4f50-8e1c-b5e0429aa975.__CR0,0,1464,600_PT0_SX1464_V1___.jpg\"><img decoding=\"async\" alt=\"\" src=\"https:\/\/m.media-amazon.com\/images\/S\/aplus-media-library-service-media\/c24fd5c7-77b4-4f50-8e1c-b5e0429aa975.__CR0,0,1464,600_PT0_SX1464_V1___.jpg\">        <\/p>\n<p>Das Video zeigt das Produkt im Einsatz. Das Video f\u00fchrt Sie durch die Produkteinrichtung. Das Video vergleicht mehrere Produkte. Das Video zeigt das Auspacken des Produkts.<\/p>\n<p class=\"a-spacing-none aplus-accent1 title a-text-bold\"> Kamera statt Begrenzungsdraht <\/p>\n<h3 class=\"aplus-h1 a-text-bold\">  Integrierte Kamera erkennt automatisch M\u00e4hfl\u00e4che <\/h3>\n<p><\/p>\n<p class=\"aplus-p2\">  Der Einhell M\u00e4hroboter FREELEXO CAM 500 kommt ganz ohne die m\u00fchsame und zeitaufwendige Installation eines Begrenzungsdrahtes aus. Stattdessen erkennt er mit Hilfe der integrierten Kamera die Rasenfl\u00e4chen anhand von Farbe und Struktur. <\/p>\n<p class=\"aplus-p2\">  Hindernisse, die h\u00f6her als 10 cm sind, registriert der M\u00e4hroboter dank der Sto\u00df- und Hindernissensoren. Der M\u00e4hroboter m\u00e4ht dann s\u00e4mtliche Rasenfl\u00e4chen nach dem Zufallsprinzip. <\/p>\n<p>                                                                                                       <img decoding=\"async\" alt=\"einhell\" src=\"https:\/\/images-na.ssl-images-amazon.com\/images\/G\/01\/x-locale\/common\/grey-pixel.gif\" class=\"a-lazy-loaded\" data-src=\"https:\/\/m.media-amazon.com\/images\/S\/aplus-media-library-service-media\/e2753fe1-a96b-4b0e-a6bb-2ad750ba529c.__CR0,0,1464,600_PT0_SX1464_V1___.jpg\"><img decoding=\"async\" alt=\"einhell\" src=\"https:\/\/m.media-amazon.com\/images\/S\/aplus-media-library-service-media\/e2753fe1-a96b-4b0e-a6bb-2ad750ba529c.__CR0,0,1464,600_PT0_SX1464_V1___.jpg\">                                                 Echte kabellose Freiheit FREELEXO CAM: Der M\u00e4hroboter ohne Begrenzungsdraht                                        <\/p>\n<p class=\"aplus-p2 aplus-module-2-description\"> Freiheit und Flexibilit\u00e4t \u2013 das versprechen die FREELEXO M\u00e4hroboter, die mit den flexibel kombinierbaren Power X-Change Akkus betrieben werden. <\/p>\n<p class=\"aplus-p2 aplus-module-2-description\">  Der FREELEXO CAM 500 arbeitet sich mit 18 cm Schnittbreite und einer verstellbaren Schnitth\u00f6he (20 &#8211; 60 mm) selbstst\u00e4ndig durch den Garten. <\/p>\n<p>                                                                <img decoding=\"async\" alt=\"einhell\" src=\"https:\/\/images-na.ssl-images-amazon.com\/images\/G\/01\/x-locale\/common\/grey-pixel.gif\" class=\"a-lazy-loaded\" data-src=\"https:\/\/m.media-amazon.com\/images\/S\/aplus-media-library-service-media\/cc856b08-b275-4b1d-8f91-4fbc7dc1a880.__CR0,0,800,600_PT0_SX800_V1___.png\"><img decoding=\"async\" alt=\"einhell\" src=\"https:\/\/m.media-amazon.com\/images\/S\/aplus-media-library-service-media\/cc856b08-b275-4b1d-8f91-4fbc7dc1a880.__CR0,0,800,600_PT0_SX800_V1___.png\">                                    So wird der Freelexo startklar!                                          <\/p>\n<h3 class=\"aplus-h1 aplus-module-1-heading a-text-bold\"> Umfangreiches Zubeh\u00f6r f\u00fcr 500 m\u00b2 G\u00e4rten <\/h3>\n<p class=\"aplus-p2 aplus-module-1-description\">  Direkt einsatzbereit ist der FREELEXO CAM 500 M\u00e4hroboter dank des mitgelieferten Zubeh\u00f6rs. Neben der Ladestation und einem Set aus 3 Ersatzklingen ist ein vollst\u00e4ndiges Installations-Set enthalten. <\/p>\n<p class=\"aplus-p2 aplus-module-1-description\">  Das 12 m Leitkabel, die 25 Befestigungshaken und 2 Verbindungsklemmen werden f\u00fcr bis zu 500 Quadratmeter gro\u00dfe Fl\u00e4chen empfohlen. <\/p>\n<p class=\"aplus-p2 aplus-module-1-description\">  Die FREELEXO CAM 500 wird au\u00dferdem mit einem 5x 5 m Magnetband, 20 zus\u00e4tzlichen Befestigungshaken und einem 3,0 Ah Power X-Change Akku geliefert. <\/p>\n<p>                                                                                                       <img decoding=\"async\" alt=\"einhell\" src=\"https:\/\/images-na.ssl-images-amazon.com\/images\/G\/01\/x-locale\/common\/grey-pixel.gif\" class=\"a-lazy-loaded\" data-src=\"https:\/\/m.media-amazon.com\/images\/S\/aplus-media-library-service-media\/3432ce0f-c899-4f18-bcc8-9f4ed3fe8085.__CR0,0,1464,600_PT0_SX1464_V1___.jpg\"><img decoding=\"async\" alt=\"einhell\" src=\"https:\/\/m.media-amazon.com\/images\/S\/aplus-media-library-service-media\/3432ce0f-c899-4f18-bcc8-9f4ed3fe8085.__CR0,0,1464,600_PT0_SX1464_V1___.jpg\">                                               <\/p>\n<h3>\n<p class=\"aplus-question aplus-p1\">  Ben\u00f6tige ich einen Begrenzungsdraht beim FREELEXO CAM? <\/p>\n<\/h3>\n<p class=\"aplus-answer aplus-p2\">  Es m\u00fcssen nur Ladestation und Leitkabel installiert werden. Dabei handelt es sich nicht um einen Draht, sondern um eine 5 m\u00b2 gro\u00dfe Schleife um die Ladestation, die der M\u00e4her zum Andocken nutzt. <\/p>\n<h3>\n<p class=\"aplus-question aplus-p1\">  Welche Funktion hat der Regensensor? <\/p>\n<\/h3>\n<p class=\"aplus-answer aplus-p2\">  Die Einhell M\u00e4hroboter k\u00f6nnen auch im Regen fahren, jedoch k\u00f6nnen dadurch Boden und Gras unn\u00f6tig gesch\u00e4digt werden. Der Regensensor ist eine optionale Funktion, die verhindert, dass der Roboter automatisch zur Ladestation zur\u00fcckkehrt. <\/p>\n<h3>\n<p class=\"aplus-question aplus-p1\">  Wie laut ist der M\u00e4hroboter im Betrieb? <\/p>\n<\/h3>\n<p class=\"aplus-answer aplus-p2\">  Der M\u00e4hroboter hat w\u00e4hrend des Betriebs eine Lautst\u00e4rke von 57 dB (A). Das entspricht etwa einer normalen Gespr\u00e4chslautst\u00e4rke <\/p>\n<h3>\n<p class=\"aplus-question aplus-p1\">  Wie erkennt der M\u00e4hroboter Hindernisse? <\/p>\n<\/h3>\n<p class=\"aplus-answer aplus-p2\">  Neben einer tiefgezogenen Sch\u00fcrze verf\u00fcgt der FREELEXO M\u00e4hroboter \u00fcber eine mit Sto\u00df-, Kipp- und Hebesensoren, sodass pl\u00f6tzliche und selbstst\u00e4ndige Hindernisse erkennt und bei Bedarf die Messer gestoppt werden. <\/p>\n<h3>\n<p class=\"aplus-question aplus-p1\">  Gibt es eine Anbindung an eine APP? <\/p>\n<\/h3>\n<p class=\"aplus-answer aplus-p2\">  Nein, die aktuellen FREELEXO CAM Modelle sind nicht mit der Einhell App kompatibel. <\/p>\n<p>Power X-Change \u2013 Der Freelexo Cam 500 M\u00e4hroboter ist Teil der Einhell Power<br \/>Echte kabellose Freiheit \u2013 Dank der integrierten Kamera erkennt der M\u00e4hroboter automatisch anhand von Farben und Strukturen den zu m\u00e4henden Rasen \u2013 ganz ohne Begrenzungskabel.<br \/>Individuell einstellbar \u2013 F\u00fcr den perfekt gem\u00e4hten Rasen ist die Schnitth\u00f6he des M\u00e4hroboters verstellbar und l\u00e4sst sich problemlos zwischen 20 und 60 mm verstellen.<br \/>Geeignet f\u00fcr \u2013 Die Freelexo Cam 500 bew\u00e4ltigt Steigungen bis zu 25 % und wird f\u00fcr Rasenfl\u00e4chen bis zu 500 m\u00b2 empfohlen.<br \/>Einfache Bedienung \u2013 Mit der intuitiven Tastatur lassen sich die M\u00e4hzeiten pr\u00e4zise und einfach programmieren.<br \/>Inklusive Magnetband-Zubeh\u00f6r \u2013 Das Magnetband schafft l\u00e4nger- oder kurzfristige Grenzen und fungiert allein durch Magnetkraft als virtuelle Grenze f\u00fcr m\u00e4hfreie Zonen. Im Lieferumfang ist neben dem 12 m langen F\u00fchrungskabel auch ein original Einhell-Magnetband mit 20 m L\u00e4nge zur kurzfristigen Abgrenzung von M\u00e4hfl\u00e4chen enthalten.<\/p>\n<p>[ad_2]<\/p>\n","protected":false},"excerpt":{"rendered":"<p>Vom Hersteller M\u00e4hfreie Zonen schaffen Ausgelegt im Garten tritt das Magnetband als virtueller Zaun auf. Die Magnetsensoren im M\u00e4hroboter erkennen das Magnetband, sodass dieser an der Grenze des Bands abdreht. So kann man kurzfristig nicht zu m\u00e4hende Bereiche ausgrenzen. Virtuelle Rasenkante Ob Blumenwiese oder Jungpflanzen \u2013 Mit Hilfe des Magnetbands k\u00f6nnen bestimmte Fl\u00e4chen im Garten, [&hellip;]<\/p>\n","protected":false},"featured_media":1436,"comment_status":"open","ping_status":"closed","template":"","meta":{"_aipt_faq_data":""},"store":[],"product_brand":[289],"product_cat":[84],"product_tag":[290],"class_list":{"0":"post-1435","1":"product","2":"type-product","3":"status-publish","4":"has-post-thumbnail","6":"product_brand-einhell","7":"product_cat-rasenroboter-fuer-grosse-flaechen","8":"product_tag-rasenroboter-fuer-grosse-flaechen-programmierbar","10":"first","11":"instock","12":"shipping-taxable","13":"product-type-external"},"yoast_head":"<!-- This site is optimized with the Yoast SEO plugin v27.0 - https:\/\/yoast.com\/product\/yoast-seo-wordpress\/ -->\n<title>Einhell Freelexo Cam 500 Power - EasyLifeBro<\/title>\n<meta name=\"description\" content=\"Entdecken Sie smarte Roboter f\u00fcr Zuhause, Garten, Bildung und Sicherheit. Vergleichen Sie Saugroboter, Rasenm\u00e4hroboter, KI-Begleitroboter und mehr bei EasyLifeRobo.\" \/>\n<meta name=\"robots\" content=\"index, follow, max-snippet:-1, max-image-preview:large, max-video-preview:-1\" \/>\n<link rel=\"canonical\" href=\"https:\/\/easyliferobo.com\/de\/product\/einhell-freelexo-cam-500-power-2\/\" \/>\n<meta property=\"og:locale\" content=\"de_DE\" \/>\n<meta property=\"og:type\" content=\"article\" \/>\n<meta property=\"og:title\" content=\"Einhell Freelexo Cam 500 Power - EasyLifeBro\" \/>\n<meta property=\"og:description\" content=\"Entdecken Sie smarte Roboter f\u00fcr Zuhause, Garten, Bildung und Sicherheit. Vergleichen Sie Saugroboter, Rasenm\u00e4hroboter, KI-Begleitroboter und mehr bei EasyLifeRobo.\" \/>\n<meta property=\"og:url\" content=\"https:\/\/easyliferobo.com\/de\/product\/einhell-freelexo-cam-500-power-2\/\" \/>\n<meta property=\"og:site_name\" content=\"EasyLifeBro\" \/>\n<meta property=\"article:modified_time\" content=\"2026-02-22T23:47:47+00:00\" \/>\n<meta property=\"og:image\" content=\"https:\/\/easyliferobo.com\/de\/wp-content\/uploads\/2026\/02\/71CI54hTUPL._AC_SL1500_.jpg\" \/>\n\t<meta property=\"og:image:width\" content=\"1500\" \/>\n\t<meta property=\"og:image:height\" content=\"1397\" \/>\n\t<meta property=\"og:image:type\" content=\"image\/jpeg\" \/>\n<meta name=\"twitter:card\" content=\"summary_large_image\" \/>\n<meta name=\"twitter:label1\" content=\"Gesch\u00e4tzte Lesezeit\" \/>\n\t<meta name=\"twitter:data1\" content=\"3\u00a0Minuten\" \/>\n<script type=\"application\/ld+json\" class=\"yoast-schema-graph\">{\"@context\":\"https:\/\/schema.org\",\"@graph\":[{\"@type\":\"WebPage\",\"@id\":\"https:\/\/easyliferobo.com\/de\/product\/einhell-freelexo-cam-500-power-2\/\",\"url\":\"https:\/\/easyliferobo.com\/de\/product\/einhell-freelexo-cam-500-power-2\/\",\"name\":\"Einhell Freelexo Cam 500 Power - EasyLifeBro\",\"isPartOf\":{\"@id\":\"https:\/\/easyliferobo.com\/de\/#website\"},\"primaryImageOfPage\":{\"@id\":\"https:\/\/easyliferobo.com\/de\/product\/einhell-freelexo-cam-500-power-2\/#primaryimage\"},\"image\":{\"@id\":\"https:\/\/easyliferobo.com\/de\/product\/einhell-freelexo-cam-500-power-2\/#primaryimage\"},\"thumbnailUrl\":\"https:\/\/easyliferobo.com\/de\/wp-content\/uploads\/2026\/02\/71CI54hTUPL._AC_SL1500_.jpg\",\"datePublished\":\"2026-02-22T23:47:27+00:00\",\"dateModified\":\"2026-02-22T23:47:47+00:00\",\"description\":\"Entdecken Sie smarte Roboter f\u00fcr Zuhause, Garten, Bildung und Sicherheit. Vergleichen Sie Saugroboter, Rasenm\u00e4hroboter, KI-Begleitroboter und mehr bei EasyLifeRobo.\",\"breadcrumb\":{\"@id\":\"https:\/\/easyliferobo.com\/de\/product\/einhell-freelexo-cam-500-power-2\/#breadcrumb\"},\"inLanguage\":\"de\",\"potentialAction\":[{\"@type\":\"ReadAction\",\"target\":[\"https:\/\/easyliferobo.com\/de\/product\/einhell-freelexo-cam-500-power-2\/\"]}]},{\"@type\":\"ImageObject\",\"inLanguage\":\"de\",\"@id\":\"https:\/\/easyliferobo.com\/de\/product\/einhell-freelexo-cam-500-power-2\/#primaryimage\",\"url\":\"https:\/\/easyliferobo.com\/de\/wp-content\/uploads\/2026\/02\/71CI54hTUPL._AC_SL1500_.jpg\",\"contentUrl\":\"https:\/\/easyliferobo.com\/de\/wp-content\/uploads\/2026\/02\/71CI54hTUPL._AC_SL1500_.jpg\",\"width\":1500,\"height\":1397},{\"@type\":\"BreadcrumbList\",\"@id\":\"https:\/\/easyliferobo.com\/de\/product\/einhell-freelexo-cam-500-power-2\/#breadcrumb\",\"itemListElement\":[{\"@type\":\"ListItem\",\"position\":1,\"name\":\"Home\",\"item\":\"https:\/\/easyliferobo.com\/de\/\"},{\"@type\":\"ListItem\",\"position\":2,\"name\":\"Shop\",\"item\":\"https:\/\/easyliferobo.com\/de\/shop\/\"},{\"@type\":\"ListItem\",\"position\":3,\"name\":\"Einhell Freelexo Cam 500 Power\"}]},{\"@type\":\"WebSite\",\"@id\":\"https:\/\/easyliferobo.com\/de\/#website\",\"url\":\"https:\/\/easyliferobo.com\/de\/\",\"name\":\"EasyLifeBro\",\"description\":\"Smarte Roboter f\u00fcr Zuhause, Garten &amp; Bildung\",\"publisher\":{\"@id\":\"https:\/\/easyliferobo.com\/de\/#organization\"},\"potentialAction\":[{\"@type\":\"SearchAction\",\"target\":{\"@type\":\"EntryPoint\",\"urlTemplate\":\"https:\/\/easyliferobo.com\/de\/?s={search_term_string}\"},\"query-input\":{\"@type\":\"PropertyValueSpecification\",\"valueRequired\":true,\"valueName\":\"search_term_string\"}}],\"inLanguage\":\"de\"},{\"@type\":\"Organization\",\"@id\":\"https:\/\/easyliferobo.com\/de\/#organization\",\"name\":\"EasyLifeBro\",\"url\":\"https:\/\/easyliferobo.com\/de\/\",\"logo\":{\"@type\":\"ImageObject\",\"inLanguage\":\"de\",\"@id\":\"https:\/\/easyliferobo.com\/de\/#\/schema\/logo\/image\/\",\"url\":\"https:\/\/easyliferobo.com\/de\/wp-content\/uploads\/2026\/02\/Screenshot-2026-02-22-at-2.25.03-PM.png\",\"contentUrl\":\"https:\/\/easyliferobo.com\/de\/wp-content\/uploads\/2026\/02\/Screenshot-2026-02-22-at-2.25.03-PM.png\",\"width\":1858,\"height\":430,\"caption\":\"EasyLifeBro\"},\"image\":{\"@id\":\"https:\/\/easyliferobo.com\/de\/#\/schema\/logo\/image\/\"}}]}<\/script>\n<!-- \/ Yoast SEO plugin. -->","yoast_head_json":{"title":"Einhell Freelexo Cam 500 Power - EasyLifeBro","description":"Entdecken Sie smarte Roboter f\u00fcr Zuhause, Garten, Bildung und Sicherheit. Vergleichen Sie Saugroboter, Rasenm\u00e4hroboter, KI-Begleitroboter und mehr bei EasyLifeRobo.","robots":{"index":"index","follow":"follow","max-snippet":"max-snippet:-1","max-image-preview":"max-image-preview:large","max-video-preview":"max-video-preview:-1"},"canonical":"https:\/\/easyliferobo.com\/de\/product\/einhell-freelexo-cam-500-power-2\/","og_locale":"de_DE","og_type":"article","og_title":"Einhell Freelexo Cam 500 Power - EasyLifeBro","og_description":"Entdecken Sie smarte Roboter f\u00fcr Zuhause, Garten, Bildung und Sicherheit. Vergleichen Sie Saugroboter, Rasenm\u00e4hroboter, KI-Begleitroboter und mehr bei EasyLifeRobo.","og_url":"https:\/\/easyliferobo.com\/de\/product\/einhell-freelexo-cam-500-power-2\/","og_site_name":"EasyLifeBro","article_modified_time":"2026-02-22T23:47:47+00:00","og_image":[{"width":1500,"height":1397,"url":"https:\/\/easyliferobo.com\/de\/wp-content\/uploads\/2026\/02\/71CI54hTUPL._AC_SL1500_.jpg","type":"image\/jpeg"}],"twitter_card":"summary_large_image","twitter_misc":{"Gesch\u00e4tzte Lesezeit":"3\u00a0Minuten"},"schema":{"@context":"https:\/\/schema.org","@graph":[{"@type":"WebPage","@id":"https:\/\/easyliferobo.com\/de\/product\/einhell-freelexo-cam-500-power-2\/","url":"https:\/\/easyliferobo.com\/de\/product\/einhell-freelexo-cam-500-power-2\/","name":"Einhell Freelexo Cam 500 Power - EasyLifeBro","isPartOf":{"@id":"https:\/\/easyliferobo.com\/de\/#website"},"primaryImageOfPage":{"@id":"https:\/\/easyliferobo.com\/de\/product\/einhell-freelexo-cam-500-power-2\/#primaryimage"},"image":{"@id":"https:\/\/easyliferobo.com\/de\/product\/einhell-freelexo-cam-500-power-2\/#primaryimage"},"thumbnailUrl":"https:\/\/easyliferobo.com\/de\/wp-content\/uploads\/2026\/02\/71CI54hTUPL._AC_SL1500_.jpg","datePublished":"2026-02-22T23:47:27+00:00","dateModified":"2026-02-22T23:47:47+00:00","description":"Entdecken Sie smarte Roboter f\u00fcr Zuhause, Garten, Bildung und Sicherheit. Vergleichen Sie Saugroboter, Rasenm\u00e4hroboter, KI-Begleitroboter und mehr bei EasyLifeRobo.","breadcrumb":{"@id":"https:\/\/easyliferobo.com\/de\/product\/einhell-freelexo-cam-500-power-2\/#breadcrumb"},"inLanguage":"de","potentialAction":[{"@type":"ReadAction","target":["https:\/\/easyliferobo.com\/de\/product\/einhell-freelexo-cam-500-power-2\/"]}]},{"@type":"ImageObject","inLanguage":"de","@id":"https:\/\/easyliferobo.com\/de\/product\/einhell-freelexo-cam-500-power-2\/#primaryimage","url":"https:\/\/easyliferobo.com\/de\/wp-content\/uploads\/2026\/02\/71CI54hTUPL._AC_SL1500_.jpg","contentUrl":"https:\/\/easyliferobo.com\/de\/wp-content\/uploads\/2026\/02\/71CI54hTUPL._AC_SL1500_.jpg","width":1500,"height":1397},{"@type":"BreadcrumbList","@id":"https:\/\/easyliferobo.com\/de\/product\/einhell-freelexo-cam-500-power-2\/#breadcrumb","itemListElement":[{"@type":"ListItem","position":1,"name":"Home","item":"https:\/\/easyliferobo.com\/de\/"},{"@type":"ListItem","position":2,"name":"Shop","item":"https:\/\/easyliferobo.com\/de\/shop\/"},{"@type":"ListItem","position":3,"name":"Einhell Freelexo Cam 500 Power"}]},{"@type":"WebSite","@id":"https:\/\/easyliferobo.com\/de\/#website","url":"https:\/\/easyliferobo.com\/de\/","name":"EasyLifeBro","description":"Smarte Roboter f\u00fcr Zuhause, Garten &amp; Bildung","publisher":{"@id":"https:\/\/easyliferobo.com\/de\/#organization"},"potentialAction":[{"@type":"SearchAction","target":{"@type":"EntryPoint","urlTemplate":"https:\/\/easyliferobo.com\/de\/?s={search_term_string}"},"query-input":{"@type":"PropertyValueSpecification","valueRequired":true,"valueName":"search_term_string"}}],"inLanguage":"de"},{"@type":"Organization","@id":"https:\/\/easyliferobo.com\/de\/#organization","name":"EasyLifeBro","url":"https:\/\/easyliferobo.com\/de\/","logo":{"@type":"ImageObject","inLanguage":"de","@id":"https:\/\/easyliferobo.com\/de\/#\/schema\/logo\/image\/","url":"https:\/\/easyliferobo.com\/de\/wp-content\/uploads\/2026\/02\/Screenshot-2026-02-22-at-2.25.03-PM.png","contentUrl":"https:\/\/easyliferobo.com\/de\/wp-content\/uploads\/2026\/02\/Screenshot-2026-02-22-at-2.25.03-PM.png","width":1858,"height":430,"caption":"EasyLifeBro"},"image":{"@id":"https:\/\/easyliferobo.com\/de\/#\/schema\/logo\/image\/"}}]}},"_links":{"self":[{"href":"https:\/\/easyliferobo.com\/de\/wp-json\/wp\/v2\/product\/1435","targetHints":{"allow":["GET"]}}],"collection":[{"href":"https:\/\/easyliferobo.com\/de\/wp-json\/wp\/v2\/product"}],"about":[{"href":"https:\/\/easyliferobo.com\/de\/wp-json\/wp\/v2\/types\/product"}],"replies":[{"embeddable":true,"href":"https:\/\/easyliferobo.com\/de\/wp-json\/wp\/v2\/comments?post=1435"}],"wp:featuredmedia":[{"embeddable":true,"href":"https:\/\/easyliferobo.com\/de\/wp-json\/wp\/v2\/media\/1436"}],"wp:attachment":[{"href":"https:\/\/easyliferobo.com\/de\/wp-json\/wp\/v2\/media?parent=1435"}],"wp:term":[{"taxonomy":"store","embeddable":true,"href":"https:\/\/easyliferobo.com\/de\/wp-json\/wp\/v2\/store?post=1435"},{"taxonomy":"product_brand","embeddable":true,"href":"https:\/\/easyliferobo.com\/de\/wp-json\/wp\/v2\/product_brand?post=1435"},{"taxonomy":"product_cat","embeddable":true,"href":"https:\/\/easyliferobo.com\/de\/wp-json\/wp\/v2\/product_cat?post=1435"},{"taxonomy":"product_tag","embeddable":true,"href":"https:\/\/easyliferobo.com\/de\/wp-json\/wp\/v2\/product_tag?post=1435"}],"curies":[{"name":"wp","href":"https:\/\/api.w.org\/{rel}","templated":true}]}}