
{"id":1424,"date":"2026-02-22T23:46:30","date_gmt":"2026-02-22T23:46:30","guid":{"rendered":"https:\/\/easyliferobo.com\/de\/product\/einhell-freelexo-cam-500-power\/"},"modified":"2026-02-22T23:46:53","modified_gmt":"2026-02-22T23:46:53","slug":"einhell-freelexo-cam-500-power","status":"publish","type":"product","link":"https:\/\/easyliferobo.com\/de\/product\/einhell-freelexo-cam-500-power\/","title":{"rendered":"Einhell Freelexo Cam 500 Power"},"content":{"rendered":"<p>\n                                             Von der Marke   <\/p>\n<p>                                              <img decoding=\"async\" alt=\"einhell\" src=\"https:\/\/images-na.ssl-images-amazon.com\/images\/G\/01\/x-locale\/common\/grey-pixel.gif\" class=\"a-lazy-loaded\" data-src=\"https:\/\/m.media-amazon.com\/images\/S\/aplus-media-library-service-media\/487d5849-9e9e-4f37-83b1-cf15e6dd621f.__CR0,0,1464,625_PT0_SX1464_V1___.jpg\"><img decoding=\"async\" alt=\"einhell\" src=\"https:\/\/m.media-amazon.com\/images\/S\/aplus-media-library-service-media\/487d5849-9e9e-4f37-83b1-cf15e6dd621f.__CR0,0,1464,625_PT0_SX1464_V1___.jpg\">  <\/p>\n<p>                                              <img decoding=\"async\" alt=\"einhell\" src=\"https:\/\/images-na.ssl-images-amazon.com\/images\/G\/01\/x-locale\/common\/grey-pixel.gif\" class=\"a-lazy-loaded\" data-src=\"https:\/\/m.media-amazon.com\/images\/S\/aplus-media-library-service-media\/2434b777-e414-48ca-97c4-8d2ee1e8391b.__CR0,0,362,453_PT0_SX362_V1___.jpg\"><img decoding=\"async\" alt=\"einhell\" src=\"https:\/\/m.media-amazon.com\/images\/S\/aplus-media-library-service-media\/2434b777-e414-48ca-97c4-8d2ee1e8391b.__CR0,0,362,453_PT0_SX362_V1___.jpg\">  <\/p>\n<h3>  Entdecken Sie die Einhell-Produktwelt: <\/h3>\n<p class=\"apm-brand-story-stores-link\">\n<p>                                              <img decoding=\"async\" alt=\"einhell\" src=\"https:\/\/images-na.ssl-images-amazon.com\/images\/G\/01\/x-locale\/common\/grey-pixel.gif\" class=\"a-lazy-loaded\" data-src=\"https:\/\/m.media-amazon.com\/images\/S\/aplus-media-library-service-media\/2e115180-aa75-4d60-b622-2de19dc094c1.__CR0,0,362,453_PT0_SX362_V1___.jpg\"><img decoding=\"async\" alt=\"einhell\" src=\"https:\/\/m.media-amazon.com\/images\/S\/aplus-media-library-service-media\/2e115180-aa75-4d60-b622-2de19dc094c1.__CR0,0,362,453_PT0_SX362_V1___.jpg\">  <\/p>\n<p>                                              <img decoding=\"async\" alt=\"einhell\" src=\"https:\/\/images-na.ssl-images-amazon.com\/images\/G\/01\/x-locale\/common\/grey-pixel.gif\" class=\"a-lazy-loaded\" data-src=\"https:\/\/m.media-amazon.com\/images\/S\/aplus-media-library-service-media\/4fdcbc68-9b12-44ac-bd1a-76f3ee1c7370.__CR0,0,362,453_PT0_SX362_V1___.jpg\"><img decoding=\"async\" alt=\"einhell\" src=\"https:\/\/m.media-amazon.com\/images\/S\/aplus-media-library-service-media\/4fdcbc68-9b12-44ac-bd1a-76f3ee1c7370.__CR0,0,362,453_PT0_SX362_V1___.jpg\">  <\/p>\n<p>                                              <img decoding=\"async\" alt=\"einhell\" src=\"https:\/\/images-na.ssl-images-amazon.com\/images\/G\/01\/x-locale\/common\/grey-pixel.gif\" class=\"a-lazy-loaded\" data-src=\"https:\/\/m.media-amazon.com\/images\/S\/aplus-media-library-service-media\/dbc8c6e9-5e21-43c3-a784-ee3d3e5f44f8.__CR0,0,362,453_PT0_SX362_V1___.jpg\"><img decoding=\"async\" alt=\"einhell\" src=\"https:\/\/m.media-amazon.com\/images\/S\/aplus-media-library-service-media\/dbc8c6e9-5e21-43c3-a784-ee3d3e5f44f8.__CR0,0,362,453_PT0_SX362_V1___.jpg\">  <\/p>\n<h3>  Entdecken Sie unseren Testsieger: <\/h3>\n<p class=\"apm-brand-story-stores-link\">\n<p>Power X-Change \u2013 Der M\u00e4hroboter Freelexo Cam 500 ist Teil der Einhell Power X-Change-Familie, in der sich Akkus, Ladeger\u00e4te und Systemger\u00e4te flexibel kombinieren lassen.<br \/>Echte kabellose Freiheit \u2013 dank der integrierten Kamera erkennt der M\u00e4hroboter automatisch anhand von Farben und Strukturen den zu m\u00e4henden Rasen \u2013 ganz ohne Begrenzungskabel.<br \/>INDIVIDUELL EINSTELLBAR \u2013 F\u00fcr den perfekt gem\u00e4hten Rasen ist die Schnitth\u00f6he des M\u00e4hroboters verstellbar und l\u00e4sst sich problemlos zwischen 20 und 60 mm verstellen.<br \/>Geeignet f\u00fcr: Die Freelexo Cam 500 bew\u00e4ltigt Steigungen bis zu 25 % und wird f\u00fcr Rasenfl\u00e4chen bis 500 m\u00b2 empfohlen.<br \/>Einfache Bedienung \u2013 mit der intuitiven Tastatur lassen sich die M\u00e4hzeiten pr\u00e4zise und einfach programmieren.<br \/>Inklusive Magnetband-Zubeh\u00f6r \u2013 Das Magnetband schafft l\u00e4nger- oder kurzfristige Grenzen und fungiert allein durch Magnetkraft als virtuelle Grenze f\u00fcr m\u00e4hfreie Zonen.<br \/>Zubeh\u00f6r &#8211; Im Lieferumfang der Freelexo Cam 500 sind enthalten: Ladestation, 1x 3 Ah Akku, 3 x Ersatzklingen, 12 m Leiterkabel, 25 x Montagehaken, 5 m Magnetband, 2 x Verbindungsklemmen.<\/p>\n<p>[ad_2]<\/p>\n","protected":false},"excerpt":{"rendered":"<p>Von der Marke Entdecken Sie die Einhell-Produktwelt: Entdecken Sie unseren Testsieger: Power X-Change \u2013 Der M\u00e4hroboter Freelexo Cam 500 ist Teil der Einhell Power X-Change-Familie, in der sich Akkus, Ladeger\u00e4te und Systemger\u00e4te flexibel kombinieren lassen.Echte kabellose Freiheit \u2013 dank der integrierten Kamera erkennt der M\u00e4hroboter automatisch anhand von Farben und Strukturen den zu m\u00e4henden Rasen [&hellip;]<\/p>\n","protected":false},"featured_media":1425,"comment_status":"open","ping_status":"closed","template":"","meta":{"_aipt_faq_data":""},"store":[],"product_brand":[289],"product_cat":[85],"product_tag":[288],"class_list":{"0":"post-1424","1":"product","2":"type-product","3":"status-publish","4":"has-post-thumbnail","6":"product_brand-einhell","7":"product_cat-gps-rasenroboter","8":"product_tag-gps-rasenroboter-mit-hinderniserkennung","10":"first","11":"instock","12":"shipping-taxable","13":"product-type-external"},"yoast_head":"<!-- This site is optimized with the Yoast SEO plugin v27.0 - https:\/\/yoast.com\/product\/yoast-seo-wordpress\/ -->\n<title>Einhell Freelexo Cam 500 Power - EasyLifeBro<\/title>\n<meta name=\"description\" content=\"Entdecken Sie smarte Roboter f\u00fcr Zuhause, Garten, Bildung und Sicherheit. Vergleichen Sie Saugroboter, Rasenm\u00e4hroboter, KI-Begleitroboter und mehr bei EasyLifeRobo.\" \/>\n<meta name=\"robots\" content=\"index, follow, max-snippet:-1, max-image-preview:large, max-video-preview:-1\" \/>\n<link rel=\"canonical\" href=\"https:\/\/easyliferobo.com\/de\/product\/einhell-freelexo-cam-500-power\/\" \/>\n<meta property=\"og:locale\" content=\"de_DE\" \/>\n<meta property=\"og:type\" content=\"article\" \/>\n<meta property=\"og:title\" content=\"Einhell Freelexo Cam 500 Power - EasyLifeBro\" \/>\n<meta property=\"og:description\" content=\"Entdecken Sie smarte Roboter f\u00fcr Zuhause, Garten, Bildung und Sicherheit. Vergleichen Sie Saugroboter, Rasenm\u00e4hroboter, KI-Begleitroboter und mehr bei EasyLifeRobo.\" \/>\n<meta property=\"og:url\" content=\"https:\/\/easyliferobo.com\/de\/product\/einhell-freelexo-cam-500-power\/\" \/>\n<meta property=\"og:site_name\" content=\"EasyLifeBro\" \/>\n<meta property=\"article:modified_time\" content=\"2026-02-22T23:46:53+00:00\" \/>\n<meta property=\"og:image\" content=\"https:\/\/easyliferobo.com\/de\/wp-content\/uploads\/2026\/02\/61i4CiarOPL._AC_SL1500_.jpg\" \/>\n\t<meta property=\"og:image:width\" content=\"1500\" \/>\n\t<meta property=\"og:image:height\" content=\"905\" \/>\n\t<meta property=\"og:image:type\" content=\"image\/jpeg\" \/>\n<meta name=\"twitter:card\" content=\"summary_large_image\" \/>\n<meta name=\"twitter:label1\" content=\"Gesch\u00e4tzte Lesezeit\" \/>\n\t<meta name=\"twitter:data1\" content=\"1\u00a0Minute\" \/>\n<script type=\"application\/ld+json\" class=\"yoast-schema-graph\">{\"@context\":\"https:\/\/schema.org\",\"@graph\":[{\"@type\":\"WebPage\",\"@id\":\"https:\/\/easyliferobo.com\/de\/product\/einhell-freelexo-cam-500-power\/\",\"url\":\"https:\/\/easyliferobo.com\/de\/product\/einhell-freelexo-cam-500-power\/\",\"name\":\"Einhell Freelexo Cam 500 Power - EasyLifeBro\",\"isPartOf\":{\"@id\":\"https:\/\/easyliferobo.com\/de\/#website\"},\"primaryImageOfPage\":{\"@id\":\"https:\/\/easyliferobo.com\/de\/product\/einhell-freelexo-cam-500-power\/#primaryimage\"},\"image\":{\"@id\":\"https:\/\/easyliferobo.com\/de\/product\/einhell-freelexo-cam-500-power\/#primaryimage\"},\"thumbnailUrl\":\"https:\/\/easyliferobo.com\/de\/wp-content\/uploads\/2026\/02\/61i4CiarOPL._AC_SL1500_.jpg\",\"datePublished\":\"2026-02-22T23:46:30+00:00\",\"dateModified\":\"2026-02-22T23:46:53+00:00\",\"description\":\"Entdecken Sie smarte Roboter f\u00fcr Zuhause, Garten, Bildung und Sicherheit. Vergleichen Sie Saugroboter, Rasenm\u00e4hroboter, KI-Begleitroboter und mehr bei EasyLifeRobo.\",\"breadcrumb\":{\"@id\":\"https:\/\/easyliferobo.com\/de\/product\/einhell-freelexo-cam-500-power\/#breadcrumb\"},\"inLanguage\":\"de\",\"potentialAction\":[{\"@type\":\"ReadAction\",\"target\":[\"https:\/\/easyliferobo.com\/de\/product\/einhell-freelexo-cam-500-power\/\"]}]},{\"@type\":\"ImageObject\",\"inLanguage\":\"de\",\"@id\":\"https:\/\/easyliferobo.com\/de\/product\/einhell-freelexo-cam-500-power\/#primaryimage\",\"url\":\"https:\/\/easyliferobo.com\/de\/wp-content\/uploads\/2026\/02\/61i4CiarOPL._AC_SL1500_.jpg\",\"contentUrl\":\"https:\/\/easyliferobo.com\/de\/wp-content\/uploads\/2026\/02\/61i4CiarOPL._AC_SL1500_.jpg\",\"width\":1500,\"height\":905},{\"@type\":\"BreadcrumbList\",\"@id\":\"https:\/\/easyliferobo.com\/de\/product\/einhell-freelexo-cam-500-power\/#breadcrumb\",\"itemListElement\":[{\"@type\":\"ListItem\",\"position\":1,\"name\":\"Home\",\"item\":\"https:\/\/easyliferobo.com\/de\/\"},{\"@type\":\"ListItem\",\"position\":2,\"name\":\"Shop\",\"item\":\"https:\/\/easyliferobo.com\/de\/shop\/\"},{\"@type\":\"ListItem\",\"position\":3,\"name\":\"Einhell Freelexo Cam 500 Power\"}]},{\"@type\":\"WebSite\",\"@id\":\"https:\/\/easyliferobo.com\/de\/#website\",\"url\":\"https:\/\/easyliferobo.com\/de\/\",\"name\":\"EasyLifeBro\",\"description\":\"Smarte Roboter f\u00fcr Zuhause, Garten &amp; Bildung\",\"publisher\":{\"@id\":\"https:\/\/easyliferobo.com\/de\/#organization\"},\"potentialAction\":[{\"@type\":\"SearchAction\",\"target\":{\"@type\":\"EntryPoint\",\"urlTemplate\":\"https:\/\/easyliferobo.com\/de\/?s={search_term_string}\"},\"query-input\":{\"@type\":\"PropertyValueSpecification\",\"valueRequired\":true,\"valueName\":\"search_term_string\"}}],\"inLanguage\":\"de\"},{\"@type\":\"Organization\",\"@id\":\"https:\/\/easyliferobo.com\/de\/#organization\",\"name\":\"EasyLifeBro\",\"url\":\"https:\/\/easyliferobo.com\/de\/\",\"logo\":{\"@type\":\"ImageObject\",\"inLanguage\":\"de\",\"@id\":\"https:\/\/easyliferobo.com\/de\/#\/schema\/logo\/image\/\",\"url\":\"https:\/\/easyliferobo.com\/de\/wp-content\/uploads\/2026\/02\/Screenshot-2026-02-22-at-2.25.03-PM.png\",\"contentUrl\":\"https:\/\/easyliferobo.com\/de\/wp-content\/uploads\/2026\/02\/Screenshot-2026-02-22-at-2.25.03-PM.png\",\"width\":1858,\"height\":430,\"caption\":\"EasyLifeBro\"},\"image\":{\"@id\":\"https:\/\/easyliferobo.com\/de\/#\/schema\/logo\/image\/\"}}]}<\/script>\n<!-- \/ Yoast SEO plugin. -->","yoast_head_json":{"title":"Einhell Freelexo Cam 500 Power - EasyLifeBro","description":"Entdecken Sie smarte Roboter f\u00fcr Zuhause, Garten, Bildung und Sicherheit. Vergleichen Sie Saugroboter, Rasenm\u00e4hroboter, KI-Begleitroboter und mehr bei EasyLifeRobo.","robots":{"index":"index","follow":"follow","max-snippet":"max-snippet:-1","max-image-preview":"max-image-preview:large","max-video-preview":"max-video-preview:-1"},"canonical":"https:\/\/easyliferobo.com\/de\/product\/einhell-freelexo-cam-500-power\/","og_locale":"de_DE","og_type":"article","og_title":"Einhell Freelexo Cam 500 Power - EasyLifeBro","og_description":"Entdecken Sie smarte Roboter f\u00fcr Zuhause, Garten, Bildung und Sicherheit. Vergleichen Sie Saugroboter, Rasenm\u00e4hroboter, KI-Begleitroboter und mehr bei EasyLifeRobo.","og_url":"https:\/\/easyliferobo.com\/de\/product\/einhell-freelexo-cam-500-power\/","og_site_name":"EasyLifeBro","article_modified_time":"2026-02-22T23:46:53+00:00","og_image":[{"width":1500,"height":905,"url":"https:\/\/easyliferobo.com\/de\/wp-content\/uploads\/2026\/02\/61i4CiarOPL._AC_SL1500_.jpg","type":"image\/jpeg"}],"twitter_card":"summary_large_image","twitter_misc":{"Gesch\u00e4tzte Lesezeit":"1\u00a0Minute"},"schema":{"@context":"https:\/\/schema.org","@graph":[{"@type":"WebPage","@id":"https:\/\/easyliferobo.com\/de\/product\/einhell-freelexo-cam-500-power\/","url":"https:\/\/easyliferobo.com\/de\/product\/einhell-freelexo-cam-500-power\/","name":"Einhell Freelexo Cam 500 Power - EasyLifeBro","isPartOf":{"@id":"https:\/\/easyliferobo.com\/de\/#website"},"primaryImageOfPage":{"@id":"https:\/\/easyliferobo.com\/de\/product\/einhell-freelexo-cam-500-power\/#primaryimage"},"image":{"@id":"https:\/\/easyliferobo.com\/de\/product\/einhell-freelexo-cam-500-power\/#primaryimage"},"thumbnailUrl":"https:\/\/easyliferobo.com\/de\/wp-content\/uploads\/2026\/02\/61i4CiarOPL._AC_SL1500_.jpg","datePublished":"2026-02-22T23:46:30+00:00","dateModified":"2026-02-22T23:46:53+00:00","description":"Entdecken Sie smarte Roboter f\u00fcr Zuhause, Garten, Bildung und Sicherheit. Vergleichen Sie Saugroboter, Rasenm\u00e4hroboter, KI-Begleitroboter und mehr bei EasyLifeRobo.","breadcrumb":{"@id":"https:\/\/easyliferobo.com\/de\/product\/einhell-freelexo-cam-500-power\/#breadcrumb"},"inLanguage":"de","potentialAction":[{"@type":"ReadAction","target":["https:\/\/easyliferobo.com\/de\/product\/einhell-freelexo-cam-500-power\/"]}]},{"@type":"ImageObject","inLanguage":"de","@id":"https:\/\/easyliferobo.com\/de\/product\/einhell-freelexo-cam-500-power\/#primaryimage","url":"https:\/\/easyliferobo.com\/de\/wp-content\/uploads\/2026\/02\/61i4CiarOPL._AC_SL1500_.jpg","contentUrl":"https:\/\/easyliferobo.com\/de\/wp-content\/uploads\/2026\/02\/61i4CiarOPL._AC_SL1500_.jpg","width":1500,"height":905},{"@type":"BreadcrumbList","@id":"https:\/\/easyliferobo.com\/de\/product\/einhell-freelexo-cam-500-power\/#breadcrumb","itemListElement":[{"@type":"ListItem","position":1,"name":"Home","item":"https:\/\/easyliferobo.com\/de\/"},{"@type":"ListItem","position":2,"name":"Shop","item":"https:\/\/easyliferobo.com\/de\/shop\/"},{"@type":"ListItem","position":3,"name":"Einhell Freelexo Cam 500 Power"}]},{"@type":"WebSite","@id":"https:\/\/easyliferobo.com\/de\/#website","url":"https:\/\/easyliferobo.com\/de\/","name":"EasyLifeBro","description":"Smarte Roboter f\u00fcr Zuhause, Garten &amp; Bildung","publisher":{"@id":"https:\/\/easyliferobo.com\/de\/#organization"},"potentialAction":[{"@type":"SearchAction","target":{"@type":"EntryPoint","urlTemplate":"https:\/\/easyliferobo.com\/de\/?s={search_term_string}"},"query-input":{"@type":"PropertyValueSpecification","valueRequired":true,"valueName":"search_term_string"}}],"inLanguage":"de"},{"@type":"Organization","@id":"https:\/\/easyliferobo.com\/de\/#organization","name":"EasyLifeBro","url":"https:\/\/easyliferobo.com\/de\/","logo":{"@type":"ImageObject","inLanguage":"de","@id":"https:\/\/easyliferobo.com\/de\/#\/schema\/logo\/image\/","url":"https:\/\/easyliferobo.com\/de\/wp-content\/uploads\/2026\/02\/Screenshot-2026-02-22-at-2.25.03-PM.png","contentUrl":"https:\/\/easyliferobo.com\/de\/wp-content\/uploads\/2026\/02\/Screenshot-2026-02-22-at-2.25.03-PM.png","width":1858,"height":430,"caption":"EasyLifeBro"},"image":{"@id":"https:\/\/easyliferobo.com\/de\/#\/schema\/logo\/image\/"}}]}},"_links":{"self":[{"href":"https:\/\/easyliferobo.com\/de\/wp-json\/wp\/v2\/product\/1424","targetHints":{"allow":["GET"]}}],"collection":[{"href":"https:\/\/easyliferobo.com\/de\/wp-json\/wp\/v2\/product"}],"about":[{"href":"https:\/\/easyliferobo.com\/de\/wp-json\/wp\/v2\/types\/product"}],"replies":[{"embeddable":true,"href":"https:\/\/easyliferobo.com\/de\/wp-json\/wp\/v2\/comments?post=1424"}],"wp:featuredmedia":[{"embeddable":true,"href":"https:\/\/easyliferobo.com\/de\/wp-json\/wp\/v2\/media\/1425"}],"wp:attachment":[{"href":"https:\/\/easyliferobo.com\/de\/wp-json\/wp\/v2\/media?parent=1424"}],"wp:term":[{"taxonomy":"store","embeddable":true,"href":"https:\/\/easyliferobo.com\/de\/wp-json\/wp\/v2\/store?post=1424"},{"taxonomy":"product_brand","embeddable":true,"href":"https:\/\/easyliferobo.com\/de\/wp-json\/wp\/v2\/product_brand?post=1424"},{"taxonomy":"product_cat","embeddable":true,"href":"https:\/\/easyliferobo.com\/de\/wp-json\/wp\/v2\/product_cat?post=1424"},{"taxonomy":"product_tag","embeddable":true,"href":"https:\/\/easyliferobo.com\/de\/wp-json\/wp\/v2\/product_tag?post=1424"}],"curies":[{"name":"wp","href":"https:\/\/api.w.org\/{rel}","templated":true}]}}