
{"id":1420,"date":"2026-02-22T23:44:26","date_gmt":"2026-02-22T23:44:26","guid":{"rendered":"https:\/\/easyliferobo.com\/de\/product\/sunseeker-robot-lawnmower-v3v3plus-verlaengerungskabel-fuer-ladestation\/"},"modified":"2026-02-22T23:44:30","modified_gmt":"2026-02-22T23:44:30","slug":"sunseeker-robot-lawnmower-v3v3plus-verlaengerungskabel-fuer-ladestation","status":"publish","type":"product","link":"https:\/\/easyliferobo.com\/de\/product\/sunseeker-robot-lawnmower-v3v3plus-verlaengerungskabel-fuer-ladestation\/","title":{"rendered":"Sunseeker Robot Lawnmower V3&#038;V..."},"content":{"rendered":"<p>\n                                             Vom Hersteller   <\/p>\n<p>                                                                             <img decoding=\"async\" alt=\"Mehrere Aufnahmen zeigen ein auf Gras oder Au\u00dfenfl\u00e4chen montiertes Kamerastabilisierungsger\u00e4t. Zeigt vielseitige Montagepositionen und Winkel f\u00fcr Fotoausr\u00fcstung.\" src=\"https:\/\/images-na.ssl-images-amazon.com\/images\/G\/01\/x-locale\/common\/grey-pixel.gif\" class=\"a-spacing-base a-lazy-loaded\" data-src=\"https:\/\/m.media-amazon.com\/images\/S\/aplus-media-library-service-media\/fa623711-04a5-4868-b271-5d2a5de1efc7.__CR0,0,970,600_PT0_SX970_V1___.jpg\"><img decoding=\"async\" alt=\"Mehrere Aufnahmen zeigen ein auf Gras oder Au\u00dfenfl\u00e4chen montiertes Kamerastabilisierungsger\u00e4t. Zeigt vielseitige Montagepositionen und Winkel f\u00fcr Fotoausr\u00fcstung.\" src=\"https:\/\/m.media-amazon.com\/images\/S\/aplus-media-library-service-media\/fa623711-04a5-4868-b271-5d2a5de1efc7.__CR0,0,970,600_PT0_SX970_V1___.jpg\">                                                                    <\/p>\n<p>                                                                             <img decoding=\"async\" alt=\"Der Text lautet \u201eLeise, intelligente Pflege f\u00fcr Ihren Rasen.\u201c Reihe von Produktdemonstrationsbildern, die Roboter-Rasenm\u00e4her in Aktion zeigen, mit \u201eAutomatischer Regen\u201c, \u201eKI-intelligentes Hindernis\u201c und \u201eSGB Whisper-Quiet\u201c. F\u00e4higkeiten.\" src=\"https:\/\/images-na.ssl-images-amazon.com\/images\/G\/01\/x-locale\/common\/grey-pixel.gif\" class=\"a-spacing-base a-lazy-loaded\" data-src=\"https:\/\/m.media-amazon.com\/images\/S\/aplus-media-library-service-media\/cae2cf15-c4d0-436a-996d-961df1112e0d.__CR0,0,970,600_PT0_SX970_V1___.jpg\"><img decoding=\"async\" alt=\"Der Text lautet \u201eLeise, intelligente Pflege f\u00fcr Ihren Rasen.\u201c Reihe von Produktdemonstrationsbildern, die Roboter-Rasenm\u00e4her in Aktion zeigen, mit \u201eAutomatischer Regen\u201c, \u201eKI-intelligentes Hindernis\u201c und \u201eSGB Whisper-Quiet\u201c. F\u00e4higkeiten.\" src=\"https:\/\/m.media-amazon.com\/images\/S\/aplus-media-library-service-media\/cae2cf15-c4d0-436a-996d-961df1112e0d.__CR0,0,970,600_PT0_SX970_V1___.jpg\">                                                                    <\/p>\n<p>                                                                             <img decoding=\"async\" alt=\"Der Text lautet \u201eM\u00fchelose Rasenpflege im Landschaftsbau-Spezial\u201c, \u201eErzielung einer H\u00f6he von 14\u201322 Zoll\u201c, \u201eSchnittbreite 8\u00bd\u201c und \u201e45 % Gef\u00e4lle\u201c. Serie von Actionaufnahmen beim Rasenm\u00e4hen, die Ger\u00e4te auf Gras zeigen.\" src=\"https:\/\/images-na.ssl-images-amazon.com\/images\/G\/01\/x-locale\/common\/grey-pixel.gif\" class=\"a-spacing-base a-lazy-loaded\" data-src=\"https:\/\/m.media-amazon.com\/images\/S\/aplus-media-library-service-media\/1b3b0e51-8371-4889-9e60-6b68124ffaa5.__CR0,0,970,600_PT0_SX970_V1___.jpg\"><img decoding=\"async\" alt=\"Der Text lautet \u201eM\u00fchelose Rasenpflege im Landschaftsbau-Spezial\u201c, \u201eErzielung einer H\u00f6he von 14\u201322 Zoll\u201c, \u201eSchnittbreite 8\u00bd\u201c und \u201e45 % Gef\u00e4lle\u201c. Serie von Actionaufnahmen beim Rasenm\u00e4hen, die Ger\u00e4te auf Gras zeigen.\" src=\"https:\/\/m.media-amazon.com\/images\/S\/aplus-media-library-service-media\/1b3b0e51-8371-4889-9e60-6b68124ffaa5.__CR0,0,970,600_PT0_SX970_V1___.jpg\">                                                                    <\/p>\n<p>                                                                             <img decoding=\"async\" alt=\"Der Text lautet \u201eEinfache Wartung, immergr\u00fcne Funktionen\u201c. Marketingbanner, das die Schnittstelle einer Rasensprinkleranlage und Au\u00dfenszenen mit der Bew\u00e4sserung gr\u00fcner Rasenfl\u00e4chen zeigt.\" src=\"https:\/\/images-na.ssl-images-amazon.com\/images\/G\/01\/x-locale\/common\/grey-pixel.gif\" class=\"a-spacing-base a-lazy-loaded\" data-src=\"https:\/\/m.media-amazon.com\/images\/S\/aplus-media-library-service-media\/e8d80bb7-202a-4127-8e78-bbd8bb0c1d2a.__CR0,0,970,600_PT0_SX970_V1___.jpg\"><img decoding=\"async\" alt=\"Der Text lautet \u201eEinfache Wartung, immergr\u00fcne Funktionen\u201c. Marketingbanner, das die Schnittstelle einer Rasensprinkleranlage und Au\u00dfenszenen mit der Bew\u00e4sserung gr\u00fcner Rasenfl\u00e4chen zeigt.\" src=\"https:\/\/m.media-amazon.com\/images\/S\/aplus-media-library-service-media\/e8d80bb7-202a-4127-8e78-bbd8bb0c1d2a.__CR0,0,970,600_PT0_SX970_V1___.jpg\">                                                                    <\/p>\n<p>                         Zum Warenkorb hinzuf\u00fcgen Zum Warenkorb hinzuf\u00fcgen Zum Warenkorb hinzuf\u00fcgen Zum Warenkorb hinzuf\u00fcgen Zum Warenkorb hinzuf\u00fcgen 799,00 \u20ac Zum Warenkorb hinzuf\u00fcgen Preis 799,00 \u20ac 799,00 \u20ac 1.037,23 \u20ac 1.037,23 \u20ac 83,77 \u20ac 83,77 \u20ac 19,99 \u20ac 19,99 \u20ac 29,76 \u20ac 29,76 \u20ac 81,08 \u20ac 81,08 \u20ac Anwendbare Modelle \u2013 keine Daten \u2013 keine Daten Sunseeker V3-Serie Sunseeker V3-Serie Sunseeker V3-Serie Sunseeker V3-Serie Funktion Automatisches Rasenm\u00e4hen Automatisches Rasenm\u00e4hen Schutz vor Sonne und Regen Gras m\u00e4hen M\u00e4hroboter \u00fcberregional einsetzen M\u00e4hgrenze einstellen max. M\u00e4hbereich 600\u33a1 1000\u33a1 \u2013 keine Daten \u2013 keine Daten \u2013 keine Daten \u2013 keine Daten Schnittbreite 18 cm 18 cm \u2013 keine Daten \u2013 keine Daten \u2013 keine Daten \u2013 keine Daten Schnitth\u00f6he 20\u201360 mm 20\u201360 mm \u2013 keine Daten \u2013 keine Daten \u2013 keine Daten \u2013 keine Daten Max. Neigung 42 % 42 % \u2013 keine Daten \u2013 keine Daten \u2013 keine Daten \u2013 keine Daten Batterietyp 20 V Lithium 2,5 Ah 20 V Lithium 4,0 Ah \u2013 keine Daten \u2013 keine Daten \u2013 keine Daten \u2013 keine Daten Positionierung und Navigation 3D Vision (2 Kameras) 3D Vision (2 Kameras) \u2013 keine Daten \u2013 keine Daten \u2013 keine Daten \u2013 keine Daten Produktgewicht 9,2 kg 9,4 kg 1,3 kg 0,063 kg 0,54kg 1,27kg Menge pro Packung 1 1 1 12 2 2        <\/p>\n<p>Exklusive Kompatibilit\u00e4t mit der Sunseeker V3-Serie: Speziell entwickeltes 10-m-Verl\u00e4ngerungskabel f\u00fcr die nahtlose Integration mit den Ladestationen f\u00fcr M\u00e4hroboter der Sunseeker V3-Serie. Garantiert perfekte Passform und optimale Ladeleistung<br \/>Erweiterte Flexibilit\u00e4t bei der Platzierung: Mit einer L\u00e4nge von 10 m k\u00f6nnen Sie Ihre Ladestation in Garagen, unter Vord\u00e4chern oder in schattigen Bereichen platzieren und so vor Witterungseinfl\u00fcssen sch\u00fctzen<br \/>WITTERUNGSBEST\u00c4NDIGE VERBINDUNG Verf\u00fcgt \u00fcber wasserdichte, UV-best\u00e4ndige Anschl\u00fcsse, die Regen, Sonne und extremen Temperaturen standhalten und das ganze Jahr \u00fcber zuverl\u00e4ssig funktionieren<br \/>PREMIUM COPPER COREL Hochwertige Kupferkabel sorgen f\u00fcr eine stabile Strom\u00fcbertragung und sind gleichzeitig best\u00e4ndig gegen Korrosion und mechanische Beanspruchung<br \/>Komplettes 10-m-Kabelset: Enth\u00e4lt ein 10-m-Verl\u00e4ngerungskabel mit magnetkompatiblen Steckern f\u00fcr eine sichere Installation im Freien<\/p>\n<p>[ad_2]<\/p>\n","protected":false},"excerpt":{"rendered":"<p>Vom Hersteller Zum Warenkorb hinzuf\u00fcgen Zum Warenkorb hinzuf\u00fcgen Zum Warenkorb hinzuf\u00fcgen Zum Warenkorb hinzuf\u00fcgen Zum Warenkorb hinzuf\u00fcgen 799,00 \u20ac Zum Warenkorb hinzuf\u00fcgen Preis 799,00 \u20ac 799,00 \u20ac 1.037,23 \u20ac 1.037,23 \u20ac 83,77 \u20ac 83,77 \u20ac 19,99 \u20ac 19,99 \u20ac 29,76 \u20ac 29,76 \u20ac 81,08 \u20ac 81,08 \u20ac Anwendbare Modelle \u2013 keine Daten \u2013 keine Daten [&hellip;]<\/p>\n","protected":false},"featured_media":1421,"comment_status":"open","ping_status":"closed","template":"","meta":{"_aipt_faq_data":""},"store":[],"product_brand":[287],"product_cat":[86],"product_tag":[286],"class_list":{"0":"post-1420","1":"product","2":"type-product","3":"status-publish","4":"has-post-thumbnail","6":"product_brand-sunseeker","7":"product_cat-zubehoer-fuer-rasenmaehroboter","8":"product_tag-zubehoer-fuer-rasenmaehroboter-regensensor","10":"first","11":"instock","12":"shipping-taxable","13":"product-type-external"},"yoast_head":"<!-- This site is optimized with the Yoast SEO plugin v27.0 - https:\/\/yoast.com\/product\/yoast-seo-wordpress\/ -->\n<title>Sunseeker Robot Lawnmower V3&amp;V3plus Verl\u00e4ngerungskabel f\u00fcr Ladestation - EasyLifeBro<\/title>\n<meta name=\"description\" content=\"Entdecken Sie smarte Roboter f\u00fcr Zuhause, Garten, Bildung und Sicherheit. Vergleichen Sie Saugroboter, Rasenm\u00e4hroboter, KI-Begleitroboter und mehr bei EasyLifeRobo.\" \/>\n<meta name=\"robots\" content=\"index, follow, max-snippet:-1, max-image-preview:large, max-video-preview:-1\" \/>\n<link rel=\"canonical\" href=\"https:\/\/easyliferobo.com\/de\/product\/sunseeker-robot-lawnmower-v3v3plus-verlaengerungskabel-fuer-ladestation\/\" \/>\n<meta property=\"og:locale\" content=\"de_DE\" \/>\n<meta property=\"og:type\" content=\"article\" \/>\n<meta property=\"og:title\" content=\"Sunseeker Robot Lawnmower V3&amp;V3plus Verl\u00e4ngerungskabel f\u00fcr Ladestation - EasyLifeBro\" \/>\n<meta property=\"og:description\" content=\"Entdecken Sie smarte Roboter f\u00fcr Zuhause, Garten, Bildung und Sicherheit. Vergleichen Sie Saugroboter, Rasenm\u00e4hroboter, KI-Begleitroboter und mehr bei EasyLifeRobo.\" \/>\n<meta property=\"og:url\" content=\"https:\/\/easyliferobo.com\/de\/product\/sunseeker-robot-lawnmower-v3v3plus-verlaengerungskabel-fuer-ladestation\/\" \/>\n<meta property=\"og:site_name\" content=\"EasyLifeBro\" \/>\n<meta property=\"article:modified_time\" content=\"2026-02-22T23:44:30+00:00\" \/>\n<meta property=\"og:image\" content=\"https:\/\/easyliferobo.com\/de\/wp-content\/uploads\/2026\/02\/41Zs47P2AjL._AC_SL1200_.jpg\" \/>\n\t<meta property=\"og:image:width\" content=\"843\" \/>\n\t<meta property=\"og:image:height\" content=\"603\" \/>\n\t<meta property=\"og:image:type\" content=\"image\/jpeg\" \/>\n<meta name=\"twitter:card\" content=\"summary_large_image\" \/>\n<meta name=\"twitter:label1\" content=\"Gesch\u00e4tzte Lesezeit\" \/>\n\t<meta name=\"twitter:data1\" content=\"1\u00a0Minute\" \/>\n<script type=\"application\/ld+json\" class=\"yoast-schema-graph\">{\"@context\":\"https:\/\/schema.org\",\"@graph\":[{\"@type\":\"WebPage\",\"@id\":\"https:\/\/easyliferobo.com\/de\/product\/sunseeker-robot-lawnmower-v3v3plus-verlaengerungskabel-fuer-ladestation\/\",\"url\":\"https:\/\/easyliferobo.com\/de\/product\/sunseeker-robot-lawnmower-v3v3plus-verlaengerungskabel-fuer-ladestation\/\",\"name\":\"Sunseeker Robot Lawnmower V3&V3plus Verl\u00e4ngerungskabel f\u00fcr Ladestation - EasyLifeBro\",\"isPartOf\":{\"@id\":\"https:\/\/easyliferobo.com\/de\/#website\"},\"primaryImageOfPage\":{\"@id\":\"https:\/\/easyliferobo.com\/de\/product\/sunseeker-robot-lawnmower-v3v3plus-verlaengerungskabel-fuer-ladestation\/#primaryimage\"},\"image\":{\"@id\":\"https:\/\/easyliferobo.com\/de\/product\/sunseeker-robot-lawnmower-v3v3plus-verlaengerungskabel-fuer-ladestation\/#primaryimage\"},\"thumbnailUrl\":\"https:\/\/easyliferobo.com\/de\/wp-content\/uploads\/2026\/02\/41Zs47P2AjL._AC_SL1200_.jpg\",\"datePublished\":\"2026-02-22T23:44:26+00:00\",\"dateModified\":\"2026-02-22T23:44:30+00:00\",\"description\":\"Entdecken Sie smarte Roboter f\u00fcr Zuhause, Garten, Bildung und Sicherheit. Vergleichen Sie Saugroboter, Rasenm\u00e4hroboter, KI-Begleitroboter und mehr bei EasyLifeRobo.\",\"breadcrumb\":{\"@id\":\"https:\/\/easyliferobo.com\/de\/product\/sunseeker-robot-lawnmower-v3v3plus-verlaengerungskabel-fuer-ladestation\/#breadcrumb\"},\"inLanguage\":\"de\",\"potentialAction\":[{\"@type\":\"ReadAction\",\"target\":[\"https:\/\/easyliferobo.com\/de\/product\/sunseeker-robot-lawnmower-v3v3plus-verlaengerungskabel-fuer-ladestation\/\"]}]},{\"@type\":\"ImageObject\",\"inLanguage\":\"de\",\"@id\":\"https:\/\/easyliferobo.com\/de\/product\/sunseeker-robot-lawnmower-v3v3plus-verlaengerungskabel-fuer-ladestation\/#primaryimage\",\"url\":\"https:\/\/easyliferobo.com\/de\/wp-content\/uploads\/2026\/02\/41Zs47P2AjL._AC_SL1200_.jpg\",\"contentUrl\":\"https:\/\/easyliferobo.com\/de\/wp-content\/uploads\/2026\/02\/41Zs47P2AjL._AC_SL1200_.jpg\",\"width\":843,\"height\":603},{\"@type\":\"BreadcrumbList\",\"@id\":\"https:\/\/easyliferobo.com\/de\/product\/sunseeker-robot-lawnmower-v3v3plus-verlaengerungskabel-fuer-ladestation\/#breadcrumb\",\"itemListElement\":[{\"@type\":\"ListItem\",\"position\":1,\"name\":\"Home\",\"item\":\"https:\/\/easyliferobo.com\/de\/\"},{\"@type\":\"ListItem\",\"position\":2,\"name\":\"Shop\",\"item\":\"https:\/\/easyliferobo.com\/de\/shop\/\"},{\"@type\":\"ListItem\",\"position\":3,\"name\":\"Sunseeker Robot Lawnmower V3&#038;V...\"}]},{\"@type\":\"WebSite\",\"@id\":\"https:\/\/easyliferobo.com\/de\/#website\",\"url\":\"https:\/\/easyliferobo.com\/de\/\",\"name\":\"EasyLifeBro\",\"description\":\"Smarte Roboter f\u00fcr Zuhause, Garten &amp; Bildung\",\"publisher\":{\"@id\":\"https:\/\/easyliferobo.com\/de\/#organization\"},\"potentialAction\":[{\"@type\":\"SearchAction\",\"target\":{\"@type\":\"EntryPoint\",\"urlTemplate\":\"https:\/\/easyliferobo.com\/de\/?s={search_term_string}\"},\"query-input\":{\"@type\":\"PropertyValueSpecification\",\"valueRequired\":true,\"valueName\":\"search_term_string\"}}],\"inLanguage\":\"de\"},{\"@type\":\"Organization\",\"@id\":\"https:\/\/easyliferobo.com\/de\/#organization\",\"name\":\"EasyLifeBro\",\"url\":\"https:\/\/easyliferobo.com\/de\/\",\"logo\":{\"@type\":\"ImageObject\",\"inLanguage\":\"de\",\"@id\":\"https:\/\/easyliferobo.com\/de\/#\/schema\/logo\/image\/\",\"url\":\"https:\/\/easyliferobo.com\/de\/wp-content\/uploads\/2026\/02\/Screenshot-2026-02-22-at-2.25.03-PM.png\",\"contentUrl\":\"https:\/\/easyliferobo.com\/de\/wp-content\/uploads\/2026\/02\/Screenshot-2026-02-22-at-2.25.03-PM.png\",\"width\":1858,\"height\":430,\"caption\":\"EasyLifeBro\"},\"image\":{\"@id\":\"https:\/\/easyliferobo.com\/de\/#\/schema\/logo\/image\/\"}}]}<\/script>\n<!-- \/ Yoast SEO plugin. -->","yoast_head_json":{"title":"Sunseeker Robot Lawnmower V3&V3plus Verl\u00e4ngerungskabel f\u00fcr Ladestation - EasyLifeBro","description":"Entdecken Sie smarte Roboter f\u00fcr Zuhause, Garten, Bildung und Sicherheit. Vergleichen Sie Saugroboter, Rasenm\u00e4hroboter, KI-Begleitroboter und mehr bei EasyLifeRobo.","robots":{"index":"index","follow":"follow","max-snippet":"max-snippet:-1","max-image-preview":"max-image-preview:large","max-video-preview":"max-video-preview:-1"},"canonical":"https:\/\/easyliferobo.com\/de\/product\/sunseeker-robot-lawnmower-v3v3plus-verlaengerungskabel-fuer-ladestation\/","og_locale":"de_DE","og_type":"article","og_title":"Sunseeker Robot Lawnmower V3&V3plus Verl\u00e4ngerungskabel f\u00fcr Ladestation - EasyLifeBro","og_description":"Entdecken Sie smarte Roboter f\u00fcr Zuhause, Garten, Bildung und Sicherheit. Vergleichen Sie Saugroboter, Rasenm\u00e4hroboter, KI-Begleitroboter und mehr bei EasyLifeRobo.","og_url":"https:\/\/easyliferobo.com\/de\/product\/sunseeker-robot-lawnmower-v3v3plus-verlaengerungskabel-fuer-ladestation\/","og_site_name":"EasyLifeBro","article_modified_time":"2026-02-22T23:44:30+00:00","og_image":[{"width":843,"height":603,"url":"https:\/\/easyliferobo.com\/de\/wp-content\/uploads\/2026\/02\/41Zs47P2AjL._AC_SL1200_.jpg","type":"image\/jpeg"}],"twitter_card":"summary_large_image","twitter_misc":{"Gesch\u00e4tzte Lesezeit":"1\u00a0Minute"},"schema":{"@context":"https:\/\/schema.org","@graph":[{"@type":"WebPage","@id":"https:\/\/easyliferobo.com\/de\/product\/sunseeker-robot-lawnmower-v3v3plus-verlaengerungskabel-fuer-ladestation\/","url":"https:\/\/easyliferobo.com\/de\/product\/sunseeker-robot-lawnmower-v3v3plus-verlaengerungskabel-fuer-ladestation\/","name":"Sunseeker Robot Lawnmower V3&V3plus Verl\u00e4ngerungskabel f\u00fcr Ladestation - EasyLifeBro","isPartOf":{"@id":"https:\/\/easyliferobo.com\/de\/#website"},"primaryImageOfPage":{"@id":"https:\/\/easyliferobo.com\/de\/product\/sunseeker-robot-lawnmower-v3v3plus-verlaengerungskabel-fuer-ladestation\/#primaryimage"},"image":{"@id":"https:\/\/easyliferobo.com\/de\/product\/sunseeker-robot-lawnmower-v3v3plus-verlaengerungskabel-fuer-ladestation\/#primaryimage"},"thumbnailUrl":"https:\/\/easyliferobo.com\/de\/wp-content\/uploads\/2026\/02\/41Zs47P2AjL._AC_SL1200_.jpg","datePublished":"2026-02-22T23:44:26+00:00","dateModified":"2026-02-22T23:44:30+00:00","description":"Entdecken Sie smarte Roboter f\u00fcr Zuhause, Garten, Bildung und Sicherheit. Vergleichen Sie Saugroboter, Rasenm\u00e4hroboter, KI-Begleitroboter und mehr bei EasyLifeRobo.","breadcrumb":{"@id":"https:\/\/easyliferobo.com\/de\/product\/sunseeker-robot-lawnmower-v3v3plus-verlaengerungskabel-fuer-ladestation\/#breadcrumb"},"inLanguage":"de","potentialAction":[{"@type":"ReadAction","target":["https:\/\/easyliferobo.com\/de\/product\/sunseeker-robot-lawnmower-v3v3plus-verlaengerungskabel-fuer-ladestation\/"]}]},{"@type":"ImageObject","inLanguage":"de","@id":"https:\/\/easyliferobo.com\/de\/product\/sunseeker-robot-lawnmower-v3v3plus-verlaengerungskabel-fuer-ladestation\/#primaryimage","url":"https:\/\/easyliferobo.com\/de\/wp-content\/uploads\/2026\/02\/41Zs47P2AjL._AC_SL1200_.jpg","contentUrl":"https:\/\/easyliferobo.com\/de\/wp-content\/uploads\/2026\/02\/41Zs47P2AjL._AC_SL1200_.jpg","width":843,"height":603},{"@type":"BreadcrumbList","@id":"https:\/\/easyliferobo.com\/de\/product\/sunseeker-robot-lawnmower-v3v3plus-verlaengerungskabel-fuer-ladestation\/#breadcrumb","itemListElement":[{"@type":"ListItem","position":1,"name":"Home","item":"https:\/\/easyliferobo.com\/de\/"},{"@type":"ListItem","position":2,"name":"Shop","item":"https:\/\/easyliferobo.com\/de\/shop\/"},{"@type":"ListItem","position":3,"name":"Sunseeker Robot Lawnmower V3&#038;V..."}]},{"@type":"WebSite","@id":"https:\/\/easyliferobo.com\/de\/#website","url":"https:\/\/easyliferobo.com\/de\/","name":"EasyLifeBro","description":"Smarte Roboter f\u00fcr Zuhause, Garten &amp; Bildung","publisher":{"@id":"https:\/\/easyliferobo.com\/de\/#organization"},"potentialAction":[{"@type":"SearchAction","target":{"@type":"EntryPoint","urlTemplate":"https:\/\/easyliferobo.com\/de\/?s={search_term_string}"},"query-input":{"@type":"PropertyValueSpecification","valueRequired":true,"valueName":"search_term_string"}}],"inLanguage":"de"},{"@type":"Organization","@id":"https:\/\/easyliferobo.com\/de\/#organization","name":"EasyLifeBro","url":"https:\/\/easyliferobo.com\/de\/","logo":{"@type":"ImageObject","inLanguage":"de","@id":"https:\/\/easyliferobo.com\/de\/#\/schema\/logo\/image\/","url":"https:\/\/easyliferobo.com\/de\/wp-content\/uploads\/2026\/02\/Screenshot-2026-02-22-at-2.25.03-PM.png","contentUrl":"https:\/\/easyliferobo.com\/de\/wp-content\/uploads\/2026\/02\/Screenshot-2026-02-22-at-2.25.03-PM.png","width":1858,"height":430,"caption":"EasyLifeBro"},"image":{"@id":"https:\/\/easyliferobo.com\/de\/#\/schema\/logo\/image\/"}}]}},"_links":{"self":[{"href":"https:\/\/easyliferobo.com\/de\/wp-json\/wp\/v2\/product\/1420","targetHints":{"allow":["GET"]}}],"collection":[{"href":"https:\/\/easyliferobo.com\/de\/wp-json\/wp\/v2\/product"}],"about":[{"href":"https:\/\/easyliferobo.com\/de\/wp-json\/wp\/v2\/types\/product"}],"replies":[{"embeddable":true,"href":"https:\/\/easyliferobo.com\/de\/wp-json\/wp\/v2\/comments?post=1420"}],"wp:featuredmedia":[{"embeddable":true,"href":"https:\/\/easyliferobo.com\/de\/wp-json\/wp\/v2\/media\/1421"}],"wp:attachment":[{"href":"https:\/\/easyliferobo.com\/de\/wp-json\/wp\/v2\/media?parent=1420"}],"wp:term":[{"taxonomy":"store","embeddable":true,"href":"https:\/\/easyliferobo.com\/de\/wp-json\/wp\/v2\/store?post=1420"},{"taxonomy":"product_brand","embeddable":true,"href":"https:\/\/easyliferobo.com\/de\/wp-json\/wp\/v2\/product_brand?post=1420"},{"taxonomy":"product_cat","embeddable":true,"href":"https:\/\/easyliferobo.com\/de\/wp-json\/wp\/v2\/product_cat?post=1420"},{"taxonomy":"product_tag","embeddable":true,"href":"https:\/\/easyliferobo.com\/de\/wp-json\/wp\/v2\/product_tag?post=1420"}],"curies":[{"name":"wp","href":"https:\/\/api.w.org\/{rel}","templated":true}]}}