
{"id":1412,"date":"2026-02-22T23:42:26","date_gmt":"2026-02-22T23:42:26","guid":{"rendered":"https:\/\/easyliferobo.com\/de\/product\/vatos-roboterhund-kinderferngesteuertes-spielzeug-interaktiver-touch-and-follow-roboterhund-mit-17-funktionen-programmierbare-tanzmusik-rc-fuer-maedchen-von-3-12-jahren\/"},"modified":"2026-02-22T23:42:40","modified_gmt":"2026-02-22T23:42:40","slug":"vatos-roboterhund-kinderferngesteuertes-spielzeug-interaktiver-touch-and-follow-roboterhund-mit-17-funktionen-programmierbare-tanzmusik-rc-fuer-maedchen-von-3-12-jahren","status":"publish","type":"product","link":"https:\/\/easyliferobo.com\/de\/product\/vatos-roboterhund-kinderferngesteuertes-spielzeug-interaktiver-touch-and-follow-roboterhund-mit-17-funktionen-programmierbare-tanzmusik-rc-fuer-maedchen-von-3-12-jahren\/","title":{"rendered":"VATOS Roboterhund Kinderferngesteue..."},"content":{"rendered":"<p>\n                                             Von der Marke   <\/p>\n<p>                                              <img decoding=\"async\" alt=\"Frohe Weihnachten an die ganze Familie!\" src=\"https:\/\/images-na.ssl-images-amazon.com\/images\/G\/01\/x-locale\/common\/grey-pixel.gif\" class=\"a-lazy-loaded\" data-src=\"https:\/\/m.media-amazon.com\/images\/S\/aplus-media-library-service-media\/8adacc2d-1be8-463c-ba42-c810dc33e939.__CR0,0,1464,625_PT0_SX1464_V1___.jpg\"><img decoding=\"async\" alt=\"Frohe Weihnachten an die ganze Familie!\" src=\"https:\/\/m.media-amazon.com\/images\/S\/aplus-media-library-service-media\/8adacc2d-1be8-463c-ba42-c810dc33e939.__CR0,0,1464,625_PT0_SX1464_V1___.jpg\">  <\/p>\n<p>                                              <img decoding=\"async\" alt=\"\" src=\"https:\/\/images-na.ssl-images-amazon.com\/images\/G\/01\/x-locale\/common\/grey-pixel.gif\" class=\"a-lazy-loaded\" data-src=\"https:\/\/m.media-amazon.com\/images\/S\/aplus-media-library-service-media\/c84a37ce-5b16-45d9-8ffb-7d11928be2d7.__CR0,0,315,145_PT0_SX315_V1___.png\"><img decoding=\"async\" alt=\"\" src=\"https:\/\/m.media-amazon.com\/images\/S\/aplus-media-library-service-media\/c84a37ce-5b16-45d9-8ffb-7d11928be2d7.__CR0,0,315,145_PT0_SX315_V1___.png\">  <\/p>\n<p>  \u00dcBER UNS <\/p>\n<p>  VATOS wurde von James Lee gegr\u00fcndet, der sich zun\u00e4chst darauf konzentrierte, f\u00fcr seine Tochter eine sichere und unterhaltsame Wachstumsumgebung zu schaffen. Er war der Meinung, dass ein gutes Spielzeug nicht nur ein Freund f\u00fcr Kinder ist, sondern auch ein Lehrer, der ihnen hilft, ihre Neugier f\u00fcr die Welt zu entwickeln. Vatos hat eine Reihe von Spielzeugen exklusiv f\u00fcr Kinder im Alter von 3 Monaten bis 14 Jahren auf den Markt gebracht. <\/p>\n<h3>  W\u00e4hlen Sie Ihr Lasertag <\/h3>\n<p class=\"apm-brand-story-stores-link\">\n<h3>  W\u00e4hlen Sie Ihr Lasertag <\/h3>\n<p class=\"apm-brand-story-stores-link\">\n<h3>  Shop-Roboterhund <\/h3>\n<h3>  W\u00e4hlen Sie Ihr Bauspielzeug <\/h3>\n<p class=\"apm-brand-story-stores-link\">\n<h3>  W\u00e4hlen Sie Ihr RC-Car <\/h3>\n<p class=\"apm-brand-story-stores-link\">\n<h3>  W\u00e4hlen Sie Ihr Babyspielzeug <\/h3>\n<p class=\"apm-brand-story-stores-link\">\n<h3>  Geschenk f\u00fcr Kinder <\/h3>\n<h3>  ferngesteuerter Hubschrauber <\/h3>\n<h3>  Sport-Outdoor-Spielzeug <\/h3>\n<p class=\"apm-brand-story-stores-link\">\n<h3>  Babyspielzeug <\/h3>\n<p>                                              <img decoding=\"async\" alt=\"\" src=\"https:\/\/images-na.ssl-images-amazon.com\/images\/G\/01\/x-locale\/common\/grey-pixel.gif\" class=\"a-lazy-loaded\" data-src=\"https:\/\/m.media-amazon.com\/images\/S\/aplus-media-library-service-media\/d87b0a06-9f14-4a60-b881-13ccc6c75aab.__CR100,0,799,1000_PT0_SX362_V1___.png\"><img decoding=\"async\" alt=\"\" src=\"https:\/\/m.media-amazon.com\/images\/S\/aplus-media-library-service-media\/d87b0a06-9f14-4a60-b881-13ccc6c75aab.__CR100,0,799,1000_PT0_SX362_V1___.png\">  <\/p>\n<h3>  Elektrische Feenfl\u00fcgel <\/h3>\n<p>Interaktives Roboter-Hundespielzeug f\u00fcr M\u00e4dchen \u2013 insgesamt 17 Funktionen f\u00fcr mehr Spa\u00df f\u00fcr Kinder. Nach dem Einschalten muss kein Knopf mehr gedr\u00fcckt werden. Der Roboterhund f\u00fchrt automatisch alle 5 Sekunden eine Reihe von Bewegungen aus, um Ihre Aufmerksamkeit zu erregen<br \/>Neue Touch &#038; Follow-Technologie \u2013 Wenn Kinder das Kinn des Roboter-Spielzeughundes ber\u00fchren, werden zuf\u00e4llige Aktionen und Ger\u00e4usche ausgel\u00f6st, die Ihr Kind stundenlang unterhalten. Und der Roboterhund ist mit drei Infrarotsensoren ausgestattet, die das Infrarotsignal der Fernbedienung automatisch suchen und verfolgen k\u00f6nnen. W\u00e4hlen Sie diesen Roboterhund, um Ihre Kinder zu begleiten und eine lustige Zeit zu verbringen.<br \/>Musikalischer Tanzhund \u2013 Mit integrierter Musik und Tanzbewegungen regt dieser intelligente Roboterhund f\u00fcr M\u00e4dchen Kinder zum Tanzen an und l\u00e4sst sie den Rhythmus der Musik sp\u00fcren. Es wird das beste Geschenkspielzeug f\u00fcr M\u00e4dchen im Alter von 3\u20138, 9, 10, 11 und 12 Jahren sein.<br \/>Programmierbarer Roboterhund \u2013 Sie k\u00f6nnen Ihren Roboterhund so programmieren und anpassen, dass er sich wie ein echter Welpe verh\u00e4lt. Anschlie\u00dfend zeichnet der Roboterhund die Befehle auf und f\u00fchrt sie aus. Es wird Kindern helfen, einfaches Programmierdenken zu erlernen und schwierige Probleme zu vereinfachen.<br \/>Bestes Geschenk-Kinderspielzeug f\u00fcr Kinder \u2013 M\u00f6chten Sie, dass Ihre Kinder ein Haustier genie\u00dfen, ohne den \u00c4rger, einen Hund zu besitzen? Der niedliche interaktive Roboterhund ist ein tolles Geschenk f\u00fcr Ihr Kind, das die ganze Familie unterhalten und unvergessliche Momente schaffen kann! Der wandelnde Hundewelpe ist mit wiederaufladbaren Batterien ausgestattet, sodass Ihr Roboterhund mit der Energie des Kindes mithalten kann.<\/p>\n<p>[ad_2]<\/p>\n","protected":false},"excerpt":{"rendered":"<p>Von der Marke \u00dcBER UNS VATOS wurde von James Lee gegr\u00fcndet, der sich zun\u00e4chst darauf konzentrierte, f\u00fcr seine Tochter eine sichere und unterhaltsame Wachstumsumgebung zu schaffen. Er war der Meinung, dass ein gutes Spielzeug nicht nur ein Freund f\u00fcr Kinder ist, sondern auch ein Lehrer, der ihnen hilft, ihre Neugier f\u00fcr die Welt zu entwickeln. [&hellip;]<\/p>\n","protected":false},"featured_media":1413,"comment_status":"open","ping_status":"closed","template":"","meta":{"_aipt_faq_data":""},"store":[],"product_brand":[],"product_cat":[88],"product_tag":[285],"class_list":{"0":"post-1412","1":"product","2":"type-product","3":"status-publish","4":"has-post-thumbnail","6":"product_cat-interaktive-spielzeugroboter","7":"product_tag-interaktive-spielzeugroboter-mit-bewegungssensor","9":"first","10":"instock","11":"sale","12":"shipping-taxable","13":"product-type-external"},"yoast_head":"<!-- This site is optimized with the Yoast SEO plugin v27.0 - https:\/\/yoast.com\/product\/yoast-seo-wordpress\/ -->\n<title>VATOS Roboterhund Kinderferngesteuertes Spielzeug \u2013 Interaktiver Touch-and-Follow-Roboterhund mit 17 Funktionen, programmierbare Tanzmusik RC f\u00fcr M\u00e4dchen von 3\u201312 Jahren - EasyLifeBro<\/title>\n<meta name=\"description\" content=\"Entdecken Sie smarte Roboter f\u00fcr Zuhause, Garten, Bildung und Sicherheit. Vergleichen Sie Saugroboter, Rasenm\u00e4hroboter, KI-Begleitroboter und mehr bei EasyLifeRobo.\" \/>\n<meta name=\"robots\" content=\"index, follow, max-snippet:-1, max-image-preview:large, max-video-preview:-1\" \/>\n<link rel=\"canonical\" href=\"https:\/\/easyliferobo.com\/de\/product\/vatos-roboterhund-kinderferngesteuertes-spielzeug-interaktiver-touch-and-follow-roboterhund-mit-17-funktionen-programmierbare-tanzmusik-rc-fuer-maedchen-von-3-12-jahren\/\" \/>\n<meta property=\"og:locale\" content=\"de_DE\" \/>\n<meta property=\"og:type\" content=\"article\" \/>\n<meta property=\"og:title\" content=\"VATOS Roboterhund Kinderferngesteuertes Spielzeug \u2013 Interaktiver Touch-and-Follow-Roboterhund mit 17 Funktionen, programmierbare Tanzmusik RC f\u00fcr M\u00e4dchen von 3\u201312 Jahren - EasyLifeBro\" \/>\n<meta property=\"og:description\" content=\"Entdecken Sie smarte Roboter f\u00fcr Zuhause, Garten, Bildung und Sicherheit. Vergleichen Sie Saugroboter, Rasenm\u00e4hroboter, KI-Begleitroboter und mehr bei EasyLifeRobo.\" \/>\n<meta property=\"og:url\" content=\"https:\/\/easyliferobo.com\/de\/product\/vatos-roboterhund-kinderferngesteuertes-spielzeug-interaktiver-touch-and-follow-roboterhund-mit-17-funktionen-programmierbare-tanzmusik-rc-fuer-maedchen-von-3-12-jahren\/\" \/>\n<meta property=\"og:site_name\" content=\"EasyLifeBro\" \/>\n<meta property=\"article:modified_time\" content=\"2026-02-22T23:42:40+00:00\" \/>\n<meta property=\"og:image\" content=\"https:\/\/easyliferobo.com\/de\/wp-content\/uploads\/2026\/02\/61uZSHUT7kL._AC_SL1000_.jpg\" \/>\n\t<meta property=\"og:image:width\" content=\"965\" \/>\n\t<meta property=\"og:image:height\" content=\"984\" \/>\n\t<meta property=\"og:image:type\" content=\"image\/jpeg\" \/>\n<meta name=\"twitter:card\" content=\"summary_large_image\" \/>\n<meta name=\"twitter:label1\" content=\"Gesch\u00e4tzte Lesezeit\" \/>\n\t<meta name=\"twitter:data1\" content=\"2\u00a0Minuten\" \/>\n<script type=\"application\/ld+json\" class=\"yoast-schema-graph\">{\"@context\":\"https:\/\/schema.org\",\"@graph\":[{\"@type\":\"WebPage\",\"@id\":\"https:\/\/easyliferobo.com\/de\/product\/vatos-roboterhund-kinderferngesteuertes-spielzeug-interaktiver-touch-and-follow-roboterhund-mit-17-funktionen-programmierbare-tanzmusik-rc-fuer-maedchen-von-3-12-jahren\/\",\"url\":\"https:\/\/easyliferobo.com\/de\/product\/vatos-roboterhund-kinderferngesteuertes-spielzeug-interaktiver-touch-and-follow-roboterhund-mit-17-funktionen-programmierbare-tanzmusik-rc-fuer-maedchen-von-3-12-jahren\/\",\"name\":\"VATOS Roboterhund Kinderferngesteuertes Spielzeug \u2013 Interaktiver Touch-and-Follow-Roboterhund mit 17 Funktionen, programmierbare Tanzmusik RC f\u00fcr M\u00e4dchen von 3\u201312 Jahren - EasyLifeBro\",\"isPartOf\":{\"@id\":\"https:\/\/easyliferobo.com\/de\/#website\"},\"primaryImageOfPage\":{\"@id\":\"https:\/\/easyliferobo.com\/de\/product\/vatos-roboterhund-kinderferngesteuertes-spielzeug-interaktiver-touch-and-follow-roboterhund-mit-17-funktionen-programmierbare-tanzmusik-rc-fuer-maedchen-von-3-12-jahren\/#primaryimage\"},\"image\":{\"@id\":\"https:\/\/easyliferobo.com\/de\/product\/vatos-roboterhund-kinderferngesteuertes-spielzeug-interaktiver-touch-and-follow-roboterhund-mit-17-funktionen-programmierbare-tanzmusik-rc-fuer-maedchen-von-3-12-jahren\/#primaryimage\"},\"thumbnailUrl\":\"https:\/\/easyliferobo.com\/de\/wp-content\/uploads\/2026\/02\/61uZSHUT7kL._AC_SL1000_.jpg\",\"datePublished\":\"2026-02-22T23:42:26+00:00\",\"dateModified\":\"2026-02-22T23:42:40+00:00\",\"description\":\"Entdecken Sie smarte Roboter f\u00fcr Zuhause, Garten, Bildung und Sicherheit. Vergleichen Sie Saugroboter, Rasenm\u00e4hroboter, KI-Begleitroboter und mehr bei EasyLifeRobo.\",\"breadcrumb\":{\"@id\":\"https:\/\/easyliferobo.com\/de\/product\/vatos-roboterhund-kinderferngesteuertes-spielzeug-interaktiver-touch-and-follow-roboterhund-mit-17-funktionen-programmierbare-tanzmusik-rc-fuer-maedchen-von-3-12-jahren\/#breadcrumb\"},\"inLanguage\":\"de\",\"potentialAction\":[{\"@type\":\"ReadAction\",\"target\":[\"https:\/\/easyliferobo.com\/de\/product\/vatos-roboterhund-kinderferngesteuertes-spielzeug-interaktiver-touch-and-follow-roboterhund-mit-17-funktionen-programmierbare-tanzmusik-rc-fuer-maedchen-von-3-12-jahren\/\"]}]},{\"@type\":\"ImageObject\",\"inLanguage\":\"de\",\"@id\":\"https:\/\/easyliferobo.com\/de\/product\/vatos-roboterhund-kinderferngesteuertes-spielzeug-interaktiver-touch-and-follow-roboterhund-mit-17-funktionen-programmierbare-tanzmusik-rc-fuer-maedchen-von-3-12-jahren\/#primaryimage\",\"url\":\"https:\/\/easyliferobo.com\/de\/wp-content\/uploads\/2026\/02\/61uZSHUT7kL._AC_SL1000_.jpg\",\"contentUrl\":\"https:\/\/easyliferobo.com\/de\/wp-content\/uploads\/2026\/02\/61uZSHUT7kL._AC_SL1000_.jpg\",\"width\":965,\"height\":984},{\"@type\":\"BreadcrumbList\",\"@id\":\"https:\/\/easyliferobo.com\/de\/product\/vatos-roboterhund-kinderferngesteuertes-spielzeug-interaktiver-touch-and-follow-roboterhund-mit-17-funktionen-programmierbare-tanzmusik-rc-fuer-maedchen-von-3-12-jahren\/#breadcrumb\",\"itemListElement\":[{\"@type\":\"ListItem\",\"position\":1,\"name\":\"Home\",\"item\":\"https:\/\/easyliferobo.com\/de\/\"},{\"@type\":\"ListItem\",\"position\":2,\"name\":\"Shop\",\"item\":\"https:\/\/easyliferobo.com\/de\/shop\/\"},{\"@type\":\"ListItem\",\"position\":3,\"name\":\"VATOS Roboterhund Kinderferngesteuertes Spielzeug \u2013 Interaktiver Touch-and-Follow-Roboterhund mit 17 Funktionen, programmierbare Tanzmusik RC f\u00fcr M\u00e4dchen von 3\u201312 Jahren\"}]},{\"@type\":\"WebSite\",\"@id\":\"https:\/\/easyliferobo.com\/de\/#website\",\"url\":\"https:\/\/easyliferobo.com\/de\/\",\"name\":\"EasyLifeBro\",\"description\":\"Smarte Roboter f\u00fcr Zuhause, Garten &amp; Bildung\",\"publisher\":{\"@id\":\"https:\/\/easyliferobo.com\/de\/#organization\"},\"potentialAction\":[{\"@type\":\"SearchAction\",\"target\":{\"@type\":\"EntryPoint\",\"urlTemplate\":\"https:\/\/easyliferobo.com\/de\/?s={search_term_string}\"},\"query-input\":{\"@type\":\"PropertyValueSpecification\",\"valueRequired\":true,\"valueName\":\"search_term_string\"}}],\"inLanguage\":\"de\"},{\"@type\":\"Organization\",\"@id\":\"https:\/\/easyliferobo.com\/de\/#organization\",\"name\":\"EasyLifeBro\",\"url\":\"https:\/\/easyliferobo.com\/de\/\",\"logo\":{\"@type\":\"ImageObject\",\"inLanguage\":\"de\",\"@id\":\"https:\/\/easyliferobo.com\/de\/#\/schema\/logo\/image\/\",\"url\":\"https:\/\/easyliferobo.com\/de\/wp-content\/uploads\/2026\/02\/Screenshot-2026-02-22-at-2.25.03-PM.png\",\"contentUrl\":\"https:\/\/easyliferobo.com\/de\/wp-content\/uploads\/2026\/02\/Screenshot-2026-02-22-at-2.25.03-PM.png\",\"width\":1858,\"height\":430,\"caption\":\"EasyLifeBro\"},\"image\":{\"@id\":\"https:\/\/easyliferobo.com\/de\/#\/schema\/logo\/image\/\"}}]}<\/script>\n<!-- \/ Yoast SEO plugin. -->","yoast_head_json":{"title":"VATOS Roboterhund Kinderferngesteuertes Spielzeug \u2013 Interaktiver Touch-and-Follow-Roboterhund mit 17 Funktionen, programmierbare Tanzmusik RC f\u00fcr M\u00e4dchen von 3\u201312 Jahren - EasyLifeBro","description":"Entdecken Sie smarte Roboter f\u00fcr Zuhause, Garten, Bildung und Sicherheit. Vergleichen Sie Saugroboter, Rasenm\u00e4hroboter, KI-Begleitroboter und mehr bei EasyLifeRobo.","robots":{"index":"index","follow":"follow","max-snippet":"max-snippet:-1","max-image-preview":"max-image-preview:large","max-video-preview":"max-video-preview:-1"},"canonical":"https:\/\/easyliferobo.com\/de\/product\/vatos-roboterhund-kinderferngesteuertes-spielzeug-interaktiver-touch-and-follow-roboterhund-mit-17-funktionen-programmierbare-tanzmusik-rc-fuer-maedchen-von-3-12-jahren\/","og_locale":"de_DE","og_type":"article","og_title":"VATOS Roboterhund Kinderferngesteuertes Spielzeug \u2013 Interaktiver Touch-and-Follow-Roboterhund mit 17 Funktionen, programmierbare Tanzmusik RC f\u00fcr M\u00e4dchen von 3\u201312 Jahren - EasyLifeBro","og_description":"Entdecken Sie smarte Roboter f\u00fcr Zuhause, Garten, Bildung und Sicherheit. Vergleichen Sie Saugroboter, Rasenm\u00e4hroboter, KI-Begleitroboter und mehr bei EasyLifeRobo.","og_url":"https:\/\/easyliferobo.com\/de\/product\/vatos-roboterhund-kinderferngesteuertes-spielzeug-interaktiver-touch-and-follow-roboterhund-mit-17-funktionen-programmierbare-tanzmusik-rc-fuer-maedchen-von-3-12-jahren\/","og_site_name":"EasyLifeBro","article_modified_time":"2026-02-22T23:42:40+00:00","og_image":[{"width":965,"height":984,"url":"https:\/\/easyliferobo.com\/de\/wp-content\/uploads\/2026\/02\/61uZSHUT7kL._AC_SL1000_.jpg","type":"image\/jpeg"}],"twitter_card":"summary_large_image","twitter_misc":{"Gesch\u00e4tzte Lesezeit":"2\u00a0Minuten"},"schema":{"@context":"https:\/\/schema.org","@graph":[{"@type":"WebPage","@id":"https:\/\/easyliferobo.com\/de\/product\/vatos-roboterhund-kinderferngesteuertes-spielzeug-interaktiver-touch-and-follow-roboterhund-mit-17-funktionen-programmierbare-tanzmusik-rc-fuer-maedchen-von-3-12-jahren\/","url":"https:\/\/easyliferobo.com\/de\/product\/vatos-roboterhund-kinderferngesteuertes-spielzeug-interaktiver-touch-and-follow-roboterhund-mit-17-funktionen-programmierbare-tanzmusik-rc-fuer-maedchen-von-3-12-jahren\/","name":"VATOS Roboterhund Kinderferngesteuertes Spielzeug \u2013 Interaktiver Touch-and-Follow-Roboterhund mit 17 Funktionen, programmierbare Tanzmusik RC f\u00fcr M\u00e4dchen von 3\u201312 Jahren - EasyLifeBro","isPartOf":{"@id":"https:\/\/easyliferobo.com\/de\/#website"},"primaryImageOfPage":{"@id":"https:\/\/easyliferobo.com\/de\/product\/vatos-roboterhund-kinderferngesteuertes-spielzeug-interaktiver-touch-and-follow-roboterhund-mit-17-funktionen-programmierbare-tanzmusik-rc-fuer-maedchen-von-3-12-jahren\/#primaryimage"},"image":{"@id":"https:\/\/easyliferobo.com\/de\/product\/vatos-roboterhund-kinderferngesteuertes-spielzeug-interaktiver-touch-and-follow-roboterhund-mit-17-funktionen-programmierbare-tanzmusik-rc-fuer-maedchen-von-3-12-jahren\/#primaryimage"},"thumbnailUrl":"https:\/\/easyliferobo.com\/de\/wp-content\/uploads\/2026\/02\/61uZSHUT7kL._AC_SL1000_.jpg","datePublished":"2026-02-22T23:42:26+00:00","dateModified":"2026-02-22T23:42:40+00:00","description":"Entdecken Sie smarte Roboter f\u00fcr Zuhause, Garten, Bildung und Sicherheit. Vergleichen Sie Saugroboter, Rasenm\u00e4hroboter, KI-Begleitroboter und mehr bei EasyLifeRobo.","breadcrumb":{"@id":"https:\/\/easyliferobo.com\/de\/product\/vatos-roboterhund-kinderferngesteuertes-spielzeug-interaktiver-touch-and-follow-roboterhund-mit-17-funktionen-programmierbare-tanzmusik-rc-fuer-maedchen-von-3-12-jahren\/#breadcrumb"},"inLanguage":"de","potentialAction":[{"@type":"ReadAction","target":["https:\/\/easyliferobo.com\/de\/product\/vatos-roboterhund-kinderferngesteuertes-spielzeug-interaktiver-touch-and-follow-roboterhund-mit-17-funktionen-programmierbare-tanzmusik-rc-fuer-maedchen-von-3-12-jahren\/"]}]},{"@type":"ImageObject","inLanguage":"de","@id":"https:\/\/easyliferobo.com\/de\/product\/vatos-roboterhund-kinderferngesteuertes-spielzeug-interaktiver-touch-and-follow-roboterhund-mit-17-funktionen-programmierbare-tanzmusik-rc-fuer-maedchen-von-3-12-jahren\/#primaryimage","url":"https:\/\/easyliferobo.com\/de\/wp-content\/uploads\/2026\/02\/61uZSHUT7kL._AC_SL1000_.jpg","contentUrl":"https:\/\/easyliferobo.com\/de\/wp-content\/uploads\/2026\/02\/61uZSHUT7kL._AC_SL1000_.jpg","width":965,"height":984},{"@type":"BreadcrumbList","@id":"https:\/\/easyliferobo.com\/de\/product\/vatos-roboterhund-kinderferngesteuertes-spielzeug-interaktiver-touch-and-follow-roboterhund-mit-17-funktionen-programmierbare-tanzmusik-rc-fuer-maedchen-von-3-12-jahren\/#breadcrumb","itemListElement":[{"@type":"ListItem","position":1,"name":"Home","item":"https:\/\/easyliferobo.com\/de\/"},{"@type":"ListItem","position":2,"name":"Shop","item":"https:\/\/easyliferobo.com\/de\/shop\/"},{"@type":"ListItem","position":3,"name":"VATOS Roboterhund Kinderferngesteuertes Spielzeug \u2013 Interaktiver Touch-and-Follow-Roboterhund mit 17 Funktionen, programmierbare Tanzmusik RC f\u00fcr M\u00e4dchen von 3\u201312 Jahren"}]},{"@type":"WebSite","@id":"https:\/\/easyliferobo.com\/de\/#website","url":"https:\/\/easyliferobo.com\/de\/","name":"EasyLifeBro","description":"Smarte Roboter f\u00fcr Zuhause, Garten &amp; Bildung","publisher":{"@id":"https:\/\/easyliferobo.com\/de\/#organization"},"potentialAction":[{"@type":"SearchAction","target":{"@type":"EntryPoint","urlTemplate":"https:\/\/easyliferobo.com\/de\/?s={search_term_string}"},"query-input":{"@type":"PropertyValueSpecification","valueRequired":true,"valueName":"search_term_string"}}],"inLanguage":"de"},{"@type":"Organization","@id":"https:\/\/easyliferobo.com\/de\/#organization","name":"EasyLifeBro","url":"https:\/\/easyliferobo.com\/de\/","logo":{"@type":"ImageObject","inLanguage":"de","@id":"https:\/\/easyliferobo.com\/de\/#\/schema\/logo\/image\/","url":"https:\/\/easyliferobo.com\/de\/wp-content\/uploads\/2026\/02\/Screenshot-2026-02-22-at-2.25.03-PM.png","contentUrl":"https:\/\/easyliferobo.com\/de\/wp-content\/uploads\/2026\/02\/Screenshot-2026-02-22-at-2.25.03-PM.png","width":1858,"height":430,"caption":"EasyLifeBro"},"image":{"@id":"https:\/\/easyliferobo.com\/de\/#\/schema\/logo\/image\/"}}]}},"_links":{"self":[{"href":"https:\/\/easyliferobo.com\/de\/wp-json\/wp\/v2\/product\/1412","targetHints":{"allow":["GET"]}}],"collection":[{"href":"https:\/\/easyliferobo.com\/de\/wp-json\/wp\/v2\/product"}],"about":[{"href":"https:\/\/easyliferobo.com\/de\/wp-json\/wp\/v2\/types\/product"}],"replies":[{"embeddable":true,"href":"https:\/\/easyliferobo.com\/de\/wp-json\/wp\/v2\/comments?post=1412"}],"wp:featuredmedia":[{"embeddable":true,"href":"https:\/\/easyliferobo.com\/de\/wp-json\/wp\/v2\/media\/1413"}],"wp:attachment":[{"href":"https:\/\/easyliferobo.com\/de\/wp-json\/wp\/v2\/media?parent=1412"}],"wp:term":[{"taxonomy":"store","embeddable":true,"href":"https:\/\/easyliferobo.com\/de\/wp-json\/wp\/v2\/store?post=1412"},{"taxonomy":"product_brand","embeddable":true,"href":"https:\/\/easyliferobo.com\/de\/wp-json\/wp\/v2\/product_brand?post=1412"},{"taxonomy":"product_cat","embeddable":true,"href":"https:\/\/easyliferobo.com\/de\/wp-json\/wp\/v2\/product_cat?post=1412"},{"taxonomy":"product_tag","embeddable":true,"href":"https:\/\/easyliferobo.com\/de\/wp-json\/wp\/v2\/product_tag?post=1412"}],"curies":[{"name":"wp","href":"https:\/\/api.w.org\/{rel}","templated":true}]}}