
{"id":1393,"date":"2026-02-22T23:38:48","date_gmt":"2026-02-22T23:38:48","guid":{"rendered":"https:\/\/easyliferobo.com\/de\/product\/ikarao-karaoke-maschine-fuer-erwachsene-mit-songtext-anzeige-2-selbstladenden-kabellosen-mikrofonen-autotune-eq-140-w-lautsprecher-connect-tv-tragbares-system-fuer-zuhause-shell-s2-gold\/"},"modified":"2026-02-22T23:39:01","modified_gmt":"2026-02-22T23:39:01","slug":"ikarao-karaoke-maschine-fuer-erwachsene-mit-songtext-anzeige-2-selbstladenden-kabellosen-mikrofonen-autotune-eq-140-w-lautsprecher-connect-tv-tragbares-system-fuer-zuhause-shell-s2-gold","status":"publish","type":"product","link":"https:\/\/easyliferobo.com\/de\/product\/ikarao-karaoke-maschine-fuer-erwachsene-mit-songtext-anzeige-2-selbstladenden-kabellosen-mikrofonen-autotune-eq-140-w-lautsprecher-connect-tv-tragbares-system-fuer-zuhause-shell-s2-gold\/","title":{"rendered":"Ikarao Karaoke-Maschine f\u00fcr Erwach..."},"content":{"rendered":"<p>\n                                             Produktbeschreibung   <\/p>\n<p>                                                                                                       <img decoding=\"async\" alt=\"Aplus-Inhaltsbild\" src=\"https:\/\/images-na.ssl-images-amazon.com\/images\/G\/01\/x-locale\/common\/grey-pixel.gif\" class=\"a-lazy-loaded\" data-src=\"https:\/\/m.media-amazon.com\/images\/S\/aplus-media-library-service-media\/0cc264a9-d289-4d44-9f29-e27b06359082.__CR0,0,1464,600_PT0_SX1464_V1___.jpg\"><img decoding=\"async\" alt=\"Aplus-Inhaltsbild\" src=\"https:\/\/m.media-amazon.com\/images\/S\/aplus-media-library-service-media\/0cc264a9-d289-4d44-9f29-e27b06359082.__CR0,0,1464,600_PT0_SX1464_V1___.jpg\">                                               <\/p>\n<p>                                                                                                       <img decoding=\"async\" alt=\"Serie von Outdoor-Fotografien, die Einzelpersonen zeigen, die Aktivit\u00e4ten in einer Herbstlandschaft genie\u00dfen, mit goldbl\u00e4ttrigen B\u00e4umen im Hintergrund.\" src=\"https:\/\/images-na.ssl-images-amazon.com\/images\/G\/01\/x-locale\/common\/grey-pixel.gif\" class=\"a-lazy-loaded\" data-src=\"https:\/\/m.media-amazon.com\/images\/S\/aplus-media-library-service-media\/6145f5ba-2b20-4d96-95fa-1172d9bf372f.__CR0,0,1464,600_PT0_SX1464_V1___.jpg\"><img decoding=\"async\" alt=\"Serie von Outdoor-Fotografien, die Einzelpersonen zeigen, die Aktivit\u00e4ten in einer Herbstlandschaft genie\u00dfen, mit goldbl\u00e4ttrigen B\u00e4umen im Hintergrund.\" src=\"https:\/\/m.media-amazon.com\/images\/S\/aplus-media-library-service-media\/6145f5ba-2b20-4d96-95fa-1172d9bf372f.__CR0,0,1464,600_PT0_SX1464_V1___.jpg\">                                               <\/p>\n<p>                                                                                                                    <img decoding=\"async\" alt=\"Der Text lautet \u201eFahnenmast-Gewichtsanker-Set\u201c. Mehrere Bilder zeigen Menschen, die im Freien eine Regenbogenfahne halten und zeigen.\" src=\"https:\/\/m.media-amazon.com\/images\/S\/aplus-media-library-service-media\/74435176-540f-4836-a326-60e9cb8a8b11.__CR0,0,1464,600_PT0_SX1464_V1___.jpg\">                                                    <img decoding=\"async\" alt=\"Aplus-Inhaltsbild\" src=\"https:\/\/m.media-amazon.com\/images\/S\/aplus-media-library-service-media\/4ce012ff-055a-4ea2-931a-3b0aa0f9fa16.__CR0,0,1464,600_PT0_SX1464_V1___.jpg\">                                                    <img decoding=\"async\" alt=\"Der Text lautet \u201eBopp Grabbestellung\u201c. Mehrere Screenshots zeigen eine Softwareoberfl\u00e4che mit blauen und violetten Men\u00fcelementen in einem dunklen Design.\" src=\"https:\/\/m.media-amazon.com\/images\/S\/aplus-media-library-service-media\/c0ada7b3-17a3-490a-a3c2-6b9ee61f721a.__CR0,0,1464,600_PT0_SX1464_V1___.jpg\">                                                    <img decoding=\"async\" alt=\"Abstrakter Hintergrund mit flie\u00dfenden orangefarbenen und roten Wellen, die dynamische geschwungene Muster mit violetten Akzentelementen erzeugen.\" src=\"https:\/\/m.media-amazon.com\/images\/S\/aplus-media-library-service-media\/4cb97356-21f3-4ed9-bccf-5c1de12e6291.__CR0,0,1464,600_PT0_SX1464_V1___.jpg\">                                                    <img decoding=\"async\" alt=\"Aplus-Inhaltsbild\" src=\"https:\/\/m.media-amazon.com\/images\/S\/aplus-media-library-service-media\/acdd5316-bd49-4982-93cc-d8eb86e88645.__CR0,0,1464,600_PT0_SX1464_V1___.jpg\"><br \/>\n                            1 Display und Liedtextanzeige 2 YouTube 3 HDMI 4 HD-Bildschirm 5 Karafun App <\/p>\n<p>                                                                                                                  <img decoding=\"async\" alt=\"Aplus-Inhaltsbild\" src=\"https:\/\/m.media-amazon.com\/images\/S\/aplus-media-library-service-media\/9bc216fd-312f-43f3-8a56-a66e1fa645fd.__CR0,0,1464,600_PT0_SX1464_V1___.jpg\">                                                    <img decoding=\"async\" alt=\"Der Text lautet \u201eSpar die Energie mit dem Bass-Paket\u201c. Innenszene mit Holzb\u00f6den und M\u00f6beln mit Werbetext-Overlay.\" src=\"https:\/\/m.media-amazon.com\/images\/S\/aplus-media-library-service-media\/9624598e-f938-474c-b5e9-8ed63875237a.__CR0,0,1464,600_PT0_SX1464_V1___.jpg\">                                                    <img decoding=\"async\" alt=\"Der Text lautet \u201eikarus PRO Sound 3.5S\u201c. und \u201eSMART CROSSOVER TECHNOLOGY\u201c. Blauer Technologie-Hintergrund mit leuchtenden Partikeln und KI-Symbol.\" src=\"https:\/\/m.media-amazon.com\/images\/S\/aplus-media-library-service-media\/90702570-20e7-43bf-a473-6a6975df7442.__CR0,0,1464,600_PT0_SX1464_V1___.jpg\">                                                    <img decoding=\"async\" alt=\"Aplus-Inhaltsbild\" src=\"https:\/\/m.media-amazon.com\/images\/S\/aplus-media-library-service-media\/f49153fa-478d-465c-8c52-c6881359f318.__CR0,0,1464,600_PT0_SX1464_V1___.jpg\"><br \/>\n                            1 140 Power Sound 2 Bass Energy 3 Intelligente Technologie 4 Klarer Klang <\/p>\n<p>                                                                                                                <img decoding=\"async\" alt=\"Aplus-Inhaltsbild\" src=\"https:\/\/m.media-amazon.com\/images\/S\/aplus-media-library-service-media\/c063e1de-3b03-4b97-9dd2-d9e52cffb9a7.__CR0,0,1464,600_PT0_SX1464_V1___.jpg\">                                                    <img decoding=\"async\" alt=\"Aplus-Inhaltsbild\" src=\"https:\/\/m.media-amazon.com\/images\/S\/aplus-media-library-service-media\/b853f1fa-1246-4262-9c95-2aca20fe77d3.__CR0,0,1464,600_PT0_SX1464_V1___.jpg\">                                                    <img decoding=\"async\" alt=\"Aplus-Inhaltsbild\" src=\"https:\/\/m.media-amazon.com\/images\/S\/aplus-media-library-service-media\/5ed16402-f54c-43a7-ac76-17feb2a1685e.__CR0,0,1464,600_PT0_SX1464_V1___.jpg\"><br \/>\n                            1 Klare Stimme 2 Selbstaufladendes Mikrofon 3 8 Soundeffekte <\/p>\n<p>                                                                                                                <img decoding=\"async\" alt=\"Aplus-Inhaltsbild\" src=\"https:\/\/m.media-amazon.com\/images\/S\/aplus-media-library-service-media\/ac1f82ac-efdc-4a60-a30d-44b61d80cb10.__CR0,0,1464,600_PT0_SX1464_V1___.jpg\">                                                    <img decoding=\"async\" alt=\"Produktpr\u00e4sentation mit Rucks\u00e4cken und Accessoires vor wei\u00dfem Hintergrund mit Text \u201ePUR-Schumanresonanz Bestellung\u201c\" src=\"https:\/\/m.media-amazon.com\/images\/S\/aplus-media-library-service-media\/3d129aaf-e156-4256-9453-3ba9427917b2.__CR0,0,1464,600_PT0_SX1464_V1___.jpg\">                                                    <img decoding=\"async\" alt=\"Aplus-Inhaltsbild\" src=\"https:\/\/m.media-amazon.com\/images\/S\/aplus-media-library-service-media\/7c461418-3f69-4f4a-8329-5605f1647fb1.__CR0,0,1464,600_PT0_SX1464_V1___.jpg\"><br \/>\n                            1 Tragbares Karaoke 2 Professionelle Klangerweiterung 3 \u00c4sthetische Details <\/p>\n<p>Die erste Wahl f\u00fcr Karaoke-Maschinen: das ultimative All-in-One-Karaoke-System f\u00fcr Erwachsene, komplett mit Karaoke-Apps f\u00fcr die einfache Suche nach Ihren Lieblingsliedern. Die Shell S2 Karaoke-Maschine mit Bluetooth und kabellosen Mikrofonen f\u00fcr Erwachsene (inklusive Ladestationen f\u00fcr die Mikrofone), 140 W Spitzenleistung, tragbarem kabellosen Karaoke-Lautsprecher, Aluminiumgriff und wiederaufladbarem Akku (bis zu 8 Stunden Spielzeit). Mit hochwertigem Stoffbezug, leicht und tragbar, ideal f\u00fcr Karaoke-Spa\u00df drinnen und drau\u00dfen, jederzeit und \u00fcberall.<br \/>RIESIGES MUSIKKARCHIV: Dieses Karaoke-Ger\u00e4t mit Textanzeige beinhaltet ein kostenloses 6-monatiges KaraFun-Abonnement mit Zugriff auf \u00fcber 50.000 Karaoke-Songs. Verbinden Sie es mit WLAN, um f\u00fcr jeden Anlass die perfekte Musik zu finden. Der integrierte Bildschirm erleichtert das Lesen des Textes und das Einhalten des Rhythmus. Verbinden Sie die Karaoke-Anlage \u00fcber HDMI mit einem Fernseher f\u00fcr ein komplettes Karaoke-Erlebnis ohne zus\u00e4tzliche Ger\u00e4te. Perfekt f\u00fcr Home-Entertainment, Camping, Feiern, Geburtstage, Outdoor-Events und Stra\u00dfenauff\u00fchrungen<br \/>\u00dcberzeugender Konzerttreiber-Sound: Zwei 2,7-Zoll-Breitbandlautsprecher mit Ikarao PRO Sound 3.0 liefern eine beeindruckende Spitzenleistung von 140 W f\u00fcr kraftvolle Schallwellen. Dank DSP-Chips und intelligenter Crossover-Technologie bleibt der Klang bei jeder Lautst\u00e4rke und Frequenz ausgewogen, rauscharm und echofrei \u2013 jeder Klang ist so kraftvoll und klar wie bei einer Live-Performance. Tags\u00fcber Bluetooth-Lautsprecher, Abend-Karaoke-Nacht \u2013 Dr\u00fccken Sie die Bass-Boost-Taste und sp\u00fcren Sie die Tiefe des Klangs.<br \/>Ultimative Bluetooth-Mikrofontechnologie: Das tragbare Karaoke-System mit 2 kabellosen Mikrofonen, 8 Soundeffekten und EQ-Einstellungen. Jedes Mikrofon kann unabh\u00e4ngig und st\u00f6rungsfrei eingestellt werden. Die Supernierencharakteristik sorgt f\u00fcr einen klaren, nat\u00fcrlichen Klang und macht Sie zum Superstar auf der B\u00fchne. Oben angebrachte Steckpl\u00e4tze bieten Stauraum und laden die Mikrofone gleichzeitig auf \u2013 kein Verlust oder leerer Akku. Ob Sie Karaoke-Moderator, DJ, Eventmanager, Hochzeitsplaner oder in einer anderen Rolle sind, das Shell S2 Karaoke-System ist Ihr bester Audio-Assistent.<br \/>Einfache Bedienung, \u00c4sthetik und das perfekte Geschenk: Die Bluetooth-Karaokemaschine Ikarao Shell S2 vereint minimalistisches Eleganz-Design, eine nahtlose Kombination aus Kunst und Klang. Die intuitive Bedienung ist so einfach wie bei einem Smartphone. Verschenken Sie sie an Eltern, Kinder, Partner oder Freunde \u2013 Sie k\u00f6nnen sich die Freude vorstellen! An Feiertagen wie Halloween, Weihnachten, Thanksgiving, Neujahr oder besonderen Momenten im Leben: Singen Sie ein gut einstudiertes Karaoke-Lied und schaffen Sie freudige, unvergessliche Erinnerungen f\u00fcr alle.<br \/>HINWEIS: Wenn Sie mit der Karaoke-Maschine unzufrieden sind oder Schwierigkeiten bei der Bedienung haben, kontaktieren Sie uns bitte, bevor Sie eine R\u00fccksendung veranlassen. Der Ikarao-Service steht Ihnen rund um die Uhr zur Verf\u00fcgung und wir versprechen, eine zufriedenstellende L\u00f6sung f\u00fcr Sie zu finden.<\/p>\n<p>[ad_2]<\/p>\n","protected":false},"excerpt":{"rendered":"<p>Produktbeschreibung 1 Display und Liedtextanzeige 2 YouTube 3 HDMI 4 HD-Bildschirm 5 Karafun App 1 140 Power Sound 2 Bass Energy 3 Intelligente Technologie 4 Klarer Klang 1 Klare Stimme 2 Selbstaufladendes Mikrofon 3 8 Soundeffekte 1 Tragbares Karaoke 2 Professionelle Klangerweiterung 3 \u00c4sthetische Details Die erste Wahl f\u00fcr Karaoke-Maschinen: das ultimative All-in-One-Karaoke-System f\u00fcr Erwachsene, [&hellip;]<\/p>\n","protected":false},"featured_media":1394,"comment_status":"open","ping_status":"closed","template":"","meta":{"_aipt_faq_data":""},"store":[],"product_brand":[282],"product_cat":[90],"product_tag":[281],"class_list":{"0":"post-1393","1":"product","2":"type-product","3":"status-publish","4":"has-post-thumbnail","6":"product_brand-ikarao","7":"product_cat-tanz-musikroboter","8":"product_tag-kabellose-tanz-musikroboter","10":"first","11":"instock","12":"sale","13":"shipping-taxable","14":"product-type-external"},"yoast_head":"<!-- This site is optimized with the Yoast SEO plugin v27.0 - https:\/\/yoast.com\/product\/yoast-seo-wordpress\/ -->\n<title>Ikarao Karaoke-Maschine f\u00fcr Erwachsene, mit Songtext-Anzeige, 2 selbstladenden kabellosen Mikrofonen, Autotune &amp; EQ, 140-W-Lautsprecher, Connect-TV, tragbares System f\u00fcr Zuhause (Shell S2 Gold) - EasyLifeBro<\/title>\n<meta name=\"description\" content=\"Entdecken Sie smarte Roboter f\u00fcr Zuhause, Garten, Bildung und Sicherheit. Vergleichen Sie Saugroboter, Rasenm\u00e4hroboter, KI-Begleitroboter und mehr bei EasyLifeRobo.\" \/>\n<meta name=\"robots\" content=\"index, follow, max-snippet:-1, max-image-preview:large, max-video-preview:-1\" \/>\n<link rel=\"canonical\" href=\"https:\/\/easyliferobo.com\/de\/product\/ikarao-karaoke-maschine-fuer-erwachsene-mit-songtext-anzeige-2-selbstladenden-kabellosen-mikrofonen-autotune-eq-140-w-lautsprecher-connect-tv-tragbares-system-fuer-zuhause-shell-s2-gold\/\" \/>\n<meta property=\"og:locale\" content=\"de_DE\" \/>\n<meta property=\"og:type\" content=\"article\" \/>\n<meta property=\"og:title\" content=\"Ikarao Karaoke-Maschine f\u00fcr Erwachsene, mit Songtext-Anzeige, 2 selbstladenden kabellosen Mikrofonen, Autotune &amp; EQ, 140-W-Lautsprecher, Connect-TV, tragbares System f\u00fcr Zuhause (Shell S2 Gold) - EasyLifeBro\" \/>\n<meta property=\"og:description\" content=\"Entdecken Sie smarte Roboter f\u00fcr Zuhause, Garten, Bildung und Sicherheit. Vergleichen Sie Saugroboter, Rasenm\u00e4hroboter, KI-Begleitroboter und mehr bei EasyLifeRobo.\" \/>\n<meta property=\"og:url\" content=\"https:\/\/easyliferobo.com\/de\/product\/ikarao-karaoke-maschine-fuer-erwachsene-mit-songtext-anzeige-2-selbstladenden-kabellosen-mikrofonen-autotune-eq-140-w-lautsprecher-connect-tv-tragbares-system-fuer-zuhause-shell-s2-gold\/\" \/>\n<meta property=\"og:site_name\" content=\"EasyLifeBro\" \/>\n<meta property=\"article:modified_time\" content=\"2026-02-22T23:39:01+00:00\" \/>\n<meta property=\"og:image\" content=\"https:\/\/easyliferobo.com\/de\/wp-content\/uploads\/2026\/02\/91aIlyeQ8qL._AC_SL1500_.jpg\" \/>\n\t<meta property=\"og:image:width\" content=\"1368\" \/>\n\t<meta property=\"og:image:height\" content=\"1500\" \/>\n\t<meta property=\"og:image:type\" content=\"image\/jpeg\" \/>\n<meta name=\"twitter:card\" content=\"summary_large_image\" \/>\n<meta name=\"twitter:label1\" content=\"Gesch\u00e4tzte Lesezeit\" \/>\n\t<meta name=\"twitter:data1\" content=\"2\u00a0Minuten\" \/>\n<script type=\"application\/ld+json\" class=\"yoast-schema-graph\">{\"@context\":\"https:\/\/schema.org\",\"@graph\":[{\"@type\":\"WebPage\",\"@id\":\"https:\/\/easyliferobo.com\/de\/product\/ikarao-karaoke-maschine-fuer-erwachsene-mit-songtext-anzeige-2-selbstladenden-kabellosen-mikrofonen-autotune-eq-140-w-lautsprecher-connect-tv-tragbares-system-fuer-zuhause-shell-s2-gold\/\",\"url\":\"https:\/\/easyliferobo.com\/de\/product\/ikarao-karaoke-maschine-fuer-erwachsene-mit-songtext-anzeige-2-selbstladenden-kabellosen-mikrofonen-autotune-eq-140-w-lautsprecher-connect-tv-tragbares-system-fuer-zuhause-shell-s2-gold\/\",\"name\":\"Ikarao Karaoke-Maschine f\u00fcr Erwachsene, mit Songtext-Anzeige, 2 selbstladenden kabellosen Mikrofonen, Autotune & EQ, 140-W-Lautsprecher, Connect-TV, tragbares System f\u00fcr Zuhause (Shell S2 Gold) - EasyLifeBro\",\"isPartOf\":{\"@id\":\"https:\/\/easyliferobo.com\/de\/#website\"},\"primaryImageOfPage\":{\"@id\":\"https:\/\/easyliferobo.com\/de\/product\/ikarao-karaoke-maschine-fuer-erwachsene-mit-songtext-anzeige-2-selbstladenden-kabellosen-mikrofonen-autotune-eq-140-w-lautsprecher-connect-tv-tragbares-system-fuer-zuhause-shell-s2-gold\/#primaryimage\"},\"image\":{\"@id\":\"https:\/\/easyliferobo.com\/de\/product\/ikarao-karaoke-maschine-fuer-erwachsene-mit-songtext-anzeige-2-selbstladenden-kabellosen-mikrofonen-autotune-eq-140-w-lautsprecher-connect-tv-tragbares-system-fuer-zuhause-shell-s2-gold\/#primaryimage\"},\"thumbnailUrl\":\"https:\/\/easyliferobo.com\/de\/wp-content\/uploads\/2026\/02\/91aIlyeQ8qL._AC_SL1500_.jpg\",\"datePublished\":\"2026-02-22T23:38:48+00:00\",\"dateModified\":\"2026-02-22T23:39:01+00:00\",\"description\":\"Entdecken Sie smarte Roboter f\u00fcr Zuhause, Garten, Bildung und Sicherheit. Vergleichen Sie Saugroboter, Rasenm\u00e4hroboter, KI-Begleitroboter und mehr bei EasyLifeRobo.\",\"breadcrumb\":{\"@id\":\"https:\/\/easyliferobo.com\/de\/product\/ikarao-karaoke-maschine-fuer-erwachsene-mit-songtext-anzeige-2-selbstladenden-kabellosen-mikrofonen-autotune-eq-140-w-lautsprecher-connect-tv-tragbares-system-fuer-zuhause-shell-s2-gold\/#breadcrumb\"},\"inLanguage\":\"de\",\"potentialAction\":[{\"@type\":\"ReadAction\",\"target\":[\"https:\/\/easyliferobo.com\/de\/product\/ikarao-karaoke-maschine-fuer-erwachsene-mit-songtext-anzeige-2-selbstladenden-kabellosen-mikrofonen-autotune-eq-140-w-lautsprecher-connect-tv-tragbares-system-fuer-zuhause-shell-s2-gold\/\"]}]},{\"@type\":\"ImageObject\",\"inLanguage\":\"de\",\"@id\":\"https:\/\/easyliferobo.com\/de\/product\/ikarao-karaoke-maschine-fuer-erwachsene-mit-songtext-anzeige-2-selbstladenden-kabellosen-mikrofonen-autotune-eq-140-w-lautsprecher-connect-tv-tragbares-system-fuer-zuhause-shell-s2-gold\/#primaryimage\",\"url\":\"https:\/\/easyliferobo.com\/de\/wp-content\/uploads\/2026\/02\/91aIlyeQ8qL._AC_SL1500_.jpg\",\"contentUrl\":\"https:\/\/easyliferobo.com\/de\/wp-content\/uploads\/2026\/02\/91aIlyeQ8qL._AC_SL1500_.jpg\",\"width\":1368,\"height\":1500},{\"@type\":\"BreadcrumbList\",\"@id\":\"https:\/\/easyliferobo.com\/de\/product\/ikarao-karaoke-maschine-fuer-erwachsene-mit-songtext-anzeige-2-selbstladenden-kabellosen-mikrofonen-autotune-eq-140-w-lautsprecher-connect-tv-tragbares-system-fuer-zuhause-shell-s2-gold\/#breadcrumb\",\"itemListElement\":[{\"@type\":\"ListItem\",\"position\":1,\"name\":\"Home\",\"item\":\"https:\/\/easyliferobo.com\/de\/\"},{\"@type\":\"ListItem\",\"position\":2,\"name\":\"Shop\",\"item\":\"https:\/\/easyliferobo.com\/de\/shop\/\"},{\"@type\":\"ListItem\",\"position\":3,\"name\":\"Ikarao Karaoke-Maschine f\u00fcr Erwach...\"}]},{\"@type\":\"WebSite\",\"@id\":\"https:\/\/easyliferobo.com\/de\/#website\",\"url\":\"https:\/\/easyliferobo.com\/de\/\",\"name\":\"EasyLifeBro\",\"description\":\"Smarte Roboter f\u00fcr Zuhause, Garten &amp; Bildung\",\"publisher\":{\"@id\":\"https:\/\/easyliferobo.com\/de\/#organization\"},\"potentialAction\":[{\"@type\":\"SearchAction\",\"target\":{\"@type\":\"EntryPoint\",\"urlTemplate\":\"https:\/\/easyliferobo.com\/de\/?s={search_term_string}\"},\"query-input\":{\"@type\":\"PropertyValueSpecification\",\"valueRequired\":true,\"valueName\":\"search_term_string\"}}],\"inLanguage\":\"de\"},{\"@type\":\"Organization\",\"@id\":\"https:\/\/easyliferobo.com\/de\/#organization\",\"name\":\"EasyLifeBro\",\"url\":\"https:\/\/easyliferobo.com\/de\/\",\"logo\":{\"@type\":\"ImageObject\",\"inLanguage\":\"de\",\"@id\":\"https:\/\/easyliferobo.com\/de\/#\/schema\/logo\/image\/\",\"url\":\"https:\/\/easyliferobo.com\/de\/wp-content\/uploads\/2026\/02\/Screenshot-2026-02-22-at-2.25.03-PM.png\",\"contentUrl\":\"https:\/\/easyliferobo.com\/de\/wp-content\/uploads\/2026\/02\/Screenshot-2026-02-22-at-2.25.03-PM.png\",\"width\":1858,\"height\":430,\"caption\":\"EasyLifeBro\"},\"image\":{\"@id\":\"https:\/\/easyliferobo.com\/de\/#\/schema\/logo\/image\/\"}}]}<\/script>\n<!-- \/ Yoast SEO plugin. -->","yoast_head_json":{"title":"Ikarao Karaoke-Maschine f\u00fcr Erwachsene, mit Songtext-Anzeige, 2 selbstladenden kabellosen Mikrofonen, Autotune & EQ, 140-W-Lautsprecher, Connect-TV, tragbares System f\u00fcr Zuhause (Shell S2 Gold) - EasyLifeBro","description":"Entdecken Sie smarte Roboter f\u00fcr Zuhause, Garten, Bildung und Sicherheit. Vergleichen Sie Saugroboter, Rasenm\u00e4hroboter, KI-Begleitroboter und mehr bei EasyLifeRobo.","robots":{"index":"index","follow":"follow","max-snippet":"max-snippet:-1","max-image-preview":"max-image-preview:large","max-video-preview":"max-video-preview:-1"},"canonical":"https:\/\/easyliferobo.com\/de\/product\/ikarao-karaoke-maschine-fuer-erwachsene-mit-songtext-anzeige-2-selbstladenden-kabellosen-mikrofonen-autotune-eq-140-w-lautsprecher-connect-tv-tragbares-system-fuer-zuhause-shell-s2-gold\/","og_locale":"de_DE","og_type":"article","og_title":"Ikarao Karaoke-Maschine f\u00fcr Erwachsene, mit Songtext-Anzeige, 2 selbstladenden kabellosen Mikrofonen, Autotune & EQ, 140-W-Lautsprecher, Connect-TV, tragbares System f\u00fcr Zuhause (Shell S2 Gold) - EasyLifeBro","og_description":"Entdecken Sie smarte Roboter f\u00fcr Zuhause, Garten, Bildung und Sicherheit. Vergleichen Sie Saugroboter, Rasenm\u00e4hroboter, KI-Begleitroboter und mehr bei EasyLifeRobo.","og_url":"https:\/\/easyliferobo.com\/de\/product\/ikarao-karaoke-maschine-fuer-erwachsene-mit-songtext-anzeige-2-selbstladenden-kabellosen-mikrofonen-autotune-eq-140-w-lautsprecher-connect-tv-tragbares-system-fuer-zuhause-shell-s2-gold\/","og_site_name":"EasyLifeBro","article_modified_time":"2026-02-22T23:39:01+00:00","og_image":[{"width":1368,"height":1500,"url":"https:\/\/easyliferobo.com\/de\/wp-content\/uploads\/2026\/02\/91aIlyeQ8qL._AC_SL1500_.jpg","type":"image\/jpeg"}],"twitter_card":"summary_large_image","twitter_misc":{"Gesch\u00e4tzte Lesezeit":"2\u00a0Minuten"},"schema":{"@context":"https:\/\/schema.org","@graph":[{"@type":"WebPage","@id":"https:\/\/easyliferobo.com\/de\/product\/ikarao-karaoke-maschine-fuer-erwachsene-mit-songtext-anzeige-2-selbstladenden-kabellosen-mikrofonen-autotune-eq-140-w-lautsprecher-connect-tv-tragbares-system-fuer-zuhause-shell-s2-gold\/","url":"https:\/\/easyliferobo.com\/de\/product\/ikarao-karaoke-maschine-fuer-erwachsene-mit-songtext-anzeige-2-selbstladenden-kabellosen-mikrofonen-autotune-eq-140-w-lautsprecher-connect-tv-tragbares-system-fuer-zuhause-shell-s2-gold\/","name":"Ikarao Karaoke-Maschine f\u00fcr Erwachsene, mit Songtext-Anzeige, 2 selbstladenden kabellosen Mikrofonen, Autotune & EQ, 140-W-Lautsprecher, Connect-TV, tragbares System f\u00fcr Zuhause (Shell S2 Gold) - EasyLifeBro","isPartOf":{"@id":"https:\/\/easyliferobo.com\/de\/#website"},"primaryImageOfPage":{"@id":"https:\/\/easyliferobo.com\/de\/product\/ikarao-karaoke-maschine-fuer-erwachsene-mit-songtext-anzeige-2-selbstladenden-kabellosen-mikrofonen-autotune-eq-140-w-lautsprecher-connect-tv-tragbares-system-fuer-zuhause-shell-s2-gold\/#primaryimage"},"image":{"@id":"https:\/\/easyliferobo.com\/de\/product\/ikarao-karaoke-maschine-fuer-erwachsene-mit-songtext-anzeige-2-selbstladenden-kabellosen-mikrofonen-autotune-eq-140-w-lautsprecher-connect-tv-tragbares-system-fuer-zuhause-shell-s2-gold\/#primaryimage"},"thumbnailUrl":"https:\/\/easyliferobo.com\/de\/wp-content\/uploads\/2026\/02\/91aIlyeQ8qL._AC_SL1500_.jpg","datePublished":"2026-02-22T23:38:48+00:00","dateModified":"2026-02-22T23:39:01+00:00","description":"Entdecken Sie smarte Roboter f\u00fcr Zuhause, Garten, Bildung und Sicherheit. Vergleichen Sie Saugroboter, Rasenm\u00e4hroboter, KI-Begleitroboter und mehr bei EasyLifeRobo.","breadcrumb":{"@id":"https:\/\/easyliferobo.com\/de\/product\/ikarao-karaoke-maschine-fuer-erwachsene-mit-songtext-anzeige-2-selbstladenden-kabellosen-mikrofonen-autotune-eq-140-w-lautsprecher-connect-tv-tragbares-system-fuer-zuhause-shell-s2-gold\/#breadcrumb"},"inLanguage":"de","potentialAction":[{"@type":"ReadAction","target":["https:\/\/easyliferobo.com\/de\/product\/ikarao-karaoke-maschine-fuer-erwachsene-mit-songtext-anzeige-2-selbstladenden-kabellosen-mikrofonen-autotune-eq-140-w-lautsprecher-connect-tv-tragbares-system-fuer-zuhause-shell-s2-gold\/"]}]},{"@type":"ImageObject","inLanguage":"de","@id":"https:\/\/easyliferobo.com\/de\/product\/ikarao-karaoke-maschine-fuer-erwachsene-mit-songtext-anzeige-2-selbstladenden-kabellosen-mikrofonen-autotune-eq-140-w-lautsprecher-connect-tv-tragbares-system-fuer-zuhause-shell-s2-gold\/#primaryimage","url":"https:\/\/easyliferobo.com\/de\/wp-content\/uploads\/2026\/02\/91aIlyeQ8qL._AC_SL1500_.jpg","contentUrl":"https:\/\/easyliferobo.com\/de\/wp-content\/uploads\/2026\/02\/91aIlyeQ8qL._AC_SL1500_.jpg","width":1368,"height":1500},{"@type":"BreadcrumbList","@id":"https:\/\/easyliferobo.com\/de\/product\/ikarao-karaoke-maschine-fuer-erwachsene-mit-songtext-anzeige-2-selbstladenden-kabellosen-mikrofonen-autotune-eq-140-w-lautsprecher-connect-tv-tragbares-system-fuer-zuhause-shell-s2-gold\/#breadcrumb","itemListElement":[{"@type":"ListItem","position":1,"name":"Home","item":"https:\/\/easyliferobo.com\/de\/"},{"@type":"ListItem","position":2,"name":"Shop","item":"https:\/\/easyliferobo.com\/de\/shop\/"},{"@type":"ListItem","position":3,"name":"Ikarao Karaoke-Maschine f\u00fcr Erwach..."}]},{"@type":"WebSite","@id":"https:\/\/easyliferobo.com\/de\/#website","url":"https:\/\/easyliferobo.com\/de\/","name":"EasyLifeBro","description":"Smarte Roboter f\u00fcr Zuhause, Garten &amp; Bildung","publisher":{"@id":"https:\/\/easyliferobo.com\/de\/#organization"},"potentialAction":[{"@type":"SearchAction","target":{"@type":"EntryPoint","urlTemplate":"https:\/\/easyliferobo.com\/de\/?s={search_term_string}"},"query-input":{"@type":"PropertyValueSpecification","valueRequired":true,"valueName":"search_term_string"}}],"inLanguage":"de"},{"@type":"Organization","@id":"https:\/\/easyliferobo.com\/de\/#organization","name":"EasyLifeBro","url":"https:\/\/easyliferobo.com\/de\/","logo":{"@type":"ImageObject","inLanguage":"de","@id":"https:\/\/easyliferobo.com\/de\/#\/schema\/logo\/image\/","url":"https:\/\/easyliferobo.com\/de\/wp-content\/uploads\/2026\/02\/Screenshot-2026-02-22-at-2.25.03-PM.png","contentUrl":"https:\/\/easyliferobo.com\/de\/wp-content\/uploads\/2026\/02\/Screenshot-2026-02-22-at-2.25.03-PM.png","width":1858,"height":430,"caption":"EasyLifeBro"},"image":{"@id":"https:\/\/easyliferobo.com\/de\/#\/schema\/logo\/image\/"}}]}},"_links":{"self":[{"href":"https:\/\/easyliferobo.com\/de\/wp-json\/wp\/v2\/product\/1393","targetHints":{"allow":["GET"]}}],"collection":[{"href":"https:\/\/easyliferobo.com\/de\/wp-json\/wp\/v2\/product"}],"about":[{"href":"https:\/\/easyliferobo.com\/de\/wp-json\/wp\/v2\/types\/product"}],"replies":[{"embeddable":true,"href":"https:\/\/easyliferobo.com\/de\/wp-json\/wp\/v2\/comments?post=1393"}],"wp:featuredmedia":[{"embeddable":true,"href":"https:\/\/easyliferobo.com\/de\/wp-json\/wp\/v2\/media\/1394"}],"wp:attachment":[{"href":"https:\/\/easyliferobo.com\/de\/wp-json\/wp\/v2\/media?parent=1393"}],"wp:term":[{"taxonomy":"store","embeddable":true,"href":"https:\/\/easyliferobo.com\/de\/wp-json\/wp\/v2\/store?post=1393"},{"taxonomy":"product_brand","embeddable":true,"href":"https:\/\/easyliferobo.com\/de\/wp-json\/wp\/v2\/product_brand?post=1393"},{"taxonomy":"product_cat","embeddable":true,"href":"https:\/\/easyliferobo.com\/de\/wp-json\/wp\/v2\/product_cat?post=1393"},{"taxonomy":"product_tag","embeddable":true,"href":"https:\/\/easyliferobo.com\/de\/wp-json\/wp\/v2\/product_tag?post=1393"}],"curies":[{"name":"wp","href":"https:\/\/api.w.org\/{rel}","templated":true}]}}