
{"id":1385,"date":"2026-02-22T23:37:43","date_gmt":"2026-02-22T23:37:43","guid":{"rendered":"https:\/\/easyliferobo.com\/de\/product\/roboter-kinder-fuer-jungen-roboterset-programmierbar-mit-app-fernbedienung-geburtstagsgeschenk-fuer-8-12-jahre-369-stueck\/"},"modified":"2026-02-22T23:38:00","modified_gmt":"2026-02-22T23:38:00","slug":"roboter-kinder-fuer-jungen-roboterset-programmierbar-mit-app-fernbedienung-geburtstagsgeschenk-fuer-8-12-jahre-369-stueck","status":"publish","type":"product","link":"https:\/\/easyliferobo.com\/de\/product\/roboter-kinder-fuer-jungen-roboterset-programmierbar-mit-app-fernbedienung-geburtstagsgeschenk-fuer-8-12-jahre-369-stueck\/","title":{"rendered":"Roboter Kinder f\u00fcr Jungen, Roboter..."},"content":{"rendered":"<p>\n                                             Von der Marke   <\/p>\n<p>                                              <img decoding=\"async\" alt=\"Aplus-Inhaltsbild\" src=\"https:\/\/images-na.ssl-images-amazon.com\/images\/G\/01\/x-locale\/common\/grey-pixel.gif\" class=\"a-lazy-loaded\" data-src=\"https:\/\/m.media-amazon.com\/images\/S\/aplus-media-library-service-media\/d843e32c-b7be-4014-8b22-789c93e6e874.__CR0,0,1464,625_PT0_SX1464_V1___.jpg\"><img decoding=\"async\" alt=\"Aplus-Inhaltsbild\" src=\"https:\/\/m.media-amazon.com\/images\/S\/aplus-media-library-service-media\/d843e32c-b7be-4014-8b22-789c93e6e874.__CR0,0,1464,625_PT0_SX1464_V1___.jpg\">  <\/p>\n<p>                                              <img decoding=\"async\" alt=\"\" src=\"https:\/\/images-na.ssl-images-amazon.com\/images\/G\/01\/x-locale\/common\/grey-pixel.gif\" class=\"a-lazy-loaded\" data-src=\"https:\/\/m.media-amazon.com\/images\/S\/aplus-media-library-service-media\/2b3efd00-81f7-441a-8f38-4a27655bee94.__CR0,0,315,145_PT0_SX315_V1___.jpg\"><img decoding=\"async\" alt=\"\" src=\"https:\/\/m.media-amazon.com\/images\/S\/aplus-media-library-service-media\/2b3efd00-81f7-441a-8f38-4a27655bee94.__CR0,0,315,145_PT0_SX315_V1___.jpg\">  <\/p>\n<p>  IKUPER ist ein Team von Bauspielherstellern, das mit dem Ziel gegr\u00fcndet wurde, Ihnen grenzenlose Kreativit\u00e4t, Entdeckung und unterhaltsame Erfahrungen zu bieten. <\/p>\n<p>  Unser Ziel ist es, Produkte zu schaffen, die Kindern Gl\u00fcck und bedeutungsvolle Kindheitserfahrungen bringen und gleichzeitig bei Erwachsenen Echo finden. <\/p>\n<p>  IKUPER ist immer auf dem Weg. <\/p>\n<h3>  IKUPER Bausatz <\/h3>\n<p>                                              <img decoding=\"async\" alt=\"Reihe von Charakterillustrationen im Animations- oder Cartoon-Stil mit leuchtenden Effekten vor dunklem Hintergrund.\" src=\"https:\/\/images-na.ssl-images-amazon.com\/images\/G\/01\/x-locale\/common\/grey-pixel.gif\" class=\"a-lazy-loaded\" data-src=\"https:\/\/m.media-amazon.com\/images\/S\/aplus-media-library-service-media\/c951a1c2-2a9e-48c1-a1d9-7d3e2b952894.__CR636,32,436,545_PT0_SX362_V1___.jpg\"><img decoding=\"async\" alt=\"Reihe von Charakterillustrationen im Animations- oder Cartoon-Stil mit leuchtenden Effekten vor dunklem Hintergrund.\" src=\"https:\/\/m.media-amazon.com\/images\/S\/aplus-media-library-service-media\/c951a1c2-2a9e-48c1-a1d9-7d3e2b952894.__CR636,32,436,545_PT0_SX362_V1___.jpg\">  <\/p>\n<p>                                              <img decoding=\"async\" alt=\"Ferngesteuertes Roboterspielzeug mit Panzerstufen, blauen und wei\u00dfen K\u00f6rpern, Gelenkarmen und Leuchtfunktionen. Vorindustrieller Hintergrund mit Blitzeffekten\" src=\"https:\/\/images-na.ssl-images-amazon.com\/images\/G\/01\/x-locale\/common\/grey-pixel.gif\" class=\"a-lazy-loaded\" data-src=\"https:\/\/m.media-amazon.com\/images\/S\/aplus-media-library-service-media\/5c1e9b73-2afc-47cf-abbe-9d28c7d02b33.__CR161,0,1279,1600_PT0_SX362_V1___.jpg\"><img decoding=\"async\" alt=\"Ferngesteuertes Roboterspielzeug mit Panzerstufen, blauen und wei\u00dfen K\u00f6rpern, Gelenkarmen und Leuchtfunktionen. Vorindustrieller Hintergrund mit Blitzeffekten\" src=\"https:\/\/m.media-amazon.com\/images\/S\/aplus-media-library-service-media\/5c1e9b73-2afc-47cf-abbe-9d28c7d02b33.__CR161,0,1279,1600_PT0_SX362_V1___.jpg\">  <\/p>\n<p>                                              <img decoding=\"async\" alt=\"Aplus-Inhaltsbild\" src=\"https:\/\/images-na.ssl-images-amazon.com\/images\/G\/01\/x-locale\/common\/grey-pixel.gif\" class=\"a-lazy-loaded\" data-src=\"https:\/\/m.media-amazon.com\/images\/S\/aplus-media-library-service-media\/27a4cea6-0cbc-4359-af8a-966ad6a159b2.__CR924,0,436,545_PT0_SX362_V1___.jpg\"><img decoding=\"async\" alt=\"Aplus-Inhaltsbild\" src=\"https:\/\/m.media-amazon.com\/images\/S\/aplus-media-library-service-media\/27a4cea6-0cbc-4359-af8a-966ad6a159b2.__CR924,0,436,545_PT0_SX362_V1___.jpg\">  <\/p>\n<p>                                              <img decoding=\"async\" alt=\"Aplus-Inhaltsbild\" src=\"https:\/\/images-na.ssl-images-amazon.com\/images\/G\/01\/x-locale\/common\/grey-pixel.gif\" class=\"a-lazy-loaded\" data-src=\"https:\/\/m.media-amazon.com\/images\/S\/aplus-media-library-service-media\/8bace4da-8cac-4198-9d33-078994ad1d8e.__CR582,10,436,545_PT0_SX362_V1___.jpg\"><img decoding=\"async\" alt=\"Aplus-Inhaltsbild\" src=\"https:\/\/m.media-amazon.com\/images\/S\/aplus-media-library-service-media\/8bace4da-8cac-4198-9d33-078994ad1d8e.__CR582,10,436,545_PT0_SX362_V1___.jpg\">  <\/p>\n<p>Roboter ab 8 Jahren: Der IKUPER-Roboterbausatz verf\u00fcgt \u00fcber leuchtende Augen, flexible rotierende Augenbrauen und Handgelenke, die sich drinnen und drau\u00dfen reibungslos in alle Richtungen bewegen k\u00f6nnen \u2013 links, rechts, vorne, hinten und um 360 Grad rotierende Stunts, egal ob auf flachem oder unebenem Boden.<br \/>Fernbedienung und App-Steuerung: Sie k\u00f6nnen das Roboterspielzeug mit der 2,4-GHz-Fernbedienung oder durch Bluetooth-Verbindung der App (IOS\/Android) steuern, um eine Vielzahl von Spielstilen zu erreichen \u2013 Pfadmodus\/Schwerkraftmodus\/Programmmodus\/Sprachmodus\/Fernbedienungsmodus. Die Fernbedienung ben\u00f6tigt 2 AAA-Batterien (nicht im Lieferumfang enthalten).<br \/>40 Minuten ununterbrochener Spa\u00df mit einer Ladung: Durch die Integration von Hochleistungsmotoren und wiederaufladbaren Lithium-Ionen-Akkus war das Laden noch nie so einfach. Sie k\u00f6nnen es \u00fcberall und jederzeit aufladen, indem Sie das USB-Kabel verwenden, das weitgehend mit Steckdosen, Powerbanks oder Computersteckdosen kompatibel ist. Dadurch wird sichergestellt, dass Kinder gen\u00fcgend Zeit haben, sich in die Programmierung des Elternroboters zu vertiefen.<br \/>Klare Anleitung, einfacher Zusammenbau: Unser Bauroboter-Spielzeug besteht aus 369 Teilen mit coolen Aufklebern und einer ausf\u00fchrlichen, bebilderten Anleitung. Alle Teile bestehen aus ungiftigem, hochwertigem ABS-Kunststoff, sind kompatibel und einfach zu verbinden und fallen nicht leicht ab. Kinder k\u00f6nnen den Rumpfroboter einfach und selbstst\u00e4ndig zusammenbauen.<br \/>Ideales Geschenk f\u00fcr Kinder: Technische Roboterspielzeuge von IKUPER bieten Jungen und M\u00e4dchen im Alter von 8 bis 12 Jahren ein herausforderndes Bauerlebnis und ermutigen Kinder, sich fr\u00fcher mit Programmierkonzepten auseinanderzusetzen und diese zu erkunden. Es ist ein lehrreiches Mindstorms-Spielzeug f\u00fcr Jungen und M\u00e4dchen im Alter von 8, 9, 10, 11 und 12 Jahren. Geeignet f\u00fcr Geburtstage, Schulanfang, Weihnachten und andere festliche Anl\u00e4sse.<\/p>\n<p>[ad_2]<\/p>\n","protected":false},"excerpt":{"rendered":"<p>Von der Marke IKUPER ist ein Team von Bauspielherstellern, das mit dem Ziel gegr\u00fcndet wurde, Ihnen grenzenlose Kreativit\u00e4t, Entdeckung und unterhaltsame Erfahrungen zu bieten. Unser Ziel ist es, Produkte zu schaffen, die Kindern Gl\u00fcck und bedeutungsvolle Kindheitserfahrungen bringen und gleichzeitig bei Erwachsenen Echo finden. IKUPER ist immer auf dem Weg. IKUPER Bausatz Roboter ab 8 [&hellip;]<\/p>\n","protected":false},"featured_media":1386,"comment_status":"open","ping_status":"closed","template":"","meta":{"_aipt_faq_data":""},"store":[],"product_brand":[],"product_cat":[91],"product_tag":[280],"class_list":{"0":"post-1385","1":"product","2":"type-product","3":"status-publish","4":"has-post-thumbnail","6":"product_cat-programmierbares-spielzeug","7":"product_tag-programmierbares-spielzeug-mit-android-app","9":"first","10":"instock","11":"sale","12":"shipping-taxable","13":"product-type-external"},"yoast_head":"<!-- This site is optimized with the Yoast SEO plugin v27.0 - https:\/\/yoast.com\/product\/yoast-seo-wordpress\/ -->\n<title>Roboter Kinder f\u00fcr Jungen, Roboterset programmierbar mit App &amp; Fernbedienung, Geburtstagsgeschenk f\u00fcr 8-12 Jahre (369 St\u00fcck) - EasyLifeBro<\/title>\n<meta name=\"description\" content=\"Entdecken Sie smarte Roboter f\u00fcr Zuhause, Garten, Bildung und Sicherheit. Vergleichen Sie Saugroboter, Rasenm\u00e4hroboter, KI-Begleitroboter und mehr bei EasyLifeRobo.\" \/>\n<meta name=\"robots\" content=\"index, follow, max-snippet:-1, max-image-preview:large, max-video-preview:-1\" \/>\n<link rel=\"canonical\" href=\"https:\/\/easyliferobo.com\/de\/product\/roboter-kinder-fuer-jungen-roboterset-programmierbar-mit-app-fernbedienung-geburtstagsgeschenk-fuer-8-12-jahre-369-stueck\/\" \/>\n<meta property=\"og:locale\" content=\"de_DE\" \/>\n<meta property=\"og:type\" content=\"article\" \/>\n<meta property=\"og:title\" content=\"Roboter Kinder f\u00fcr Jungen, Roboterset programmierbar mit App &amp; Fernbedienung, Geburtstagsgeschenk f\u00fcr 8-12 Jahre (369 St\u00fcck) - EasyLifeBro\" \/>\n<meta property=\"og:description\" content=\"Entdecken Sie smarte Roboter f\u00fcr Zuhause, Garten, Bildung und Sicherheit. Vergleichen Sie Saugroboter, Rasenm\u00e4hroboter, KI-Begleitroboter und mehr bei EasyLifeRobo.\" \/>\n<meta property=\"og:url\" content=\"https:\/\/easyliferobo.com\/de\/product\/roboter-kinder-fuer-jungen-roboterset-programmierbar-mit-app-fernbedienung-geburtstagsgeschenk-fuer-8-12-jahre-369-stueck\/\" \/>\n<meta property=\"og:site_name\" content=\"EasyLifeBro\" \/>\n<meta property=\"article:modified_time\" content=\"2026-02-22T23:38:00+00:00\" \/>\n<meta property=\"og:image\" content=\"https:\/\/easyliferobo.com\/de\/wp-content\/uploads\/2026\/02\/81fYEClvJ-L._AC_SL1500_.jpg\" \/>\n\t<meta property=\"og:image:width\" content=\"1500\" \/>\n\t<meta property=\"og:image:height\" content=\"1500\" \/>\n\t<meta property=\"og:image:type\" content=\"image\/jpeg\" \/>\n<meta name=\"twitter:card\" content=\"summary_large_image\" \/>\n<meta name=\"twitter:label1\" content=\"Gesch\u00e4tzte Lesezeit\" \/>\n\t<meta name=\"twitter:data1\" content=\"2\u00a0Minuten\" \/>\n<script type=\"application\/ld+json\" class=\"yoast-schema-graph\">{\"@context\":\"https:\/\/schema.org\",\"@graph\":[{\"@type\":\"WebPage\",\"@id\":\"https:\/\/easyliferobo.com\/de\/product\/roboter-kinder-fuer-jungen-roboterset-programmierbar-mit-app-fernbedienung-geburtstagsgeschenk-fuer-8-12-jahre-369-stueck\/\",\"url\":\"https:\/\/easyliferobo.com\/de\/product\/roboter-kinder-fuer-jungen-roboterset-programmierbar-mit-app-fernbedienung-geburtstagsgeschenk-fuer-8-12-jahre-369-stueck\/\",\"name\":\"Roboter Kinder f\u00fcr Jungen, Roboterset programmierbar mit App & Fernbedienung, Geburtstagsgeschenk f\u00fcr 8-12 Jahre (369 St\u00fcck) - EasyLifeBro\",\"isPartOf\":{\"@id\":\"https:\/\/easyliferobo.com\/de\/#website\"},\"primaryImageOfPage\":{\"@id\":\"https:\/\/easyliferobo.com\/de\/product\/roboter-kinder-fuer-jungen-roboterset-programmierbar-mit-app-fernbedienung-geburtstagsgeschenk-fuer-8-12-jahre-369-stueck\/#primaryimage\"},\"image\":{\"@id\":\"https:\/\/easyliferobo.com\/de\/product\/roboter-kinder-fuer-jungen-roboterset-programmierbar-mit-app-fernbedienung-geburtstagsgeschenk-fuer-8-12-jahre-369-stueck\/#primaryimage\"},\"thumbnailUrl\":\"https:\/\/easyliferobo.com\/de\/wp-content\/uploads\/2026\/02\/81fYEClvJ-L._AC_SL1500_.jpg\",\"datePublished\":\"2026-02-22T23:37:43+00:00\",\"dateModified\":\"2026-02-22T23:38:00+00:00\",\"description\":\"Entdecken Sie smarte Roboter f\u00fcr Zuhause, Garten, Bildung und Sicherheit. Vergleichen Sie Saugroboter, Rasenm\u00e4hroboter, KI-Begleitroboter und mehr bei EasyLifeRobo.\",\"breadcrumb\":{\"@id\":\"https:\/\/easyliferobo.com\/de\/product\/roboter-kinder-fuer-jungen-roboterset-programmierbar-mit-app-fernbedienung-geburtstagsgeschenk-fuer-8-12-jahre-369-stueck\/#breadcrumb\"},\"inLanguage\":\"de\",\"potentialAction\":[{\"@type\":\"ReadAction\",\"target\":[\"https:\/\/easyliferobo.com\/de\/product\/roboter-kinder-fuer-jungen-roboterset-programmierbar-mit-app-fernbedienung-geburtstagsgeschenk-fuer-8-12-jahre-369-stueck\/\"]}]},{\"@type\":\"ImageObject\",\"inLanguage\":\"de\",\"@id\":\"https:\/\/easyliferobo.com\/de\/product\/roboter-kinder-fuer-jungen-roboterset-programmierbar-mit-app-fernbedienung-geburtstagsgeschenk-fuer-8-12-jahre-369-stueck\/#primaryimage\",\"url\":\"https:\/\/easyliferobo.com\/de\/wp-content\/uploads\/2026\/02\/81fYEClvJ-L._AC_SL1500_.jpg\",\"contentUrl\":\"https:\/\/easyliferobo.com\/de\/wp-content\/uploads\/2026\/02\/81fYEClvJ-L._AC_SL1500_.jpg\",\"width\":1500,\"height\":1500},{\"@type\":\"BreadcrumbList\",\"@id\":\"https:\/\/easyliferobo.com\/de\/product\/roboter-kinder-fuer-jungen-roboterset-programmierbar-mit-app-fernbedienung-geburtstagsgeschenk-fuer-8-12-jahre-369-stueck\/#breadcrumb\",\"itemListElement\":[{\"@type\":\"ListItem\",\"position\":1,\"name\":\"Home\",\"item\":\"https:\/\/easyliferobo.com\/de\/\"},{\"@type\":\"ListItem\",\"position\":2,\"name\":\"Shop\",\"item\":\"https:\/\/easyliferobo.com\/de\/shop\/\"},{\"@type\":\"ListItem\",\"position\":3,\"name\":\"Roboter Kinder f\u00fcr Jungen, Roboter...\"}]},{\"@type\":\"WebSite\",\"@id\":\"https:\/\/easyliferobo.com\/de\/#website\",\"url\":\"https:\/\/easyliferobo.com\/de\/\",\"name\":\"EasyLifeBro\",\"description\":\"Smarte Roboter f\u00fcr Zuhause, Garten &amp; Bildung\",\"publisher\":{\"@id\":\"https:\/\/easyliferobo.com\/de\/#organization\"},\"potentialAction\":[{\"@type\":\"SearchAction\",\"target\":{\"@type\":\"EntryPoint\",\"urlTemplate\":\"https:\/\/easyliferobo.com\/de\/?s={search_term_string}\"},\"query-input\":{\"@type\":\"PropertyValueSpecification\",\"valueRequired\":true,\"valueName\":\"search_term_string\"}}],\"inLanguage\":\"de\"},{\"@type\":\"Organization\",\"@id\":\"https:\/\/easyliferobo.com\/de\/#organization\",\"name\":\"EasyLifeBro\",\"url\":\"https:\/\/easyliferobo.com\/de\/\",\"logo\":{\"@type\":\"ImageObject\",\"inLanguage\":\"de\",\"@id\":\"https:\/\/easyliferobo.com\/de\/#\/schema\/logo\/image\/\",\"url\":\"https:\/\/easyliferobo.com\/de\/wp-content\/uploads\/2026\/02\/Screenshot-2026-02-22-at-2.25.03-PM.png\",\"contentUrl\":\"https:\/\/easyliferobo.com\/de\/wp-content\/uploads\/2026\/02\/Screenshot-2026-02-22-at-2.25.03-PM.png\",\"width\":1858,\"height\":430,\"caption\":\"EasyLifeBro\"},\"image\":{\"@id\":\"https:\/\/easyliferobo.com\/de\/#\/schema\/logo\/image\/\"}}]}<\/script>\n<!-- \/ Yoast SEO plugin. -->","yoast_head_json":{"title":"Roboter Kinder f\u00fcr Jungen, Roboterset programmierbar mit App & Fernbedienung, Geburtstagsgeschenk f\u00fcr 8-12 Jahre (369 St\u00fcck) - EasyLifeBro","description":"Entdecken Sie smarte Roboter f\u00fcr Zuhause, Garten, Bildung und Sicherheit. Vergleichen Sie Saugroboter, Rasenm\u00e4hroboter, KI-Begleitroboter und mehr bei EasyLifeRobo.","robots":{"index":"index","follow":"follow","max-snippet":"max-snippet:-1","max-image-preview":"max-image-preview:large","max-video-preview":"max-video-preview:-1"},"canonical":"https:\/\/easyliferobo.com\/de\/product\/roboter-kinder-fuer-jungen-roboterset-programmierbar-mit-app-fernbedienung-geburtstagsgeschenk-fuer-8-12-jahre-369-stueck\/","og_locale":"de_DE","og_type":"article","og_title":"Roboter Kinder f\u00fcr Jungen, Roboterset programmierbar mit App & Fernbedienung, Geburtstagsgeschenk f\u00fcr 8-12 Jahre (369 St\u00fcck) - EasyLifeBro","og_description":"Entdecken Sie smarte Roboter f\u00fcr Zuhause, Garten, Bildung und Sicherheit. Vergleichen Sie Saugroboter, Rasenm\u00e4hroboter, KI-Begleitroboter und mehr bei EasyLifeRobo.","og_url":"https:\/\/easyliferobo.com\/de\/product\/roboter-kinder-fuer-jungen-roboterset-programmierbar-mit-app-fernbedienung-geburtstagsgeschenk-fuer-8-12-jahre-369-stueck\/","og_site_name":"EasyLifeBro","article_modified_time":"2026-02-22T23:38:00+00:00","og_image":[{"width":1500,"height":1500,"url":"https:\/\/easyliferobo.com\/de\/wp-content\/uploads\/2026\/02\/81fYEClvJ-L._AC_SL1500_.jpg","type":"image\/jpeg"}],"twitter_card":"summary_large_image","twitter_misc":{"Gesch\u00e4tzte Lesezeit":"2\u00a0Minuten"},"schema":{"@context":"https:\/\/schema.org","@graph":[{"@type":"WebPage","@id":"https:\/\/easyliferobo.com\/de\/product\/roboter-kinder-fuer-jungen-roboterset-programmierbar-mit-app-fernbedienung-geburtstagsgeschenk-fuer-8-12-jahre-369-stueck\/","url":"https:\/\/easyliferobo.com\/de\/product\/roboter-kinder-fuer-jungen-roboterset-programmierbar-mit-app-fernbedienung-geburtstagsgeschenk-fuer-8-12-jahre-369-stueck\/","name":"Roboter Kinder f\u00fcr Jungen, Roboterset programmierbar mit App & Fernbedienung, Geburtstagsgeschenk f\u00fcr 8-12 Jahre (369 St\u00fcck) - EasyLifeBro","isPartOf":{"@id":"https:\/\/easyliferobo.com\/de\/#website"},"primaryImageOfPage":{"@id":"https:\/\/easyliferobo.com\/de\/product\/roboter-kinder-fuer-jungen-roboterset-programmierbar-mit-app-fernbedienung-geburtstagsgeschenk-fuer-8-12-jahre-369-stueck\/#primaryimage"},"image":{"@id":"https:\/\/easyliferobo.com\/de\/product\/roboter-kinder-fuer-jungen-roboterset-programmierbar-mit-app-fernbedienung-geburtstagsgeschenk-fuer-8-12-jahre-369-stueck\/#primaryimage"},"thumbnailUrl":"https:\/\/easyliferobo.com\/de\/wp-content\/uploads\/2026\/02\/81fYEClvJ-L._AC_SL1500_.jpg","datePublished":"2026-02-22T23:37:43+00:00","dateModified":"2026-02-22T23:38:00+00:00","description":"Entdecken Sie smarte Roboter f\u00fcr Zuhause, Garten, Bildung und Sicherheit. Vergleichen Sie Saugroboter, Rasenm\u00e4hroboter, KI-Begleitroboter und mehr bei EasyLifeRobo.","breadcrumb":{"@id":"https:\/\/easyliferobo.com\/de\/product\/roboter-kinder-fuer-jungen-roboterset-programmierbar-mit-app-fernbedienung-geburtstagsgeschenk-fuer-8-12-jahre-369-stueck\/#breadcrumb"},"inLanguage":"de","potentialAction":[{"@type":"ReadAction","target":["https:\/\/easyliferobo.com\/de\/product\/roboter-kinder-fuer-jungen-roboterset-programmierbar-mit-app-fernbedienung-geburtstagsgeschenk-fuer-8-12-jahre-369-stueck\/"]}]},{"@type":"ImageObject","inLanguage":"de","@id":"https:\/\/easyliferobo.com\/de\/product\/roboter-kinder-fuer-jungen-roboterset-programmierbar-mit-app-fernbedienung-geburtstagsgeschenk-fuer-8-12-jahre-369-stueck\/#primaryimage","url":"https:\/\/easyliferobo.com\/de\/wp-content\/uploads\/2026\/02\/81fYEClvJ-L._AC_SL1500_.jpg","contentUrl":"https:\/\/easyliferobo.com\/de\/wp-content\/uploads\/2026\/02\/81fYEClvJ-L._AC_SL1500_.jpg","width":1500,"height":1500},{"@type":"BreadcrumbList","@id":"https:\/\/easyliferobo.com\/de\/product\/roboter-kinder-fuer-jungen-roboterset-programmierbar-mit-app-fernbedienung-geburtstagsgeschenk-fuer-8-12-jahre-369-stueck\/#breadcrumb","itemListElement":[{"@type":"ListItem","position":1,"name":"Home","item":"https:\/\/easyliferobo.com\/de\/"},{"@type":"ListItem","position":2,"name":"Shop","item":"https:\/\/easyliferobo.com\/de\/shop\/"},{"@type":"ListItem","position":3,"name":"Roboter Kinder f\u00fcr Jungen, Roboter..."}]},{"@type":"WebSite","@id":"https:\/\/easyliferobo.com\/de\/#website","url":"https:\/\/easyliferobo.com\/de\/","name":"EasyLifeBro","description":"Smarte Roboter f\u00fcr Zuhause, Garten &amp; Bildung","publisher":{"@id":"https:\/\/easyliferobo.com\/de\/#organization"},"potentialAction":[{"@type":"SearchAction","target":{"@type":"EntryPoint","urlTemplate":"https:\/\/easyliferobo.com\/de\/?s={search_term_string}"},"query-input":{"@type":"PropertyValueSpecification","valueRequired":true,"valueName":"search_term_string"}}],"inLanguage":"de"},{"@type":"Organization","@id":"https:\/\/easyliferobo.com\/de\/#organization","name":"EasyLifeBro","url":"https:\/\/easyliferobo.com\/de\/","logo":{"@type":"ImageObject","inLanguage":"de","@id":"https:\/\/easyliferobo.com\/de\/#\/schema\/logo\/image\/","url":"https:\/\/easyliferobo.com\/de\/wp-content\/uploads\/2026\/02\/Screenshot-2026-02-22-at-2.25.03-PM.png","contentUrl":"https:\/\/easyliferobo.com\/de\/wp-content\/uploads\/2026\/02\/Screenshot-2026-02-22-at-2.25.03-PM.png","width":1858,"height":430,"caption":"EasyLifeBro"},"image":{"@id":"https:\/\/easyliferobo.com\/de\/#\/schema\/logo\/image\/"}}]}},"_links":{"self":[{"href":"https:\/\/easyliferobo.com\/de\/wp-json\/wp\/v2\/product\/1385","targetHints":{"allow":["GET"]}}],"collection":[{"href":"https:\/\/easyliferobo.com\/de\/wp-json\/wp\/v2\/product"}],"about":[{"href":"https:\/\/easyliferobo.com\/de\/wp-json\/wp\/v2\/types\/product"}],"replies":[{"embeddable":true,"href":"https:\/\/easyliferobo.com\/de\/wp-json\/wp\/v2\/comments?post=1385"}],"wp:featuredmedia":[{"embeddable":true,"href":"https:\/\/easyliferobo.com\/de\/wp-json\/wp\/v2\/media\/1386"}],"wp:attachment":[{"href":"https:\/\/easyliferobo.com\/de\/wp-json\/wp\/v2\/media?parent=1385"}],"wp:term":[{"taxonomy":"store","embeddable":true,"href":"https:\/\/easyliferobo.com\/de\/wp-json\/wp\/v2\/store?post=1385"},{"taxonomy":"product_brand","embeddable":true,"href":"https:\/\/easyliferobo.com\/de\/wp-json\/wp\/v2\/product_brand?post=1385"},{"taxonomy":"product_cat","embeddable":true,"href":"https:\/\/easyliferobo.com\/de\/wp-json\/wp\/v2\/product_cat?post=1385"},{"taxonomy":"product_tag","embeddable":true,"href":"https:\/\/easyliferobo.com\/de\/wp-json\/wp\/v2\/product_tag?post=1385"}],"curies":[{"name":"wp","href":"https:\/\/api.w.org\/{rel}","templated":true}]}}