
{"id":1376,"date":"2026-02-22T23:30:49","date_gmt":"2026-02-22T23:30:49","guid":{"rendered":"https:\/\/easyliferobo.com\/de\/product\/roboterhund-fuer-erwachsene-mein-realistischer-roboterwelpe-simuliertes-roboterhundespielzeug-laufender-huendchen-bellendes-hundespielzeug-fuer-jungen-und-maedchen\/"},"modified":"2026-02-22T23:35:39","modified_gmt":"2026-02-22T23:35:39","slug":"roboterhund-fuer-erwachsene-mein-realistischer-roboterwelpe-simuliertes-roboterhundespielzeug-laufender-huendchen-bellendes-hundespielzeug-fuer-jungen-und-maedchen","status":"publish","type":"product","link":"https:\/\/easyliferobo.com\/de\/product\/roboterhund-fuer-erwachsene-mein-realistischer-roboterwelpe-simuliertes-roboterhundespielzeug-laufender-huendchen-bellendes-hundespielzeug-fuer-jungen-und-maedchen\/","title":{"rendered":"Roboterhund f\u00fcr Erwachsene, mein r..."},"content":{"rendered":"<p>    <span>Roboterhund f\u00fcr Erwachsene, mein realistischer Roboterwelpe, simuliertes Roboterhundespielzeug, laufender H\u00fcndchen, bellendes Hundespielzeug f\u00fcr Jungen und M\u00e4dchen <br \/>Spezifikationen: <br \/>Name: Realistischer Roboterwelpe <br \/>Material: Pl\u00fcsch <br \/>Farbe: wie abgebildet <br \/>Das Paket beinhaltet: <br \/>1 x realistischer Roboterwelpe <br \/>Notiz: <br \/>1. Aufgrund des Licht- und Bildschirmunterschieds kann die Farbe des Artikels geringf\u00fcgig von der Abbildung abweichen. <br \/>2. Bitte erlauben Sie leichte Abweichungen aufgrund der manuellen Messung.<\/span>    <br \/>Realistischer Roboterwelpe: bellt, greift, spielt! Bellt fr\u00f6hlich, kuschelt sich, wenn man es streichelt, und reagiert auf Ger\u00e4usche. Genie\u00dfen Sie magische Momente mit lebendigen Kl\u00e4ngen und nat\u00fcrlichen Bewegungen.<br \/>Roboterwelpe: lebensecht aus hochwertigem Pl\u00fcsch mit strahlenden, lebendigen Augen und lebensechten Proportionen. Das realistische Haustier bringt Ihnen und Ihren Lieben Freude und Gesellschaft.<br \/>Einzigartiges Design: Der realistische Roboterwelpe bewegt sich wie ein echter Hund. Sieht aus wie ein Lebewesen. Dieser Haustierwelpe kann Kindern nicht nur endlose Freude bereiten, sondern sie auch als treuer und interaktiver Begleiter begleiten.<br \/>Keine Schulung erforderlich: Sofortiger Begleiter, erf\u00fcllen Sie m\u00fchelos Ihren Traum vom eigenen Hund. Der lebensechte Begleiter bleibt an Ihrer Seite \u2013 das ideale Geschenk f\u00fcr Tierliebhaber und der perfekte Stressabbau.<br \/>Idealer Reisebegleiter: Dieser realistische Welpenroboter ist leicht und kompakt und bietet viel Spa\u00df. Angenehm zu tragen und sorgt f\u00fcr ununterbrochenes Spielen, egal wohin Sie gehen. Dein treuer Freund f\u00fcr immer.<\/p>\n<p>[ad_2]<\/p>\n","protected":false},"excerpt":{"rendered":"<p>Roboterhund f\u00fcr Erwachsene, mein realistischer Roboterwelpe, simuliertes Roboterhundespielzeug, laufender H\u00fcndchen, bellendes Hundespielzeug f\u00fcr Jungen und M\u00e4dchen Spezifikationen: Name: Realistischer Roboterwelpe Material: Pl\u00fcsch Farbe: wie abgebildet Das Paket beinhaltet: 1 x realistischer Roboterwelpe Notiz: 1. Aufgrund des Licht- und Bildschirmunterschieds kann die Farbe des Artikels geringf\u00fcgig von der Abbildung abweichen. 2. Bitte erlauben Sie leichte Abweichungen [&hellip;]<\/p>\n","protected":false},"featured_media":1377,"comment_status":"open","ping_status":"closed","template":"","meta":{"_aipt_faq_data":""},"store":[],"product_brand":[],"product_cat":[94],"product_tag":[278],"class_list":{"0":"post-1376","1":"product","2":"type-product","3":"status-publish","4":"has-post-thumbnail","6":"product_cat-roboter-haustiere","7":"product_tag-roboter-haustiere-hund-modell","9":"first","10":"instock","11":"sale","12":"shipping-taxable","13":"product-type-external"},"yoast_head":"<!-- This site is optimized with the Yoast SEO plugin v27.0 - https:\/\/yoast.com\/product\/yoast-seo-wordpress\/ -->\n<title>Roboterhund f\u00fcr Erwachsene, mein realistischer Roboterwelpe, simuliertes Roboterhundespielzeug, laufender H\u00fcndchen, bellendes Hundespielzeug f\u00fcr Jungen und M\u00e4dchen - EasyLifeBro<\/title>\n<meta name=\"description\" content=\"Entdecken Sie smarte Roboter f\u00fcr Zuhause, Garten, Bildung und Sicherheit. Vergleichen Sie Saugroboter, Rasenm\u00e4hroboter, KI-Begleitroboter und mehr bei EasyLifeRobo.\" \/>\n<meta name=\"robots\" content=\"index, follow, max-snippet:-1, max-image-preview:large, max-video-preview:-1\" \/>\n<link rel=\"canonical\" href=\"https:\/\/easyliferobo.com\/de\/product\/roboterhund-fuer-erwachsene-mein-realistischer-roboterwelpe-simuliertes-roboterhundespielzeug-laufender-huendchen-bellendes-hundespielzeug-fuer-jungen-und-maedchen\/\" \/>\n<meta property=\"og:locale\" content=\"de_DE\" \/>\n<meta property=\"og:type\" content=\"article\" \/>\n<meta property=\"og:title\" content=\"Roboterhund f\u00fcr Erwachsene, mein realistischer Roboterwelpe, simuliertes Roboterhundespielzeug, laufender H\u00fcndchen, bellendes Hundespielzeug f\u00fcr Jungen und M\u00e4dchen - EasyLifeBro\" \/>\n<meta property=\"og:description\" content=\"Entdecken Sie smarte Roboter f\u00fcr Zuhause, Garten, Bildung und Sicherheit. Vergleichen Sie Saugroboter, Rasenm\u00e4hroboter, KI-Begleitroboter und mehr bei EasyLifeRobo.\" \/>\n<meta property=\"og:url\" content=\"https:\/\/easyliferobo.com\/de\/product\/roboterhund-fuer-erwachsene-mein-realistischer-roboterwelpe-simuliertes-roboterhundespielzeug-laufender-huendchen-bellendes-hundespielzeug-fuer-jungen-und-maedchen\/\" \/>\n<meta property=\"og:site_name\" content=\"EasyLifeBro\" \/>\n<meta property=\"article:modified_time\" content=\"2026-02-22T23:35:39+00:00\" \/>\n<meta property=\"og:image\" content=\"https:\/\/easyliferobo.com\/de\/wp-content\/uploads\/2026\/02\/613BVjv9XpL._AC_SL1500_.jpg\" \/>\n\t<meta property=\"og:image:width\" content=\"1401\" \/>\n\t<meta property=\"og:image:height\" content=\"1274\" \/>\n\t<meta property=\"og:image:type\" content=\"image\/jpeg\" \/>\n<meta name=\"twitter:card\" content=\"summary_large_image\" \/>\n<meta name=\"twitter:label1\" content=\"Gesch\u00e4tzte Lesezeit\" \/>\n\t<meta name=\"twitter:data1\" content=\"1\u00a0Minute\" \/>\n<script type=\"application\/ld+json\" class=\"yoast-schema-graph\">{\"@context\":\"https:\/\/schema.org\",\"@graph\":[{\"@type\":\"WebPage\",\"@id\":\"https:\/\/easyliferobo.com\/de\/product\/roboterhund-fuer-erwachsene-mein-realistischer-roboterwelpe-simuliertes-roboterhundespielzeug-laufender-huendchen-bellendes-hundespielzeug-fuer-jungen-und-maedchen\/\",\"url\":\"https:\/\/easyliferobo.com\/de\/product\/roboterhund-fuer-erwachsene-mein-realistischer-roboterwelpe-simuliertes-roboterhundespielzeug-laufender-huendchen-bellendes-hundespielzeug-fuer-jungen-und-maedchen\/\",\"name\":\"Roboterhund f\u00fcr Erwachsene, mein realistischer Roboterwelpe, simuliertes Roboterhundespielzeug, laufender H\u00fcndchen, bellendes Hundespielzeug f\u00fcr Jungen und M\u00e4dchen - EasyLifeBro\",\"isPartOf\":{\"@id\":\"https:\/\/easyliferobo.com\/de\/#website\"},\"primaryImageOfPage\":{\"@id\":\"https:\/\/easyliferobo.com\/de\/product\/roboterhund-fuer-erwachsene-mein-realistischer-roboterwelpe-simuliertes-roboterhundespielzeug-laufender-huendchen-bellendes-hundespielzeug-fuer-jungen-und-maedchen\/#primaryimage\"},\"image\":{\"@id\":\"https:\/\/easyliferobo.com\/de\/product\/roboterhund-fuer-erwachsene-mein-realistischer-roboterwelpe-simuliertes-roboterhundespielzeug-laufender-huendchen-bellendes-hundespielzeug-fuer-jungen-und-maedchen\/#primaryimage\"},\"thumbnailUrl\":\"https:\/\/easyliferobo.com\/de\/wp-content\/uploads\/2026\/02\/613BVjv9XpL._AC_SL1500_.jpg\",\"datePublished\":\"2026-02-22T23:30:49+00:00\",\"dateModified\":\"2026-02-22T23:35:39+00:00\",\"description\":\"Entdecken Sie smarte Roboter f\u00fcr Zuhause, Garten, Bildung und Sicherheit. Vergleichen Sie Saugroboter, Rasenm\u00e4hroboter, KI-Begleitroboter und mehr bei EasyLifeRobo.\",\"breadcrumb\":{\"@id\":\"https:\/\/easyliferobo.com\/de\/product\/roboterhund-fuer-erwachsene-mein-realistischer-roboterwelpe-simuliertes-roboterhundespielzeug-laufender-huendchen-bellendes-hundespielzeug-fuer-jungen-und-maedchen\/#breadcrumb\"},\"inLanguage\":\"de\",\"potentialAction\":[{\"@type\":\"ReadAction\",\"target\":[\"https:\/\/easyliferobo.com\/de\/product\/roboterhund-fuer-erwachsene-mein-realistischer-roboterwelpe-simuliertes-roboterhundespielzeug-laufender-huendchen-bellendes-hundespielzeug-fuer-jungen-und-maedchen\/\"]}]},{\"@type\":\"ImageObject\",\"inLanguage\":\"de\",\"@id\":\"https:\/\/easyliferobo.com\/de\/product\/roboterhund-fuer-erwachsene-mein-realistischer-roboterwelpe-simuliertes-roboterhundespielzeug-laufender-huendchen-bellendes-hundespielzeug-fuer-jungen-und-maedchen\/#primaryimage\",\"url\":\"https:\/\/easyliferobo.com\/de\/wp-content\/uploads\/2026\/02\/613BVjv9XpL._AC_SL1500_.jpg\",\"contentUrl\":\"https:\/\/easyliferobo.com\/de\/wp-content\/uploads\/2026\/02\/613BVjv9XpL._AC_SL1500_.jpg\",\"width\":1401,\"height\":1274},{\"@type\":\"BreadcrumbList\",\"@id\":\"https:\/\/easyliferobo.com\/de\/product\/roboterhund-fuer-erwachsene-mein-realistischer-roboterwelpe-simuliertes-roboterhundespielzeug-laufender-huendchen-bellendes-hundespielzeug-fuer-jungen-und-maedchen\/#breadcrumb\",\"itemListElement\":[{\"@type\":\"ListItem\",\"position\":1,\"name\":\"Home\",\"item\":\"https:\/\/easyliferobo.com\/de\/\"},{\"@type\":\"ListItem\",\"position\":2,\"name\":\"Shop\",\"item\":\"https:\/\/easyliferobo.com\/de\/shop\/\"},{\"@type\":\"ListItem\",\"position\":3,\"name\":\"Roboterhund f\u00fcr Erwachsene, mein r...\"}]},{\"@type\":\"WebSite\",\"@id\":\"https:\/\/easyliferobo.com\/de\/#website\",\"url\":\"https:\/\/easyliferobo.com\/de\/\",\"name\":\"EasyLifeBro\",\"description\":\"Smarte Roboter f\u00fcr Zuhause, Garten &amp; Bildung\",\"publisher\":{\"@id\":\"https:\/\/easyliferobo.com\/de\/#organization\"},\"potentialAction\":[{\"@type\":\"SearchAction\",\"target\":{\"@type\":\"EntryPoint\",\"urlTemplate\":\"https:\/\/easyliferobo.com\/de\/?s={search_term_string}\"},\"query-input\":{\"@type\":\"PropertyValueSpecification\",\"valueRequired\":true,\"valueName\":\"search_term_string\"}}],\"inLanguage\":\"de\"},{\"@type\":\"Organization\",\"@id\":\"https:\/\/easyliferobo.com\/de\/#organization\",\"name\":\"EasyLifeBro\",\"url\":\"https:\/\/easyliferobo.com\/de\/\",\"logo\":{\"@type\":\"ImageObject\",\"inLanguage\":\"de\",\"@id\":\"https:\/\/easyliferobo.com\/de\/#\/schema\/logo\/image\/\",\"url\":\"https:\/\/easyliferobo.com\/de\/wp-content\/uploads\/2026\/02\/Screenshot-2026-02-22-at-2.25.03-PM.png\",\"contentUrl\":\"https:\/\/easyliferobo.com\/de\/wp-content\/uploads\/2026\/02\/Screenshot-2026-02-22-at-2.25.03-PM.png\",\"width\":1858,\"height\":430,\"caption\":\"EasyLifeBro\"},\"image\":{\"@id\":\"https:\/\/easyliferobo.com\/de\/#\/schema\/logo\/image\/\"}}]}<\/script>\n<!-- \/ Yoast SEO plugin. -->","yoast_head_json":{"title":"Roboterhund f\u00fcr Erwachsene, mein realistischer Roboterwelpe, simuliertes Roboterhundespielzeug, laufender H\u00fcndchen, bellendes Hundespielzeug f\u00fcr Jungen und M\u00e4dchen - EasyLifeBro","description":"Entdecken Sie smarte Roboter f\u00fcr Zuhause, Garten, Bildung und Sicherheit. Vergleichen Sie Saugroboter, Rasenm\u00e4hroboter, KI-Begleitroboter und mehr bei EasyLifeRobo.","robots":{"index":"index","follow":"follow","max-snippet":"max-snippet:-1","max-image-preview":"max-image-preview:large","max-video-preview":"max-video-preview:-1"},"canonical":"https:\/\/easyliferobo.com\/de\/product\/roboterhund-fuer-erwachsene-mein-realistischer-roboterwelpe-simuliertes-roboterhundespielzeug-laufender-huendchen-bellendes-hundespielzeug-fuer-jungen-und-maedchen\/","og_locale":"de_DE","og_type":"article","og_title":"Roboterhund f\u00fcr Erwachsene, mein realistischer Roboterwelpe, simuliertes Roboterhundespielzeug, laufender H\u00fcndchen, bellendes Hundespielzeug f\u00fcr Jungen und M\u00e4dchen - EasyLifeBro","og_description":"Entdecken Sie smarte Roboter f\u00fcr Zuhause, Garten, Bildung und Sicherheit. Vergleichen Sie Saugroboter, Rasenm\u00e4hroboter, KI-Begleitroboter und mehr bei EasyLifeRobo.","og_url":"https:\/\/easyliferobo.com\/de\/product\/roboterhund-fuer-erwachsene-mein-realistischer-roboterwelpe-simuliertes-roboterhundespielzeug-laufender-huendchen-bellendes-hundespielzeug-fuer-jungen-und-maedchen\/","og_site_name":"EasyLifeBro","article_modified_time":"2026-02-22T23:35:39+00:00","og_image":[{"width":1401,"height":1274,"url":"https:\/\/easyliferobo.com\/de\/wp-content\/uploads\/2026\/02\/613BVjv9XpL._AC_SL1500_.jpg","type":"image\/jpeg"}],"twitter_card":"summary_large_image","twitter_misc":{"Gesch\u00e4tzte Lesezeit":"1\u00a0Minute"},"schema":{"@context":"https:\/\/schema.org","@graph":[{"@type":"WebPage","@id":"https:\/\/easyliferobo.com\/de\/product\/roboterhund-fuer-erwachsene-mein-realistischer-roboterwelpe-simuliertes-roboterhundespielzeug-laufender-huendchen-bellendes-hundespielzeug-fuer-jungen-und-maedchen\/","url":"https:\/\/easyliferobo.com\/de\/product\/roboterhund-fuer-erwachsene-mein-realistischer-roboterwelpe-simuliertes-roboterhundespielzeug-laufender-huendchen-bellendes-hundespielzeug-fuer-jungen-und-maedchen\/","name":"Roboterhund f\u00fcr Erwachsene, mein realistischer Roboterwelpe, simuliertes Roboterhundespielzeug, laufender H\u00fcndchen, bellendes Hundespielzeug f\u00fcr Jungen und M\u00e4dchen - EasyLifeBro","isPartOf":{"@id":"https:\/\/easyliferobo.com\/de\/#website"},"primaryImageOfPage":{"@id":"https:\/\/easyliferobo.com\/de\/product\/roboterhund-fuer-erwachsene-mein-realistischer-roboterwelpe-simuliertes-roboterhundespielzeug-laufender-huendchen-bellendes-hundespielzeug-fuer-jungen-und-maedchen\/#primaryimage"},"image":{"@id":"https:\/\/easyliferobo.com\/de\/product\/roboterhund-fuer-erwachsene-mein-realistischer-roboterwelpe-simuliertes-roboterhundespielzeug-laufender-huendchen-bellendes-hundespielzeug-fuer-jungen-und-maedchen\/#primaryimage"},"thumbnailUrl":"https:\/\/easyliferobo.com\/de\/wp-content\/uploads\/2026\/02\/613BVjv9XpL._AC_SL1500_.jpg","datePublished":"2026-02-22T23:30:49+00:00","dateModified":"2026-02-22T23:35:39+00:00","description":"Entdecken Sie smarte Roboter f\u00fcr Zuhause, Garten, Bildung und Sicherheit. Vergleichen Sie Saugroboter, Rasenm\u00e4hroboter, KI-Begleitroboter und mehr bei EasyLifeRobo.","breadcrumb":{"@id":"https:\/\/easyliferobo.com\/de\/product\/roboterhund-fuer-erwachsene-mein-realistischer-roboterwelpe-simuliertes-roboterhundespielzeug-laufender-huendchen-bellendes-hundespielzeug-fuer-jungen-und-maedchen\/#breadcrumb"},"inLanguage":"de","potentialAction":[{"@type":"ReadAction","target":["https:\/\/easyliferobo.com\/de\/product\/roboterhund-fuer-erwachsene-mein-realistischer-roboterwelpe-simuliertes-roboterhundespielzeug-laufender-huendchen-bellendes-hundespielzeug-fuer-jungen-und-maedchen\/"]}]},{"@type":"ImageObject","inLanguage":"de","@id":"https:\/\/easyliferobo.com\/de\/product\/roboterhund-fuer-erwachsene-mein-realistischer-roboterwelpe-simuliertes-roboterhundespielzeug-laufender-huendchen-bellendes-hundespielzeug-fuer-jungen-und-maedchen\/#primaryimage","url":"https:\/\/easyliferobo.com\/de\/wp-content\/uploads\/2026\/02\/613BVjv9XpL._AC_SL1500_.jpg","contentUrl":"https:\/\/easyliferobo.com\/de\/wp-content\/uploads\/2026\/02\/613BVjv9XpL._AC_SL1500_.jpg","width":1401,"height":1274},{"@type":"BreadcrumbList","@id":"https:\/\/easyliferobo.com\/de\/product\/roboterhund-fuer-erwachsene-mein-realistischer-roboterwelpe-simuliertes-roboterhundespielzeug-laufender-huendchen-bellendes-hundespielzeug-fuer-jungen-und-maedchen\/#breadcrumb","itemListElement":[{"@type":"ListItem","position":1,"name":"Home","item":"https:\/\/easyliferobo.com\/de\/"},{"@type":"ListItem","position":2,"name":"Shop","item":"https:\/\/easyliferobo.com\/de\/shop\/"},{"@type":"ListItem","position":3,"name":"Roboterhund f\u00fcr Erwachsene, mein r..."}]},{"@type":"WebSite","@id":"https:\/\/easyliferobo.com\/de\/#website","url":"https:\/\/easyliferobo.com\/de\/","name":"EasyLifeBro","description":"Smarte Roboter f\u00fcr Zuhause, Garten &amp; Bildung","publisher":{"@id":"https:\/\/easyliferobo.com\/de\/#organization"},"potentialAction":[{"@type":"SearchAction","target":{"@type":"EntryPoint","urlTemplate":"https:\/\/easyliferobo.com\/de\/?s={search_term_string}"},"query-input":{"@type":"PropertyValueSpecification","valueRequired":true,"valueName":"search_term_string"}}],"inLanguage":"de"},{"@type":"Organization","@id":"https:\/\/easyliferobo.com\/de\/#organization","name":"EasyLifeBro","url":"https:\/\/easyliferobo.com\/de\/","logo":{"@type":"ImageObject","inLanguage":"de","@id":"https:\/\/easyliferobo.com\/de\/#\/schema\/logo\/image\/","url":"https:\/\/easyliferobo.com\/de\/wp-content\/uploads\/2026\/02\/Screenshot-2026-02-22-at-2.25.03-PM.png","contentUrl":"https:\/\/easyliferobo.com\/de\/wp-content\/uploads\/2026\/02\/Screenshot-2026-02-22-at-2.25.03-PM.png","width":1858,"height":430,"caption":"EasyLifeBro"},"image":{"@id":"https:\/\/easyliferobo.com\/de\/#\/schema\/logo\/image\/"}}]}},"_links":{"self":[{"href":"https:\/\/easyliferobo.com\/de\/wp-json\/wp\/v2\/product\/1376","targetHints":{"allow":["GET"]}}],"collection":[{"href":"https:\/\/easyliferobo.com\/de\/wp-json\/wp\/v2\/product"}],"about":[{"href":"https:\/\/easyliferobo.com\/de\/wp-json\/wp\/v2\/types\/product"}],"replies":[{"embeddable":true,"href":"https:\/\/easyliferobo.com\/de\/wp-json\/wp\/v2\/comments?post=1376"}],"wp:featuredmedia":[{"embeddable":true,"href":"https:\/\/easyliferobo.com\/de\/wp-json\/wp\/v2\/media\/1377"}],"wp:attachment":[{"href":"https:\/\/easyliferobo.com\/de\/wp-json\/wp\/v2\/media?parent=1376"}],"wp:term":[{"taxonomy":"store","embeddable":true,"href":"https:\/\/easyliferobo.com\/de\/wp-json\/wp\/v2\/store?post=1376"},{"taxonomy":"product_brand","embeddable":true,"href":"https:\/\/easyliferobo.com\/de\/wp-json\/wp\/v2\/product_brand?post=1376"},{"taxonomy":"product_cat","embeddable":true,"href":"https:\/\/easyliferobo.com\/de\/wp-json\/wp\/v2\/product_cat?post=1376"},{"taxonomy":"product_tag","embeddable":true,"href":"https:\/\/easyliferobo.com\/de\/wp-json\/wp\/v2\/product_tag?post=1376"}],"curies":[{"name":"wp","href":"https:\/\/api.w.org\/{rel}","templated":true}]}}