
{"id":1367,"date":"2026-02-22T23:26:26","date_gmt":"2026-02-22T23:26:26","guid":{"rendered":"https:\/\/easyliferobo.com\/de\/product\/roboterhund-kinder-ferngesteuerter-roboterhund-programmierbar-sprachgesteuert-nur-englisch-intelligenter-interaktiver-roboterhund-singender-tanz-hunderoboter-als-geschenk-fuer-kinder-2\/"},"modified":"2026-02-22T23:26:51","modified_gmt":"2026-02-22T23:26:51","slug":"roboterhund-kinder-ferngesteuerter-roboterhund-programmierbar-sprachgesteuert-nur-englisch-intelligenter-interaktiver-roboterhund-singender-tanz-hunderoboter-als-geschenk-fuer-kinder-2","status":"publish","type":"product","link":"https:\/\/easyliferobo.com\/de\/product\/roboterhund-kinder-ferngesteuerter-roboterhund-programmierbar-sprachgesteuert-nur-englisch-intelligenter-interaktiver-roboterhund-singender-tanz-hunderoboter-als-geschenk-fuer-kinder-2\/","title":{"rendered":"Roboterhund Kinder, ferngesteuerter..."},"content":{"rendered":"<p>\n                                             Von der Marke   <\/p>\n<p>                                              <img decoding=\"async\" alt=\"Abstraktes Design mit goldenen Lichtspuren und Glitzereffekten auf schwarzem Hintergrund, wodurch dynamische Wirbelmuster entstehen.\" src=\"https:\/\/images-na.ssl-images-amazon.com\/images\/G\/01\/x-locale\/common\/grey-pixel.gif\" class=\"a-lazy-loaded\" data-src=\"https:\/\/m.media-amazon.com\/images\/S\/aplus-media-library-service-media\/9b9697cc-6e6e-4d0a-9d22-6b59c4d87224.__CR0,0,1464,625_PT0_SX1464_V1___.jpg\"><img decoding=\"async\" alt=\"Abstraktes Design mit goldenen Lichtspuren und Glitzereffekten auf schwarzem Hintergrund, wodurch dynamische Wirbelmuster entstehen.\" src=\"https:\/\/m.media-amazon.com\/images\/S\/aplus-media-library-service-media\/9b9697cc-6e6e-4d0a-9d22-6b59c4d87224.__CR0,0,1464,625_PT0_SX1464_V1___.jpg\">  <\/p>\n<p>                                              <img decoding=\"async\" alt=\"Aplus-Inhaltsbild\" src=\"https:\/\/images-na.ssl-images-amazon.com\/images\/G\/01\/x-locale\/common\/grey-pixel.gif\" class=\"a-lazy-loaded\" data-src=\"https:\/\/m.media-amazon.com\/images\/S\/aplus-media-library-service-media\/eb79c928-c935-4edd-a067-5d1350399c39.__CR0,0,362,453_PT0_SX362_V1___.jpg\"><img decoding=\"async\" alt=\"Aplus-Inhaltsbild\" src=\"https:\/\/m.media-amazon.com\/images\/S\/aplus-media-library-service-media\/eb79c928-c935-4edd-a067-5d1350399c39.__CR0,0,362,453_PT0_SX362_V1___.jpg\">  <\/p>\n<p>                                              <img decoding=\"async\" alt=\"Frohe Weihnachten und einen guten Rutsch ins neue Jahr\" src=\"https:\/\/images-na.ssl-images-amazon.com\/images\/G\/01\/x-locale\/common\/grey-pixel.gif\" class=\"a-lazy-loaded\" data-src=\"https:\/\/m.media-amazon.com\/images\/S\/aplus-media-library-service-media\/c1f82690-7317-4753-bb3a-5e4eb149c1ca.__CR0,0,362,453_PT0_SX362_V1___.jpg\"><img decoding=\"async\" alt=\"Frohe Weihnachten und einen guten Rutsch ins neue Jahr\" src=\"https:\/\/m.media-amazon.com\/images\/S\/aplus-media-library-service-media\/c1f82690-7317-4753-bb3a-5e4eb149c1ca.__CR0,0,362,453_PT0_SX362_V1___.jpg\">  <\/p>\n<p>Roboterhund Kinder: Ein Roboterhund f\u00fcr Kinder ist die perfekte Alternative zu einem echten Haustier \u2013 ohne Sorgen. Es ben\u00f6tigt weder Futter noch Reinigung, verursacht keine Tierarztkosten und l\u00f6st keine Allergien aus. Der Roboterhund verf\u00fcgt \u00fcber spannende, interaktive Funktionen und reagiert auf Ger\u00e4usche (nur Englisch) sowie Ber\u00fchrungen. Es bleibt hygienisch, hinterl\u00e4sst keinen Schmutz, besch\u00e4digt M\u00f6bel nicht und ist gleichzeitig sicherer und langlebiger. So wird es schnell zum zuverl\u00e4ssigen Spielkameraden und bereitet Kindern viel Freude im Alltag<br \/>Ferngesteuerter Roboterhund: Der Roboterhund Kinder ist mit moderner Fernbedienungstechnik ausgestattet. Im Gegensatz zu \u00e4lteren Modellen verf\u00fcgt es \u00fcber einen integrierten Tracking-Sensor. Neu ist der Follow-Modus: Richtet man die Fernbedienung auf den Roboterhund und dr\u00fcckt die Follow-Taste, folgt dieser automatisch der Fernbedienung. Dar\u00fcber hinaus gibt es verschiedene Steuerungsmodi sowie einen Programmiermodus, in dem Kinder eigene Bewegungen, Abl\u00e4ufe und Aktionen festlegen k\u00f6nnen. Individuelle Choreografien f\u00f6rdern Kreativit\u00e4t und logisches Denken<br \/>\u3010Sprach- und Ber\u00fchrungsinteraktion\u3011 Mit diesem interaktiven Roboterhund k\u00f6nnen Kinder auf vielf\u00e4ltige Weise kommunizieren. Es reagiert auf 14 Sprachbefehle (nur Englisch) und f\u00fchrt Bewegungen wie Gehen, Tanzen, Singen, Yoga, Liegest\u00fctze, Akrobatik oder auch kleine Geschichten aus. Dar\u00fcber hinaus l\u00f6st das Streicheln am Kinn zuf\u00e4llige Reaktionen aus, sodass das Spiel abwechslungsreich bleibt. Diese Interaktionen machen den Roboterhund zu einem besonders lebendigen und spannenden Spielzeug.<br \/>\u3010Sicheres ABS-Material\u3011: Das Roboter-Hundespielzeug besteht aus hochwertigem, sto\u00dffestem und recycelbarem ABS-Kunststoff. Dieses Material ist nicht nur langlebig, sondern auch besonders sicher f\u00fcr Kinder. So k\u00f6nnen Eltern beruhigt sein, w\u00e4hrend ihre Kinder spielen. Neben der Unterhaltung bietet der Roboterhund auch einen p\u00e4dagogischen Mehrwert, indem er die Entwicklung der Kinder begleitet und sie beim spielerischen Lernen unterst\u00fctzt<br \/>Wiederaufladbarer Akku: Ausgestattet mit einem leistungsstarken Akku und mehreren Motoren \u00fcberzeugt der Roboterhund durch starke Leistung und lange Laufzeit. Das praktische USB-Ladedesign erm\u00f6glicht ein einfaches Aufladen jederzeit und \u00fcberall. Der integrierte \u00dcberlastschutz garantiert Sicherheit beim Laden (nicht beim Schnellladen) und sch\u00fctzt den Akku vor Besch\u00e4digungen. So bleibt der Spa\u00df ununterbrochen \u2013 keine leeren Akkus mehr, die den Spa\u00df verderben<br \/>Ideale Geschenke f\u00fcr Kinder: Dieser Roboterhund Kinder ist nicht nur ein Spielzeug, sondern ein vielseitiger Begleiter, der Kreativit\u00e4t, Fantasie, Kommunikationsf\u00e4higkeit und Motorik f\u00f6rdert. Es eignet sich perfekt f\u00fcr den t\u00e4glichen Gebrauch zu Hause, beim Picknick oder beim Camping. Mit seinem modernen Design und der hochwertigen Verpackung ist es ein ideales Geschenk f\u00fcr Geburtstage, Weihnachten oder andere besondere Anl\u00e4sse \u2013 so wird Kindern mit Sicherheit ein unvergessliches \u00dcberraschungserlebnis beschert<\/p>\n<p>[ad_2]<\/p>\n","protected":false},"excerpt":{"rendered":"<p>Von der Marke Roboterhund Kinder: Ein Roboterhund f\u00fcr Kinder ist die perfekte Alternative zu einem echten Haustier \u2013 ohne Sorgen. Es ben\u00f6tigt weder Futter noch Reinigung, verursacht keine Tierarztkosten und l\u00f6st keine Allergien aus. Der Roboterhund verf\u00fcgt \u00fcber spannende, interaktive Funktionen und reagiert auf Ger\u00e4usche (nur Englisch) sowie Ber\u00fchrungen. Es bleibt hygienisch, hinterl\u00e4sst keinen Schmutz, [&hellip;]<\/p>\n","protected":false},"featured_media":1368,"comment_status":"open","ping_status":"closed","template":"","meta":{"_aipt_faq_data":""},"store":[],"product_brand":[],"product_cat":[95],"product_tag":[277],"class_list":{"0":"post-1367","1":"product","2":"type-product","3":"status-publish","4":"has-post-thumbnail","6":"product_cat-sprachgesteuerte-roboter","7":"product_tag-sprachgesteuerte-roboter-haustier","9":"first","10":"instock","11":"sale","12":"shipping-taxable","13":"product-type-external"},"yoast_head":"<!-- This site is optimized with the Yoast SEO plugin v27.0 - https:\/\/yoast.com\/product\/yoast-seo-wordpress\/ -->\n<title>Roboterhund Kinder, ferngesteuerter Roboterhund programmierbar, sprachgesteuert (nur Englisch), intelligenter interaktiver Roboterhund, singender Tanz, Hunderoboter als Geschenk f\u00fcr Kinder - EasyLifeBro<\/title>\n<meta name=\"description\" content=\"Entdecken Sie smarte Roboter f\u00fcr Zuhause, Garten, Bildung und Sicherheit. Vergleichen Sie Saugroboter, Rasenm\u00e4hroboter, KI-Begleitroboter und mehr bei EasyLifeRobo.\" \/>\n<meta name=\"robots\" content=\"index, follow, max-snippet:-1, max-image-preview:large, max-video-preview:-1\" \/>\n<link rel=\"canonical\" href=\"https:\/\/easyliferobo.com\/de\/product\/roboterhund-kinder-ferngesteuerter-roboterhund-programmierbar-sprachgesteuert-nur-englisch-intelligenter-interaktiver-roboterhund-singender-tanz-hunderoboter-als-geschenk-fuer-kinder-2\/\" \/>\n<meta property=\"og:locale\" content=\"de_DE\" \/>\n<meta property=\"og:type\" content=\"article\" \/>\n<meta property=\"og:title\" content=\"Roboterhund Kinder, ferngesteuerter Roboterhund programmierbar, sprachgesteuert (nur Englisch), intelligenter interaktiver Roboterhund, singender Tanz, Hunderoboter als Geschenk f\u00fcr Kinder - EasyLifeBro\" \/>\n<meta property=\"og:description\" content=\"Entdecken Sie smarte Roboter f\u00fcr Zuhause, Garten, Bildung und Sicherheit. Vergleichen Sie Saugroboter, Rasenm\u00e4hroboter, KI-Begleitroboter und mehr bei EasyLifeRobo.\" \/>\n<meta property=\"og:url\" content=\"https:\/\/easyliferobo.com\/de\/product\/roboterhund-kinder-ferngesteuerter-roboterhund-programmierbar-sprachgesteuert-nur-englisch-intelligenter-interaktiver-roboterhund-singender-tanz-hunderoboter-als-geschenk-fuer-kinder-2\/\" \/>\n<meta property=\"og:site_name\" content=\"EasyLifeBro\" \/>\n<meta property=\"article:modified_time\" content=\"2026-02-22T23:26:51+00:00\" \/>\n<meta property=\"og:image\" content=\"https:\/\/easyliferobo.com\/de\/wp-content\/uploads\/2026\/02\/61MLX9DjsL._AC_SL1500_.jpg\" \/>\n\t<meta property=\"og:image:width\" content=\"1493\" \/>\n\t<meta property=\"og:image:height\" content=\"1500\" \/>\n\t<meta property=\"og:image:type\" content=\"image\/jpeg\" \/>\n<meta name=\"twitter:card\" content=\"summary_large_image\" \/>\n<meta name=\"twitter:label1\" content=\"Gesch\u00e4tzte Lesezeit\" \/>\n\t<meta name=\"twitter:data1\" content=\"2\u00a0Minuten\" \/>\n<script type=\"application\/ld+json\" class=\"yoast-schema-graph\">{\"@context\":\"https:\/\/schema.org\",\"@graph\":[{\"@type\":\"WebPage\",\"@id\":\"https:\/\/easyliferobo.com\/de\/product\/roboterhund-kinder-ferngesteuerter-roboterhund-programmierbar-sprachgesteuert-nur-englisch-intelligenter-interaktiver-roboterhund-singender-tanz-hunderoboter-als-geschenk-fuer-kinder-2\/\",\"url\":\"https:\/\/easyliferobo.com\/de\/product\/roboterhund-kinder-ferngesteuerter-roboterhund-programmierbar-sprachgesteuert-nur-englisch-intelligenter-interaktiver-roboterhund-singender-tanz-hunderoboter-als-geschenk-fuer-kinder-2\/\",\"name\":\"Roboterhund Kinder, ferngesteuerter Roboterhund programmierbar, sprachgesteuert (nur Englisch), intelligenter interaktiver Roboterhund, singender Tanz, Hunderoboter als Geschenk f\u00fcr Kinder - EasyLifeBro\",\"isPartOf\":{\"@id\":\"https:\/\/easyliferobo.com\/de\/#website\"},\"primaryImageOfPage\":{\"@id\":\"https:\/\/easyliferobo.com\/de\/product\/roboterhund-kinder-ferngesteuerter-roboterhund-programmierbar-sprachgesteuert-nur-englisch-intelligenter-interaktiver-roboterhund-singender-tanz-hunderoboter-als-geschenk-fuer-kinder-2\/#primaryimage\"},\"image\":{\"@id\":\"https:\/\/easyliferobo.com\/de\/product\/roboterhund-kinder-ferngesteuerter-roboterhund-programmierbar-sprachgesteuert-nur-englisch-intelligenter-interaktiver-roboterhund-singender-tanz-hunderoboter-als-geschenk-fuer-kinder-2\/#primaryimage\"},\"thumbnailUrl\":\"https:\/\/easyliferobo.com\/de\/wp-content\/uploads\/2026\/02\/61MLX9DjsL._AC_SL1500_.jpg\",\"datePublished\":\"2026-02-22T23:26:26+00:00\",\"dateModified\":\"2026-02-22T23:26:51+00:00\",\"description\":\"Entdecken Sie smarte Roboter f\u00fcr Zuhause, Garten, Bildung und Sicherheit. Vergleichen Sie Saugroboter, Rasenm\u00e4hroboter, KI-Begleitroboter und mehr bei EasyLifeRobo.\",\"breadcrumb\":{\"@id\":\"https:\/\/easyliferobo.com\/de\/product\/roboterhund-kinder-ferngesteuerter-roboterhund-programmierbar-sprachgesteuert-nur-englisch-intelligenter-interaktiver-roboterhund-singender-tanz-hunderoboter-als-geschenk-fuer-kinder-2\/#breadcrumb\"},\"inLanguage\":\"de\",\"potentialAction\":[{\"@type\":\"ReadAction\",\"target\":[\"https:\/\/easyliferobo.com\/de\/product\/roboterhund-kinder-ferngesteuerter-roboterhund-programmierbar-sprachgesteuert-nur-englisch-intelligenter-interaktiver-roboterhund-singender-tanz-hunderoboter-als-geschenk-fuer-kinder-2\/\"]}]},{\"@type\":\"ImageObject\",\"inLanguage\":\"de\",\"@id\":\"https:\/\/easyliferobo.com\/de\/product\/roboterhund-kinder-ferngesteuerter-roboterhund-programmierbar-sprachgesteuert-nur-englisch-intelligenter-interaktiver-roboterhund-singender-tanz-hunderoboter-als-geschenk-fuer-kinder-2\/#primaryimage\",\"url\":\"https:\/\/easyliferobo.com\/de\/wp-content\/uploads\/2026\/02\/61MLX9DjsL._AC_SL1500_.jpg\",\"contentUrl\":\"https:\/\/easyliferobo.com\/de\/wp-content\/uploads\/2026\/02\/61MLX9DjsL._AC_SL1500_.jpg\",\"width\":1493,\"height\":1500},{\"@type\":\"BreadcrumbList\",\"@id\":\"https:\/\/easyliferobo.com\/de\/product\/roboterhund-kinder-ferngesteuerter-roboterhund-programmierbar-sprachgesteuert-nur-englisch-intelligenter-interaktiver-roboterhund-singender-tanz-hunderoboter-als-geschenk-fuer-kinder-2\/#breadcrumb\",\"itemListElement\":[{\"@type\":\"ListItem\",\"position\":1,\"name\":\"Home\",\"item\":\"https:\/\/easyliferobo.com\/de\/\"},{\"@type\":\"ListItem\",\"position\":2,\"name\":\"Shop\",\"item\":\"https:\/\/easyliferobo.com\/de\/shop\/\"},{\"@type\":\"ListItem\",\"position\":3,\"name\":\"Roboterhund Kinder, ferngesteuerter...\"}]},{\"@type\":\"WebSite\",\"@id\":\"https:\/\/easyliferobo.com\/de\/#website\",\"url\":\"https:\/\/easyliferobo.com\/de\/\",\"name\":\"EasyLifeBro\",\"description\":\"Smarte Roboter f\u00fcr Zuhause, Garten &amp; Bildung\",\"publisher\":{\"@id\":\"https:\/\/easyliferobo.com\/de\/#organization\"},\"potentialAction\":[{\"@type\":\"SearchAction\",\"target\":{\"@type\":\"EntryPoint\",\"urlTemplate\":\"https:\/\/easyliferobo.com\/de\/?s={search_term_string}\"},\"query-input\":{\"@type\":\"PropertyValueSpecification\",\"valueRequired\":true,\"valueName\":\"search_term_string\"}}],\"inLanguage\":\"de\"},{\"@type\":\"Organization\",\"@id\":\"https:\/\/easyliferobo.com\/de\/#organization\",\"name\":\"EasyLifeBro\",\"url\":\"https:\/\/easyliferobo.com\/de\/\",\"logo\":{\"@type\":\"ImageObject\",\"inLanguage\":\"de\",\"@id\":\"https:\/\/easyliferobo.com\/de\/#\/schema\/logo\/image\/\",\"url\":\"https:\/\/easyliferobo.com\/de\/wp-content\/uploads\/2026\/02\/Screenshot-2026-02-22-at-2.25.03-PM.png\",\"contentUrl\":\"https:\/\/easyliferobo.com\/de\/wp-content\/uploads\/2026\/02\/Screenshot-2026-02-22-at-2.25.03-PM.png\",\"width\":1858,\"height\":430,\"caption\":\"EasyLifeBro\"},\"image\":{\"@id\":\"https:\/\/easyliferobo.com\/de\/#\/schema\/logo\/image\/\"}}]}<\/script>\n<!-- \/ Yoast SEO plugin. -->","yoast_head_json":{"title":"Roboterhund Kinder, ferngesteuerter Roboterhund programmierbar, sprachgesteuert (nur Englisch), intelligenter interaktiver Roboterhund, singender Tanz, Hunderoboter als Geschenk f\u00fcr Kinder - EasyLifeBro","description":"Entdecken Sie smarte Roboter f\u00fcr Zuhause, Garten, Bildung und Sicherheit. Vergleichen Sie Saugroboter, Rasenm\u00e4hroboter, KI-Begleitroboter und mehr bei EasyLifeRobo.","robots":{"index":"index","follow":"follow","max-snippet":"max-snippet:-1","max-image-preview":"max-image-preview:large","max-video-preview":"max-video-preview:-1"},"canonical":"https:\/\/easyliferobo.com\/de\/product\/roboterhund-kinder-ferngesteuerter-roboterhund-programmierbar-sprachgesteuert-nur-englisch-intelligenter-interaktiver-roboterhund-singender-tanz-hunderoboter-als-geschenk-fuer-kinder-2\/","og_locale":"de_DE","og_type":"article","og_title":"Roboterhund Kinder, ferngesteuerter Roboterhund programmierbar, sprachgesteuert (nur Englisch), intelligenter interaktiver Roboterhund, singender Tanz, Hunderoboter als Geschenk f\u00fcr Kinder - EasyLifeBro","og_description":"Entdecken Sie smarte Roboter f\u00fcr Zuhause, Garten, Bildung und Sicherheit. Vergleichen Sie Saugroboter, Rasenm\u00e4hroboter, KI-Begleitroboter und mehr bei EasyLifeRobo.","og_url":"https:\/\/easyliferobo.com\/de\/product\/roboterhund-kinder-ferngesteuerter-roboterhund-programmierbar-sprachgesteuert-nur-englisch-intelligenter-interaktiver-roboterhund-singender-tanz-hunderoboter-als-geschenk-fuer-kinder-2\/","og_site_name":"EasyLifeBro","article_modified_time":"2026-02-22T23:26:51+00:00","og_image":[{"width":1493,"height":1500,"url":"https:\/\/easyliferobo.com\/de\/wp-content\/uploads\/2026\/02\/61MLX9DjsL._AC_SL1500_.jpg","type":"image\/jpeg"}],"twitter_card":"summary_large_image","twitter_misc":{"Gesch\u00e4tzte Lesezeit":"2\u00a0Minuten"},"schema":{"@context":"https:\/\/schema.org","@graph":[{"@type":"WebPage","@id":"https:\/\/easyliferobo.com\/de\/product\/roboterhund-kinder-ferngesteuerter-roboterhund-programmierbar-sprachgesteuert-nur-englisch-intelligenter-interaktiver-roboterhund-singender-tanz-hunderoboter-als-geschenk-fuer-kinder-2\/","url":"https:\/\/easyliferobo.com\/de\/product\/roboterhund-kinder-ferngesteuerter-roboterhund-programmierbar-sprachgesteuert-nur-englisch-intelligenter-interaktiver-roboterhund-singender-tanz-hunderoboter-als-geschenk-fuer-kinder-2\/","name":"Roboterhund Kinder, ferngesteuerter Roboterhund programmierbar, sprachgesteuert (nur Englisch), intelligenter interaktiver Roboterhund, singender Tanz, Hunderoboter als Geschenk f\u00fcr Kinder - EasyLifeBro","isPartOf":{"@id":"https:\/\/easyliferobo.com\/de\/#website"},"primaryImageOfPage":{"@id":"https:\/\/easyliferobo.com\/de\/product\/roboterhund-kinder-ferngesteuerter-roboterhund-programmierbar-sprachgesteuert-nur-englisch-intelligenter-interaktiver-roboterhund-singender-tanz-hunderoboter-als-geschenk-fuer-kinder-2\/#primaryimage"},"image":{"@id":"https:\/\/easyliferobo.com\/de\/product\/roboterhund-kinder-ferngesteuerter-roboterhund-programmierbar-sprachgesteuert-nur-englisch-intelligenter-interaktiver-roboterhund-singender-tanz-hunderoboter-als-geschenk-fuer-kinder-2\/#primaryimage"},"thumbnailUrl":"https:\/\/easyliferobo.com\/de\/wp-content\/uploads\/2026\/02\/61MLX9DjsL._AC_SL1500_.jpg","datePublished":"2026-02-22T23:26:26+00:00","dateModified":"2026-02-22T23:26:51+00:00","description":"Entdecken Sie smarte Roboter f\u00fcr Zuhause, Garten, Bildung und Sicherheit. Vergleichen Sie Saugroboter, Rasenm\u00e4hroboter, KI-Begleitroboter und mehr bei EasyLifeRobo.","breadcrumb":{"@id":"https:\/\/easyliferobo.com\/de\/product\/roboterhund-kinder-ferngesteuerter-roboterhund-programmierbar-sprachgesteuert-nur-englisch-intelligenter-interaktiver-roboterhund-singender-tanz-hunderoboter-als-geschenk-fuer-kinder-2\/#breadcrumb"},"inLanguage":"de","potentialAction":[{"@type":"ReadAction","target":["https:\/\/easyliferobo.com\/de\/product\/roboterhund-kinder-ferngesteuerter-roboterhund-programmierbar-sprachgesteuert-nur-englisch-intelligenter-interaktiver-roboterhund-singender-tanz-hunderoboter-als-geschenk-fuer-kinder-2\/"]}]},{"@type":"ImageObject","inLanguage":"de","@id":"https:\/\/easyliferobo.com\/de\/product\/roboterhund-kinder-ferngesteuerter-roboterhund-programmierbar-sprachgesteuert-nur-englisch-intelligenter-interaktiver-roboterhund-singender-tanz-hunderoboter-als-geschenk-fuer-kinder-2\/#primaryimage","url":"https:\/\/easyliferobo.com\/de\/wp-content\/uploads\/2026\/02\/61MLX9DjsL._AC_SL1500_.jpg","contentUrl":"https:\/\/easyliferobo.com\/de\/wp-content\/uploads\/2026\/02\/61MLX9DjsL._AC_SL1500_.jpg","width":1493,"height":1500},{"@type":"BreadcrumbList","@id":"https:\/\/easyliferobo.com\/de\/product\/roboterhund-kinder-ferngesteuerter-roboterhund-programmierbar-sprachgesteuert-nur-englisch-intelligenter-interaktiver-roboterhund-singender-tanz-hunderoboter-als-geschenk-fuer-kinder-2\/#breadcrumb","itemListElement":[{"@type":"ListItem","position":1,"name":"Home","item":"https:\/\/easyliferobo.com\/de\/"},{"@type":"ListItem","position":2,"name":"Shop","item":"https:\/\/easyliferobo.com\/de\/shop\/"},{"@type":"ListItem","position":3,"name":"Roboterhund Kinder, ferngesteuerter..."}]},{"@type":"WebSite","@id":"https:\/\/easyliferobo.com\/de\/#website","url":"https:\/\/easyliferobo.com\/de\/","name":"EasyLifeBro","description":"Smarte Roboter f\u00fcr Zuhause, Garten &amp; Bildung","publisher":{"@id":"https:\/\/easyliferobo.com\/de\/#organization"},"potentialAction":[{"@type":"SearchAction","target":{"@type":"EntryPoint","urlTemplate":"https:\/\/easyliferobo.com\/de\/?s={search_term_string}"},"query-input":{"@type":"PropertyValueSpecification","valueRequired":true,"valueName":"search_term_string"}}],"inLanguage":"de"},{"@type":"Organization","@id":"https:\/\/easyliferobo.com\/de\/#organization","name":"EasyLifeBro","url":"https:\/\/easyliferobo.com\/de\/","logo":{"@type":"ImageObject","inLanguage":"de","@id":"https:\/\/easyliferobo.com\/de\/#\/schema\/logo\/image\/","url":"https:\/\/easyliferobo.com\/de\/wp-content\/uploads\/2026\/02\/Screenshot-2026-02-22-at-2.25.03-PM.png","contentUrl":"https:\/\/easyliferobo.com\/de\/wp-content\/uploads\/2026\/02\/Screenshot-2026-02-22-at-2.25.03-PM.png","width":1858,"height":430,"caption":"EasyLifeBro"},"image":{"@id":"https:\/\/easyliferobo.com\/de\/#\/schema\/logo\/image\/"}}]}},"_links":{"self":[{"href":"https:\/\/easyliferobo.com\/de\/wp-json\/wp\/v2\/product\/1367","targetHints":{"allow":["GET"]}}],"collection":[{"href":"https:\/\/easyliferobo.com\/de\/wp-json\/wp\/v2\/product"}],"about":[{"href":"https:\/\/easyliferobo.com\/de\/wp-json\/wp\/v2\/types\/product"}],"replies":[{"embeddable":true,"href":"https:\/\/easyliferobo.com\/de\/wp-json\/wp\/v2\/comments?post=1367"}],"wp:featuredmedia":[{"embeddable":true,"href":"https:\/\/easyliferobo.com\/de\/wp-json\/wp\/v2\/media\/1368"}],"wp:attachment":[{"href":"https:\/\/easyliferobo.com\/de\/wp-json\/wp\/v2\/media?parent=1367"}],"wp:term":[{"taxonomy":"store","embeddable":true,"href":"https:\/\/easyliferobo.com\/de\/wp-json\/wp\/v2\/store?post=1367"},{"taxonomy":"product_brand","embeddable":true,"href":"https:\/\/easyliferobo.com\/de\/wp-json\/wp\/v2\/product_brand?post=1367"},{"taxonomy":"product_cat","embeddable":true,"href":"https:\/\/easyliferobo.com\/de\/wp-json\/wp\/v2\/product_cat?post=1367"},{"taxonomy":"product_tag","embeddable":true,"href":"https:\/\/easyliferobo.com\/de\/wp-json\/wp\/v2\/product_tag?post=1367"}],"curies":[{"name":"wp","href":"https:\/\/api.w.org\/{rel}","templated":true}]}}