
{"id":1350,"date":"2026-02-22T20:18:33","date_gmt":"2026-02-22T20:18:33","guid":{"rendered":"https:\/\/easyliferobo.com\/de\/product\/kekoy-112-cm-greifer-mit-licht-faltbarer-greifer-fuer-senioren-greifzange-drehbarer-kopf-greifhilfe-fuer-senioren-mit-magnet-langes-greifwerkzeug-mit-magnetspitzen-orange-1-stueck\/"},"modified":"2026-02-22T20:18:45","modified_gmt":"2026-02-22T20:18:45","slug":"kekoy-112-cm-greifer-mit-licht-faltbarer-greifer-fuer-senioren-greifzange-drehbarer-kopf-greifhilfe-fuer-senioren-mit-magnet-langes-greifwerkzeug-mit-magnetspitzen-orange-1-stueck","status":"publish","type":"product","link":"https:\/\/easyliferobo.com\/de\/product\/kekoy-112-cm-greifer-mit-licht-faltbarer-greifer-fuer-senioren-greifzange-drehbarer-kopf-greifhilfe-fuer-senioren-mit-magnet-langes-greifwerkzeug-mit-magnetspitzen-orange-1-stueck\/","title":{"rendered":"Kekoy 112 cm Greifer mit Licht, fal..."},"content":{"rendered":"<p>\n                                             Von der Marke   <\/p>\n<p>                                              <img decoding=\"async\" alt=\"Aplus-Inhaltsbild\" src=\"https:\/\/images-na.ssl-images-amazon.com\/images\/G\/01\/x-locale\/common\/grey-pixel.gif\" class=\"a-lazy-loaded\" data-src=\"https:\/\/m.media-amazon.com\/images\/S\/aplus-media-library-service-media\/0fea20ee-9c62-4075-aeb2-c54e4a7bdaaa.__CR0,0,1464,625_PT0_SX1464_V1___.jpg\"><img decoding=\"async\" alt=\"Aplus-Inhaltsbild\" src=\"https:\/\/m.media-amazon.com\/images\/S\/aplus-media-library-service-media\/0fea20ee-9c62-4075-aeb2-c54e4a7bdaaa.__CR0,0,1464,625_PT0_SX1464_V1___.jpg\">  <\/p>\n<p>                                              <img decoding=\"async\" alt=\"\" src=\"https:\/\/images-na.ssl-images-amazon.com\/images\/G\/01\/x-locale\/common\/grey-pixel.gif\" class=\"a-lazy-loaded\" data-src=\"https:\/\/m.media-amazon.com\/images\/S\/aplus-media-library-service-media\/e8eb0665-3624-4360-89f9-a4882d71fdc0.__CR0,0,315,145_PT0_SX315_V1___.png\"><img decoding=\"async\" alt=\"\" src=\"https:\/\/m.media-amazon.com\/images\/S\/aplus-media-library-service-media\/e8eb0665-3624-4360-89f9-a4882d71fdc0.__CR0,0,315,145_PT0_SX315_V1___.png\">  <\/p>\n<p>  Warum KEKOY? <\/p>\n<p>  Wir unterst\u00fctzen Senioren mit innovativen lebenserhaltenden Produkten, die den Alltag erleichtern und mehr Unabh\u00e4ngigkeit, positive Einstellung und Optimismus f\u00f6rdern. <\/p>\n<h3>  Greifer (66 cm bis 110 cm) <\/h3>\n<p>                                              <img decoding=\"async\" alt=\"Aplus-Inhaltsbild\" src=\"https:\/\/images-na.ssl-images-amazon.com\/images\/G\/01\/x-locale\/common\/grey-pixel.gif\" class=\"a-lazy-loaded\" data-src=\"https:\/\/m.media-amazon.com\/images\/S\/aplus-media-library-service-media\/00a9c159-9d09-4591-abc4-cc66a7cfda60.__CR0,0,362,453_PT0_SX362_V1___.jpg\"><img decoding=\"async\" alt=\"Aplus-Inhaltsbild\" src=\"https:\/\/m.media-amazon.com\/images\/S\/aplus-media-library-service-media\/00a9c159-9d09-4591-abc4-cc66a7cfda60.__CR0,0,362,453_PT0_SX362_V1___.jpg\">  <\/p>\n<h3>  32-Zoll-Greifer mit LED-Licht <\/h3>\n<h3>  Greifer (110 cm) mit LED-Licht <\/h3>\n<h3>  Sockenhilfen (10 cm bis 11,4 cm) <\/h3>\n<h3>  Anziehhilfe mit Schuhl\u00f6ffel <\/h3>\n<h3>  Anziehhilfen <\/h3>\n<h3>  Anziehhilfen <\/h3>\n<h3>  Hip-OP-Reha-Sets <\/h3>\n<h3>  Schlafzimmerhilfen <\/h3>\n<p>  Verpackungsabmessungen: 38,7 x 15,6 x 4,2 cm; 310 g   <br \/> Hersteller \u200f : \u200e Kekoy   <br \/> ASIN \u200f : \u200e B0DSFD72VW   <br \/> Herstellerreferenz \u200f : \u200e BR44-0-1   <br \/> Herkunftsland \u200f : \u200e China   <br \/>  Kundenrezensionen: 4,5 4,5 von 5 Sternen (940) var dpAcrHasRegisteredArcLinkClickAction; P.when(&#8218;A&#8216;, &#8218;ready&#8216;).execute(function(A) { if (dpAcrHasRegisteredArcLinkClickAction !== true) { dpAcrHasRegisteredArcLinkClickAction = true; A.declarative( &#8218;acrLink-click-metrics&#8216;, &#8218;click&#8216;, { &#8222;allowLinkDefault&#8220;: true }, function (event) { if (window.ue) { ue.count(&#8222;acrLinkClickCount&#8220;, (ue.count(&#8222;acrLinkClickCount&#8220;) || 0) + 1 } } }); P.when(&#8218;A&#8216;, &#8218;cf&#8216;).execute(function(A) { A.declarative(&#8218;acrStarsLink-click-metrics&#8216;, &#8218;click&#8216;, { &#8222;allowLinkDefault&#8220; : true }, function(event){ if(window.ue) { ue.count(&#8222;acrStarsLinkWithPopoverClickCount&#8220;, (ue.count(&#8222;acrStarsLinkWithPopoverClickCount&#8220;) || 0) + 1); } }); });                          <br \/>Extra langer 112 cm Greifer f\u00fcr Senioren. Hinweis: Nicht zum Aufnehmen schwerer Gegenst\u00e4nde geeignet, nur f\u00fcr 450 g. L\u00e4nger als die meisten anderen Greifer. Mit diesem hilfreichen Handgreifer k\u00f6nnen Sie alles, was Sie brauchen, ganz einfach greifen, egal ob auf einem hohen Regal oder auf dem Boden. Holen Sie sich, was Sie wollen, ohne sich zu b\u00fccken.<br \/>Verbesserter M\u00fcllgreifer mit Scheinwerfer: Dieser Scheinwerfer eignet sich zum genauen Auffinden von Gegenst\u00e4nden in dunklen Umgebungen und greift m\u00fchelos alles, was in Ritzen, unter das Bett oder unter das Sofa f\u00e4llt. Batterie im Lieferumfang enthalten. Ziehen Sie einfach die Isolierfolie ab und schon k\u00f6nnen Sie den Scheinwerfer verwenden. Das magnetische Design des Greifkopfes erleichtert das Greifen von Schl\u00fcsseln, L\u00f6ffeln und anderen Leichtmetallgegenst\u00e4nden.<br \/>Langlebig und tragbar: Dieser faltbare Greifer besteht aus hochbelastbarem Aluminiumlegierungsmaterial und verf\u00fcgt \u00fcber ein faltbares Design, das sich nicht nur perfekt f\u00fcr K\u00fcchen und Schlafzimmer eignet, sondern auch zum Sammeln von M\u00fcll, Tierkot, Bl\u00e4ttern usw. geeignet ist. Dar\u00fcber hinaus ist er offen. Der Haken kann \u00fcberall aufgeh\u00e4ngt werden, was Platz spart und f\u00fcr Ordnung im Raum sorgt.<br \/>Praktische Magnete und drehbarer Kopf: Ausgestattet mit leistungsstarken Magneten, mit denen Sie kleine Metallgegenst\u00e4nde wie M\u00fcnzen, N\u00e4gel oder Batterien problemlos festhalten k\u00f6nnen. und einem um 90\u00b0 drehbaren Kopf, der sowohl vertikal als auch horizontal f\u00fcr den Einsatz an schwer zug\u00e4nglichen Stellen wie hinter M\u00f6beln und Ger\u00e4ten verwendet werden kann, ist dies ein unverzichtbares Werkzeug f\u00fcr alle, die allt\u00e4gliche Aufgaben vereinfachen m\u00f6chten.<br \/>Vielseitig und f\u00fcr jeden geeignet: Greifzangen sind sehr einfach zu bedienen und f\u00fcr jeden geeignet. Es kann zum Aufsammeln von M\u00fcll, zum Greifen hoher Gegenst\u00e4nde, zum Greifen von Gras, zum Greifen unter dem Sofa, zum Greifen schmutziger Kleidung usw. verwendet werden. \u00c4ltere Menschen, \u00e4ltere Menschen, schwangere Frauen, M\u00fctter, behinderte Menschen, Menschen nach einer Operation oder sogar jeder kann es verwenden<\/p>\n<p>[ad_2]<\/p>\n","protected":false},"excerpt":{"rendered":"<p>Von der Marke Warum KEKOY? Wir unterst\u00fctzen Senioren mit innovativen lebenserhaltenden Produkten, die den Alltag erleichtern und mehr Unabh\u00e4ngigkeit, positive Einstellung und Optimismus f\u00f6rdern. Greifer (66 cm bis 110 cm) 32-Zoll-Greifer mit LED-Licht Greifer (110 cm) mit LED-Licht Sockenhilfen (10 cm bis 11,4 cm) Anziehhilfe mit Schuhl\u00f6ffel Anziehhilfen Anziehhilfen Hip-OP-Reha-Sets Schlafzimmerhilfen Verpackungsabmessungen: 38,7 x 15,6 [&hellip;]<\/p>\n","protected":false},"featured_media":1351,"comment_status":"open","ping_status":"closed","template":"","meta":{"_aipt_faq_data":""},"store":[],"product_brand":[],"product_cat":[99],"product_tag":[273],"class_list":{"0":"post-1350","1":"product","2":"type-product","3":"status-publish","4":"has-post-thumbnail","6":"product_cat-tisch-roboterarme","7":"product_tag-tisch-roboterarme-mit-greifer","9":"first","10":"instock","11":"shipping-taxable","12":"product-type-external"},"yoast_head":"<!-- This site is optimized with the Yoast SEO plugin v27.0 - https:\/\/yoast.com\/product\/yoast-seo-wordpress\/ -->\n<title>Kekoy 112 cm Greifer mit Licht, faltbarer Greifer f\u00fcr Senioren, Greifzange, drehbarer Kopf, Greifhilfe f\u00fcr Senioren mit Magnet, langes Greifwerkzeug mit Magnetspitzen (Orange, 1 St\u00fcck) - EasyLifeBro<\/title>\n<meta name=\"description\" content=\"Entdecken Sie smarte Roboter f\u00fcr Zuhause, Garten, Bildung und Sicherheit. Vergleichen Sie Saugroboter, Rasenm\u00e4hroboter, KI-Begleitroboter und mehr bei EasyLifeRobo.\" \/>\n<meta name=\"robots\" content=\"index, follow, max-snippet:-1, max-image-preview:large, max-video-preview:-1\" \/>\n<link rel=\"canonical\" href=\"https:\/\/easyliferobo.com\/de\/product\/kekoy-112-cm-greifer-mit-licht-faltbarer-greifer-fuer-senioren-greifzange-drehbarer-kopf-greifhilfe-fuer-senioren-mit-magnet-langes-greifwerkzeug-mit-magnetspitzen-orange-1-stueck\/\" \/>\n<meta property=\"og:locale\" content=\"de_DE\" \/>\n<meta property=\"og:type\" content=\"article\" \/>\n<meta property=\"og:title\" content=\"Kekoy 112 cm Greifer mit Licht, faltbarer Greifer f\u00fcr Senioren, Greifzange, drehbarer Kopf, Greifhilfe f\u00fcr Senioren mit Magnet, langes Greifwerkzeug mit Magnetspitzen (Orange, 1 St\u00fcck) - EasyLifeBro\" \/>\n<meta property=\"og:description\" content=\"Entdecken Sie smarte Roboter f\u00fcr Zuhause, Garten, Bildung und Sicherheit. Vergleichen Sie Saugroboter, Rasenm\u00e4hroboter, KI-Begleitroboter und mehr bei EasyLifeRobo.\" \/>\n<meta property=\"og:url\" content=\"https:\/\/easyliferobo.com\/de\/product\/kekoy-112-cm-greifer-mit-licht-faltbarer-greifer-fuer-senioren-greifzange-drehbarer-kopf-greifhilfe-fuer-senioren-mit-magnet-langes-greifwerkzeug-mit-magnetspitzen-orange-1-stueck\/\" \/>\n<meta property=\"og:site_name\" content=\"EasyLifeBro\" \/>\n<meta property=\"article:modified_time\" content=\"2026-02-22T20:18:45+00:00\" \/>\n<meta property=\"og:image\" content=\"https:\/\/easyliferobo.com\/de\/wp-content\/uploads\/2026\/02\/61XsJvnpzL._AC_SL1500_.jpg\" \/>\n\t<meta property=\"og:image:width\" content=\"1484\" \/>\n\t<meta property=\"og:image:height\" content=\"1500\" \/>\n\t<meta property=\"og:image:type\" content=\"image\/jpeg\" \/>\n<meta name=\"twitter:card\" content=\"summary_large_image\" \/>\n<meta name=\"twitter:label1\" content=\"Gesch\u00e4tzte Lesezeit\" \/>\n\t<meta name=\"twitter:data1\" content=\"2\u00a0Minuten\" \/>\n<script type=\"application\/ld+json\" class=\"yoast-schema-graph\">{\"@context\":\"https:\/\/schema.org\",\"@graph\":[{\"@type\":\"WebPage\",\"@id\":\"https:\/\/easyliferobo.com\/de\/product\/kekoy-112-cm-greifer-mit-licht-faltbarer-greifer-fuer-senioren-greifzange-drehbarer-kopf-greifhilfe-fuer-senioren-mit-magnet-langes-greifwerkzeug-mit-magnetspitzen-orange-1-stueck\/\",\"url\":\"https:\/\/easyliferobo.com\/de\/product\/kekoy-112-cm-greifer-mit-licht-faltbarer-greifer-fuer-senioren-greifzange-drehbarer-kopf-greifhilfe-fuer-senioren-mit-magnet-langes-greifwerkzeug-mit-magnetspitzen-orange-1-stueck\/\",\"name\":\"Kekoy 112 cm Greifer mit Licht, faltbarer Greifer f\u00fcr Senioren, Greifzange, drehbarer Kopf, Greifhilfe f\u00fcr Senioren mit Magnet, langes Greifwerkzeug mit Magnetspitzen (Orange, 1 St\u00fcck) - EasyLifeBro\",\"isPartOf\":{\"@id\":\"https:\/\/easyliferobo.com\/de\/#website\"},\"primaryImageOfPage\":{\"@id\":\"https:\/\/easyliferobo.com\/de\/product\/kekoy-112-cm-greifer-mit-licht-faltbarer-greifer-fuer-senioren-greifzange-drehbarer-kopf-greifhilfe-fuer-senioren-mit-magnet-langes-greifwerkzeug-mit-magnetspitzen-orange-1-stueck\/#primaryimage\"},\"image\":{\"@id\":\"https:\/\/easyliferobo.com\/de\/product\/kekoy-112-cm-greifer-mit-licht-faltbarer-greifer-fuer-senioren-greifzange-drehbarer-kopf-greifhilfe-fuer-senioren-mit-magnet-langes-greifwerkzeug-mit-magnetspitzen-orange-1-stueck\/#primaryimage\"},\"thumbnailUrl\":\"https:\/\/easyliferobo.com\/de\/wp-content\/uploads\/2026\/02\/61XsJvnpzL._AC_SL1500_.jpg\",\"datePublished\":\"2026-02-22T20:18:33+00:00\",\"dateModified\":\"2026-02-22T20:18:45+00:00\",\"description\":\"Entdecken Sie smarte Roboter f\u00fcr Zuhause, Garten, Bildung und Sicherheit. Vergleichen Sie Saugroboter, Rasenm\u00e4hroboter, KI-Begleitroboter und mehr bei EasyLifeRobo.\",\"breadcrumb\":{\"@id\":\"https:\/\/easyliferobo.com\/de\/product\/kekoy-112-cm-greifer-mit-licht-faltbarer-greifer-fuer-senioren-greifzange-drehbarer-kopf-greifhilfe-fuer-senioren-mit-magnet-langes-greifwerkzeug-mit-magnetspitzen-orange-1-stueck\/#breadcrumb\"},\"inLanguage\":\"de\",\"potentialAction\":[{\"@type\":\"ReadAction\",\"target\":[\"https:\/\/easyliferobo.com\/de\/product\/kekoy-112-cm-greifer-mit-licht-faltbarer-greifer-fuer-senioren-greifzange-drehbarer-kopf-greifhilfe-fuer-senioren-mit-magnet-langes-greifwerkzeug-mit-magnetspitzen-orange-1-stueck\/\"]}]},{\"@type\":\"ImageObject\",\"inLanguage\":\"de\",\"@id\":\"https:\/\/easyliferobo.com\/de\/product\/kekoy-112-cm-greifer-mit-licht-faltbarer-greifer-fuer-senioren-greifzange-drehbarer-kopf-greifhilfe-fuer-senioren-mit-magnet-langes-greifwerkzeug-mit-magnetspitzen-orange-1-stueck\/#primaryimage\",\"url\":\"https:\/\/easyliferobo.com\/de\/wp-content\/uploads\/2026\/02\/61XsJvnpzL._AC_SL1500_.jpg\",\"contentUrl\":\"https:\/\/easyliferobo.com\/de\/wp-content\/uploads\/2026\/02\/61XsJvnpzL._AC_SL1500_.jpg\",\"width\":1484,\"height\":1500},{\"@type\":\"BreadcrumbList\",\"@id\":\"https:\/\/easyliferobo.com\/de\/product\/kekoy-112-cm-greifer-mit-licht-faltbarer-greifer-fuer-senioren-greifzange-drehbarer-kopf-greifhilfe-fuer-senioren-mit-magnet-langes-greifwerkzeug-mit-magnetspitzen-orange-1-stueck\/#breadcrumb\",\"itemListElement\":[{\"@type\":\"ListItem\",\"position\":1,\"name\":\"Home\",\"item\":\"https:\/\/easyliferobo.com\/de\/\"},{\"@type\":\"ListItem\",\"position\":2,\"name\":\"Shop\",\"item\":\"https:\/\/easyliferobo.com\/de\/shop\/\"},{\"@type\":\"ListItem\",\"position\":3,\"name\":\"Kekoy 112 cm Greifer mit Licht, fal...\"}]},{\"@type\":\"WebSite\",\"@id\":\"https:\/\/easyliferobo.com\/de\/#website\",\"url\":\"https:\/\/easyliferobo.com\/de\/\",\"name\":\"EasyLifeBro\",\"description\":\"Smarte Roboter f\u00fcr Zuhause, Garten &amp; Bildung\",\"publisher\":{\"@id\":\"https:\/\/easyliferobo.com\/de\/#organization\"},\"potentialAction\":[{\"@type\":\"SearchAction\",\"target\":{\"@type\":\"EntryPoint\",\"urlTemplate\":\"https:\/\/easyliferobo.com\/de\/?s={search_term_string}\"},\"query-input\":{\"@type\":\"PropertyValueSpecification\",\"valueRequired\":true,\"valueName\":\"search_term_string\"}}],\"inLanguage\":\"de\"},{\"@type\":\"Organization\",\"@id\":\"https:\/\/easyliferobo.com\/de\/#organization\",\"name\":\"EasyLifeBro\",\"url\":\"https:\/\/easyliferobo.com\/de\/\",\"logo\":{\"@type\":\"ImageObject\",\"inLanguage\":\"de\",\"@id\":\"https:\/\/easyliferobo.com\/de\/#\/schema\/logo\/image\/\",\"url\":\"https:\/\/easyliferobo.com\/de\/wp-content\/uploads\/2026\/02\/Screenshot-2026-02-22-at-2.25.03-PM.png\",\"contentUrl\":\"https:\/\/easyliferobo.com\/de\/wp-content\/uploads\/2026\/02\/Screenshot-2026-02-22-at-2.25.03-PM.png\",\"width\":1858,\"height\":430,\"caption\":\"EasyLifeBro\"},\"image\":{\"@id\":\"https:\/\/easyliferobo.com\/de\/#\/schema\/logo\/image\/\"}}]}<\/script>\n<!-- \/ Yoast SEO plugin. -->","yoast_head_json":{"title":"Kekoy 112 cm Greifer mit Licht, faltbarer Greifer f\u00fcr Senioren, Greifzange, drehbarer Kopf, Greifhilfe f\u00fcr Senioren mit Magnet, langes Greifwerkzeug mit Magnetspitzen (Orange, 1 St\u00fcck) - EasyLifeBro","description":"Entdecken Sie smarte Roboter f\u00fcr Zuhause, Garten, Bildung und Sicherheit. Vergleichen Sie Saugroboter, Rasenm\u00e4hroboter, KI-Begleitroboter und mehr bei EasyLifeRobo.","robots":{"index":"index","follow":"follow","max-snippet":"max-snippet:-1","max-image-preview":"max-image-preview:large","max-video-preview":"max-video-preview:-1"},"canonical":"https:\/\/easyliferobo.com\/de\/product\/kekoy-112-cm-greifer-mit-licht-faltbarer-greifer-fuer-senioren-greifzange-drehbarer-kopf-greifhilfe-fuer-senioren-mit-magnet-langes-greifwerkzeug-mit-magnetspitzen-orange-1-stueck\/","og_locale":"de_DE","og_type":"article","og_title":"Kekoy 112 cm Greifer mit Licht, faltbarer Greifer f\u00fcr Senioren, Greifzange, drehbarer Kopf, Greifhilfe f\u00fcr Senioren mit Magnet, langes Greifwerkzeug mit Magnetspitzen (Orange, 1 St\u00fcck) - EasyLifeBro","og_description":"Entdecken Sie smarte Roboter f\u00fcr Zuhause, Garten, Bildung und Sicherheit. Vergleichen Sie Saugroboter, Rasenm\u00e4hroboter, KI-Begleitroboter und mehr bei EasyLifeRobo.","og_url":"https:\/\/easyliferobo.com\/de\/product\/kekoy-112-cm-greifer-mit-licht-faltbarer-greifer-fuer-senioren-greifzange-drehbarer-kopf-greifhilfe-fuer-senioren-mit-magnet-langes-greifwerkzeug-mit-magnetspitzen-orange-1-stueck\/","og_site_name":"EasyLifeBro","article_modified_time":"2026-02-22T20:18:45+00:00","og_image":[{"width":1484,"height":1500,"url":"https:\/\/easyliferobo.com\/de\/wp-content\/uploads\/2026\/02\/61XsJvnpzL._AC_SL1500_.jpg","type":"image\/jpeg"}],"twitter_card":"summary_large_image","twitter_misc":{"Gesch\u00e4tzte Lesezeit":"2\u00a0Minuten"},"schema":{"@context":"https:\/\/schema.org","@graph":[{"@type":"WebPage","@id":"https:\/\/easyliferobo.com\/de\/product\/kekoy-112-cm-greifer-mit-licht-faltbarer-greifer-fuer-senioren-greifzange-drehbarer-kopf-greifhilfe-fuer-senioren-mit-magnet-langes-greifwerkzeug-mit-magnetspitzen-orange-1-stueck\/","url":"https:\/\/easyliferobo.com\/de\/product\/kekoy-112-cm-greifer-mit-licht-faltbarer-greifer-fuer-senioren-greifzange-drehbarer-kopf-greifhilfe-fuer-senioren-mit-magnet-langes-greifwerkzeug-mit-magnetspitzen-orange-1-stueck\/","name":"Kekoy 112 cm Greifer mit Licht, faltbarer Greifer f\u00fcr Senioren, Greifzange, drehbarer Kopf, Greifhilfe f\u00fcr Senioren mit Magnet, langes Greifwerkzeug mit Magnetspitzen (Orange, 1 St\u00fcck) - EasyLifeBro","isPartOf":{"@id":"https:\/\/easyliferobo.com\/de\/#website"},"primaryImageOfPage":{"@id":"https:\/\/easyliferobo.com\/de\/product\/kekoy-112-cm-greifer-mit-licht-faltbarer-greifer-fuer-senioren-greifzange-drehbarer-kopf-greifhilfe-fuer-senioren-mit-magnet-langes-greifwerkzeug-mit-magnetspitzen-orange-1-stueck\/#primaryimage"},"image":{"@id":"https:\/\/easyliferobo.com\/de\/product\/kekoy-112-cm-greifer-mit-licht-faltbarer-greifer-fuer-senioren-greifzange-drehbarer-kopf-greifhilfe-fuer-senioren-mit-magnet-langes-greifwerkzeug-mit-magnetspitzen-orange-1-stueck\/#primaryimage"},"thumbnailUrl":"https:\/\/easyliferobo.com\/de\/wp-content\/uploads\/2026\/02\/61XsJvnpzL._AC_SL1500_.jpg","datePublished":"2026-02-22T20:18:33+00:00","dateModified":"2026-02-22T20:18:45+00:00","description":"Entdecken Sie smarte Roboter f\u00fcr Zuhause, Garten, Bildung und Sicherheit. Vergleichen Sie Saugroboter, Rasenm\u00e4hroboter, KI-Begleitroboter und mehr bei EasyLifeRobo.","breadcrumb":{"@id":"https:\/\/easyliferobo.com\/de\/product\/kekoy-112-cm-greifer-mit-licht-faltbarer-greifer-fuer-senioren-greifzange-drehbarer-kopf-greifhilfe-fuer-senioren-mit-magnet-langes-greifwerkzeug-mit-magnetspitzen-orange-1-stueck\/#breadcrumb"},"inLanguage":"de","potentialAction":[{"@type":"ReadAction","target":["https:\/\/easyliferobo.com\/de\/product\/kekoy-112-cm-greifer-mit-licht-faltbarer-greifer-fuer-senioren-greifzange-drehbarer-kopf-greifhilfe-fuer-senioren-mit-magnet-langes-greifwerkzeug-mit-magnetspitzen-orange-1-stueck\/"]}]},{"@type":"ImageObject","inLanguage":"de","@id":"https:\/\/easyliferobo.com\/de\/product\/kekoy-112-cm-greifer-mit-licht-faltbarer-greifer-fuer-senioren-greifzange-drehbarer-kopf-greifhilfe-fuer-senioren-mit-magnet-langes-greifwerkzeug-mit-magnetspitzen-orange-1-stueck\/#primaryimage","url":"https:\/\/easyliferobo.com\/de\/wp-content\/uploads\/2026\/02\/61XsJvnpzL._AC_SL1500_.jpg","contentUrl":"https:\/\/easyliferobo.com\/de\/wp-content\/uploads\/2026\/02\/61XsJvnpzL._AC_SL1500_.jpg","width":1484,"height":1500},{"@type":"BreadcrumbList","@id":"https:\/\/easyliferobo.com\/de\/product\/kekoy-112-cm-greifer-mit-licht-faltbarer-greifer-fuer-senioren-greifzange-drehbarer-kopf-greifhilfe-fuer-senioren-mit-magnet-langes-greifwerkzeug-mit-magnetspitzen-orange-1-stueck\/#breadcrumb","itemListElement":[{"@type":"ListItem","position":1,"name":"Home","item":"https:\/\/easyliferobo.com\/de\/"},{"@type":"ListItem","position":2,"name":"Shop","item":"https:\/\/easyliferobo.com\/de\/shop\/"},{"@type":"ListItem","position":3,"name":"Kekoy 112 cm Greifer mit Licht, fal..."}]},{"@type":"WebSite","@id":"https:\/\/easyliferobo.com\/de\/#website","url":"https:\/\/easyliferobo.com\/de\/","name":"EasyLifeBro","description":"Smarte Roboter f\u00fcr Zuhause, Garten &amp; Bildung","publisher":{"@id":"https:\/\/easyliferobo.com\/de\/#organization"},"potentialAction":[{"@type":"SearchAction","target":{"@type":"EntryPoint","urlTemplate":"https:\/\/easyliferobo.com\/de\/?s={search_term_string}"},"query-input":{"@type":"PropertyValueSpecification","valueRequired":true,"valueName":"search_term_string"}}],"inLanguage":"de"},{"@type":"Organization","@id":"https:\/\/easyliferobo.com\/de\/#organization","name":"EasyLifeBro","url":"https:\/\/easyliferobo.com\/de\/","logo":{"@type":"ImageObject","inLanguage":"de","@id":"https:\/\/easyliferobo.com\/de\/#\/schema\/logo\/image\/","url":"https:\/\/easyliferobo.com\/de\/wp-content\/uploads\/2026\/02\/Screenshot-2026-02-22-at-2.25.03-PM.png","contentUrl":"https:\/\/easyliferobo.com\/de\/wp-content\/uploads\/2026\/02\/Screenshot-2026-02-22-at-2.25.03-PM.png","width":1858,"height":430,"caption":"EasyLifeBro"},"image":{"@id":"https:\/\/easyliferobo.com\/de\/#\/schema\/logo\/image\/"}}]}},"_links":{"self":[{"href":"https:\/\/easyliferobo.com\/de\/wp-json\/wp\/v2\/product\/1350","targetHints":{"allow":["GET"]}}],"collection":[{"href":"https:\/\/easyliferobo.com\/de\/wp-json\/wp\/v2\/product"}],"about":[{"href":"https:\/\/easyliferobo.com\/de\/wp-json\/wp\/v2\/types\/product"}],"replies":[{"embeddable":true,"href":"https:\/\/easyliferobo.com\/de\/wp-json\/wp\/v2\/comments?post=1350"}],"wp:featuredmedia":[{"embeddable":true,"href":"https:\/\/easyliferobo.com\/de\/wp-json\/wp\/v2\/media\/1351"}],"wp:attachment":[{"href":"https:\/\/easyliferobo.com\/de\/wp-json\/wp\/v2\/media?parent=1350"}],"wp:term":[{"taxonomy":"store","embeddable":true,"href":"https:\/\/easyliferobo.com\/de\/wp-json\/wp\/v2\/store?post=1350"},{"taxonomy":"product_brand","embeddable":true,"href":"https:\/\/easyliferobo.com\/de\/wp-json\/wp\/v2\/product_brand?post=1350"},{"taxonomy":"product_cat","embeddable":true,"href":"https:\/\/easyliferobo.com\/de\/wp-json\/wp\/v2\/product_cat?post=1350"},{"taxonomy":"product_tag","embeddable":true,"href":"https:\/\/easyliferobo.com\/de\/wp-json\/wp\/v2\/product_tag?post=1350"}],"curies":[{"name":"wp","href":"https:\/\/api.w.org\/{rel}","templated":true}]}}