
{"id":1343,"date":"2026-02-22T20:16:31","date_gmt":"2026-02-22T20:16:31","guid":{"rendered":"https:\/\/easyliferobo.com\/de\/product\/kekoy-grabber-reacher\/"},"modified":"2026-02-22T20:16:43","modified_gmt":"2026-02-22T20:16:43","slug":"kekoy-grabber-reacher","status":"publish","type":"product","link":"https:\/\/easyliferobo.com\/de\/product\/kekoy-grabber-reacher\/","title":{"rendered":"Kekoy Grabber Reacher"},"content":{"rendered":"<p>\n                                             Produktbeschreibung   <\/p>\n<p>                                                                             <img decoding=\"async\" alt=\" \" src=\"https:\/\/images-na.ssl-images-amazon.com\/images\/G\/01\/x-locale\/common\/grey-pixel.gif\" class=\"a-spacing-base a-lazy-loaded\" data-src=\"https:\/\/m.media-amazon.com\/images\/S\/aplus-media\/sc\/871c2680-64f6-4020-8069-3355fc201cb9.__CR0,0,970,600_PT0_SX970_V1___.jpg\"><img decoding=\"async\" alt=\" \" src=\"https:\/\/m.media-amazon.com\/images\/S\/aplus-media\/sc\/871c2680-64f6-4020-8069-3355fc201cb9.__CR0,0,970,600_PT0_SX970_V1___.jpg\">                                                                     <\/p>\n<p class=\"a-spacing-base\">  1. Greifer-Werkzeuge f\u00fcr eine breite Anwendung <\/p>\n<p class=\"a-spacing-base\">  Sie k\u00f6nnen einen im Obergeschoss, einen im Erdgeschoss, einen in der K\u00fcche, einen im Schlafzimmer und einen im Garten platzieren. Diese Pick-up-Greifer erleichtern das Arbeiten an diesen Stellen. <\/p>\n<p class=\"a-spacing-base\">  2. Heller Scheinwerfer und Langzeitausdauer <\/p>\n<p class=\"a-spacing-base\">  Jede Batterie hat eine Lebensdauer von 120 Stunden. Denken Sie daran, den Schalter auszuschalten, da diese drei Batterien eine sehr lange Lebensdauer des Lichts gew\u00e4hrleisten k\u00f6nnen. Es ist sehr praktisch f\u00fcr Sie, Objekte in dunklen Umgebungen genau zu finden. <\/p>\n<p class=\"a-spacing-base\">  3. Leistungsstarke Magnetspitzen <\/p>\n<p class=\"a-spacing-base\">  Magnetische Haken k\u00f6nnen winzige Gegenst\u00e4nde wie Gabeln, L\u00f6ffel, M\u00fcnzen oder Schl\u00fcssel anziehen. Mit dem Magneten k\u00f6nnen Sie sie sicher anheben. <\/p>\n<p class=\"a-spacing-base\">  4. Bequemer Griff <\/p>\n<p class=\"a-spacing-base\">  Gummigriffe sorgen f\u00fcr einen bequemeren Halt, der Winkel des Griffs ist f\u00fcr die ganze Familie geeignet. <\/p>\n<p>                                                  <img decoding=\"async\" alt=\" \" src=\"https:\/\/images-na.ssl-images-amazon.com\/images\/G\/01\/x-locale\/common\/grey-pixel.gif\" class=\"a-lazy-loaded\" data-src=\"https:\/\/m.media-amazon.com\/images\/S\/aplus-media\/sc\/aa25ab2a-1db4-4e79-ae87-f973b2718d6c.__CR0,0,970,300_PT0_SX970_V1___.jpg\"><img decoding=\"async\" alt=\" \" src=\"https:\/\/m.media-amazon.com\/images\/S\/aplus-media\/sc\/aa25ab2a-1db4-4e79-ae87-f973b2718d6c.__CR0,0,970,300_PT0_SX970_V1___.jpg\">  <\/p>\n<p class=\"apm-text-center\">\n                                                      <img decoding=\"async\" alt=\" \" src=\"https:\/\/images-na.ssl-images-amazon.com\/images\/G\/01\/x-locale\/common\/grey-pixel.gif\" class=\"a-spacing-mini a-lazy-loaded\" data-src=\"https:\/\/m.media-amazon.com\/images\/S\/aplus-media\/sc\/8a043423-df12-40dc-b623-739654d61ae1.__CR0,0,1600,1600_PT0_SX300_V1___.jpg\"><img decoding=\"async\" alt=\" \" src=\"https:\/\/m.media-amazon.com\/images\/S\/aplus-media\/sc\/8a043423-df12-40dc-b623-739654d61ae1.__CR0,0,1600,1600_PT0_SX300_V1___.jpg\">  <\/p>\n<p>  Schritt 1: Packen Sie die Batteriefolie aus <\/p>\n<p class=\"apm-text-center\">\n                                                      <img decoding=\"async\" alt=\" \" src=\"https:\/\/images-na.ssl-images-amazon.com\/images\/G\/01\/x-locale\/common\/grey-pixel.gif\" class=\"a-spacing-mini a-lazy-loaded\" data-src=\"https:\/\/m.media-amazon.com\/images\/S\/aplus-media\/sc\/a4a29dfa-4c32-427f-a7d8-ead66fcd6443.__CR0,0,400,400_PT0_SX300_V1___.jpg\"><img decoding=\"async\" alt=\" \" src=\"https:\/\/m.media-amazon.com\/images\/S\/aplus-media\/sc\/a4a29dfa-4c32-427f-a7d8-ead66fcd6443.__CR0,0,400,400_PT0_SX300_V1___.jpg\">  <\/p>\n<p>  Schritt 2: \u00d6ffnen Sie den Deckel mit einem Schraubendreher <\/p>\n<p class=\"apm-text-center\">\n                                                      <img decoding=\"async\" alt=\" \" src=\"https:\/\/images-na.ssl-images-amazon.com\/images\/G\/01\/x-locale\/common\/grey-pixel.gif\" class=\"a-spacing-mini a-lazy-loaded\" data-src=\"https:\/\/m.media-amazon.com\/images\/S\/aplus-media\/sc\/7ed57541-986f-4e55-852c-6a9e738ddef4.__CR0,0,400,400_PT0_SX300_V1___.jpg\"><img decoding=\"async\" alt=\" \" src=\"https:\/\/m.media-amazon.com\/images\/S\/aplus-media\/sc\/7ed57541-986f-4e55-852c-6a9e738ddef4.__CR0,0,400,400_PT0_SX300_V1___.jpg\">  <\/p>\n<p>  Schritt 3: Batterie richtig positionieren, Schrauben festziehen <\/p>\n<p class=\"apm-text-center\">\n                                                      <img decoding=\"async\" alt=\" \" src=\"https:\/\/images-na.ssl-images-amazon.com\/images\/G\/01\/x-locale\/common\/grey-pixel.gif\" class=\"a-spacing-mini a-lazy-loaded\" data-src=\"https:\/\/m.media-amazon.com\/images\/S\/aplus-media\/sc\/8f0aa66c-2717-4fd4-9a22-cbe54f9f1e52.__CR0,0,300,300_PT0_SX300_V1___.jpg\"><img decoding=\"async\" alt=\" \" src=\"https:\/\/m.media-amazon.com\/images\/S\/aplus-media\/sc\/8f0aa66c-2717-4fd4-9a22-cbe54f9f1e52.__CR0,0,300,300_PT0_SX300_V1___.jpg\">  <\/p>\n<p>                                                    Geschenke f\u00fcr Mama und Papa                                       <\/p>\n<p> Greifen und heben Sie keine Gegenst\u00e4nde au\u00dferhalb der Reichweite Ihres Arms auf. Das hilft den Eltern, den R\u00fccken freizuhalten. <\/p>\n<p class=\"apm-text-center\">\n                                                      <img decoding=\"async\" alt=\" \" src=\"https:\/\/images-na.ssl-images-amazon.com\/images\/G\/01\/x-locale\/common\/grey-pixel.gif\" class=\"a-spacing-mini a-lazy-loaded\" data-src=\"https:\/\/m.media-amazon.com\/images\/S\/aplus-media\/sc\/434de44e-c5b6-4632-b4c9-f3b487f9a469.__CR0,0,300,300_PT0_SX300_V1___.jpg\"><img decoding=\"async\" alt=\" \" src=\"https:\/\/m.media-amazon.com\/images\/S\/aplus-media\/sc\/434de44e-c5b6-4632-b4c9-f3b487f9a469.__CR0,0,300,300_PT0_SX300_V1___.jpg\">  <\/p>\n<p>                                                    Helfen Sie \u00e4lteren Menschen, ein leichteres Leben zu f\u00fchren                                        <\/p>\n<p> Heben Sie die kleinsten Gegenst\u00e4nde vom Boden auf, um Dosen aus der Speisekammer zu holen &#8230; und machen Sie \u00e4lteren Menschen das Leben leichter. <\/p>\n<p class=\"apm-text-center\">\n                                                      <img decoding=\"async\" alt=\" \" src=\"https:\/\/images-na.ssl-images-amazon.com\/images\/G\/01\/x-locale\/common\/grey-pixel.gif\" class=\"a-spacing-mini a-lazy-loaded\" data-src=\"https:\/\/m.media-amazon.com\/images\/S\/aplus-media\/sc\/948b5ad6-0564-4784-b9ee-b51b97ba5157.__CR0,0,300,300_PT0_SX300_V1___.jpg\"><img decoding=\"async\" alt=\" \" src=\"https:\/\/m.media-amazon.com\/images\/S\/aplus-media\/sc\/948b5ad6-0564-4784-b9ee-b51b97ba5157.__CR0,0,300,300_PT0_SX300_V1___.jpg\">  <\/p>\n<p>                                                    Ein gutes Werkzeug zum Aufsammeln von M\u00fcll                                       <\/p>\n<p> Das faltbare Design ist bequem zu tragen. Sie k\u00f6nnen damit Tierkot aufsammeln, ohne dass Ihre H\u00e4nde zu schmutzig werden. <\/p>\n<p>Verbesserter Greifer mit Licht: Wir liefern 3 Batterien und einen Schraubendreher mit dem Produkt. Sie k\u00f6nnen es einfach zusammenbauen. Der Scheinwerfer kann eine Fl\u00e4che von 4 Quadratmetern ausleuchten, was f\u00fcr Sie praktisch ist, damit Sie Objekte in dunklen Umgebungen wie in R\u00e4umen und unter Betten und Sofas leicht finden k\u00f6nnen.<br \/>Armverl\u00e4ngerung um 81 cm und Vermeidung von B\u00fccken: Sie k\u00f6nnen Gegenst\u00e4nde problemlos aus Schr\u00e4nken, B\u00fccherregalen, B\u00f6den, Rasenfl\u00e4chen im Freien und anderen Orten greifen, um ein B\u00fccken und Verschmutzen Ihrer H\u00e4nde zu vermeiden. Der Magnet an der Oberseite kann Metallgegenst\u00e4nde wie Schl\u00fcssel, Messer und Gabeln, M\u00fcnzen usw. absorbieren. Es ist ein geeignetes Geschenk f\u00fcr schwangere Frauen, \u00e4ltere Menschen und Behinderte.<br \/>Langlebig und tragbar: Dieser Greifer f\u00fcr Senioren besteht aus leichtem Aluminium und Kunststoff, 10 cm breite Backen erm\u00f6glichen dem Greifer das Greifen von Gegenst\u00e4nden aller Formen. Eine rutschfeste Matte kann das Herunterfallen von Gegenst\u00e4nden verhindern. Der vertikal und horizontal um 90\u00b0 drehbare Kopf kann an schwer zug\u00e4nglichen Stellen wie engen L\u00fccken verwendet werden. Hinweis: 10 cm ist die maximale Distanz, die es tragen kann, und 2 Pfund ist das maximale Gewicht, das es tragen kann.<br \/>Einfach zu bedienen und multifunktional: Gummigriff, bequem und kontrollierbar. Die Faltstruktur ist praktisch zum Aufh\u00e4ngen und Tragen. Diese M\u00fcllgreifhilfe wird nicht nur zum Aufsammeln von M\u00fcll verwendet, sondern hilft M\u00fcttern auch dabei, das Spielzeug ihrer Kinder zu organisieren und kleinen Menschen dabei zu helfen, Gegenst\u00e4nde leicht aufzuheben.<br \/>Starker After-Sales-Support: Wir haben diese Greifzange 2 Jahre lang entwickelt und dabei die neuesten Technologien und Materialien auf dem Markt \u00fcbernommen. Wenn Sie Fragen zum Produkt haben, k\u00f6nnen Sie uns \u00fcber die folgenden Kan\u00e4le kontaktieren. \u3010Bestellliste\u201c -> \u201eBestell-ID\u201c -> \u201eVerk\u00e4ufer kontaktieren\u201c\u3011 Wir versprechen, Ihnen eine zufriedenstellende Antwort zu geben. Genie\u00dfen Sie jetzt das Einfache!<\/p>\n<p>[ad_2]<\/p>\n","protected":false},"excerpt":{"rendered":"<p>Produktbeschreibung 1. Greifer-Werkzeuge f\u00fcr eine breite Anwendung Sie k\u00f6nnen einen im Obergeschoss, einen im Erdgeschoss, einen in der K\u00fcche, einen im Schlafzimmer und einen im Garten platzieren. Diese Pick-up-Greifer erleichtern das Arbeiten an diesen Stellen. 2. Heller Scheinwerfer und Langzeitausdauer Jede Batterie hat eine Lebensdauer von 120 Stunden. Denken Sie daran, den Schalter auszuschalten, da [&hellip;]<\/p>\n","protected":false},"featured_media":1344,"comment_status":"open","ping_status":"closed","template":"","meta":{"_aipt_faq_data":""},"store":[],"product_brand":[],"product_cat":[100],"product_tag":[272],"class_list":{"0":"post-1343","1":"product","2":"type-product","3":"status-publish","4":"has-post-thumbnail","6":"product_cat-greifer-zubehoer","7":"product_tag-greifer-zubehoer-vakuumgreifer","9":"first","10":"instock","11":"sale","12":"shipping-taxable","13":"product-type-external"},"yoast_head":"<!-- This site is optimized with the Yoast SEO plugin v27.0 - https:\/\/yoast.com\/product\/yoast-seo-wordpress\/ -->\n<title>Kekoy Grabber Reacher - EasyLifeBro<\/title>\n<meta name=\"description\" content=\"Entdecken Sie smarte Roboter f\u00fcr Zuhause, Garten, Bildung und Sicherheit. Vergleichen Sie Saugroboter, Rasenm\u00e4hroboter, KI-Begleitroboter und mehr bei EasyLifeRobo.\" \/>\n<meta name=\"robots\" content=\"index, follow, max-snippet:-1, max-image-preview:large, max-video-preview:-1\" \/>\n<link rel=\"canonical\" href=\"https:\/\/easyliferobo.com\/de\/product\/kekoy-grabber-reacher\/\" \/>\n<meta property=\"og:locale\" content=\"de_DE\" \/>\n<meta property=\"og:type\" content=\"article\" \/>\n<meta property=\"og:title\" content=\"Kekoy Grabber Reacher - EasyLifeBro\" \/>\n<meta property=\"og:description\" content=\"Entdecken Sie smarte Roboter f\u00fcr Zuhause, Garten, Bildung und Sicherheit. Vergleichen Sie Saugroboter, Rasenm\u00e4hroboter, KI-Begleitroboter und mehr bei EasyLifeRobo.\" \/>\n<meta property=\"og:url\" content=\"https:\/\/easyliferobo.com\/de\/product\/kekoy-grabber-reacher\/\" \/>\n<meta property=\"og:site_name\" content=\"EasyLifeBro\" \/>\n<meta property=\"article:modified_time\" content=\"2026-02-22T20:16:43+00:00\" \/>\n<meta property=\"og:image\" content=\"https:\/\/easyliferobo.com\/de\/wp-content\/uploads\/2026\/02\/51Z1WmKTeeL._AC_SL1500_.jpg\" \/>\n\t<meta property=\"og:image:width\" content=\"1500\" \/>\n\t<meta property=\"og:image:height\" content=\"1500\" \/>\n\t<meta property=\"og:image:type\" content=\"image\/jpeg\" \/>\n<meta name=\"twitter:card\" content=\"summary_large_image\" \/>\n<meta name=\"twitter:label1\" content=\"Gesch\u00e4tzte Lesezeit\" \/>\n\t<meta name=\"twitter:data1\" content=\"3\u00a0Minuten\" \/>\n<script type=\"application\/ld+json\" class=\"yoast-schema-graph\">{\"@context\":\"https:\/\/schema.org\",\"@graph\":[{\"@type\":\"WebPage\",\"@id\":\"https:\/\/easyliferobo.com\/de\/product\/kekoy-grabber-reacher\/\",\"url\":\"https:\/\/easyliferobo.com\/de\/product\/kekoy-grabber-reacher\/\",\"name\":\"Kekoy Grabber Reacher - EasyLifeBro\",\"isPartOf\":{\"@id\":\"https:\/\/easyliferobo.com\/de\/#website\"},\"primaryImageOfPage\":{\"@id\":\"https:\/\/easyliferobo.com\/de\/product\/kekoy-grabber-reacher\/#primaryimage\"},\"image\":{\"@id\":\"https:\/\/easyliferobo.com\/de\/product\/kekoy-grabber-reacher\/#primaryimage\"},\"thumbnailUrl\":\"https:\/\/easyliferobo.com\/de\/wp-content\/uploads\/2026\/02\/51Z1WmKTeeL._AC_SL1500_.jpg\",\"datePublished\":\"2026-02-22T20:16:31+00:00\",\"dateModified\":\"2026-02-22T20:16:43+00:00\",\"description\":\"Entdecken Sie smarte Roboter f\u00fcr Zuhause, Garten, Bildung und Sicherheit. Vergleichen Sie Saugroboter, Rasenm\u00e4hroboter, KI-Begleitroboter und mehr bei EasyLifeRobo.\",\"breadcrumb\":{\"@id\":\"https:\/\/easyliferobo.com\/de\/product\/kekoy-grabber-reacher\/#breadcrumb\"},\"inLanguage\":\"de\",\"potentialAction\":[{\"@type\":\"ReadAction\",\"target\":[\"https:\/\/easyliferobo.com\/de\/product\/kekoy-grabber-reacher\/\"]}]},{\"@type\":\"ImageObject\",\"inLanguage\":\"de\",\"@id\":\"https:\/\/easyliferobo.com\/de\/product\/kekoy-grabber-reacher\/#primaryimage\",\"url\":\"https:\/\/easyliferobo.com\/de\/wp-content\/uploads\/2026\/02\/51Z1WmKTeeL._AC_SL1500_.jpg\",\"contentUrl\":\"https:\/\/easyliferobo.com\/de\/wp-content\/uploads\/2026\/02\/51Z1WmKTeeL._AC_SL1500_.jpg\",\"width\":1500,\"height\":1500},{\"@type\":\"BreadcrumbList\",\"@id\":\"https:\/\/easyliferobo.com\/de\/product\/kekoy-grabber-reacher\/#breadcrumb\",\"itemListElement\":[{\"@type\":\"ListItem\",\"position\":1,\"name\":\"Home\",\"item\":\"https:\/\/easyliferobo.com\/de\/\"},{\"@type\":\"ListItem\",\"position\":2,\"name\":\"Shop\",\"item\":\"https:\/\/easyliferobo.com\/de\/shop\/\"},{\"@type\":\"ListItem\",\"position\":3,\"name\":\"Kekoy Grabber Reacher\"}]},{\"@type\":\"WebSite\",\"@id\":\"https:\/\/easyliferobo.com\/de\/#website\",\"url\":\"https:\/\/easyliferobo.com\/de\/\",\"name\":\"EasyLifeBro\",\"description\":\"Smarte Roboter f\u00fcr Zuhause, Garten &amp; Bildung\",\"publisher\":{\"@id\":\"https:\/\/easyliferobo.com\/de\/#organization\"},\"potentialAction\":[{\"@type\":\"SearchAction\",\"target\":{\"@type\":\"EntryPoint\",\"urlTemplate\":\"https:\/\/easyliferobo.com\/de\/?s={search_term_string}\"},\"query-input\":{\"@type\":\"PropertyValueSpecification\",\"valueRequired\":true,\"valueName\":\"search_term_string\"}}],\"inLanguage\":\"de\"},{\"@type\":\"Organization\",\"@id\":\"https:\/\/easyliferobo.com\/de\/#organization\",\"name\":\"EasyLifeBro\",\"url\":\"https:\/\/easyliferobo.com\/de\/\",\"logo\":{\"@type\":\"ImageObject\",\"inLanguage\":\"de\",\"@id\":\"https:\/\/easyliferobo.com\/de\/#\/schema\/logo\/image\/\",\"url\":\"https:\/\/easyliferobo.com\/de\/wp-content\/uploads\/2026\/02\/Screenshot-2026-02-22-at-2.25.03-PM.png\",\"contentUrl\":\"https:\/\/easyliferobo.com\/de\/wp-content\/uploads\/2026\/02\/Screenshot-2026-02-22-at-2.25.03-PM.png\",\"width\":1858,\"height\":430,\"caption\":\"EasyLifeBro\"},\"image\":{\"@id\":\"https:\/\/easyliferobo.com\/de\/#\/schema\/logo\/image\/\"}}]}<\/script>\n<!-- \/ Yoast SEO plugin. -->","yoast_head_json":{"title":"Kekoy Grabber Reacher - EasyLifeBro","description":"Entdecken Sie smarte Roboter f\u00fcr Zuhause, Garten, Bildung und Sicherheit. Vergleichen Sie Saugroboter, Rasenm\u00e4hroboter, KI-Begleitroboter und mehr bei EasyLifeRobo.","robots":{"index":"index","follow":"follow","max-snippet":"max-snippet:-1","max-image-preview":"max-image-preview:large","max-video-preview":"max-video-preview:-1"},"canonical":"https:\/\/easyliferobo.com\/de\/product\/kekoy-grabber-reacher\/","og_locale":"de_DE","og_type":"article","og_title":"Kekoy Grabber Reacher - EasyLifeBro","og_description":"Entdecken Sie smarte Roboter f\u00fcr Zuhause, Garten, Bildung und Sicherheit. Vergleichen Sie Saugroboter, Rasenm\u00e4hroboter, KI-Begleitroboter und mehr bei EasyLifeRobo.","og_url":"https:\/\/easyliferobo.com\/de\/product\/kekoy-grabber-reacher\/","og_site_name":"EasyLifeBro","article_modified_time":"2026-02-22T20:16:43+00:00","og_image":[{"width":1500,"height":1500,"url":"https:\/\/easyliferobo.com\/de\/wp-content\/uploads\/2026\/02\/51Z1WmKTeeL._AC_SL1500_.jpg","type":"image\/jpeg"}],"twitter_card":"summary_large_image","twitter_misc":{"Gesch\u00e4tzte Lesezeit":"3\u00a0Minuten"},"schema":{"@context":"https:\/\/schema.org","@graph":[{"@type":"WebPage","@id":"https:\/\/easyliferobo.com\/de\/product\/kekoy-grabber-reacher\/","url":"https:\/\/easyliferobo.com\/de\/product\/kekoy-grabber-reacher\/","name":"Kekoy Grabber Reacher - EasyLifeBro","isPartOf":{"@id":"https:\/\/easyliferobo.com\/de\/#website"},"primaryImageOfPage":{"@id":"https:\/\/easyliferobo.com\/de\/product\/kekoy-grabber-reacher\/#primaryimage"},"image":{"@id":"https:\/\/easyliferobo.com\/de\/product\/kekoy-grabber-reacher\/#primaryimage"},"thumbnailUrl":"https:\/\/easyliferobo.com\/de\/wp-content\/uploads\/2026\/02\/51Z1WmKTeeL._AC_SL1500_.jpg","datePublished":"2026-02-22T20:16:31+00:00","dateModified":"2026-02-22T20:16:43+00:00","description":"Entdecken Sie smarte Roboter f\u00fcr Zuhause, Garten, Bildung und Sicherheit. Vergleichen Sie Saugroboter, Rasenm\u00e4hroboter, KI-Begleitroboter und mehr bei EasyLifeRobo.","breadcrumb":{"@id":"https:\/\/easyliferobo.com\/de\/product\/kekoy-grabber-reacher\/#breadcrumb"},"inLanguage":"de","potentialAction":[{"@type":"ReadAction","target":["https:\/\/easyliferobo.com\/de\/product\/kekoy-grabber-reacher\/"]}]},{"@type":"ImageObject","inLanguage":"de","@id":"https:\/\/easyliferobo.com\/de\/product\/kekoy-grabber-reacher\/#primaryimage","url":"https:\/\/easyliferobo.com\/de\/wp-content\/uploads\/2026\/02\/51Z1WmKTeeL._AC_SL1500_.jpg","contentUrl":"https:\/\/easyliferobo.com\/de\/wp-content\/uploads\/2026\/02\/51Z1WmKTeeL._AC_SL1500_.jpg","width":1500,"height":1500},{"@type":"BreadcrumbList","@id":"https:\/\/easyliferobo.com\/de\/product\/kekoy-grabber-reacher\/#breadcrumb","itemListElement":[{"@type":"ListItem","position":1,"name":"Home","item":"https:\/\/easyliferobo.com\/de\/"},{"@type":"ListItem","position":2,"name":"Shop","item":"https:\/\/easyliferobo.com\/de\/shop\/"},{"@type":"ListItem","position":3,"name":"Kekoy Grabber Reacher"}]},{"@type":"WebSite","@id":"https:\/\/easyliferobo.com\/de\/#website","url":"https:\/\/easyliferobo.com\/de\/","name":"EasyLifeBro","description":"Smarte Roboter f\u00fcr Zuhause, Garten &amp; Bildung","publisher":{"@id":"https:\/\/easyliferobo.com\/de\/#organization"},"potentialAction":[{"@type":"SearchAction","target":{"@type":"EntryPoint","urlTemplate":"https:\/\/easyliferobo.com\/de\/?s={search_term_string}"},"query-input":{"@type":"PropertyValueSpecification","valueRequired":true,"valueName":"search_term_string"}}],"inLanguage":"de"},{"@type":"Organization","@id":"https:\/\/easyliferobo.com\/de\/#organization","name":"EasyLifeBro","url":"https:\/\/easyliferobo.com\/de\/","logo":{"@type":"ImageObject","inLanguage":"de","@id":"https:\/\/easyliferobo.com\/de\/#\/schema\/logo\/image\/","url":"https:\/\/easyliferobo.com\/de\/wp-content\/uploads\/2026\/02\/Screenshot-2026-02-22-at-2.25.03-PM.png","contentUrl":"https:\/\/easyliferobo.com\/de\/wp-content\/uploads\/2026\/02\/Screenshot-2026-02-22-at-2.25.03-PM.png","width":1858,"height":430,"caption":"EasyLifeBro"},"image":{"@id":"https:\/\/easyliferobo.com\/de\/#\/schema\/logo\/image\/"}}]}},"_links":{"self":[{"href":"https:\/\/easyliferobo.com\/de\/wp-json\/wp\/v2\/product\/1343","targetHints":{"allow":["GET"]}}],"collection":[{"href":"https:\/\/easyliferobo.com\/de\/wp-json\/wp\/v2\/product"}],"about":[{"href":"https:\/\/easyliferobo.com\/de\/wp-json\/wp\/v2\/types\/product"}],"replies":[{"embeddable":true,"href":"https:\/\/easyliferobo.com\/de\/wp-json\/wp\/v2\/comments?post=1343"}],"wp:featuredmedia":[{"embeddable":true,"href":"https:\/\/easyliferobo.com\/de\/wp-json\/wp\/v2\/media\/1344"}],"wp:attachment":[{"href":"https:\/\/easyliferobo.com\/de\/wp-json\/wp\/v2\/media?parent=1343"}],"wp:term":[{"taxonomy":"store","embeddable":true,"href":"https:\/\/easyliferobo.com\/de\/wp-json\/wp\/v2\/store?post=1343"},{"taxonomy":"product_brand","embeddable":true,"href":"https:\/\/easyliferobo.com\/de\/wp-json\/wp\/v2\/product_brand?post=1343"},{"taxonomy":"product_cat","embeddable":true,"href":"https:\/\/easyliferobo.com\/de\/wp-json\/wp\/v2\/product_cat?post=1343"},{"taxonomy":"product_tag","embeddable":true,"href":"https:\/\/easyliferobo.com\/de\/wp-json\/wp\/v2\/product_tag?post=1343"}],"curies":[{"name":"wp","href":"https:\/\/api.w.org\/{rel}","templated":true}]}}