
{"id":1336,"date":"2026-02-22T20:14:28","date_gmt":"2026-02-22T20:14:28","guid":{"rendered":"https:\/\/easyliferobo.com\/de\/product\/elegoo-basic-starter-kit-deutsch-mit-r3-mikrocontroller-board\/"},"modified":"2026-02-22T23:35:39","modified_gmt":"2026-02-22T23:35:39","slug":"elegoo-basic-starter-kit-deutsch-mit-r3-mikrocontroller-board","status":"publish","type":"product","link":"https:\/\/easyliferobo.com\/de\/product\/elegoo-basic-starter-kit-deutsch-mit-r3-mikrocontroller-board\/","title":{"rendered":"ELEGOO Basic Starter Kit Deutsch mi..."},"content":{"rendered":"<p>\n                                             Von der Marke   <\/p>\n<p>                                              <img decoding=\"async\" alt=\"Der blaue Hintergrund mit einem Tennisschl\u00e4ger und einem Tennisschl\u00e4ger\" src=\"https:\/\/images-na.ssl-images-amazon.com\/images\/G\/01\/x-locale\/common\/grey-pixel.gif\" class=\"a-lazy-loaded\" data-src=\"https:\/\/m.media-amazon.com\/images\/S\/aplus-media-library-service-media\/8c8f07e0-001c-46e7-abe1-69e83d721e83.__CR0,0,1464,625_PT0_SX1464_V1___.jpg\"><img decoding=\"async\" alt=\"Der blaue Hintergrund mit einem Tennisschl\u00e4ger und einem Tennisschl\u00e4ger\" src=\"https:\/\/m.media-amazon.com\/images\/S\/aplus-media-library-service-media\/8c8f07e0-001c-46e7-abe1-69e83d721e83.__CR0,0,1464,625_PT0_SX1464_V1___.jpg\">  <\/p>\n<p>                                              <img decoding=\"async\" alt=\"\" src=\"https:\/\/images-na.ssl-images-amazon.com\/images\/G\/01\/x-locale\/common\/grey-pixel.gif\" class=\"a-lazy-loaded\" data-src=\"https:\/\/m.media-amazon.com\/images\/S\/aplus-media-library-service-media\/23061eb6-cc86-4776-8958-5d3ce828bba1.__CR0,0,315,145_PT0_SX315_V1___.jpg\"><img decoding=\"async\" alt=\"\" src=\"https:\/\/m.media-amazon.com\/images\/S\/aplus-media-library-service-media\/23061eb6-cc86-4776-8958-5d3ce828bba1.__CR0,0,315,145_PT0_SX315_V1___.jpg\">  <\/p>\n<p>  ELEGOO STEM Kits enthalten alle notwendigen Komponenten, Sensoren, Kabel und Platinen, damit Sie mit dem Programmieren, dem Erlernen von Elektronik und der Erstellung von IoT-Projekten beginnen k\u00f6nnen. <\/p>\n<p>  Wir sind bestrebt, die MINT-Ausbildung f\u00fcr die junge Generation leicht erlernbar und zug\u00e4nglich zu machen. <\/p>\n<h3>  ELEGOO Starter-Kit f\u00fcr Arduino <\/h3>\n<p class=\"apm-brand-story-stores-link\">\n<h3>  Elegoo-Steuerplatine <\/h3>\n<p class=\"apm-brand-story-stores-link\">\n<h3>  ELEGOO Roboterauto-Bausatz <\/h3>\n<p class=\"apm-brand-story-stores-link\">\n<h3>  Sensor-Kit und Komponenten-Kit <\/h3>\n<p class=\"apm-brand-story-stores-link\">\n<h3>  ELEGOO-Kabel f\u00fcr Arduino <\/h3>\n<p class=\"apm-brand-story-stores-link\">\n<h3>  ELEGOO Zubeh\u00f6r f\u00fcr Arduino <\/h3>\n<p class=\"apm-brand-story-stores-link\">\n<h3>  ELEGOO Zubeh\u00f6r f\u00fcr Arduino <\/h3>\n<p class=\"apm-brand-story-stores-link\">\n<h3>  ELEGOO Zubeh\u00f6r f\u00fcr Arduino <\/h3>\n<p class=\"apm-brand-story-stores-link\">\n<h3>  ELEGOO Zubeh\u00f6r f\u00fcr Arduino <\/h3>\n<p class=\"apm-brand-story-stores-link\">\n<h3>  ELEGOO Zubeh\u00f6r f\u00fcr Arduino <\/h3>\n<p class=\"apm-brand-story-stores-link\">\n<p>Mit der Arduino IDE kompatibler Elektrokomponentensatz mit hervorragendem Preis-Leistungs-Verh\u00e4ltnis f\u00fcr den Einstieg in Elektronikprojekte<br \/>PDF-Tutorial auf der beiliegenden CD und ELEGOO-Homepage: alle notwendigen Dateien wie mehrsprachige Anleitungen, die Software und einige Code-CEI-Spiele. Keine weitere Internetrecherche erforderlich<br \/>Alle notwendigen Dateien wie mehrsprachige Anleitungen, Software und einige Code-CEI-Spiele. Keine weitere Internetrecherche erforderlich<br \/>Neuestes UNO R3-Mikrocontroller-Board, USB-Kabel und alle Standardkomponenten<br \/>Voll kompatibel mit Arduino und STM32 und anderen Mikrocontroller-Boards<\/p>\n<p>[ad_2]<\/p>\n","protected":false},"excerpt":{"rendered":"<p>Von der Marke ELEGOO STEM Kits enthalten alle notwendigen Komponenten, Sensoren, Kabel und Platinen, damit Sie mit dem Programmieren, dem Erlernen von Elektronik und der Erstellung von IoT-Projekten beginnen k\u00f6nnen. Wir sind bestrebt, die MINT-Ausbildung f\u00fcr die junge Generation leicht erlernbar und zug\u00e4nglich zu machen. ELEGOO Starter-Kit f\u00fcr Arduino Elegoo-Steuerplatine ELEGOO Roboterauto-Bausatz Sensor-Kit und Komponenten-Kit [&hellip;]<\/p>\n","protected":false},"featured_media":1337,"comment_status":"open","ping_status":"closed","template":"","meta":{"_aipt_faq_data":""},"store":[],"product_brand":[],"product_cat":[101],"product_tag":[271],"class_list":{"0":"post-1336","1":"product","2":"type-product","3":"status-publish","4":"has-post-thumbnail","6":"product_cat-diy-automatisierungskits","7":"product_tag-diy-automatisierungskits-mit-mikrocontroller","9":"first","10":"instock","11":"sale","12":"shipping-taxable","13":"product-type-external"},"yoast_head":"<!-- This site is optimized with the Yoast SEO plugin v27.0 - https:\/\/yoast.com\/product\/yoast-seo-wordpress\/ -->\n<title>ELEGOO Basic Starter Kit Deutsch mit R3 Mikrocontroller Board - EasyLifeBro<\/title>\n<meta name=\"description\" content=\"Entdecken Sie smarte Roboter f\u00fcr Zuhause, Garten, Bildung und Sicherheit. Vergleichen Sie Saugroboter, Rasenm\u00e4hroboter, KI-Begleitroboter und mehr bei EasyLifeRobo.\" \/>\n<meta name=\"robots\" content=\"index, follow, max-snippet:-1, max-image-preview:large, max-video-preview:-1\" \/>\n<link rel=\"canonical\" href=\"https:\/\/easyliferobo.com\/de\/product\/elegoo-basic-starter-kit-deutsch-mit-r3-mikrocontroller-board\/\" \/>\n<meta property=\"og:locale\" content=\"de_DE\" \/>\n<meta property=\"og:type\" content=\"article\" \/>\n<meta property=\"og:title\" content=\"ELEGOO Basic Starter Kit Deutsch mit R3 Mikrocontroller Board - EasyLifeBro\" \/>\n<meta property=\"og:description\" content=\"Entdecken Sie smarte Roboter f\u00fcr Zuhause, Garten, Bildung und Sicherheit. Vergleichen Sie Saugroboter, Rasenm\u00e4hroboter, KI-Begleitroboter und mehr bei EasyLifeRobo.\" \/>\n<meta property=\"og:url\" content=\"https:\/\/easyliferobo.com\/de\/product\/elegoo-basic-starter-kit-deutsch-mit-r3-mikrocontroller-board\/\" \/>\n<meta property=\"og:site_name\" content=\"EasyLifeBro\" \/>\n<meta property=\"article:modified_time\" content=\"2026-02-22T23:35:39+00:00\" \/>\n<meta property=\"og:image\" content=\"https:\/\/easyliferobo.com\/de\/wp-content\/uploads\/2026\/02\/8104hdr1r3L._AC_SL1500_.jpg\" \/>\n\t<meta property=\"og:image:width\" content=\"1467\" \/>\n\t<meta property=\"og:image:height\" content=\"1500\" \/>\n\t<meta property=\"og:image:type\" content=\"image\/jpeg\" \/>\n<meta name=\"twitter:card\" content=\"summary_large_image\" \/>\n<meta name=\"twitter:label1\" content=\"Gesch\u00e4tzte Lesezeit\" \/>\n\t<meta name=\"twitter:data1\" content=\"1\u00a0Minute\" \/>\n<script type=\"application\/ld+json\" class=\"yoast-schema-graph\">{\"@context\":\"https:\/\/schema.org\",\"@graph\":[{\"@type\":\"WebPage\",\"@id\":\"https:\/\/easyliferobo.com\/de\/product\/elegoo-basic-starter-kit-deutsch-mit-r3-mikrocontroller-board\/\",\"url\":\"https:\/\/easyliferobo.com\/de\/product\/elegoo-basic-starter-kit-deutsch-mit-r3-mikrocontroller-board\/\",\"name\":\"ELEGOO Basic Starter Kit Deutsch mit R3 Mikrocontroller Board - EasyLifeBro\",\"isPartOf\":{\"@id\":\"https:\/\/easyliferobo.com\/de\/#website\"},\"primaryImageOfPage\":{\"@id\":\"https:\/\/easyliferobo.com\/de\/product\/elegoo-basic-starter-kit-deutsch-mit-r3-mikrocontroller-board\/#primaryimage\"},\"image\":{\"@id\":\"https:\/\/easyliferobo.com\/de\/product\/elegoo-basic-starter-kit-deutsch-mit-r3-mikrocontroller-board\/#primaryimage\"},\"thumbnailUrl\":\"https:\/\/easyliferobo.com\/de\/wp-content\/uploads\/2026\/02\/8104hdr1r3L._AC_SL1500_.jpg\",\"datePublished\":\"2026-02-22T20:14:28+00:00\",\"dateModified\":\"2026-02-22T23:35:39+00:00\",\"description\":\"Entdecken Sie smarte Roboter f\u00fcr Zuhause, Garten, Bildung und Sicherheit. Vergleichen Sie Saugroboter, Rasenm\u00e4hroboter, KI-Begleitroboter und mehr bei EasyLifeRobo.\",\"breadcrumb\":{\"@id\":\"https:\/\/easyliferobo.com\/de\/product\/elegoo-basic-starter-kit-deutsch-mit-r3-mikrocontroller-board\/#breadcrumb\"},\"inLanguage\":\"de\",\"potentialAction\":[{\"@type\":\"ReadAction\",\"target\":[\"https:\/\/easyliferobo.com\/de\/product\/elegoo-basic-starter-kit-deutsch-mit-r3-mikrocontroller-board\/\"]}]},{\"@type\":\"ImageObject\",\"inLanguage\":\"de\",\"@id\":\"https:\/\/easyliferobo.com\/de\/product\/elegoo-basic-starter-kit-deutsch-mit-r3-mikrocontroller-board\/#primaryimage\",\"url\":\"https:\/\/easyliferobo.com\/de\/wp-content\/uploads\/2026\/02\/8104hdr1r3L._AC_SL1500_.jpg\",\"contentUrl\":\"https:\/\/easyliferobo.com\/de\/wp-content\/uploads\/2026\/02\/8104hdr1r3L._AC_SL1500_.jpg\",\"width\":1467,\"height\":1500},{\"@type\":\"BreadcrumbList\",\"@id\":\"https:\/\/easyliferobo.com\/de\/product\/elegoo-basic-starter-kit-deutsch-mit-r3-mikrocontroller-board\/#breadcrumb\",\"itemListElement\":[{\"@type\":\"ListItem\",\"position\":1,\"name\":\"Home\",\"item\":\"https:\/\/easyliferobo.com\/de\/\"},{\"@type\":\"ListItem\",\"position\":2,\"name\":\"Shop\",\"item\":\"https:\/\/easyliferobo.com\/de\/shop\/\"},{\"@type\":\"ListItem\",\"position\":3,\"name\":\"ELEGOO Basic Starter Kit Deutsch mit R3 Mikrocontroller Board\"}]},{\"@type\":\"WebSite\",\"@id\":\"https:\/\/easyliferobo.com\/de\/#website\",\"url\":\"https:\/\/easyliferobo.com\/de\/\",\"name\":\"EasyLifeBro\",\"description\":\"Smarte Roboter f\u00fcr Zuhause, Garten &amp; Bildung\",\"publisher\":{\"@id\":\"https:\/\/easyliferobo.com\/de\/#organization\"},\"potentialAction\":[{\"@type\":\"SearchAction\",\"target\":{\"@type\":\"EntryPoint\",\"urlTemplate\":\"https:\/\/easyliferobo.com\/de\/?s={search_term_string}\"},\"query-input\":{\"@type\":\"PropertyValueSpecification\",\"valueRequired\":true,\"valueName\":\"search_term_string\"}}],\"inLanguage\":\"de\"},{\"@type\":\"Organization\",\"@id\":\"https:\/\/easyliferobo.com\/de\/#organization\",\"name\":\"EasyLifeBro\",\"url\":\"https:\/\/easyliferobo.com\/de\/\",\"logo\":{\"@type\":\"ImageObject\",\"inLanguage\":\"de\",\"@id\":\"https:\/\/easyliferobo.com\/de\/#\/schema\/logo\/image\/\",\"url\":\"https:\/\/easyliferobo.com\/de\/wp-content\/uploads\/2026\/02\/Screenshot-2026-02-22-at-2.25.03-PM.png\",\"contentUrl\":\"https:\/\/easyliferobo.com\/de\/wp-content\/uploads\/2026\/02\/Screenshot-2026-02-22-at-2.25.03-PM.png\",\"width\":1858,\"height\":430,\"caption\":\"EasyLifeBro\"},\"image\":{\"@id\":\"https:\/\/easyliferobo.com\/de\/#\/schema\/logo\/image\/\"}}]}<\/script>\n<!-- \/ Yoast SEO plugin. -->","yoast_head_json":{"title":"ELEGOO Basic Starter Kit Deutsch mit R3 Mikrocontroller Board - EasyLifeBro","description":"Entdecken Sie smarte Roboter f\u00fcr Zuhause, Garten, Bildung und Sicherheit. Vergleichen Sie Saugroboter, Rasenm\u00e4hroboter, KI-Begleitroboter und mehr bei EasyLifeRobo.","robots":{"index":"index","follow":"follow","max-snippet":"max-snippet:-1","max-image-preview":"max-image-preview:large","max-video-preview":"max-video-preview:-1"},"canonical":"https:\/\/easyliferobo.com\/de\/product\/elegoo-basic-starter-kit-deutsch-mit-r3-mikrocontroller-board\/","og_locale":"de_DE","og_type":"article","og_title":"ELEGOO Basic Starter Kit Deutsch mit R3 Mikrocontroller Board - EasyLifeBro","og_description":"Entdecken Sie smarte Roboter f\u00fcr Zuhause, Garten, Bildung und Sicherheit. Vergleichen Sie Saugroboter, Rasenm\u00e4hroboter, KI-Begleitroboter und mehr bei EasyLifeRobo.","og_url":"https:\/\/easyliferobo.com\/de\/product\/elegoo-basic-starter-kit-deutsch-mit-r3-mikrocontroller-board\/","og_site_name":"EasyLifeBro","article_modified_time":"2026-02-22T23:35:39+00:00","og_image":[{"width":1467,"height":1500,"url":"https:\/\/easyliferobo.com\/de\/wp-content\/uploads\/2026\/02\/8104hdr1r3L._AC_SL1500_.jpg","type":"image\/jpeg"}],"twitter_card":"summary_large_image","twitter_misc":{"Gesch\u00e4tzte Lesezeit":"1\u00a0Minute"},"schema":{"@context":"https:\/\/schema.org","@graph":[{"@type":"WebPage","@id":"https:\/\/easyliferobo.com\/de\/product\/elegoo-basic-starter-kit-deutsch-mit-r3-mikrocontroller-board\/","url":"https:\/\/easyliferobo.com\/de\/product\/elegoo-basic-starter-kit-deutsch-mit-r3-mikrocontroller-board\/","name":"ELEGOO Basic Starter Kit Deutsch mit R3 Mikrocontroller Board - EasyLifeBro","isPartOf":{"@id":"https:\/\/easyliferobo.com\/de\/#website"},"primaryImageOfPage":{"@id":"https:\/\/easyliferobo.com\/de\/product\/elegoo-basic-starter-kit-deutsch-mit-r3-mikrocontroller-board\/#primaryimage"},"image":{"@id":"https:\/\/easyliferobo.com\/de\/product\/elegoo-basic-starter-kit-deutsch-mit-r3-mikrocontroller-board\/#primaryimage"},"thumbnailUrl":"https:\/\/easyliferobo.com\/de\/wp-content\/uploads\/2026\/02\/8104hdr1r3L._AC_SL1500_.jpg","datePublished":"2026-02-22T20:14:28+00:00","dateModified":"2026-02-22T23:35:39+00:00","description":"Entdecken Sie smarte Roboter f\u00fcr Zuhause, Garten, Bildung und Sicherheit. Vergleichen Sie Saugroboter, Rasenm\u00e4hroboter, KI-Begleitroboter und mehr bei EasyLifeRobo.","breadcrumb":{"@id":"https:\/\/easyliferobo.com\/de\/product\/elegoo-basic-starter-kit-deutsch-mit-r3-mikrocontroller-board\/#breadcrumb"},"inLanguage":"de","potentialAction":[{"@type":"ReadAction","target":["https:\/\/easyliferobo.com\/de\/product\/elegoo-basic-starter-kit-deutsch-mit-r3-mikrocontroller-board\/"]}]},{"@type":"ImageObject","inLanguage":"de","@id":"https:\/\/easyliferobo.com\/de\/product\/elegoo-basic-starter-kit-deutsch-mit-r3-mikrocontroller-board\/#primaryimage","url":"https:\/\/easyliferobo.com\/de\/wp-content\/uploads\/2026\/02\/8104hdr1r3L._AC_SL1500_.jpg","contentUrl":"https:\/\/easyliferobo.com\/de\/wp-content\/uploads\/2026\/02\/8104hdr1r3L._AC_SL1500_.jpg","width":1467,"height":1500},{"@type":"BreadcrumbList","@id":"https:\/\/easyliferobo.com\/de\/product\/elegoo-basic-starter-kit-deutsch-mit-r3-mikrocontroller-board\/#breadcrumb","itemListElement":[{"@type":"ListItem","position":1,"name":"Home","item":"https:\/\/easyliferobo.com\/de\/"},{"@type":"ListItem","position":2,"name":"Shop","item":"https:\/\/easyliferobo.com\/de\/shop\/"},{"@type":"ListItem","position":3,"name":"ELEGOO Basic Starter Kit Deutsch mit R3 Mikrocontroller Board"}]},{"@type":"WebSite","@id":"https:\/\/easyliferobo.com\/de\/#website","url":"https:\/\/easyliferobo.com\/de\/","name":"EasyLifeBro","description":"Smarte Roboter f\u00fcr Zuhause, Garten &amp; Bildung","publisher":{"@id":"https:\/\/easyliferobo.com\/de\/#organization"},"potentialAction":[{"@type":"SearchAction","target":{"@type":"EntryPoint","urlTemplate":"https:\/\/easyliferobo.com\/de\/?s={search_term_string}"},"query-input":{"@type":"PropertyValueSpecification","valueRequired":true,"valueName":"search_term_string"}}],"inLanguage":"de"},{"@type":"Organization","@id":"https:\/\/easyliferobo.com\/de\/#organization","name":"EasyLifeBro","url":"https:\/\/easyliferobo.com\/de\/","logo":{"@type":"ImageObject","inLanguage":"de","@id":"https:\/\/easyliferobo.com\/de\/#\/schema\/logo\/image\/","url":"https:\/\/easyliferobo.com\/de\/wp-content\/uploads\/2026\/02\/Screenshot-2026-02-22-at-2.25.03-PM.png","contentUrl":"https:\/\/easyliferobo.com\/de\/wp-content\/uploads\/2026\/02\/Screenshot-2026-02-22-at-2.25.03-PM.png","width":1858,"height":430,"caption":"EasyLifeBro"},"image":{"@id":"https:\/\/easyliferobo.com\/de\/#\/schema\/logo\/image\/"}}]}},"_links":{"self":[{"href":"https:\/\/easyliferobo.com\/de\/wp-json\/wp\/v2\/product\/1336","targetHints":{"allow":["GET"]}}],"collection":[{"href":"https:\/\/easyliferobo.com\/de\/wp-json\/wp\/v2\/product"}],"about":[{"href":"https:\/\/easyliferobo.com\/de\/wp-json\/wp\/v2\/types\/product"}],"replies":[{"embeddable":true,"href":"https:\/\/easyliferobo.com\/de\/wp-json\/wp\/v2\/comments?post=1336"}],"wp:featuredmedia":[{"embeddable":true,"href":"https:\/\/easyliferobo.com\/de\/wp-json\/wp\/v2\/media\/1337"}],"wp:attachment":[{"href":"https:\/\/easyliferobo.com\/de\/wp-json\/wp\/v2\/media?parent=1336"}],"wp:term":[{"taxonomy":"store","embeddable":true,"href":"https:\/\/easyliferobo.com\/de\/wp-json\/wp\/v2\/store?post=1336"},{"taxonomy":"product_brand","embeddable":true,"href":"https:\/\/easyliferobo.com\/de\/wp-json\/wp\/v2\/product_brand?post=1336"},{"taxonomy":"product_cat","embeddable":true,"href":"https:\/\/easyliferobo.com\/de\/wp-json\/wp\/v2\/product_cat?post=1336"},{"taxonomy":"product_tag","embeddable":true,"href":"https:\/\/easyliferobo.com\/de\/wp-json\/wp\/v2\/product_tag?post=1336"}],"curies":[{"name":"wp","href":"https:\/\/api.w.org\/{rel}","templated":true}]}}