
{"id":1328,"date":"2026-02-22T20:12:30","date_gmt":"2026-02-22T20:12:30","guid":{"rendered":"https:\/\/easyliferobo.com\/de\/product\/drohne-mit-kamera-4k-mini-drohne-mit-kamera-und-gps-buerstenloser-motor-hochaufloesende-fotos-und-videos-3d-flip-optisches-schweben-hindernisvermeidung-ein-knopf-start-fuer-anfaenger\/"},"modified":"2026-02-22T23:35:39","modified_gmt":"2026-02-22T23:35:39","slug":"drohne-mit-kamera-4k-mini-drohne-mit-kamera-und-gps-buerstenloser-motor-hochaufloesende-fotos-und-videos-3d-flip-optisches-schweben-hindernisvermeidung-ein-knopf-start-fuer-anfaenger","status":"publish","type":"product","link":"https:\/\/easyliferobo.com\/de\/product\/drohne-mit-kamera-4k-mini-drohne-mit-kamera-und-gps-buerstenloser-motor-hochaufloesende-fotos-und-videos-3d-flip-optisches-schweben-hindernisvermeidung-ein-knopf-start-fuer-anfaenger\/","title":{"rendered":"Drohne mit Kamera 4K, Mini-Drohne m..."},"content":{"rendered":"<p>\n                                             Produktbeschreibung   <\/p>\n<p>                                                                                                       <img decoding=\"async\" alt=\"Der Text lautet \u201eIntelligente Drohnen\u201c. Marketingbanner mit Drohnen mit blauen Lichteffekten vor dunklem Hintergrund, darunter sind die Funktionssymbole abgebildet.\" src=\"https:\/\/images-na.ssl-images-amazon.com\/images\/G\/01\/x-locale\/common\/grey-pixel.gif\" class=\"a-lazy-loaded\" data-src=\"https:\/\/m.media-amazon.com\/images\/S\/aplus-media-library-service-media\/20807456-9d39-43d9-976d-8114008bbfa8.__CR0,0,1464,600_PT0_SX1464_V1___.jpg\"><img decoding=\"async\" alt=\"Der Text lautet \u201eIntelligente Drohnen\u201c. Marketingbanner mit Drohnen mit blauen Lichteffekten vor dunklem Hintergrund, darunter sind die Funktionssymbole abgebildet.\" src=\"https:\/\/m.media-amazon.com\/images\/S\/aplus-media-library-service-media\/20807456-9d39-43d9-976d-8114008bbfa8.__CR0,0,1464,600_PT0_SX1464_V1___.jpg\">                                               <\/p>\n<p>                                                                                                       <img decoding=\"async\" alt=\"Der Text lautet \u201e4K UHD Kamera\u201c. Reihe von Bildern zum Thema Weltraum, die Satelliten und Raumfahrzeuge vor sternenklarem Hintergrund mit sichtbarer Erde zeigen.\" src=\"https:\/\/images-na.ssl-images-amazon.com\/images\/G\/01\/x-locale\/common\/grey-pixel.gif\" class=\"a-lazy-loaded\" data-src=\"https:\/\/m.media-amazon.com\/images\/S\/aplus-media-library-service-media\/442849ea-236c-4ae9-9ec1-44f5318600ff.__CR0,0,1464,600_PT0_SX1464_V1___.jpg\"><img decoding=\"async\" alt=\"Der Text lautet \u201e4K UHD Kamera\u201c. Reihe von Bildern zum Thema Weltraum, die Satelliten und Raumfahrzeuge vor sternenklarem Hintergrund mit sichtbarer Erde zeigen.\" src=\"https:\/\/m.media-amazon.com\/images\/S\/aplus-media-library-service-media\/442849ea-236c-4ae9-9ec1-44f5318600ff.__CR0,0,1464,600_PT0_SX1464_V1___.jpg\">                                               <\/p>\n<p>                                                                                                       <img decoding=\"async\" alt=\"Der Text lautet \u201eEinfache Fernbedienung\u201c. Dunkles Werbebild, das eine Smartphone- oder Ger\u00e4teschnittstelle vor schwarzem Hintergrund mit Lichteffekten zeigt.\" src=\"https:\/\/images-na.ssl-images-amazon.com\/images\/G\/01\/x-locale\/common\/grey-pixel.gif\" class=\"a-lazy-loaded\" data-src=\"https:\/\/m.media-amazon.com\/images\/S\/aplus-media-library-service-media\/de643e96-f113-48bd-ba02-17d169cc2b5d.__CR0,0,1464,600_PT0_SX1464_V1___.jpg\"><img decoding=\"async\" alt=\"Der Text lautet \u201eEinfache Fernbedienung\u201c. Dunkles Werbebild, das eine Smartphone- oder Ger\u00e4teschnittstelle vor schwarzem Hintergrund mit Lichteffekten zeigt.\" src=\"https:\/\/m.media-amazon.com\/images\/S\/aplus-media-library-service-media\/de643e96-f113-48bd-ba02-17d169cc2b5d.__CR0,0,1464,600_PT0_SX1464_V1___.jpg\">                                               <\/p>\n<p>                                                                                                       <img decoding=\"async\" alt=\"Der Text lautet \u201eB\u00fcrstenloser Motor\u201c. Reihe von technischen Abbildungen, die blau leuchtende mechanische Komponenten auf dunklem Hintergrund zeigen.\" src=\"https:\/\/images-na.ssl-images-amazon.com\/images\/G\/01\/x-locale\/common\/grey-pixel.gif\" class=\"a-lazy-loaded\" data-src=\"https:\/\/m.media-amazon.com\/images\/S\/aplus-media-library-service-media\/9c6d33c9-88b9-4afb-b72d-9773a0c87b9f.__CR0,0,1464,600_PT0_SX1464_V1___.jpg\"><img decoding=\"async\" alt=\"Der Text lautet \u201eB\u00fcrstenloser Motor\u201c. Reihe von technischen Abbildungen, die blau leuchtende mechanische Komponenten auf dunklem Hintergrund zeigen.\" src=\"https:\/\/m.media-amazon.com\/images\/S\/aplus-media-library-service-media\/9c6d33c9-88b9-4afb-b72d-9773a0c87b9f.__CR0,0,1464,600_PT0_SX1464_V1___.jpg\">                                               <\/p>\n<p>                                                                                                       <img decoding=\"async\" alt=\"Aplus-Inhaltsbild\" src=\"https:\/\/images-na.ssl-images-amazon.com\/images\/G\/01\/x-locale\/common\/grey-pixel.gif\" class=\"a-lazy-loaded\" data-src=\"https:\/\/m.media-amazon.com\/images\/S\/aplus-media-library-service-media\/6e1112b4-ab69-4cef-ae46-42f234c7f5f5.__CR0,0,1464,600_PT0_SX1464_V1___.jpg\"><img decoding=\"async\" alt=\"Aplus-Inhaltsbild\" src=\"https:\/\/m.media-amazon.com\/images\/S\/aplus-media-library-service-media\/6e1112b4-ab69-4cef-ae46-42f234c7f5f5.__CR0,0,1464,600_PT0_SX1464_V1___.jpg\">                                               <\/p>\n<p>                                                                                                       <img decoding=\"async\" alt=\"Aplus-Inhaltsbild\" src=\"https:\/\/images-na.ssl-images-amazon.com\/images\/G\/01\/x-locale\/common\/grey-pixel.gif\" class=\"a-lazy-loaded\" data-src=\"https:\/\/m.media-amazon.com\/images\/S\/aplus-media-library-service-media\/71bbaaa6-a846-48de-a4f2-c5eddc6622d0.__CR0,0,1464,600_PT0_SX1464_V1___.jpg\"><img decoding=\"async\" alt=\"Aplus-Inhaltsbild\" src=\"https:\/\/m.media-amazon.com\/images\/S\/aplus-media-library-service-media\/71bbaaa6-a846-48de-a4f2-c5eddc6622d0.__CR0,0,1464,600_PT0_SX1464_V1___.jpg\">                                               <\/p>\n<p>                                                                                                       <img decoding=\"async\" alt=\"Aplus-Inhaltsbild\" src=\"https:\/\/images-na.ssl-images-amazon.com\/images\/G\/01\/x-locale\/common\/grey-pixel.gif\" class=\"a-lazy-loaded\" data-src=\"https:\/\/m.media-amazon.com\/images\/S\/aplus-media-library-service-media\/05df6a6d-56fc-4ad1-8586-c044b07a06e9.__CR0,0,1464,600_PT0_SX1464_V1___.jpg\"><img decoding=\"async\" alt=\"Aplus-Inhaltsbild\" src=\"https:\/\/m.media-amazon.com\/images\/S\/aplus-media-library-service-media\/05df6a6d-56fc-4ad1-8586-c044b07a06e9.__CR0,0,1464,600_PT0_SX1464_V1___.jpg\">                                               <\/p>\n<p>4K-UHD-Aufnahme und Echtzeit\u00fcbertragung: Genie\u00dfen Sie gestochen scharfe Luftaufnahmen mit dieser Drohne mit Kamera in 4K-UHD und Bildstabilisierung. Bei stabiler Verbindung k\u00f6nnen Sie das Livebild direkt auf Ihrem Smartphone sehen und Ihre Perspektive aus der Luft speichern.<br \/>Intelligente GPS-Funktionen und einfache Steuerung: Der integrierte GPS-Modus dieser Mini-Drohne mit Kamera erm\u00f6glicht praktische Funktionen wie \u201eFollow Me\u201c und \u201eZur\u00fcck zum Startpunkt\u201c. In Kombination mit Ein-Knopf-Start, H\u00f6henhaltung und 3D-Flips ist das Flugerlebnis intuitiv und macht auch Anf\u00e4ngern Spa\u00df.<br \/>L\u00e4ngere Flugzeit und komplettes Zubeh\u00f6r: Im Lieferumfang sind zwei wiederaufladbare Akkus enthalten, die eine Flugzeit von bis zu 40 Minuten erm\u00f6glichen. Die mitgelieferte Tragetasche, der Ersatzpropeller und der Propellerschutz machen diese Drohne mit Kamera zu einem sicheren und voll ausgestatteten Geschenk f\u00fcr Kinder und Outdoor-Abenteuer.<br \/>Stabiler Flug dank Pr\u00e4zisionstechnologie: Ein leistungsstarker b\u00fcrstenloser Motor und ein optisches Flusssystem sorgen bei dieser Drohne mit Kamera f\u00fcr ruhiges und stabiles Schweben. Die Hindernisvermeidungsfunktion tr\u00e4gt au\u00dferdem dazu bei, Kollisionen w\u00e4hrend des Fluges zu reduzieren.<br \/>Sofort einsatzbereit und umfassender Support: Die Drohne mit Kamerakindern ist nach dem Download der App schnell einsatzbereit und dank stabiler Flugeigenschaften ideal als Einstiegsdrohne. Detaillierte Videoanleitungen und eine praktische Anleitung erleichtern den Einstieg.<\/p>\n<p>[ad_2]<\/p>\n","protected":false},"excerpt":{"rendered":"<p>Produktbeschreibung 4K-UHD-Aufnahme und Echtzeit\u00fcbertragung: Genie\u00dfen Sie gestochen scharfe Luftaufnahmen mit dieser Drohne mit Kamera in 4K-UHD und Bildstabilisierung. Bei stabiler Verbindung k\u00f6nnen Sie das Livebild direkt auf Ihrem Smartphone sehen und Ihre Perspektive aus der Luft speichern.Intelligente GPS-Funktionen und einfache Steuerung: Der integrierte GPS-Modus dieser Mini-Drohne mit Kamera erm\u00f6glicht praktische Funktionen wie \u201eFollow Me\u201c und [&hellip;]<\/p>\n","protected":false},"featured_media":1329,"comment_status":"open","ping_status":"closed","template":"","meta":{"_aipt_faq_data":""},"store":[],"product_brand":[270],"product_cat":[103],"product_tag":[269],"class_list":{"0":"post-1328","1":"product","2":"type-product","3":"status-publish","4":"has-post-thumbnail","6":"product_brand-grutoly","7":"product_cat-kamera-drohnen","8":"product_tag-kamera-drohnen-mit-gps","10":"first","11":"instock","12":"sale","13":"shipping-taxable","14":"product-type-external"},"yoast_head":"<!-- This site is optimized with the Yoast SEO plugin v27.0 - https:\/\/yoast.com\/product\/yoast-seo-wordpress\/ -->\n<title>Drohne mit Kamera 4K, Mini-Drohne mit Kamera und GPS, b\u00fcrstenloser Motor, hochaufl\u00f6sende Fotos und Videos, 3D-Flip, optisches Schweben, Hindernisvermeidung, Ein-Knopf-Start, f\u00fcr Anf\u00e4nger - EasyLifeBro<\/title>\n<meta name=\"description\" content=\"Entdecken Sie smarte Roboter f\u00fcr Zuhause, Garten, Bildung und Sicherheit. Vergleichen Sie Saugroboter, Rasenm\u00e4hroboter, KI-Begleitroboter und mehr bei EasyLifeRobo.\" \/>\n<meta name=\"robots\" content=\"index, follow, max-snippet:-1, max-image-preview:large, max-video-preview:-1\" \/>\n<link rel=\"canonical\" href=\"https:\/\/easyliferobo.com\/de\/product\/drohne-mit-kamera-4k-mini-drohne-mit-kamera-und-gps-buerstenloser-motor-hochaufloesende-fotos-und-videos-3d-flip-optisches-schweben-hindernisvermeidung-ein-knopf-start-fuer-anfaenger\/\" \/>\n<meta property=\"og:locale\" content=\"de_DE\" \/>\n<meta property=\"og:type\" content=\"article\" \/>\n<meta property=\"og:title\" content=\"Drohne mit Kamera 4K, Mini-Drohne mit Kamera und GPS, b\u00fcrstenloser Motor, hochaufl\u00f6sende Fotos und Videos, 3D-Flip, optisches Schweben, Hindernisvermeidung, Ein-Knopf-Start, f\u00fcr Anf\u00e4nger - EasyLifeBro\" \/>\n<meta property=\"og:description\" content=\"Entdecken Sie smarte Roboter f\u00fcr Zuhause, Garten, Bildung und Sicherheit. Vergleichen Sie Saugroboter, Rasenm\u00e4hroboter, KI-Begleitroboter und mehr bei EasyLifeRobo.\" \/>\n<meta property=\"og:url\" content=\"https:\/\/easyliferobo.com\/de\/product\/drohne-mit-kamera-4k-mini-drohne-mit-kamera-und-gps-buerstenloser-motor-hochaufloesende-fotos-und-videos-3d-flip-optisches-schweben-hindernisvermeidung-ein-knopf-start-fuer-anfaenger\/\" \/>\n<meta property=\"og:site_name\" content=\"EasyLifeBro\" \/>\n<meta property=\"article:modified_time\" content=\"2026-02-22T23:35:39+00:00\" \/>\n<meta property=\"og:image\" content=\"https:\/\/easyliferobo.com\/de\/wp-content\/uploads\/2026\/02\/71uzq8zra-L._AC_SL1500_.jpg\" \/>\n\t<meta property=\"og:image:width\" content=\"1436\" \/>\n\t<meta property=\"og:image:height\" content=\"1500\" \/>\n\t<meta property=\"og:image:type\" content=\"image\/jpeg\" \/>\n<meta name=\"twitter:card\" content=\"summary_large_image\" \/>\n<meta name=\"twitter:label1\" content=\"Gesch\u00e4tzte Lesezeit\" \/>\n\t<meta name=\"twitter:data1\" content=\"1\u00a0Minute\" \/>\n<script type=\"application\/ld+json\" class=\"yoast-schema-graph\">{\"@context\":\"https:\/\/schema.org\",\"@graph\":[{\"@type\":\"WebPage\",\"@id\":\"https:\/\/easyliferobo.com\/de\/product\/drohne-mit-kamera-4k-mini-drohne-mit-kamera-und-gps-buerstenloser-motor-hochaufloesende-fotos-und-videos-3d-flip-optisches-schweben-hindernisvermeidung-ein-knopf-start-fuer-anfaenger\/\",\"url\":\"https:\/\/easyliferobo.com\/de\/product\/drohne-mit-kamera-4k-mini-drohne-mit-kamera-und-gps-buerstenloser-motor-hochaufloesende-fotos-und-videos-3d-flip-optisches-schweben-hindernisvermeidung-ein-knopf-start-fuer-anfaenger\/\",\"name\":\"Drohne mit Kamera 4K, Mini-Drohne mit Kamera und GPS, b\u00fcrstenloser Motor, hochaufl\u00f6sende Fotos und Videos, 3D-Flip, optisches Schweben, Hindernisvermeidung, Ein-Knopf-Start, f\u00fcr Anf\u00e4nger - EasyLifeBro\",\"isPartOf\":{\"@id\":\"https:\/\/easyliferobo.com\/de\/#website\"},\"primaryImageOfPage\":{\"@id\":\"https:\/\/easyliferobo.com\/de\/product\/drohne-mit-kamera-4k-mini-drohne-mit-kamera-und-gps-buerstenloser-motor-hochaufloesende-fotos-und-videos-3d-flip-optisches-schweben-hindernisvermeidung-ein-knopf-start-fuer-anfaenger\/#primaryimage\"},\"image\":{\"@id\":\"https:\/\/easyliferobo.com\/de\/product\/drohne-mit-kamera-4k-mini-drohne-mit-kamera-und-gps-buerstenloser-motor-hochaufloesende-fotos-und-videos-3d-flip-optisches-schweben-hindernisvermeidung-ein-knopf-start-fuer-anfaenger\/#primaryimage\"},\"thumbnailUrl\":\"https:\/\/easyliferobo.com\/de\/wp-content\/uploads\/2026\/02\/71uzq8zra-L._AC_SL1500_.jpg\",\"datePublished\":\"2026-02-22T20:12:30+00:00\",\"dateModified\":\"2026-02-22T23:35:39+00:00\",\"description\":\"Entdecken Sie smarte Roboter f\u00fcr Zuhause, Garten, Bildung und Sicherheit. Vergleichen Sie Saugroboter, Rasenm\u00e4hroboter, KI-Begleitroboter und mehr bei EasyLifeRobo.\",\"breadcrumb\":{\"@id\":\"https:\/\/easyliferobo.com\/de\/product\/drohne-mit-kamera-4k-mini-drohne-mit-kamera-und-gps-buerstenloser-motor-hochaufloesende-fotos-und-videos-3d-flip-optisches-schweben-hindernisvermeidung-ein-knopf-start-fuer-anfaenger\/#breadcrumb\"},\"inLanguage\":\"de\",\"potentialAction\":[{\"@type\":\"ReadAction\",\"target\":[\"https:\/\/easyliferobo.com\/de\/product\/drohne-mit-kamera-4k-mini-drohne-mit-kamera-und-gps-buerstenloser-motor-hochaufloesende-fotos-und-videos-3d-flip-optisches-schweben-hindernisvermeidung-ein-knopf-start-fuer-anfaenger\/\"]}]},{\"@type\":\"ImageObject\",\"inLanguage\":\"de\",\"@id\":\"https:\/\/easyliferobo.com\/de\/product\/drohne-mit-kamera-4k-mini-drohne-mit-kamera-und-gps-buerstenloser-motor-hochaufloesende-fotos-und-videos-3d-flip-optisches-schweben-hindernisvermeidung-ein-knopf-start-fuer-anfaenger\/#primaryimage\",\"url\":\"https:\/\/easyliferobo.com\/de\/wp-content\/uploads\/2026\/02\/71uzq8zra-L._AC_SL1500_.jpg\",\"contentUrl\":\"https:\/\/easyliferobo.com\/de\/wp-content\/uploads\/2026\/02\/71uzq8zra-L._AC_SL1500_.jpg\",\"width\":1436,\"height\":1500},{\"@type\":\"BreadcrumbList\",\"@id\":\"https:\/\/easyliferobo.com\/de\/product\/drohne-mit-kamera-4k-mini-drohne-mit-kamera-und-gps-buerstenloser-motor-hochaufloesende-fotos-und-videos-3d-flip-optisches-schweben-hindernisvermeidung-ein-knopf-start-fuer-anfaenger\/#breadcrumb\",\"itemListElement\":[{\"@type\":\"ListItem\",\"position\":1,\"name\":\"Home\",\"item\":\"https:\/\/easyliferobo.com\/de\/\"},{\"@type\":\"ListItem\",\"position\":2,\"name\":\"Shop\",\"item\":\"https:\/\/easyliferobo.com\/de\/shop\/\"},{\"@type\":\"ListItem\",\"position\":3,\"name\":\"Drohne mit Kamera 4K, Mini-Drohne mit Kamera und GPS, b\u00fcrstenloser Motor, hochaufl\u00f6sende Fotos und Videos, 3D-Flip, optisches Schweben, Hindernisvermeidung, Ein-Knopf-Start, f\u00fcr Anf\u00e4nger\"}]},{\"@type\":\"WebSite\",\"@id\":\"https:\/\/easyliferobo.com\/de\/#website\",\"url\":\"https:\/\/easyliferobo.com\/de\/\",\"name\":\"EasyLifeBro\",\"description\":\"Smarte Roboter f\u00fcr Zuhause, Garten &amp; Bildung\",\"publisher\":{\"@id\":\"https:\/\/easyliferobo.com\/de\/#organization\"},\"potentialAction\":[{\"@type\":\"SearchAction\",\"target\":{\"@type\":\"EntryPoint\",\"urlTemplate\":\"https:\/\/easyliferobo.com\/de\/?s={search_term_string}\"},\"query-input\":{\"@type\":\"PropertyValueSpecification\",\"valueRequired\":true,\"valueName\":\"search_term_string\"}}],\"inLanguage\":\"de\"},{\"@type\":\"Organization\",\"@id\":\"https:\/\/easyliferobo.com\/de\/#organization\",\"name\":\"EasyLifeBro\",\"url\":\"https:\/\/easyliferobo.com\/de\/\",\"logo\":{\"@type\":\"ImageObject\",\"inLanguage\":\"de\",\"@id\":\"https:\/\/easyliferobo.com\/de\/#\/schema\/logo\/image\/\",\"url\":\"https:\/\/easyliferobo.com\/de\/wp-content\/uploads\/2026\/02\/Screenshot-2026-02-22-at-2.25.03-PM.png\",\"contentUrl\":\"https:\/\/easyliferobo.com\/de\/wp-content\/uploads\/2026\/02\/Screenshot-2026-02-22-at-2.25.03-PM.png\",\"width\":1858,\"height\":430,\"caption\":\"EasyLifeBro\"},\"image\":{\"@id\":\"https:\/\/easyliferobo.com\/de\/#\/schema\/logo\/image\/\"}}]}<\/script>\n<!-- \/ Yoast SEO plugin. -->","yoast_head_json":{"title":"Drohne mit Kamera 4K, Mini-Drohne mit Kamera und GPS, b\u00fcrstenloser Motor, hochaufl\u00f6sende Fotos und Videos, 3D-Flip, optisches Schweben, Hindernisvermeidung, Ein-Knopf-Start, f\u00fcr Anf\u00e4nger - EasyLifeBro","description":"Entdecken Sie smarte Roboter f\u00fcr Zuhause, Garten, Bildung und Sicherheit. Vergleichen Sie Saugroboter, Rasenm\u00e4hroboter, KI-Begleitroboter und mehr bei EasyLifeRobo.","robots":{"index":"index","follow":"follow","max-snippet":"max-snippet:-1","max-image-preview":"max-image-preview:large","max-video-preview":"max-video-preview:-1"},"canonical":"https:\/\/easyliferobo.com\/de\/product\/drohne-mit-kamera-4k-mini-drohne-mit-kamera-und-gps-buerstenloser-motor-hochaufloesende-fotos-und-videos-3d-flip-optisches-schweben-hindernisvermeidung-ein-knopf-start-fuer-anfaenger\/","og_locale":"de_DE","og_type":"article","og_title":"Drohne mit Kamera 4K, Mini-Drohne mit Kamera und GPS, b\u00fcrstenloser Motor, hochaufl\u00f6sende Fotos und Videos, 3D-Flip, optisches Schweben, Hindernisvermeidung, Ein-Knopf-Start, f\u00fcr Anf\u00e4nger - EasyLifeBro","og_description":"Entdecken Sie smarte Roboter f\u00fcr Zuhause, Garten, Bildung und Sicherheit. Vergleichen Sie Saugroboter, Rasenm\u00e4hroboter, KI-Begleitroboter und mehr bei EasyLifeRobo.","og_url":"https:\/\/easyliferobo.com\/de\/product\/drohne-mit-kamera-4k-mini-drohne-mit-kamera-und-gps-buerstenloser-motor-hochaufloesende-fotos-und-videos-3d-flip-optisches-schweben-hindernisvermeidung-ein-knopf-start-fuer-anfaenger\/","og_site_name":"EasyLifeBro","article_modified_time":"2026-02-22T23:35:39+00:00","og_image":[{"width":1436,"height":1500,"url":"https:\/\/easyliferobo.com\/de\/wp-content\/uploads\/2026\/02\/71uzq8zra-L._AC_SL1500_.jpg","type":"image\/jpeg"}],"twitter_card":"summary_large_image","twitter_misc":{"Gesch\u00e4tzte Lesezeit":"1\u00a0Minute"},"schema":{"@context":"https:\/\/schema.org","@graph":[{"@type":"WebPage","@id":"https:\/\/easyliferobo.com\/de\/product\/drohne-mit-kamera-4k-mini-drohne-mit-kamera-und-gps-buerstenloser-motor-hochaufloesende-fotos-und-videos-3d-flip-optisches-schweben-hindernisvermeidung-ein-knopf-start-fuer-anfaenger\/","url":"https:\/\/easyliferobo.com\/de\/product\/drohne-mit-kamera-4k-mini-drohne-mit-kamera-und-gps-buerstenloser-motor-hochaufloesende-fotos-und-videos-3d-flip-optisches-schweben-hindernisvermeidung-ein-knopf-start-fuer-anfaenger\/","name":"Drohne mit Kamera 4K, Mini-Drohne mit Kamera und GPS, b\u00fcrstenloser Motor, hochaufl\u00f6sende Fotos und Videos, 3D-Flip, optisches Schweben, Hindernisvermeidung, Ein-Knopf-Start, f\u00fcr Anf\u00e4nger - EasyLifeBro","isPartOf":{"@id":"https:\/\/easyliferobo.com\/de\/#website"},"primaryImageOfPage":{"@id":"https:\/\/easyliferobo.com\/de\/product\/drohne-mit-kamera-4k-mini-drohne-mit-kamera-und-gps-buerstenloser-motor-hochaufloesende-fotos-und-videos-3d-flip-optisches-schweben-hindernisvermeidung-ein-knopf-start-fuer-anfaenger\/#primaryimage"},"image":{"@id":"https:\/\/easyliferobo.com\/de\/product\/drohne-mit-kamera-4k-mini-drohne-mit-kamera-und-gps-buerstenloser-motor-hochaufloesende-fotos-und-videos-3d-flip-optisches-schweben-hindernisvermeidung-ein-knopf-start-fuer-anfaenger\/#primaryimage"},"thumbnailUrl":"https:\/\/easyliferobo.com\/de\/wp-content\/uploads\/2026\/02\/71uzq8zra-L._AC_SL1500_.jpg","datePublished":"2026-02-22T20:12:30+00:00","dateModified":"2026-02-22T23:35:39+00:00","description":"Entdecken Sie smarte Roboter f\u00fcr Zuhause, Garten, Bildung und Sicherheit. Vergleichen Sie Saugroboter, Rasenm\u00e4hroboter, KI-Begleitroboter und mehr bei EasyLifeRobo.","breadcrumb":{"@id":"https:\/\/easyliferobo.com\/de\/product\/drohne-mit-kamera-4k-mini-drohne-mit-kamera-und-gps-buerstenloser-motor-hochaufloesende-fotos-und-videos-3d-flip-optisches-schweben-hindernisvermeidung-ein-knopf-start-fuer-anfaenger\/#breadcrumb"},"inLanguage":"de","potentialAction":[{"@type":"ReadAction","target":["https:\/\/easyliferobo.com\/de\/product\/drohne-mit-kamera-4k-mini-drohne-mit-kamera-und-gps-buerstenloser-motor-hochaufloesende-fotos-und-videos-3d-flip-optisches-schweben-hindernisvermeidung-ein-knopf-start-fuer-anfaenger\/"]}]},{"@type":"ImageObject","inLanguage":"de","@id":"https:\/\/easyliferobo.com\/de\/product\/drohne-mit-kamera-4k-mini-drohne-mit-kamera-und-gps-buerstenloser-motor-hochaufloesende-fotos-und-videos-3d-flip-optisches-schweben-hindernisvermeidung-ein-knopf-start-fuer-anfaenger\/#primaryimage","url":"https:\/\/easyliferobo.com\/de\/wp-content\/uploads\/2026\/02\/71uzq8zra-L._AC_SL1500_.jpg","contentUrl":"https:\/\/easyliferobo.com\/de\/wp-content\/uploads\/2026\/02\/71uzq8zra-L._AC_SL1500_.jpg","width":1436,"height":1500},{"@type":"BreadcrumbList","@id":"https:\/\/easyliferobo.com\/de\/product\/drohne-mit-kamera-4k-mini-drohne-mit-kamera-und-gps-buerstenloser-motor-hochaufloesende-fotos-und-videos-3d-flip-optisches-schweben-hindernisvermeidung-ein-knopf-start-fuer-anfaenger\/#breadcrumb","itemListElement":[{"@type":"ListItem","position":1,"name":"Home","item":"https:\/\/easyliferobo.com\/de\/"},{"@type":"ListItem","position":2,"name":"Shop","item":"https:\/\/easyliferobo.com\/de\/shop\/"},{"@type":"ListItem","position":3,"name":"Drohne mit Kamera 4K, Mini-Drohne mit Kamera und GPS, b\u00fcrstenloser Motor, hochaufl\u00f6sende Fotos und Videos, 3D-Flip, optisches Schweben, Hindernisvermeidung, Ein-Knopf-Start, f\u00fcr Anf\u00e4nger"}]},{"@type":"WebSite","@id":"https:\/\/easyliferobo.com\/de\/#website","url":"https:\/\/easyliferobo.com\/de\/","name":"EasyLifeBro","description":"Smarte Roboter f\u00fcr Zuhause, Garten &amp; Bildung","publisher":{"@id":"https:\/\/easyliferobo.com\/de\/#organization"},"potentialAction":[{"@type":"SearchAction","target":{"@type":"EntryPoint","urlTemplate":"https:\/\/easyliferobo.com\/de\/?s={search_term_string}"},"query-input":{"@type":"PropertyValueSpecification","valueRequired":true,"valueName":"search_term_string"}}],"inLanguage":"de"},{"@type":"Organization","@id":"https:\/\/easyliferobo.com\/de\/#organization","name":"EasyLifeBro","url":"https:\/\/easyliferobo.com\/de\/","logo":{"@type":"ImageObject","inLanguage":"de","@id":"https:\/\/easyliferobo.com\/de\/#\/schema\/logo\/image\/","url":"https:\/\/easyliferobo.com\/de\/wp-content\/uploads\/2026\/02\/Screenshot-2026-02-22-at-2.25.03-PM.png","contentUrl":"https:\/\/easyliferobo.com\/de\/wp-content\/uploads\/2026\/02\/Screenshot-2026-02-22-at-2.25.03-PM.png","width":1858,"height":430,"caption":"EasyLifeBro"},"image":{"@id":"https:\/\/easyliferobo.com\/de\/#\/schema\/logo\/image\/"}}]}},"_links":{"self":[{"href":"https:\/\/easyliferobo.com\/de\/wp-json\/wp\/v2\/product\/1328","targetHints":{"allow":["GET"]}}],"collection":[{"href":"https:\/\/easyliferobo.com\/de\/wp-json\/wp\/v2\/product"}],"about":[{"href":"https:\/\/easyliferobo.com\/de\/wp-json\/wp\/v2\/types\/product"}],"replies":[{"embeddable":true,"href":"https:\/\/easyliferobo.com\/de\/wp-json\/wp\/v2\/comments?post=1328"}],"wp:featuredmedia":[{"embeddable":true,"href":"https:\/\/easyliferobo.com\/de\/wp-json\/wp\/v2\/media\/1329"}],"wp:attachment":[{"href":"https:\/\/easyliferobo.com\/de\/wp-json\/wp\/v2\/media?parent=1328"}],"wp:term":[{"taxonomy":"store","embeddable":true,"href":"https:\/\/easyliferobo.com\/de\/wp-json\/wp\/v2\/store?post=1328"},{"taxonomy":"product_brand","embeddable":true,"href":"https:\/\/easyliferobo.com\/de\/wp-json\/wp\/v2\/product_brand?post=1328"},{"taxonomy":"product_cat","embeddable":true,"href":"https:\/\/easyliferobo.com\/de\/wp-json\/wp\/v2\/product_cat?post=1328"},{"taxonomy":"product_tag","embeddable":true,"href":"https:\/\/easyliferobo.com\/de\/wp-json\/wp\/v2\/product_tag?post=1328"}],"curies":[{"name":"wp","href":"https:\/\/api.w.org\/{rel}","templated":true}]}}