
{"id":1320,"date":"2026-02-22T20:10:30","date_gmt":"2026-02-22T20:10:30","guid":{"rendered":"https:\/\/easyliferobo.com\/de\/product\/dji-avata-2-fly-more-combo-3-akkus-fpv-drohne-mit-4k-kamera-69-minuten-maximale-flugzeit-akrobatik-auf-knopfdruck-kameradrohne-mit-goggles-3-und-rc-motion-3-mit-propeller\/"},"modified":"2026-02-22T20:10:43","modified_gmt":"2026-02-22T20:10:43","slug":"dji-avata-2-fly-more-combo-3-akkus-fpv-drohne-mit-4k-kamera-69-minuten-maximale-flugzeit-akrobatik-auf-knopfdruck-kameradrohne-mit-goggles-3-und-rc-motion-3-mit-propeller","status":"publish","type":"product","link":"https:\/\/easyliferobo.com\/de\/product\/dji-avata-2-fly-more-combo-3-akkus-fpv-drohne-mit-4k-kamera-69-minuten-maximale-flugzeit-akrobatik-auf-knopfdruck-kameradrohne-mit-goggles-3-und-rc-motion-3-mit-propeller\/","title":{"rendered":"DJI Avata 2 Fly More Combo (3 Akkus..."},"content":{"rendered":"<p>\n                                             Von der Marke   <\/p>\n<p>                                              <img decoding=\"async\" alt=\"234\" src=\"https:\/\/images-na.ssl-images-amazon.com\/images\/G\/01\/x-locale\/common\/grey-pixel.gif\" class=\"a-lazy-loaded\" data-src=\"https:\/\/m.media-amazon.com\/images\/S\/aplus-media-library-service-media\/e3844e73-1b38-42c0-a765-ecdb468e33a9.__CR0,0,2928,1250_PT0_SX1464_V1___.jpg\"><img decoding=\"async\" alt=\"234\" src=\"https:\/\/m.media-amazon.com\/images\/S\/aplus-media-library-service-media\/e3844e73-1b38-42c0-a765-ecdb468e33a9.__CR0,0,2928,1250_PT0_SX1464_V1___.jpg\">  <\/p>\n<p>                                              <img decoding=\"async\" alt=\"100 % brandneu\" src=\"https:\/\/images-na.ssl-images-amazon.com\/images\/G\/01\/x-locale\/common\/grey-pixel.gif\" class=\"a-lazy-loaded\" data-src=\"https:\/\/m.media-amazon.com\/images\/S\/aplus-media-library-service-media\/eadfba29-206f-4b93-83d2-d4991faa9053.__CR0,0,724,906_PT0_SX362_V1___.jpg\"><img decoding=\"async\" alt=\"100 % brandneu\" src=\"https:\/\/m.media-amazon.com\/images\/S\/aplus-media-library-service-media\/eadfba29-206f-4b93-83d2-d4991faa9053.__CR0,0,724,906_PT0_SX362_V1___.jpg\">  <\/p>\n<h3>  DJI Air 3S <\/h3>\n<p class=\"apm-brand-story-stores-link\">\n<h3>  Kameradrohnen <\/h3>\n<p class=\"apm-brand-story-stores-link\">\n<h3>  Gimbals und Kameras <\/h3>\n<p class=\"apm-brand-story-stores-link\">\n<h3>  Professionelle Gimbals <\/h3>\n<p class=\"apm-brand-story-stores-link\">\n<h3>  Zubeh\u00f6r <\/h3>\n<p class=\"apm-brand-story-stores-link\">\n<p>F\u00fcr ein immersives Flugerlebnis mit Adrenalinkick \u2013 Die Brille gibt Ihnen visuelles Feedback, als w\u00e4ren Sie direkt im Cockpit, und genie\u00dfen Sie eine atemberaubende Perspektive, puren Nervenkitzel und v\u00f6llige Freiheit.<br \/>Intuitive Bewegungssteuerung \u2013 Steuern Sie die Bewegungen der Drohne m\u00fchelos mit der Hand, ohne komplizierte Tasten \u2013 nur nat\u00fcrliche, einfache Bewegungen, die es auch Anf\u00e4ngern erm\u00f6glichen, sicher und m\u00fchelos zu fliegen.<br \/>Einfaches ACRO, fliegen Sie wie ein Profi in kurzer Zeit \u2013 f\u00fchren Sie spektakul\u00e4re Flips, Rollen, 180\u00b0-Drifts und Powerloops ohne langes Training aus. Verbessern Sie Ihre Flugf\u00e4higkeiten und halten Sie unglaubliche Momente m\u00fchelos fest.<br \/>Scharfe Aufnahmen in superweitem 4K \u2013 Das 155\u00b0 FOV und das ultrascharfe Video sorgen f\u00fcr ein einzigartiges Erlebnis und der 1\/1,3-Zoll-Bildsensor erm\u00f6glicht atemberaubende 4K\/60fps-Aufnahmen und 4K\/100fps-Zeitlupenvideos.<br \/>Kompatibel mit Goggles 3, Goggles N3, Goggles 2, Goggles Integra, RC Motion 2, RC Motion 3, FPV Remote Control 2 und FPV Remote Control 3. Detaillierte Kompatibilit\u00e4tsinformationen finden Sie unten in den FAQ.<br \/>Integrierter Propellerschutz f\u00fcr mehr Sicherheit \u2013 super robust! Durch den integrierten Propellerschutz ist die Drohne robuster und langlebiger, was Ihnen mehr Freiheit beim Fliegen in verschiedenen Szenarien erm\u00f6glicht.<br \/>M\u00fchelose POV-Inhalte, Filmaufnahmen beim Start \u2013 Die leichte, tragbare Drohne ist sofort einsatzbereit, um hochwertige POV-Inhalte aufzunehmen. Die LightCut-App bietet viele Vorlagen, die das Erstellen von Inhalten zum Kinderspiel machen.<br \/>Die DJI Avata 2 Fly More Combo (3 Akkus) beinhaltet die Drohne, 3 intelligente Akkus f\u00fcr bis zu 69 Minuten Flugzeit, DJI RC Motion 3, DJI Goggles 3 und mehr. Ideal f\u00fcr Piloten, die noch mehr atemberaubende Momente festhalten m\u00f6chten.<\/p>\n<p>[ad_2]<\/p>\n","protected":false},"excerpt":{"rendered":"<p>Von der Marke DJI Air 3S Kameradrohnen Gimbals und Kameras Professionelle Gimbals Zubeh\u00f6r F\u00fcr ein immersives Flugerlebnis mit Adrenalinkick \u2013 Die Brille gibt Ihnen visuelles Feedback, als w\u00e4ren Sie direkt im Cockpit, und genie\u00dfen Sie eine atemberaubende Perspektive, puren Nervenkitzel und v\u00f6llige Freiheit.Intuitive Bewegungssteuerung \u2013 Steuern Sie die Bewegungen der Drohne m\u00fchelos mit der Hand, [&hellip;]<\/p>\n","protected":false},"featured_media":1321,"comment_status":"open","ping_status":"closed","template":"","meta":{"_aipt_faq_data":""},"store":[],"product_brand":[165],"product_cat":[104],"product_tag":[268],"class_list":{"0":"post-1320","1":"product","2":"type-product","3":"status-publish","4":"has-post-thumbnail","6":"product_brand-dji","7":"product_cat-fpv-drohnen","8":"product_tag-fpv-drohnen-komplettset","10":"first","11":"instock","12":"sale","13":"shipping-taxable","14":"product-type-external"},"yoast_head":"<!-- This site is optimized with the Yoast SEO plugin v27.0 - https:\/\/yoast.com\/product\/yoast-seo-wordpress\/ -->\n<title>DJI Avata 2 Fly More Combo (3 Akkus), FPV-Drohne mit 4K-Kamera, 69 Minuten maximale Flugzeit, Akrobatik auf Knopfdruck, Kameradrohne mit Goggles 3 und RC Motion 3, mit Propeller - EasyLifeBro<\/title>\n<meta name=\"description\" content=\"Entdecken Sie smarte Roboter f\u00fcr Zuhause, Garten, Bildung und Sicherheit. Vergleichen Sie Saugroboter, Rasenm\u00e4hroboter, KI-Begleitroboter und mehr bei EasyLifeRobo.\" \/>\n<meta name=\"robots\" content=\"index, follow, max-snippet:-1, max-image-preview:large, max-video-preview:-1\" \/>\n<link rel=\"canonical\" href=\"https:\/\/easyliferobo.com\/de\/product\/dji-avata-2-fly-more-combo-3-akkus-fpv-drohne-mit-4k-kamera-69-minuten-maximale-flugzeit-akrobatik-auf-knopfdruck-kameradrohne-mit-goggles-3-und-rc-motion-3-mit-propeller\/\" \/>\n<meta property=\"og:locale\" content=\"de_DE\" \/>\n<meta property=\"og:type\" content=\"article\" \/>\n<meta property=\"og:title\" content=\"DJI Avata 2 Fly More Combo (3 Akkus), FPV-Drohne mit 4K-Kamera, 69 Minuten maximale Flugzeit, Akrobatik auf Knopfdruck, Kameradrohne mit Goggles 3 und RC Motion 3, mit Propeller - EasyLifeBro\" \/>\n<meta property=\"og:description\" content=\"Entdecken Sie smarte Roboter f\u00fcr Zuhause, Garten, Bildung und Sicherheit. Vergleichen Sie Saugroboter, Rasenm\u00e4hroboter, KI-Begleitroboter und mehr bei EasyLifeRobo.\" \/>\n<meta property=\"og:url\" content=\"https:\/\/easyliferobo.com\/de\/product\/dji-avata-2-fly-more-combo-3-akkus-fpv-drohne-mit-4k-kamera-69-minuten-maximale-flugzeit-akrobatik-auf-knopfdruck-kameradrohne-mit-goggles-3-und-rc-motion-3-mit-propeller\/\" \/>\n<meta property=\"og:site_name\" content=\"EasyLifeBro\" \/>\n<meta property=\"article:modified_time\" content=\"2026-02-22T20:10:43+00:00\" \/>\n<meta property=\"og:image\" content=\"https:\/\/easyliferobo.com\/de\/wp-content\/uploads\/2026\/02\/611rw1ykrAL._AC_SL1500_.jpg\" \/>\n\t<meta property=\"og:image:width\" content=\"1500\" \/>\n\t<meta property=\"og:image:height\" content=\"904\" \/>\n\t<meta property=\"og:image:type\" content=\"image\/jpeg\" \/>\n<meta name=\"twitter:card\" content=\"summary_large_image\" \/>\n<meta name=\"twitter:label1\" content=\"Gesch\u00e4tzte Lesezeit\" \/>\n\t<meta name=\"twitter:data1\" content=\"1\u00a0Minute\" \/>\n<script type=\"application\/ld+json\" class=\"yoast-schema-graph\">{\"@context\":\"https:\/\/schema.org\",\"@graph\":[{\"@type\":\"WebPage\",\"@id\":\"https:\/\/easyliferobo.com\/de\/product\/dji-avata-2-fly-more-combo-3-akkus-fpv-drohne-mit-4k-kamera-69-minuten-maximale-flugzeit-akrobatik-auf-knopfdruck-kameradrohne-mit-goggles-3-und-rc-motion-3-mit-propeller\/\",\"url\":\"https:\/\/easyliferobo.com\/de\/product\/dji-avata-2-fly-more-combo-3-akkus-fpv-drohne-mit-4k-kamera-69-minuten-maximale-flugzeit-akrobatik-auf-knopfdruck-kameradrohne-mit-goggles-3-und-rc-motion-3-mit-propeller\/\",\"name\":\"DJI Avata 2 Fly More Combo (3 Akkus), FPV-Drohne mit 4K-Kamera, 69 Minuten maximale Flugzeit, Akrobatik auf Knopfdruck, Kameradrohne mit Goggles 3 und RC Motion 3, mit Propeller - EasyLifeBro\",\"isPartOf\":{\"@id\":\"https:\/\/easyliferobo.com\/de\/#website\"},\"primaryImageOfPage\":{\"@id\":\"https:\/\/easyliferobo.com\/de\/product\/dji-avata-2-fly-more-combo-3-akkus-fpv-drohne-mit-4k-kamera-69-minuten-maximale-flugzeit-akrobatik-auf-knopfdruck-kameradrohne-mit-goggles-3-und-rc-motion-3-mit-propeller\/#primaryimage\"},\"image\":{\"@id\":\"https:\/\/easyliferobo.com\/de\/product\/dji-avata-2-fly-more-combo-3-akkus-fpv-drohne-mit-4k-kamera-69-minuten-maximale-flugzeit-akrobatik-auf-knopfdruck-kameradrohne-mit-goggles-3-und-rc-motion-3-mit-propeller\/#primaryimage\"},\"thumbnailUrl\":\"https:\/\/easyliferobo.com\/de\/wp-content\/uploads\/2026\/02\/611rw1ykrAL._AC_SL1500_.jpg\",\"datePublished\":\"2026-02-22T20:10:30+00:00\",\"dateModified\":\"2026-02-22T20:10:43+00:00\",\"description\":\"Entdecken Sie smarte Roboter f\u00fcr Zuhause, Garten, Bildung und Sicherheit. Vergleichen Sie Saugroboter, Rasenm\u00e4hroboter, KI-Begleitroboter und mehr bei EasyLifeRobo.\",\"breadcrumb\":{\"@id\":\"https:\/\/easyliferobo.com\/de\/product\/dji-avata-2-fly-more-combo-3-akkus-fpv-drohne-mit-4k-kamera-69-minuten-maximale-flugzeit-akrobatik-auf-knopfdruck-kameradrohne-mit-goggles-3-und-rc-motion-3-mit-propeller\/#breadcrumb\"},\"inLanguage\":\"de\",\"potentialAction\":[{\"@type\":\"ReadAction\",\"target\":[\"https:\/\/easyliferobo.com\/de\/product\/dji-avata-2-fly-more-combo-3-akkus-fpv-drohne-mit-4k-kamera-69-minuten-maximale-flugzeit-akrobatik-auf-knopfdruck-kameradrohne-mit-goggles-3-und-rc-motion-3-mit-propeller\/\"]}]},{\"@type\":\"ImageObject\",\"inLanguage\":\"de\",\"@id\":\"https:\/\/easyliferobo.com\/de\/product\/dji-avata-2-fly-more-combo-3-akkus-fpv-drohne-mit-4k-kamera-69-minuten-maximale-flugzeit-akrobatik-auf-knopfdruck-kameradrohne-mit-goggles-3-und-rc-motion-3-mit-propeller\/#primaryimage\",\"url\":\"https:\/\/easyliferobo.com\/de\/wp-content\/uploads\/2026\/02\/611rw1ykrAL._AC_SL1500_.jpg\",\"contentUrl\":\"https:\/\/easyliferobo.com\/de\/wp-content\/uploads\/2026\/02\/611rw1ykrAL._AC_SL1500_.jpg\",\"width\":1500,\"height\":904},{\"@type\":\"BreadcrumbList\",\"@id\":\"https:\/\/easyliferobo.com\/de\/product\/dji-avata-2-fly-more-combo-3-akkus-fpv-drohne-mit-4k-kamera-69-minuten-maximale-flugzeit-akrobatik-auf-knopfdruck-kameradrohne-mit-goggles-3-und-rc-motion-3-mit-propeller\/#breadcrumb\",\"itemListElement\":[{\"@type\":\"ListItem\",\"position\":1,\"name\":\"Home\",\"item\":\"https:\/\/easyliferobo.com\/de\/\"},{\"@type\":\"ListItem\",\"position\":2,\"name\":\"Shop\",\"item\":\"https:\/\/easyliferobo.com\/de\/shop\/\"},{\"@type\":\"ListItem\",\"position\":3,\"name\":\"DJI Avata 2 Fly More Combo (3 Akkus...\"}]},{\"@type\":\"WebSite\",\"@id\":\"https:\/\/easyliferobo.com\/de\/#website\",\"url\":\"https:\/\/easyliferobo.com\/de\/\",\"name\":\"EasyLifeBro\",\"description\":\"Smarte Roboter f\u00fcr Zuhause, Garten &amp; Bildung\",\"publisher\":{\"@id\":\"https:\/\/easyliferobo.com\/de\/#organization\"},\"potentialAction\":[{\"@type\":\"SearchAction\",\"target\":{\"@type\":\"EntryPoint\",\"urlTemplate\":\"https:\/\/easyliferobo.com\/de\/?s={search_term_string}\"},\"query-input\":{\"@type\":\"PropertyValueSpecification\",\"valueRequired\":true,\"valueName\":\"search_term_string\"}}],\"inLanguage\":\"de\"},{\"@type\":\"Organization\",\"@id\":\"https:\/\/easyliferobo.com\/de\/#organization\",\"name\":\"EasyLifeBro\",\"url\":\"https:\/\/easyliferobo.com\/de\/\",\"logo\":{\"@type\":\"ImageObject\",\"inLanguage\":\"de\",\"@id\":\"https:\/\/easyliferobo.com\/de\/#\/schema\/logo\/image\/\",\"url\":\"https:\/\/easyliferobo.com\/de\/wp-content\/uploads\/2026\/02\/Screenshot-2026-02-22-at-2.25.03-PM.png\",\"contentUrl\":\"https:\/\/easyliferobo.com\/de\/wp-content\/uploads\/2026\/02\/Screenshot-2026-02-22-at-2.25.03-PM.png\",\"width\":1858,\"height\":430,\"caption\":\"EasyLifeBro\"},\"image\":{\"@id\":\"https:\/\/easyliferobo.com\/de\/#\/schema\/logo\/image\/\"}}]}<\/script>\n<!-- \/ Yoast SEO plugin. -->","yoast_head_json":{"title":"DJI Avata 2 Fly More Combo (3 Akkus), FPV-Drohne mit 4K-Kamera, 69 Minuten maximale Flugzeit, Akrobatik auf Knopfdruck, Kameradrohne mit Goggles 3 und RC Motion 3, mit Propeller - EasyLifeBro","description":"Entdecken Sie smarte Roboter f\u00fcr Zuhause, Garten, Bildung und Sicherheit. Vergleichen Sie Saugroboter, Rasenm\u00e4hroboter, KI-Begleitroboter und mehr bei EasyLifeRobo.","robots":{"index":"index","follow":"follow","max-snippet":"max-snippet:-1","max-image-preview":"max-image-preview:large","max-video-preview":"max-video-preview:-1"},"canonical":"https:\/\/easyliferobo.com\/de\/product\/dji-avata-2-fly-more-combo-3-akkus-fpv-drohne-mit-4k-kamera-69-minuten-maximale-flugzeit-akrobatik-auf-knopfdruck-kameradrohne-mit-goggles-3-und-rc-motion-3-mit-propeller\/","og_locale":"de_DE","og_type":"article","og_title":"DJI Avata 2 Fly More Combo (3 Akkus), FPV-Drohne mit 4K-Kamera, 69 Minuten maximale Flugzeit, Akrobatik auf Knopfdruck, Kameradrohne mit Goggles 3 und RC Motion 3, mit Propeller - EasyLifeBro","og_description":"Entdecken Sie smarte Roboter f\u00fcr Zuhause, Garten, Bildung und Sicherheit. Vergleichen Sie Saugroboter, Rasenm\u00e4hroboter, KI-Begleitroboter und mehr bei EasyLifeRobo.","og_url":"https:\/\/easyliferobo.com\/de\/product\/dji-avata-2-fly-more-combo-3-akkus-fpv-drohne-mit-4k-kamera-69-minuten-maximale-flugzeit-akrobatik-auf-knopfdruck-kameradrohne-mit-goggles-3-und-rc-motion-3-mit-propeller\/","og_site_name":"EasyLifeBro","article_modified_time":"2026-02-22T20:10:43+00:00","og_image":[{"width":1500,"height":904,"url":"https:\/\/easyliferobo.com\/de\/wp-content\/uploads\/2026\/02\/611rw1ykrAL._AC_SL1500_.jpg","type":"image\/jpeg"}],"twitter_card":"summary_large_image","twitter_misc":{"Gesch\u00e4tzte Lesezeit":"1\u00a0Minute"},"schema":{"@context":"https:\/\/schema.org","@graph":[{"@type":"WebPage","@id":"https:\/\/easyliferobo.com\/de\/product\/dji-avata-2-fly-more-combo-3-akkus-fpv-drohne-mit-4k-kamera-69-minuten-maximale-flugzeit-akrobatik-auf-knopfdruck-kameradrohne-mit-goggles-3-und-rc-motion-3-mit-propeller\/","url":"https:\/\/easyliferobo.com\/de\/product\/dji-avata-2-fly-more-combo-3-akkus-fpv-drohne-mit-4k-kamera-69-minuten-maximale-flugzeit-akrobatik-auf-knopfdruck-kameradrohne-mit-goggles-3-und-rc-motion-3-mit-propeller\/","name":"DJI Avata 2 Fly More Combo (3 Akkus), FPV-Drohne mit 4K-Kamera, 69 Minuten maximale Flugzeit, Akrobatik auf Knopfdruck, Kameradrohne mit Goggles 3 und RC Motion 3, mit Propeller - EasyLifeBro","isPartOf":{"@id":"https:\/\/easyliferobo.com\/de\/#website"},"primaryImageOfPage":{"@id":"https:\/\/easyliferobo.com\/de\/product\/dji-avata-2-fly-more-combo-3-akkus-fpv-drohne-mit-4k-kamera-69-minuten-maximale-flugzeit-akrobatik-auf-knopfdruck-kameradrohne-mit-goggles-3-und-rc-motion-3-mit-propeller\/#primaryimage"},"image":{"@id":"https:\/\/easyliferobo.com\/de\/product\/dji-avata-2-fly-more-combo-3-akkus-fpv-drohne-mit-4k-kamera-69-minuten-maximale-flugzeit-akrobatik-auf-knopfdruck-kameradrohne-mit-goggles-3-und-rc-motion-3-mit-propeller\/#primaryimage"},"thumbnailUrl":"https:\/\/easyliferobo.com\/de\/wp-content\/uploads\/2026\/02\/611rw1ykrAL._AC_SL1500_.jpg","datePublished":"2026-02-22T20:10:30+00:00","dateModified":"2026-02-22T20:10:43+00:00","description":"Entdecken Sie smarte Roboter f\u00fcr Zuhause, Garten, Bildung und Sicherheit. Vergleichen Sie Saugroboter, Rasenm\u00e4hroboter, KI-Begleitroboter und mehr bei EasyLifeRobo.","breadcrumb":{"@id":"https:\/\/easyliferobo.com\/de\/product\/dji-avata-2-fly-more-combo-3-akkus-fpv-drohne-mit-4k-kamera-69-minuten-maximale-flugzeit-akrobatik-auf-knopfdruck-kameradrohne-mit-goggles-3-und-rc-motion-3-mit-propeller\/#breadcrumb"},"inLanguage":"de","potentialAction":[{"@type":"ReadAction","target":["https:\/\/easyliferobo.com\/de\/product\/dji-avata-2-fly-more-combo-3-akkus-fpv-drohne-mit-4k-kamera-69-minuten-maximale-flugzeit-akrobatik-auf-knopfdruck-kameradrohne-mit-goggles-3-und-rc-motion-3-mit-propeller\/"]}]},{"@type":"ImageObject","inLanguage":"de","@id":"https:\/\/easyliferobo.com\/de\/product\/dji-avata-2-fly-more-combo-3-akkus-fpv-drohne-mit-4k-kamera-69-minuten-maximale-flugzeit-akrobatik-auf-knopfdruck-kameradrohne-mit-goggles-3-und-rc-motion-3-mit-propeller\/#primaryimage","url":"https:\/\/easyliferobo.com\/de\/wp-content\/uploads\/2026\/02\/611rw1ykrAL._AC_SL1500_.jpg","contentUrl":"https:\/\/easyliferobo.com\/de\/wp-content\/uploads\/2026\/02\/611rw1ykrAL._AC_SL1500_.jpg","width":1500,"height":904},{"@type":"BreadcrumbList","@id":"https:\/\/easyliferobo.com\/de\/product\/dji-avata-2-fly-more-combo-3-akkus-fpv-drohne-mit-4k-kamera-69-minuten-maximale-flugzeit-akrobatik-auf-knopfdruck-kameradrohne-mit-goggles-3-und-rc-motion-3-mit-propeller\/#breadcrumb","itemListElement":[{"@type":"ListItem","position":1,"name":"Home","item":"https:\/\/easyliferobo.com\/de\/"},{"@type":"ListItem","position":2,"name":"Shop","item":"https:\/\/easyliferobo.com\/de\/shop\/"},{"@type":"ListItem","position":3,"name":"DJI Avata 2 Fly More Combo (3 Akkus..."}]},{"@type":"WebSite","@id":"https:\/\/easyliferobo.com\/de\/#website","url":"https:\/\/easyliferobo.com\/de\/","name":"EasyLifeBro","description":"Smarte Roboter f\u00fcr Zuhause, Garten &amp; Bildung","publisher":{"@id":"https:\/\/easyliferobo.com\/de\/#organization"},"potentialAction":[{"@type":"SearchAction","target":{"@type":"EntryPoint","urlTemplate":"https:\/\/easyliferobo.com\/de\/?s={search_term_string}"},"query-input":{"@type":"PropertyValueSpecification","valueRequired":true,"valueName":"search_term_string"}}],"inLanguage":"de"},{"@type":"Organization","@id":"https:\/\/easyliferobo.com\/de\/#organization","name":"EasyLifeBro","url":"https:\/\/easyliferobo.com\/de\/","logo":{"@type":"ImageObject","inLanguage":"de","@id":"https:\/\/easyliferobo.com\/de\/#\/schema\/logo\/image\/","url":"https:\/\/easyliferobo.com\/de\/wp-content\/uploads\/2026\/02\/Screenshot-2026-02-22-at-2.25.03-PM.png","contentUrl":"https:\/\/easyliferobo.com\/de\/wp-content\/uploads\/2026\/02\/Screenshot-2026-02-22-at-2.25.03-PM.png","width":1858,"height":430,"caption":"EasyLifeBro"},"image":{"@id":"https:\/\/easyliferobo.com\/de\/#\/schema\/logo\/image\/"}}]}},"_links":{"self":[{"href":"https:\/\/easyliferobo.com\/de\/wp-json\/wp\/v2\/product\/1320","targetHints":{"allow":["GET"]}}],"collection":[{"href":"https:\/\/easyliferobo.com\/de\/wp-json\/wp\/v2\/product"}],"about":[{"href":"https:\/\/easyliferobo.com\/de\/wp-json\/wp\/v2\/types\/product"}],"replies":[{"embeddable":true,"href":"https:\/\/easyliferobo.com\/de\/wp-json\/wp\/v2\/comments?post=1320"}],"wp:featuredmedia":[{"embeddable":true,"href":"https:\/\/easyliferobo.com\/de\/wp-json\/wp\/v2\/media\/1321"}],"wp:attachment":[{"href":"https:\/\/easyliferobo.com\/de\/wp-json\/wp\/v2\/media?parent=1320"}],"wp:term":[{"taxonomy":"store","embeddable":true,"href":"https:\/\/easyliferobo.com\/de\/wp-json\/wp\/v2\/store?post=1320"},{"taxonomy":"product_brand","embeddable":true,"href":"https:\/\/easyliferobo.com\/de\/wp-json\/wp\/v2\/product_brand?post=1320"},{"taxonomy":"product_cat","embeddable":true,"href":"https:\/\/easyliferobo.com\/de\/wp-json\/wp\/v2\/product_cat?post=1320"},{"taxonomy":"product_tag","embeddable":true,"href":"https:\/\/easyliferobo.com\/de\/wp-json\/wp\/v2\/product_tag?post=1320"}],"curies":[{"name":"wp","href":"https:\/\/api.w.org\/{rel}","templated":true}]}}