
{"id":1310,"date":"2026-02-22T20:08:42","date_gmt":"2026-02-22T20:08:42","guid":{"rendered":"https:\/\/easyliferobo.com\/de\/product\/holy-stone-hs210-mini-drohne-fuer-kinder-anfaenger-rc-quadcopter-mit-3-batterien-lange-flugzeit-automatische-hoehenhaltung-3d-flips-headless-modus-one-key-start-geschenkspielzeug-fuer-jungen-un\/"},"modified":"2026-02-22T20:09:00","modified_gmt":"2026-02-22T20:09:00","slug":"holy-stone-hs210-mini-drohne-fuer-kinder-anfaenger-rc-quadcopter-mit-3-batterien-lange-flugzeit-automatische-hoehenhaltung-3d-flips-headless-modus-one-key-start-geschenkspielzeug-fuer-jungen-un","status":"publish","type":"product","link":"https:\/\/easyliferobo.com\/de\/product\/holy-stone-hs210-mini-drohne-fuer-kinder-anfaenger-rc-quadcopter-mit-3-batterien-lange-flugzeit-automatische-hoehenhaltung-3d-flips-headless-modus-one-key-start-geschenkspielzeug-fuer-jungen-un\/","title":{"rendered":"Holy Stone HS210 Mini-Drohne f\u00fcr K..."},"content":{"rendered":"<p>\n                                             Produktbeschreibung Das Video zeigt das Produkt im Einsatz. Das Video f\u00fchrt Sie durch die Produkteinrichtung. Das Video vergleicht mehrere Produkte. Das Video zeigt das Auspacken des Produkts. hero-video H\u00e4ndlervideo<\/p>\n<p class=\"aplus-description aplus-container-3 aplus-p1\"> Perfekt f\u00fcr kleine Abenteurer im Alter von 8-12 Jahren! HS210 ist ein ideales Geschenk f\u00fcr die Feiertage! <\/p>\n<p>                                                                                  <img decoding=\"async\" alt=\"HS210\" src=\"https:\/\/m.media-amazon.com\/images\/S\/aplus-media-library-service-media\/a825d038-a614-4ad5-91e4-cf1d6eedc54e.__CR0,0,1464,600_PT0_SX1464_V1___.jpg\">       <\/p>\n<p>                                                                                  <img decoding=\"async\" alt=\"HS210\" src=\"https:\/\/m.media-amazon.com\/images\/S\/aplus-media-library-service-media\/61b08f19-3f28-4212-9ddf-71e85d090b57.__CR0,0,1464,600_PT0_SX1464_V1___.jpg\">       <\/p>\n<p>                                                                                  <img decoding=\"async\" alt=\"HS210\" src=\"https:\/\/m.media-amazon.com\/images\/S\/aplus-media-library-service-media\/af81e343-9861-4836-b64b-ffe5937931f8.__CR0,0,1464,600_PT0_SX1464_V1___.jpg\">       <\/p>\n<p>                                                                                  <img decoding=\"async\" alt=\"HS210\" src=\"https:\/\/m.media-amazon.com\/images\/S\/aplus-media-library-service-media\/0db3cb2d-b54c-4e78-b866-56b88ed1223f.__CR0,0,1464,600_PT0_SX1464_V1___.jpg\">       <\/p>\n<p class=\"aplus-description aplus-container-3 aplus-p1\">  Das Produkt wiegt weniger als 249g und ist C0-zertifiziert. Die EU-Konformit\u00e4tserkl\u00e4rung finden Sie in der Gebrauchsanweisung. <\/p>\n<p>                                                                                                                  <img decoding=\"async\" alt=\"HS210\" src=\"https:\/\/m.media-amazon.com\/images\/S\/aplus-media-library-service-media\/1392b33d-3e4b-4f80-ab61-fcdfcc2c8428.__CR0,0,1464,600_PT0_SX1464_V1___.jpg\">                                                    <img decoding=\"async\" alt=\"HS210\" src=\"https:\/\/m.media-amazon.com\/images\/S\/aplus-media-library-service-media\/f4d7dd3e-4e10-413d-8d59-9e419990d4ca.__CR0,0,1464,600_PT0_SX1464_V1___.jpg\">                                                    <img decoding=\"async\" alt=\"HS210\" src=\"https:\/\/m.media-amazon.com\/images\/S\/aplus-media-library-service-media\/7c4c2da8-3a1a-4e24-80b8-1a3811b0da90.__CR0,0,1464,600_PT0_SX1464_V1___.jpg\">                                                    <img decoding=\"async\" alt=\"C0-Zertifizierung\" src=\"https:\/\/m.media-amazon.com\/images\/S\/aplus-media-library-service-media\/ec1e5a9a-cb91-4e3b-9be7-206dd2f756e3.__CR0,0,1464,600_PT0_SX1464_V1___.jpg\"><br \/>\n                            1 Sicher f\u00fcr Kinder 2 Lange Flugzeit 3 \u200b\u200bPackliste 4 C0-Zertifizierung <\/p>\n<h3 class=\"a-size-extra-large a-spacing-base a-text-center\"> Technische Spezifikationen <\/h3>\n<p>                                                        Maximaler Flug 7 Minuten pro Akku Gewicht 25 Gramm Abmessungen 8*8*3 cm Ladezeit 40-60 Minuten Entfernung 164ft\/50m Lieferumfang Drohne*1, Sender*1, Drohnenakku*3, USB-Ladeger\u00e4t*1, Propeller*4, Schraubendreher*1, Gebrauchsanweisung*1                     <\/p>\n<p>Wie und los geht&#8217;s: Sensoren der Mini-Drohne erm\u00f6glichen es dem Spieler, diese mit Gesten statt mit der Fernbedienung zu steuern. Wurf-Go, Kreisflug, automatische Rotation und 3D-Rollen k\u00f6nnen nur mit Gesten erzeugt werden. Es ist nicht erforderlich, eine Fernbedienung ist immer bereit.<br \/>Langer Flug: Die maximale Flugzeit betr\u00e4gt bis zu 21 Minuten. (L\u00e4nger als andere Produkte in der gleichen Preisklasse), fliegen Sie l\u00e4nger und weiter. Sie werden den Flug mit Ihrer Familie, Ihren Kindern und Freunden genie\u00dfen.<br \/>Einfach zu bedienen: Diese Drohne kann 3D-Flips, Autodrehungen und Kreisfliegen ausf\u00fchren. Perfekt f\u00fcr Indoor-Spiele oder Reisen, tolle Kindergeschenke und lustige Aktivit\u00e4ten zum Geburtstag.<br \/>Geeignet f\u00fcr den Einsatz: Diese Drohne verf\u00fcgt \u00fcber 3 Geschwindigkeitsmodi. Langsam\/mittel\/schnell; Dr\u00fccken Sie einfach eine Taste, um die Drohne zu starten oder zu landen, geeignet f\u00fcr Anf\u00e4nger, Fortgeschrittene und Experten.<br \/>Ein tolles Geschenk: Diese Mini-Drohne ist kleiner als Ihr Smartphone und eignet sich besonders f\u00fcr den Indoor-Flug. Die komplette Schutzh\u00fclle kann die Sicherheit der Finger von Kindern gew\u00e4hrleisten, Kinder k\u00f6nnen sie auch leicht manipulieren.<br \/>Wir bieten exzellenten Kundenservice, bitte kontaktieren Sie uns, wenn Sie Fragen haben. Verwendung unter unmittelbarer Aufsicht von Erwachsenen. Zertifizierung der Klasse C0<\/p>\n<p>[ad_2]<\/p>\n","protected":false},"excerpt":{"rendered":"<p>Produktbeschreibung Das Video zeigt das Produkt im Einsatz. Das Video f\u00fchrt Sie durch die Produkteinrichtung. Das Video vergleicht mehrere Produkte. Das Video zeigt das Auspacken des Produkts. hero-video H\u00e4ndlervideo Perfekt f\u00fcr kleine Abenteurer im Alter von 8-12 Jahren! HS210 ist ein ideales Geschenk f\u00fcr die Feiertage! Das Produkt wiegt weniger als 249g und ist C0-zertifiziert. [&hellip;]<\/p>\n","protected":false},"featured_media":1311,"comment_status":"open","ping_status":"closed","template":"","meta":{"_aipt_faq_data":""},"store":[],"product_brand":[217],"product_cat":[105],"product_tag":[267],"class_list":{"0":"post-1310","1":"product","2":"type-product","3":"status-publish","4":"has-post-thumbnail","6":"product_brand-holy-stone","7":"product_cat-mini-drohnen","8":"product_tag-mini-drohnen-mit-langer-flugzeit","10":"first","11":"instock","12":"sale","13":"shipping-taxable","14":"product-type-external"},"yoast_head":"<!-- This site is optimized with the Yoast SEO plugin v27.0 - https:\/\/yoast.com\/product\/yoast-seo-wordpress\/ -->\n<title>Holy Stone HS210 Mini-Drohne f\u00fcr Kinder-Anf\u00e4nger, RC-Quadcopter mit 3 Batterien, lange Flugzeit, automatische H\u00f6henhaltung, 3D-Flips, Headless-Modus, One-Key-Start, Geschenkspielzeug f\u00fcr Jungen und M\u00e4dchen, Rot, - EasyLifeBro<\/title>\n<meta name=\"description\" content=\"Entdecken Sie smarte Roboter f\u00fcr Zuhause, Garten, Bildung und Sicherheit. Vergleichen Sie Saugroboter, Rasenm\u00e4hroboter, KI-Begleitroboter und mehr bei EasyLifeRobo.\" \/>\n<meta name=\"robots\" content=\"index, follow, max-snippet:-1, max-image-preview:large, max-video-preview:-1\" \/>\n<link rel=\"canonical\" href=\"https:\/\/easyliferobo.com\/de\/product\/holy-stone-hs210-mini-drohne-fuer-kinder-anfaenger-rc-quadcopter-mit-3-batterien-lange-flugzeit-automatische-hoehenhaltung-3d-flips-headless-modus-one-key-start-geschenkspielzeug-fuer-jungen-un\/\" \/>\n<meta property=\"og:locale\" content=\"de_DE\" \/>\n<meta property=\"og:type\" content=\"article\" \/>\n<meta property=\"og:title\" content=\"Holy Stone HS210 Mini-Drohne f\u00fcr Kinder-Anf\u00e4nger, RC-Quadcopter mit 3 Batterien, lange Flugzeit, automatische H\u00f6henhaltung, 3D-Flips, Headless-Modus, One-Key-Start, Geschenkspielzeug f\u00fcr Jungen und M\u00e4dchen, Rot, - EasyLifeBro\" \/>\n<meta property=\"og:description\" content=\"Entdecken Sie smarte Roboter f\u00fcr Zuhause, Garten, Bildung und Sicherheit. Vergleichen Sie Saugroboter, Rasenm\u00e4hroboter, KI-Begleitroboter und mehr bei EasyLifeRobo.\" \/>\n<meta property=\"og:url\" content=\"https:\/\/easyliferobo.com\/de\/product\/holy-stone-hs210-mini-drohne-fuer-kinder-anfaenger-rc-quadcopter-mit-3-batterien-lange-flugzeit-automatische-hoehenhaltung-3d-flips-headless-modus-one-key-start-geschenkspielzeug-fuer-jungen-un\/\" \/>\n<meta property=\"og:site_name\" content=\"EasyLifeBro\" \/>\n<meta property=\"article:modified_time\" content=\"2026-02-22T20:09:00+00:00\" \/>\n<meta property=\"og:image\" content=\"https:\/\/easyliferobo.com\/de\/wp-content\/uploads\/2026\/02\/71yRO2ocZL._AC_SL1500_.jpg\" \/>\n\t<meta property=\"og:image:width\" content=\"1471\" \/>\n\t<meta property=\"og:image:height\" content=\"1341\" \/>\n\t<meta property=\"og:image:type\" content=\"image\/jpeg\" \/>\n<meta name=\"twitter:card\" content=\"summary_large_image\" \/>\n<meta name=\"twitter:label1\" content=\"Gesch\u00e4tzte Lesezeit\" \/>\n\t<meta name=\"twitter:data1\" content=\"2\u00a0Minuten\" \/>\n<script type=\"application\/ld+json\" class=\"yoast-schema-graph\">{\"@context\":\"https:\/\/schema.org\",\"@graph\":[{\"@type\":\"WebPage\",\"@id\":\"https:\/\/easyliferobo.com\/de\/product\/holy-stone-hs210-mini-drohne-fuer-kinder-anfaenger-rc-quadcopter-mit-3-batterien-lange-flugzeit-automatische-hoehenhaltung-3d-flips-headless-modus-one-key-start-geschenkspielzeug-fuer-jungen-un\/\",\"url\":\"https:\/\/easyliferobo.com\/de\/product\/holy-stone-hs210-mini-drohne-fuer-kinder-anfaenger-rc-quadcopter-mit-3-batterien-lange-flugzeit-automatische-hoehenhaltung-3d-flips-headless-modus-one-key-start-geschenkspielzeug-fuer-jungen-un\/\",\"name\":\"Holy Stone HS210 Mini-Drohne f\u00fcr Kinder-Anf\u00e4nger, RC-Quadcopter mit 3 Batterien, lange Flugzeit, automatische H\u00f6henhaltung, 3D-Flips, Headless-Modus, One-Key-Start, Geschenkspielzeug f\u00fcr Jungen und M\u00e4dchen, Rot, - EasyLifeBro\",\"isPartOf\":{\"@id\":\"https:\/\/easyliferobo.com\/de\/#website\"},\"primaryImageOfPage\":{\"@id\":\"https:\/\/easyliferobo.com\/de\/product\/holy-stone-hs210-mini-drohne-fuer-kinder-anfaenger-rc-quadcopter-mit-3-batterien-lange-flugzeit-automatische-hoehenhaltung-3d-flips-headless-modus-one-key-start-geschenkspielzeug-fuer-jungen-un\/#primaryimage\"},\"image\":{\"@id\":\"https:\/\/easyliferobo.com\/de\/product\/holy-stone-hs210-mini-drohne-fuer-kinder-anfaenger-rc-quadcopter-mit-3-batterien-lange-flugzeit-automatische-hoehenhaltung-3d-flips-headless-modus-one-key-start-geschenkspielzeug-fuer-jungen-un\/#primaryimage\"},\"thumbnailUrl\":\"https:\/\/easyliferobo.com\/de\/wp-content\/uploads\/2026\/02\/71yRO2ocZL._AC_SL1500_.jpg\",\"datePublished\":\"2026-02-22T20:08:42+00:00\",\"dateModified\":\"2026-02-22T20:09:00+00:00\",\"description\":\"Entdecken Sie smarte Roboter f\u00fcr Zuhause, Garten, Bildung und Sicherheit. Vergleichen Sie Saugroboter, Rasenm\u00e4hroboter, KI-Begleitroboter und mehr bei EasyLifeRobo.\",\"breadcrumb\":{\"@id\":\"https:\/\/easyliferobo.com\/de\/product\/holy-stone-hs210-mini-drohne-fuer-kinder-anfaenger-rc-quadcopter-mit-3-batterien-lange-flugzeit-automatische-hoehenhaltung-3d-flips-headless-modus-one-key-start-geschenkspielzeug-fuer-jungen-un\/#breadcrumb\"},\"inLanguage\":\"de\",\"potentialAction\":[{\"@type\":\"ReadAction\",\"target\":[\"https:\/\/easyliferobo.com\/de\/product\/holy-stone-hs210-mini-drohne-fuer-kinder-anfaenger-rc-quadcopter-mit-3-batterien-lange-flugzeit-automatische-hoehenhaltung-3d-flips-headless-modus-one-key-start-geschenkspielzeug-fuer-jungen-un\/\"]}]},{\"@type\":\"ImageObject\",\"inLanguage\":\"de\",\"@id\":\"https:\/\/easyliferobo.com\/de\/product\/holy-stone-hs210-mini-drohne-fuer-kinder-anfaenger-rc-quadcopter-mit-3-batterien-lange-flugzeit-automatische-hoehenhaltung-3d-flips-headless-modus-one-key-start-geschenkspielzeug-fuer-jungen-un\/#primaryimage\",\"url\":\"https:\/\/easyliferobo.com\/de\/wp-content\/uploads\/2026\/02\/71yRO2ocZL._AC_SL1500_.jpg\",\"contentUrl\":\"https:\/\/easyliferobo.com\/de\/wp-content\/uploads\/2026\/02\/71yRO2ocZL._AC_SL1500_.jpg\",\"width\":1471,\"height\":1341},{\"@type\":\"BreadcrumbList\",\"@id\":\"https:\/\/easyliferobo.com\/de\/product\/holy-stone-hs210-mini-drohne-fuer-kinder-anfaenger-rc-quadcopter-mit-3-batterien-lange-flugzeit-automatische-hoehenhaltung-3d-flips-headless-modus-one-key-start-geschenkspielzeug-fuer-jungen-un\/#breadcrumb\",\"itemListElement\":[{\"@type\":\"ListItem\",\"position\":1,\"name\":\"Home\",\"item\":\"https:\/\/easyliferobo.com\/de\/\"},{\"@type\":\"ListItem\",\"position\":2,\"name\":\"Shop\",\"item\":\"https:\/\/easyliferobo.com\/de\/shop\/\"},{\"@type\":\"ListItem\",\"position\":3,\"name\":\"Holy Stone HS210 Mini-Drohne f\u00fcr Kinder-Anf\u00e4nger, RC-Quadcopter mit 3 Batterien, lange Flugzeit, automatische H\u00f6henhaltung, 3D-Flips, Headless-Modus, One-Key-Start, Geschenkspielzeug f\u00fcr Jungen und M\u00e4dchen, Rot,\"}]},{\"@type\":\"WebSite\",\"@id\":\"https:\/\/easyliferobo.com\/de\/#website\",\"url\":\"https:\/\/easyliferobo.com\/de\/\",\"name\":\"EasyLifeBro\",\"description\":\"Smarte Roboter f\u00fcr Zuhause, Garten &amp; Bildung\",\"publisher\":{\"@id\":\"https:\/\/easyliferobo.com\/de\/#organization\"},\"potentialAction\":[{\"@type\":\"SearchAction\",\"target\":{\"@type\":\"EntryPoint\",\"urlTemplate\":\"https:\/\/easyliferobo.com\/de\/?s={search_term_string}\"},\"query-input\":{\"@type\":\"PropertyValueSpecification\",\"valueRequired\":true,\"valueName\":\"search_term_string\"}}],\"inLanguage\":\"de\"},{\"@type\":\"Organization\",\"@id\":\"https:\/\/easyliferobo.com\/de\/#organization\",\"name\":\"EasyLifeBro\",\"url\":\"https:\/\/easyliferobo.com\/de\/\",\"logo\":{\"@type\":\"ImageObject\",\"inLanguage\":\"de\",\"@id\":\"https:\/\/easyliferobo.com\/de\/#\/schema\/logo\/image\/\",\"url\":\"https:\/\/easyliferobo.com\/de\/wp-content\/uploads\/2026\/02\/Screenshot-2026-02-22-at-2.25.03-PM.png\",\"contentUrl\":\"https:\/\/easyliferobo.com\/de\/wp-content\/uploads\/2026\/02\/Screenshot-2026-02-22-at-2.25.03-PM.png\",\"width\":1858,\"height\":430,\"caption\":\"EasyLifeBro\"},\"image\":{\"@id\":\"https:\/\/easyliferobo.com\/de\/#\/schema\/logo\/image\/\"}}]}<\/script>\n<!-- \/ Yoast SEO plugin. -->","yoast_head_json":{"title":"Holy Stone HS210 Mini-Drohne f\u00fcr Kinder-Anf\u00e4nger, RC-Quadcopter mit 3 Batterien, lange Flugzeit, automatische H\u00f6henhaltung, 3D-Flips, Headless-Modus, One-Key-Start, Geschenkspielzeug f\u00fcr Jungen und M\u00e4dchen, Rot, - EasyLifeBro","description":"Entdecken Sie smarte Roboter f\u00fcr Zuhause, Garten, Bildung und Sicherheit. Vergleichen Sie Saugroboter, Rasenm\u00e4hroboter, KI-Begleitroboter und mehr bei EasyLifeRobo.","robots":{"index":"index","follow":"follow","max-snippet":"max-snippet:-1","max-image-preview":"max-image-preview:large","max-video-preview":"max-video-preview:-1"},"canonical":"https:\/\/easyliferobo.com\/de\/product\/holy-stone-hs210-mini-drohne-fuer-kinder-anfaenger-rc-quadcopter-mit-3-batterien-lange-flugzeit-automatische-hoehenhaltung-3d-flips-headless-modus-one-key-start-geschenkspielzeug-fuer-jungen-un\/","og_locale":"de_DE","og_type":"article","og_title":"Holy Stone HS210 Mini-Drohne f\u00fcr Kinder-Anf\u00e4nger, RC-Quadcopter mit 3 Batterien, lange Flugzeit, automatische H\u00f6henhaltung, 3D-Flips, Headless-Modus, One-Key-Start, Geschenkspielzeug f\u00fcr Jungen und M\u00e4dchen, Rot, - EasyLifeBro","og_description":"Entdecken Sie smarte Roboter f\u00fcr Zuhause, Garten, Bildung und Sicherheit. Vergleichen Sie Saugroboter, Rasenm\u00e4hroboter, KI-Begleitroboter und mehr bei EasyLifeRobo.","og_url":"https:\/\/easyliferobo.com\/de\/product\/holy-stone-hs210-mini-drohne-fuer-kinder-anfaenger-rc-quadcopter-mit-3-batterien-lange-flugzeit-automatische-hoehenhaltung-3d-flips-headless-modus-one-key-start-geschenkspielzeug-fuer-jungen-un\/","og_site_name":"EasyLifeBro","article_modified_time":"2026-02-22T20:09:00+00:00","og_image":[{"width":1471,"height":1341,"url":"https:\/\/easyliferobo.com\/de\/wp-content\/uploads\/2026\/02\/71yRO2ocZL._AC_SL1500_.jpg","type":"image\/jpeg"}],"twitter_card":"summary_large_image","twitter_misc":{"Gesch\u00e4tzte Lesezeit":"2\u00a0Minuten"},"schema":{"@context":"https:\/\/schema.org","@graph":[{"@type":"WebPage","@id":"https:\/\/easyliferobo.com\/de\/product\/holy-stone-hs210-mini-drohne-fuer-kinder-anfaenger-rc-quadcopter-mit-3-batterien-lange-flugzeit-automatische-hoehenhaltung-3d-flips-headless-modus-one-key-start-geschenkspielzeug-fuer-jungen-un\/","url":"https:\/\/easyliferobo.com\/de\/product\/holy-stone-hs210-mini-drohne-fuer-kinder-anfaenger-rc-quadcopter-mit-3-batterien-lange-flugzeit-automatische-hoehenhaltung-3d-flips-headless-modus-one-key-start-geschenkspielzeug-fuer-jungen-un\/","name":"Holy Stone HS210 Mini-Drohne f\u00fcr Kinder-Anf\u00e4nger, RC-Quadcopter mit 3 Batterien, lange Flugzeit, automatische H\u00f6henhaltung, 3D-Flips, Headless-Modus, One-Key-Start, Geschenkspielzeug f\u00fcr Jungen und M\u00e4dchen, Rot, - EasyLifeBro","isPartOf":{"@id":"https:\/\/easyliferobo.com\/de\/#website"},"primaryImageOfPage":{"@id":"https:\/\/easyliferobo.com\/de\/product\/holy-stone-hs210-mini-drohne-fuer-kinder-anfaenger-rc-quadcopter-mit-3-batterien-lange-flugzeit-automatische-hoehenhaltung-3d-flips-headless-modus-one-key-start-geschenkspielzeug-fuer-jungen-un\/#primaryimage"},"image":{"@id":"https:\/\/easyliferobo.com\/de\/product\/holy-stone-hs210-mini-drohne-fuer-kinder-anfaenger-rc-quadcopter-mit-3-batterien-lange-flugzeit-automatische-hoehenhaltung-3d-flips-headless-modus-one-key-start-geschenkspielzeug-fuer-jungen-un\/#primaryimage"},"thumbnailUrl":"https:\/\/easyliferobo.com\/de\/wp-content\/uploads\/2026\/02\/71yRO2ocZL._AC_SL1500_.jpg","datePublished":"2026-02-22T20:08:42+00:00","dateModified":"2026-02-22T20:09:00+00:00","description":"Entdecken Sie smarte Roboter f\u00fcr Zuhause, Garten, Bildung und Sicherheit. Vergleichen Sie Saugroboter, Rasenm\u00e4hroboter, KI-Begleitroboter und mehr bei EasyLifeRobo.","breadcrumb":{"@id":"https:\/\/easyliferobo.com\/de\/product\/holy-stone-hs210-mini-drohne-fuer-kinder-anfaenger-rc-quadcopter-mit-3-batterien-lange-flugzeit-automatische-hoehenhaltung-3d-flips-headless-modus-one-key-start-geschenkspielzeug-fuer-jungen-un\/#breadcrumb"},"inLanguage":"de","potentialAction":[{"@type":"ReadAction","target":["https:\/\/easyliferobo.com\/de\/product\/holy-stone-hs210-mini-drohne-fuer-kinder-anfaenger-rc-quadcopter-mit-3-batterien-lange-flugzeit-automatische-hoehenhaltung-3d-flips-headless-modus-one-key-start-geschenkspielzeug-fuer-jungen-un\/"]}]},{"@type":"ImageObject","inLanguage":"de","@id":"https:\/\/easyliferobo.com\/de\/product\/holy-stone-hs210-mini-drohne-fuer-kinder-anfaenger-rc-quadcopter-mit-3-batterien-lange-flugzeit-automatische-hoehenhaltung-3d-flips-headless-modus-one-key-start-geschenkspielzeug-fuer-jungen-un\/#primaryimage","url":"https:\/\/easyliferobo.com\/de\/wp-content\/uploads\/2026\/02\/71yRO2ocZL._AC_SL1500_.jpg","contentUrl":"https:\/\/easyliferobo.com\/de\/wp-content\/uploads\/2026\/02\/71yRO2ocZL._AC_SL1500_.jpg","width":1471,"height":1341},{"@type":"BreadcrumbList","@id":"https:\/\/easyliferobo.com\/de\/product\/holy-stone-hs210-mini-drohne-fuer-kinder-anfaenger-rc-quadcopter-mit-3-batterien-lange-flugzeit-automatische-hoehenhaltung-3d-flips-headless-modus-one-key-start-geschenkspielzeug-fuer-jungen-un\/#breadcrumb","itemListElement":[{"@type":"ListItem","position":1,"name":"Home","item":"https:\/\/easyliferobo.com\/de\/"},{"@type":"ListItem","position":2,"name":"Shop","item":"https:\/\/easyliferobo.com\/de\/shop\/"},{"@type":"ListItem","position":3,"name":"Holy Stone HS210 Mini-Drohne f\u00fcr Kinder-Anf\u00e4nger, RC-Quadcopter mit 3 Batterien, lange Flugzeit, automatische H\u00f6henhaltung, 3D-Flips, Headless-Modus, One-Key-Start, Geschenkspielzeug f\u00fcr Jungen und M\u00e4dchen, Rot,"}]},{"@type":"WebSite","@id":"https:\/\/easyliferobo.com\/de\/#website","url":"https:\/\/easyliferobo.com\/de\/","name":"EasyLifeBro","description":"Smarte Roboter f\u00fcr Zuhause, Garten &amp; Bildung","publisher":{"@id":"https:\/\/easyliferobo.com\/de\/#organization"},"potentialAction":[{"@type":"SearchAction","target":{"@type":"EntryPoint","urlTemplate":"https:\/\/easyliferobo.com\/de\/?s={search_term_string}"},"query-input":{"@type":"PropertyValueSpecification","valueRequired":true,"valueName":"search_term_string"}}],"inLanguage":"de"},{"@type":"Organization","@id":"https:\/\/easyliferobo.com\/de\/#organization","name":"EasyLifeBro","url":"https:\/\/easyliferobo.com\/de\/","logo":{"@type":"ImageObject","inLanguage":"de","@id":"https:\/\/easyliferobo.com\/de\/#\/schema\/logo\/image\/","url":"https:\/\/easyliferobo.com\/de\/wp-content\/uploads\/2026\/02\/Screenshot-2026-02-22-at-2.25.03-PM.png","contentUrl":"https:\/\/easyliferobo.com\/de\/wp-content\/uploads\/2026\/02\/Screenshot-2026-02-22-at-2.25.03-PM.png","width":1858,"height":430,"caption":"EasyLifeBro"},"image":{"@id":"https:\/\/easyliferobo.com\/de\/#\/schema\/logo\/image\/"}}]}},"_links":{"self":[{"href":"https:\/\/easyliferobo.com\/de\/wp-json\/wp\/v2\/product\/1310","targetHints":{"allow":["GET"]}}],"collection":[{"href":"https:\/\/easyliferobo.com\/de\/wp-json\/wp\/v2\/product"}],"about":[{"href":"https:\/\/easyliferobo.com\/de\/wp-json\/wp\/v2\/types\/product"}],"replies":[{"embeddable":true,"href":"https:\/\/easyliferobo.com\/de\/wp-json\/wp\/v2\/comments?post=1310"}],"wp:featuredmedia":[{"embeddable":true,"href":"https:\/\/easyliferobo.com\/de\/wp-json\/wp\/v2\/media\/1311"}],"wp:attachment":[{"href":"https:\/\/easyliferobo.com\/de\/wp-json\/wp\/v2\/media?parent=1310"}],"wp:term":[{"taxonomy":"store","embeddable":true,"href":"https:\/\/easyliferobo.com\/de\/wp-json\/wp\/v2\/store?post=1310"},{"taxonomy":"product_brand","embeddable":true,"href":"https:\/\/easyliferobo.com\/de\/wp-json\/wp\/v2\/product_brand?post=1310"},{"taxonomy":"product_cat","embeddable":true,"href":"https:\/\/easyliferobo.com\/de\/wp-json\/wp\/v2\/product_cat?post=1310"},{"taxonomy":"product_tag","embeddable":true,"href":"https:\/\/easyliferobo.com\/de\/wp-json\/wp\/v2\/product_tag?post=1310"}],"curies":[{"name":"wp","href":"https:\/\/api.w.org\/{rel}","templated":true}]}}