
{"id":1289,"date":"2026-02-22T20:07:38","date_gmt":"2026-02-22T20:07:38","guid":{"rendered":"https:\/\/easyliferobo.com\/de\/product\/xiaomi-roboterstaubsauger\/"},"modified":"2026-02-22T20:08:20","modified_gmt":"2026-02-22T20:08:20","slug":"xiaomi-roboterstaubsauger","status":"publish","type":"product","link":"https:\/\/easyliferobo.com\/de\/product\/xiaomi-roboterstaubsauger\/","title":{"rendered":"Xiaomi Roboterstaubsauger"},"content":{"rendered":"<p>\n                                             Von der Marke   <\/p>\n<p>                                              <img decoding=\"async\" alt=\"Aplus-Inhaltsbild\" src=\"https:\/\/images-na.ssl-images-amazon.com\/images\/G\/01\/x-locale\/common\/grey-pixel.gif\" class=\"a-lazy-loaded\" data-src=\"https:\/\/m.media-amazon.com\/images\/S\/aplus-media-library-service-media\/a7df2ac1-89ce-4ada-8799-be5f10dd9c9e.__CR0,0,1464,625_PT0_SX1464_V1___.jpg\"><img decoding=\"async\" alt=\"Aplus-Inhaltsbild\" src=\"https:\/\/m.media-amazon.com\/images\/S\/aplus-media-library-service-media\/a7df2ac1-89ce-4ada-8799-be5f10dd9c9e.__CR0,0,1464,625_PT0_SX1464_V1___.jpg\">  <\/p>\n<h3>  Roboterstaubsauger mit Wischfunktion <\/h3>\n<p>                                              <img decoding=\"async\" alt=\"\" src=\"https:\/\/images-na.ssl-images-amazon.com\/images\/G\/01\/x-locale\/common\/grey-pixel.gif\" class=\"a-lazy-loaded\" data-src=\"https:\/\/m.media-amazon.com\/images\/S\/aplus-media-library-service-media\/930ded20-ea1c-4693-86e5-02ed95509dad.__CR0,0,315,145_PT0_SX315_V1___.jpg\"><img decoding=\"async\" alt=\"\" src=\"https:\/\/m.media-amazon.com\/images\/S\/aplus-media-library-service-media\/930ded20-ea1c-4693-86e5-02ed95509dad.__CR0,0,315,145_PT0_SX315_V1___.jpg\">  <\/p>\n<h3>  Xiaomi \u2013 Innovation f\u00fcr alle <\/h3>\n<p>  Wir glauben, dass hochwertige Technologie f\u00fcr jeden erschwinglich sein sollte. Unsere smarten und stylischen Produkte \u2013 vom Smartphone bis zum Smart Home \u2013 sind eng vernetzt und machen Ihr Leben smarter. <\/p>\n<p>                                              <img decoding=\"async\" alt=\"Wei\u00dfer zylindrischer Roboterstaubsauger aus mehreren Blickwinkeln vor wei\u00dfem Hintergrund, der sein schlankes Profil und sein modernes Design zur Geltung bringt.\" src=\"https:\/\/images-na.ssl-images-amazon.com\/images\/G\/01\/x-locale\/common\/grey-pixel.gif\" class=\"a-lazy-loaded\" data-src=\"https:\/\/m.media-amazon.com\/images\/S\/aplus-media-library-service-media\/73e8cdbd-d810-4b76-a60e-34d4155c18c8.__CR0,0,362,453_PT0_SX362_V1___.jpg\"><img decoding=\"async\" alt=\"Wei\u00dfer zylindrischer Roboterstaubsauger aus mehreren Blickwinkeln vor wei\u00dfem Hintergrund, der sein schlankes Profil und sein modernes Design zur Geltung bringt.\" src=\"https:\/\/m.media-amazon.com\/images\/S\/aplus-media-library-service-media\/73e8cdbd-d810-4b76-a60e-34d4155c18c8.__CR0,0,362,453_PT0_SX362_V1___.jpg\">  <\/p>\n<p>                                              <img decoding=\"async\" alt=\"Aplus-Inhaltsbild\" src=\"https:\/\/images-na.ssl-images-amazon.com\/images\/G\/01\/x-locale\/common\/grey-pixel.gif\" class=\"a-lazy-loaded\" data-src=\"https:\/\/m.media-amazon.com\/images\/S\/aplus-media-library-service-media\/bcccc482-b74a-4654-8a1c-741a15c357be.__CR0,0,362,453_PT0_SX362_V1___.jpg\"><img decoding=\"async\" alt=\"Aplus-Inhaltsbild\" src=\"https:\/\/m.media-amazon.com\/images\/S\/aplus-media-library-service-media\/bcccc482-b74a-4654-8a1c-741a15c357be.__CR0,0,362,453_PT0_SX362_V1___.jpg\">  <\/p>\n<p>                                                         Was macht unser Produkt einzigartig?                                       <\/p>\n<p> 1. Unschlagbares Preis-Leistungs-Verh\u00e4ltnis <\/p>\n<p>  2-Intelligentes \u00d6kosystem <\/p>\n<p>  3 Co-Creation mit Benutzern <\/p>\n<p>                                                         Warum lieben wir, was wir tun?                                       <\/p>\n<p> 1-Unsere Mission <\/p>\n<p>  2-Ingenieur-Kultur <\/p>\n<p>                                                         K\u00f6nnen unsere Waren nachhaltig produziert werden?                                       <\/p>\n<p> 1. Umweltengagement: Xiaomi setzt sich f\u00fcr Nachhaltigkeit ein. <\/p>\n<p>  2-Konkrete Ma\u00dfnahmen <\/p>\n<p>All-in-One-Basisstation mit Hochtemperaturautomatik zum Moppwaschen und schnellen Hei\u00dflufttrocknen. Mit der verbesserten All-in-One-Basisstation k\u00f6nnen die Wischpads automatisch in etwa 55 Grad C hei\u00dfem Wasser gewaschen werden<br \/>Mit der auf 8000 Pa gesteigerten maximalen Saugleistung saugt er effizient Staubpartikel, Haare und feine R\u00fcckst\u00e4nde vom Boden auf, bew\u00e4ltigt schwer zu reinigende Stellen wie Bodenfugen und tiefen Schmutz im Teppich m\u00fchelos und entfernt den Schmutz gr\u00fcndlich f\u00fcr eine umfassende Reinigung<br \/>Durch die Echtzeit-Kantenerkennung f\u00e4hrt der Mopp automatisch aus und reinigt effektiv, wenn er auf Hindernisse wie W\u00e4nde und Tischbeine trifft. So wird eine effiziente Reinigung bis auf Millimeterebene gew\u00e4hrleistet<br \/>Anti-Tangle-B\u00fcrste mit Haarschneidefunktion, effizient und leicht zu reinigen, Anti-Tangle-Haarschneidetechnologie, kein Verfangen von Fell oder Haaren, die automatische Haarschneideb\u00fcrste kann w\u00e4hrend der Reinigung Haare und gleichzeitig Haare und Schmutz schneiden<br \/>Ausgestattet mit einem 120-Grad-Weitwinkel-Strukturlichtsensor und einem Kantensensor kann der Roboterstaubsauger dank Weitwinkelerkennung niedrige Hindernisse erkennen, reinigt nah an Kanten mit einer Sensorgenauigkeit im Millimeterbereich und bew\u00e4ltigt m\u00fchelos kleine Ecken, ohne h\u00e4ngen zu bleiben oder von Kanten abzufallen<\/p>\n<p>[ad_2]<\/p>\n","protected":false},"excerpt":{"rendered":"<p>Von der Marke Roboterstaubsauger mit Wischfunktion Xiaomi \u2013 Innovation f\u00fcr alle Wir glauben, dass hochwertige Technologie f\u00fcr jeden erschwinglich sein sollte. Unsere smarten und stylischen Produkte \u2013 vom Smartphone bis zum Smart Home \u2013 sind eng vernetzt und machen Ihr Leben smarter. Was macht unser Produkt einzigartig? 1. Unschlagbares Preis-Leistungs-Verh\u00e4ltnis 2-Intelligentes \u00d6kosystem 3 Co-Creation mit [&hellip;]<\/p>\n","protected":false},"featured_media":1290,"comment_status":"open","ping_status":"closed","template":"","meta":{"_aipt_faq_data":""},"store":[],"product_brand":[201],"product_cat":[106],"product_tag":[266],"class_list":{"0":"post-1289","1":"product","2":"type-product","3":"status-publish","4":"has-post-thumbnail","6":"product_brand-xiaomi","7":"product_cat-autonome-mobile-roboter","8":"product_tag-autonome-mobile-roboter-sensorik","10":"first","11":"instock","12":"sale","13":"shipping-taxable","14":"product-type-external"},"yoast_head":"<!-- This site is optimized with the Yoast SEO plugin v27.4 - https:\/\/yoast.com\/product\/yoast-seo-wordpress\/ -->\n<title>Xiaomi Roboterstaubsauger - EasyLifeBro<\/title>\n<meta name=\"description\" content=\"Entdecken Sie smarte Roboter f\u00fcr Zuhause, Garten, Bildung und Sicherheit. Vergleichen Sie Saugroboter, Rasenm\u00e4hroboter, KI-Begleitroboter und mehr bei EasyLifeRobo.\" \/>\n<meta name=\"robots\" content=\"index, follow, max-snippet:-1, max-image-preview:large, max-video-preview:-1\" \/>\n<link rel=\"canonical\" href=\"https:\/\/easyliferobo.com\/de\/product\/xiaomi-roboterstaubsauger\/\" \/>\n<meta property=\"og:locale\" content=\"de_DE\" \/>\n<meta property=\"og:type\" content=\"article\" \/>\n<meta property=\"og:title\" content=\"Xiaomi Roboterstaubsauger - EasyLifeBro\" \/>\n<meta property=\"og:description\" content=\"Entdecken Sie smarte Roboter f\u00fcr Zuhause, Garten, Bildung und Sicherheit. Vergleichen Sie Saugroboter, Rasenm\u00e4hroboter, KI-Begleitroboter und mehr bei EasyLifeRobo.\" \/>\n<meta property=\"og:url\" content=\"https:\/\/easyliferobo.com\/de\/product\/xiaomi-roboterstaubsauger\/\" \/>\n<meta property=\"og:site_name\" content=\"EasyLifeBro\" \/>\n<meta property=\"article:modified_time\" content=\"2026-02-22T20:08:20+00:00\" \/>\n<meta property=\"og:image\" content=\"https:\/\/easyliferobo.com\/de\/wp-content\/uploads\/2026\/02\/61ZI3VJ4h-L._AC_SL1500_.jpg\" \/>\n\t<meta property=\"og:image:width\" content=\"1348\" \/>\n\t<meta property=\"og:image:height\" content=\"1348\" \/>\n\t<meta property=\"og:image:type\" content=\"image\/jpeg\" \/>\n<meta name=\"twitter:card\" content=\"summary_large_image\" \/>\n<meta name=\"twitter:label1\" content=\"Gesch\u00e4tzte Lesezeit\" \/>\n\t<meta name=\"twitter:data1\" content=\"1\u00a0Minute\" \/>\n<script type=\"application\/ld+json\" class=\"yoast-schema-graph\">{\"@context\":\"https:\\\/\\\/schema.org\",\"@graph\":[{\"@type\":\"WebPage\",\"@id\":\"https:\\\/\\\/easyliferobo.com\\\/de\\\/product\\\/xiaomi-roboterstaubsauger\\\/\",\"url\":\"https:\\\/\\\/easyliferobo.com\\\/de\\\/product\\\/xiaomi-roboterstaubsauger\\\/\",\"name\":\"Xiaomi Roboterstaubsauger - EasyLifeBro\",\"isPartOf\":{\"@id\":\"https:\\\/\\\/easyliferobo.com\\\/de\\\/#website\"},\"primaryImageOfPage\":{\"@id\":\"https:\\\/\\\/easyliferobo.com\\\/de\\\/product\\\/xiaomi-roboterstaubsauger\\\/#primaryimage\"},\"image\":{\"@id\":\"https:\\\/\\\/easyliferobo.com\\\/de\\\/product\\\/xiaomi-roboterstaubsauger\\\/#primaryimage\"},\"thumbnailUrl\":\"https:\\\/\\\/easyliferobo.com\\\/de\\\/wp-content\\\/uploads\\\/2026\\\/02\\\/61ZI3VJ4h-L._AC_SL1500_.jpg\",\"datePublished\":\"2026-02-22T20:07:38+00:00\",\"dateModified\":\"2026-02-22T20:08:20+00:00\",\"description\":\"Entdecken Sie smarte Roboter f\u00fcr Zuhause, Garten, Bildung und Sicherheit. Vergleichen Sie Saugroboter, Rasenm\u00e4hroboter, KI-Begleitroboter und mehr bei EasyLifeRobo.\",\"breadcrumb\":{\"@id\":\"https:\\\/\\\/easyliferobo.com\\\/de\\\/product\\\/xiaomi-roboterstaubsauger\\\/#breadcrumb\"},\"inLanguage\":\"de\",\"potentialAction\":[{\"@type\":\"ReadAction\",\"target\":[\"https:\\\/\\\/easyliferobo.com\\\/de\\\/product\\\/xiaomi-roboterstaubsauger\\\/\"]}]},{\"@type\":\"ImageObject\",\"inLanguage\":\"de\",\"@id\":\"https:\\\/\\\/easyliferobo.com\\\/de\\\/product\\\/xiaomi-roboterstaubsauger\\\/#primaryimage\",\"url\":\"https:\\\/\\\/easyliferobo.com\\\/de\\\/wp-content\\\/uploads\\\/2026\\\/02\\\/61ZI3VJ4h-L._AC_SL1500_.jpg\",\"contentUrl\":\"https:\\\/\\\/easyliferobo.com\\\/de\\\/wp-content\\\/uploads\\\/2026\\\/02\\\/61ZI3VJ4h-L._AC_SL1500_.jpg\",\"width\":1348,\"height\":1348},{\"@type\":\"BreadcrumbList\",\"@id\":\"https:\\\/\\\/easyliferobo.com\\\/de\\\/product\\\/xiaomi-roboterstaubsauger\\\/#breadcrumb\",\"itemListElement\":[{\"@type\":\"ListItem\",\"position\":1,\"name\":\"Home\",\"item\":\"https:\\\/\\\/easyliferobo.com\\\/de\\\/\"},{\"@type\":\"ListItem\",\"position\":2,\"name\":\"Shop\",\"item\":\"https:\\\/\\\/easyliferobo.com\\\/de\\\/shop\\\/\"},{\"@type\":\"ListItem\",\"position\":3,\"name\":\"Xiaomi Roboterstaubsauger\"}]},{\"@type\":\"WebSite\",\"@id\":\"https:\\\/\\\/easyliferobo.com\\\/de\\\/#website\",\"url\":\"https:\\\/\\\/easyliferobo.com\\\/de\\\/\",\"name\":\"EasyLifeBro\",\"description\":\"Smarte Roboter f\u00fcr Zuhause, Garten &amp; Bildung\",\"publisher\":{\"@id\":\"https:\\\/\\\/easyliferobo.com\\\/de\\\/#organization\"},\"potentialAction\":[{\"@type\":\"SearchAction\",\"target\":{\"@type\":\"EntryPoint\",\"urlTemplate\":\"https:\\\/\\\/easyliferobo.com\\\/de\\\/?s={search_term_string}\"},\"query-input\":{\"@type\":\"PropertyValueSpecification\",\"valueRequired\":true,\"valueName\":\"search_term_string\"}}],\"inLanguage\":\"de\"},{\"@type\":\"Organization\",\"@id\":\"https:\\\/\\\/easyliferobo.com\\\/de\\\/#organization\",\"name\":\"EasyLifeBro\",\"url\":\"https:\\\/\\\/easyliferobo.com\\\/de\\\/\",\"logo\":{\"@type\":\"ImageObject\",\"inLanguage\":\"de\",\"@id\":\"https:\\\/\\\/easyliferobo.com\\\/de\\\/#\\\/schema\\\/logo\\\/image\\\/\",\"url\":\"https:\\\/\\\/easyliferobo.com\\\/de\\\/wp-content\\\/uploads\\\/2026\\\/02\\\/Screenshot-2026-02-22-at-2.25.03-PM.png\",\"contentUrl\":\"https:\\\/\\\/easyliferobo.com\\\/de\\\/wp-content\\\/uploads\\\/2026\\\/02\\\/Screenshot-2026-02-22-at-2.25.03-PM.png\",\"width\":1858,\"height\":430,\"caption\":\"EasyLifeBro\"},\"image\":{\"@id\":\"https:\\\/\\\/easyliferobo.com\\\/de\\\/#\\\/schema\\\/logo\\\/image\\\/\"}}]}<\/script>\n<!-- \/ Yoast SEO plugin. -->","yoast_head_json":{"title":"Xiaomi Roboterstaubsauger - EasyLifeBro","description":"Entdecken Sie smarte Roboter f\u00fcr Zuhause, Garten, Bildung und Sicherheit. Vergleichen Sie Saugroboter, Rasenm\u00e4hroboter, KI-Begleitroboter und mehr bei EasyLifeRobo.","robots":{"index":"index","follow":"follow","max-snippet":"max-snippet:-1","max-image-preview":"max-image-preview:large","max-video-preview":"max-video-preview:-1"},"canonical":"https:\/\/easyliferobo.com\/de\/product\/xiaomi-roboterstaubsauger\/","og_locale":"de_DE","og_type":"article","og_title":"Xiaomi Roboterstaubsauger - EasyLifeBro","og_description":"Entdecken Sie smarte Roboter f\u00fcr Zuhause, Garten, Bildung und Sicherheit. Vergleichen Sie Saugroboter, Rasenm\u00e4hroboter, KI-Begleitroboter und mehr bei EasyLifeRobo.","og_url":"https:\/\/easyliferobo.com\/de\/product\/xiaomi-roboterstaubsauger\/","og_site_name":"EasyLifeBro","article_modified_time":"2026-02-22T20:08:20+00:00","og_image":[{"width":1348,"height":1348,"url":"https:\/\/easyliferobo.com\/de\/wp-content\/uploads\/2026\/02\/61ZI3VJ4h-L._AC_SL1500_.jpg","type":"image\/jpeg"}],"twitter_card":"summary_large_image","twitter_misc":{"Gesch\u00e4tzte Lesezeit":"1\u00a0Minute"},"schema":{"@context":"https:\/\/schema.org","@graph":[{"@type":"WebPage","@id":"https:\/\/easyliferobo.com\/de\/product\/xiaomi-roboterstaubsauger\/","url":"https:\/\/easyliferobo.com\/de\/product\/xiaomi-roboterstaubsauger\/","name":"Xiaomi Roboterstaubsauger - EasyLifeBro","isPartOf":{"@id":"https:\/\/easyliferobo.com\/de\/#website"},"primaryImageOfPage":{"@id":"https:\/\/easyliferobo.com\/de\/product\/xiaomi-roboterstaubsauger\/#primaryimage"},"image":{"@id":"https:\/\/easyliferobo.com\/de\/product\/xiaomi-roboterstaubsauger\/#primaryimage"},"thumbnailUrl":"https:\/\/easyliferobo.com\/de\/wp-content\/uploads\/2026\/02\/61ZI3VJ4h-L._AC_SL1500_.jpg","datePublished":"2026-02-22T20:07:38+00:00","dateModified":"2026-02-22T20:08:20+00:00","description":"Entdecken Sie smarte Roboter f\u00fcr Zuhause, Garten, Bildung und Sicherheit. Vergleichen Sie Saugroboter, Rasenm\u00e4hroboter, KI-Begleitroboter und mehr bei EasyLifeRobo.","breadcrumb":{"@id":"https:\/\/easyliferobo.com\/de\/product\/xiaomi-roboterstaubsauger\/#breadcrumb"},"inLanguage":"de","potentialAction":[{"@type":"ReadAction","target":["https:\/\/easyliferobo.com\/de\/product\/xiaomi-roboterstaubsauger\/"]}]},{"@type":"ImageObject","inLanguage":"de","@id":"https:\/\/easyliferobo.com\/de\/product\/xiaomi-roboterstaubsauger\/#primaryimage","url":"https:\/\/easyliferobo.com\/de\/wp-content\/uploads\/2026\/02\/61ZI3VJ4h-L._AC_SL1500_.jpg","contentUrl":"https:\/\/easyliferobo.com\/de\/wp-content\/uploads\/2026\/02\/61ZI3VJ4h-L._AC_SL1500_.jpg","width":1348,"height":1348},{"@type":"BreadcrumbList","@id":"https:\/\/easyliferobo.com\/de\/product\/xiaomi-roboterstaubsauger\/#breadcrumb","itemListElement":[{"@type":"ListItem","position":1,"name":"Home","item":"https:\/\/easyliferobo.com\/de\/"},{"@type":"ListItem","position":2,"name":"Shop","item":"https:\/\/easyliferobo.com\/de\/shop\/"},{"@type":"ListItem","position":3,"name":"Xiaomi Roboterstaubsauger"}]},{"@type":"WebSite","@id":"https:\/\/easyliferobo.com\/de\/#website","url":"https:\/\/easyliferobo.com\/de\/","name":"EasyLifeBro","description":"Smarte Roboter f\u00fcr Zuhause, Garten &amp; Bildung","publisher":{"@id":"https:\/\/easyliferobo.com\/de\/#organization"},"potentialAction":[{"@type":"SearchAction","target":{"@type":"EntryPoint","urlTemplate":"https:\/\/easyliferobo.com\/de\/?s={search_term_string}"},"query-input":{"@type":"PropertyValueSpecification","valueRequired":true,"valueName":"search_term_string"}}],"inLanguage":"de"},{"@type":"Organization","@id":"https:\/\/easyliferobo.com\/de\/#organization","name":"EasyLifeBro","url":"https:\/\/easyliferobo.com\/de\/","logo":{"@type":"ImageObject","inLanguage":"de","@id":"https:\/\/easyliferobo.com\/de\/#\/schema\/logo\/image\/","url":"https:\/\/easyliferobo.com\/de\/wp-content\/uploads\/2026\/02\/Screenshot-2026-02-22-at-2.25.03-PM.png","contentUrl":"https:\/\/easyliferobo.com\/de\/wp-content\/uploads\/2026\/02\/Screenshot-2026-02-22-at-2.25.03-PM.png","width":1858,"height":430,"caption":"EasyLifeBro"},"image":{"@id":"https:\/\/easyliferobo.com\/de\/#\/schema\/logo\/image\/"}}]}},"_links":{"self":[{"href":"https:\/\/easyliferobo.com\/de\/wp-json\/wp\/v2\/product\/1289","targetHints":{"allow":["GET"]}}],"collection":[{"href":"https:\/\/easyliferobo.com\/de\/wp-json\/wp\/v2\/product"}],"about":[{"href":"https:\/\/easyliferobo.com\/de\/wp-json\/wp\/v2\/types\/product"}],"replies":[{"embeddable":true,"href":"https:\/\/easyliferobo.com\/de\/wp-json\/wp\/v2\/comments?post=1289"}],"wp:featuredmedia":[{"embeddable":true,"href":"https:\/\/easyliferobo.com\/de\/wp-json\/wp\/v2\/media\/1290"}],"wp:attachment":[{"href":"https:\/\/easyliferobo.com\/de\/wp-json\/wp\/v2\/media?parent=1289"}],"wp:term":[{"taxonomy":"store","embeddable":true,"href":"https:\/\/easyliferobo.com\/de\/wp-json\/wp\/v2\/store?post=1289"},{"taxonomy":"product_brand","embeddable":true,"href":"https:\/\/easyliferobo.com\/de\/wp-json\/wp\/v2\/product_brand?post=1289"},{"taxonomy":"product_cat","embeddable":true,"href":"https:\/\/easyliferobo.com\/de\/wp-json\/wp\/v2\/product_cat?post=1289"},{"taxonomy":"product_tag","embeddable":true,"href":"https:\/\/easyliferobo.com\/de\/wp-json\/wp\/v2\/product_tag?post=1289"}],"curies":[{"name":"wp","href":"https:\/\/api.w.org\/{rel}","templated":true}]}}